{"id":18517,"date":"2024-10-28T05:11:07","date_gmt":"2024-10-28T05:11:07","guid":{"rendered":"https:\/\/meterny.com\/?page_id=18517"},"modified":"2025-01-24T13:28:14","modified_gmt":"2025-01-24T13:28:14","slug":"why-aluminum-and-wpc-panels","status":"publish","type":"page","link":"https:\/\/meterny.com\/de\/why-aluminum-and-wpc-panels\/","title":{"rendered":"FAQ"},"content":{"rendered":"<h2 class=\"wp-block-heading has-text-align-center\">Meterny\u00ae H\u00e4ufig gestellte Fragen<\/h2>\n\n\n\n<p>Dies ist die Seite mit den Meterny-Schnellfragen und -Antworten, die Ihnen bei Ihren Meterny-Fragen helfen kann. Wenn die Fragen, die Sie stellen m\u00f6chten, nicht abgedeckt sind, k\u00f6nnen Sie uns eine Nachricht schicken!<\/p>\n\n\n\n<h3 class=\"wp-block-heading\">Warum Meterny Aluminium- und WPC-Produkte hat<\/h3>\n\n\n\n<p>Das Hauptgesch\u00e4ft des Inhabers von Meterny ist der Betrieb der <a href=\"https:\/\/meterny.com\/de\/products\/\">Wand- und Deckenpaneele aus Aluminium<\/a> Neben der Hauptfabrik f\u00fcr Aluminiumplatten hat das Designteam von Metreny auch eine eigene patentierte <a href=\"https:\/\/meterny.com\/de\/produkt-kategorie\/aluminum-pergola-gazebo\/\">Aluminium-Pergolen<\/a>. Dar\u00fcber hinaus kann der Eigent\u00fcmer auch in andere Branchen investieren, unter anderem in die Automobilindustrie, <a href=\"https:\/\/meterny.com\/de\/produkt-kategorie\/wpc-wall\/\">WPC (Holz-Kunststoff-Verbundstoff)<\/a> als eine neue Art von umweltfreundlichen Materialien ist aufgrund seiner hervorragenden physikalischen Eigenschaften, seiner Umwelteigenschaften und seiner vielf\u00e4ltigen Anwendungsm\u00f6glichkeiten zum Investitionsobjekt des Eigent\u00fcmers geworden. Durch Investitionen in verschiedene Branchen kann Meterny die Erweiterung und Integration der Industriekette erreichen, die industrielle Aufwertung und Umwandlung f\u00f6rdern und dem Unternehmen mehr Entwicklungsraum und -potenzial bieten. Diese Investitionsstrategie tr\u00e4gt nicht nur dazu bei, die Marktnachfrage zu befriedigen und das Markenimage zu verbessern, sondern f\u00f6rdert auch die industrielle Aufwertung und Umwandlung und bietet dem Unternehmen gr\u00f6\u00dfere Entwicklungsm\u00f6glichkeiten.<\/p>\n\n\n\n<h3 class=\"wp-block-heading\">Kann ich die Probe bekommen?<\/h3>\n\n\n\n<p>Aber sicher! Wir k\u00f6nnen Ihnen kostenlose Proben, aber Sie m\u00fcssen die Versandkosten zu zahlen. Proben werden in der Regel per Luft versandt und nehmen etwa 3-5 Tage zu arrive.if Sie eine Probe von Aluminium-Wand-Panel ben\u00f6tigen und Sie haben eine bestimmte Form Anforderung, k\u00f6nnen wir mehr detais \u00fcber die ma\u00dfgeschneiderte sample.if Sie Proben von WPC-Produkte ben\u00f6tigen, sagen Sie mir einfach die Gr\u00f6\u00dfe!&nbsp;<\/p>\n\n\n\n<h3 class=\"wp-block-heading\">Wie lange dauert die Herstellung des Produkts\uff1f<\/h3>\n\n\n\n<p>Die Menge des Aluminium-Wandpaneels h\u00e4ngt vom Produktionszyklus ab, sowie Aluminium-Wandpaneel m\u00fcssen in der Regel den Stil und die Farbe anpassen, relativ gesehen, ist die Produktionszeit relativ lang, etwa 30-45 Tage, wenn Sie in Eile sind, um die Ware zu bekommen, k\u00f6nnen wir die Anordnung Ihrer Bestellung zu beschleunigen! \u00dcber die Pergola, kann es 15-20 Tage dauern, um die Aluminium-Pergola zu produzieren! Und \u00fcber die WPC-Produkte, die Produktionszeit von WPC-Produkten h\u00e4ngt auch von der Menge, im Vergleich mit Aluminium-Wand-Panel, ist die Produktionszeit von WPC-Produkten k\u00fcrzer, etwa 20-30 Tage.<\/p>\n\n\n\n<p>F\u00fcr die Eilauftr\u00e4ge, kann es schneller als unten machen:<\/p>\n\n\n\n<p>Die Lieferzeit f\u00fcr Aluminiumrohre betr\u00e4gt etwa 15 Tage nach Bestellung.<\/p>\n\n\n\n<p>Die Lieferzeit f\u00fcr Aluminiumrohre betr\u00e4gt etwa 15 Tage nach Bestellung.<\/p>\n\n\n\n<p>Die Lieferzeit f\u00fcr WPC-Platten betr\u00e4gt etwa 15-20 Tage nach Bestellung.<\/p>\n\n\n\n<div class=\"wp-block-cover alignfull\"><span aria-hidden=\"true\" class=\"wp-block-cover__background has-background-dim\" style=\"background-color:#827c78\"><\/span><img loading=\"lazy\" decoding=\"async\" width=\"1920\" height=\"600\" class=\"wp-block-cover__image-background wp-image-21071\" alt=\"Meterny ist ein erfahrener Hersteller von Aluminiumpaneelen in Foshan, China.\" src=\"https:\/\/meterny.com\/wp-content\/uploads\/2025\/01\/Aluminum-panel-banner-2.jpg\" data-object-fit=\"cover\" srcset=\"https:\/\/meterny.com\/wp-content\/uploads\/2025\/01\/Aluminum-panel-banner-2.jpg 1920w, https:\/\/meterny.com\/wp-content\/uploads\/2025\/01\/Aluminum-panel-banner-2-300x94.jpg 300w, https:\/\/meterny.com\/wp-content\/uploads\/2025\/01\/Aluminum-panel-banner-2-1024x320.jpg 1024w, https:\/\/meterny.com\/wp-content\/uploads\/2025\/01\/Aluminum-panel-banner-2-768x240.jpg 768w, https:\/\/meterny.com\/wp-content\/uploads\/2025\/01\/Aluminum-panel-banner-2-1536x480.jpg 1536w, https:\/\/meterny.com\/wp-content\/uploads\/2025\/01\/Aluminum-panel-banner-2-600x188.jpg 600w\" sizes=\"auto, (max-width: 1920px) 100vw, 1920px\" \/><div class=\"wp-block-cover__inner-container is-layout-constrained wp-block-cover-is-layout-constrained\">\n<p class=\"has-text-align-center has-large-font-size\"> Unsere Aluminium-Fassadenproduktionslinie<\/p>\n\n\n\n<p class=\"has-text-align-center\">Premium-Aluminium-Laserschnitt-Technologie, Falzmaschinen, erfahrenes Schwei\u00dfen und effiziente Qualit\u00e4tskontrolle der in China hergestellten Paneele<\/p>\n<\/div><\/div>\n\n\n\n<h3 class=\"wp-block-heading\">In wie vielen Tagen wird das Produkt eintreffen?<\/h3>\n\n\n\n<p>Meterny ist ein Hersteller mit Sitz in Foshan, China. Der n\u00e4chste Hafen in der N\u00e4he ist Shenzhen oder Guangzhou, die arout 1-3 Stunden zu erreichen sind. F\u00fcr sehen Versandzeit von Hafen zu Hafen, es h\u00e4ngt von dem Land Abstand. Im Allgemeinen betr\u00e4gt die Zeit zwischen 20 und 50 Tagen, abh\u00e4ngig von den H\u00e4fen in den verschiedenen L\u00e4ndern.<\/p>\n\n\n\n<h3 class=\"wp-block-heading\">Wie kann ich installieren?<\/h3>\n\n\n\n<p>Unsere Paneele sind so konzipiert, dass sie leicht zu installieren sind.&nbsp;<\/p>\n\n\n\n<p>F\u00fcr Aluplatten haben wir an Aluplatten vorgefertigte Halterungen f\u00fcr Schrauben zum Anbohren.<\/p>\n\n\n\n<p>Bei WPC-Terrassendielen gibt es an den Paneelen Fugen, an denen die Befestigungselemente befestigt werden k\u00f6nnen.<\/p>\n\n\n\n<p>Die WPC-Wand-\/Deckenpaneele sind so konstruiert, dass sie miteinander verbunden werden k\u00f6nnen und mit Schrauben an den Balken\/Boden befestigt werden k\u00f6nnen.<\/p>\n\n\n\n<p>Wenn Sie die Ware erhalten, k\u00f6nnen wir Ihnen Installations-Tutorials und Installations-Video, wenn Sie brauchen, bieten wir One-on-one-Service, wir auchocan haben ein Video-Anruf, um Ihnen beizubringen, unsere Produkte zu installieren!<\/p>\n\n\n\n<div class=\"wp-block-uagb-buttons uagb-buttons__outer-wrap uagb-btn__large-btn uagb-btn-tablet__default-btn uagb-btn-mobile__default-btn uagb-block-abc10d69\"><div class=\"uagb-buttons__wrap uagb-buttons-layout-wrap\">\n<div class=\"wp-block-uagb-buttons-child uagb-buttons__outer-wrap uagb-block-672991d1 wp-block-button\"><div class=\"uagb-button__wrapper\"><a class=\"uagb-buttons-repeater wp-block-button__link\" aria-label=\"\" href=\"https:\/\/meterny.com\/de\/products\/\" rel=\"follow noopener\" target=\"_self\" role=\"button\"><div class=\"uagb-button__link\">Die Produkte sehen<\/div><span class=\"uagb-button__icon uagb-button__icon-position-after\"><svg xmlns=\"https:\/\/www.w3.org\/2000\/svg\" viewbox=\"0 0 448 512\" aria-hidden=\"true\" focussable=\"false\"><path d=\"M438.6 278.6l-160 160C272.4 444.9 264.2 448 256 448s-16.38-3.125-22.62-9.375c-12.5-12.5-12.5-32.75 0-45.25L338.8 288H32C14.33 288 .0016 273.7 .0016 256S14.33 224 32 224h306.8l-105.4-105.4c-12.5-12.5-12.5-32.75 0-45.25s32.75-12.5 45.25 0l160 160C451.1 245.9 451.1 266.1 438.6 278.6z\"><\/path><\/svg><\/span><\/a><\/div><\/div>\n\n\n\n<div class=\"wp-block-uagb-buttons-child uagb-buttons__outer-wrap uagb-block-a0d2037d wp-block-button\"><div class=\"uagb-button__wrapper\"><a class=\"uagb-buttons-repeater wp-block-button__link\" aria-label=\"\" href=\"https:\/\/api.whatsapp.com\/send\/?phone=8618566054354&amp;text=Hi, bitte z\u00f6gern Sie nicht, uns Ihre Anfrage mitzuteilen\" rel=\"follow noopener\" target=\"_self\" role=\"button\"><div class=\"uagb-button__link\">Senden Sie uns hier eine Nachricht<\/div><span class=\"uagb-button__icon uagb-button__icon-position-after\"><svg xmlns=\"https:\/\/www.w3.org\/2000\/svg\" viewbox=\"0 0 448 512\" aria-hidden=\"true\" focussable=\"false\"><path d=\"M438.6 278.6l-160 160C272.4 444.9 264.2 448 256 448s-16.38-3.125-22.62-9.375c-12.5-12.5-12.5-32.75 0-45.25L338.8 288H32C14.33 288 .0016 273.7 .0016 256S14.33 224 32 224h306.8l-105.4-105.4c-12.5-12.5-12.5-32.75 0-45.25s32.75-12.5 45.25 0l160 160C451.1 245.9 451.1 266.1 438.6 278.6z\"><\/path><\/svg><\/span><\/a><\/div><\/div>\n<\/div><\/div>\n\n\n\n<p><\/p>","protected":false},"excerpt":{"rendered":"<p>Meterny\u00ae H\u00e4ufig gestellte Fragen Dies ist die Seite mit den Meterny-Kurzfragen und -Antworten, die Ihnen bei der Verwendung von Meterny helfen kann [...]<\/p>","protected":false},"author":6,"featured_media":0,"parent":0,"menu_order":0,"comment_status":"closed","ping_status":"closed","template":"","meta":{"_uag_custom_page_level_css":"","site-sidebar-layout":"no-sidebar","site-content-layout":"","ast-site-content-layout":"normal-width-container","site-content-style":"default","site-sidebar-style":"default","ast-global-header-display":"","ast-banner-title-visibility":"","ast-main-header-display":"","ast-hfb-above-header-display":"","ast-hfb-below-header-display":"","ast-hfb-mobile-header-display":"","site-post-title":"disabled","ast-breadcrumbs-content":"","ast-featured-img":"","footer-sml-layout":"","theme-transparent-header-meta":"","adv-header-id-meta":"","stick-header-meta":"","header-above-stick-meta":"","header-main-stick-meta":"","header-below-stick-meta":"","astra-migrate-meta-layouts":"default","ast-page-background-enabled":"default","ast-page-background-meta":{"desktop":{"background-color":"var(--ast-global-color-4)","background-image":"","background-repeat":"repeat","background-position":"center center","background-size":"auto","background-attachment":"scroll","background-type":"","background-media":"","overlay-type":"","overlay-color":"","overlay-opacity":"","overlay-gradient":""},"tablet":{"background-color":"","background-image":"","background-repeat":"repeat","background-position":"center center","background-size":"auto","background-attachment":"scroll","background-type":"","background-media":"","overlay-type":"","overlay-color":"","overlay-opacity":"","overlay-gradient":""},"mobile":{"background-color":"","background-image":"","background-repeat":"repeat","background-position":"center center","background-size":"auto","background-attachment":"scroll","background-type":"","background-media":"","overlay-type":"","overlay-color":"","overlay-opacity":"","overlay-gradient":""}},"ast-content-background-meta":{"desktop":{"background-color":"var(--ast-global-color-5)","background-image":"","background-repeat":"repeat","background-position":"center center","background-size":"auto","background-attachment":"scroll","background-type":"","background-media":"","overlay-type":"","overlay-color":"","overlay-opacity":"","overlay-gradient":""},"tablet":{"background-color":"var(--ast-global-color-5)","background-image":"","background-repeat":"repeat","background-position":"center center","background-size":"auto","background-attachment":"scroll","background-type":"","background-media":"","overlay-type":"","overlay-color":"","overlay-opacity":"","overlay-gradient":""},"mobile":{"background-color":"var(--ast-global-color-5)","background-image":"","background-repeat":"repeat","background-position":"center center","background-size":"auto","background-attachment":"scroll","background-type":"","background-media":"","overlay-type":"","overlay-color":"","overlay-opacity":"","overlay-gradient":""}},"footnotes":""},"class_list":["post-18517","page","type-page","status-publish","hentry"],"uagb_featured_image_src":{"full":false,"thumbnail":false,"medium":false,"medium_large":false,"large":false,"1536x1536":false,"2048x2048":false,"trp-custom-language-flag":false,"woocommerce_thumbnail":false,"woocommerce_single":false,"woocommerce_gallery_thumbnail":false},"uagb_author_info":{"display_name":"meterny","author_link":"https:\/\/meterny.com\/de\/author\/meterny\/"},"uagb_comment_info":0,"uagb_excerpt":"Meterny\u00ae Frequently Asked Questions This is the Meterny quick questions and answers page that may help you with your Meterny [&hellip;]","_links":{"self":[{"href":"https:\/\/meterny.com\/de\/wp-json\/wp\/v2\/pages\/18517","targetHints":{"allow":["GET"]}}],"collection":[{"href":"https:\/\/meterny.com\/de\/wp-json\/wp\/v2\/pages"}],"about":[{"href":"https:\/\/meterny.com\/de\/wp-json\/wp\/v2\/types\/page"}],"author":[{"embeddable":true,"href":"https:\/\/meterny.com\/de\/wp-json\/wp\/v2\/users\/6"}],"replies":[{"embeddable":true,"href":"https:\/\/meterny.com\/de\/wp-json\/wp\/v2\/comments?post=18517"}],"version-history":[{"count":0,"href":"https:\/\/meterny.com\/de\/wp-json\/wp\/v2\/pages\/18517\/revisions"}],"wp:attachment":[{"href":"https:\/\/meterny.com\/de\/wp-json\/wp\/v2\/media?parent=18517"}],"curies":[{"name":"wp","href":"https:\/\/api.w.org\/{rel}","templated":true}]}}