{"id":16372,"date":"2024-04-22T08:47:11","date_gmt":"2024-04-22T08:47:11","guid":{"rendered":"https:\/\/meterny.com\/?post_type=product&#038;p=16372"},"modified":"2025-01-15T13:15:51","modified_gmt":"2025-01-15T13:15:51","slug":"interior-decor-wpc-wall-cladding-panel","status":"publish","type":"product","link":"https:\/\/meterny.com\/de\/produkt\/interior-decor-wpc-wall-cladding-panel\/","title":{"rendered":"Indor Premium WPC Holz-Kunststoff-Verbundplatten f\u00fcr moderne R\u00e4ume | Metery Indoor Wpc Wall"},"content":{"rendered":"<div class=\"elementor-element elementor-element-c0e1d42 elementor-widget elementor-widget-heading\" data-id=\"c0e1d42\" data-element_type=\"widget\" data-widget_type=\"heading.default\">\n<div class=\"elementor-widget-container\">\n<h2 class=\"elementor-heading-title elementor-size-default\" style=\"text-align: center;\">WPC-Innendekoration WPC-Wandverkleidungsplatte<\/h2>\n<\/div>\n<\/div>\n<div class=\"elementor-element elementor-element-1f676da elementor-widget elementor-widget-heading\" data-id=\"1f676da\" data-element_type=\"widget\" data-widget_type=\"heading.default\">\n<h2 class=\"elementor-widget-container\" style=\"text-align: center;\">Spezifikation<\/h2>\n<p><strong>Modell<\/strong>: METE227H25<br \/>\n<strong>Typ<\/strong>: Inneneinrichtung WPC-Wandverkleidungsplatte<br \/>\n<strong>Gr\u00f6\u00dfe<\/strong>: 227\u00d725mm<\/p>\n<p><strong>Oberfl\u00e4che<\/strong>: Gerade K\u00f6rner<br \/>\n<strong>L\u00e4nge<\/strong>2.9m oder kundenspezifisch<br \/>\n<strong>Material<\/strong>: Holz-Kunststoff-Verbundstoff<br \/>\n<strong>Produkt-Technologie<\/strong>: \u00d6ko-Extrusion<\/p>\n<figure id=\"attachment_17349\" aria-describedby=\"caption-attachment-17349\" style=\"width: 1024px\" class=\"wp-caption alignnone\"><img loading=\"lazy\" decoding=\"async\" class=\"wp-image-17349\" src=\"https:\/\/meterny.com\/wp-content\/uploads\/2024\/04\/70-2.png\" alt=\"Inneneinrichtung WPC-Wandverkleidungsplatte\" width=\"1024\" height=\"1024\" srcset=\"https:\/\/meterny.com\/wp-content\/uploads\/2024\/04\/70-2.png 564w, https:\/\/meterny.com\/wp-content\/uploads\/2024\/04\/70-2-300x300.png 300w, https:\/\/meterny.com\/wp-content\/uploads\/2024\/04\/70-2-150x150.png 150w, https:\/\/meterny.com\/wp-content\/uploads\/2024\/04\/70-2-100x100.png 100w\" sizes=\"auto, (max-width: 1024px) 100vw, 1024px\" \/><figcaption id=\"caption-attachment-17349\" class=\"wp-caption-text\">Stilvoll entspannen mit WPC-Wandpaneelen f\u00fcr Lounge-R\u00e4ume<\/figcaption><\/figure>\n<p id=\"\"><strong>Produktname<\/strong>: Inneneinrichtung WPC-Wandverkleidungsplatte<\/p>\n<p id=\"\"><strong>Material<\/strong>: Holz-Kunststoff-Verbundstoff (WPC)<\/p>\n<p id=\"\"><strong>Abmessungen<\/strong>: Verschiedene Gr\u00f6\u00dfen verf\u00fcgbar (anpassbar)<\/p>\n<p id=\"\"><strong>Dicke<\/strong>: 23\/25\/28mm usw.)<\/p>\n<p id=\"\"><strong>Farben und Oberfl\u00e4chen<\/strong>: Gro\u00dfe Auswahl an Farben, Texturen und Oberfl\u00e4chen, die zu jedem Einrichtungsstil passen<\/p>\n<p id=\"\"><strong>Einrichtung<\/strong>: Einfache DIY-Installation oder professionelle Installation m\u00f6glich<\/p>\n<p id=\"\"><strong>Verwendung<\/strong>: Geeignet f\u00fcr Innenw\u00e4nde, Decken und Trennw\u00e4nde in Wohn-, Gesch\u00e4fts- und Industriebereichen<\/p>\n<hr \/>\n<p id=\"\"><strong>Produktmerkmale<\/strong>:<\/p>\n<ol>\n<li><strong>Langlebigkeit und St\u00e4rke<\/strong>:\n<ul>\n<li>Hergestellt aus hochwertigem WPC-Material, das die nat\u00fcrliche Sch\u00f6nheit von Holz mit der Haltbarkeit von Kunststoff verbindet.<\/li>\n<li>Widerstandsf\u00e4hig gegen Feuchtigkeit, F\u00e4ulnis, Verrottung und Sch\u00e4dlingsbefall.<\/li>\n<li>Langlebig und haltbar, mit einer Lebensdauer von \u00fcber 60 Jahren.<\/li>\n<\/ul>\n<\/li>\n<li><strong>\u00c4sthetische Anziehungskraft<\/strong>:\n<ul>\n<li>Erh\u00e4ltlich in einer breiten Palette von Farben, Texturen und Oberfl\u00e4chen, die zu jedem Einrichtungsstil passen.<\/li>\n<li>Verleiht Ihrem Raum ein modernes, schlichtes oder rustikales Aussehen, je nachdem, was Sie bevorzugen.<\/li>\n<li>Verbessert die Gesamt\u00e4sthetik Ihres Hauses oder B\u00fcros.<\/li>\n<\/ul>\n<\/li>\n<li><strong>Einfache Installation<\/strong>:\n<ul>\n<li>Das geringe Gewicht und die einfache Handhabung machen die Installation zu einem Kinderspiel.<\/li>\n<li>L\u00e4sst sich leicht zuschneiden und in Form bringen, damit es in jeden Raum passt.<\/li>\n<li>Die Installation kann entweder selbst vorgenommen werden, wobei klare Anweisungen mitgeliefert werden, oder Sie k\u00f6nnen sich f\u00fcr eine professionelle Installation entscheiden.<\/li>\n<\/ul>\n<\/li>\n<li><strong>Geringe Wartung<\/strong>:\n<ul>\n<li>Best\u00e4ndig gegen \u00d6l, Flecken und Kratzer.<\/li>\n<li>Leicht mit einem feuchten Tuch zu reinigen.<\/li>\n<li>Regelm\u00e4\u00dfiges Streichen oder Beizen entf\u00e4llt, wodurch Sie Zeit und M\u00fche sparen.<\/li>\n<\/ul>\n<\/li>\n<li><strong>Umweltschonend<\/strong>:\n<ul>\n<li>Hergestellt aus recycelten Materialien, wodurch der Verbrauch nat\u00fcrlicher Ressourcen reduziert wird.<\/li>\n<li>Umweltfreundlich und nachhaltig, ein Beitrag zu einer gr\u00fcneren Umwelt.<\/li>\n<\/ul>\n<\/li>\n<\/ol>\n<hr \/>\n<p id=\"\"><strong>Anwendungen<\/strong>:<\/p>\n<ul>\n<li><strong>Wohnen<\/strong>: Ideal f\u00fcr Wohnzimmer, Schlafzimmer, K\u00fcchen, B\u00e4der und andere Innenr\u00e4ume.<\/li>\n<li><strong>Kommerziell<\/strong>: Geeignet f\u00fcr B\u00fcros, Restaurants, Hotels, Einzelhandelsgesch\u00e4fte und andere gewerbliche Einrichtungen.<\/li>\n<li><strong>Industriell<\/strong>: Ideal f\u00fcr Lagerh\u00e4user, Fabriken und andere industrielle Umgebungen.<\/li>\n<\/ul>\n<hr \/>\n<p id=\"\"><strong>Anpassungsoptionen<\/strong>:<\/p>\n<ul>\n<li><strong>Gr\u00f6\u00dfe<\/strong>: Anpassbare Gr\u00f6\u00dfen f\u00fcr jeden Raum.<\/li>\n<li><strong>Farbe &amp; Ausf\u00fchrung<\/strong>: W\u00e4hlen Sie aus einer breiten Palette von Farben, Texturen und Oberfl\u00e4chen, die zu Ihrer Inneneinrichtung passen.<\/li>\n<li><strong>Schneiden und Gestalten<\/strong>: Kann leicht geschnitten und geformt werden, um Ihren spezifischen Bed\u00fcrfnissen zu entsprechen.<\/li>\n<\/ul>\n<hr \/>\n<p id=\"\"><strong>Einbauanleitung<\/strong>:<\/p>\n<ol>\n<li><strong>Vorbereitung<\/strong>: Vergewissern Sie sich, dass die Oberfl\u00e4che sauber, trocken und frei von Verschmutzungen ist.<\/li>\n<li><strong>Messung<\/strong>: Messen Sie die Fl\u00e4che aus, auf der die Platten angebracht werden sollen, und schneiden Sie die Platten auf die gew\u00fcnschte Gr\u00f6\u00dfe zu.<\/li>\n<li><strong>Einrichtung<\/strong>: Bringen Sie Kleber auf oder verwenden Sie Schrauben\/N\u00e4gel, um die Platten an der Wand zu befestigen. Befolgen Sie die mitgelieferten Installationsanweisungen, um eine nahtlose Installation zu gew\u00e4hrleisten.<\/li>\n<li><strong>Fertigstellung<\/strong>: Schneiden Sie \u00fcbersch\u00fcssiges Material ab und genie\u00dfen Sie Ihre neue Inneneinrichtung WPC-Wandverkleidungsplatte.<\/li>\n<\/ol>\n<h3>Wenn Sie mehr Details wissen wollen, klicken Sie bitte auf diesen Link zu youtube:<a href=\"https:\/\/youtu.be\/-raUFt_4f7Y\" target=\"_blank\" rel=\"noopener\">https:\/\/youtu.be\/-raUFt_4f7Y<\/a><\/h3>\n<p>&nbsp;<\/p>\n<h3>Galerie<\/h3>\n<p>Inneneinrichtung WPC-Wandverkleidungsplatte<\/p>\n<figure id=\"attachment_17346\" aria-describedby=\"caption-attachment-17346\" style=\"width: 1024px\" class=\"wp-caption alignnone\"><img loading=\"lazy\" decoding=\"async\" class=\"wp-image-17346\" src=\"https:\/\/meterny.com\/wp-content\/uploads\/2024\/04\/27-1.jpg\" alt=\"Interieur Holz-Kunststoff-Verbundstoff Wpc-Wandplatte\" width=\"1024\" height=\"1024\" srcset=\"https:\/\/meterny.com\/wp-content\/uploads\/2024\/04\/27-1.jpg 533w, https:\/\/meterny.com\/wp-content\/uploads\/2024\/04\/27-1-300x300.jpg 300w, https:\/\/meterny.com\/wp-content\/uploads\/2024\/04\/27-1-150x150.jpg 150w, https:\/\/meterny.com\/wp-content\/uploads\/2024\/04\/27-1-100x100.jpg 100w\" sizes=\"auto, (max-width: 1024px) 100vw, 1024px\" \/><figcaption id=\"caption-attachment-17346\" class=\"wp-caption-text\">Bringen Sie Eleganz und Funktionalit\u00e4t in Ihr Wohnzimmer mit WPC-Paneelen<\/figcaption><\/figure>\n<p>Inneneinrichtung WPC-Wandverkleidungsplatte<\/p>\n<figure id=\"attachment_17370\" aria-describedby=\"caption-attachment-17370\" style=\"width: 1024px\" class=\"wp-caption alignnone\"><img loading=\"lazy\" decoding=\"async\" class=\"wp-image-17370\" src=\"https:\/\/meterny.com\/wp-content\/uploads\/2024\/04\/32-2.jpg\" alt=\"Akustische WPC-Wandpaneele f\u00fcr Medienr\u00e4ume\" width=\"1024\" height=\"1024\" srcset=\"https:\/\/meterny.com\/wp-content\/uploads\/2024\/04\/32-2.jpg 640w, https:\/\/meterny.com\/wp-content\/uploads\/2024\/04\/32-2-300x300.jpg 300w, https:\/\/meterny.com\/wp-content\/uploads\/2024\/04\/32-2-150x150.jpg 150w, https:\/\/meterny.com\/wp-content\/uploads\/2024\/04\/32-2-600x600.jpg 600w, https:\/\/meterny.com\/wp-content\/uploads\/2024\/04\/32-2-100x100.jpg 100w\" sizes=\"auto, (max-width: 1024px) 100vw, 1024px\" \/><figcaption id=\"caption-attachment-17370\" class=\"wp-caption-text\">Aufwertung Ihres Medienraums mit akustischen WPC-Wandpaneelen<\/figcaption><\/figure>\n<\/div>\n<div class=\"elementor-element elementor-element-1f676da elementor-widget elementor-widget-heading\" data-id=\"1f676da\" data-element_type=\"widget\" data-widget_type=\"heading.default\">\n<p><strong>WPC-Wandverkleidungsplatte <\/strong>WPC-Dekor-Wandverkleidungen f\u00fcr Innenr\u00e4ume<\/p>\n<figure id=\"attachment_17371\" aria-describedby=\"caption-attachment-17371\" style=\"width: 1024px\" class=\"wp-caption alignnone\"><img loading=\"lazy\" decoding=\"async\" class=\"wp-image-17371\" src=\"https:\/\/meterny.com\/wp-content\/uploads\/2024\/04\/40-3.jpg\" alt=\"WPC-Wandplatte f\u00fcr Kinderzimmer\" width=\"1024\" height=\"1024\" srcset=\"https:\/\/meterny.com\/wp-content\/uploads\/2024\/04\/40-3.jpg 474w, https:\/\/meterny.com\/wp-content\/uploads\/2024\/04\/40-3-300x300.jpg 300w, https:\/\/meterny.com\/wp-content\/uploads\/2024\/04\/40-3-150x150.jpg 150w, https:\/\/meterny.com\/wp-content\/uploads\/2024\/04\/40-3-100x100.jpg 100w\" sizes=\"auto, (max-width: 1024px) 100vw, 1024px\" \/><figcaption id=\"caption-attachment-17371\" class=\"wp-caption-text\">Sichere und langlebige WPC-Wandpaneele f\u00fcr Kinderzimmer<\/figcaption><\/figure>\n<h3><strong>Farbe und Oberfl\u00e4che<\/strong><\/h3>\n<p>Unsere WPC-Wandverkleidungsplatte METE227H25 f\u00fcr den Innenbereich zeichnet sich durch eine glatte, geradlinige Oberfl\u00e4che aus, die jedem Bereich eine raffinierte Struktur verleiht.<\/p>\n<p>Mit ihren anpassbaren Farben, Abmessungen und Formen bieten diese Paneele eine au\u00dfergew\u00f6hnliche Flexibilit\u00e4t, die es Ihnen erm\u00f6glicht, Ihrer Kreativit\u00e4t sowohl bei Innen- als auch bei Au\u00dfengestaltungsprojekten freien Lauf zu lassen.<\/p>\n<p>Die \u00d6ko-Extrusionstechnologie sorgt daf\u00fcr, dass jede Interior Decor WPC-Wandverkleidungsplatte nicht nur gut aussieht, sondern auch zu einem nachhaltigen Lebensumfeld beitr\u00e4gt.<\/p>\n<h3>Farben Optionen<\/h3>\n<p>Meterny METE Serie Inneneinrichtung WPC Wandverkleidungsplatte Karte<\/p>\n<figure id=\"attachment_20293\" aria-describedby=\"caption-attachment-20293\" style=\"width: 1024px\" class=\"wp-caption alignnone\"><img loading=\"lazy\" decoding=\"async\" class=\"wp-image-20293\" src=\"https:\/\/meterny.com\/wp-content\/uploads\/2024\/10\/METE-Series-Colour-151.png\" alt=\"Meterny WPC-Zaun Farboptionen\" width=\"1024\" height=\"1024\" srcset=\"https:\/\/meterny.com\/wp-content\/uploads\/2024\/10\/METE-Series-Colour-151.png 900w, https:\/\/meterny.com\/wp-content\/uploads\/2024\/10\/METE-Series-Colour-151-300x300.png 300w, https:\/\/meterny.com\/wp-content\/uploads\/2024\/10\/METE-Series-Colour-151-150x150.png 150w, https:\/\/meterny.com\/wp-content\/uploads\/2024\/10\/METE-Series-Colour-151-768x768.png 768w, https:\/\/meterny.com\/wp-content\/uploads\/2024\/10\/METE-Series-Colour-151-600x600.png 600w, https:\/\/meterny.com\/wp-content\/uploads\/2024\/10\/METE-Series-Colour-151-100x100.png 100w\" sizes=\"auto, (max-width: 1024px) 100vw, 1024px\" \/><figcaption id=\"caption-attachment-20293\" class=\"wp-caption-text\">Entdecken Sie Meterny WPC-Zaun - Neun atemberaubende Farboptionen f\u00fcr jeden Stil<\/figcaption><\/figure>\n<h3><strong>Warum sollten Sie sich f\u00fcr WPC-Wandverkleidungsplatten entscheiden?<\/strong><\/h3>\n<p id=\"\">WPC-Wandverkleidungsplatten (Wood Plastic Composite) sind aus einer Vielzahl von Gr\u00fcnden eine ausgezeichnete Wahl f\u00fcr die Inneneinrichtung. Hier sind einige der wichtigsten Vorteile, die WPC-Wandverkleidungsplatten zu einer herausragenden Option f\u00fcr Ihre Inneneinrichtung machen:<\/p>\n<ol>\n<li><strong>Dauerhaftigkeit und Langlebigkeit<\/strong>:\n<ul>\n<li>WPC-Wandverkleidungsplatten sind \u00e4u\u00dferst langlebig und halten den Belastungen des Alltags stand. Sie sind resistent gegen Feuchtigkeit, F\u00e4ulnis, Verrottung und Insektenbefall, so dass sie ihr Aussehen und ihre Funktionalit\u00e4t \u00fcber Jahre hinweg beibehalten.<\/li>\n<\/ul>\n<\/li>\n<li><strong>\u00c4sthetische Anziehungskraft<\/strong>:\n<ul>\n<li>Mit einer gro\u00dfen Auswahl an Farben, Strukturen und Oberfl\u00e4chen k\u00f6nnen WPC-Wandverkleidungsplatten jedem Innenraum einen Hauch von Eleganz und Raffinesse verleihen. Ganz gleich, ob Sie einen modernen, eleganten Look oder ein eher rustikales, traditionelles Gef\u00fchl suchen, WPC-Paneele k\u00f6nnen Ihren Stilvorlieben gerecht werden.<\/li>\n<\/ul>\n<\/li>\n<li><strong>Einfacher Einbau<\/strong>:\n<ul>\n<li>Die Montage von WPC-Wandverkleidungsplatten ist ein Kinderspiel. Sie sind leicht und einfach zu handhaben, so dass die Selbstmontage f\u00fcr viele Hausbesitzer eine machbare Option ist. In der Regel werden klare Montageanleitungen mitgeliefert, und wer m\u00f6chte, kann auch einen professionellen Montageservice in Anspruch nehmen.<\/li>\n<\/ul>\n<\/li>\n<li><strong>Geringe Wartung<\/strong>:\n<ul>\n<li>Im Gegensatz zu traditionellem Holz oder anderen Materialien ben\u00f6tigen WPC-Wandverkleidungsplatten nur minimale Pflege. Sie sind resistent gegen \u00d6l, Flecken und Kratzer und lassen sich leicht mit einem feuchten Tuch reinigen. Das bedeutet, dass Sie Ihre sch\u00f6ne Wandverkleidung genie\u00dfen k\u00f6nnen, ohne sich um die st\u00e4ndige Pflege k\u00fcmmern zu m\u00fcssen.<\/li>\n<\/ul>\n<\/li>\n<li><strong>Vorteile f\u00fcr die Umwelt<\/strong>:\n<ul>\n<li>WPC-Wandverkleidungsplatten werden aus recycelten Materialien hergestellt und sind daher eine umweltfreundliche Wahl. Wenn Sie sich f\u00fcr WPC-Platten entscheiden, leisten Sie einen Beitrag zur Abfallvermeidung und zur Erhaltung der nat\u00fcrlichen Ressourcen.<\/li>\n<\/ul>\n<\/li>\n<li><strong>Vielseitigkeit<\/strong>:\n<ul>\n<li>WPC-Wandverkleidungsplatten sind vielseitig und k\u00f6nnen in einer Vielzahl von Umgebungen verwendet werden, einschlie\u00dflich Wohn-, Gewerbe- und Industrier\u00e4umen. Sie eignen sich f\u00fcr Wohn- und Schlafzimmer, K\u00fcchen, B\u00e4der, B\u00fcros, Restaurants, Hotels und vieles mehr.<\/li>\n<\/ul>\n<\/li>\n<li><strong>Kosteng\u00fcnstig<\/strong>:\n<ul>\n<li>Die Erstinvestition in WPC-Wandverkleidungsplatten mag zwar etwas h\u00f6her sein als die einiger traditioneller Materialien, aber ihre Langlebigkeit und ihr geringer Wartungsaufwand machen sie langfristig zu einer kosteneffizienten Wahl. Sie sparen Geld f\u00fcr Reparaturen und Erneuerungen und k\u00f6nnen sich jahrelang an einem sch\u00f6nen Innenraum erfreuen.<\/li>\n<\/ul>\n<\/li>\n<\/ol>\n<p id=\"\">Zusammenfassend l\u00e4sst sich sagen, dass Interior Decor WPC-Wandverkleidungspaneele eine Kombination aus Langlebigkeit, \u00c4sthetik, einfacher Installation, geringem Wartungsaufwand, Umweltfreundlichkeit, Vielseitigkeit und Kosteneffizienz bieten. Diese Paneele sind eine ausgezeichnete Wahl f\u00fcr alle, die das Aussehen und die Atmosph\u00e4re ihrer Innenr\u00e4ume verbessern und gleichzeitig die Vorteile eines hochwertigen, umweltfreundlichen Produkts genie\u00dfen m\u00f6chten.<\/p>\n<\/div>","protected":false},"excerpt":{"rendered":"<p>Entdecken Sie die perfekte Mischung aus Stil und Funktionalit\u00e4t mit den hochwertigen Holz-Kunststoff-Verbundplatten von Meterny. Ganz gleich, ob Sie Ihr Haus, Ihr B\u00fcro oder Ihre Gewerbeimmobilie renovieren m\u00f6chten, unsere Platten bieten eine unvergleichliche Haltbarkeit und \u00c4sthetik.<\/p>\n<p>Unsere aus hochwertigen Materialien gefertigten Holz-Kunststoff-Verbundplatten sind so konzipiert, dass sie den Strapazen des t\u00e4glichen Gebrauchs standhalten und gleichzeitig \u00fcber Jahre hinweg ihr makelloses Aussehen behalten. Au\u00dferdem k\u00f6nnen Sie aus einer Vielzahl von Farben, Texturen und Oberfl\u00e4chen w\u00e4hlen und so Ihren Raum ganz einfach an Ihren einzigartigen Stil und Ihre Vorstellungen anpassen.<\/p>\n<p>Aber es geht nicht nur um das Aussehen - unsere Paneele sind auch umweltfreundlich und nachhaltig. Sie werden aus recycelten Materialien hergestellt und so konzipiert, dass sie die Umwelt m\u00f6glichst wenig belasten. So k\u00f6nnen Sie sch\u00f6ne W\u00e4nde genie\u00dfen und gleichzeitig Ihren \u00f6kologischen Fu\u00dfabdruck verringern.<\/p>\n<p>Werten Sie Ihre Einrichtung mit den Holz-Kunststoff-Verbundplatten von Meterny auf. Entdecken Sie noch heute unsere Kollektion und machen Sie den ersten Schritt, um Ihren Raum in ein modernes Meisterwerk zu verwandeln.<\/p>","protected":false},"featured_media":17349,"comment_status":"open","ping_status":"closed","template":"","meta":{"_uag_custom_page_level_css":"","site-sidebar-layout":"default","site-content-layout":"","ast-site-content-layout":"default","site-content-style":"default","site-sidebar-style":"default","ast-global-header-display":"","ast-banner-title-visibility":"","ast-main-header-display":"","ast-hfb-above-header-display":"","ast-hfb-below-header-display":"","ast-hfb-mobile-header-display":"","site-post-title":"","ast-breadcrumbs-content":"","ast-featured-img":"","footer-sml-layout":"","theme-transparent-header-meta":"default","adv-header-id-meta":"","stick-header-meta":"default","header-above-stick-meta":"","header-main-stick-meta":"","header-below-stick-meta":"","astra-migrate-meta-layouts":"set","ast-page-background-enabled":"default","ast-page-background-meta":{"desktop":{"background-color":"var(--ast-global-color-4)","background-image":"","background-repeat":"repeat","background-position":"center center","background-size":"auto","background-attachment":"scroll","background-type":"","background-media":"","overlay-type":"","overlay-color":"","overlay-opacity":"","overlay-gradient":""},"tablet":{"background-color":"","background-image":"","background-repeat":"repeat","background-position":"center center","background-size":"auto","background-attachment":"scroll","background-type":"","background-media":"","overlay-type":"","overlay-color":"","overlay-opacity":"","overlay-gradient":""},"mobile":{"background-color":"","background-image":"","background-repeat":"repeat","background-position":"center center","background-size":"auto","background-attachment":"scroll","background-type":"","background-media":"","overlay-type":"","overlay-color":"","overlay-opacity":"","overlay-gradient":""}},"ast-content-background-meta":{"desktop":{"background-color":"var(--ast-global-color-5)","background-image":"","background-repeat":"repeat","background-position":"center center","background-size":"auto","background-attachment":"scroll","background-type":"","background-media":"","overlay-type":"","overlay-color":"","overlay-opacity":"","overlay-gradient":""},"tablet":{"background-color":"var(--ast-global-color-5)","background-image":"","background-repeat":"repeat","background-position":"center center","background-size":"auto","background-attachment":"scroll","background-type":"","background-media":"","overlay-type":"","overlay-color":"","overlay-opacity":"","overlay-gradient":""},"mobile":{"background-color":"var(--ast-global-color-5)","background-image":"","background-repeat":"repeat","background-position":"center center","background-size":"auto","background-attachment":"scroll","background-type":"","background-media":"","overlay-type":"","overlay-color":"","overlay-opacity":"","overlay-gradient":""}}},"product_brand":[],"product_cat":[174],"product_tag":[183,180],"class_list":{"0":"post-16372","1":"product","2":"type-product","3":"status-publish","4":"has-post-thumbnail","6":"product_cat-interior-wpc-wall","7":"product_tag-wpc-wall-interior","8":"product_tag-wpc-wall-panel","9":"desktop-align-center","10":"tablet-align-left","11":"mobile-align-left","12":"ast-product-gallery-layout-horizontal-slider","13":"ast-product-tabs-layout-vertical","15":"first","16":"instock","17":"shipping-taxable","18":"product-type-simple"},"uagb_featured_image_src":{"full":["https:\/\/meterny.com\/wp-content\/uploads\/2024\/04\/70-2.png",564,564,false],"thumbnail":["https:\/\/meterny.com\/wp-content\/uploads\/2024\/04\/70-2-150x150.png",150,150,true],"medium":["https:\/\/meterny.com\/wp-content\/uploads\/2024\/04\/70-2-300x300.png",300,300,true],"medium_large":["https:\/\/meterny.com\/wp-content\/uploads\/2024\/04\/70-2.png",564,564,false],"large":["https:\/\/meterny.com\/wp-content\/uploads\/2024\/04\/70-2.png",564,564,false],"1536x1536":["https:\/\/meterny.com\/wp-content\/uploads\/2024\/04\/70-2.png",564,564,false],"2048x2048":["https:\/\/meterny.com\/wp-content\/uploads\/2024\/04\/70-2.png",564,564,false],"trp-custom-language-flag":["https:\/\/meterny.com\/wp-content\/uploads\/2024\/04\/70-2.png",12,12,false],"woocommerce_thumbnail":["https:\/\/meterny.com\/wp-content\/uploads\/2024\/04\/70-2-300x300.png",300,300,true],"woocommerce_single":["https:\/\/meterny.com\/wp-content\/uploads\/2024\/04\/70-2.png",564,564,false],"woocommerce_gallery_thumbnail":["https:\/\/meterny.com\/wp-content\/uploads\/2024\/04\/70-2-100x100.png",100,100,true]},"uagb_author_info":{"display_name":"meterny","author_link":"https:\/\/meterny.com\/de\/author\/"},"uagb_comment_info":0,"uagb_excerpt":"Discover the perfect blend of style and functionality with Meterny's premium wood-plastic composite panels. Whether you're revamping your home, office, or commercial property, our panels offer unparalleled durability and aesthetics. Crafted from high-quality materials, our wood-plastic composite panels are designed to withstand the rigors of everyday use while maintaining their pristine appearance for years to&hellip;","_links":{"self":[{"href":"https:\/\/meterny.com\/de\/wp-json\/wp\/v2\/product\/16372","targetHints":{"allow":["GET"]}}],"collection":[{"href":"https:\/\/meterny.com\/de\/wp-json\/wp\/v2\/product"}],"about":[{"href":"https:\/\/meterny.com\/de\/wp-json\/wp\/v2\/types\/product"}],"replies":[{"embeddable":true,"href":"https:\/\/meterny.com\/de\/wp-json\/wp\/v2\/comments?post=16372"}],"wp:featuredmedia":[{"embeddable":true,"href":"https:\/\/meterny.com\/de\/wp-json\/wp\/v2\/media\/17349"}],"wp:attachment":[{"href":"https:\/\/meterny.com\/de\/wp-json\/wp\/v2\/media?parent=16372"}],"wp:term":[{"taxonomy":"product_brand","embeddable":true,"href":"https:\/\/meterny.com\/de\/wp-json\/wp\/v2\/product_brand?post=16372"},{"taxonomy":"product_cat","embeddable":true,"href":"https:\/\/meterny.com\/de\/wp-json\/wp\/v2\/product_cat?post=16372"},{"taxonomy":"product_tag","embeddable":true,"href":"https:\/\/meterny.com\/de\/wp-json\/wp\/v2\/product_tag?post=16372"}],"curies":[{"name":"wp","href":"https:\/\/api.w.org\/{rel}","templated":true}]}}