{"id":16569,"date":"2024-05-25T08:59:26","date_gmt":"2024-05-25T08:59:26","guid":{"rendered":"https:\/\/meterny.com\/?post_type=product&#038;p=16569"},"modified":"2025-01-18T09:19:25","modified_gmt":"2025-01-18T09:19:25","slug":"wpc-fence-waterproof-outdoor-wpc-fence-panel","status":"publish","type":"product","link":"https:\/\/meterny.com\/de\/produkt\/wpc-fence-waterproof-outdoor-wpc-fence-panel\/","title":{"rendered":"Wasserdichter WPC-Au\u00dfenzaun f\u00fcr den Garten METE1800H1850 Wpc-Zaunplatte"},"content":{"rendered":"<div class=\"elementor-element elementor-element-c0e1d42 elementor-widget elementor-widget-heading\" data-id=\"c0e1d42\" data-element_type=\"widget\" data-widget_type=\"heading.default\">\n<div class=\"elementor-widget-container\">\n<h2 class=\"elementor-heading-title elementor-size-default\" style=\"text-align: center;\">Wasserdichter WPC-Zaun f\u00fcr den Garten<\/h2>\n<\/div>\n<\/div>\n<div class=\"elementor-element elementor-element-1f676da elementor-widget elementor-widget-heading\" data-id=\"1f676da\" data-element_type=\"widget\" data-widget_type=\"heading.default\">\n<h2 class=\"elementor-widget-container\" style=\"text-align: center;\">METE1800H1850 Technische Daten<\/h2>\n<p>&nbsp;<\/p>\n<\/div>\n<p>METE1800H1850 Wasserdichter WPC-Zaun f\u00fcr den Au\u00dfenbereich mit Aluminiums\u00e4ulen<\/p>\n<p><strong>Modell<\/strong>: METE1800H1850<\/p>\n<p><strong>Typ<\/strong>: WPC-Zaun mit Aluminiumpfeilern<\/p>\n<p><strong>Gr\u00f6\u00dfe<\/strong>: Breite 1800mm x H\u00f6he 1850mm<\/p>\n<p><strong>Oberfl\u00e4che<\/strong>: Zwei Oberfl\u00e4chen - Streifen und Holzmaserung<\/p>\n<p><strong>Farbe<\/strong>: 9 Farboptionen<\/p>\n<p><strong>L\u00e4nge<\/strong>: Ma\u00dfgeschneidert<\/p>\n<p><strong>Material<\/strong>: Holz-Kunststoff-Verbundstoff<\/p>\n<p><strong>Produkt-Technologie<\/strong>: \u00d6ko-Extrusion<\/p>\n<p><img loading=\"lazy\" decoding=\"async\" class=\"alignnone wp-image-17159\" src=\"https:\/\/meterny.com\/wp-content\/uploads\/2024\/05\/H52ab0232fea245aca8ea52d8bd63596cA.png\" alt=\"Moderner WPC-Zaun f\u00fcr nachhaltige Au\u00dfengestaltung\" width=\"1024\" height=\"1068\" srcset=\"https:\/\/meterny.com\/wp-content\/uploads\/2024\/05\/H52ab0232fea245aca8ea52d8bd63596cA.png 1284w, https:\/\/meterny.com\/wp-content\/uploads\/2024\/05\/H52ab0232fea245aca8ea52d8bd63596cA-288x300.png 288w, https:\/\/meterny.com\/wp-content\/uploads\/2024\/05\/H52ab0232fea245aca8ea52d8bd63596cA-982x1024.png 982w, https:\/\/meterny.com\/wp-content\/uploads\/2024\/05\/H52ab0232fea245aca8ea52d8bd63596cA-768x801.png 768w, https:\/\/meterny.com\/wp-content\/uploads\/2024\/05\/H52ab0232fea245aca8ea52d8bd63596cA-600x626.png 600w\" sizes=\"auto, (max-width: 1024px) 100vw, 1024px\" \/><\/p>\n<p id=\"\"><strong>Produktname<\/strong>: Moderner WPC-Zaun<\/p>\n<p id=\"\"><strong>Kategorie<\/strong>: Zaunl\u00f6sungen f\u00fcr den Au\u00dfenbereich<\/p>\n<p id=\"\"><strong>Material<\/strong>: Holz-Kunststoff-Verbundstoff (WPC)<\/p>\n<p id=\"\"><strong>Gestaltung<\/strong>: Modern und zeitgen\u00f6ssisch<\/p>\n<p id=\"\"><strong>Verwendung<\/strong>: Au\u00dfenbereiche, G\u00e4rten, Terrassen, Poolbereiche und mehr<\/p>\n<hr \/>\n<h3><strong>Produkt\u00fcbersicht<\/strong><\/h3>\n<p id=\"\">Wir stellen Ihnen unseren modernen WPC-Zaun vor, die perfekte Mischung aus Stil, Nachhaltigkeit und Funktionalit\u00e4t f\u00fcr Ihren Au\u00dfenbereich. Dieser Zaun aus hochwertigem Wood Plastic Composite (WPC) kombiniert die nat\u00fcrliche Sch\u00f6nheit von Holz mit der Langlebigkeit und Witterungsbest\u00e4ndigkeit von Kunststoff und ist damit die ideale Wahl f\u00fcr die moderne Au\u00dfengestaltung.<\/p>\n<h3><strong>Wesentliche Merkmale<\/strong><\/h3>\n<ol>\n<li><strong>Umweltvertr\u00e4glich und nachhaltig<\/strong>:\n<ul>\n<li>Unser moderner WPC-Zaun wird aus recycelten Holzfasern und hochdichtem Polyethylen-Kunststoff hergestellt und tr\u00e4gt so zur Abfallvermeidung und zur F\u00f6rderung eines nachhaltigen Lebensstils bei.<\/li>\n<\/ul>\n<\/li>\n<li><strong>Strapazierf\u00e4hig und langlebig<\/strong>:\n<ul>\n<li>Dieser Zaun ist witterungsbest\u00e4ndig, d. h. er h\u00e4lt Feuchtigkeit, Insekten und UV-Strahlung stand und beh\u00e4lt seine Sch\u00f6nheit und Funktionalit\u00e4t \u00fcber Jahre hinweg.<\/li>\n<\/ul>\n<\/li>\n<li><strong>Geringe Wartung<\/strong>:\n<ul>\n<li>Kein Streichen, Versiegeln oder Beizen erforderlich. Einfach mit Wasser reinigen f\u00fcr ein frisches, makelloses Aussehen.<\/li>\n<\/ul>\n<\/li>\n<li><strong>Modernes Design<\/strong>:\n<ul>\n<li>Das schlichte und zeitgem\u00e4\u00dfe Design passt zu jeder modernen Au\u00dfenumgebung und verleiht Ihrem Garten oder Ihrer Terrasse einen Hauch von Raffinesse und Stil.<\/li>\n<\/ul>\n<\/li>\n<li><strong>Witterungsbest\u00e4ndigkeit<\/strong>:\n<ul>\n<li>Es ist resistent gegen F\u00e4ulnis, Verformung und Rissbildung, selbst unter rauen Witterungsbedingungen, und bleibt somit in ausgezeichnetem Zustand.<\/li>\n<\/ul>\n<\/li>\n<li><strong>Vielseitig und anpassbar<\/strong>:\n<ul>\n<li>Dieser Zaun ist in einer Reihe von Farben, Strukturen und Gr\u00f6\u00dfen erh\u00e4ltlich und kann an Ihre speziellen Bed\u00fcrfnisse und Stilvorlieben angepasst werden.<\/li>\n<\/ul>\n<\/li>\n<li><strong>Einfache Installation<\/strong>:\n<ul>\n<li>Es wurde f\u00fcr eine einfache und unkomplizierte Installation entwickelt, was es f\u00fcr den Heimwerker einfach macht und Ihnen Geld bei den Installationskosten spart.<\/li>\n<\/ul>\n<\/li>\n<li><strong>Verbesserter Datenschutz und Sicherheit<\/strong>:\n<ul>\n<li>Bietet effektiven Sichtschutz und Sicherheit f\u00fcr Ihren Garten, indem es eine Barriere schafft, die Ihren Au\u00dfenbereich vor unerw\u00fcnschten Eindringlingen und L\u00e4rm sch\u00fctzt.<\/li>\n<\/ul>\n<\/li>\n<\/ol>\n<h3><strong>Technische Daten<\/strong><\/h3>\n<ul>\n<li><strong>Material<\/strong>: Holz-Kunststoff-Verbundstoff (WPC)<\/li>\n<li><strong>Abmessungen<\/strong>: Variiert je nach Kundenwunsch (auch Standardgr\u00f6\u00dfen erh\u00e4ltlich)<\/li>\n<li><strong>Farboptionen<\/strong>: Mehrere Farben zur Auswahl<\/li>\n<li><strong>Textur<\/strong>: 3D-gepr\u00e4gte Holzmaserungsstruktur f\u00fcr ein realistisches Aussehen<\/li>\n<li><strong>Gewicht<\/strong>: Variiert je nach Gr\u00f6\u00dfe und Anpassung<\/li>\n<li><strong>Einrichtung<\/strong>: Inklusive leicht verst\u00e4ndlicher Anleitung<\/li>\n<\/ul>\n<h3><strong>Vorteile<\/strong><\/h3>\n<ul>\n<li><strong>Gesteigerter Immobilienwert<\/strong>: Sie sind \u00e4sthetisch ansprechend und erh\u00f6hen den Gesamtwert Ihrer Immobilie.<\/li>\n<li><strong>Kosteng\u00fcnstig<\/strong>: Langfristige Einsparungen bei der Wartung und Langlebigkeit machen sie zu einer kosteneffizienten Wahl.<\/li>\n<li><strong>Auswirkungen auf die Umwelt<\/strong>: Tr\u00e4gt durch die Verwendung recycelter Materialien zu einem geringeren \u00f6kologischen Fu\u00dfabdruck bei.<\/li>\n<\/ul>\n<h3><strong>Anpassungsoptionen<\/strong><\/h3>\n<ul>\n<li><strong>Farbe<\/strong>: W\u00e4hlen Sie aus unserem Angebot an beliebten Farben oder stellen Sie Ihre eigene Farbe zusammen.<\/li>\n<li><strong>Gr\u00f6\u00dfe<\/strong>: Anpassbar an jeden Raum, egal ob Sie eine kleine Grenze oder einen gro\u00dfen Sichtschutzzaun ben\u00f6tigen.<\/li>\n<li><strong>Gestaltung<\/strong>: Entscheiden Sie sich f\u00fcr zus\u00e4tzliche Merkmale wie dekorative Paneele, Gitteraufs\u00e4tze oder integrierte Beleuchtung f\u00fcr ein wirklich einzigartiges Design.<\/li>\n<\/ul>\n<h3><strong>Installationsanleitung<\/strong><\/h3>\n<ul>\n<li><strong>Vorbereitung<\/strong>: Vergewissern Sie sich, dass der Bereich frei von Ablagerungen und eben ist.<\/li>\n<li><strong>Positionierung<\/strong>: Markieren Sie den gew\u00fcnschten Standort f\u00fcr Ihre Zaunpf\u00e4hle.<\/li>\n<li><strong>Montage<\/strong>: Befolgen Sie die beim Kauf mitgelieferte, leicht verst\u00e4ndliche Anleitung.<\/li>\n<li><strong>Der letzte Schliff<\/strong>: Passen Sie alle Komponenten an und sichern Sie sie f\u00fcr einen stabilen und eleganten Zaun.<\/li>\n<\/ul>\n<h3>Wenn Sie weitere Einzelheiten erfahren m\u00f6chten, klicken Sie bitte auf diesen Link zu youtube:<a href=\"https:\/\/youtu.be\/88PIb9PK7Bk\" target=\"_blank\" rel=\"noopener\">https:\/\/youtu.be\/88PIb9PK7Bk<\/a><\/h3>\n<p>&nbsp;<\/p>\n<h3>Galerie<\/h3>\n<figure id=\"attachment_17492\" aria-describedby=\"caption-attachment-17492\" style=\"width: 1024px\" class=\"wp-caption alignnone\"><img loading=\"lazy\" decoding=\"async\" class=\"wp-image-17492\" src=\"https:\/\/meterny.com\/wp-content\/uploads\/2024\/10\/\u90a6\u82f13-1ZHU.jpg\" alt=\"Leichte WPC-Zaunplatte f\u00fcr die Gartengestaltung\" width=\"1024\" height=\"1024\" srcset=\"https:\/\/meterny.com\/wp-content\/uploads\/2024\/10\/\u90a6\u82f13-1ZHU.jpg 800w, https:\/\/meterny.com\/wp-content\/uploads\/2024\/10\/\u90a6\u82f13-1ZHU-300x300.jpg 300w, https:\/\/meterny.com\/wp-content\/uploads\/2024\/10\/\u90a6\u82f13-1ZHU-150x150.jpg 150w, https:\/\/meterny.com\/wp-content\/uploads\/2024\/10\/\u90a6\u82f13-1ZHU-768x768.jpg 768w, https:\/\/meterny.com\/wp-content\/uploads\/2024\/10\/\u90a6\u82f13-1ZHU-600x600.jpg 600w, https:\/\/meterny.com\/wp-content\/uploads\/2024\/10\/\u90a6\u82f13-1ZHU-100x100.jpg 100w\" sizes=\"auto, (max-width: 1024px) 100vw, 1024px\" \/><figcaption id=\"caption-attachment-17492\" class=\"wp-caption-text\">M\u00fchelose Eleganz mit leichten WPC-Zaunpaneelen<\/figcaption><\/figure>\n<figure id=\"attachment_17172\" aria-describedby=\"caption-attachment-17172\" style=\"width: 1024px\" class=\"wp-caption alignnone\"><img loading=\"lazy\" decoding=\"async\" class=\"wp-image-17172\" src=\"https:\/\/meterny.com\/wp-content\/uploads\/2024\/05\/22-1ZHU.jpg\" alt=\"Einfach zu installierende Zaunsysteme aus Verbundwerkstoff\" width=\"1024\" height=\"1024\" srcset=\"https:\/\/meterny.com\/wp-content\/uploads\/2024\/05\/22-1ZHU.jpg 800w, https:\/\/meterny.com\/wp-content\/uploads\/2024\/05\/22-1ZHU-300x300.jpg 300w, https:\/\/meterny.com\/wp-content\/uploads\/2024\/05\/22-1ZHU-150x150.jpg 150w, https:\/\/meterny.com\/wp-content\/uploads\/2024\/05\/22-1ZHU-768x768.jpg 768w, https:\/\/meterny.com\/wp-content\/uploads\/2024\/05\/22-1ZHU-600x600.jpg 600w, https:\/\/meterny.com\/wp-content\/uploads\/2024\/05\/22-1ZHU-100x100.jpg 100w\" sizes=\"auto, (max-width: 1024px) 100vw, 1024px\" \/><figcaption id=\"caption-attachment-17172\" class=\"wp-caption-text\">Zeitlose \u00c4sthetik, keine Kompromisse - WPC-Zaunpaneele<\/figcaption><\/figure>\n<figure id=\"attachment_17170\" aria-describedby=\"caption-attachment-17170\" style=\"width: 1024px\" class=\"wp-caption alignnone\"><img loading=\"lazy\" decoding=\"async\" class=\"wp-image-17170\" src=\"https:\/\/meterny.com\/wp-content\/uploads\/2024\/05\/14-4zhu.jpg\" alt=\"Strapazierf\u00e4higer WPC-Zaun f\u00fcr Grundst\u00fccksabgrenzungen\" width=\"1024\" height=\"1024\" srcset=\"https:\/\/meterny.com\/wp-content\/uploads\/2024\/05\/14-4zhu.jpg 800w, https:\/\/meterny.com\/wp-content\/uploads\/2024\/05\/14-4zhu-300x300.jpg 300w, https:\/\/meterny.com\/wp-content\/uploads\/2024\/05\/14-4zhu-150x150.jpg 150w, https:\/\/meterny.com\/wp-content\/uploads\/2024\/05\/14-4zhu-768x768.jpg 768w, https:\/\/meterny.com\/wp-content\/uploads\/2024\/05\/14-4zhu-600x600.jpg 600w, https:\/\/meterny.com\/wp-content\/uploads\/2024\/05\/14-4zhu-100x100.jpg 100w\" sizes=\"auto, (max-width: 1024px) 100vw, 1024px\" \/><figcaption id=\"caption-attachment-17170\" class=\"wp-caption-text\">Bringen Sie Eleganz in Ihren Garten mit hochwertigen Kompositz\u00e4unen<\/figcaption><\/figure>\n<h3>Farbe und Oberfl\u00e4che<\/h3>\n<p>Der METE1800H1850 ist in neun verschiedenen Farben erh\u00e4ltlich und bietet vielseitige Designoptionen, die zu jedem Garten oder Au\u00dfenbereich passen. W\u00e4hlen Sie zwischen zwei Oberfl\u00e4chentexturen: klassische Streifen oder elegante Holzmaserungen, um Ihre Landschaft perfekt zu erg\u00e4nzen. Passen Sie die L\u00e4nge an Ihre spezifischen Anforderungen an, um eine ma\u00dfgeschneiderte und nahtlose Installation zu gew\u00e4hrleisten.<\/p>\n<figure id=\"attachment_17473\" aria-describedby=\"caption-attachment-17473\" style=\"width: 1024px\" class=\"wp-caption alignnone\"><img loading=\"lazy\" decoding=\"async\" class=\"wp-image-17473\" src=\"https:\/\/meterny.com\/wp-content\/uploads\/2024\/05\/A8c1e1d3dd6f44e7dbfc53b1a81cccee3q-1.png\" alt=\"WPC-Z\u00e4une mit nat\u00fcrlicher Holzmaserung\" width=\"1024\" height=\"1024\" srcset=\"https:\/\/meterny.com\/wp-content\/uploads\/2024\/05\/A8c1e1d3dd6f44e7dbfc53b1a81cccee3q-1.png 800w, https:\/\/meterny.com\/wp-content\/uploads\/2024\/05\/A8c1e1d3dd6f44e7dbfc53b1a81cccee3q-1-300x300.png 300w, https:\/\/meterny.com\/wp-content\/uploads\/2024\/05\/A8c1e1d3dd6f44e7dbfc53b1a81cccee3q-1-150x150.png 150w, https:\/\/meterny.com\/wp-content\/uploads\/2024\/05\/A8c1e1d3dd6f44e7dbfc53b1a81cccee3q-1-768x768.png 768w, https:\/\/meterny.com\/wp-content\/uploads\/2024\/05\/A8c1e1d3dd6f44e7dbfc53b1a81cccee3q-1-600x600.png 600w, https:\/\/meterny.com\/wp-content\/uploads\/2024\/05\/A8c1e1d3dd6f44e7dbfc53b1a81cccee3q-1-100x100.png 100w\" sizes=\"auto, (max-width: 1024px) 100vw, 1024px\" \/><figcaption id=\"caption-attachment-17473\" class=\"wp-caption-text\">Die Zukunft der Z\u00e4une im Freien: Stilvoll, stark und nachhaltig<\/figcaption><\/figure>\n<p>Meterny METE Serie WPC-Platten Farbkarte<\/p>\n<figure id=\"attachment_20293\" aria-describedby=\"caption-attachment-20293\" style=\"width: 1024px\" class=\"wp-caption alignnone\"><img loading=\"lazy\" decoding=\"async\" class=\"wp-image-20293\" src=\"https:\/\/meterny.com\/wp-content\/uploads\/2024\/10\/METE-Series-Colour-151.png\" alt=\"Meterny WPC-Zaun Farboptionen\" width=\"1024\" height=\"1024\" srcset=\"https:\/\/meterny.com\/wp-content\/uploads\/2024\/10\/METE-Series-Colour-151.png 900w, https:\/\/meterny.com\/wp-content\/uploads\/2024\/10\/METE-Series-Colour-151-300x300.png 300w, https:\/\/meterny.com\/wp-content\/uploads\/2024\/10\/METE-Series-Colour-151-150x150.png 150w, https:\/\/meterny.com\/wp-content\/uploads\/2024\/10\/METE-Series-Colour-151-768x768.png 768w, https:\/\/meterny.com\/wp-content\/uploads\/2024\/10\/METE-Series-Colour-151-600x600.png 600w, https:\/\/meterny.com\/wp-content\/uploads\/2024\/10\/METE-Series-Colour-151-100x100.png 100w\" sizes=\"auto, (max-width: 1024px) 100vw, 1024px\" \/><figcaption id=\"caption-attachment-20293\" class=\"wp-caption-text\">Entdecken Sie Meterny WPC-Zaun - Neun atemberaubende Farboptionen f\u00fcr jeden Stil<\/figcaption><\/figure>\n<h3>Langlebig und wasserdicht<\/h3>\n<p>Dieser WPC-Zaun wird mit der fortschrittlichen \u00d6ko-Extrusionstechnologie hergestellt und ist f\u00fcr eine lange Lebensdauer ausgelegt. Seine wasserfesten Eigenschaften machen ihn zu einer idealen Wahl f\u00fcr alle Wetterbedingungen und garantieren Langlebigkeit und minimale Wartung. Die Aluminiumpfosten sorgen f\u00fcr zus\u00e4tzliche Stabilit\u00e4t und machen ihn zu einer zuverl\u00e4ssigen und robusten Zaunl\u00f6sung f\u00fcr jeden Garten.<\/p>\n<p>Installationen Zubeh\u00f6r<\/p>\n<figure id=\"attachment_17165\" aria-describedby=\"caption-attachment-17165\" style=\"width: 1024px\" class=\"wp-caption alignnone\"><img loading=\"lazy\" decoding=\"async\" class=\"wp-image-17165\" src=\"https:\/\/meterny.com\/wp-content\/uploads\/2024\/05\/Heef5f4fd9e2c4c9a9145a852eb0aedceQ-1.png\" alt=\"Komplettes WPC-Zaun-Montagezubeh\u00f6r\" width=\"1024\" height=\"1054\" srcset=\"https:\/\/meterny.com\/wp-content\/uploads\/2024\/05\/Heef5f4fd9e2c4c9a9145a852eb0aedceQ-1.png 923w, https:\/\/meterny.com\/wp-content\/uploads\/2024\/05\/Heef5f4fd9e2c4c9a9145a852eb0aedceQ-1-291x300.png 291w, https:\/\/meterny.com\/wp-content\/uploads\/2024\/05\/Heef5f4fd9e2c4c9a9145a852eb0aedceQ-1-768x790.png 768w, https:\/\/meterny.com\/wp-content\/uploads\/2024\/05\/Heef5f4fd9e2c4c9a9145a852eb0aedceQ-1-600x618.png 600w\" sizes=\"auto, (max-width: 1024px) 100vw, 1024px\" \/><figcaption id=\"caption-attachment-17165\" class=\"wp-caption-text\">All-in-One WPC-Zauninstallationszubeh\u00f6r f\u00fcr m\u00fchelose Montage<\/figcaption><\/figure>\n<h3>Warum sollten Sie sich f\u00fcr einen modernen WPC-Zaun f\u00fcr eine nachhaltige Au\u00dfengestaltung entscheiden?<\/h3>\n<p>&nbsp;<\/p>","protected":false},"excerpt":{"rendered":"<h3>Wesentliche Merkmale:<\/h3>\n<p>Wasserdicht und witterungsbest\u00e4ndig: Ideal f\u00fcr den Au\u00dfeneinsatz in allen Klimazonen.<br \/>\nUmweltvertr\u00e4gliche Materialien: Nachhaltig und umweltbewusst.<br \/>\nAnpassbare L\u00e4nge: Ma\u00dfgeschneidert f\u00fcr die spezifischen Abmessungen Ihres Gartens.<br \/>\nPflegeleicht: Im Gegensatz zu herk\u00f6mmlichem Holz leicht zu reinigen und zu pflegen.<br \/>\nZwei Oberfl\u00e4chenoptionen: W\u00e4hlen Sie zwischen eleganten Holzmaserungen oder klassischen Streifen f\u00fcr ein individuelles Aussehen.<br \/>\nErh\u00f6hte Stabilit\u00e4t: Verst\u00e4rkte, langlebige Aluminiums\u00e4ulen f\u00fcr zus\u00e4tzliche Stabilit\u00e4t und Sicherheit.<\/p>\n<h3>Anwendungen:<\/h3>\n<p>Perfekt f\u00fcr Gartenbegrenzungen, Sichtschutz und dekorative Zaunl\u00f6sungen.<\/p>","protected":false},"featured_media":17159,"comment_status":"open","ping_status":"closed","template":"","meta":{"_uag_custom_page_level_css":"","site-sidebar-layout":"default","site-content-layout":"","ast-site-content-layout":"default","site-content-style":"default","site-sidebar-style":"default","ast-global-header-display":"","ast-banner-title-visibility":"","ast-main-header-display":"","ast-hfb-above-header-display":"","ast-hfb-below-header-display":"","ast-hfb-mobile-header-display":"","site-post-title":"","ast-breadcrumbs-content":"","ast-featured-img":"","footer-sml-layout":"","theme-transparent-header-meta":"default","adv-header-id-meta":"","stick-header-meta":"default","header-above-stick-meta":"","header-main-stick-meta":"","header-below-stick-meta":"","astra-migrate-meta-layouts":"set","ast-page-background-enabled":"default","ast-page-background-meta":{"desktop":{"background-color":"var(--ast-global-color-4)","background-image":"","background-repeat":"repeat","background-position":"center center","background-size":"auto","background-attachment":"scroll","background-type":"","background-media":"","overlay-type":"","overlay-color":"","overlay-opacity":"","overlay-gradient":""},"tablet":{"background-color":"","background-image":"","background-repeat":"repeat","background-position":"center center","background-size":"auto","background-attachment":"scroll","background-type":"","background-media":"","overlay-type":"","overlay-color":"","overlay-opacity":"","overlay-gradient":""},"mobile":{"background-color":"","background-image":"","background-repeat":"repeat","background-position":"center center","background-size":"auto","background-attachment":"scroll","background-type":"","background-media":"","overlay-type":"","overlay-color":"","overlay-opacity":"","overlay-gradient":""}},"ast-content-background-meta":{"desktop":{"background-color":"var(--ast-global-color-5)","background-image":"","background-repeat":"repeat","background-position":"center center","background-size":"auto","background-attachment":"scroll","background-type":"","background-media":"","overlay-type":"","overlay-color":"","overlay-opacity":"","overlay-gradient":""},"tablet":{"background-color":"var(--ast-global-color-5)","background-image":"","background-repeat":"repeat","background-position":"center center","background-size":"auto","background-attachment":"scroll","background-type":"","background-media":"","overlay-type":"","overlay-color":"","overlay-opacity":"","overlay-gradient":""},"mobile":{"background-color":"var(--ast-global-color-5)","background-image":"","background-repeat":"repeat","background-position":"center center","background-size":"auto","background-attachment":"scroll","background-type":"","background-media":"","overlay-type":"","overlay-color":"","overlay-opacity":"","overlay-gradient":""}}},"product_brand":[],"product_cat":[18],"product_tag":[186,187,188,185],"class_list":{"0":"post-16569","1":"product","2":"type-product","3":"status-publish","4":"has-post-thumbnail","6":"product_cat-uncategorized","7":"product_tag-aluminum-fence","8":"product_tag-exterior-fence","9":"product_tag-garden-fence","10":"product_tag-wpc-fence","11":"desktop-align-center","12":"tablet-align-left","13":"mobile-align-left","14":"ast-product-gallery-layout-horizontal-slider","15":"ast-product-tabs-layout-vertical","17":"first","18":"instock","19":"shipping-taxable","20":"product-type-simple"},"uagb_featured_image_src":{"full":["https:\/\/meterny.com\/wp-content\/uploads\/2024\/05\/H52ab0232fea245aca8ea52d8bd63596cA.png",1284,1339,false],"thumbnail":["https:\/\/meterny.com\/wp-content\/uploads\/2024\/05\/H52ab0232fea245aca8ea52d8bd63596cA-150x150.png",150,150,true],"medium":["https:\/\/meterny.com\/wp-content\/uploads\/2024\/05\/H52ab0232fea245aca8ea52d8bd63596cA-288x300.png",288,300,true],"medium_large":["https:\/\/meterny.com\/wp-content\/uploads\/2024\/05\/H52ab0232fea245aca8ea52d8bd63596cA-768x801.png",768,801,true],"large":["https:\/\/meterny.com\/wp-content\/uploads\/2024\/05\/H52ab0232fea245aca8ea52d8bd63596cA-982x1024.png",982,1024,true],"1536x1536":["https:\/\/meterny.com\/wp-content\/uploads\/2024\/05\/H52ab0232fea245aca8ea52d8bd63596cA.png",1284,1339,false],"2048x2048":["https:\/\/meterny.com\/wp-content\/uploads\/2024\/05\/H52ab0232fea245aca8ea52d8bd63596cA.png",1284,1339,false],"trp-custom-language-flag":["https:\/\/meterny.com\/wp-content\/uploads\/2024\/05\/H52ab0232fea245aca8ea52d8bd63596cA.png",12,12,false],"woocommerce_thumbnail":["https:\/\/meterny.com\/wp-content\/uploads\/2024\/05\/H52ab0232fea245aca8ea52d8bd63596cA-300x300.png",300,300,true],"woocommerce_single":["https:\/\/meterny.com\/wp-content\/uploads\/2024\/05\/H52ab0232fea245aca8ea52d8bd63596cA-600x626.png",600,626,true],"woocommerce_gallery_thumbnail":["https:\/\/meterny.com\/wp-content\/uploads\/2024\/05\/H52ab0232fea245aca8ea52d8bd63596cA-100x100.png",100,100,true]},"uagb_author_info":{"display_name":"meterny","author_link":"https:\/\/meterny.com\/de\/author\/"},"uagb_comment_info":0,"uagb_excerpt":"Key Features: Waterproof and Weather-Resistant: Ideal for outdoor use in all climates. Eco-Friendly Materials: Sustainable and environmentally conscious. Customizable Length: Tailored to fit your garden's specific dimensions. Low Maintenance: Easy to clean and maintain, unlike traditional wood. Dual Surface Options: Choose between elegant wood grains or classic strips for a personalized look. Enhanced Stability: Reinforced&hellip;","_links":{"self":[{"href":"https:\/\/meterny.com\/de\/wp-json\/wp\/v2\/product\/16569","targetHints":{"allow":["GET"]}}],"collection":[{"href":"https:\/\/meterny.com\/de\/wp-json\/wp\/v2\/product"}],"about":[{"href":"https:\/\/meterny.com\/de\/wp-json\/wp\/v2\/types\/product"}],"replies":[{"embeddable":true,"href":"https:\/\/meterny.com\/de\/wp-json\/wp\/v2\/comments?post=16569"}],"wp:featuredmedia":[{"embeddable":true,"href":"https:\/\/meterny.com\/de\/wp-json\/wp\/v2\/media\/17159"}],"wp:attachment":[{"href":"https:\/\/meterny.com\/de\/wp-json\/wp\/v2\/media?parent=16569"}],"wp:term":[{"taxonomy":"product_brand","embeddable":true,"href":"https:\/\/meterny.com\/de\/wp-json\/wp\/v2\/product_brand?post=16569"},{"taxonomy":"product_cat","embeddable":true,"href":"https:\/\/meterny.com\/de\/wp-json\/wp\/v2\/product_cat?post=16569"},{"taxonomy":"product_tag","embeddable":true,"href":"https:\/\/meterny.com\/de\/wp-json\/wp\/v2\/product_tag?post=16569"}],"curies":[{"name":"wp","href":"https:\/\/api.w.org\/{rel}","templated":true}]}}