{"id":16643,"date":"2024-07-11T08:45:57","date_gmt":"2024-07-11T08:45:57","guid":{"rendered":"https:\/\/meterny.com\/?post_type=product&#038;p=16643"},"modified":"2025-05-24T02:04:15","modified_gmt":"2025-05-24T02:04:15","slug":"aluminum-alloy-baffle-ceiling","status":"publish","type":"product","link":"https:\/\/meterny.com\/de\/produkt\/aluminum-alloy-baffle-ceiling\/","title":{"rendered":"Aluminium-Legierung Baffle Decke Indoor Aluminium Baffle Panels"},"content":{"rendered":"<h3><strong>Aluminium-Legierung Baffle Decke<\/strong><\/h3>\n<h4><strong>Produkt\u00fcbersicht<\/strong><\/h4>\n<p>Die <strong>Aluminium-Legierung Baffle Decke<\/strong> ist eine hochmoderne architektonische L\u00f6sung, die Stil, Haltbarkeit und Leistung miteinander verbindet. Das geradlinige Design und die offene Struktur schaffen ein modernes und ger\u00e4umiges Ambiente und bieten gleichzeitig hervorragende Funktionalit\u00e4t. Das aus einer hochwertigen Aluminiumlegierung gefertigte Deckensystem ist leicht, korrosionsbest\u00e4ndig und individuell anpassbar und damit die ideale Wahl f\u00fcr eine Vielzahl von Anwendungen im Innen- und Au\u00dfenbereich.<\/p>\n<figure id=\"attachment_20171\" aria-describedby=\"caption-attachment-20171\" style=\"width: 1024px\" class=\"wp-caption alignnone\"><img loading=\"lazy\" decoding=\"async\" class=\"wp-image-20171\" src=\"https:\/\/meterny.com\/wp-content\/uploads\/2024\/12\/mmexport1733234298473.jpg\" alt=\"Aluminium-Legierung Baffle Decke\" width=\"1024\" height=\"1024\" srcset=\"https:\/\/meterny.com\/wp-content\/uploads\/2024\/12\/mmexport1733234298473.jpg 800w, https:\/\/meterny.com\/wp-content\/uploads\/2024\/12\/mmexport1733234298473-300x300.jpg 300w, https:\/\/meterny.com\/wp-content\/uploads\/2024\/12\/mmexport1733234298473-150x150.jpg 150w, https:\/\/meterny.com\/wp-content\/uploads\/2024\/12\/mmexport1733234298473-768x768.jpg 768w, https:\/\/meterny.com\/wp-content\/uploads\/2024\/12\/mmexport1733234298473-600x600.jpg 600w, https:\/\/meterny.com\/wp-content\/uploads\/2024\/12\/mmexport1733234298473-100x100.jpg 100w\" sizes=\"auto, (max-width: 1024px) 100vw, 1024px\" \/><figcaption id=\"caption-attachment-20171\" class=\"wp-caption-text\">Elegantes Aluminium-Deckensystem, perfekt f\u00fcr einen sauberen, stromlinienf\u00f6rmigen Look.<\/figcaption><\/figure>\n<hr \/>\n<h4><strong>Wesentliche Merkmale<\/strong><\/h4>\n<ul>\n<li><strong>Lineare \u00c4sthetik<\/strong>: Die stromlinienf\u00f6rmige, offene Schallwandstruktur sorgt f\u00fcr einen klaren und modernen Look.<\/li>\n<li><strong>Anpassbare Optionen<\/strong>: W\u00e4hlen Sie aus verschiedenen Profilen, Dimensionen, Farben und Ausf\u00fchrungen, die zu jedem Projekt passen.<\/li>\n<li><strong>Hochwertige Aluminium-Legierung<\/strong>: Gew\u00e4hrleistet dauerhafte Leistung mit hervorragender Best\u00e4ndigkeit gegen Korrosion, Feuer und Feuchtigkeit.<\/li>\n<li><strong>Akustische Optimierung<\/strong>: Reduziert wirksam L\u00e4rm und Echo und verbessert die akustische Umgebung.<\/li>\n<li><strong>Umweltfreundlich<\/strong>: Hergestellt aus wiederverwertbaren Materialien, die einen Beitrag zu nachhaltigen Baupraktiken leisten.<\/li>\n<li><strong>M\u00fchelose Integration<\/strong>: Kompatibel mit Beleuchtungssystemen, HLK-Komponenten und mehr f\u00fcr nahtlose Designl\u00f6sungen.<\/li>\n<\/ul>\n<hr \/>\n<h4><strong>Anwendungen<\/strong><\/h4>\n<ul>\n<li><strong>Kommerzielle R\u00e4ume<\/strong>: B\u00fcror\u00e4ume, Konferenzr\u00e4ume und Coworking Spaces.<\/li>\n<li><strong>\u00d6ffentliche Veranstaltungsorte<\/strong>: Flugh\u00e4fen, Bahnh\u00f6fe und Bildungseinrichtungen.<\/li>\n<li><strong>Gastfreundschaft<\/strong>: Hotels, Restaurants und Einkaufszentren.<\/li>\n<li><strong>Wohnbauprojekte<\/strong>: Moderne H\u00e4user, Wohnungen und Unterhaltungsr\u00e4ume.<\/li>\n<li><strong>Kulturelle R\u00e4ume<\/strong>: Theater, Museen und Kunstgalerien.<\/li>\n<\/ul>\n<hr \/>\n<h4><strong>Spezifikationen<\/strong><\/h4>\n<ul>\n<li><strong>Material<\/strong>: Hochwertige Aluminiumlegierung, wahlweise mit eloxierter oder pulverbeschichteter Oberfl\u00e4che.<\/li>\n<li><strong>Profile<\/strong>: Erh\u00e4ltlich in verschiedenen Formen, einschlie\u00dflich U-Form, V-Form und Sonderformen.<\/li>\n<li><strong>Abmessungen<\/strong>: Vollst\u00e4ndig einstellbare L\u00e4ngen, Breiten und Abst\u00e4nde der Ablenkplatten, um den Anforderungen des Projekts gerecht zu werden.<\/li>\n<li><strong>Farbpalette<\/strong>: Standard RAL-Farben oder kundenspezifische Farbt\u00f6ne auf Anfrage.<\/li>\n<li><strong>Einrichtung<\/strong>: Modulares Aufh\u00e4ngesystem f\u00fcr eine pr\u00e4zise und sichere Montage.<\/li>\n<\/ul>\n<hr \/>\n<h4><strong>Vorteile<\/strong><\/h4>\n<ol>\n<li><strong>Modernes Design<\/strong>: Verbessert die architektonische \u00c4sthetik durch eine schlanke, offene Deckengestaltung.<\/li>\n<li><strong>Dauerhaftigkeit<\/strong>: Die Konstruktion aus einer Aluminiumlegierung garantiert Widerstandsf\u00e4higkeit gegen Umwelteinfl\u00fcsse und t\u00e4gliche Abnutzung.<\/li>\n<li><strong>Akustische Vorteile<\/strong>: Optimiert die Klangqualit\u00e4t durch Reduzierung von Umgebungsger\u00e4uschen und Echos.<\/li>\n<li><strong>Anpassbar<\/strong>: Ma\u00dfgeschneidert f\u00fcr die spezifischen Anforderungen der verschiedenen Projekte.<\/li>\n<li><strong>Nachhaltigkeit<\/strong>: Hergestellt aus recycelbarem Aluminium, um die Umweltbelastung zu minimieren.<\/li>\n<li><strong>Einfacher Einbau<\/strong>: Modulare Komponenten erm\u00f6glichen eine schnelle und unkomplizierte Einrichtung.<\/li>\n<\/ol>\n<hr \/>\n<h4><strong>Design-Inspiration<\/strong><\/h4>\n<p>Die <strong>Aluminium-Legierung Baffle Decke<\/strong> eignet sich perfekt f\u00fcr die Gestaltung visuell auff\u00e4lliger R\u00e4ume, die Stil und Funktion in Einklang bringen. Die linearen Elemente verleihen Tiefe und Dimension, w\u00e4hrend sie gleichzeitig ein klares und \u00fcbersichtliches Aussehen bewahren.<\/p>\n<figure id=\"attachment_19397\" aria-describedby=\"caption-attachment-19397\" style=\"width: 1024px\" class=\"wp-caption alignnone\"><img loading=\"lazy\" decoding=\"async\" class=\"wp-image-19397\" src=\"https:\/\/meterny.com\/wp-content\/uploads\/2024\/11\/\u5fae\u4fe1\u56fe\u7247_20241114113333.png\" alt=\"Gebogene Aluminium-Schallw\u00e4nde\" width=\"1024\" height=\"1024\" srcset=\"https:\/\/meterny.com\/wp-content\/uploads\/2024\/11\/\u5fae\u4fe1\u56fe\u7247_20241114113333.png 800w, https:\/\/meterny.com\/wp-content\/uploads\/2024\/11\/\u5fae\u4fe1\u56fe\u7247_20241114113333-300x300.png 300w, https:\/\/meterny.com\/wp-content\/uploads\/2024\/11\/\u5fae\u4fe1\u56fe\u7247_20241114113333-150x150.png 150w, https:\/\/meterny.com\/wp-content\/uploads\/2024\/11\/\u5fae\u4fe1\u56fe\u7247_20241114113333-768x768.png 768w, https:\/\/meterny.com\/wp-content\/uploads\/2024\/11\/\u5fae\u4fe1\u56fe\u7247_20241114113333-600x600.png 600w, https:\/\/meterny.com\/wp-content\/uploads\/2024\/11\/\u5fae\u4fe1\u56fe\u7247_20241114113333-100x100.png 100w\" sizes=\"auto, (max-width: 1024px) 100vw, 1024px\" \/><figcaption id=\"caption-attachment-19397\" class=\"wp-caption-text\">Unlackierte Aluminium-W\u00fcrfelprofile, rohe Metalltextur, die die Sch\u00f6nheit der Industrie zeigt<\/figcaption><\/figure>\n<h3>Beschreibung<\/h3>\n<p>Werten Sie Ihre Innenr\u00e4ume mit MetaBaffle\u2122 Aluminiumlegierung auf, einer erstklassigen L\u00f6sung f\u00fcr modernes Design und Funktionalit\u00e4t. Unsere Baffle-Decken eignen sich perfekt f\u00fcr gewerbliche und private R\u00e4ume und bieten ein elegantes, stilvolles Finish, w\u00e4hrend sie gleichzeitig Langlebigkeit und einfache Wartung gew\u00e4hrleisten. MetaBaffle\u2122 ist in einer Vielzahl von Farben und Ausf\u00fchrungen erh\u00e4ltlich, einschlie\u00dflich Metall- und Holzmaserungen, und bietet die Vielseitigkeit, die Sie f\u00fcr jedes Projekt ben\u00f6tigen.<\/p>\n<p>Werten Sie Ihren Raum m\u00fchelos mit unserer Aluminium-Metallabdeckung auf und genie\u00dfen Sie die perfekte Kombination aus Form und Funktion. Kontaktieren Sie uns noch heute, um mehr zu erfahren und Ihre Inneneinrichtung zu verbessern!<\/p>\n<figure id=\"attachment_19411\" aria-describedby=\"caption-attachment-19411\" style=\"width: 1024px\" class=\"wp-caption alignnone\"><img loading=\"lazy\" decoding=\"async\" class=\"wp-image-19411\" src=\"https:\/\/meterny.com\/wp-content\/uploads\/2024\/11\/\u4e3b\u56fe12.jpg\" alt=\"Aluminium-Schallw\u00e4nde mit Holzmaserung\" width=\"1024\" height=\"1024\" srcset=\"https:\/\/meterny.com\/wp-content\/uploads\/2024\/11\/\u4e3b\u56fe12.jpg 800w, https:\/\/meterny.com\/wp-content\/uploads\/2024\/11\/\u4e3b\u56fe12-300x300.jpg 300w, https:\/\/meterny.com\/wp-content\/uploads\/2024\/11\/\u4e3b\u56fe12-150x150.jpg 150w, https:\/\/meterny.com\/wp-content\/uploads\/2024\/11\/\u4e3b\u56fe12-768x768.jpg 768w, https:\/\/meterny.com\/wp-content\/uploads\/2024\/11\/\u4e3b\u56fe12-600x600.jpg 600w, https:\/\/meterny.com\/wp-content\/uploads\/2024\/11\/\u4e3b\u56fe12-100x100.jpg 100w\" sizes=\"auto, (max-width: 1024px) 100vw, 1024px\" \/><figcaption id=\"caption-attachment-19411\" class=\"wp-caption-text\">Die offene Gestaltung macht den Raum transparenter und dreidimensionaler.<\/figcaption><\/figure>\n<h3>Farbe und Oberfl\u00e4che<\/h3>\n<ul>\n<li><strong>Vielfalt der Beschichtungen<\/strong>: Erh\u00e4ltlich in jeder Art von Beschichtung oder Bedruckung, die Ihren Gestaltungsw\u00fcnschen entspricht.<\/li>\n<li><strong>Unbegrenzte Farben<\/strong>: W\u00e4hlen Sie aus einer breiten Palette von Farben, einschlie\u00dflich Metalloberfl\u00e4chen und Holzmaserungen, die zu jeder Einrichtung passen.<\/li>\n<\/ul>\n<h3>Langlebig und wasserdicht<\/h3>\n<p>Hergestellt aus einer hochwertigen Aluminiumlegierung und mit der 3D Shape Fold Aluminiumtechnologie, ist diese Aluminiumdecke wie geschaffen f\u00fcr die Sch\u00f6nheit Ihrer Decke. Ihre wasserdichten Eigenschaften machen sie zu einer idealen Wahl f\u00fcr alle Wetterbedingungen und gew\u00e4hrleisten Langlebigkeit und minimale Wartung. Das hochwertige Material sorgt f\u00fcr zus\u00e4tzliche Stabilit\u00e4t und macht sie zu einer zuverl\u00e4ssigen und robusten Decke f\u00fcr jeden Innenraum.<\/p>\n<figure id=\"attachment_20174\" aria-describedby=\"caption-attachment-20174\" style=\"width: 1024px\" class=\"wp-caption alignnone\"><img loading=\"lazy\" decoding=\"async\" class=\"wp-image-20174\" src=\"https:\/\/meterny.com\/wp-content\/uploads\/2024\/12\/mmexport1733234308289.jpg\" alt=\"Langlebige Aluminium-Schallwand-Profile\" width=\"1024\" height=\"1024\" srcset=\"https:\/\/meterny.com\/wp-content\/uploads\/2024\/12\/mmexport1733234308289.jpg 800w, https:\/\/meterny.com\/wp-content\/uploads\/2024\/12\/mmexport1733234308289-300x300.jpg 300w, https:\/\/meterny.com\/wp-content\/uploads\/2024\/12\/mmexport1733234308289-150x150.jpg 150w, https:\/\/meterny.com\/wp-content\/uploads\/2024\/12\/mmexport1733234308289-768x768.jpg 768w, https:\/\/meterny.com\/wp-content\/uploads\/2024\/12\/mmexport1733234308289-600x600.jpg 600w, https:\/\/meterny.com\/wp-content\/uploads\/2024\/12\/mmexport1733234308289-100x100.jpg 100w\" sizes=\"auto, (max-width: 1024px) 100vw, 1024px\" \/><figcaption id=\"caption-attachment-20174\" class=\"wp-caption-text\">Innovatives Projekt f\u00fcr eine Aluminium-Baffeldecke, das die funktionale Eleganz von Innenr\u00e4umen unterstreicht<\/figcaption><\/figure>\n<h3><strong>Warum MetaBaffle\u2122 Baffle-Decken aus Aluminiumlegierung w\u00e4hlen?<\/strong><\/h3>\n<p>Die <strong>MetaBaffle\u2122 Aluminiumlegierung Baffeldecke<\/strong> ist ein hochwertiges Deckensystem, das modernes Design, au\u00dfergew\u00f6hnliche Haltbarkeit und leistungsstarke Funktionalit\u00e4t vereint. Hier erfahren Sie, warum Sie diese fortschrittliche L\u00f6sung f\u00fcr Ihr n\u00e4chstes Projekt in Betracht ziehen sollten:<\/p>\n<hr \/>\n<h4><strong>1. \u00dcberlegene Design-Flexibilit\u00e4t<\/strong><\/h4>\n<ul>\n<li><strong>Anpassbare \u00c4sthetik<\/strong>: W\u00e4hlen Sie aus einer Vielzahl von Profilen, Oberfl\u00e4chen und Farben, um Ihre spezifischen Designvorstellungen zu erf\u00fcllen. Die einzigartige Baffelstruktur bietet ein modernes, offenes Deckenbild, das sowohl den optischen Reiz als auch das Raumgef\u00fchl verbessert.<\/li>\n<li><strong>Vielseitige Anwendung<\/strong>: Geeignet f\u00fcr eine breite Palette von Umgebungen, einschlie\u00dflich Unternehmensb\u00fcros, Gastgewerbe, Einzelhandelsfl\u00e4chen, \u00f6ffentliche Einrichtungen und Wohnprojekte.<\/li>\n<\/ul>\n<hr \/>\n<h4><strong>2. Hochwertige Aluminium-Legierung Konstruktion<\/strong><\/h4>\n<ul>\n<li><strong>Langlebiges Material<\/strong>: Das aus einer hochwertigen Aluminiumlegierung gefertigte System ist so konzipiert, dass es Verschlei\u00df und Abnutzung standh\u00e4lt und dabei seine Integrit\u00e4t bewahrt. Es ist resistent gegen Rost, Korrosion, Feuer und Feuchtigkeit und garantiert Langlebigkeit in jeder Umgebung.<\/li>\n<li><strong>Leicht, aber stark<\/strong>: Das Material aus einer Aluminiumlegierung ist leicht und daher einfach zu handhaben und zu installieren, bietet aber dennoch eine hohe Festigkeit und Widerstandsf\u00e4higkeit.<\/li>\n<\/ul>\n<hr \/>\n<h4><strong>3. Verbesserte akustische Leistung<\/strong><\/h4>\n<ul>\n<li><strong>L\u00e4rmschutz<\/strong>: Die Schallwand wurde entwickelt, um Ger\u00e4usche zu reduzieren und den Nachhall zu kontrollieren, was die Klangqualit\u00e4t in gro\u00dfen, offenen R\u00e4umen verbessert.<\/li>\n<li><strong>Gem\u00fctliches Ambiente<\/strong>: Ideal f\u00fcr R\u00e4ume, die eine hervorragende Akustik erfordern, wie z. B. Konferenzr\u00e4ume, Auditorien und \u00f6ffentliche Veranstaltungsorte.<\/li>\n<\/ul>\n<hr \/>\n<h4><strong>4. Umweltfreundlich und nachhaltig<\/strong><\/h4>\n<ul>\n<li><strong>Recycelbares Material<\/strong>: Das MetaBaffle\u2122-System besteht aus 100% recycelbarem Aluminium und unterst\u00fctzt nachhaltige Baupraktiken, was es zu einer umweltfreundlichen Wahl macht.<\/li>\n<li><strong>Energieeffizient<\/strong>: Das Deckensystem kann mit LED-Beleuchtung und anderen energieeffizienten Merkmalen ausgestattet werden, was zu allgemeinen Energieeinsparungen beitr\u00e4gt.<\/li>\n<\/ul>\n<hr \/>\n<h4><strong>5. Einfache Installation und Wartung<\/strong><\/h4>\n<ul>\n<li><strong>Modulares System<\/strong>: Die MetaBaffle\u2122 Baffle-Decke aus Aluminiumlegierung ist modular aufgebaut und erm\u00f6glicht eine schnelle und einfache Installation.<\/li>\n<li><strong>Geringe Wartung<\/strong>: Das Material aus einer Aluminiumlegierung ist schmutz- und staubabweisend und sorgt daf\u00fcr, dass die Decke mit minimalem Wartungsaufwand sauber und makellos bleibt.<\/li>\n<\/ul>\n<hr \/>\n<h4><strong>6. Individuelle Anpassung f\u00fcr perfekte Passform<\/strong><\/h4>\n<ul>\n<li><strong>Ma\u00dfgeschneiderte L\u00f6sungen<\/strong>: Das MetaBaffle\u2122-System kann vollst\u00e4ndig an die individuellen Anforderungen Ihres Projekts angepasst werden, von den Abmessungen und Profilen bis hin zu den Oberfl\u00e4chen und Abst\u00e4nden. Diese Flexibilit\u00e4t gew\u00e4hrleistet eine perfekte Anpassung an jedes architektonische Design.<\/li>\n<\/ul>\n<hr \/>\n<h3><strong>Schlussfolgerung<\/strong><\/h3>\n<p>Die <strong>MetaBaffle\u2122 Aluminiumlegierung Baffeldecke<\/strong> ist ein hochmodernes, leistungsstarkes Deckensystem, das die perfekte Balance zwischen \u00c4sthetik, Haltbarkeit und Funktionalit\u00e4t bietet. Mit seinem anpassbaren Design, der hervorragenden Materialqualit\u00e4t und den verbesserten akustischen Eigenschaften ist es eine ausgezeichnete Wahl f\u00fcr die Gestaltung moderner, nachhaltiger und hochwertiger R\u00e4ume. Ganz gleich, ob Sie ein Firmenb\u00fcro, einen \u00f6ffentlichen Veranstaltungsort oder ein Wohnprojekt planen, dieses Deckensystem bietet au\u00dfergew\u00f6hnliche Leistung und Stil.<\/p>\n<h4><strong>Erfahrungsberichte von Kunden<\/strong><\/h4>\n<blockquote><p><em>\"Wir lieben das moderne Aussehen, das die Aluminiumlegierung der Baffeldecke unserem B\u00fcro verleiht. Sie ist stilvoll, langlebig und leicht zu pflegen!\"<\/em><br \/>\n- Firmenkunde<\/p><\/blockquote>\n<blockquote><p><em>\"Die Baffeldecke in unserer Hotellobby erzeugt einen atemberaubenden visuellen Effekt. Die G\u00e4ste loben das Design st\u00e4ndig.\"<\/em><br \/>\n- Projektleiter Gastgewerbe<\/p><\/blockquote>","protected":false},"excerpt":{"rendered":"<p>Verwandeln Sie Ihren Raum mit der MetaBaffle\u2122 Baffle-Decke aus Aluminiumlegierung, die moderne \u00c4sthetik mit dauerhafter Funktionalit\u00e4t verbindet.<\/p>\n<p>Diese f\u00fcr moderne \u00c4sthetik und \u00fcberragende Haltbarkeit konzipierte Deckenl\u00f6sung bietet ein elegantes, stilvolles Finish f\u00fcr jedes Interieur.<\/p>\n<p>Sie sind einfach zu installieren und zu warten und eignen sich perfekt f\u00fcr gewerbliche und private Anwendungen. R\u00fcsten Sie Ihre Decken noch heute mit unseren hochwertigen Aluminium-Schalld\u00e4mpfersystemen auf!<\/p>","protected":false},"featured_media":20171,"comment_status":"open","ping_status":"closed","template":"","meta":{"_uag_custom_page_level_css":"","site-sidebar-layout":"default","site-content-layout":"","ast-site-content-layout":"default","site-content-style":"default","site-sidebar-style":"default","ast-global-header-display":"","ast-banner-title-visibility":"","ast-main-header-display":"","ast-hfb-above-header-display":"","ast-hfb-below-header-display":"","ast-hfb-mobile-header-display":"","site-post-title":"","ast-breadcrumbs-content":"","ast-featured-img":"","footer-sml-layout":"","theme-transparent-header-meta":"default","adv-header-id-meta":"","stick-header-meta":"","header-above-stick-meta":"","header-main-stick-meta":"","header-below-stick-meta":"","astra-migrate-meta-layouts":"set","ast-page-background-enabled":"default","ast-page-background-meta":{"desktop":{"background-color":"var(--ast-global-color-4)","background-image":"","background-repeat":"repeat","background-position":"center center","background-size":"auto","background-attachment":"scroll","background-type":"","background-media":"","overlay-type":"","overlay-color":"","overlay-opacity":"","overlay-gradient":""},"tablet":{"background-color":"","background-image":"","background-repeat":"repeat","background-position":"center center","background-size":"auto","background-attachment":"scroll","background-type":"","background-media":"","overlay-type":"","overlay-color":"","overlay-opacity":"","overlay-gradient":""},"mobile":{"background-color":"","background-image":"","background-repeat":"repeat","background-position":"center center","background-size":"auto","background-attachment":"scroll","background-type":"","background-media":"","overlay-type":"","overlay-color":"","overlay-opacity":"","overlay-gradient":""}},"ast-content-background-meta":{"desktop":{"background-color":"var(--ast-global-color-5)","background-image":"","background-repeat":"repeat","background-position":"center center","background-size":"auto","background-attachment":"scroll","background-type":"","background-media":"","overlay-type":"","overlay-color":"","overlay-opacity":"","overlay-gradient":""},"tablet":{"background-color":"var(--ast-global-color-5)","background-image":"","background-repeat":"repeat","background-position":"center center","background-size":"auto","background-attachment":"scroll","background-type":"","background-media":"","overlay-type":"","overlay-color":"","overlay-opacity":"","overlay-gradient":""},"mobile":{"background-color":"var(--ast-global-color-5)","background-image":"","background-repeat":"repeat","background-position":"center center","background-size":"auto","background-attachment":"scroll","background-type":"","background-media":"","overlay-type":"","overlay-color":"","overlay-opacity":"","overlay-gradient":""}}},"product_brand":[],"product_cat":[224],"product_tag":[191,193,194,192],"class_list":{"0":"post-16643","1":"product","2":"type-product","3":"status-publish","4":"has-post-thumbnail","6":"product_cat-aluminum-baffle-ceiling","7":"product_tag-aluminum-ceiling","8":"product_tag-baffle-ceiling","9":"product_tag-ceiling","10":"product_tag-metal-ceiling","11":"desktop-align-center","12":"tablet-align-left","13":"mobile-align-left","14":"ast-product-gallery-layout-horizontal-slider","15":"ast-product-single-variable","16":"ast-product-tabs-layout-vertical","18":"first","19":"instock","20":"shipping-taxable","21":"product-type-variable"},"uagb_featured_image_src":{"full":["https:\/\/meterny.com\/wp-content\/uploads\/2024\/12\/mmexport1733234298473.jpg",800,800,false],"thumbnail":["https:\/\/meterny.com\/wp-content\/uploads\/2024\/12\/mmexport1733234298473-150x150.jpg",150,150,true],"medium":["https:\/\/meterny.com\/wp-content\/uploads\/2024\/12\/mmexport1733234298473-300x300.jpg",300,300,true],"medium_large":["https:\/\/meterny.com\/wp-content\/uploads\/2024\/12\/mmexport1733234298473-768x768.jpg",768,768,true],"large":["https:\/\/meterny.com\/wp-content\/uploads\/2024\/12\/mmexport1733234298473.jpg",800,800,false],"1536x1536":["https:\/\/meterny.com\/wp-content\/uploads\/2024\/12\/mmexport1733234298473.jpg",800,800,false],"2048x2048":["https:\/\/meterny.com\/wp-content\/uploads\/2024\/12\/mmexport1733234298473.jpg",800,800,false],"trp-custom-language-flag":["https:\/\/meterny.com\/wp-content\/uploads\/2024\/12\/mmexport1733234298473.jpg",12,12,false],"woocommerce_thumbnail":["https:\/\/meterny.com\/wp-content\/uploads\/2024\/12\/mmexport1733234298473-300x300.jpg",300,300,true],"woocommerce_single":["https:\/\/meterny.com\/wp-content\/uploads\/2024\/12\/mmexport1733234298473-600x600.jpg",600,600,true],"woocommerce_gallery_thumbnail":["https:\/\/meterny.com\/wp-content\/uploads\/2024\/12\/mmexport1733234298473-100x100.jpg",100,100,true]},"uagb_author_info":{"display_name":"meterny","author_link":"https:\/\/meterny.com\/de\/author\/"},"uagb_comment_info":0,"uagb_excerpt":"Transform your space with MetaBaffle\u2122 Aluminum Alloy Baffle Ceiling, combining modern aesthetics with durable functionality Designed for modern aesthetics and superior durability, this ceiling solution offers a sleek, stylish finish for any interior. Easy to install and maintain, it\u2019s perfect for commercial and residential applications. Upgrade your ceilings today with our high-quality aluminum baffle systems!","_links":{"self":[{"href":"https:\/\/meterny.com\/de\/wp-json\/wp\/v2\/product\/16643","targetHints":{"allow":["GET"]}}],"collection":[{"href":"https:\/\/meterny.com\/de\/wp-json\/wp\/v2\/product"}],"about":[{"href":"https:\/\/meterny.com\/de\/wp-json\/wp\/v2\/types\/product"}],"replies":[{"embeddable":true,"href":"https:\/\/meterny.com\/de\/wp-json\/wp\/v2\/comments?post=16643"}],"wp:featuredmedia":[{"embeddable":true,"href":"https:\/\/meterny.com\/de\/wp-json\/wp\/v2\/media\/20171"}],"wp:attachment":[{"href":"https:\/\/meterny.com\/de\/wp-json\/wp\/v2\/media?parent=16643"}],"wp:term":[{"taxonomy":"product_brand","embeddable":true,"href":"https:\/\/meterny.com\/de\/wp-json\/wp\/v2\/product_brand?post=16643"},{"taxonomy":"product_cat","embeddable":true,"href":"https:\/\/meterny.com\/de\/wp-json\/wp\/v2\/product_cat?post=16643"},{"taxonomy":"product_tag","embeddable":true,"href":"https:\/\/meterny.com\/de\/wp-json\/wp\/v2\/product_tag?post=16643"}],"curies":[{"name":"wp","href":"https:\/\/api.w.org\/{rel}","templated":true}]}}