{"id":16660,"date":"2024-07-11T10:52:03","date_gmt":"2024-07-11T10:52:03","guid":{"rendered":"https:\/\/meterny.com\/?post_type=product&#038;p=16660"},"modified":"2025-01-02T12:48:54","modified_gmt":"2025-01-02T12:48:54","slug":"aluminum-tube-baffle-ceiling","status":"publish","type":"product","link":"https:\/\/meterny.com\/de\/produkt\/aluminum-tube-baffle-ceiling\/","title":{"rendered":"Aluminiumrohr-Schallwand Decke Kundenspezifischer Markt Aluminiumrohr-Schallwand Decke"},"content":{"rendered":"<div class=\"flex-shrink-0 flex flex-col relative items-end\">\n<div>\n<div class=\"pt-0\">\n<div class=\"gizmo-bot-avatar flex h-8 w-8 items-center justify-center overflow-hidden rounded-full\">\n<div class=\"relative p-1 rounded-sm flex items-center justify-center bg-token-main-surface-primary text-token-text-primary h-8 w-8\"><\/div>\n<\/div>\n<\/div>\n<\/div>\n<\/div>\n<div class=\"group\/conversation-turn relative flex w-full min-w-0 flex-col agent-turn\">\n<div class=\"flex-col gap-1 md:gap-3\">\n<div class=\"flex max-w-full flex-col flex-grow\">\n<div class=\"min-h-8 text-message flex w-full flex-col items-end gap-2 whitespace-normal break-words text-start [.text-message+&amp;]:mt-5\" dir=\"auto\" data-message-author-role=\"assistant\" data-message-id=\"1a646cfa-4bc3-4ee9-aba3-66351149314c\" data-message-model-slug=\"gpt-4o\">\n<div class=\"flex w-full flex-col gap-1 empty:hidden first:pt-[3px]\">\n<div class=\"markdown prose w-full break-words dark:prose-invert light\">\n<h3><strong>Aluminiumrohr-Schallwand Decke<\/strong><\/h3>\n<h4><strong>Produkt\u00fcbersicht<\/strong><\/h4>\n<p>Die <strong>Aluminiumrohr-Schallwand Decke<\/strong> ist eine zeitgem\u00e4\u00dfe Deckenl\u00f6sung, die f\u00fcr moderne Architekturprojekte entwickelt wurde. Dieses schlanke und vielseitige System besteht aus Aluminium-Rohrprofilen, die in einer abgeh\u00e4ngten Konfiguration angeordnet sind und eine minimalistische und elegante \u00c4sthetik bieten, w\u00e4hrend sie gleichzeitig die Funktionalit\u00e4t verbessern. Mit anpassbaren Abmessungen, Oberfl\u00e4chen und Abst\u00e4nden eignet sich die Aluminium-R\u00f6hrendecke ideal f\u00fcr die Schaffung unverwechselbarer Umgebungen in Gesch\u00e4fts-, Wohn- und \u00f6ffentlichen R\u00e4umen.<\/p>\n<figure id=\"attachment_17286\" aria-describedby=\"caption-attachment-17286\" style=\"width: 1024px\" class=\"wp-caption alignnone\"><img loading=\"lazy\" decoding=\"async\" class=\"wp-image-17286\" src=\"https:\/\/meterny.com\/wp-content\/uploads\/2024\/07\/22334455.png\" alt=\"Aluminiumrohr-Schallwand Decke\" width=\"1024\" height=\"1024\" srcset=\"https:\/\/meterny.com\/wp-content\/uploads\/2024\/07\/22334455.png 800w, https:\/\/meterny.com\/wp-content\/uploads\/2024\/07\/22334455-300x300.png 300w, https:\/\/meterny.com\/wp-content\/uploads\/2024\/07\/22334455-150x150.png 150w, https:\/\/meterny.com\/wp-content\/uploads\/2024\/07\/22334455-768x768.png 768w, https:\/\/meterny.com\/wp-content\/uploads\/2024\/07\/22334455-600x600.png 600w, https:\/\/meterny.com\/wp-content\/uploads\/2024\/07\/22334455-100x100.png 100w\" sizes=\"auto, (max-width: 1024px) 100vw, 1024px\" \/><figcaption id=\"caption-attachment-17286\" class=\"wp-caption-text\">Die gebogene Aluminiumdecke definiert die r\u00e4umliche Dynamik mit flie\u00dfendem Design neu.<\/figcaption><\/figure>\n<hr \/>\n<h4><strong>Wesentliche Merkmale<\/strong><\/h4>\n<ul>\n<li><strong>Schlankes Rohrdesign<\/strong>: Zylindrische Aluminiumprofile bieten eine klare, lineare \u00c4sthetik f\u00fcr einen modernen Look.<\/li>\n<li><strong>Anpassbare Optionen<\/strong>: Ma\u00dfgeschneiderte Rohrdurchmesser, -l\u00e4ngen, -oberfl\u00e4chen und -abst\u00e4nde f\u00fcr alle Projektanforderungen.<\/li>\n<li><strong>Leistungsstarkes Material<\/strong>: Hergestellt aus leichtem, korrosionsbest\u00e4ndigem Aluminium f\u00fcr lange Haltbarkeit.<\/li>\n<li><strong>Akustische Optimierung<\/strong>: Reduziert Ger\u00e4usche und Echos in offenen R\u00e4umen und verbessert so die Klangqualit\u00e4t.<\/li>\n<li><strong>Umweltvertr\u00e4gliches Bauen<\/strong>: Aluminium ist vollst\u00e4ndig recycelbar und unterst\u00fctzt nachhaltige Baupraktiken.<\/li>\n<li><strong>Nahtlose Integration<\/strong>: Kompatibel mit Beleuchtung, L\u00fcftung und anderen Deckenkomponenten.<\/li>\n<\/ul>\n<hr \/>\n<h4><strong>Anwendungen<\/strong><\/h4>\n<ul>\n<li><strong>Kommerzielle R\u00e4ume<\/strong>: B\u00fcror\u00e4ume, Einzelhandelsgesch\u00e4fte, Einkaufszentren und Coworking Spaces.<\/li>\n<li><strong>Gastfreundschaft<\/strong>: Hotels, Restaurants, Caf\u00e9s und Lounges.<\/li>\n<li><strong>\u00d6ffentliche Veranstaltungsorte<\/strong>: Flugh\u00e4fen, Bahnh\u00f6fe, H\u00f6rs\u00e4le und Bibliotheken.<\/li>\n<li><strong>Wohnr\u00e4ume<\/strong>: Moderne H\u00e4user, Wohnungen und Unterhaltungsbereiche.<\/li>\n<li><strong>Kultur- und Erholungsr\u00e4ume<\/strong>: Museen, Theater und Ausstellungsr\u00e4ume.<\/li>\n<\/ul>\n<hr \/>\n<h4><strong>Spezifikationen<\/strong><\/h4>\n<ul>\n<li><strong>Material<\/strong>: Hochwertige Aluminiumlegierung mit fortschrittlichen Beschichtungen f\u00fcr verbesserte Haltbarkeit.<\/li>\n<li><strong>Rohr-Profile<\/strong>: Erh\u00e4ltlich in verschiedenen Durchmessern und L\u00e4ngen, vollst\u00e4ndig anpassbar an die Projektanforderungen.<\/li>\n<li><strong>Ausf\u00fchrungsoptionen<\/strong>: Pulverbeschichtete, eloxierte oder holz\u00e4hnliche Oberfl\u00e4chen f\u00fcr \u00e4sthetische Flexibilit\u00e4t.<\/li>\n<li><strong>Farbpalette<\/strong>: Standard-RAL-Farben und kundenspezifische Farbt\u00f6ne auf Anfrage erh\u00e4ltlich.<\/li>\n<li><strong>Abst\u00e4nde<\/strong>: Einstellbarer Abstand zwischen den Rohren f\u00fcr gew\u00fcnschte optische und funktionale Effekte.<\/li>\n<li><strong>Aufh\u00e4ngungssystem<\/strong>: Die modulare Aufh\u00e4ngung gew\u00e4hrleistet eine einfache und sichere Installation.<\/li>\n<\/ul>\n<hr \/>\n<h4><strong>Vorteile<\/strong><\/h4>\n<ol>\n<li><strong>Moderne \u00c4sthetik<\/strong>: Bietet ein modernes und minimalistisches Aussehen, das zu verschiedenen architektonischen Stilen passt.<\/li>\n<li><strong>Dauerhaftigkeit und Langlebigkeit<\/strong>: Korrosions-, feuer- und feuchtigkeitsbest\u00e4ndig und somit dauerhaft zuverl\u00e4ssig.<\/li>\n<li><strong>Akustische Vorteile<\/strong>: Reduziert Umgebungsger\u00e4usche und ist damit ideal f\u00fcr R\u00e4ume, in denen Klarheit und Komfort gefragt sind.<\/li>\n<li><strong>Umweltfreundlich<\/strong>: Hergestellt aus recycelbarem Aluminium, das umweltfreundliche Baupraktiken f\u00f6rdert.<\/li>\n<li><strong>Flexibles Design<\/strong>: Anpassbar in Gr\u00f6\u00dfe, Ausf\u00fchrung und Konfiguration an die jeweiligen Projektanforderungen.<\/li>\n<li><strong>Einfache Installation und Wartung<\/strong>: Leichte Materialien und modulare Systeme vereinfachen den Aufbau und die Instandhaltung.<\/li>\n<\/ol>\n<hr \/>\n<h4><strong>Design-Inspiration<\/strong><\/h4>\n<p>Die <strong>Aluminiumrohr-Schallwand Decke<\/strong> schafft eine harmonische Mischung aus Funktionalit\u00e4t und Stil. Sein schlankes, r\u00f6hrenf\u00f6rmiges Design steigert das visuelle Interesse und sorgt gleichzeitig f\u00fcr ein sauberes und \u00fcbersichtliches Aussehen. Perfekt, um sowohl praktische als auch k\u00fcnstlerische Ziele in architektonischen Projekten zu erreichen.<\/p>\n<figure id=\"attachment_17138\" aria-describedby=\"caption-attachment-17138\" style=\"width: 1024px\" class=\"wp-caption alignnone\"><img loading=\"lazy\" decoding=\"async\" class=\"wp-image-17138\" src=\"https:\/\/meterny.com\/wp-content\/uploads\/2024\/09\/Hfef82f3530aa4d3db8ebb2939cd54a108.jpg\" alt=\"Meterny Aluminium-Paneel Fabrik Arbeitsablauf\" width=\"1024\" height=\"1024\" srcset=\"https:\/\/meterny.com\/wp-content\/uploads\/2024\/09\/Hfef82f3530aa4d3db8ebb2939cd54a108.jpg 1200w, https:\/\/meterny.com\/wp-content\/uploads\/2024\/09\/Hfef82f3530aa4d3db8ebb2939cd54a108-300x300.jpg 300w, https:\/\/meterny.com\/wp-content\/uploads\/2024\/09\/Hfef82f3530aa4d3db8ebb2939cd54a108-1024x1024.jpg 1024w, https:\/\/meterny.com\/wp-content\/uploads\/2024\/09\/Hfef82f3530aa4d3db8ebb2939cd54a108-150x150.jpg 150w, https:\/\/meterny.com\/wp-content\/uploads\/2024\/09\/Hfef82f3530aa4d3db8ebb2939cd54a108-768x768.jpg 768w, https:\/\/meterny.com\/wp-content\/uploads\/2024\/09\/Hfef82f3530aa4d3db8ebb2939cd54a108-600x600.jpg 600w, https:\/\/meterny.com\/wp-content\/uploads\/2024\/09\/Hfef82f3530aa4d3db8ebb2939cd54a108-100x100.jpg 100w\" sizes=\"auto, (max-width: 1024px) 100vw, 1024px\" \/><figcaption id=\"caption-attachment-17138\" class=\"wp-caption-text\">Die Arbeiter der Meterny-Aluminiumplattenfabrik in Aktion: Vom Schneiden zur Beschichtung.<\/figcaption><\/figure>\n<hr \/>\n<h4><strong>Warum sollten Sie sich f\u00fcr eine Aluminium-Rohrschirmdecke entscheiden?<\/strong><\/h4>\n<ul>\n<li><strong>\u00c4sthetische Anziehungskraft<\/strong>: Das klare, moderne Design wertet jeden Raum auf.<\/li>\n<li><strong>Funktionale Vorteile<\/strong>: Bietet akustische Leistung, Haltbarkeit und nahtlose Integration mit anderen Systemen.<\/li>\n<li><strong>Anpassbare L\u00f6sungen<\/strong>: Flexible Konfigurationen erm\u00f6glichen ma\u00dfgeschneiderte Designs, die den Anforderungen jedes Projekts gerecht werden.<\/li>\n<li><strong>Nachhaltige Wahl<\/strong>: Hergestellt aus recycelbaren Materialien f\u00fcr eine umweltbewusste Konstruktionsl\u00f6sung.<\/li>\n<\/ul>\n<\/div>\n<\/div>\n<\/div>\n<\/div>\n<\/div>\n<\/div>\n<figure id=\"attachment_17291\" aria-describedby=\"caption-attachment-17291\" style=\"width: 1024px\" class=\"wp-caption alignnone\"><img loading=\"lazy\" decoding=\"async\" class=\"wp-image-17291\" src=\"https:\/\/meterny.com\/wp-content\/uploads\/2024\/07\/\u5fae\u4fe1\u56fe\u7247_20240914142157-scaled.jpg\" alt=\"Kundenspezifische wellenf\u00f6rmige Aluminium-Schallw\u00e4nde\" width=\"1024\" height=\"768\" srcset=\"https:\/\/meterny.com\/wp-content\/uploads\/2024\/07\/\u5fae\u4fe1\u56fe\u7247_20240914142157-scaled.jpg 2560w, https:\/\/meterny.com\/wp-content\/uploads\/2024\/07\/\u5fae\u4fe1\u56fe\u7247_20240914142157-300x225.jpg 300w, https:\/\/meterny.com\/wp-content\/uploads\/2024\/07\/\u5fae\u4fe1\u56fe\u7247_20240914142157-1024x768.jpg 1024w, https:\/\/meterny.com\/wp-content\/uploads\/2024\/07\/\u5fae\u4fe1\u56fe\u7247_20240914142157-768x576.jpg 768w, https:\/\/meterny.com\/wp-content\/uploads\/2024\/07\/\u5fae\u4fe1\u56fe\u7247_20240914142157-1536x1152.jpg 1536w, https:\/\/meterny.com\/wp-content\/uploads\/2024\/07\/\u5fae\u4fe1\u56fe\u7247_20240914142157-2048x1536.jpg 2048w, https:\/\/meterny.com\/wp-content\/uploads\/2024\/07\/\u5fae\u4fe1\u56fe\u7247_20240914142157-600x450.jpg 600w\" sizes=\"auto, (max-width: 1024px) 100vw, 1024px\" \/><figcaption id=\"caption-attachment-17291\" class=\"wp-caption-text\">Elegante Aluminium-Deckenpaneele: Ein moderner Touch f\u00fcr jeden Raum.<\/figcaption><\/figure>\n<h3>Beschreibung<\/h3>\n<p>Werten Sie Ihren Markt mit unserer ma\u00dfgeschneiderten Aluminium-R\u00f6hren-Kulissendecke auf, die modernes Design mit praktischer Funktionalit\u00e4t verbindet. Diese aus hochwertigem Aluminium gefertigten Baffeldecken bieten ein elegantes Erscheinungsbild, verbessern die Akustik und erfordern nur minimale Wartung. Unsere Decken sind in einer Vielzahl von anpassbaren Konfigurationen und Ausf\u00fchrungen erh\u00e4ltlich und eignen sich perfekt f\u00fcr die Schaffung einer einzigartigen und einladenden Marktumgebung.<\/p>\n<h3>Farbe und Oberfl\u00e4che<\/h3>\n<ul>\n<li><strong>Vielfalt der Beschichtungen<\/strong>: Erh\u00e4ltlich in jeder Art von Beschichtung oder Bedruckung, die Ihren Gestaltungsw\u00fcnschen entspricht.<\/li>\n<li><strong>Unbegrenzte Farben<\/strong>: W\u00e4hlen Sie aus einer breiten Palette von Farben, einschlie\u00dflich Metalloberfl\u00e4chen und Holzmaserungen, die zu jeder Einrichtung passen.<\/li>\n<\/ul>\n<h3>Langlebig und wasserdicht<\/h3>\n<p>Hergestellt aus einer hochwertigen Aluminiumlegierung und mit der 3D Shape Fold Aluminiumtechnologie, ist diese Aluminiumdecke wie geschaffen f\u00fcr die Sch\u00f6nheit Ihrer Decke. Ihre wasserdichten Eigenschaften machen sie zu einer idealen Wahl f\u00fcr alle Wetterbedingungen und gew\u00e4hrleisten Langlebigkeit und minimale Wartung. Das hochwertige Qualit\u00e4tsmaterial sorgt f\u00fcr zus\u00e4tzliche Stabilit\u00e4t und macht sie zu einer zuverl\u00e4ssigen und robusten Decke f\u00fcr jeden Innenraum.<\/p>\n<figure id=\"attachment_17284\" aria-describedby=\"caption-attachment-17284\" style=\"width: 1024px\" class=\"wp-caption alignnone\"><img loading=\"lazy\" decoding=\"async\" class=\"wp-image-17284\" src=\"https:\/\/meterny.com\/wp-content\/uploads\/2024\/07\/223344-1.jpg\" alt=\"Ma\u00dfgefertigte Aluminium-Deckenverkleidungen in Wellenform\" width=\"1024\" height=\"1024\" srcset=\"https:\/\/meterny.com\/wp-content\/uploads\/2024\/07\/223344-1.jpg 640w, https:\/\/meterny.com\/wp-content\/uploads\/2024\/07\/223344-1-300x300.jpg 300w, https:\/\/meterny.com\/wp-content\/uploads\/2024\/07\/223344-1-150x150.jpg 150w, https:\/\/meterny.com\/wp-content\/uploads\/2024\/07\/223344-1-600x600.jpg 600w, https:\/\/meterny.com\/wp-content\/uploads\/2024\/07\/223344-1-100x100.jpg 100w\" sizes=\"auto, (max-width: 1024px) 100vw, 1024px\" \/><figcaption id=\"caption-attachment-17284\" class=\"wp-caption-text\">Dynamische Aluminium-Wellendecke, entworfen, um zu fesseln und zu inspirieren.<\/figcaption><\/figure>\n<div class=\"flex-1 overflow-hidden @container\/thread\">\n<div class=\"h-full\">\n<div class=\"react-scroll-to-bottom--css-adndq-79elbk h-full\">\n<div class=\"react-scroll-to-bottom--css-adndq-1n7m0yu\">\n<div class=\"flex flex-col text-sm md:pb-9\">\n<article class=\"w-full scroll-mb-[var(--thread-trailing-height,150px)] text-token-text-primary focus-visible:outline-2 focus-visible:outline-offset-[-4px]\" dir=\"auto\" data-testid=\"conversation-turn-67\" data-scroll-anchor=\"true\">\n<div class=\"m-auto text-base py-[18px] px-3 md:px-4 w-full md:px-5 lg:px-4 xl:px-5\">\n<div class=\"mx-auto flex flex-1 gap-4 text-base md:gap-5 lg:gap-6 md:max-w-3xl lg:max-w-[40rem] xl:max-w-[48rem]\">\n<div class=\"group\/conversation-turn relative flex w-full min-w-0 flex-col agent-turn\">\n<div class=\"flex-col gap-1 md:gap-3\">\n<div class=\"flex max-w-full flex-col flex-grow\">\n<div class=\"min-h-8 text-message flex w-full flex-col items-end gap-2 whitespace-normal break-words text-start [.text-message+&amp;]:mt-5\" dir=\"auto\" data-message-author-role=\"assistant\" data-message-id=\"b5763bb0-f819-4502-b3cb-00c79507d518\" data-message-model-slug=\"gpt-4o\">\n<div class=\"flex w-full flex-col gap-1 empty:hidden first:pt-[3px]\">\n<div class=\"markdown prose w-full break-words dark:prose-invert light\">\n<h3><strong>Warum sollten Sie sich f\u00fcr eine ma\u00dfgeschneiderte Aluminium-Rohrschirmdecke entscheiden?<\/strong><\/h3>\n<p>Die <strong>Kundenspezifischer Markt Aluminiumrohr Schallwand Decke<\/strong> ist eine ideale L\u00f6sung f\u00fcr Architekten und Designer, die bei ihren Projekten moderne \u00c4sthetik, Funktionalit\u00e4t und Nachhaltigkeit anstreben. Hier erfahren Sie, warum dieses Deckensystem so besonders ist:<\/p>\n<hr \/>\n<h4><strong>1. Schlankes und modernes Design<\/strong><\/h4>\n<ul>\n<li><strong>R\u00f6hrenf\u00f6rmige \u00c4sthetik<\/strong>: Das klare, zylindrische Design sorgt f\u00fcr einen raffinierten, modernen Look, der jeden Raum aufwertet.<\/li>\n<li><strong>Anpassbares Erscheinungsbild<\/strong>: Passen Sie den Rohrdurchmesser, die L\u00e4nge und die Abst\u00e4nde an Ihre individuellen Designvorstellungen und Projektanforderungen an.<\/li>\n<\/ul>\n<hr \/>\n<h4><strong>2. Vielseitigkeit der Anwendungen<\/strong><\/h4>\n<ul>\n<li><strong>Breites Spektrum an Einsatzm\u00f6glichkeiten<\/strong>: Hervorragend geeignet f\u00fcr Gesch\u00e4fts- und Wohnr\u00e4ume, Gastst\u00e4tten und \u00f6ffentliche Einrichtungen.<\/li>\n<li><strong>Innen und Au\u00dfen<\/strong>: Die robuste Aluminiumkonstruktion eignet sich sowohl f\u00fcr den Innen- als auch f\u00fcr den Au\u00dfenbereich.<\/li>\n<\/ul>\n<hr \/>\n<h4><strong>3. Au\u00dfergew\u00f6hnliche Langlebigkeit des Materials<\/strong><\/h4>\n<ul>\n<li><strong>Korrosionsbest\u00e4ndiges Aluminium<\/strong>: Langlebige Leistung, auch in schwierigen Umgebungen.<\/li>\n<li><strong>Feuer- und feuchtigkeitsbest\u00e4ndig<\/strong>: Entwickelt, um Sicherheitsstandards zu erf\u00fcllen und Umweltbelastungen standzuhalten.<\/li>\n<\/ul>\n<hr \/>\n<h4><strong>4. Akustische Leistung<\/strong><\/h4>\n<ul>\n<li><strong>Rauschunterdr\u00fcckung<\/strong>: Das Design der Rohrschalld\u00e4mpfer absorbiert den Schall und reduziert das Echo, wodurch ein komfortablerer und funktionalerer Raum geschaffen wird.<\/li>\n<li><strong>Verbesserte Klangklarheit<\/strong>: Ideal f\u00fcr offene R\u00e4ume wie B\u00fcros, Einzelhandelsgesch\u00e4fte und \u00f6ffentliche Einrichtungen, in denen die Akustik eine wichtige Rolle spielt.<\/li>\n<\/ul>\n<hr \/>\n<h4><strong>5. Nachhaltig und umweltvertr\u00e4glich<\/strong><\/h4>\n<ul>\n<li><strong>Recycelbares Material<\/strong>: Hergestellt aus 100% recycelbarem Aluminium, das nachhaltige Baupraktiken unterst\u00fctzt.<\/li>\n<li><strong>Energieeffizient<\/strong>: Kann mit LED-Beleuchtungssystemen integriert werden, um den Energieverbrauch zu senken.<\/li>\n<\/ul>\n<hr \/>\n<h4><strong>6. Flexibilit\u00e4t bei der Anpassung<\/strong><\/h4>\n<ul>\n<li><strong>Ma\u00dfgeschneidertes Design<\/strong>: Erh\u00e4ltlich in verschiedenen Ausf\u00fchrungen, Farben und Konfigurationen, um projektspezifische Anforderungen zu erf\u00fcllen.<\/li>\n<li><strong>Nahtlose Integration<\/strong>: Kompatibel mit Beleuchtung, HLK-Systemen und anderen Deckenkomponenten f\u00fcr ein stimmiges Design.<\/li>\n<\/ul>\n<hr \/>\n<h4><strong>7. Einfache Installation und Wartung<\/strong><\/h4>\n<ul>\n<li><strong>Modulares System<\/strong>: Vereinfacht die Installation durch vorgefertigte Komponenten und spart Zeit und Arbeitskosten.<\/li>\n<li><strong>Geringe Wartung<\/strong>: Langlebige Beschichtungen widerstehen Schmutz, Flecken und Verblassen und erfordern nur minimale Pflege.<\/li>\n<\/ul>\n<hr \/>\n<h3><strong>Schlussfolgerung<\/strong><\/h3>\n<p>Die <strong>Kundenspezifischer Markt Aluminiumrohr Schallwand Decke<\/strong> bietet eine perfekte Mischung aus moderner \u00c4sthetik, Haltbarkeit und Funktionalit\u00e4t. Mit seiner Flexibilit\u00e4t im Design, den akustischen Vorteilen und den nachhaltigen Eigenschaften ist es eine ausgezeichnete Wahl f\u00fcr die Gestaltung stilvoller und leistungsstarker R\u00e4ume. Ob in einer belebten Einzelhandelsumgebung oder in einer ruhigen Wohngegend, dieses Deckensystem \u00fcberzeugt auf ganzer Linie.<\/p>\n<\/div>\n<\/div>\n<\/div>\n<\/div>\n<\/div>\n<div class=\"absolute\">\n<div class=\"flex items-center justify-center\"><\/div>\n<\/div>\n<\/div>\n<\/div>\n<\/div>\n<\/article>\n<\/div>\n<\/div>\n<\/div>\n<\/div>\n<\/div>\n<div class=\"md:pt-0 dark:border-white\/20 md:border-transparent md:dark:border-transparent w-full\">\n<div>\n<div class=\"m-auto text-base px-3 md:px-4 w-full md:px-5 lg:px-4 xl:px-5\">\n<div class=\"mx-auto flex flex-1 gap-4 text-base md:gap-5 lg:gap-6 md:max-w-3xl lg:max-w-[40rem] xl:max-w-[48rem]\">\n<div class=\"flex justify-center\"><strong style=\"font-size: 1.3em;\">Erfahrungsberichte von Kunden<\/strong><\/div>\n<\/div>\n<\/div>\n<\/div>\n<\/div>\n<blockquote><p><em>\"Wir haben uns bei der Renovierung unseres B\u00fcros f\u00fcr die Aluminum Tube Baffle Ceiling entschieden, und sie hat den Raum sofort verwandelt. Sie ist modern, funktional und umwerfend!\"<\/em><br \/>\n- Innenarchitekt<\/p><\/blockquote>\n<blockquote><p><em>\"Das Deckensystem war einfach zu installieren und verlieh unserer Hotellobby einen raffinierten Touch. Die akustischen Vorteile waren ein zus\u00e4tzlicher Bonus!\"<\/em><br \/>\n- Projektleiter<\/p><\/blockquote>","protected":false},"excerpt":{"rendered":"<p>Verbessern Sie das Ambiente Ihres Restaurants mit MetaBaffle\u2122 Aluminum Tube Baffle Ceiling, einer Kombination aus modernem Design, akustischer Verbesserung und einfacher Wartung f\u00fcr ein stilvolles Restauranterlebnis.<\/p>","protected":false},"featured_media":17286,"comment_status":"open","ping_status":"closed","template":"","meta":{"_uag_custom_page_level_css":"","site-sidebar-layout":"default","site-content-layout":"","ast-site-content-layout":"default","site-content-style":"default","site-sidebar-style":"default","ast-global-header-display":"","ast-banner-title-visibility":"","ast-main-header-display":"","ast-hfb-above-header-display":"","ast-hfb-below-header-display":"","ast-hfb-mobile-header-display":"","site-post-title":"","ast-breadcrumbs-content":"","ast-featured-img":"","footer-sml-layout":"","theme-transparent-header-meta":"default","adv-header-id-meta":"","stick-header-meta":"","header-above-stick-meta":"","header-main-stick-meta":"","header-below-stick-meta":"","astra-migrate-meta-layouts":"set","ast-page-background-enabled":"default","ast-page-background-meta":{"desktop":{"background-color":"var(--ast-global-color-4)","background-image":"","background-repeat":"repeat","background-position":"center center","background-size":"auto","background-attachment":"scroll","background-type":"","background-media":"","overlay-type":"","overlay-color":"","overlay-opacity":"","overlay-gradient":""},"tablet":{"background-color":"","background-image":"","background-repeat":"repeat","background-position":"center center","background-size":"auto","background-attachment":"scroll","background-type":"","background-media":"","overlay-type":"","overlay-color":"","overlay-opacity":"","overlay-gradient":""},"mobile":{"background-color":"","background-image":"","background-repeat":"repeat","background-position":"center center","background-size":"auto","background-attachment":"scroll","background-type":"","background-media":"","overlay-type":"","overlay-color":"","overlay-opacity":"","overlay-gradient":""}},"ast-content-background-meta":{"desktop":{"background-color":"var(--ast-global-color-5)","background-image":"","background-repeat":"repeat","background-position":"center center","background-size":"auto","background-attachment":"scroll","background-type":"","background-media":"","overlay-type":"","overlay-color":"","overlay-opacity":"","overlay-gradient":""},"tablet":{"background-color":"var(--ast-global-color-5)","background-image":"","background-repeat":"repeat","background-position":"center center","background-size":"auto","background-attachment":"scroll","background-type":"","background-media":"","overlay-type":"","overlay-color":"","overlay-opacity":"","overlay-gradient":""},"mobile":{"background-color":"var(--ast-global-color-5)","background-image":"","background-repeat":"repeat","background-position":"center center","background-size":"auto","background-attachment":"scroll","background-type":"","background-media":"","overlay-type":"","overlay-color":"","overlay-opacity":"","overlay-gradient":""}}},"product_brand":[],"product_cat":[224],"product_tag":[191,193,194,192],"class_list":{"0":"post-16660","1":"product","2":"type-product","3":"status-publish","4":"has-post-thumbnail","6":"product_cat-aluminum-baffle-ceiling","7":"product_tag-aluminum-ceiling","8":"product_tag-baffle-ceiling","9":"product_tag-ceiling","10":"product_tag-metal-ceiling","11":"desktop-align-center","12":"tablet-align-left","13":"mobile-align-left","14":"ast-product-gallery-layout-horizontal-slider","15":"ast-product-tabs-layout-vertical","17":"first","18":"instock","19":"shipping-taxable","20":"product-type-simple"},"uagb_featured_image_src":{"full":["https:\/\/meterny.com\/wp-content\/uploads\/2024\/07\/22334455.png",800,800,false],"thumbnail":["https:\/\/meterny.com\/wp-content\/uploads\/2024\/07\/22334455-150x150.png",150,150,true],"medium":["https:\/\/meterny.com\/wp-content\/uploads\/2024\/07\/22334455-300x300.png",300,300,true],"medium_large":["https:\/\/meterny.com\/wp-content\/uploads\/2024\/07\/22334455-768x768.png",768,768,true],"large":["https:\/\/meterny.com\/wp-content\/uploads\/2024\/07\/22334455.png",800,800,false],"1536x1536":["https:\/\/meterny.com\/wp-content\/uploads\/2024\/07\/22334455.png",800,800,false],"2048x2048":["https:\/\/meterny.com\/wp-content\/uploads\/2024\/07\/22334455.png",800,800,false],"trp-custom-language-flag":["https:\/\/meterny.com\/wp-content\/uploads\/2024\/07\/22334455.png",12,12,false],"woocommerce_thumbnail":["https:\/\/meterny.com\/wp-content\/uploads\/2024\/07\/22334455-300x300.png",300,300,true],"woocommerce_single":["https:\/\/meterny.com\/wp-content\/uploads\/2024\/07\/22334455-600x600.png",600,600,true],"woocommerce_gallery_thumbnail":["https:\/\/meterny.com\/wp-content\/uploads\/2024\/07\/22334455-100x100.png",100,100,true]},"uagb_author_info":{"display_name":"meterny","author_link":"https:\/\/meterny.com\/de\/author\/"},"uagb_comment_info":0,"uagb_excerpt":"Elevate your restaurant's ambiance with MetaBaffle\u2122 Aluminum Tube Baffle Ceiling, combining modern design, acoustic improvement, and easy maintenance for a stylish dining experience.","_links":{"self":[{"href":"https:\/\/meterny.com\/de\/wp-json\/wp\/v2\/product\/16660","targetHints":{"allow":["GET"]}}],"collection":[{"href":"https:\/\/meterny.com\/de\/wp-json\/wp\/v2\/product"}],"about":[{"href":"https:\/\/meterny.com\/de\/wp-json\/wp\/v2\/types\/product"}],"replies":[{"embeddable":true,"href":"https:\/\/meterny.com\/de\/wp-json\/wp\/v2\/comments?post=16660"}],"wp:featuredmedia":[{"embeddable":true,"href":"https:\/\/meterny.com\/de\/wp-json\/wp\/v2\/media\/17286"}],"wp:attachment":[{"href":"https:\/\/meterny.com\/de\/wp-json\/wp\/v2\/media?parent=16660"}],"wp:term":[{"taxonomy":"product_brand","embeddable":true,"href":"https:\/\/meterny.com\/de\/wp-json\/wp\/v2\/product_brand?post=16660"},{"taxonomy":"product_cat","embeddable":true,"href":"https:\/\/meterny.com\/de\/wp-json\/wp\/v2\/product_cat?post=16660"},{"taxonomy":"product_tag","embeddable":true,"href":"https:\/\/meterny.com\/de\/wp-json\/wp\/v2\/product_tag?post=16660"}],"curies":[{"name":"wp","href":"https:\/\/api.w.org\/{rel}","templated":true}]}}