{"id":16689,"date":"2024-07-11T14:17:55","date_gmt":"2024-07-11T14:17:55","guid":{"rendered":"https:\/\/meterny.com\/?post_type=product&#038;p=16689"},"modified":"2025-01-02T13:22:04","modified_gmt":"2025-01-02T13:22:04","slug":"office-aluminum-flat-clip-in-ceiling-tiles","status":"publish","type":"product","link":"https:\/\/meterny.com\/de\/produkt\/office-aluminum-flat-clip-in-ceiling-tiles\/","title":{"rendered":"Modernes Firmenb\u00fcro Aluminium-Flachdeckenplatten zum Einh\u00e4ngen"},"content":{"rendered":"<h3><strong>B\u00fcro-Aluminium-Flachdeckenplatten zum Einh\u00e4ngen<\/strong><\/h3>\n<h4><strong>Produkt\u00fcbersicht<\/strong><\/h4>\n<p>Die <strong>B\u00fcro-Aluminium-Flachdeckenplatten zum Einh\u00e4ngen<\/strong> sind eine moderne, langlebige und vielseitige L\u00f6sung f\u00fcr gewerbliche B\u00fcror\u00e4ume. Diese auf Funktionalit\u00e4t und \u00c4sthetik ausgelegten Platten sorgen f\u00fcr ein elegantes und nahtloses Deckenfinish und bieten gleichzeitig au\u00dfergew\u00f6hnliche Leistungen in Bezug auf Schallschutz, Feuerbest\u00e4ndigkeit und Wartungseffizienz. Ihr flaches, minimalistisches Design passt zu modernen B\u00fcroeinrichtungen und macht sie zur perfekten Wahl f\u00fcr professionelle Umgebungen.<\/p>\n<hr \/>\n<figure id=\"attachment_17257\" aria-describedby=\"caption-attachment-17257\" style=\"width: 1024px\" class=\"wp-caption alignnone\"><img loading=\"lazy\" decoding=\"async\" class=\"wp-image-17257\" src=\"https:\/\/meterny.com\/wp-content\/uploads\/2024\/07\/14-21zhu.png\" alt=\"B\u00fcro-Aluminium-Flachdeckenplatten zum Einh\u00e4ngen\" width=\"1024\" height=\"1024\" srcset=\"https:\/\/meterny.com\/wp-content\/uploads\/2024\/07\/14-21zhu.png 800w, https:\/\/meterny.com\/wp-content\/uploads\/2024\/07\/14-21zhu-300x300.png 300w, https:\/\/meterny.com\/wp-content\/uploads\/2024\/07\/14-21zhu-150x150.png 150w, https:\/\/meterny.com\/wp-content\/uploads\/2024\/07\/14-21zhu-768x768.png 768w, https:\/\/meterny.com\/wp-content\/uploads\/2024\/07\/14-21zhu-600x600.png 600w, https:\/\/meterny.com\/wp-content\/uploads\/2024\/07\/14-21zhu-100x100.png 100w\" sizes=\"auto, (max-width: 1024px) 100vw, 1024px\" \/><figcaption id=\"caption-attachment-17257\" class=\"wp-caption-text\">Flache Aluminium-Clip-in-Paneele, die saubere und moderne Deckenl\u00f6sungen bieten.<\/figcaption><\/figure>\n<h4><strong>Wesentliche Merkmale<\/strong><\/h4>\n<ul>\n<li><strong>Schlankes, flaches Design<\/strong>: Bietet ein sauberes, modernes Aussehen, das die \u00c4sthetik von B\u00fcror\u00e4umen aufwertet.<\/li>\n<li><strong>Einfache Clip-in-Installation<\/strong>: Ein sicheres Clip-in-System sorgt f\u00fcr eine schnelle und nahtlose Installation ohne sichtbare Gitterlinien.<\/li>\n<li><strong>Langlebiges Aluminium-Material<\/strong>: Die aus hochwertigem Aluminium hergestellten Fliesen sind leicht, korrosionsbest\u00e4ndig und langlebig.<\/li>\n<li><strong>Akustische Leistung<\/strong>: Es reduziert die Umgebungsger\u00e4usche und sorgt so f\u00fcr einen ruhigeren und komfortableren Arbeitsbereich.<\/li>\n<li><strong>Feuerbest\u00e4ndigkeit<\/strong>: Zertifiziert nach internationalen Brandschutznormen, um maximalen Schutz f\u00fcr B\u00fcroumgebungen zu gew\u00e4hrleisten.<\/li>\n<li><strong>Anpassbares Finish<\/strong>: Erh\u00e4ltlich in verschiedenen Ausf\u00fchrungen, darunter matte, metallische und strukturierte Beschichtungen, die zu verschiedenen Einrichtungsstilen passen.<\/li>\n<li><strong>Geringe Wartung<\/strong>: Die glatte Oberfl\u00e4che ist fleckenunempfindlich und leicht zu reinigen und erfordert nur minimalen Pflegeaufwand.<\/li>\n<\/ul>\n<hr \/>\n<h4><strong>Anwendungen von flachen Aluminium-Clip-in-Deckenplatten f\u00fcr B\u00fcros<\/strong><\/h4>\n<ul>\n<li><strong>Firmenb\u00fcros<\/strong>: Sitzungsr\u00e4ume, R\u00e4ume f\u00fcr F\u00fchrungskr\u00e4fte und Gro\u00dfraumb\u00fcros.<\/li>\n<li><strong>Einzelhandelsfl\u00e4chen<\/strong>: Ausstellungsr\u00e4ume, Boutiquen und Gesch\u00e4ftskomplexe.<\/li>\n<li><strong>\u00d6ffentliche Einrichtungen<\/strong>: Bibliotheken, Bildungseinrichtungen und Konferenzzentren.<\/li>\n<li><strong>Gastfreundschaft Veranstaltungsorte<\/strong>: Hotels, Lounges und Coworking Spaces.<\/li>\n<\/ul>\n<hr \/>\n<h4><strong>Spezifikationen f\u00fcr B\u00fcro-Aluminium-Flachdeckenplatten zum Einh\u00e4ngen<\/strong><\/h4>\n<ul>\n<li><strong>Material<\/strong>: Hochwertiges Aluminium mit optionalen Beschichtungen f\u00fcr verbesserte Leistung.<\/li>\n<li><strong>Panel Abmessungen<\/strong>: Standardgr\u00f6\u00dfen von 600 x 600 mm und 1200 x 600 mm; Sondergr\u00f6\u00dfen auf Anfrage.<\/li>\n<li><strong>Dicke<\/strong>: Der Bereich reicht von 0,5 mm bis 1,0 mm und gew\u00e4hrleistet Haltbarkeit und Leichtbau.<\/li>\n<li><strong>Ausf\u00fchrungsoptionen<\/strong>: Pulverbeschichtete, eloxierte oder geb\u00fcrstete Oberfl\u00e4chen in einer breiten Palette von Farben und Texturen.<\/li>\n<li><strong>Installationssystem<\/strong>: Clip-in-Mechanismus kompatibel mit Standard-T-Bar-Grid-Systemen.<\/li>\n<li><strong>Akustische Bewertung<\/strong>: Ger\u00e4uschreduzierungskoeffizient (NRC) speziell f\u00fcr B\u00fcroumgebungen.<\/li>\n<li><strong>Feuerbest\u00e4ndigkeit<\/strong>: Zertifiziert f\u00fcr die Erf\u00fcllung der Brandsicherheitsklasse A.<\/li>\n<\/ul>\n<hr \/>\n<figure id=\"attachment_17268\" aria-describedby=\"caption-attachment-17268\" style=\"width: 1024px\" class=\"wp-caption alignnone\"><img loading=\"lazy\" decoding=\"async\" class=\"wp-image-17268\" src=\"https:\/\/meterny.com\/wp-content\/uploads\/2024\/07\/4-13zhu.jpg\" alt=\"Kundenspezifische Aluminium-Clip-in-Decken\" width=\"1024\" height=\"1024\" srcset=\"https:\/\/meterny.com\/wp-content\/uploads\/2024\/07\/4-13zhu.jpg 800w, https:\/\/meterny.com\/wp-content\/uploads\/2024\/07\/4-13zhu-300x300.jpg 300w, https:\/\/meterny.com\/wp-content\/uploads\/2024\/07\/4-13zhu-150x150.jpg 150w, https:\/\/meterny.com\/wp-content\/uploads\/2024\/07\/4-13zhu-768x768.jpg 768w, https:\/\/meterny.com\/wp-content\/uploads\/2024\/07\/4-13zhu-600x600.jpg 600w, https:\/\/meterny.com\/wp-content\/uploads\/2024\/07\/4-13zhu-100x100.jpg 100w\" sizes=\"auto, (max-width: 1024px) 100vw, 1024px\" \/><figcaption id=\"caption-attachment-17268\" class=\"wp-caption-text\">Flache Aluminium-Clip-in-Paneele, einfach und doch raffiniert f\u00fcr saubere Innenraumgestaltung.<\/figcaption><\/figure>\n<h4><strong>Vorteile von B\u00fcro-Aluminium-Flachdeckenplatten zum Einh\u00e4ngen<\/strong><\/h4>\n<ol>\n<li><strong>Moderne \u00c4sthetik<\/strong>: Das flache, nahtlose Design verst\u00e4rkt die visuelle Wirkung von B\u00fcroeinrichtungen.<\/li>\n<li><strong>Akustischer Wirkungsgrad<\/strong>: Reduziert den Ger\u00e4uschpegel und f\u00f6rdert eine produktive und angenehme Arbeitsumgebung.<\/li>\n<li><strong>Langlebige Konstruktion<\/strong>: Korrosions-, feuchtigkeits- und verschlei\u00dfbest\u00e4ndig, daher f\u00fcr den langfristigen Einsatz geeignet.<\/li>\n<li><strong>Einhaltung des Brandschutzes<\/strong>: Erf\u00fcllt die strengen Brandschutznormen und bietet somit Sicherheit f\u00fcr den gewerblichen Bereich.<\/li>\n<li><strong>Anpassbare Optionen<\/strong>: Eine Vielzahl von Oberfl\u00e4chen, Farben und Gr\u00f6\u00dfen f\u00fcr spezifische Designanforderungen.<\/li>\n<li><strong>Einfache Wartung<\/strong>: Die glatte Oberfl\u00e4che ist schmutz- und fleckenabweisend und muss nur gelegentlich gereinigt werden.<\/li>\n<li><strong>Umweltfreundlich<\/strong>: Hergestellt aus recycelbarem Aluminium, das zu einer nachhaltigen Baupraxis beitr\u00e4gt.<\/li>\n<\/ol>\n<hr \/>\n<h4><strong>Design-Inspiration<\/strong><\/h4>\n<p>Die <strong>B\u00fcro-Aluminium-Flachdeckenplatten zum Einh\u00e4ngen<\/strong> kombinieren Schlichtheit und Eleganz und erg\u00e4nzen moderne B\u00fcrokonzepte. Ihr flaches Profil und die nahtlose Oberfl\u00e4che tragen dazu bei, ein professionelles und geschliffenes Umfeld zu schaffen und gleichzeitig praktische Belange wie L\u00e4rmschutz und Brandschutz zu ber\u00fccksichtigen. Ob in einem belebten Gro\u00dfraumb\u00fcro oder einem ruhigen Besprechungsraum, diese Fliesen bieten sowohl Stil als auch Funktionalit\u00e4t.<\/p>\n<h3>Beschreibung<\/h3>\n<p>Verwandeln Sie Ihre B\u00fcror\u00e4ume mit unseren flachen Clip-in-Deckenplatten aus Aluminium, die jeder Umgebung einen modernen und raffinierten Touch verleihen. Die aus hochwertigem Aluminium gefertigten Office Aluminum Flat Clip-in Ceiling Tiles verbessern nicht nur die visuelle Attraktivit\u00e4t Ihres B\u00fcros, sondern sind auch besonders langlebig und wartungsarm. Die Office Aluminum Flat Clip-in Ceiling Tiles sind ideal, um eine elegante und professionelle Atmosph\u00e4re zu schaffen. Sie sind in einer Vielzahl von anpassbaren Oberfl\u00e4chen erh\u00e4ltlich, die perfekt zum Branding und den Designvorlieben Ihres Unternehmens passen. Ob f\u00fcr Lobbys, Besprechungsr\u00e4ume oder offene B\u00fcrobereiche, diese Fliesen bieten eine anspruchsvolle L\u00f6sung, die sowohl \u00e4sthetischen als auch funktionalen Anforderungen gerecht wird.<\/p>\n<figure id=\"attachment_17270\" aria-describedby=\"caption-attachment-17270\" style=\"width: 1024px\" class=\"wp-caption alignnone\"><img loading=\"lazy\" decoding=\"async\" class=\"wp-image-17270\" src=\"https:\/\/meterny.com\/wp-content\/uploads\/2024\/07\/\u4e0b\u8f7d-19.jpg\" alt=\"Eine Vielzahl von Aluminium-Clip-in-Deckenpaneelen\" width=\"1024\" height=\"1024\" srcset=\"https:\/\/meterny.com\/wp-content\/uploads\/2024\/07\/\u4e0b\u8f7d-19.jpg 1200w, https:\/\/meterny.com\/wp-content\/uploads\/2024\/07\/\u4e0b\u8f7d-19-300x300.jpg 300w, https:\/\/meterny.com\/wp-content\/uploads\/2024\/07\/\u4e0b\u8f7d-19-1024x1024.jpg 1024w, https:\/\/meterny.com\/wp-content\/uploads\/2024\/07\/\u4e0b\u8f7d-19-150x150.jpg 150w, https:\/\/meterny.com\/wp-content\/uploads\/2024\/07\/\u4e0b\u8f7d-19-768x768.jpg 768w, https:\/\/meterny.com\/wp-content\/uploads\/2024\/07\/\u4e0b\u8f7d-19-600x600.jpg 600w, https:\/\/meterny.com\/wp-content\/uploads\/2024\/07\/\u4e0b\u8f7d-19-100x100.jpg 100w\" sizes=\"auto, (max-width: 1024px) 100vw, 1024px\" \/><figcaption id=\"caption-attachment-17270\" class=\"wp-caption-text\">Eine Vielzahl von Aluminium-Clip-in-Deckenpaneelen, die verschiedene Stile f\u00fcr eine vielseitige Innenraumgestaltung bieten.<\/figcaption><\/figure>\n<h3>Farbe und Oberfl\u00e4che<\/h3>\n<ul>\n<li><strong>Vielfalt der Beschichtungen<\/strong>: Erh\u00e4ltlich in jeder Art von Beschichtung oder Bedruckung, die Ihren Gestaltungsw\u00fcnschen entspricht.<\/li>\n<li><strong>Unbegrenzte Farben<\/strong>: W\u00e4hlen Sie aus einer breiten Palette von Farben, einschlie\u00dflich Metalloberfl\u00e4chen und Holzmaserungen, die zu jeder Einrichtung passen.<\/li>\n<\/ul>\n<h3>Langlebig und wasserdicht<\/h3>\n<p>Hergestellt aus einer hochwertigen Aluminiumlegierung und mit der 3D Shape Fold Aluminiumtechnologie, ist diese Aluminiumdecke wie geschaffen f\u00fcr die Sch\u00f6nheit Ihrer Decke. Ihre wasserdichten Eigenschaften machen sie zu einer idealen Wahl f\u00fcr alle Wetterbedingungen und gew\u00e4hrleisten Langlebigkeit und minimale Wartung. Das hochwertige Material sorgt f\u00fcr zus\u00e4tzliche Stabilit\u00e4t und macht sie zu einer zuverl\u00e4ssigen und robusten Decke f\u00fcr jeden Innenraum.<\/p>\n<figure id=\"attachment_17251\" aria-describedby=\"caption-attachment-17251\" style=\"width: 1024px\" class=\"wp-caption alignnone\"><img loading=\"lazy\" decoding=\"async\" class=\"wp-image-17251\" src=\"https:\/\/meterny.com\/wp-content\/uploads\/2024\/07\/3-11ZHU.png\" alt=\"Krankenhaus-Deckenfliese\" width=\"1024\" height=\"1024\" \/><figcaption id=\"caption-attachment-17251\" class=\"wp-caption-text\">Moderne Aluminium-Clip-in-Decke, entworfen f\u00fcr schlichte und funktionale Innenr\u00e4ume.<\/figcaption><\/figure>\n<div class=\"flex-shrink-0 flex flex-col relative items-end\">\n<div>\n<div class=\"pt-0\">\n<div class=\"gizmo-bot-avatar flex h-8 w-8 items-center justify-center overflow-hidden rounded-full\">\n<div class=\"relative p-1 rounded-sm flex items-center justify-center bg-token-main-surface-primary text-token-text-primary h-8 w-8\">\n<h3><strong>Warum sollten Sie sich f\u00fcr flache Clip-in-Deckenplatten aus Aluminium f\u00fcr das B\u00fcro entscheiden?<\/strong><\/h3>\n<ul>\n<li><strong>Professionelle \u00c4sthetik<\/strong>: Bietet eine saubere, nahtlose Oberfl\u00e4che, die das Aussehen von B\u00fcror\u00e4umen aufwertet.<\/li>\n<li><strong>\u00dcberlegene Langlebigkeit<\/strong>: Die hochwertige Aluminiumkonstruktion gew\u00e4hrleistet eine lange Lebensdauer.<\/li>\n<li><strong>L\u00e4rmschutz<\/strong>: Die akustischen Eigenschaften verbessern die Produktivit\u00e4t am Arbeitsplatz, indem sie die Ablenkung durch L\u00e4rm verringern.<\/li>\n<li><strong>Normen zur Brandsicherheit<\/strong>: Erf\u00fcllt die strengen Anforderungen an die Feuerbest\u00e4ndigkeit f\u00fcr zus\u00e4tzliche Sicherheit.<\/li>\n<li><strong>M\u00fchelose Installation<\/strong>: Das Clip-in-System macht die Installation schnell und einfach und minimiert die St\u00f6rung.<\/li>\n<li><strong>Anpassbare Optionen<\/strong>: W\u00e4hlen Sie aus verschiedenen Ausf\u00fchrungen und Gr\u00f6\u00dfen, die Ihren Gestaltungsw\u00fcnschen entsprechen.<\/li>\n<li><strong>Umweltschonend<\/strong>: Hergestellt aus wiederverwertbaren Materialien, die nachhaltige Baupraktiken unterst\u00fctzen.<\/li>\n<\/ul>\n<\/div>\n<\/div>\n<\/div>\n<\/div>\n<\/div>\n<div class=\"group\/conversation-turn relative flex w-full min-w-0 flex-col agent-turn\">\n<div class=\"flex-col gap-1 md:gap-3\">\n<div class=\"flex max-w-full flex-col flex-grow\">\n<div class=\"min-h-8 text-message flex w-full flex-col items-end gap-2 whitespace-normal break-words text-start [.text-message+&amp;]:mt-5\" dir=\"auto\" data-message-author-role=\"assistant\" data-message-id=\"013a8e1d-d26b-4e8a-9b85-7e2241f5392c\" data-message-model-slug=\"gpt-4o\">\n<div class=\"flex w-full flex-col gap-1 empty:hidden first:pt-[3px]\">\n<div class=\"markdown prose w-full break-words dark:prose-invert light\">\n<h4><strong>Erfahrungsberichte von Kunden<\/strong><\/h4>\n<blockquote><p><em>\"Diese Deckenplatten haben unser B\u00fcro in einen eleganten, modernen Raum verwandelt. Die Installation war schnell, und die Schallabsorption hat die Produktivit\u00e4t sp\u00fcrbar verbessert.\"<\/em><br \/>\n- B\u00fcroleiter<\/p><\/blockquote>\n<blockquote><p><em>\"Wir lieben das minimalistische Design dieser Fliesen. Sie sind langlebig, pflegeleicht und verleihen unseren Verkaufsr\u00e4umen einen klaren und modernen Look.<\/em><br \/>\n- Besitzer des Ladens<\/p><\/blockquote>\n<\/div>\n<\/div>\n<\/div>\n<\/div>\n<\/div>\n<\/div>","protected":false},"excerpt":{"rendered":"<p>Werten Sie Ihre B\u00fcror\u00e4ume mit unseren Aluminium-Deckenverkleidungsplatten von Modern Company auf. Sie bieten ein elegantes Design, Langlebigkeit und einfache Pflege f\u00fcr einen modernen und professionellen Look.<\/p>","protected":false},"featured_media":17257,"comment_status":"open","ping_status":"closed","template":"","meta":{"_uag_custom_page_level_css":"","site-sidebar-layout":"default","site-content-layout":"","ast-site-content-layout":"default","site-content-style":"default","site-sidebar-style":"default","ast-global-header-display":"","ast-banner-title-visibility":"","ast-main-header-display":"","ast-hfb-above-header-display":"","ast-hfb-below-header-display":"","ast-hfb-mobile-header-display":"","site-post-title":"","ast-breadcrumbs-content":"","ast-featured-img":"","footer-sml-layout":"","theme-transparent-header-meta":"default","adv-header-id-meta":"","stick-header-meta":"","header-above-stick-meta":"","header-main-stick-meta":"","header-below-stick-meta":"","astra-migrate-meta-layouts":"set","ast-page-background-enabled":"default","ast-page-background-meta":{"desktop":{"background-color":"var(--ast-global-color-4)","background-image":"","background-repeat":"repeat","background-position":"center center","background-size":"auto","background-attachment":"scroll","background-type":"","background-media":"","overlay-type":"","overlay-color":"","overlay-opacity":"","overlay-gradient":""},"tablet":{"background-color":"","background-image":"","background-repeat":"repeat","background-position":"center center","background-size":"auto","background-attachment":"scroll","background-type":"","background-media":"","overlay-type":"","overlay-color":"","overlay-opacity":"","overlay-gradient":""},"mobile":{"background-color":"","background-image":"","background-repeat":"repeat","background-position":"center center","background-size":"auto","background-attachment":"scroll","background-type":"","background-media":"","overlay-type":"","overlay-color":"","overlay-opacity":"","overlay-gradient":""}},"ast-content-background-meta":{"desktop":{"background-color":"var(--ast-global-color-5)","background-image":"","background-repeat":"repeat","background-position":"center center","background-size":"auto","background-attachment":"scroll","background-type":"","background-media":"","overlay-type":"","overlay-color":"","overlay-opacity":"","overlay-gradient":""},"tablet":{"background-color":"var(--ast-global-color-5)","background-image":"","background-repeat":"repeat","background-position":"center center","background-size":"auto","background-attachment":"scroll","background-type":"","background-media":"","overlay-type":"","overlay-color":"","overlay-opacity":"","overlay-gradient":""},"mobile":{"background-color":"var(--ast-global-color-5)","background-image":"","background-repeat":"repeat","background-position":"center center","background-size":"auto","background-attachment":"scroll","background-type":"","background-media":"","overlay-type":"","overlay-color":"","overlay-opacity":"","overlay-gradient":""}}},"product_brand":[],"product_cat":[227],"product_tag":[191,193,194,195,192],"class_list":{"0":"post-16689","1":"product","2":"type-product","3":"status-publish","4":"has-post-thumbnail","6":"product_cat-aluminum-buckle-plate","7":"product_tag-aluminum-ceiling","8":"product_tag-baffle-ceiling","9":"product_tag-ceiling","10":"product_tag-ceiling-tile","11":"product_tag-metal-ceiling","12":"desktop-align-center","13":"tablet-align-left","14":"mobile-align-left","15":"ast-product-gallery-layout-horizontal-slider","16":"ast-product-tabs-layout-vertical","18":"first","19":"instock","20":"shipping-taxable","21":"product-type-simple"},"uagb_featured_image_src":{"full":["https:\/\/meterny.com\/wp-content\/uploads\/2024\/07\/14-21zhu.png",800,800,false],"thumbnail":["https:\/\/meterny.com\/wp-content\/uploads\/2024\/07\/14-21zhu-150x150.png",150,150,true],"medium":["https:\/\/meterny.com\/wp-content\/uploads\/2024\/07\/14-21zhu-300x300.png",300,300,true],"medium_large":["https:\/\/meterny.com\/wp-content\/uploads\/2024\/07\/14-21zhu-768x768.png",768,768,true],"large":["https:\/\/meterny.com\/wp-content\/uploads\/2024\/07\/14-21zhu.png",800,800,false],"1536x1536":["https:\/\/meterny.com\/wp-content\/uploads\/2024\/07\/14-21zhu.png",800,800,false],"2048x2048":["https:\/\/meterny.com\/wp-content\/uploads\/2024\/07\/14-21zhu.png",800,800,false],"trp-custom-language-flag":["https:\/\/meterny.com\/wp-content\/uploads\/2024\/07\/14-21zhu.png",12,12,false],"woocommerce_thumbnail":["https:\/\/meterny.com\/wp-content\/uploads\/2024\/07\/14-21zhu-300x300.png",300,300,true],"woocommerce_single":["https:\/\/meterny.com\/wp-content\/uploads\/2024\/07\/14-21zhu-600x600.png",600,600,true],"woocommerce_gallery_thumbnail":["https:\/\/meterny.com\/wp-content\/uploads\/2024\/07\/14-21zhu-100x100.png",100,100,true]},"uagb_author_info":{"display_name":"meterny","author_link":"https:\/\/meterny.com\/de\/author\/"},"uagb_comment_info":0,"uagb_excerpt":"Elevate your office interiors with our Modern Company Aluminum Ceiling Cladding Tile, offering sleek design, durability, and easy maintenance for a contemporary and professional look.","_links":{"self":[{"href":"https:\/\/meterny.com\/de\/wp-json\/wp\/v2\/product\/16689","targetHints":{"allow":["GET"]}}],"collection":[{"href":"https:\/\/meterny.com\/de\/wp-json\/wp\/v2\/product"}],"about":[{"href":"https:\/\/meterny.com\/de\/wp-json\/wp\/v2\/types\/product"}],"replies":[{"embeddable":true,"href":"https:\/\/meterny.com\/de\/wp-json\/wp\/v2\/comments?post=16689"}],"wp:featuredmedia":[{"embeddable":true,"href":"https:\/\/meterny.com\/de\/wp-json\/wp\/v2\/media\/17257"}],"wp:attachment":[{"href":"https:\/\/meterny.com\/de\/wp-json\/wp\/v2\/media?parent=16689"}],"wp:term":[{"taxonomy":"product_brand","embeddable":true,"href":"https:\/\/meterny.com\/de\/wp-json\/wp\/v2\/product_brand?post=16689"},{"taxonomy":"product_cat","embeddable":true,"href":"https:\/\/meterny.com\/de\/wp-json\/wp\/v2\/product_cat?post=16689"},{"taxonomy":"product_tag","embeddable":true,"href":"https:\/\/meterny.com\/de\/wp-json\/wp\/v2\/product_tag?post=16689"}],"curies":[{"name":"wp","href":"https:\/\/api.w.org\/{rel}","templated":true}]}}