{"id":16690,"date":"2024-07-11T15:08:19","date_gmt":"2024-07-11T15:08:19","guid":{"rendered":"https:\/\/meterny.com\/?post_type=product&#038;p=16690"},"modified":"2025-01-18T08:42:48","modified_gmt":"2025-01-18T08:42:48","slug":"paint-design-hospital-ceiling-tile","status":"publish","type":"product","link":"https:\/\/meterny.com\/de\/produkt\/paint-design-hospital-ceiling-tile\/","title":{"rendered":"Malerei Design Krankenhaus Deckenfliese Indoor Clip-in-Decke"},"content":{"rendered":"<h3><strong>Farbe Design Krankenhaus Deckenfliese<\/strong><\/h3>\n<h4><strong>Produkt\u00fcbersicht<\/strong><\/h4>\n<p>Die <strong>Farbe Design Krankenhaus Deckenfliese<\/strong> ist eine erstklassige Deckenl\u00f6sung, die speziell auf das Gesundheitswesen zugeschnitten ist. Durch die Kombination einer sauberen, hygienischen Oberfl\u00e4che mit einem \u00e4sthetisch ansprechenden Design sind diese Platten so gestaltet, dass sie die strengen Anforderungen an Decken in Krankenh\u00e4usern und medizinischen Einrichtungen erf\u00fcllen. Mit hochwertigen Beschichtungen und dem Fokus auf Langlebigkeit bieten sie ein ausgewogenes Verh\u00e4ltnis von Funktionalit\u00e4t und Stil und verbessern das Aussehen und die Leistung von R\u00e4umen im Gesundheitswesen.<\/p>\n<figure id=\"attachment_17251\" aria-describedby=\"caption-attachment-17251\" style=\"width: 1024px\" class=\"wp-caption alignnone\"><img loading=\"lazy\" decoding=\"async\" class=\"wp-image-17251\" src=\"https:\/\/meterny.com\/wp-content\/uploads\/2024\/07\/3-11ZHU-e1735543560113.png\" alt=\"Krankenhaus-Deckenfliese\" width=\"1024\" height=\"1024\" \/><figcaption id=\"caption-attachment-17251\" class=\"wp-caption-text\">Moderne Aluminium-Clip-in-Decke, entworfen f\u00fcr schlichte und funktionale Innenr\u00e4ume.<\/figcaption><\/figure>\n<hr \/>\n<h4><strong>Wesentliche Merkmale<\/strong><\/h4>\n<ul>\n<li><strong>Hygienische Oberfl\u00e4che<\/strong>: Die Fliesen sind mit einer speziellen antibakteriellen Farbe beschichtet, die das Wachstum von Mikroorganismen verhindert und eine saubere und sichere Umgebung gew\u00e4hrleistet.<\/li>\n<li><strong>Anpassbare Designs<\/strong>: Erh\u00e4ltlich in einer Reihe von beruhigenden und aufmunternden Farbdesigns, die dazu beitragen, eine beruhigende Atmosph\u00e4re in Krankenh\u00e4usern und Gesundheitseinrichtungen zu schaffen.<\/li>\n<li><strong>Langlebige Konstruktion<\/strong>: Hergestellt aus hochwertigen Materialien, die Verschlei\u00df, Feuchtigkeit und Umwelteinfl\u00fcssen widerstehen, um Langlebigkeit und Leistung zu gew\u00e4hrleisten.<\/li>\n<li><strong>Leicht zu reinigen<\/strong>: Die glatte, porenfreie Oberfl\u00e4che der Fliesen ist leicht zu reinigen und zu pflegen und eignet sich daher ideal f\u00fcr R\u00e4ume, in denen hohe Hygieneanforderungen gestellt werden.<\/li>\n<li><strong>Akustische Leistung<\/strong>: Entwickelt, um Schall zu absorbieren und Ger\u00e4usche zu minimieren, wodurch eine ruhigere, komfortablere Umgebung f\u00fcr Patienten und Personal geschaffen wird.<\/li>\n<li><strong>Feuerbest\u00e4ndigkeit<\/strong>: Diese nach strengen Brandschutznormen gefertigten Fliesen erh\u00f6hen die Sicherheit von Gesundheitseinrichtungen.<\/li>\n<li><strong>Schnelle Installation<\/strong>: Die leichten und einfach zu installierenden Fliesen lassen sich nahtlos in Standard-Rastersysteme integrieren und minimieren die Ausfallzeiten.<\/li>\n<\/ul>\n<hr \/>\n<h4><strong>Anwendungen von Krankenhausdeckenkacheln<\/strong><\/h4>\n<ul>\n<li><strong>Krankenh\u00e4user<\/strong>: Operationss\u00e4le, Patientenzimmer, Lobbys und Flure.<\/li>\n<li><strong>Kliniken und ambulante Zentren<\/strong>: Empfangsbereiche, Wartezimmer und Behandlungsr\u00e4ume.<\/li>\n<li><strong>Laboratorien<\/strong>: Forschungseinrichtungen und Testzentren.<\/li>\n<li><strong>Pflegeheime und Reha-Zentren<\/strong>: Patientenzimmer, Gemeinschaftsr\u00e4ume und Therapier\u00e4ume.<\/li>\n<li><strong>Medizinische B\u00fcrogeb\u00e4ude<\/strong>: Verwaltungsr\u00e4ume und Beratungsr\u00e4ume.<\/li>\n<\/ul>\n<hr \/>\n<h4><strong>Spezifikationen f\u00fcr Krankenhaus-Deckenfliesen<\/strong><\/h4>\n<ul>\n<li><strong>Material<\/strong>: Hochwertiger Mineralfaser- oder Aluminiumkern mit speziellen Lackierungen.<\/li>\n<li><strong>Abmessungen der Kacheln<\/strong>: Es sind Standard- und Sondergr\u00f6\u00dfen erh\u00e4ltlich, die zu verschiedenen Rastersystemen passen.<\/li>\n<li><strong>Oberfl\u00e4che<\/strong>: Antibakterielle und antimikrobielle Farbbeschichtungen in einer Reihe von Farben und Mustern.<\/li>\n<li><strong>Akustische Bewertung<\/strong>: NRC-Werte (Noise Reduction Coefficient), die auf die Reduzierung des Umgebungsl\u00e4rms zugeschnitten sind.<\/li>\n<li><strong>Feuerbest\u00e4ndigkeit<\/strong>: Zertifiziert nach den internationalen Brandschutznormen.<\/li>\n<li><strong>Rand-Optionen<\/strong>: Quadratische, abgeschr\u00e4gte oder individuelle Kanten f\u00fcr ein professionelles Finish.<\/li>\n<\/ul>\n<hr \/>\n<h4><strong>Vorteile von Krankenhausdeckenkacheln<\/strong><\/h4>\n<ol>\n<li><strong>Hygienisch und sicher<\/strong>: Die antibakterielle Beschichtung sorgt f\u00fcr eine saubere und gesunde Umgebung f\u00fcr Patienten und Personal.<\/li>\n<li><strong>Beruhigende \u00c4sthetik<\/strong>: Entwickelt, um die visuelle Attraktivit\u00e4t medizinischer R\u00e4ume mit weichen, beruhigenden Farben und Mustern zu verbessern.<\/li>\n<li><strong>Schallabsorption<\/strong>: Reduziert den Ger\u00e4uschpegel und schafft eine ruhigere, patientenfreundlichere Umgebung.<\/li>\n<li><strong>Strapazierf\u00e4hig und langlebig<\/strong>: Widerstandsf\u00e4hig gegen Feuchtigkeit, Flecken und Abnutzung und damit ideal f\u00fcr anspruchsvolle Anwendungen im Gesundheitswesen.<\/li>\n<li><strong>Feuersicher<\/strong>: Erf\u00fcllt die strengen Brandschutznormen und bietet einen zus\u00e4tzlichen Schutz f\u00fcr Gesundheitseinrichtungen.<\/li>\n<li><strong>Geringe Wartung<\/strong>: Leicht zu reinigen und zu warten, was den Arbeitsaufwand in medizinischen Einrichtungen verringert.<\/li>\n<li><strong>Schnelle Installation<\/strong>: Konzipiert f\u00fcr die schnelle und nahtlose Integration in bestehende Deckenraster-Systeme.<\/li>\n<\/ol>\n<hr \/>\n<h4><strong>Design-Inspiration<\/strong><\/h4>\n<p>Die <strong>Farbe Design Krankenhaus Deckenfliese<\/strong> verbindet Funktionalit\u00e4t mit \u00c4sthetik, um eine Umgebung zu schaffen, die Heilung und Wohlbefinden f\u00f6rdert. Die beruhigenden Farbdesigns tragen dazu bei, Stress und \u00c4ngste bei den Patienten zu lindern und gleichzeitig das Gesamtambiente von Gesundheitseinrichtungen zu verbessern. Ob in Patientenzimmern oder Operationss\u00e4len, diese Fliesen bieten die perfekte Kombination aus Leistung und optischer Attraktivit\u00e4t.<\/p>\n<figure id=\"attachment_17267\" aria-describedby=\"caption-attachment-17267\" style=\"width: 1024px\" class=\"wp-caption alignnone\"><img loading=\"lazy\" decoding=\"async\" class=\"wp-image-17267\" src=\"https:\/\/meterny.com\/wp-content\/uploads\/2024\/07\/3-6.png\" alt=\"Architektonische Aluminium-Clip-in-Deckenfliesen\" width=\"1024\" height=\"1024\" srcset=\"https:\/\/meterny.com\/wp-content\/uploads\/2024\/07\/3-6.png 800w, https:\/\/meterny.com\/wp-content\/uploads\/2024\/07\/3-6-300x300.png 300w, https:\/\/meterny.com\/wp-content\/uploads\/2024\/07\/3-6-150x150.png 150w, https:\/\/meterny.com\/wp-content\/uploads\/2024\/07\/3-6-768x768.png 768w, https:\/\/meterny.com\/wp-content\/uploads\/2024\/07\/3-6-600x600.png 600w, https:\/\/meterny.com\/wp-content\/uploads\/2024\/07\/3-6-100x100.png 100w\" sizes=\"auto, (max-width: 1024px) 100vw, 1024px\" \/><figcaption id=\"caption-attachment-17267\" class=\"wp-caption-text\">Perforierte Aluminium-Clip-in-Paneele, die \u00c4sthetik und akustische Effizienz vereinen.<\/figcaption><\/figure>\n<h3>Beschreibung<\/h3>\n<p>Unsere Paint Design Hospital Ceiling Tile wurde speziell f\u00fcr die hohen Anforderungen im Gesundheitswesen entwickelt. Mit ihrem eleganten, lackierten Design verleihen diese Krankenhausdeckenfliesen der Inneneinrichtung von Krankenh\u00e4usern nicht nur einen modernen Touch, sondern bieten auch eine einfache Wartung und verbesserte Haltbarkeit. Die Hospital Ceiling Tiles sind so konzipiert, dass sie einer h\u00e4ufigen Reinigung standhalten und resistent gegen Feuchtigkeit und Bakterien sind, was sie ideal f\u00fcr die Aufrechterhaltung einer sterilen und hygienischen Umgebung macht. Sie sind in einer Vielzahl von Farben und Ausf\u00fchrungen erh\u00e4ltlich und bieten eine anpassbare L\u00f6sung, die das Design von Patientenzimmern, Fluren und Gemeinschaftsbereichen erg\u00e4nzt und gleichzeitig die Sicherheit und den Komfort von Patienten und Personal gew\u00e4hrleistet.<\/p>\n<figure id=\"attachment_17270\" aria-describedby=\"caption-attachment-17270\" style=\"width: 1024px\" class=\"wp-caption alignnone\"><img loading=\"lazy\" decoding=\"async\" class=\"wp-image-17270\" src=\"https:\/\/meterny.com\/wp-content\/uploads\/2024\/07\/\u4e0b\u8f7d-19.jpg\" alt=\"Eine Vielzahl von Aluminium-Clip-in-Deckenpaneelen\" width=\"1024\" height=\"1024\" srcset=\"https:\/\/meterny.com\/wp-content\/uploads\/2024\/07\/\u4e0b\u8f7d-19.jpg 1200w, https:\/\/meterny.com\/wp-content\/uploads\/2024\/07\/\u4e0b\u8f7d-19-300x300.jpg 300w, https:\/\/meterny.com\/wp-content\/uploads\/2024\/07\/\u4e0b\u8f7d-19-1024x1024.jpg 1024w, https:\/\/meterny.com\/wp-content\/uploads\/2024\/07\/\u4e0b\u8f7d-19-150x150.jpg 150w, https:\/\/meterny.com\/wp-content\/uploads\/2024\/07\/\u4e0b\u8f7d-19-768x768.jpg 768w, https:\/\/meterny.com\/wp-content\/uploads\/2024\/07\/\u4e0b\u8f7d-19-600x600.jpg 600w, https:\/\/meterny.com\/wp-content\/uploads\/2024\/07\/\u4e0b\u8f7d-19-100x100.jpg 100w\" sizes=\"auto, (max-width: 1024px) 100vw, 1024px\" \/><figcaption id=\"caption-attachment-17270\" class=\"wp-caption-text\">Eine Vielzahl von Aluminium-Clip-in-Deckenpaneelen, die verschiedene Stile f\u00fcr eine vielseitige Innenraumgestaltung bieten.<\/figcaption><\/figure>\n<h3>Farbe und Oberfl\u00e4che<\/h3>\n<ul>\n<li><strong>Vielfalt der Beschichtungen<\/strong>: Erh\u00e4ltlich in jeder Art von Beschichtung oder Bedruckung, die Ihren Gestaltungsw\u00fcnschen entspricht.<\/li>\n<li><strong>Unbegrenzte Farben<\/strong>: W\u00e4hlen Sie aus einer breiten Palette von Farben, einschlie\u00dflich Metalloberfl\u00e4chen und Holzmaserungen, die zu jeder Einrichtung passen.<\/li>\n<\/ul>\n<h3>Langlebig und wasserdicht<\/h3>\n<p>Hergestellt aus einer hochwertigen Aluminiumlegierung und mit der 3D Shape Fold Aluminiumtechnologie, ist diese Aluminiumdecke wie geschaffen f\u00fcr die Sch\u00f6nheit Ihrer Decke. Ihre wasserdichten Eigenschaften machen sie zu einer idealen Wahl f\u00fcr alle Wetterbedingungen und gew\u00e4hrleisten Langlebigkeit und minimale Wartung. Das hochwertige Material sorgt f\u00fcr zus\u00e4tzliche Stabilit\u00e4t und macht sie zu einer zuverl\u00e4ssigen und robusten Decke f\u00fcr jeden Innenraum.<\/p>\n<figure id=\"attachment_17252\" aria-describedby=\"caption-attachment-17252\" style=\"width: 1024px\" class=\"wp-caption alignnone\"><img loading=\"lazy\" decoding=\"async\" class=\"wp-image-17252\" src=\"https:\/\/meterny.com\/wp-content\/uploads\/2024\/07\/3-221zhu.png\" alt=\"Leichte Aluminium-Decke f\u00fcr offizielle R\u00e4ume\" width=\"1024\" height=\"1024\" srcset=\"https:\/\/meterny.com\/wp-content\/uploads\/2024\/07\/3-221zhu.png 800w, https:\/\/meterny.com\/wp-content\/uploads\/2024\/07\/3-221zhu-300x300.png 300w, https:\/\/meterny.com\/wp-content\/uploads\/2024\/07\/3-221zhu-150x150.png 150w, https:\/\/meterny.com\/wp-content\/uploads\/2024\/07\/3-221zhu-768x768.png 768w, https:\/\/meterny.com\/wp-content\/uploads\/2024\/07\/3-221zhu-600x600.png 600w, https:\/\/meterny.com\/wp-content\/uploads\/2024\/07\/3-221zhu-100x100.png 100w\" sizes=\"auto, (max-width: 1024px) 100vw, 1024px\" \/><figcaption id=\"caption-attachment-17252\" class=\"wp-caption-text\">Abgeh\u00e4ngte Aluminium-Clip-in-Decke, die einen nahtlosen architektonischen Fluss schafft.<\/figcaption><\/figure>\n<h3><strong>Warum sollten Sie sich f\u00fcr Paint Design Hospital Ceiling Tile entscheiden?<\/strong><\/h3>\n<ul>\n<li><strong>Hygienische Exzellenz<\/strong>: Antibakterielle und leicht zu reinigende Oberfl\u00e4chen sorgen f\u00fcr eine sichere und sterile Umgebung.<\/li>\n<li><strong>\u00c4sthetische Anziehungskraft<\/strong>: Sanfte, beruhigende Designs schaffen eine einladende und beruhigende Atmosph\u00e4re f\u00fcr Patienten und Personal.<\/li>\n<li><strong>Dauerhaftigkeit<\/strong>: Gebaut, um den anspruchsvollen Bedingungen im Gesundheitswesen standzuhalten.<\/li>\n<li><strong>Akustische Leistung<\/strong>: Verbessert die Ger\u00e4uschkontrolle f\u00fcr eine leisere, komfortablere Umgebung.<\/li>\n<li><strong>Brandsicherheit<\/strong>: Erf\u00fcllt strenge Brandschutznormen und erh\u00f6ht die allgemeine Sicherheit der Einrichtung.<\/li>\n<li><strong>Wartungsfreundlichkeit<\/strong>: Glatte, nicht por\u00f6se Oberfl\u00e4chen sind einfach zu reinigen und zu pflegen.<\/li>\n<\/ul>\n<h4><strong>Erfahrungsberichte von Kunden<\/strong><\/h4>\n<blockquote><p><em>\"Diese Deckenplatten haben unsere Patientenzimmer ver\u00e4ndert. Das saubere, helle Design schafft eine einladende Umgebung, und die antibakterielle Beschichtung gibt uns ein gutes Gef\u00fchl.\"<\/em><br \/>\n- Krankenhausverwalter<\/p><\/blockquote>\n<blockquote><p><em>\"Die akustische Leistung und die Hygienestandards dieser Fliesen sind au\u00dfergew\u00f6hnlich. Sie sind perfekt f\u00fcr unser neues Ambulanzzentrum.\"<\/em><br \/>\n- Facility Manager der Klinik<\/p><\/blockquote>","protected":false},"excerpt":{"rendered":"<p>Versch\u00f6nern Sie Ihre Gesundheitseinrichtung mit unseren Paint Design Hospital Ceiling Tiles, die eine Mischung aus \u00c4sthetik, Hygiene und Haltbarkeit bieten, die speziell auf Krankenhausumgebungen zugeschnitten ist.<\/p>","protected":false},"featured_media":17251,"comment_status":"open","ping_status":"closed","template":"","meta":{"_uag_custom_page_level_css":"","site-sidebar-layout":"default","site-content-layout":"","ast-site-content-layout":"default","site-content-style":"default","site-sidebar-style":"default","ast-global-header-display":"","ast-banner-title-visibility":"","ast-main-header-display":"","ast-hfb-above-header-display":"","ast-hfb-below-header-display":"","ast-hfb-mobile-header-display":"","site-post-title":"","ast-breadcrumbs-content":"","ast-featured-img":"","footer-sml-layout":"","theme-transparent-header-meta":"default","adv-header-id-meta":"","stick-header-meta":"default","header-above-stick-meta":"","header-main-stick-meta":"","header-below-stick-meta":"","astra-migrate-meta-layouts":"set","ast-page-background-enabled":"default","ast-page-background-meta":{"desktop":{"background-color":"var(--ast-global-color-4)","background-image":"","background-repeat":"repeat","background-position":"center center","background-size":"auto","background-attachment":"scroll","background-type":"","background-media":"","overlay-type":"","overlay-color":"","overlay-opacity":"","overlay-gradient":""},"tablet":{"background-color":"","background-image":"","background-repeat":"repeat","background-position":"center center","background-size":"auto","background-attachment":"scroll","background-type":"","background-media":"","overlay-type":"","overlay-color":"","overlay-opacity":"","overlay-gradient":""},"mobile":{"background-color":"","background-image":"","background-repeat":"repeat","background-position":"center center","background-size":"auto","background-attachment":"scroll","background-type":"","background-media":"","overlay-type":"","overlay-color":"","overlay-opacity":"","overlay-gradient":""}},"ast-content-background-meta":{"desktop":{"background-color":"var(--ast-global-color-5)","background-image":"","background-repeat":"repeat","background-position":"center center","background-size":"auto","background-attachment":"scroll","background-type":"","background-media":"","overlay-type":"","overlay-color":"","overlay-opacity":"","overlay-gradient":""},"tablet":{"background-color":"var(--ast-global-color-5)","background-image":"","background-repeat":"repeat","background-position":"center center","background-size":"auto","background-attachment":"scroll","background-type":"","background-media":"","overlay-type":"","overlay-color":"","overlay-opacity":"","overlay-gradient":""},"mobile":{"background-color":"var(--ast-global-color-5)","background-image":"","background-repeat":"repeat","background-position":"center center","background-size":"auto","background-attachment":"scroll","background-type":"","background-media":"","overlay-type":"","overlay-color":"","overlay-opacity":"","overlay-gradient":""}}},"product_brand":[],"product_cat":[227],"product_tag":[191,193,194,195,192],"class_list":{"0":"post-16690","1":"product","2":"type-product","3":"status-publish","4":"has-post-thumbnail","6":"product_cat-aluminum-buckle-plate","7":"product_tag-aluminum-ceiling","8":"product_tag-baffle-ceiling","9":"product_tag-ceiling","10":"product_tag-ceiling-tile","11":"product_tag-metal-ceiling","12":"desktop-align-center","13":"tablet-align-left","14":"mobile-align-left","15":"ast-product-gallery-layout-horizontal-slider","16":"ast-product-tabs-layout-vertical","18":"first","19":"instock","20":"shipping-taxable","21":"product-type-simple"},"uagb_featured_image_src":{"full":["https:\/\/meterny.com\/wp-content\/uploads\/2024\/07\/3-11ZHU-e1735543560113.png",600,600,false],"thumbnail":["https:\/\/meterny.com\/wp-content\/uploads\/2024\/07\/3-11ZHU-150x150.png",150,150,true],"medium":["https:\/\/meterny.com\/wp-content\/uploads\/2024\/07\/3-11ZHU-300x300.png",300,300,true],"medium_large":["https:\/\/meterny.com\/wp-content\/uploads\/2024\/07\/3-11ZHU-768x768.png",768,768,true],"large":["https:\/\/meterny.com\/wp-content\/uploads\/2024\/07\/3-11ZHU-e1735543560113.png",600,600,false],"1536x1536":["https:\/\/meterny.com\/wp-content\/uploads\/2024\/07\/3-11ZHU-e1735543560113.png",600,600,false],"2048x2048":["https:\/\/meterny.com\/wp-content\/uploads\/2024\/07\/3-11ZHU-e1735543560113.png",600,600,false],"trp-custom-language-flag":["https:\/\/meterny.com\/wp-content\/uploads\/2024\/07\/3-11ZHU-e1735543560113.png",12,12,false],"woocommerce_thumbnail":["https:\/\/meterny.com\/wp-content\/uploads\/2024\/07\/3-11ZHU-300x300.png",300,300,true],"woocommerce_single":["https:\/\/meterny.com\/wp-content\/uploads\/2024\/07\/3-11ZHU-600x600.png",600,600,true],"woocommerce_gallery_thumbnail":["https:\/\/meterny.com\/wp-content\/uploads\/2024\/07\/3-11ZHU-100x100.png",100,100,true]},"uagb_author_info":{"display_name":"meterny","author_link":"https:\/\/meterny.com\/de\/author\/"},"uagb_comment_info":0,"uagb_excerpt":"Enhance your healthcare facility with our Paint Design Hospital Ceiling Tile, offering a blend of aesthetic appeal, hygiene, and durability tailored for hospital environments.","_links":{"self":[{"href":"https:\/\/meterny.com\/de\/wp-json\/wp\/v2\/product\/16690","targetHints":{"allow":["GET"]}}],"collection":[{"href":"https:\/\/meterny.com\/de\/wp-json\/wp\/v2\/product"}],"about":[{"href":"https:\/\/meterny.com\/de\/wp-json\/wp\/v2\/types\/product"}],"replies":[{"embeddable":true,"href":"https:\/\/meterny.com\/de\/wp-json\/wp\/v2\/comments?post=16690"}],"wp:featuredmedia":[{"embeddable":true,"href":"https:\/\/meterny.com\/de\/wp-json\/wp\/v2\/media\/17251"}],"wp:attachment":[{"href":"https:\/\/meterny.com\/de\/wp-json\/wp\/v2\/media?parent=16690"}],"wp:term":[{"taxonomy":"product_brand","embeddable":true,"href":"https:\/\/meterny.com\/de\/wp-json\/wp\/v2\/product_brand?post=16690"},{"taxonomy":"product_cat","embeddable":true,"href":"https:\/\/meterny.com\/de\/wp-json\/wp\/v2\/product_cat?post=16690"},{"taxonomy":"product_tag","embeddable":true,"href":"https:\/\/meterny.com\/de\/wp-json\/wp\/v2\/product_tag?post=16690"}],"curies":[{"name":"wp","href":"https:\/\/api.w.org\/{rel}","templated":true}]}}