{"id":16932,"date":"2024-09-07T13:38:55","date_gmt":"2024-09-07T13:38:55","guid":{"rendered":"https:\/\/meterny.com\/?post_type=product&#038;p=16932"},"modified":"2025-01-18T13:06:24","modified_gmt":"2025-01-18T13:06:24","slug":"motorized-ceiling-pergola","status":"publish","type":"product","link":"https:\/\/meterny.com\/de\/produkt\/motorized-ceiling-pergola\/","title":{"rendered":"Bioklimatische motorisierte Decke Pergola Aluminium Pergola Aluminium Gazebo Outdoor"},"content":{"rendered":"<h1 style=\"text-align: center;\">Bioklimatische motorisierte Decke Pergola Aluminium Pergola Aluminium Gazebo Outdoor<\/h1>\n<p><strong>Typ<\/strong>: Aluminium Pergola mit motorisierter Decke und Meterny AquaGuard System<\/p>\n<p><strong>Gr\u00f6\u00dfe<\/strong>: angepasst<\/p>\n<p><strong>Oberfl\u00e4che<\/strong>: kundenspezifische Beschichtung\/ Lackierung<\/p>\n<p><strong>Farbe<\/strong>: angepasst<\/p>\n<p><strong>L\u00e4nge<\/strong>: Ma\u00dfgeschneidert<\/p>\n<p><strong>Material<\/strong>: Hochwertige Aluminium-Legierung<\/p>\n<p><strong>Produkt-Technologie<\/strong>: Meterny AquaGuard Anti-Leck-System<\/p>\n<figure id=\"attachment_17064\" aria-describedby=\"caption-attachment-17064\" style=\"width: 1024px\" class=\"wp-caption alignnone\"><img loading=\"lazy\" decoding=\"async\" class=\"wp-image-17064\" src=\"https:\/\/meterny.com\/wp-content\/uploads\/2024\/09\/54-1zhu.jpg\" alt=\"Motorisierte Pergola-Decke\" width=\"1024\" height=\"1024\" srcset=\"https:\/\/meterny.com\/wp-content\/uploads\/2024\/09\/54-1zhu.jpg 800w, https:\/\/meterny.com\/wp-content\/uploads\/2024\/09\/54-1zhu-300x300.jpg 300w, https:\/\/meterny.com\/wp-content\/uploads\/2024\/09\/54-1zhu-150x150.jpg 150w, https:\/\/meterny.com\/wp-content\/uploads\/2024\/09\/54-1zhu-768x768.jpg 768w, https:\/\/meterny.com\/wp-content\/uploads\/2024\/09\/54-1zhu-600x600.jpg 600w, https:\/\/meterny.com\/wp-content\/uploads\/2024\/09\/54-1zhu-100x100.jpg 100w\" sizes=\"auto, (max-width: 1024px) 100vw, 1024px\" \/><figcaption id=\"caption-attachment-17064\" class=\"wp-caption-text\">Pergola aus wei\u00dfem Aluminium: Ihr idealer Platz an der Sonne<\/figcaption><\/figure>\n<h3>Produktname<\/h3>\n<p id=\"\">Motorisierte Pergola-Decke<\/p>\n<h3>Produkt\u00fcbersicht<\/h3>\n<p id=\"\">Die motorisierte Deckenpergola ist eine innovative Beschattungsl\u00f6sung f\u00fcr den Au\u00dfenbereich, die Sch\u00f6nheit und Funktionalit\u00e4t miteinander verbindet. Mit ihrem elektrischen System kann der Benutzer das Ausfahren und Einfahren der \u00dcberdachung leicht steuern und so flexible Beschattungs- und Dekorationseffekte f\u00fcr Au\u00dfenbereiche erzielen. Dieses Produkt eignet sich f\u00fcr Terrassen, G\u00e4rten, Balkone und andere Au\u00dfenbereiche und bringt mehr Komfort und Freude in Ihren Lebensstil im Freien.<\/p>\n<h3>Wesentliche Merkmale<\/h3>\n<ol>\n<li><strong>Elektrische Steuerung<\/strong>: Ausgestattet mit einem effizienten elektrischen System, das eine Fernbedienung oder eine intelligente Steuerung f\u00fcr eine einfache Bedienung und eine individuelle Einstellung des \u00d6ffnens und Schlie\u00dfens des Vordachs erm\u00f6glicht.<\/li>\n<li><strong>Hochwertige Materialien<\/strong>: Der Rahmen aus einer hochfesten Aluminiumlegierung und das hochwertige, wasserdichte Gewebe bieten eine hohe Windbest\u00e4ndigkeit und eine lange Lebensdauer und gew\u00e4hrleisten eine langfristig stabile Beschattungsleistung.<\/li>\n<li><strong>Stilvolles Design<\/strong>: Mit seinem stromlinienf\u00f6rmigen Design ist er elegant und geschmackvoll und f\u00fcgt sich perfekt in die verschiedenen Stile der Au\u00dfendekoration ein, um die \u00c4sthetik des gesamten Raums zu verbessern.<\/li>\n<li><strong>Intelligente Sensoren<\/strong>\u00a0(Optional): Ausgestattet mit intelligenten Sensoren, die den Schirmstatus automatisch an Umweltfaktoren wie Lichtintensit\u00e4t und Windgeschwindigkeit anpassen und so ein intelligentes Management erm\u00f6glichen.<\/li>\n<li><strong>Einfache Installation und Wartung<\/strong>: Modulares Design f\u00fcr eine schnelle und einfache Installation; der Stoff ist leicht zu reinigen und die Wartungskosten sind gering.<\/li>\n<\/ol>\n<h3>Technische Daten der motorisierten Deckenpergola<\/h3>\n<table class=\"OxEWNITQ\">\n<thead>\n<tr>\n<th>Spezifikation<\/th>\n<th>Detaillierte Beschreibung<\/th>\n<\/tr>\n<\/thead>\n<tbody>\n<tr>\n<td>Material des Rahmens<\/td>\n<td>Hochfeste Aluminiumlegierung<\/td>\n<\/tr>\n<tr>\n<td>Stoff Material<\/td>\n<td>Hochwertiges wasserdichtes Gewebe<\/td>\n<\/tr>\n<tr>\n<td>Kontrollmethode<\/td>\n<td>Fernsteuerung\/Smart Control<\/td>\n<\/tr>\n<tr>\n<td>Erweiterte Gr\u00f6\u00dfe<\/td>\n<td>Individuell anpassbare Gr\u00f6\u00dfen je nach Kundenanforderungen<\/td>\n<\/tr>\n<tr>\n<td>Packungsgr\u00f6\u00dfe<\/td>\n<td>Ma\u00dfgeschneiderte Verpackung auf Basis der tats\u00e4chlichen Gr\u00f6\u00dfe<\/td>\n<\/tr>\n<tr>\n<td>Bruttogewicht<\/td>\n<td>Bestimmt durch die tats\u00e4chliche Gr\u00f6\u00dfe und Konfiguration<\/td>\n<\/tr>\n<tr>\n<td>Leistungsbedarf<\/td>\n<td>AC 220V (einstellbar je nach Kundenbedarf)<\/td>\n<\/tr>\n<tr>\n<td>Stromverbrauch<\/td>\n<td>Stromsparendes Design f\u00fcr Energieeffizienz<\/td>\n<\/tr>\n<tr>\n<td>Wasserdichte Bewertung<\/td>\n<td>IPX4 (spritzwassergesch\u00fctzt)<\/td>\n<\/tr>\n<tr>\n<td>Nutzungsdauer<\/td>\n<td>Jahrelange Nutzung, je nach Einsatzumgebung und Wartung<\/td>\n<\/tr>\n<\/tbody>\n<\/table>\n<h3>Anwendungsszenarien<\/h3>\n<ul>\n<li><strong>Terrassen<\/strong>: Bietet Schatten und dekorative Effekte f\u00fcr Terrassen und schafft einen komfortablen Freizeitraum im Freien.<\/li>\n<li><strong>G\u00e4rten<\/strong>: Sie spendet Schatten und verbessert die Landschafts\u00e4sthetik in G\u00e4rten.<\/li>\n<li><strong>Balkone<\/strong>: Geeignet f\u00fcr verschiedene Balkonumgebungen, bietet flexible Beschattungsl\u00f6sungen.<\/li>\n<li><strong>Andere Freir\u00e4ume<\/strong>: Caf\u00e9-Terrassen, Au\u00dfenrestaurants von Hotels usw., die die Qualit\u00e4t des Ortes und die Erfahrung der Nutzer verbessern.<\/li>\n<\/ul>\n<h3>Installation und Wartung<\/h3>\n<ul>\n<li><strong>Einrichtung<\/strong>: Folgen Sie der Installationsanleitung im Produkthandbuch, um sicherzustellen, dass alle Komponenten korrekt angeschlossen und gesichert sind. Wenn Sie eine professionelle Installation w\u00fcnschen, wenden Sie sich bitte an unser Kundendienstteam.<\/li>\n<li><strong>Wartung<\/strong>: Reinigen Sie regelm\u00e4\u00dfig den Stoff und den Rahmen, um das Produkt sauber zu halten; \u00fcberpr\u00fcfen Sie die elektrische Anlage auf ordnungsgem\u00e4\u00dfe Funktion und wenden Sie sich bei Anomalien umgehend an den Kundendienst.<\/li>\n<\/ul>\n<h3>Anpassungsdienste<\/h3>\n<p id=\"\">Wir bieten einen umfassenden Anpassungsservice, einschlie\u00dflich Gr\u00f6\u00dfe, Farbe, Stoffmaterial und mehr. Wenden Sie sich bitte an unser Kundenservice-Team und wir werden Ihnen einen professionellen Plan f\u00fcr die Anpassung erstellen.<\/p>\n<h3>Kundendienst<\/h3>\n<p id=\"\">Wir versprechen Ihnen einen ausgezeichneten Kundendienst, einschlie\u00dflich Produktberatung, Installationsanleitung, Wartung und Reparaturunterst\u00fctzung. Wenn Sie Fragen oder W\u00fcnsche haben, wenden Sie sich bitte an unser Kundendienstteam, das Ihnen gerne weiterhelfen wird.<\/p>\n<h3>Wenn Sie weitere Einzelheiten erfahren m\u00f6chten, klicken Sie bitte auf diesen Link zu youtube:<a href=\"https:\/\/youtu.be\/QQ1L_SL1a1Q\" target=\"_blank\" rel=\"noopener\">https:\/\/youtu.be\/QQ1L_SL1a1Q<\/a><\/h3>\n<figure id=\"attachment_16950\" aria-describedby=\"caption-attachment-16950\" style=\"width: 1024px\" class=\"wp-caption alignnone\"><img loading=\"lazy\" decoding=\"async\" class=\"wp-image-16950\" src=\"https:\/\/meterny.com\/wp-content\/uploads\/2024\/09\/About-Meterny@3x.png\" alt=\"Meterny&#039;s Aluminium-Pergola Vergleich mit anderen Pergolen\" width=\"1024\" height=\"1447\" srcset=\"https:\/\/meterny.com\/wp-content\/uploads\/2024\/09\/About-Meterny@3x.png 1787w, https:\/\/meterny.com\/wp-content\/uploads\/2024\/09\/About-Meterny@3x-212x300.png 212w, https:\/\/meterny.com\/wp-content\/uploads\/2024\/09\/About-Meterny@3x-724x1024.png 724w, https:\/\/meterny.com\/wp-content\/uploads\/2024\/09\/About-Meterny@3x-768x1086.png 768w, https:\/\/meterny.com\/wp-content\/uploads\/2024\/09\/About-Meterny@3x-1087x1536.png 1087w, https:\/\/meterny.com\/wp-content\/uploads\/2024\/09\/About-Meterny@3x-1449x2048.png 1449w, https:\/\/meterny.com\/wp-content\/uploads\/2024\/09\/About-Meterny@3x-600x848.png 600w\" sizes=\"auto, (max-width: 1024px) 100vw, 1024px\" \/><figcaption id=\"caption-attachment-16950\" class=\"wp-caption-text\">Meterny-Pergolen im Vergleich zu herk\u00f6mmlichen Pergolen: \u00dcberlegene Eigenschaften<\/figcaption><\/figure>\n<p>Die motorisierte Pergola bietet eine Kombination aus Komfort, Funktionalit\u00e4t und Stil f\u00fcr Au\u00dfenbereiche. Sie bietet die M\u00f6glichkeit, das Ausfahren und Einfahren der \u00dcberdachung mit Leichtigkeit zu steuern und bietet flexible Beschattungsoptionen, die auf die individuellen Bed\u00fcrfnisse zugeschnitten sind. Das schlanke und moderne Design wertet zudem Au\u00dfenbereiche wie Terrassen, G\u00e4rten und Balkone \u00e4sthetisch auf. Insgesamt bietet die motorisierte Pergola Komfort, Funktionalit\u00e4t und einen Hauch von Eleganz f\u00fcr jeden Lebensraum im Freien.<\/p>\n<figure id=\"attachment_20288\" aria-describedby=\"caption-attachment-20288\" style=\"width: 1024px\" class=\"wp-caption alignnone\"><img loading=\"lazy\" decoding=\"async\" class=\"wp-image-20288\" src=\"https:\/\/meterny.com\/wp-content\/uploads\/2024\/10\/WPC-Colour-Card@3x.png\" alt=\"Meterny&#039;s Aluminium Pergola Wasser Leckage Pr\u00e4vention Design\" width=\"1024\" height=\"1024\" srcset=\"https:\/\/meterny.com\/wp-content\/uploads\/2024\/10\/WPC-Colour-Card@3x.png 800w, https:\/\/meterny.com\/wp-content\/uploads\/2024\/10\/WPC-Colour-Card@3x-300x300.png 300w, https:\/\/meterny.com\/wp-content\/uploads\/2024\/10\/WPC-Colour-Card@3x-150x150.png 150w, https:\/\/meterny.com\/wp-content\/uploads\/2024\/10\/WPC-Colour-Card@3x-768x768.png 768w, https:\/\/meterny.com\/wp-content\/uploads\/2024\/10\/WPC-Colour-Card@3x-600x600.png 600w, https:\/\/meterny.com\/wp-content\/uploads\/2024\/10\/WPC-Colour-Card@3x-100x100.png 100w\" sizes=\"auto, (max-width: 1024px) 100vw, 1024px\" \/><figcaption id=\"caption-attachment-20288\" class=\"wp-caption-text\">Das innovative Design von Meterny zur Verhinderung von Wasserlecks<\/figcaption><\/figure>\n<figure id=\"attachment_16951\" aria-describedby=\"caption-attachment-16951\" style=\"width: 1024px\" class=\"wp-caption alignnone\"><img loading=\"lazy\" decoding=\"async\" class=\"wp-image-16951\" src=\"https:\/\/meterny.com\/wp-content\/uploads\/2024\/09\/\u753b\u677f-16@3x.png\" alt=\"Meterny&#039;s Aluminum Pergola exklusives Patent Design\" width=\"1024\" height=\"1448\" srcset=\"https:\/\/meterny.com\/wp-content\/uploads\/2024\/09\/\u753b\u677f-16@3x.png 1787w, https:\/\/meterny.com\/wp-content\/uploads\/2024\/09\/\u753b\u677f-16@3x-212x300.png 212w, https:\/\/meterny.com\/wp-content\/uploads\/2024\/09\/\u753b\u677f-16@3x-724x1024.png 724w, https:\/\/meterny.com\/wp-content\/uploads\/2024\/09\/\u753b\u677f-16@3x-768x1086.png 768w, https:\/\/meterny.com\/wp-content\/uploads\/2024\/09\/\u753b\u677f-16@3x-1086x1536.png 1086w, https:\/\/meterny.com\/wp-content\/uploads\/2024\/09\/\u753b\u677f-16@3x-1448x2048.png 1448w, https:\/\/meterny.com\/wp-content\/uploads\/2024\/09\/\u753b\u677f-16@3x-600x848.png 600w\" sizes=\"auto, (max-width: 1024px) 100vw, 1024px\" \/><figcaption id=\"caption-attachment-16951\" class=\"wp-caption-text\">Das patentierte Design von Meterny: Eine Pergola wie keine andere<\/figcaption><\/figure>\n<h3><strong>Warum sollten Sie sich f\u00fcr eine motorisierte Deckenpergola entscheiden?<\/strong><\/h3>\n<ol>\n<li><strong>M\u00fchelose Kontrolle<\/strong>: Das motorisierte System erm\u00f6glicht es Ihnen, die Decke f\u00fcr optimales Licht, Schatten und Bel\u00fcftung mit nur einem Knopfdruck zu verstellen.<\/li>\n<li><strong>Schutz bei jedem Wetter<\/strong>: Entwickelt, um verschiedenen Witterungsbedingungen zu widerstehen, bieten sie das ganze Jahr \u00fcber Komfort und Funktionalit\u00e4t f\u00fcr Ihre Au\u00dfenbereiche.<\/li>\n<li><strong>Langlebige Konstruktion<\/strong>: Hergestellt aus hochwertigen Materialien wie Aluminium, die Langlebigkeit, Rostbest\u00e4ndigkeit und minimale Wartung gew\u00e4hrleisten.<\/li>\n<li><strong>Moderne \u00c4sthetik<\/strong>: Verleiht jedem Au\u00dfenbereich einen eleganten, modernen Look und verbindet Stil mit praktischer Funktionalit\u00e4t.<\/li>\n<li><strong>Anpassbares Design<\/strong>: Erh\u00e4ltlich in verschiedenen Gr\u00f6\u00dfen, Ausf\u00fchrungen und Farben, um Ihrem pers\u00f6nlichen oder architektonischen Stil zu entsprechen.<\/li>\n<li><strong>Erh\u00f6hter Komfort<\/strong>: Bietet Flexibilit\u00e4t sowohl f\u00fcr sonnige als auch f\u00fcr bew\u00f6lkte Tage und macht Ihren Au\u00dfenbereich bei jedem Wetter komfortabel.<\/li>\n<li><strong>Vielseitige Anwendungen<\/strong>: Ideal f\u00fcr Innenh\u00f6fe, G\u00e4rten, Terrassen, Schwimmb\u00e4der und vieles mehr und damit eine gute Wahl f\u00fcr den privaten oder gewerblichen Gebrauch.<\/li>\n<li><strong>Umweltfreundlich<\/strong>: Verwendung nachhaltiger und recycelbarer Materialien, die eine umweltbewusste Gestaltung des Au\u00dfenbereichs unterst\u00fctzen.<\/li>\n<li><strong>Gesteigerter Immobilienwert<\/strong>: Erh\u00f6ht die Attraktivit\u00e4t und den Wert Ihres Hauses oder Unternehmens durch die Schaffung eines attraktiven, funktionalen Au\u00dfenbereichs.<\/li>\n<li><strong>Einfache Installation<\/strong>: Entwickelt f\u00fcr eine schnelle und einfache Installation, egal ob es sich um ein Heimwerkerprojekt oder eine professionelle Installation handelt.<\/li>\n<\/ol>","protected":false},"excerpt":{"rendered":"<p>Genie\u00dfen Sie die volle Kontrolle \u00fcber Ihren Au\u00dfenbereich mit der motorisierten Pergola, die Schatten, Bel\u00fcftung und Schutz auf Knopfdruck bietet.<\/p>","protected":false},"featured_media":17064,"comment_status":"open","ping_status":"closed","template":"","meta":{"_uag_custom_page_level_css":"","site-sidebar-layout":"default","site-content-layout":"","ast-site-content-layout":"default","site-content-style":"default","site-sidebar-style":"default","ast-global-header-display":"","ast-banner-title-visibility":"","ast-main-header-display":"","ast-hfb-above-header-display":"","ast-hfb-below-header-display":"","ast-hfb-mobile-header-display":"","site-post-title":"","ast-breadcrumbs-content":"","ast-featured-img":"","footer-sml-layout":"","theme-transparent-header-meta":"default","adv-header-id-meta":"","stick-header-meta":"default","header-above-stick-meta":"","header-main-stick-meta":"","header-below-stick-meta":"","astra-migrate-meta-layouts":"set","ast-page-background-enabled":"default","ast-page-background-meta":{"desktop":{"background-color":"var(--ast-global-color-4)","background-image":"","background-repeat":"repeat","background-position":"center center","background-size":"auto","background-attachment":"scroll","background-type":"","background-media":"","overlay-type":"","overlay-color":"","overlay-opacity":"","overlay-gradient":""},"tablet":{"background-color":"","background-image":"","background-repeat":"repeat","background-position":"center center","background-size":"auto","background-attachment":"scroll","background-type":"","background-media":"","overlay-type":"","overlay-color":"","overlay-opacity":"","overlay-gradient":""},"mobile":{"background-color":"","background-image":"","background-repeat":"repeat","background-position":"center center","background-size":"auto","background-attachment":"scroll","background-type":"","background-media":"","overlay-type":"","overlay-color":"","overlay-opacity":"","overlay-gradient":""}},"ast-content-background-meta":{"desktop":{"background-color":"var(--ast-global-color-5)","background-image":"","background-repeat":"repeat","background-position":"center center","background-size":"auto","background-attachment":"scroll","background-type":"","background-media":"","overlay-type":"","overlay-color":"","overlay-opacity":"","overlay-gradient":""},"tablet":{"background-color":"var(--ast-global-color-5)","background-image":"","background-repeat":"repeat","background-position":"center center","background-size":"auto","background-attachment":"scroll","background-type":"","background-media":"","overlay-type":"","overlay-color":"","overlay-opacity":"","overlay-gradient":""},"mobile":{"background-color":"var(--ast-global-color-5)","background-image":"","background-repeat":"repeat","background-position":"center center","background-size":"auto","background-attachment":"scroll","background-type":"","background-media":"","overlay-type":"","overlay-color":"","overlay-opacity":"","overlay-gradient":""}}},"product_brand":[],"product_cat":[18],"product_tag":[212,214,213,215,208],"class_list":{"0":"post-16932","1":"product","2":"type-product","3":"status-publish","4":"has-post-thumbnail","6":"product_cat-uncategorized","7":"product_tag-aluminum-pergola","8":"product_tag-ceiling-pergola","9":"product_tag-motorized-ceiling-pergola","10":"product_tag-motorized-pergola","11":"product_tag-pergola","12":"desktop-align-center","13":"tablet-align-left","14":"mobile-align-left","15":"ast-product-gallery-layout-horizontal-slider","16":"ast-product-single-variable","17":"ast-product-tabs-layout-vertical","19":"first","20":"instock","21":"shipping-taxable","22":"product-type-variable"},"uagb_featured_image_src":{"full":["https:\/\/meterny.com\/wp-content\/uploads\/2024\/09\/54-1zhu.jpg",800,800,false],"thumbnail":["https:\/\/meterny.com\/wp-content\/uploads\/2024\/09\/54-1zhu-150x150.jpg",150,150,true],"medium":["https:\/\/meterny.com\/wp-content\/uploads\/2024\/09\/54-1zhu-300x300.jpg",300,300,true],"medium_large":["https:\/\/meterny.com\/wp-content\/uploads\/2024\/09\/54-1zhu-768x768.jpg",768,768,true],"large":["https:\/\/meterny.com\/wp-content\/uploads\/2024\/09\/54-1zhu.jpg",800,800,false],"1536x1536":["https:\/\/meterny.com\/wp-content\/uploads\/2024\/09\/54-1zhu.jpg",800,800,false],"2048x2048":["https:\/\/meterny.com\/wp-content\/uploads\/2024\/09\/54-1zhu.jpg",800,800,false],"trp-custom-language-flag":["https:\/\/meterny.com\/wp-content\/uploads\/2024\/09\/54-1zhu.jpg",12,12,false],"woocommerce_thumbnail":["https:\/\/meterny.com\/wp-content\/uploads\/2024\/09\/54-1zhu-300x300.jpg",300,300,true],"woocommerce_single":["https:\/\/meterny.com\/wp-content\/uploads\/2024\/09\/54-1zhu-600x600.jpg",600,600,true],"woocommerce_gallery_thumbnail":["https:\/\/meterny.com\/wp-content\/uploads\/2024\/09\/54-1zhu-100x100.jpg",100,100,true]},"uagb_author_info":{"display_name":"meterny","author_link":"https:\/\/meterny.com\/de\/author\/"},"uagb_comment_info":0,"uagb_excerpt":"Enjoy full control of your outdoor space with the Motorized Ceiling Pergola, offering shade, ventilation, and protection at the touch of a button.","_links":{"self":[{"href":"https:\/\/meterny.com\/de\/wp-json\/wp\/v2\/product\/16932","targetHints":{"allow":["GET"]}}],"collection":[{"href":"https:\/\/meterny.com\/de\/wp-json\/wp\/v2\/product"}],"about":[{"href":"https:\/\/meterny.com\/de\/wp-json\/wp\/v2\/types\/product"}],"replies":[{"embeddable":true,"href":"https:\/\/meterny.com\/de\/wp-json\/wp\/v2\/comments?post=16932"}],"wp:featuredmedia":[{"embeddable":true,"href":"https:\/\/meterny.com\/de\/wp-json\/wp\/v2\/media\/17064"}],"wp:attachment":[{"href":"https:\/\/meterny.com\/de\/wp-json\/wp\/v2\/media?parent=16932"}],"wp:term":[{"taxonomy":"product_brand","embeddable":true,"href":"https:\/\/meterny.com\/de\/wp-json\/wp\/v2\/product_brand?post=16932"},{"taxonomy":"product_cat","embeddable":true,"href":"https:\/\/meterny.com\/de\/wp-json\/wp\/v2\/product_cat?post=16932"},{"taxonomy":"product_tag","embeddable":true,"href":"https:\/\/meterny.com\/de\/wp-json\/wp\/v2\/product_tag?post=16932"}],"curies":[{"name":"wp","href":"https:\/\/api.w.org\/{rel}","templated":true}]}}