{"id":16936,"date":"2024-09-07T13:55:20","date_gmt":"2024-09-07T13:55:20","guid":{"rendered":"https:\/\/meterny.com\/?post_type=product&#038;p=16936"},"modified":"2025-05-24T02:04:43","modified_gmt":"2025-05-24T02:04:43","slug":"aluminum-metal-waterproof-pavilion","status":"publish","type":"product","link":"https:\/\/meterny.com\/de\/produkt\/aluminum-metal-waterproof-pavilion\/","title":{"rendered":"Aluminium Metall Wasserdichter Pavillon Balkon im Freien Bioklimatischer Aluminium-Laubengang"},"content":{"rendered":"<h1 style=\"text-align: center;\">Aluminium Metall Wasserdichter Pavillon Outdoor Bioklimatische Aluminium Gartenlaube<\/h1>\n<p><strong>Typ<\/strong>:Aluminium Metall Wasserdichter Pavillon<\/p>\n<p><strong>Gr\u00f6\u00dfe<\/strong>: angepasst<\/p>\n<p><strong>Oberfl\u00e4che<\/strong>: kundenspezifische Beschichtung\/ Lackierung<\/p>\n<p><strong>Farbe<\/strong>: angepasst<\/p>\n<p><strong>L\u00e4nge<\/strong>: Ma\u00dfgeschneidert<\/p>\n<p><strong>Material<\/strong>: Hochwertige Aluminium-Legierung<\/p>\n<p><strong>Produkt-Technologie<\/strong>: Meterny AquaGuard Anti-Leck-System<\/p>\n<figure id=\"attachment_17641\" aria-describedby=\"caption-attachment-17641\" style=\"width: 1024px\" class=\"wp-caption alignnone\"><img loading=\"lazy\" decoding=\"async\" class=\"wp-image-17641\" src=\"https:\/\/meterny.com\/wp-content\/uploads\/2024\/09\/20-3\u4e3b.jpg\" alt=\"Schwarzes Aluminium Metall Wasserdichter Pavillon\" width=\"1024\" height=\"1024\" srcset=\"https:\/\/meterny.com\/wp-content\/uploads\/2024\/09\/20-3\u4e3b.jpg 800w, https:\/\/meterny.com\/wp-content\/uploads\/2024\/09\/20-3\u4e3b-300x300.jpg 300w, https:\/\/meterny.com\/wp-content\/uploads\/2024\/09\/20-3\u4e3b-150x150.jpg 150w, https:\/\/meterny.com\/wp-content\/uploads\/2024\/09\/20-3\u4e3b-768x768.jpg 768w, https:\/\/meterny.com\/wp-content\/uploads\/2024\/09\/20-3\u4e3b-600x600.jpg 600w, https:\/\/meterny.com\/wp-content\/uploads\/2024\/09\/20-3\u4e3b-100x100.jpg 100w\" sizes=\"auto, (max-width: 1024px) 100vw, 1024px\" \/><figcaption id=\"caption-attachment-17641\" class=\"wp-caption-text\">Pergola aus wei\u00dfem Aluminium: Erh\u00f6hen Sie Ihr Au\u00dfenleben<\/figcaption><\/figure>\n<p id=\"\"><strong>\u3010Produktname\u3011<\/strong><br \/>\nSchwarzes Aluminium Metall Wasserdichter Pavillon<\/p>\n<p id=\"\"><strong>\u3010Produktbilder\u3011<\/strong><br \/>\n(F\u00fcgen Sie hier mehrere hochaufl\u00f6sende Produktbilder ein, einschlie\u00dflich der Gesamterscheinung, detaillierter Nahaufnahmen und Anwendungsszenarien, um das Produkt umfassend zu pr\u00e4sentieren)<\/p>\n<hr \/>\n<p id=\"\"><strong>\u3010Produkt\u00fcbersicht\u3011<\/strong><\/p>\n<p id=\"\">Der wasserdichte Pavillon aus schwarzem Aluminium ist aus einer hochwertigen Aluminiumlegierung gefertigt und mit einer fortschrittlichen wasserdichten Behandlungstechnologie kombiniert. Er bietet eine sch\u00f6ne und praktische L\u00f6sung f\u00fcr Beschattung und Regenschutz in Ihrem Au\u00dfenbereich. Sein elegantes schwarzes Erscheinungsbild f\u00fcgt sich nahtlos in jede Umgebung ein und wird zu einer atemberaubenden Attraktion, ob in einem Familiengarten, einem malerischen Park, einem kommerziellen Platz oder einer Hochzeitslocation im Freien.<\/p>\n<hr \/>\n<p id=\"\"><strong>\u3010Produktmerkmale\u3011<\/strong><\/p>\n<ol>\n<li><strong>Wasserdicht und langlebig<\/strong>: Hochwertige, wasserdichte Materialien sorgen daf\u00fcr, dass kein Wasser eindringen kann, so dass eine langfristige Nutzung problemlos m\u00f6glich ist.<\/li>\n<li><strong>Stabil und standfest<\/strong>: Der Rahmen aus einer Aluminiumlegierung ist leicht und dennoch robust, mit einer starken Winddruckfestigkeit, die auch bei rauem Wetter Stabilit\u00e4t gew\u00e4hrleistet.<\/li>\n<li><strong>Elegantes Design<\/strong>: Ein elegantes und modisches schwarzes \u00c4u\u00dferes mit glatten Linien unterstreicht die Gesamt\u00e4sthetik des Au\u00dfenbereichs.<\/li>\n<li><strong>Einfache Installation<\/strong>: Das modulare Design erm\u00f6glicht eine schnelle und einfache Installation ohne komplizierte Werkzeuge oder spezielle Kenntnisse.<\/li>\n<li><strong>Vielseitige Anwendungen<\/strong>: Geeignet f\u00fcr verschiedene Au\u00dfenbereiche wie Terrassen, Innenh\u00f6fe, Str\u00e4nde, Campingpl\u00e4tze und bietet einen komfortablen Freizeitraum.<\/li>\n<li><strong>Umweltfreundlich und energieeffizient<\/strong>: Das Material aus einer Aluminiumlegierung ist recycelbar und reduziert die Umweltbelastung, w\u00e4hrend der hervorragende Beschattungseffekt dazu beitr\u00e4gt, die Innentemperatur zu senken und Energie zu sparen.<\/li>\n<\/ol>\n<hr \/>\n<p id=\"\"><strong>\u3010Produktspezifikationen\u3011<\/strong><\/p>\n<ul>\n<li><strong>Abmessungen<\/strong>:3\u00d73\/3\u00d74\/4\u00d74<\/li>\n<li><strong>Material<\/strong>: Rahmen aus Aluminiumlegierung + wasserdichter Stoff\/Platte<\/li>\n<li><strong>Gewicht<\/strong>: 250-450kg<\/li>\n<li><strong>Farbe<\/strong>: Schwarz<\/li>\n<li><strong>Inhalt des Pakets<\/strong>: Hauptstruktur, Zubeh\u00f6rpaket, Installationsanleitung<\/li>\n<\/ul>\n<hr \/>\n<p id=\"\"><strong>\u3010Installationsanleitung\u3011<\/strong><\/p>\n<ol>\n<li><strong>Werkzeuge vorbereiten<\/strong>: Vergewissern Sie sich, dass Sie \u00fcber grundlegendes Installationswerkzeug wie Schraubendreher und Schraubenschl\u00fcssel verf\u00fcgen.<\/li>\n<li><strong>Stiftung vorbereiten<\/strong>: Bereiten Sie das Fundament oder die Befestigungspunkte am vorgesehenen Standort gem\u00e4\u00df den Produktspezifikationen vor.<\/li>\n<li><strong>Rahmen montieren<\/strong>: Befolgen Sie die Schritte in der Montageanleitung, um den Rahmen aus Aluminiumlegierung zu montieren.<\/li>\n<li><strong>Wasserdichtes Gewebe installieren<\/strong>: Befestigen Sie den wasserdichten Stoff oder das Paneel am Rahmen und achten Sie darauf, dass alle Kanten fest sitzen.<\/li>\n<li><strong>Abschlie\u00dfende Inspektion<\/strong>: Pr\u00fcfen Sie nach der Installation alle Verbindungspunkte auf ihre Festigkeit, um die Wasserdichtigkeit zu gew\u00e4hrleisten.<\/li>\n<\/ol>\n<p>&nbsp;<\/p>\n<figure id=\"attachment_20288\" aria-describedby=\"caption-attachment-20288\" style=\"width: 1024px\" class=\"wp-caption alignnone\"><img loading=\"lazy\" decoding=\"async\" class=\"wp-image-20288\" src=\"https:\/\/meterny.com\/wp-content\/uploads\/2024\/10\/WPC-Colour-Card@3x.png\" alt=\"Meterny&#039;s Aluminium Pergola Wasser Leckage Pr\u00e4vention Design\" width=\"1024\" height=\"1024\" srcset=\"https:\/\/meterny.com\/wp-content\/uploads\/2024\/10\/WPC-Colour-Card@3x.png 800w, https:\/\/meterny.com\/wp-content\/uploads\/2024\/10\/WPC-Colour-Card@3x-300x300.png 300w, https:\/\/meterny.com\/wp-content\/uploads\/2024\/10\/WPC-Colour-Card@3x-150x150.png 150w, https:\/\/meterny.com\/wp-content\/uploads\/2024\/10\/WPC-Colour-Card@3x-768x768.png 768w, https:\/\/meterny.com\/wp-content\/uploads\/2024\/10\/WPC-Colour-Card@3x-600x600.png 600w, https:\/\/meterny.com\/wp-content\/uploads\/2024\/10\/WPC-Colour-Card@3x-100x100.png 100w\" sizes=\"auto, (max-width: 1024px) 100vw, 1024px\" \/><figcaption id=\"caption-attachment-20288\" class=\"wp-caption-text\">Das innovative Design von Meterny zur Verhinderung von Wasserlecks<\/figcaption><\/figure>\n<p id=\"\">Der wasserdichte Metallpavillon aus Aluminium ist ein vielseitiger, langlebiger und stilvoller Unterstand f\u00fcr den Au\u00dfenbereich, der Schutz vor Regen und Sonne bietet. Im Einzelnen bietet er die folgenden Vorteile:<\/p>\n<ol>\n<li>\n<p id=\"\"><strong>Wasserdichter Schutz<\/strong>: Der Pavillon besteht aus hochwertigen, wasserdichten Materialien, die das Eindringen von Wasser verhindern und auch bei Regenwetter einen trockenen und komfortablen Raum bieten.<\/p>\n<\/li>\n<li>\n<p id=\"\"><strong>Schatten und Sonnenschutz<\/strong>: Die Aluminium-Metallstruktur und die daran befestigten wasserdichten Stoffe oder Paneele bieten eine hervorragende Beschattung und tragen dazu bei, die Temperaturen zu senken und vor sch\u00e4dlichen UV-Strahlen zu sch\u00fctzen.<\/p>\n<\/li>\n<li>\n<p id=\"\"><strong>Langlebigkeit und St\u00e4rke<\/strong>: Der aus einer hochwertigen Aluminiumlegierung gefertigte Pavillon ist leicht und dennoch robust, wind- und wetterfest und h\u00e4lt den Elementen dauerhaft stand.<\/p>\n<\/li>\n<li>\n<p id=\"\"><strong>Elegantes Design<\/strong>: Das elegante und modische schwarze \u00c4u\u00dfere unterstreicht die \u00c4sthetik jedes Au\u00dfenbereichs und macht ihn zu einer stilvollen Erg\u00e4nzung f\u00fcr G\u00e4rten, Parks, Gewerbegebiete und andere Au\u00dfenbereiche.<\/p>\n<\/li>\n<li>\n<p id=\"\"><strong>Vielseitige Anwendungen<\/strong>: Der Pavillon eignet sich f\u00fcr eine Vielzahl von Aktivit\u00e4ten und Veranstaltungen im Freien, wie z. B. Familientreffen, Picknicks, Grillfeste, Hochzeiten und vieles mehr und bietet den G\u00e4sten einen ger\u00e4umigen und funktionalen Bereich.<\/p>\n<\/li>\n<li>\n<p id=\"\"><strong>Einfache Installation und Wartung<\/strong>: Dank seines modularen Aufbaus l\u00e4sst sich der Pavillon ohne komplizierte Werkzeuge oder spezielle Kenntnisse leicht installieren. Au\u00dferdem sind die Materialien leicht zu reinigen und zu pflegen, was eine lange Lebensdauer gew\u00e4hrleistet.<\/p>\n<\/li>\n<li>\n<p id=\"\"><strong>Umweltfreundlich und energieeffizient<\/strong>: Die Verwendung einer recycelbaren Aluminiumlegierung verringert die Umweltbelastung, w\u00e4hrend der Beschattungseffekt zur Senkung der Innentemperaturen und damit zur Energieeinsparung beitr\u00e4gt.<\/p>\n<\/li>\n<\/ol>\n<p id=\"\">Insgesamt ist der wasserdichte Metallpavillon aus Aluminium die ideale Wahl f\u00fcr alle, die ihr Grundst\u00fcck um einen funktionalen und stilvollen Unterstand im Freien erweitern m\u00f6chten.<\/p>\n<h3>Wenn Sie weitere Einzelheiten erfahren m\u00f6chten, klicken Sie bitte auf diesen Link zu youtube:<a href=\"https:\/\/youtu.be\/RDBg0nXdM1I\" target=\"_blank\" rel=\"noopener\">https:\/\/youtu.be\/RDBg0nXdM1I<\/a><\/h3>\n<figure id=\"attachment_16951\" aria-describedby=\"caption-attachment-16951\" style=\"width: 1024px\" class=\"wp-caption alignnone\"><img loading=\"lazy\" decoding=\"async\" class=\"wp-image-16951\" src=\"https:\/\/meterny.com\/wp-content\/uploads\/2024\/09\/\u753b\u677f-16@3x.png\" alt=\"Meterny&#039;s Aluminum Pergola exklusives Patent Design\" width=\"1024\" height=\"1448\" srcset=\"https:\/\/meterny.com\/wp-content\/uploads\/2024\/09\/\u753b\u677f-16@3x.png 1787w, https:\/\/meterny.com\/wp-content\/uploads\/2024\/09\/\u753b\u677f-16@3x-212x300.png 212w, https:\/\/meterny.com\/wp-content\/uploads\/2024\/09\/\u753b\u677f-16@3x-724x1024.png 724w, https:\/\/meterny.com\/wp-content\/uploads\/2024\/09\/\u753b\u677f-16@3x-768x1086.png 768w, https:\/\/meterny.com\/wp-content\/uploads\/2024\/09\/\u753b\u677f-16@3x-1086x1536.png 1086w, https:\/\/meterny.com\/wp-content\/uploads\/2024\/09\/\u753b\u677f-16@3x-1448x2048.png 1448w, https:\/\/meterny.com\/wp-content\/uploads\/2024\/09\/\u753b\u677f-16@3x-600x848.png 600w\" sizes=\"auto, (max-width: 1024px) 100vw, 1024px\" \/><figcaption id=\"caption-attachment-16951\" class=\"wp-caption-text\">Das patentierte Design von Meterny: Eine Pergola wie keine andere<\/figcaption><\/figure>\n<p>&nbsp;<\/p>\n<figure id=\"attachment_16950\" aria-describedby=\"caption-attachment-16950\" style=\"width: 1024px\" class=\"wp-caption alignnone\"><img loading=\"lazy\" decoding=\"async\" class=\"wp-image-16950\" src=\"https:\/\/meterny.com\/wp-content\/uploads\/2024\/09\/About-Meterny@3x.png\" alt=\"Meterny&#039;s Aluminium-Pergola Vergleich mit anderen Pergolen\" width=\"1024\" height=\"1447\" srcset=\"https:\/\/meterny.com\/wp-content\/uploads\/2024\/09\/About-Meterny@3x.png 1787w, https:\/\/meterny.com\/wp-content\/uploads\/2024\/09\/About-Meterny@3x-212x300.png 212w, https:\/\/meterny.com\/wp-content\/uploads\/2024\/09\/About-Meterny@3x-724x1024.png 724w, https:\/\/meterny.com\/wp-content\/uploads\/2024\/09\/About-Meterny@3x-768x1086.png 768w, https:\/\/meterny.com\/wp-content\/uploads\/2024\/09\/About-Meterny@3x-1087x1536.png 1087w, https:\/\/meterny.com\/wp-content\/uploads\/2024\/09\/About-Meterny@3x-1449x2048.png 1449w, https:\/\/meterny.com\/wp-content\/uploads\/2024\/09\/About-Meterny@3x-600x848.png 600w\" sizes=\"auto, (max-width: 1024px) 100vw, 1024px\" \/><figcaption id=\"caption-attachment-16950\" class=\"wp-caption-text\">Meterny-Pergolen im Vergleich zu herk\u00f6mmlichen Pergolen: \u00dcberlegene Eigenschaften<\/figcaption><\/figure>\n<h3>Warum sollten Sie sich f\u00fcr den wasserdichten Pavillon aus Aluminium entscheiden?<\/h3>\n<ol>\n<li>\n<p id=\"\"><strong>Dauerhaftigkeit und Langlebigkeit<\/strong>: Aluminium ist ein \u00e4u\u00dferst haltbares Material, das korrosions- und rostbest\u00e4ndig ist und daf\u00fcr sorgt, dass Ihr Pavillon \u00fcber viele Jahre hinweg in hervorragendem Zustand bleibt. Seine St\u00e4rke bedeutet auch, dass es starken Winden und anderen Wetterbedingungen standhalten kann und einen zuverl\u00e4ssigen Schutz bietet.<\/p>\n<\/li>\n<li>\n<p id=\"\"><strong>Wasserdichter Schutz<\/strong>: Das wasserdichte Gewebe oder die Paneele, die in Verbindung mit dem Aluminiumrahmen verwendet werden, bieten vollst\u00e4ndigen Schutz vor Regen und sorgen daf\u00fcr, dass Ihr Pavillon bei jedem Wetter trocken und komfortabel bleibt.<\/p>\n<\/li>\n<li>\n<p id=\"\"><strong>Leicht und einfach zu installieren<\/strong>: Aluminium ist wesentlich leichter als andere Materialien wie Stahl oder Holz und l\u00e4sst sich daher leichter transportieren und aufstellen. Dadurch k\u00f6nnen Sie Zeit und Arbeitskosten sparen und sind au\u00dferdem flexibler in Bezug auf Standort und Aufbau.<\/p>\n<\/li>\n<li>\n<p id=\"\"><strong>Vielseitig und stilvoll<\/strong>: Das schlichte, moderne Design von Aluminiumpavillons macht sie zu einer stilvollen Erg\u00e4nzung f\u00fcr jeden Au\u00dfenbereich. Sie k\u00f6nnen f\u00fcr eine Vielzahl von Zwecken verwendet werden, von Familienfeiern und Picknicks bis hin zu Firmenveranstaltungen und kommerziellen Anwendungen.<\/p>\n<\/li>\n<li>\n<p id=\"\"><strong>Geringe Wartung<\/strong>: Aluminium ist ein wartungsarmes Material, das nur minimale Reinigung und Instandhaltung erfordert. Das bedeutet, dass Sie Ihren Pavillon genie\u00dfen k\u00f6nnen, ohne sich um regelm\u00e4\u00dfige Wartungsarbeiten k\u00fcmmern zu m\u00fcssen.<\/p>\n<\/li>\n<li>\n<p id=\"\"><strong>Umweltfreundlich<\/strong>: Aluminium ist ein recycelbares Material, was bedeutet, dass die Wahl eines Aluminiumpavillons eine umweltfreundliche Option ist. Au\u00dferdem tr\u00e4gt es zur Energieeffizienz bei, da es Schatten spendet und den Bedarf an Klimaanlagen bei hei\u00dfem Wetter reduziert.<\/p>\n<\/li>\n<li>\n<p id=\"\"><strong>Kosteng\u00fcnstig<\/strong>: Die Anfangsinvestition in einen Aluminiumpavillon mag zwar h\u00f6her sein als bei anderen Optionen, aber seine Haltbarkeit, Langlebigkeit und der geringe Wartungsaufwand bedeuten, dass er auf lange Sicht ein ausgezeichnetes Preis-Leistungs-Verh\u00e4ltnis bietet.<\/p>\n<\/li>\n<\/ol>\n<p id=\"\">Zusammenfassend l\u00e4sst sich sagen, dass der wasserdichte Metallpavillon aus Aluminium eine Kombination aus Langlebigkeit, Stil, Vielseitigkeit und Umweltfreundlichkeit bietet, was ihn zu einer ausgezeichneten Wahl f\u00fcr alle macht, die ihr Grundst\u00fcck um einen hochwertigen Unterstand im Freien erweitern m\u00f6chten.<\/p>\n<p>&nbsp;<\/p>","protected":false},"excerpt":{"rendered":"<p>Schaffen Sie sich einen stilvollen und wetterfesten R\u00fcckzugsort im Freien mit dem wasserdichten Pavillon aus Aluminium, der elegantes Design mit dauerhafter Leistung kombiniert.<\/p>","protected":false},"featured_media":17641,"comment_status":"open","ping_status":"closed","template":"","meta":{"_uag_custom_page_level_css":"","site-sidebar-layout":"default","site-content-layout":"","ast-site-content-layout":"default","site-content-style":"default","site-sidebar-style":"default","ast-global-header-display":"","ast-banner-title-visibility":"","ast-main-header-display":"","ast-hfb-above-header-display":"","ast-hfb-below-header-display":"","ast-hfb-mobile-header-display":"","site-post-title":"","ast-breadcrumbs-content":"","ast-featured-img":"","footer-sml-layout":"","theme-transparent-header-meta":"default","adv-header-id-meta":"","stick-header-meta":"default","header-above-stick-meta":"","header-main-stick-meta":"","header-below-stick-meta":"","astra-migrate-meta-layouts":"set","ast-page-background-enabled":"default","ast-page-background-meta":{"desktop":{"background-color":"var(--ast-global-color-4)","background-image":"","background-repeat":"repeat","background-position":"center center","background-size":"auto","background-attachment":"scroll","background-type":"","background-media":"","overlay-type":"","overlay-color":"","overlay-opacity":"","overlay-gradient":""},"tablet":{"background-color":"","background-image":"","background-repeat":"repeat","background-position":"center center","background-size":"auto","background-attachment":"scroll","background-type":"","background-media":"","overlay-type":"","overlay-color":"","overlay-opacity":"","overlay-gradient":""},"mobile":{"background-color":"","background-image":"","background-repeat":"repeat","background-position":"center center","background-size":"auto","background-attachment":"scroll","background-type":"","background-media":"","overlay-type":"","overlay-color":"","overlay-opacity":"","overlay-gradient":""}},"ast-content-background-meta":{"desktop":{"background-color":"var(--ast-global-color-5)","background-image":"","background-repeat":"repeat","background-position":"center center","background-size":"auto","background-attachment":"scroll","background-type":"","background-media":"","overlay-type":"","overlay-color":"","overlay-opacity":"","overlay-gradient":""},"tablet":{"background-color":"var(--ast-global-color-5)","background-image":"","background-repeat":"repeat","background-position":"center center","background-size":"auto","background-attachment":"scroll","background-type":"","background-media":"","overlay-type":"","overlay-color":"","overlay-opacity":"","overlay-gradient":""},"mobile":{"background-color":"var(--ast-global-color-5)","background-image":"","background-repeat":"repeat","background-position":"center center","background-size":"auto","background-attachment":"scroll","background-type":"","background-media":"","overlay-type":"","overlay-color":"","overlay-opacity":"","overlay-gradient":""}}},"product_brand":[],"product_cat":[18],"product_tag":[219,217,218,216],"class_list":{"0":"post-16936","1":"product","2":"type-product","3":"status-publish","4":"has-post-thumbnail","6":"product_cat-uncategorized","7":"product_tag-aluminum-metal-waterproof-pergola","8":"product_tag-aluminum-pavilion","9":"product_tag-metal-pavilion","10":"product_tag-waterproof-pavilion","11":"desktop-align-center","12":"tablet-align-left","13":"mobile-align-left","14":"ast-product-gallery-layout-horizontal-slider","15":"ast-product-single-variable","16":"ast-product-tabs-layout-vertical","18":"first","19":"instock","20":"shipping-taxable","21":"product-type-variable"},"uagb_featured_image_src":{"full":["https:\/\/meterny.com\/wp-content\/uploads\/2024\/09\/20-3\u4e3b.jpg",800,800,false],"thumbnail":["https:\/\/meterny.com\/wp-content\/uploads\/2024\/09\/20-3\u4e3b-150x150.jpg",150,150,true],"medium":["https:\/\/meterny.com\/wp-content\/uploads\/2024\/09\/20-3\u4e3b-300x300.jpg",300,300,true],"medium_large":["https:\/\/meterny.com\/wp-content\/uploads\/2024\/09\/20-3\u4e3b-768x768.jpg",768,768,true],"large":["https:\/\/meterny.com\/wp-content\/uploads\/2024\/09\/20-3\u4e3b.jpg",800,800,false],"1536x1536":["https:\/\/meterny.com\/wp-content\/uploads\/2024\/09\/20-3\u4e3b.jpg",800,800,false],"2048x2048":["https:\/\/meterny.com\/wp-content\/uploads\/2024\/09\/20-3\u4e3b.jpg",800,800,false],"trp-custom-language-flag":["https:\/\/meterny.com\/wp-content\/uploads\/2024\/09\/20-3\u4e3b.jpg",12,12,false],"woocommerce_thumbnail":["https:\/\/meterny.com\/wp-content\/uploads\/2024\/09\/20-3\u4e3b-300x300.jpg",300,300,true],"woocommerce_single":["https:\/\/meterny.com\/wp-content\/uploads\/2024\/09\/20-3\u4e3b-600x600.jpg",600,600,true],"woocommerce_gallery_thumbnail":["https:\/\/meterny.com\/wp-content\/uploads\/2024\/09\/20-3\u4e3b-100x100.jpg",100,100,true]},"uagb_author_info":{"display_name":"meterny","author_link":"https:\/\/meterny.com\/de\/author\/"},"uagb_comment_info":0,"uagb_excerpt":"Create a stylish and weather-resistant outdoor haven with the Aluminum Metal Waterproof Pavilion, combining sleek design with durable performance.","_links":{"self":[{"href":"https:\/\/meterny.com\/de\/wp-json\/wp\/v2\/product\/16936","targetHints":{"allow":["GET"]}}],"collection":[{"href":"https:\/\/meterny.com\/de\/wp-json\/wp\/v2\/product"}],"about":[{"href":"https:\/\/meterny.com\/de\/wp-json\/wp\/v2\/types\/product"}],"replies":[{"embeddable":true,"href":"https:\/\/meterny.com\/de\/wp-json\/wp\/v2\/comments?post=16936"}],"wp:featuredmedia":[{"embeddable":true,"href":"https:\/\/meterny.com\/de\/wp-json\/wp\/v2\/media\/17641"}],"wp:attachment":[{"href":"https:\/\/meterny.com\/de\/wp-json\/wp\/v2\/media?parent=16936"}],"wp:term":[{"taxonomy":"product_brand","embeddable":true,"href":"https:\/\/meterny.com\/de\/wp-json\/wp\/v2\/product_brand?post=16936"},{"taxonomy":"product_cat","embeddable":true,"href":"https:\/\/meterny.com\/de\/wp-json\/wp\/v2\/product_cat?post=16936"},{"taxonomy":"product_tag","embeddable":true,"href":"https:\/\/meterny.com\/de\/wp-json\/wp\/v2\/product_tag?post=16936"}],"curies":[{"name":"wp","href":"https:\/\/api.w.org\/{rel}","templated":true}]}}