{"id":17180,"date":"2024-10-07T12:25:11","date_gmt":"2024-10-07T12:25:11","guid":{"rendered":"https:\/\/meterny.com\/?post_type=product&#038;p=17180"},"modified":"2025-01-18T13:01:30","modified_gmt":"2025-01-18T13:01:30","slug":"motorized-aluminum-gazebo-aluminum-pergola","status":"publish","type":"product","link":"https:\/\/meterny.com\/de\/produkt\/motorized-aluminum-gazebo-aluminum-pergola\/","title":{"rendered":"Motorisierte Aluminium Pergola Gazebo Schwarze Farbe Bioklimatische Aluminium Metall Pergola Gazebo"},"content":{"rendered":"<h1 style=\"text-align: center;\">\u00a0Motorisierter Aluminium-Laubengang Schwarze Farbe Aluminium Metall Bioklimatische Pergola<\/h1>\n<p><strong>Typ<\/strong>: Motorisierter Aluminium-Laubengang<\/p>\n<p><strong>Gr\u00f6\u00dfe<\/strong>: angepasst<\/p>\n<p><strong>Oberfl\u00e4che<\/strong>: kundenspezifische Beschichtung\/ Lackierung<\/p>\n<p><strong>Farbe<\/strong>: angepasst<\/p>\n<p><strong>L\u00e4nge<\/strong>: Ma\u00dfgeschneidert<\/p>\n<p><strong>Material<\/strong>: Hochwertige Aluminium-Legierung<\/p>\n<p><strong>Produkt-Technologie<\/strong>: Meterny AquaGuard Anti-Leck-System<\/p>\n<p id=\"\"><strong>\u00dcberschrift<\/strong>:<br \/>\nErleben Sie Eleganz und Bequemlichkeit mit dem motorisierten Aluminium-Gazebo<\/p>\n<hr \/>\n<p><strong>Produktbilder<\/strong>:<\/p>\n<figure id=\"attachment_16985\" aria-describedby=\"caption-attachment-16985\" style=\"width: 1024px\" class=\"wp-caption alignnone\"><img loading=\"lazy\" decoding=\"async\" class=\"wp-image-16985\" src=\"https:\/\/meterny.com\/wp-content\/uploads\/2024\/09\/9-4zhu.jpg\" alt=\"Motorisierter Aluminium-Laubengang\" width=\"1024\" height=\"1024\" srcset=\"https:\/\/meterny.com\/wp-content\/uploads\/2024\/09\/9-4zhu.jpg 800w, https:\/\/meterny.com\/wp-content\/uploads\/2024\/09\/9-4zhu-300x300.jpg 300w, https:\/\/meterny.com\/wp-content\/uploads\/2024\/09\/9-4zhu-150x150.jpg 150w, https:\/\/meterny.com\/wp-content\/uploads\/2024\/09\/9-4zhu-768x768.jpg 768w, https:\/\/meterny.com\/wp-content\/uploads\/2024\/09\/9-4zhu-600x600.jpg 600w, https:\/\/meterny.com\/wp-content\/uploads\/2024\/09\/9-4zhu-100x100.jpg 100w\" sizes=\"auto, (max-width: 1024px) 100vw, 1024px\" \/><figcaption id=\"caption-attachment-16985\" class=\"wp-caption-text\">Zeitlose schwarze Pergola wertet Parkwege auf<\/figcaption><\/figure>\n<hr \/>\n<p id=\"\"><strong>Beschreibung des Produkts<\/strong>:<\/p>\n<p id=\"\">Wir stellen den motorisierten Aluminium-Gazebo vor, die ultimative L\u00f6sung f\u00fcr das Leben im Freien, die Eleganz, Funktionalit\u00e4t und Komfort vereint. Der aus hochwertigem Aluminium gefertigte Pavillon ist besonders langlebig und witterungsbest\u00e4ndig, sodass Sie den Au\u00dfenbereich zu jeder Jahreszeit genie\u00dfen k\u00f6nnen.<\/p>\n<p id=\"\"><strong>Wesentliche Merkmale<\/strong>:<\/p>\n<ul>\n<li><strong>Motorisiertes Verdeck\/L\u00fcfter<\/strong>: Stellen Sie das Vordach oder die Lamellen ganz einfach per Fernbedienung oder Smartphone-App ein. Passen Sie die Einstellungen Ihres Pavillons an Ihre Bed\u00fcrfnisse und Vorlieben an und schaffen Sie so die perfekte Umgebung f\u00fcr jeden Anlass.<\/li>\n<li><strong>Hochwertige Aluminium-Konstruktion<\/strong>: Der Pavillon ist aus langlebigem und leichtem Aluminium gefertigt und f\u00fcr den harten Einsatz im Freien konzipiert. Seine korrosionsbest\u00e4ndigen Eigenschaften sorgen f\u00fcr eine dauerhafte Leistung und Zuverl\u00e4ssigkeit, auch bei rauen Wetterbedingungen.<\/li>\n<li><strong>Anpassbares Design<\/strong>: Passen Sie das Design des Pavillons an Ihren speziellen Geschmack und Ihre Bed\u00fcrfnisse an. W\u00e4hlen Sie aus einer Reihe von anpassbaren Optionen, einschlie\u00dflich der Farben des Vordachs, der Lamellenmuster und der Gestelloberfl\u00e4chen, um einen Pavillon zu schaffen, der Ihren Au\u00dfenbereich erg\u00e4nzt und dessen Gesamteindruck verbessert.<\/li>\n<li><strong>Vielseitiger Au\u00dfenbereich<\/strong>: Der motorisierte Aluminium-Gazebo bietet einen vielseitigen Platz im Freien, der f\u00fcr eine Vielzahl von Aktivit\u00e4ten genutzt werden kann. Ob Sie im Freien speisen, mit Freunden faulenzen oder ein Familientreffen veranstalten, der Pavillon bietet den perfekten Rahmen, um die Natur in Komfort und Stil zu genie\u00dfen.<\/li>\n<li><strong>Einfache Installation und Wartung<\/strong>: Der Pavillon wird mit einer umfassenden Montageanleitung geliefert und erfordert nur minimale Wartung. Dank der robusten Konstruktion und der benutzerfreundlichen Funktionen k\u00f6nnen Sie Ihre Gartenlaube jahrelang mit minimalem Aufwand genie\u00dfen.<\/li>\n<\/ul>\n<p id=\"\"><strong>Spezifikationen<\/strong>:<\/p>\n<ul>\n<li><strong>Material<\/strong>: Hochwertiges Aluminium<\/li>\n<li><strong>Material der Haube\/Lamellen<\/strong>: Wetterfestes Gewebe\/Aluminium<\/li>\n<li><strong>Optionen f\u00fcr Rahmenausf\u00fchrungen<\/strong>: Pulverbeschichtetes, geb\u00fcrstetes Aluminium, etc.<\/li>\n<li><strong>Vordach\/Lamellenfarben<\/strong>: Mehrere Optionen verf\u00fcgbar<\/li>\n<li><strong>Abmessungen<\/strong>(Geben Sie die genauen Abmessungen des Pavillons an, einschlie\u00dflich Breite, L\u00e4nge und H\u00f6he)<\/li>\n<li><strong>Gewicht<\/strong>: (200-450kg)<\/li>\n<li><strong>Stromquelle<\/strong>: Elektrisch (Fernsteuerung oder Smartphone-App-Integration)<\/li>\n<li><strong>Garantie<\/strong>: (mehr als 10 Jahre)<\/li>\n<\/ul>\n<h3>Wenn Sie weitere Einzelheiten erfahren m\u00f6chten, klicken Sie bitte auf diesen Link zu youtube:<a href=\"https:\/\/youtu.be\/RDBg0nXdM1I\" target=\"_blank\" rel=\"noopener\">https:\/\/youtu.be\/RDBg0nXdM1I<\/a><\/h3>\n<p>&nbsp;<\/p>\n<figure id=\"attachment_16950\" aria-describedby=\"caption-attachment-16950\" style=\"width: 1024px\" class=\"wp-caption alignnone\"><img loading=\"lazy\" decoding=\"async\" class=\"wp-image-16950\" src=\"https:\/\/meterny.com\/wp-content\/uploads\/2024\/09\/About-Meterny@3x.png\" alt=\"Meterny&#039;s Aluminium-Pergola Vergleich mit anderen Pergolen\" width=\"1024\" height=\"1447\" srcset=\"https:\/\/meterny.com\/wp-content\/uploads\/2024\/09\/About-Meterny@3x.png 1787w, https:\/\/meterny.com\/wp-content\/uploads\/2024\/09\/About-Meterny@3x-212x300.png 212w, https:\/\/meterny.com\/wp-content\/uploads\/2024\/09\/About-Meterny@3x-724x1024.png 724w, https:\/\/meterny.com\/wp-content\/uploads\/2024\/09\/About-Meterny@3x-768x1086.png 768w, https:\/\/meterny.com\/wp-content\/uploads\/2024\/09\/About-Meterny@3x-1087x1536.png 1087w, https:\/\/meterny.com\/wp-content\/uploads\/2024\/09\/About-Meterny@3x-1449x2048.png 1449w, https:\/\/meterny.com\/wp-content\/uploads\/2024\/09\/About-Meterny@3x-600x848.png 600w\" sizes=\"auto, (max-width: 1024px) 100vw, 1024px\" \/><figcaption id=\"caption-attachment-16950\" class=\"wp-caption-text\">Meterny-Pergolen im Vergleich zu herk\u00f6mmlichen Pergolen: \u00dcberlegene Eigenschaften<\/figcaption><\/figure>\n<p>Der motorisierte Aluminium-Laubengang ist eine elegante und funktionale Konstruktion f\u00fcr den Au\u00dfenbereich. Er verf\u00fcgt \u00fcber ein motorisiertes Vordach oder Lamellen, die einfach per Fernbedienung oder Smartphone-App eingestellt werden k\u00f6nnen. Der aus hochwertigem Aluminium gefertigte Pavillon ist besonders langlebig und witterungsbest\u00e4ndig und eignet sich daher perfekt f\u00fcr den Aufenthalt im Freien zu jeder Jahreszeit. Mit seinem eleganten Design und den anpassbaren Optionen wertet dieser Pavillon Ihren Lebensraum im Freien auf und bietet eine vielseitige und stilvolle Umgebung zum Essen, Faulenzen und Unterhalten.<\/p>\n<p>&nbsp;<\/p>\n<figure id=\"attachment_20288\" aria-describedby=\"caption-attachment-20288\" style=\"width: 1024px\" class=\"wp-caption alignnone\"><img loading=\"lazy\" decoding=\"async\" class=\"wp-image-20288\" src=\"https:\/\/meterny.com\/wp-content\/uploads\/2024\/10\/WPC-Colour-Card@3x.png\" alt=\"Meterny&#039;s Aluminium Pergola Wasser Leckage Pr\u00e4vention Design\" width=\"1024\" height=\"1024\" srcset=\"https:\/\/meterny.com\/wp-content\/uploads\/2024\/10\/WPC-Colour-Card@3x.png 800w, https:\/\/meterny.com\/wp-content\/uploads\/2024\/10\/WPC-Colour-Card@3x-300x300.png 300w, https:\/\/meterny.com\/wp-content\/uploads\/2024\/10\/WPC-Colour-Card@3x-150x150.png 150w, https:\/\/meterny.com\/wp-content\/uploads\/2024\/10\/WPC-Colour-Card@3x-768x768.png 768w, https:\/\/meterny.com\/wp-content\/uploads\/2024\/10\/WPC-Colour-Card@3x-600x600.png 600w, https:\/\/meterny.com\/wp-content\/uploads\/2024\/10\/WPC-Colour-Card@3x-100x100.png 100w\" sizes=\"auto, (max-width: 1024px) 100vw, 1024px\" \/><figcaption id=\"caption-attachment-20288\" class=\"wp-caption-text\">Das innovative Design von Meterny zur Verhinderung von Wasserlecks<\/figcaption><\/figure>\n<figure id=\"attachment_16951\" aria-describedby=\"caption-attachment-16951\" style=\"width: 1024px\" class=\"wp-caption alignnone\"><img loading=\"lazy\" decoding=\"async\" class=\"wp-image-16951\" src=\"https:\/\/meterny.com\/wp-content\/uploads\/2024\/09\/\u753b\u677f-16@3x.png\" alt=\"Meterny&#039;s Aluminum Pergola exklusives Patent Design\" width=\"1024\" height=\"1448\" srcset=\"https:\/\/meterny.com\/wp-content\/uploads\/2024\/09\/\u753b\u677f-16@3x.png 1787w, https:\/\/meterny.com\/wp-content\/uploads\/2024\/09\/\u753b\u677f-16@3x-212x300.png 212w, https:\/\/meterny.com\/wp-content\/uploads\/2024\/09\/\u753b\u677f-16@3x-724x1024.png 724w, https:\/\/meterny.com\/wp-content\/uploads\/2024\/09\/\u753b\u677f-16@3x-768x1086.png 768w, https:\/\/meterny.com\/wp-content\/uploads\/2024\/09\/\u753b\u677f-16@3x-1086x1536.png 1086w, https:\/\/meterny.com\/wp-content\/uploads\/2024\/09\/\u753b\u677f-16@3x-1448x2048.png 1448w, https:\/\/meterny.com\/wp-content\/uploads\/2024\/09\/\u753b\u677f-16@3x-600x848.png 600w\" sizes=\"auto, (max-width: 1024px) 100vw, 1024px\" \/><figcaption id=\"caption-attachment-16951\" class=\"wp-caption-text\">Das patentierte Design von Meterny: Eine Pergola wie keine andere<\/figcaption><\/figure>\n<h3>Warum die motorisierte Aluminium-Gazebo?<\/h3>\n<p id=\"\">Die Entscheidung f\u00fcr einen motorisierten Aluminium-Laubengang bietet zahlreiche Vorteile, die Ihr Leben im Freien erheblich verbessern k\u00f6nnen. Hier sind einige \u00fcberzeugende Gr\u00fcnde, diese Option in Betracht zu ziehen:<\/p>\n<ol>\n<li><strong>Bequemlichkeit und Kontrolle<\/strong>:\n<ul>\n<li>Die motorisierte Funktion erm\u00f6glicht es Ihnen, das Vordach oder die Lamellen des Pavillons mit Leichtigkeit zu verstellen, um Schatten und Schutz vor den Elementen auf Knopfdruck zu bieten.<\/li>\n<li>Mit der Fernbedienung oder der Smartphone-App-Integration k\u00f6nnen Sie die Einstellungen des Pavillons m\u00fchelos an Ihre Bed\u00fcrfnisse und Vorlieben anpassen, ganz gleich, ob Sie sich entspannen, G\u00e4ste empfangen oder eine Veranstaltung ausrichten m\u00f6chten.<\/li>\n<\/ul>\n<\/li>\n<li><strong>Langlebigkeit und Wetterbest\u00e4ndigkeit<\/strong>:\n<ul>\n<li>Der aus hochwertigem Aluminium gefertigte Pavillon ist so konzipiert, dass er den Strapazen des Au\u00dfeneinsatzes standh\u00e4lt.<\/li>\n<li>Aluminium ist korrosionsbest\u00e4ndig und leicht, was es zu einem idealen Material f\u00fcr Pavillons macht, die verschiedenen Witterungsbedingungen standhalten und gleichzeitig robust und zuverl\u00e4ssig sein m\u00fcssen.<\/li>\n<\/ul>\n<\/li>\n<li><strong>Anpassbares Design<\/strong>:\n<ul>\n<li>Motorisierte Aluminium-Gazebos werden oft mit einer Reihe von anpassbaren Optionen geliefert, die es Ihnen erm\u00f6glichen, das Design an Ihren speziellen Geschmack und Ihre Bed\u00fcrfnisse anzupassen.<\/li>\n<li>Ganz gleich, ob Sie eine moderne oder traditionelle \u00c4sthetik bevorzugen, Sie k\u00f6nnen einen Pavillon finden, der Ihren Au\u00dfenbereich erg\u00e4nzt und seine Gesamtattraktivit\u00e4t steigert.<\/li>\n<\/ul>\n<\/li>\n<li><strong>Verbessertes Leben im Freien<\/strong>:\n<ul>\n<li>Ein motorisierter Pavillon bietet einen vielseitigen Raum im Freien, der f\u00fcr eine Vielzahl von Aktivit\u00e4ten genutzt werden kann.<\/li>\n<li>Ob Sie im Freien speisen, mit Freunden faulenzen oder ein Familientreffen veranstalten, der Pavillon bietet den perfekten Rahmen, um die Natur in Komfort und Stil zu genie\u00dfen.<\/li>\n<\/ul>\n<\/li>\n<li><strong>Preis-Leistungs-Verh\u00e4ltnis<\/strong>:\n<ul>\n<li>Die Investition in eine motorisierte Aluminium-Laube ist eine kosteng\u00fcnstige M\u00f6glichkeit, Ihren Au\u00dfenbereich zu versch\u00f6nern.<\/li>\n<li>Mit seiner Kombination aus Langlebigkeit, Komfort und anpassbarem Design bietet der Pavillon ein au\u00dfergew\u00f6hnliches Preis-Leistungs-Verh\u00e4ltnis und sorgt f\u00fcr jahrelange Freude und Nutzung.<\/li>\n<\/ul>\n<\/li>\n<\/ol>\n<p id=\"\">Zusammenfassend l\u00e4sst sich sagen, dass eine motorisierte Aluminium-Laube eine Reihe von Vorteilen bietet, die sie zu einer idealen Wahl f\u00fcr alle macht, die einen vielseitigen, stilvollen und funktionalen Lebensraum im Freien schaffen wollen. Mit seinem Komfort, seiner Langlebigkeit, dem anpassbaren Design und dem verbesserten Lebensgef\u00fchl im Freien ist ein motorisierter Pavillon eine kluge Investition, die sich langfristig auszahlen wird.<\/p>","protected":false},"excerpt":{"rendered":"<p>Schaffen Sie sich einen stilvollen und wetterfesten R\u00fcckzugsort im Freien mit dem wasserdichten Pavillon aus Aluminium, der elegantes Design mit dauerhafter Leistung kombiniert.<\/p>","protected":false},"featured_media":16985,"comment_status":"open","ping_status":"closed","template":"","meta":{"_uag_custom_page_level_css":"","site-sidebar-layout":"default","site-content-layout":"","ast-site-content-layout":"default","site-content-style":"default","site-sidebar-style":"default","ast-global-header-display":"","ast-banner-title-visibility":"","ast-main-header-display":"","ast-hfb-above-header-display":"","ast-hfb-below-header-display":"","ast-hfb-mobile-header-display":"","site-post-title":"","ast-breadcrumbs-content":"","ast-featured-img":"","footer-sml-layout":"","theme-transparent-header-meta":"default","adv-header-id-meta":"","stick-header-meta":"default","header-above-stick-meta":"","header-main-stick-meta":"","header-below-stick-meta":"","astra-migrate-meta-layouts":"set","ast-page-background-enabled":"default","ast-page-background-meta":{"desktop":{"background-color":"var(--ast-global-color-4)","background-image":"","background-repeat":"repeat","background-position":"center center","background-size":"auto","background-attachment":"scroll","background-type":"","background-media":"","overlay-type":"","overlay-color":"","overlay-opacity":"","overlay-gradient":""},"tablet":{"background-color":"","background-image":"","background-repeat":"repeat","background-position":"center center","background-size":"auto","background-attachment":"scroll","background-type":"","background-media":"","overlay-type":"","overlay-color":"","overlay-opacity":"","overlay-gradient":""},"mobile":{"background-color":"","background-image":"","background-repeat":"repeat","background-position":"center center","background-size":"auto","background-attachment":"scroll","background-type":"","background-media":"","overlay-type":"","overlay-color":"","overlay-opacity":"","overlay-gradient":""}},"ast-content-background-meta":{"desktop":{"background-color":"var(--ast-global-color-5)","background-image":"","background-repeat":"repeat","background-position":"center center","background-size":"auto","background-attachment":"scroll","background-type":"","background-media":"","overlay-type":"","overlay-color":"","overlay-opacity":"","overlay-gradient":""},"tablet":{"background-color":"var(--ast-global-color-5)","background-image":"","background-repeat":"repeat","background-position":"center center","background-size":"auto","background-attachment":"scroll","background-type":"","background-media":"","overlay-type":"","overlay-color":"","overlay-opacity":"","overlay-gradient":""},"mobile":{"background-color":"var(--ast-global-color-5)","background-image":"","background-repeat":"repeat","background-position":"center center","background-size":"auto","background-attachment":"scroll","background-type":"","background-media":"","overlay-type":"","overlay-color":"","overlay-opacity":"","overlay-gradient":""}}},"product_brand":[],"product_cat":[18],"product_tag":[219,217,218,216],"class_list":{"0":"post-17180","1":"product","2":"type-product","3":"status-publish","4":"has-post-thumbnail","6":"product_cat-uncategorized","7":"product_tag-aluminum-metal-waterproof-pergola","8":"product_tag-aluminum-pavilion","9":"product_tag-metal-pavilion","10":"product_tag-waterproof-pavilion","11":"desktop-align-center","12":"tablet-align-left","13":"mobile-align-left","14":"ast-product-gallery-layout-horizontal-slider","15":"ast-product-single-variable","16":"ast-product-tabs-layout-vertical","18":"first","19":"instock","20":"shipping-taxable","21":"product-type-variable"},"uagb_featured_image_src":{"full":["https:\/\/meterny.com\/wp-content\/uploads\/2024\/09\/9-4zhu.jpg",800,800,false],"thumbnail":["https:\/\/meterny.com\/wp-content\/uploads\/2024\/09\/9-4zhu-150x150.jpg",150,150,true],"medium":["https:\/\/meterny.com\/wp-content\/uploads\/2024\/09\/9-4zhu-300x300.jpg",300,300,true],"medium_large":["https:\/\/meterny.com\/wp-content\/uploads\/2024\/09\/9-4zhu-768x768.jpg",768,768,true],"large":["https:\/\/meterny.com\/wp-content\/uploads\/2024\/09\/9-4zhu.jpg",800,800,false],"1536x1536":["https:\/\/meterny.com\/wp-content\/uploads\/2024\/09\/9-4zhu.jpg",800,800,false],"2048x2048":["https:\/\/meterny.com\/wp-content\/uploads\/2024\/09\/9-4zhu.jpg",800,800,false],"trp-custom-language-flag":["https:\/\/meterny.com\/wp-content\/uploads\/2024\/09\/9-4zhu.jpg",12,12,false],"woocommerce_thumbnail":["https:\/\/meterny.com\/wp-content\/uploads\/2024\/09\/9-4zhu-300x300.jpg",300,300,true],"woocommerce_single":["https:\/\/meterny.com\/wp-content\/uploads\/2024\/09\/9-4zhu-600x600.jpg",600,600,true],"woocommerce_gallery_thumbnail":["https:\/\/meterny.com\/wp-content\/uploads\/2024\/09\/9-4zhu-100x100.jpg",100,100,true]},"uagb_author_info":{"display_name":"meterny","author_link":"https:\/\/meterny.com\/de\/author\/"},"uagb_comment_info":0,"uagb_excerpt":"Create a stylish and weather-resistant outdoor haven with the Aluminum Metal Waterproof Pavilion, combining sleek design with durable performance.","_links":{"self":[{"href":"https:\/\/meterny.com\/de\/wp-json\/wp\/v2\/product\/17180","targetHints":{"allow":["GET"]}}],"collection":[{"href":"https:\/\/meterny.com\/de\/wp-json\/wp\/v2\/product"}],"about":[{"href":"https:\/\/meterny.com\/de\/wp-json\/wp\/v2\/types\/product"}],"replies":[{"embeddable":true,"href":"https:\/\/meterny.com\/de\/wp-json\/wp\/v2\/comments?post=17180"}],"wp:featuredmedia":[{"embeddable":true,"href":"https:\/\/meterny.com\/de\/wp-json\/wp\/v2\/media\/16985"}],"wp:attachment":[{"href":"https:\/\/meterny.com\/de\/wp-json\/wp\/v2\/media?parent=17180"}],"wp:term":[{"taxonomy":"product_brand","embeddable":true,"href":"https:\/\/meterny.com\/de\/wp-json\/wp\/v2\/product_brand?post=17180"},{"taxonomy":"product_cat","embeddable":true,"href":"https:\/\/meterny.com\/de\/wp-json\/wp\/v2\/product_cat?post=17180"},{"taxonomy":"product_tag","embeddable":true,"href":"https:\/\/meterny.com\/de\/wp-json\/wp\/v2\/product_tag?post=17180"}],"curies":[{"name":"wp","href":"https:\/\/api.w.org\/{rel}","templated":true}]}}