{"id":17388,"date":"2024-10-08T13:09:21","date_gmt":"2024-10-08T13:09:21","guid":{"rendered":"https:\/\/meterny.com\/?post_type=product&#038;p=17388"},"modified":"2025-01-15T13:13:03","modified_gmt":"2025-01-15T13:13:03","slug":"interior-wpc-wall-cladding-panel","status":"publish","type":"product","link":"https:\/\/meterny.com\/de\/produkt\/interior-wpc-wall-cladding-panel\/","title":{"rendered":"Wpc-Wandverkleidung f\u00fcr Innenr\u00e4ume Holz-Kunststoff-Verbundstoff-Wandpaneele Wpc-Verbundstoff-Wandpaneele"},"content":{"rendered":"<div class=\"elementor-element elementor-element-c0e1d42 elementor-widget elementor-widget-heading\" data-id=\"c0e1d42\" data-element_type=\"widget\" data-widget_type=\"heading.default\">\n<div class=\"elementor-widget-container\">\n<h2 class=\"elementor-heading-title elementor-size-default\" style=\"text-align: center;\">Wpc-Wandverkleidungsplatten f\u00fcr Innenr\u00e4ume - Spezifikation<\/h2>\n<\/div>\n<\/div>\n<div class=\"elementor-element elementor-element-1f676da elementor-widget elementor-widget-heading\" data-id=\"1f676da\" data-element_type=\"widget\" data-widget_type=\"heading.default\">\n<p>&nbsp;<\/p>\n<\/div>\n<div class=\"elementor-element elementor-element-1f676da elementor-widget elementor-widget-heading\" data-id=\"1f676da\" data-element_type=\"widget\" data-widget_type=\"heading.default\">\n<p id=\"\"><strong>Titel<\/strong>: WPC-Wandverkleidungsplatten f\u00fcr den Innenbereich - eine moderne, nachhaltige Wahl f\u00fcr Ihr Zuhause<\/p>\n<hr \/>\n<p>METE227H25 WPC-Wandplatte mit Rillen: Erh\u00f6hen Sie Ihre R\u00e4ume mit moderner Eleganz<\/p>\n<p><strong>Modell<\/strong>: METE227H25<br \/>\n<strong>Typ<\/strong>: WPC geriffelte Wandplatte<br \/>\n<strong>Gr\u00f6\u00dfe<\/strong>: 227\u00d725mm<\/p>\n<p><strong>Oberfl\u00e4che<\/strong>: Gerade K\u00f6rner<br \/>\n<strong>L\u00e4nge<\/strong>2.9m oder kundenspezifisch<br \/>\n<strong>Material<\/strong>: Holz-Kunststoff-Verbundstoff<br \/>\n<strong>Produkt-Technologie<\/strong>: \u00d6ko-Extrusion<\/p>\n<p id=\"\"><strong>Produktbilder<\/strong>:<\/p>\n<figure id=\"attachment_17375\" aria-describedby=\"caption-attachment-17375\" style=\"width: 1024px\" class=\"wp-caption alignnone\"><img loading=\"lazy\" decoding=\"async\" class=\"wp-image-17375\" src=\"https:\/\/meterny.com\/wp-content\/uploads\/2024\/04\/70-10.png\" alt=\"Wpc-Wandverkleidungsplatte f\u00fcr den Innenbereich\" width=\"1024\" height=\"1024\" srcset=\"https:\/\/meterny.com\/wp-content\/uploads\/2024\/04\/70-10.png 900w, https:\/\/meterny.com\/wp-content\/uploads\/2024\/04\/70-10-300x300.png 300w, https:\/\/meterny.com\/wp-content\/uploads\/2024\/04\/70-10-150x150.png 150w, https:\/\/meterny.com\/wp-content\/uploads\/2024\/04\/70-10-768x768.png 768w, https:\/\/meterny.com\/wp-content\/uploads\/2024\/04\/70-10-600x600.png 600w, https:\/\/meterny.com\/wp-content\/uploads\/2024\/04\/70-10-100x100.png 100w\" sizes=\"auto, (max-width: 1024px) 100vw, 1024px\" \/><figcaption id=\"caption-attachment-17375\" class=\"wp-caption-text\">Gestalten Sie eine beeindruckende TV-Akzentwand mit WPC-Paneelen.<\/figcaption><\/figure>\n<hr \/>\n<p id=\"\"><strong>\u00dcbersicht<\/strong>:<\/p>\n<p id=\"\">Wir stellen die WPC-Wandverkleidung f\u00fcr den Innenbereich vor, ein revolution\u00e4res Produkt, das die Sch\u00f6nheit von nat\u00fcrlichem Holz mit der Haltbarkeit und Umweltfreundlichkeit von recyceltem Kunststoff kombiniert. Diese innovative Wandverkleidungsl\u00f6sung ist perfekt f\u00fcr moderne H\u00e4user, die einen stilvollen, nachhaltigen und wartungsarmen Innenausbau w\u00fcnschen.<\/p>\n<hr \/>\n<p id=\"\"><strong>Wesentliche Merkmale<\/strong>:<\/p>\n<ol>\n<li><strong>Umweltfreundliches Material<\/strong>:\n<ul>\n<li>Unsere WPC-Wandverkleidungsplatten f\u00fcr den Innenbereich, die aus einer Mischung aus Holzfasern und recyceltem Kunststoff hergestellt werden, sind eine umweltbewusste Wahl, die Abfall reduziert und die nat\u00fcrlichen Ressourcen schont.<\/li>\n<\/ul>\n<\/li>\n<li><strong>Dauerhaftigkeit und Langlebigkeit<\/strong>:\n<ul>\n<li>Unsere Wandverkleidungen wurden entwickelt, um den Unbilden des Alltags zu trotzen, und sind resistent gegen F\u00e4ulnis, Schimmel und Mehltau. Sie beh\u00e4lt ihr Aussehen und ihre Funktionalit\u00e4t \u00fcber Jahre hinweg bei und ist somit eine langlebige Investition.<\/li>\n<\/ul>\n<\/li>\n<li><strong>Wasser- und Feuchtigkeitsbest\u00e4ndigkeit<\/strong>:\n<ul>\n<li>Unsere WPC-Wandverkleidungen eignen sich perfekt f\u00fcr feuchte Umgebungen, da sie wasserdicht sind und das Wachstum von sch\u00e4dlichen Bakterien und Pilzen verhindern.<\/li>\n<\/ul>\n<\/li>\n<li><strong>Einfache Installation<\/strong>:\n<ul>\n<li>Sparen Sie Zeit und Geld mit unserer einfach zu montierenden Wandverkleidung. Das leichte Design und die einfache Montageanleitung machen sie zu einem gro\u00dfartigen Heimwerkerprojekt f\u00fcr alle, die ihr Zuhause versch\u00f6nern m\u00f6chten.<\/li>\n<\/ul>\n<\/li>\n<li><strong>Vielseitige Designoptionen<\/strong>:\n<ul>\n<li>Mit einer breiten Palette an Farben, Strukturen und Stilen k\u00f6nnen unsere WPC-Wandverkleidungsplatten f\u00fcr den Innenbereich nahtlos in jedes Einrichtungskonzept integriert werden. W\u00e4hlen Sie aus modernen, rustikalen oder traditionellen Designs, um Ihren perfekten Raum zu gestalten.<\/li>\n<\/ul>\n<\/li>\n<li><strong>Geringe Wartung<\/strong>:\n<ul>\n<li>Es ist ein Kinderspiel, Ihre Wandverkleidung sauber zu halten. Wischen Sie sie einfach mit einem feuchten Tuch ab, um ihr makelloses Aussehen zu erhalten.<\/li>\n<\/ul>\n<\/li>\n<li><strong>Kosteng\u00fcnstig<\/strong>:\n<ul>\n<li>W\u00e4hrend die anf\u00e4ngliche Investition mit einigen traditionellen Materialien vergleichbar ist, ist unsere WPC-Wandverkleidung aufgrund ihrer langfristigen Haltbarkeit und ihres geringen Wartungsbedarfs auf lange Sicht eine kosteng\u00fcnstigere Wahl.<\/li>\n<\/ul>\n<\/li>\n<li><strong>Verbesserte Isolierung<\/strong>:\n<ul>\n<li>Unsere Wandverkleidungen bieten hervorragende D\u00e4mmeigenschaften, die zur Regulierung der Raumtemperatur und zur Senkung der Energiekosten beitragen.<\/li>\n<\/ul>\n<\/li>\n<li><strong>Erh\u00f6hte Sicherheit<\/strong>:\n<ul>\n<li>Unsere WPC-Wandverkleidungsplatten f\u00fcr den Innenbereich bestehen aus ungiftigen Materialien und sind feuerbest\u00e4ndig. Sie bieten Ihnen und Ihrer Familie ein sichereres Wohnumfeld.<\/li>\n<\/ul>\n<\/li>\n<\/ol>\n<hr \/>\n<p id=\"\"><strong>Technische Daten<\/strong>:<\/p>\n<ul>\n<li><strong>Material<\/strong>: Holz-Kunststoff-Verbundstoff (WPC)<\/li>\n<li><strong>Abmessungen<\/strong>: 135*119*23mm\/217*201*28mm\/227*210*25mm<\/li>\n<li><strong>Gewicht<\/strong>: 3kg\/Meter<\/li>\n<li><strong>Farboptionen<\/strong>: schwarz\/braun\/wei\u00df\/doppelfarbig<\/li>\n<li><strong>Textur-Optionen<\/strong>: 3d gepr\u00e4gte Holzmaserung<\/li>\n<li><strong>Einbauart<\/strong>:  Nut und Feder, Clip-System, etc.<\/li>\n<li><strong>Wasserbest\u00e4ndigkeit<\/strong>: Wasserdicht\/Feuerfest<\/li>\n<li><strong>Feuerbest\u00e4ndigkeit<\/strong>: Klasse B<\/li>\n<li><strong>Wartung<\/strong>: Pflegeleicht, Reinigung mit einem feuchten Tuch<\/li>\n<\/ul>\n<hr \/>\n<p id=\"\"><strong>Anwendungen<\/strong>:<\/p>\n<p id=\"\">Unsere WPC-Wandverkleidungsplatten f\u00fcr den Innenbereich sind ideal f\u00fcr eine Vielzahl von Anwendungen, darunter:<\/p>\n<ul>\n<li style=\"list-style-type: none;\">\n<ul>\n<li>Wohnr\u00e4ume<\/li>\n<li>Schlafr\u00e4ume<\/li>\n<li>K\u00fcchen<\/li>\n<li>B\u00e4der<\/li>\n<li>\u00c4mter<\/li>\n<li>Heim-Turnhallen<\/li>\n<li>Kellergeschosse<\/li>\n<li>Jeder andere Innenraum, der einen stilvollen, dauerhaften und nachhaltigen Wandanstrich ben\u00f6tigt<\/li>\n<\/ul>\n<\/li>\n<\/ul>\n<p>Wpc-Wandverkleidungsplatte f\u00fcr Innenr\u00e4ume WPC-Dekor-Wandverkleidung f\u00fcr Innenr\u00e4ume<\/p>\n<h3>Wenn Sie mehr Details wissen wollen, klicken Sie bitte auf diesen Link zu youtube:<a href=\"https:\/\/youtu.be\/pB4DLvKHjEI\" target=\"_blank\" rel=\"noopener\">https:\/\/youtu.be\/pB4DLvKHjEI<\/a><\/h3>\n<h3>Galerie<\/h3>\n<figure id=\"attachment_17374\" aria-describedby=\"caption-attachment-17374\" style=\"width: 1024px\" class=\"wp-caption alignnone\"><img loading=\"lazy\" decoding=\"async\" class=\"wp-image-17374\" src=\"https:\/\/meterny.com\/wp-content\/uploads\/2024\/04\/70-4.png\" alt=\"WPC-Wandplatte f\u00fcr Flure\" width=\"1024\" height=\"1024\" srcset=\"https:\/\/meterny.com\/wp-content\/uploads\/2024\/04\/70-4.png 1024w, https:\/\/meterny.com\/wp-content\/uploads\/2024\/04\/70-4-300x300.png 300w, https:\/\/meterny.com\/wp-content\/uploads\/2024\/04\/70-4-150x150.png 150w, https:\/\/meterny.com\/wp-content\/uploads\/2024\/04\/70-4-768x768.png 768w, https:\/\/meterny.com\/wp-content\/uploads\/2024\/04\/70-4-600x600.png 600w, https:\/\/meterny.com\/wp-content\/uploads\/2024\/04\/70-4-100x100.png 100w\" sizes=\"auto, (max-width: 1024px) 100vw, 1024px\" \/><figcaption id=\"caption-attachment-17374\" class=\"wp-caption-text\">Heben Sie Ihre Flure mit WPC-Wandpaneelen hervor<\/figcaption><\/figure>\n<figure id=\"attachment_17369\" aria-describedby=\"caption-attachment-17369\" style=\"width: 1024px\" class=\"wp-caption alignnone\"><img loading=\"lazy\" decoding=\"async\" class=\"wp-image-17369\" src=\"https:\/\/meterny.com\/wp-content\/uploads\/2024\/04\/3-2.jpg\" alt=\"WPC-Wandpaneele f\u00fcr Eingangsbereiche\" width=\"1024\" height=\"1024\" srcset=\"https:\/\/meterny.com\/wp-content\/uploads\/2024\/04\/3-2.jpg 750w, https:\/\/meterny.com\/wp-content\/uploads\/2024\/04\/3-2-300x300.jpg 300w, https:\/\/meterny.com\/wp-content\/uploads\/2024\/04\/3-2-150x150.jpg 150w, https:\/\/meterny.com\/wp-content\/uploads\/2024\/04\/3-2-600x600.jpg 600w, https:\/\/meterny.com\/wp-content\/uploads\/2024\/04\/3-2-100x100.jpg 100w\" sizes=\"auto, (max-width: 1024px) 100vw, 1024px\" \/><figcaption id=\"caption-attachment-17369\" class=\"wp-caption-text\">Schaffen Sie einen einladenden Eingangsbereich mit WPC-Wandpaneelen<\/figcaption><\/figure>\n<h3><strong>Farbe und Oberfl\u00e4che<\/strong><\/h3>\n<p>Unser Paneel METE227H25 zeichnet sich durch eine glatte, geradlinige Oberfl\u00e4che aus, die jedem Bereich eine raffinierte Struktur verleiht.<\/p>\n<p>Mit ihren anpassbaren Farben, Abmessungen und Formen bieten diese Paneele eine au\u00dfergew\u00f6hnliche Flexibilit\u00e4t, die es Ihnen erm\u00f6glicht, Ihrer Kreativit\u00e4t sowohl bei Innen- als auch bei Au\u00dfengestaltungsprojekten freien Lauf zu lassen.<\/p>\n<p>Die \u00d6ko-Extrusionstechnologie sorgt daf\u00fcr, dass jedes Paneel nicht nur gut aussieht, sondern auch zu einem nachhaltigen Lebensumfeld beitr\u00e4gt.<\/p>\n<p>Dank eines speziellen Holz-Kunststoff-Verbundmaterials ist dieses Wandpaneel verrottungs- und f\u00e4ulnisbest\u00e4ndig und widersteht dem Befall durch Insekten und Mikroben.<\/p>\n<p>Meterny METE Serie WPC-Platten Farbkarte<\/p>\n<figure id=\"attachment_20293\" aria-describedby=\"caption-attachment-20293\" style=\"width: 1024px\" class=\"wp-caption alignnone\"><img loading=\"lazy\" decoding=\"async\" class=\"wp-image-20293\" src=\"https:\/\/meterny.com\/wp-content\/uploads\/2024\/10\/METE-Series-Colour-151.png\" alt=\"Meterny WPC-Zaun Farboptionen\" width=\"1024\" height=\"1024\" srcset=\"https:\/\/meterny.com\/wp-content\/uploads\/2024\/10\/METE-Series-Colour-151.png 900w, https:\/\/meterny.com\/wp-content\/uploads\/2024\/10\/METE-Series-Colour-151-300x300.png 300w, https:\/\/meterny.com\/wp-content\/uploads\/2024\/10\/METE-Series-Colour-151-150x150.png 150w, https:\/\/meterny.com\/wp-content\/uploads\/2024\/10\/METE-Series-Colour-151-768x768.png 768w, https:\/\/meterny.com\/wp-content\/uploads\/2024\/10\/METE-Series-Colour-151-600x600.png 600w, https:\/\/meterny.com\/wp-content\/uploads\/2024\/10\/METE-Series-Colour-151-100x100.png 100w\" sizes=\"auto, (max-width: 1024px) 100vw, 1024px\" \/><figcaption id=\"caption-attachment-20293\" class=\"wp-caption-text\">Entdecken Sie Meterny WPC-Zaun - Neun atemberaubende Farboptionen f\u00fcr jeden Stil<\/figcaption><\/figure>\n<p id=\"\"><strong>FAQs<\/strong>:<\/p>\n<p id=\"\">F: Ist die WPC-Wandverkleidung f\u00fcr den Innenbereich einfach zu installieren?<br \/>\nA: Ja, unsere Wandverkleidungen sind so konzipiert, dass sie leicht zu montieren sind und ein gro\u00dfartiges Heimwerkerprojekt darstellen.<\/p>\n<p id=\"\">F: Wie haltbar sind die WPC-Wandverkleidungen?<br \/>\nA: Unsere Wandverkleidungen sind \u00e4u\u00dferst langlebig und resistent gegen F\u00e4ulnis, Schimmel und Mehltau, so dass sie ihr Aussehen und ihre Funktionalit\u00e4t \u00fcber Jahre hinweg beibehalten.<\/p>\n<p id=\"\">F: Sind die Wandverkleidungen wasserdicht?<br \/>\nA: Ja, unsere WPC-Wandverkleidungsplatten f\u00fcr den Innenbereich sind wasserdicht und perfekt f\u00fcr feuchte Umgebungen.<\/p>\n<p id=\"\">F: Gibt es irgendwelche Wartungsanforderungen?<br \/>\nA: Die Reinigung Ihrer Wandverkleidung ist ganz einfach. Wischen Sie sie einfach mit einem feuchten Tuch ab.<\/p>\n<h3>Warum WPC-Wandverkleidungsplatten f\u00fcr den Innenbereich w\u00e4hlen?<\/h3>\n<p id=\"\">Die Wahl von WPC (Wood Plastic Composite)-Wandverkleidungsplatten f\u00fcr den Innenbereich bietet mehrere \u00fcberzeugende Gr\u00fcnde:<\/p>\n<ol>\n<li>\n<p id=\"\"><strong>Dauerhaftigkeit<\/strong>: WPC-Wandpaneele verbinden die nat\u00fcrliche Sch\u00f6nheit von Holz mit der Langlebigkeit von Kunststoff und bieten eine hohe Best\u00e4ndigkeit gegen F\u00e4ulnis, Verrottung und Insektenbefall. Sie k\u00f6nnen rauen Witterungsbedingungen standhalten, ohne Schaden zu nehmen, und eignen sich daher sowohl f\u00fcr Innen- als auch f\u00fcr Au\u00dfenanwendungen. Dar\u00fcber hinaus sind WPC-Wandpaneele feuchtigkeitsbest\u00e4ndig und eignen sich daher ideal f\u00fcr Bereiche mit hoher Luftfeuchtigkeit wie B\u00e4der und K\u00fcchen.<\/p>\n<\/li>\n<li>\n<p id=\"\"><strong>Breite Palette an Designoptionen<\/strong>: WPC-Wandpaneele gibt es in einer Vielzahl von Farben, Texturen und Oberfl\u00e4chen, so dass Hausbesitzer und Designer den perfekten Stil je nach pers\u00f6nlicher oder projektbezogener \u00c4sthetik ausw\u00e4hlen k\u00f6nnen. Ob ein moderner, schlichter Look oder ein traditionelles, rustikales Erscheinungsbild angestrebt wird, WPC-Wandpaneele k\u00f6nnen individuell an die jeweiligen Bed\u00fcrfnisse angepasst werden.<\/p>\n<\/li>\n<li>\n<p id=\"\"><strong>Umweltvertr\u00e4glich und nachhaltig<\/strong>: WPC-Wandpaneele sind eine umweltfreundliche Alternative zu herk\u00f6mmlichen Holzpaneelen, da sie aus recycelten Materialien bestehen und den Verbrauch nat\u00fcrlicher Ressourcen reduzieren. Im Vergleich zu Holzpaneelen ben\u00f6tigen WPC-Wandpaneele weniger Pflege, da sie nicht regelm\u00e4\u00dfig gestrichen oder gebeizt werden m\u00fcssen, was Zeit und M\u00fche spart und gleichzeitig den Einsatz sch\u00e4dlicher Chemikalien reduziert.<\/p>\n<\/li>\n<li>\n<p id=\"\"><strong>Einfache Installation<\/strong>: WPC-Wandplatten sind leicht und einfach zu handhaben und zu installieren. Sie lassen sich leicht auf die gew\u00fcnschten Ma\u00dfe zuschneiden und formen, sodass sie sich nahtlos in jeden Raum integrieren lassen. Au\u00dferdem k\u00f6nnen WPC-Paneele direkt an bestehenden W\u00e4nden angebracht werden, so dass keine umfangreichen Vorbereitungsarbeiten erforderlich sind.<\/p>\n<\/li>\n<li>\n<p id=\"\"><strong>Geringe Wartung<\/strong>: WPC-Wandpaneele sind resistent gegen \u00d6l und Flecken und leicht zu reinigen. Mit einer Lebensdauer von mehr als 60 Jahren ben\u00f6tigen sie nur minimale Pflege. F\u00fcr die Reinigung gen\u00fcgt ein feuchtes Tuch; vermeiden Sie jedoch die Verwendung von Chlor oder Scheuermitteln.<\/p>\n<\/li>\n<\/ol>\n<p id=\"\">Zusammenfassend l\u00e4sst sich sagen, dass WPC-Wandverkleidungsplatten f\u00fcr den Innenbereich aufgrund ihrer Langlebigkeit, ihrer vielf\u00e4ltigen Gestaltungsm\u00f6glichkeiten, ihrer Umweltfreundlichkeit, ihrer einfachen Installation und ihres geringen Wartungsbedarfs eine ideale Wahl sind, um die Sch\u00f6nheit und Funktionalit\u00e4t von Wohn- oder Arbeitsr\u00e4umen zu verbessern.<\/p>\n<\/div>","protected":false},"excerpt":{"rendered":"<p>Entdecken Sie die perfekte Mischung aus Stil und Funktionalit\u00e4t mit den hochwertigen Holz-Kunststoff-Verbundplatten von Meterny. Ganz gleich, ob Sie Ihr Haus, Ihr B\u00fcro oder Ihre Gewerbeimmobilie renovieren m\u00f6chten, unsere Platten bieten eine unvergleichliche Haltbarkeit und \u00c4sthetik.<\/p>\n<p>Unsere aus hochwertigen Materialien gefertigten Holz-Kunststoff-Verbundplatten sind so konzipiert, dass sie den Strapazen des t\u00e4glichen Gebrauchs standhalten und gleichzeitig \u00fcber Jahre hinweg ihr makelloses Aussehen behalten. Au\u00dferdem k\u00f6nnen Sie aus einer Vielzahl von Farben, Texturen und Oberfl\u00e4chen w\u00e4hlen und so Ihren Raum ganz einfach an Ihren einzigartigen Stil und Ihre Vorstellungen anpassen.<\/p>\n<p>Aber es geht nicht nur um das Aussehen - unsere Paneele sind auch umweltfreundlich und nachhaltig. Sie werden aus recycelten Materialien hergestellt und so konzipiert, dass sie die Umwelt m\u00f6glichst wenig belasten. So k\u00f6nnen Sie sch\u00f6ne W\u00e4nde genie\u00dfen und gleichzeitig Ihren \u00f6kologischen Fu\u00dfabdruck verringern.<\/p>\n<p>Werten Sie Ihre Einrichtung mit den Holz-Kunststoff-Verbundplatten von Meterny auf. Entdecken Sie noch heute unsere Kollektion und machen Sie den ersten Schritt, um Ihren Raum in ein modernes Meisterwerk zu verwandeln.<\/p>","protected":false},"featured_media":17375,"comment_status":"open","ping_status":"closed","template":"","meta":{"_uag_custom_page_level_css":"","site-sidebar-layout":"default","site-content-layout":"","ast-site-content-layout":"default","site-content-style":"default","site-sidebar-style":"default","ast-global-header-display":"","ast-banner-title-visibility":"","ast-main-header-display":"","ast-hfb-above-header-display":"","ast-hfb-below-header-display":"","ast-hfb-mobile-header-display":"","site-post-title":"","ast-breadcrumbs-content":"","ast-featured-img":"","footer-sml-layout":"","theme-transparent-header-meta":"default","adv-header-id-meta":"","stick-header-meta":"default","header-above-stick-meta":"","header-main-stick-meta":"","header-below-stick-meta":"","astra-migrate-meta-layouts":"set","ast-page-background-enabled":"default","ast-page-background-meta":{"desktop":{"background-color":"var(--ast-global-color-4)","background-image":"","background-repeat":"repeat","background-position":"center center","background-size":"auto","background-attachment":"scroll","background-type":"","background-media":"","overlay-type":"","overlay-color":"","overlay-opacity":"","overlay-gradient":""},"tablet":{"background-color":"","background-image":"","background-repeat":"repeat","background-position":"center center","background-size":"auto","background-attachment":"scroll","background-type":"","background-media":"","overlay-type":"","overlay-color":"","overlay-opacity":"","overlay-gradient":""},"mobile":{"background-color":"","background-image":"","background-repeat":"repeat","background-position":"center center","background-size":"auto","background-attachment":"scroll","background-type":"","background-media":"","overlay-type":"","overlay-color":"","overlay-opacity":"","overlay-gradient":""}},"ast-content-background-meta":{"desktop":{"background-color":"var(--ast-global-color-5)","background-image":"","background-repeat":"repeat","background-position":"center center","background-size":"auto","background-attachment":"scroll","background-type":"","background-media":"","overlay-type":"","overlay-color":"","overlay-opacity":"","overlay-gradient":""},"tablet":{"background-color":"var(--ast-global-color-5)","background-image":"","background-repeat":"repeat","background-position":"center center","background-size":"auto","background-attachment":"scroll","background-type":"","background-media":"","overlay-type":"","overlay-color":"","overlay-opacity":"","overlay-gradient":""},"mobile":{"background-color":"var(--ast-global-color-5)","background-image":"","background-repeat":"repeat","background-position":"center center","background-size":"auto","background-attachment":"scroll","background-type":"","background-media":"","overlay-type":"","overlay-color":"","overlay-opacity":"","overlay-gradient":""}}},"product_brand":[],"product_cat":[174],"product_tag":[183,180],"class_list":{"0":"post-17388","1":"product","2":"type-product","3":"status-publish","4":"has-post-thumbnail","6":"product_cat-interior-wpc-wall","7":"product_tag-wpc-wall-interior","8":"product_tag-wpc-wall-panel","9":"desktop-align-center","10":"tablet-align-left","11":"mobile-align-left","12":"ast-product-gallery-layout-horizontal-slider","13":"ast-product-tabs-layout-vertical","15":"first","16":"instock","17":"shipping-taxable","18":"product-type-simple"},"uagb_featured_image_src":{"full":["https:\/\/meterny.com\/wp-content\/uploads\/2024\/04\/70-10.png",900,900,false],"thumbnail":["https:\/\/meterny.com\/wp-content\/uploads\/2024\/04\/70-10-150x150.png",150,150,true],"medium":["https:\/\/meterny.com\/wp-content\/uploads\/2024\/04\/70-10-300x300.png",300,300,true],"medium_large":["https:\/\/meterny.com\/wp-content\/uploads\/2024\/04\/70-10-768x768.png",768,768,true],"large":["https:\/\/meterny.com\/wp-content\/uploads\/2024\/04\/70-10.png",900,900,false],"1536x1536":["https:\/\/meterny.com\/wp-content\/uploads\/2024\/04\/70-10.png",900,900,false],"2048x2048":["https:\/\/meterny.com\/wp-content\/uploads\/2024\/04\/70-10.png",900,900,false],"trp-custom-language-flag":["https:\/\/meterny.com\/wp-content\/uploads\/2024\/04\/70-10.png",12,12,false],"woocommerce_thumbnail":["https:\/\/meterny.com\/wp-content\/uploads\/2024\/04\/70-10-300x300.png",300,300,true],"woocommerce_single":["https:\/\/meterny.com\/wp-content\/uploads\/2024\/04\/70-10-600x600.png",600,600,true],"woocommerce_gallery_thumbnail":["https:\/\/meterny.com\/wp-content\/uploads\/2024\/04\/70-10-100x100.png",100,100,true]},"uagb_author_info":{"display_name":"meterny","author_link":"https:\/\/meterny.com\/de\/author\/"},"uagb_comment_info":0,"uagb_excerpt":"Discover the perfect blend of style and functionality with Meterny's premium wood-plastic composite panels. Whether you're revamping your home, office, or commercial property, our panels offer unparalleled durability and aesthetics. Crafted from high-quality materials, our wood-plastic composite panels are designed to withstand the rigors of everyday use while maintaining their pristine appearance for years to&hellip;","_links":{"self":[{"href":"https:\/\/meterny.com\/de\/wp-json\/wp\/v2\/product\/17388","targetHints":{"allow":["GET"]}}],"collection":[{"href":"https:\/\/meterny.com\/de\/wp-json\/wp\/v2\/product"}],"about":[{"href":"https:\/\/meterny.com\/de\/wp-json\/wp\/v2\/types\/product"}],"replies":[{"embeddable":true,"href":"https:\/\/meterny.com\/de\/wp-json\/wp\/v2\/comments?post=17388"}],"wp:featuredmedia":[{"embeddable":true,"href":"https:\/\/meterny.com\/de\/wp-json\/wp\/v2\/media\/17375"}],"wp:attachment":[{"href":"https:\/\/meterny.com\/de\/wp-json\/wp\/v2\/media?parent=17388"}],"wp:term":[{"taxonomy":"product_brand","embeddable":true,"href":"https:\/\/meterny.com\/de\/wp-json\/wp\/v2\/product_brand?post=17388"},{"taxonomy":"product_cat","embeddable":true,"href":"https:\/\/meterny.com\/de\/wp-json\/wp\/v2\/product_cat?post=17388"},{"taxonomy":"product_tag","embeddable":true,"href":"https:\/\/meterny.com\/de\/wp-json\/wp\/v2\/product_tag?post=17388"}],"curies":[{"name":"wp","href":"https:\/\/api.w.org\/{rel}","templated":true}]}}