{"id":17389,"date":"2024-10-08T13:14:21","date_gmt":"2024-10-08T13:14:21","guid":{"rendered":"https:\/\/meterny.com\/?post_type=product&#038;p=17389"},"modified":"2025-01-15T08:02:30","modified_gmt":"2025-01-15T08:02:30","slug":"interior-bedroom-decoration-wpc-wall-panel","status":"publish","type":"product","link":"https:\/\/meterny.com\/de\/produkt\/interior-bedroom-decoration-wpc-wall-panel\/","title":{"rendered":"Innenraum Holz-Kunststoff-Verbundstoff Wpc-Wandpaneel Innenraumdekoration Wpc-Holz-Verbundstoff-Wandpaneele"},"content":{"rendered":"<div class=\"elementor-element elementor-element-c0e1d42 elementor-widget elementor-widget-heading\" data-id=\"c0e1d42\" data-element_type=\"widget\" data-widget_type=\"heading.default\">\n<div class=\"elementor-widget-container\">\n<h2 class=\"elementor-heading-title elementor-size-default\" style=\"text-align: center;\">Holz-Kunststoff-Verbundstoff <strong>Innenraum Schlafzimmer Dekoration WPC Wandpaneel<\/strong><\/h2>\n<h2 class=\"elementor-heading-title elementor-size-default\" style=\"text-align: center;\">Spezifikation<\/h2>\n<\/div>\n<\/div>\n<div class=\"elementor-element elementor-element-1f676da elementor-widget elementor-widget-heading\" data-id=\"1f676da\" data-element_type=\"widget\" data-widget_type=\"heading.default\">\n<h3><strong>Produkt\u00fcbersicht<\/strong>:<\/h3>\n<p id=\"\">WPC-Wandpaneele (Wood Plastic Composite Wall Panel) sind umweltfreundliche, wasserfeste und langlebige Wandpaneele, die aus einer Mischung aus Holzfasern und Kunststoff bestehen. Es kombiniert die nat\u00fcrliche Sch\u00f6nheit von traditionellem Holz mit den Vorteilen moderner Technologie und ist damit die ideale Wahl f\u00fcr die Renovierung von H\u00e4usern und die Dekoration von Gesch\u00e4ftsr\u00e4umen.<\/p>\n<p><strong>Modell<\/strong>: METE227H25<br \/>\n<strong>Typ<\/strong>: WPC geriffelte Wandplatte<br \/>\n<strong>Gr\u00f6\u00dfe<\/strong>: 227\u00d725mm<\/p>\n<p><strong>Oberfl\u00e4che<\/strong>: Gerade K\u00f6rner<br \/>\n<strong>L\u00e4nge<\/strong>2.9m oder kundenspezifisch<br \/>\n<strong>Material<\/strong>: Holz-Kunststoff-Verbundstoff<br \/>\n<strong>Produkt-Technologie<\/strong>: \u00d6ko-Extrusion<\/p>\n<\/div>\n<div class=\"elementor-element elementor-element-1f676da elementor-widget elementor-widget-heading\" data-id=\"1f676da\" data-element_type=\"widget\" data-widget_type=\"heading.default\">\n<figure id=\"attachment_17367\" aria-describedby=\"caption-attachment-17367\" style=\"width: 1024px\" class=\"wp-caption alignnone\"><img loading=\"lazy\" decoding=\"async\" class=\"wp-image-17367\" src=\"https:\/\/meterny.com\/wp-content\/uploads\/2024\/04\/118.png\" alt=\"wpc-Wandpaneel\" width=\"1024\" height=\"1024\" srcset=\"https:\/\/meterny.com\/wp-content\/uploads\/2024\/04\/118.png 800w, https:\/\/meterny.com\/wp-content\/uploads\/2024\/04\/118-300x300.png 300w, https:\/\/meterny.com\/wp-content\/uploads\/2024\/04\/118-150x150.png 150w, https:\/\/meterny.com\/wp-content\/uploads\/2024\/04\/118-768x768.png 768w, https:\/\/meterny.com\/wp-content\/uploads\/2024\/04\/118-600x600.png 600w, https:\/\/meterny.com\/wp-content\/uploads\/2024\/04\/118-100x100.png 100w\" sizes=\"auto, (max-width: 1024px) 100vw, 1024px\" \/><figcaption id=\"caption-attachment-17367\" class=\"wp-caption-text\">Verwandeln Sie Ihr Schlafzimmer mit eleganten WPC-Wandpaneelen<\/figcaption><\/figure>\n<h3><strong>Produktmerkmale<\/strong>:<\/h3>\n<ol>\n<li><strong>Umweltfreundliches Material<\/strong>:\n<ul>\n<li>Es wird aus erneuerbaren Holzfasern und Kunststoff hergestellt, ist umweltfreundlich und verringert die Abh\u00e4ngigkeit von nat\u00fcrlichen Ressourcen.<\/li>\n<\/ul>\n<\/li>\n<li><strong>Wasserdicht und feuchtigkeitsabweisend<\/strong>:\n<ul>\n<li>Es verformt sich nicht und verrottet auch nicht, wenn es l\u00e4ngere Zeit Wasser ausgesetzt ist, und eignet sich daher perfekt f\u00fcr K\u00fcchen, B\u00e4der und andere feuchte Umgebungen.<\/li>\n<\/ul>\n<\/li>\n<li><strong>Hohe Dauerhaftigkeit<\/strong>:\n<ul>\n<li>Dank seiner hervorragenden Witterungs- und Korrosionsbest\u00e4ndigkeit widersteht es UV-Strahlen, Wind, Regen und anderen nat\u00fcrlichen Einfl\u00fcssen und verl\u00e4ngert so seine Lebensdauer.<\/li>\n<\/ul>\n<\/li>\n<li><strong>Leicht und einfach zu installieren<\/strong>:\n<ul>\n<li>Es ist leicht, einfach und schnell zu installieren und erfordert keine besonderen F\u00e4higkeiten. Die Selbstmontage spart Kosten und Zeit.<\/li>\n<\/ul>\n<\/li>\n<li><strong>Satte Farben<\/strong>:\n<ul>\n<li>Eine Vielzahl von Farben und Texturen ist erh\u00e4ltlich, um verschiedenen Dekorationsstilen und pers\u00f6nlichen Bed\u00fcrfnissen gerecht zu werden.<\/li>\n<\/ul>\n<\/li>\n<li><strong>Einfache Wartung<\/strong>:\n<ul>\n<li>Die Reinigung ist bequem und kann mit einem feuchten Tuch erfolgen, ohne dass spezielle Reinigungsmittel oder Wachs erforderlich sind.<\/li>\n<\/ul>\n<\/li>\n<\/ol>\n<h3><strong>Produktspezifikationen<\/strong>:<\/h3>\n<ul>\n<li>Gr\u00f6\u00dfe: 135*119*23mm\/217*201*28mm\/227*210*25mm (anpassbar je nach Kundenanforderungen)<\/li>\n<li>Farben: Schwarz, Elfenbeinwei\u00df, Gr\u00fcn, Schokoladenbraun, Ahorn, Mahagoni, Sandbraun, Franz\u00f6sisch Grau, Nussbaum, Teakholzbraun, usw. (weitere Farben nach R\u00fccksprache mit dem Kundendienst erh\u00e4ltlich)<\/li>\n<li>Zusammensetzung: 35% HDPE (Polyethylen hoher Dichte) + 60% Holzfasern + 5% Zusatzstoffe<\/li>\n<\/ul>\n<h3><strong>Anwendungsszenarien<\/strong>:<\/h3>\n<ul>\n<li>Geeignet f\u00fcr Innenw\u00e4nde, Zimmerdecken, B\u00fcros, Keller und andere Orte.<\/li>\n<li>Besonders geeignet f\u00fcr Schlafzimmer, Wohnzimmer, K\u00fcchen und andere Wohnr\u00e4ume, aber auch f\u00fcr Gesch\u00e4fte, Restaurants und andere kommerzielle Einrichtungen.<\/li>\n<\/ul>\n<h3><strong>Installationsanleitung<\/strong>:<\/h3>\n<ul>\n<li>WPC-Wandplatten k\u00f6nnen auf verschiedenen Untergr\u00fcnden wie Keramikfliesen, Sperrholz und Trockenbauw\u00e4nden installiert werden.<\/li>\n<li>Verwenden Sie f\u00fcr die Verlegung spezielles Zubeh\u00f6r, um Festigkeit und \u00c4sthetik zu gew\u00e4hrleisten.<\/li>\n<li>Vergewissern Sie sich, dass die Wandoberfl\u00e4che vor der Montage eben, trocken und sauber ist.<\/li>\n<\/ul>\n<h3><strong>Vorsicht<\/strong>:<\/h3>\n<ul>\n<li>Vermeiden Sie die Verwendung von Chlor oder Scheuermitteln zur Reinigung, um eine Besch\u00e4digung der Oberfl\u00e4che zu vermeiden.<\/li>\n<li>Stellen Sie keine hei\u00dfen Gegenst\u00e4nde direkt auf das Wandpaneel, um Verformungen oder Besch\u00e4digungen zu vermeiden.<\/li>\n<li>Befolgen Sie bei der Installation und Verwendung das Produkthandbuch und die Sicherheitsvorschriften.<\/li>\n<\/ul>\n<h3><strong>Einf\u00fchrung der Marke<\/strong>:<\/h3>\n<p id=\"\">Wir sind ein Unternehmen, das sich auf die Forschung, Entwicklung, Produktion und den Vertrieb von Holz-Kunststoff-Verbundstoffen spezialisiert hat. Mit umfangreicher Produktionserfahrung und fortschrittlicher technischer Ausr\u00fcstung wurden unsere WPC-Wandplattenprodukte strengen Qualit\u00e4tstests und Zertifizierungen unterzogen, um au\u00dfergew\u00f6hnliche Qualit\u00e4t und Sicherheit zu gew\u00e4hrleisten. Wir sind bestrebt, unseren Kunden qualitativ hochwertige Produkte und Dienstleistungen zu bieten, um ihre individuellen Bed\u00fcrfnisse zu erf\u00fcllen.<\/p>\n<\/div>\n<h3>Wenn Sie weitere Einzelheiten erfahren m\u00f6chten, klicken Sie bitte auf diesen Link:<a href=\"https:\/\/youtu.be\/XqR4zuwyGyE\" target=\"_blank\" rel=\"noopener\">https:\/\/youtu.be\/XqR4zuwyGyE<\/a><\/h3>\n<p>&nbsp;<\/p>\n<div class=\"elementor-element elementor-element-1f676da elementor-widget elementor-widget-heading\" data-id=\"1f676da\" data-element_type=\"widget\" data-widget_type=\"heading.default\">\n<h3>Galerie<\/h3>\n<p>Holz-Kunststoff-Verbundstoff-Wandpaneel f\u00fcr Innenr\u00e4ume WPC-Dekor-Wandverkleidung f\u00fcr Innenr\u00e4ume<\/p>\n<figure id=\"attachment_17370\" aria-describedby=\"caption-attachment-17370\" style=\"width: 1024px\" class=\"wp-caption alignnone\"><img loading=\"lazy\" decoding=\"async\" class=\"wp-image-17370\" src=\"https:\/\/meterny.com\/wp-content\/uploads\/2024\/04\/32-2.jpg\" alt=\"Akustische WPC-Wandpaneele f\u00fcr Medienr\u00e4ume\" width=\"1024\" height=\"1024\" srcset=\"https:\/\/meterny.com\/wp-content\/uploads\/2024\/04\/32-2.jpg 640w, https:\/\/meterny.com\/wp-content\/uploads\/2024\/04\/32-2-300x300.jpg 300w, https:\/\/meterny.com\/wp-content\/uploads\/2024\/04\/32-2-150x150.jpg 150w, https:\/\/meterny.com\/wp-content\/uploads\/2024\/04\/32-2-600x600.jpg 600w, https:\/\/meterny.com\/wp-content\/uploads\/2024\/04\/32-2-100x100.jpg 100w\" sizes=\"auto, (max-width: 1024px) 100vw, 1024px\" \/><figcaption id=\"caption-attachment-17370\" class=\"wp-caption-text\">Aufwertung Ihres Medienraums mit akustischen WPC-Wandpaneelen<\/figcaption><\/figure>\n<figure id=\"attachment_17372\" aria-describedby=\"caption-attachment-17372\" style=\"width: 1024px\" class=\"wp-caption alignnone\"><img loading=\"lazy\" decoding=\"async\" class=\"wp-image-17372\" src=\"https:\/\/meterny.com\/wp-content\/uploads\/2024\/04\/66.jpg\" alt=\"WPC-Wandpaneele f\u00fcr moderne Wohnr\u00e4ume\" width=\"1024\" height=\"1024\" srcset=\"https:\/\/meterny.com\/wp-content\/uploads\/2024\/04\/66.jpg 1080w, https:\/\/meterny.com\/wp-content\/uploads\/2024\/04\/66-300x300.jpg 300w, https:\/\/meterny.com\/wp-content\/uploads\/2024\/04\/66-1024x1024.jpg 1024w, https:\/\/meterny.com\/wp-content\/uploads\/2024\/04\/66-150x150.jpg 150w, https:\/\/meterny.com\/wp-content\/uploads\/2024\/04\/66-768x768.jpg 768w, https:\/\/meterny.com\/wp-content\/uploads\/2024\/04\/66-600x600.jpg 600w, https:\/\/meterny.com\/wp-content\/uploads\/2024\/04\/66-100x100.jpg 100w\" sizes=\"auto, (max-width: 1024px) 100vw, 1024px\" \/><figcaption id=\"caption-attachment-17372\" class=\"wp-caption-text\">Versch\u00f6nern Sie Ihr Wohnzimmer mit modernen WPC-Wandpaneelen.<\/figcaption><\/figure>\n<figure id=\"attachment_17369\" aria-describedby=\"caption-attachment-17369\" style=\"width: 1024px\" class=\"wp-caption alignnone\"><img loading=\"lazy\" decoding=\"async\" class=\"wp-image-17369\" src=\"https:\/\/meterny.com\/wp-content\/uploads\/2024\/04\/3-2.jpg\" alt=\"WPC-Wandpaneele f\u00fcr Eingangsbereiche\" width=\"1024\" height=\"1024\" srcset=\"https:\/\/meterny.com\/wp-content\/uploads\/2024\/04\/3-2.jpg 750w, https:\/\/meterny.com\/wp-content\/uploads\/2024\/04\/3-2-300x300.jpg 300w, https:\/\/meterny.com\/wp-content\/uploads\/2024\/04\/3-2-150x150.jpg 150w, https:\/\/meterny.com\/wp-content\/uploads\/2024\/04\/3-2-600x600.jpg 600w, https:\/\/meterny.com\/wp-content\/uploads\/2024\/04\/3-2-100x100.jpg 100w\" sizes=\"auto, (max-width: 1024px) 100vw, 1024px\" \/><figcaption id=\"caption-attachment-17369\" class=\"wp-caption-text\">Schaffen Sie einen einladenden Eingangsbereich mit WPC-Wandpaneelen<\/figcaption><\/figure>\n<h3><strong>Farbe und Oberfl\u00e4che<\/strong><\/h3>\n<p>Unser Paneel METE227H25 zeichnet sich durch eine glatte, geradlinige Oberfl\u00e4che aus, die jedem Bereich eine raffinierte Struktur verleiht.<\/p>\n<p>Mit ihren anpassbaren Farben, Abmessungen und Formen bieten diese Paneele eine au\u00dfergew\u00f6hnliche Flexibilit\u00e4t, die es Ihnen erm\u00f6glicht, Ihrer Kreativit\u00e4t sowohl bei Innen- als auch bei Au\u00dfengestaltungsprojekten freien Lauf zu lassen.<\/p>\n<p>Die \u00d6ko-Extrusionstechnologie sorgt daf\u00fcr, dass jedes Paneel nicht nur gut aussieht, sondern auch zu einem nachhaltigen Lebensumfeld beitr\u00e4gt.<\/p>\n<h3>Farboptionen<\/h3>\n<p>Meterny METE Serie WPC-Platten Farbkarte<\/p>\n<figure id=\"attachment_20293\" aria-describedby=\"caption-attachment-20293\" style=\"width: 1024px\" class=\"wp-caption alignnone\"><img loading=\"lazy\" decoding=\"async\" class=\"wp-image-20293\" src=\"https:\/\/meterny.com\/wp-content\/uploads\/2024\/10\/METE-Series-Colour-151.png\" alt=\"Meterny WPC-Zaun Farboptionen\" width=\"1024\" height=\"1024\" srcset=\"https:\/\/meterny.com\/wp-content\/uploads\/2024\/10\/METE-Series-Colour-151.png 900w, https:\/\/meterny.com\/wp-content\/uploads\/2024\/10\/METE-Series-Colour-151-300x300.png 300w, https:\/\/meterny.com\/wp-content\/uploads\/2024\/10\/METE-Series-Colour-151-150x150.png 150w, https:\/\/meterny.com\/wp-content\/uploads\/2024\/10\/METE-Series-Colour-151-768x768.png 768w, https:\/\/meterny.com\/wp-content\/uploads\/2024\/10\/METE-Series-Colour-151-600x600.png 600w, https:\/\/meterny.com\/wp-content\/uploads\/2024\/10\/METE-Series-Colour-151-100x100.png 100w\" sizes=\"auto, (max-width: 1024px) 100vw, 1024px\" \/><figcaption id=\"caption-attachment-20293\" class=\"wp-caption-text\">Entdecken Sie Meterny WPC-Zaun - Neun atemberaubende Farboptionen f\u00fcr jeden Stil<\/figcaption><\/figure>\n<h3><strong>Warum sollten Sie sich f\u00fcr WPC-Wandpaneele zur Dekoration von Schlafzimmern entscheiden?<\/strong><\/h3>\n<p id=\"\">Die Inneneinrichtung von Schlafzimmern profitiert oft stark von der Verwendung von WPC-Wandpaneelen (Wood Plastic Composite). Hier sind einige zwingende Gr\u00fcnde, die f\u00fcr WPC-Wandpaneele f\u00fcr die Schlafzimmerdekoration sprechen:<\/p>\n<ol>\n<li>\n<p id=\"\"><strong>Umweltfreundlichkeit<\/strong>:<\/p>\n<ul>\n<li>WPC-Wandpaneele werden aus einer Kombination von Holzfasern und Kunststoff hergestellt, wobei h\u00e4ufig recycelbare Materialien verwendet werden.<\/li>\n<li>Sie bieten eine nachhaltige Alternative zu herk\u00f6mmlichen Holzpaneelen und verringern die Auswirkungen auf W\u00e4lder und nat\u00fcrliche Ressourcen.<\/li>\n<\/ul>\n<\/li>\n<li>\n<p id=\"\"><strong>Langlebigkeit und Widerstandsf\u00e4higkeit<\/strong>:<\/p>\n<ul>\n<li>WPC-Wandpaneele sind bekannt f\u00fcr ihre hervorragende Haltbarkeit und Best\u00e4ndigkeit gegen Feuchtigkeit und Schimmel.<\/li>\n<li>Sie sind weniger anf\u00e4llig f\u00fcr Verformungen, Risse oder F\u00e4ulnis und haben daher eine l\u00e4ngere Lebensdauer als andere Materialien.<\/li>\n<\/ul>\n<\/li>\n<li>\n<p id=\"\"><strong>Einfacher Einbau<\/strong>:<\/p>\n<ul>\n<li>WPC-Wandpaneele sind so konzipiert, dass sie leicht zu montieren sind und oft nur minimale Werkzeuge und F\u00e4higkeiten erfordern.<\/li>\n<li>Dies kann bei der Dekoration Zeit und Arbeitskosten sparen.<\/li>\n<\/ul>\n<\/li>\n<li>\n<p id=\"\"><strong>\u00c4sthetische Anziehungskraft<\/strong>:<\/p>\n<ul>\n<li>WPC-Wandpaneele gibt es in einer Vielzahl von Farben, Texturen und Designs, die eine breite Palette an \u00e4sthetischen M\u00f6glichkeiten bieten.<\/li>\n<li>Sie k\u00f6nnen das Aussehen von nat\u00fcrlichem Holz imitieren, bieten aber zus\u00e4tzlich die Vorteile von Haltbarkeit und Widerstandsf\u00e4higkeit.<\/li>\n<\/ul>\n<\/li>\n<li>\n<p id=\"\"><strong>Kosten-Wirksamkeit<\/strong>:<\/p>\n<ul>\n<li>WPC-Wandpaneele sind eine kosteneffiziente L\u00f6sung f\u00fcr die Dekoration von Schlafzimmern, die Erschwinglichkeit mit hochwertiger \u00c4sthetik und Haltbarkeit verbindet.<\/li>\n<li>Sie k\u00f6nnen eine preisg\u00fcnstige Alternative zu teureren Materialien sein und bieten dennoch ein hochwertiges Aussehen.<\/li>\n<\/ul>\n<\/li>\n<li>\n<p id=\"\"><strong>Wartungsfrei<\/strong>:<\/p>\n<ul>\n<li>WPC-Wandpaneele ben\u00f6tigen nur minimale Pflege, wie z. B. die Reinigung mit einem feuchten Tuch.<\/li>\n<li>Sie m\u00fcssen nicht gestrichen oder versiegelt werden, was den Bedarf an laufender Instandhaltung reduziert.<\/li>\n<\/ul>\n<\/li>\n<li>\n<p id=\"\"><strong>Verbesserte Leistung<\/strong>:<\/p>\n<ul>\n<li>WPC-Wandpaneele sind nicht nur optisch ansprechend, sondern k\u00f6nnen auch die Leistungsf\u00e4higkeit des Schlafzimmers verbessern.<\/li>\n<li>Sie k\u00f6nnen die Isolierung, den Schallschutz und die Ger\u00e4uschd\u00e4mmung verbessern und so ein komfortableres und ruhigeres Umfeld schaffen.<\/li>\n<\/ul>\n<\/li>\n<li>\n<p id=\"\"><strong>Vielseitigkeit in der Anwendung<\/strong>:<\/p>\n<ul>\n<li>WPC-Wandpaneele sind vielseitig und k\u00f6nnen in verschiedenen Umgebungen eingesetzt werden, z. B. in Schlafzimmern, Wohnzimmern und sogar in Gesch\u00e4ftsr\u00e4umen.<\/li>\n<li>Ihre Anpassungsf\u00e4higkeit macht sie zu einer guten Wahl f\u00fcr eine Vielzahl von Dekorationsprojekten.<\/li>\n<\/ul>\n<\/li>\n<\/ol>\n<p id=\"\">Zusammenfassend l\u00e4sst sich sagen, dass die Wahl von WPC-Wandpaneelen f\u00fcr die Innendekoration von Schlafzimmern eine Kombination aus Umweltfreundlichkeit, Langlebigkeit, einfacher Installation, \u00c4sthetik, Kosteneffizienz, Wartungsfreiheit, verbesserter Leistung und Vielseitigkeit in der Anwendung bietet. Diese Vorteile machen WPC-Wandpaneele zu einer ausgezeichneten Wahl f\u00fcr die Schlafzimmerdekoration, da sie eine stilvolle, dauerhafte und praktische L\u00f6sung bieten.<\/p>\n<\/div>","protected":false},"excerpt":{"rendered":"<p>Entdecken Sie die perfekte Mischung aus Stil und Funktionalit\u00e4t mit den hochwertigen Holz-Kunststoff-Verbundplatten von Meterny. Ganz gleich, ob Sie Ihr Haus, Ihr B\u00fcro oder Ihre Gewerbeimmobilie renovieren m\u00f6chten, unsere Platten bieten eine unvergleichliche Haltbarkeit und \u00c4sthetik.<\/p>\n<p>Unsere aus hochwertigen Materialien gefertigten Holz-Kunststoff-Verbundplatten sind so konzipiert, dass sie den Strapazen des t\u00e4glichen Gebrauchs standhalten und gleichzeitig \u00fcber Jahre hinweg ihr makelloses Aussehen behalten. Au\u00dferdem k\u00f6nnen Sie aus einer Vielzahl von Farben, Texturen und Oberfl\u00e4chen w\u00e4hlen und so Ihren Raum ganz einfach an Ihren einzigartigen Stil und Ihre Vorstellungen anpassen.<\/p>\n<p>Aber es geht nicht nur um das Aussehen - unsere Paneele sind auch umweltfreundlich und nachhaltig. Sie werden aus recycelten Materialien hergestellt und so konzipiert, dass sie die Umwelt m\u00f6glichst wenig belasten. So k\u00f6nnen Sie sch\u00f6ne W\u00e4nde genie\u00dfen und gleichzeitig Ihren \u00f6kologischen Fu\u00dfabdruck verringern.<\/p>\n<p>Werten Sie Ihre Einrichtung mit den Holz-Kunststoff-Verbundplatten von Meterny auf. Entdecken Sie noch heute unsere Kollektion und machen Sie den ersten Schritt, um Ihren Raum in ein modernes Meisterwerk zu verwandeln.<\/p>","protected":false},"featured_media":17367,"comment_status":"open","ping_status":"closed","template":"","meta":{"_uag_custom_page_level_css":"","site-sidebar-layout":"default","site-content-layout":"","ast-site-content-layout":"default","site-content-style":"default","site-sidebar-style":"default","ast-global-header-display":"","ast-banner-title-visibility":"","ast-main-header-display":"","ast-hfb-above-header-display":"","ast-hfb-below-header-display":"","ast-hfb-mobile-header-display":"","site-post-title":"","ast-breadcrumbs-content":"","ast-featured-img":"","footer-sml-layout":"","theme-transparent-header-meta":"default","adv-header-id-meta":"","stick-header-meta":"default","header-above-stick-meta":"","header-main-stick-meta":"","header-below-stick-meta":"","astra-migrate-meta-layouts":"set","ast-page-background-enabled":"default","ast-page-background-meta":{"desktop":{"background-color":"var(--ast-global-color-4)","background-image":"","background-repeat":"repeat","background-position":"center center","background-size":"auto","background-attachment":"scroll","background-type":"","background-media":"","overlay-type":"","overlay-color":"","overlay-opacity":"","overlay-gradient":""},"tablet":{"background-color":"","background-image":"","background-repeat":"repeat","background-position":"center center","background-size":"auto","background-attachment":"scroll","background-type":"","background-media":"","overlay-type":"","overlay-color":"","overlay-opacity":"","overlay-gradient":""},"mobile":{"background-color":"","background-image":"","background-repeat":"repeat","background-position":"center center","background-size":"auto","background-attachment":"scroll","background-type":"","background-media":"","overlay-type":"","overlay-color":"","overlay-opacity":"","overlay-gradient":""}},"ast-content-background-meta":{"desktop":{"background-color":"var(--ast-global-color-5)","background-image":"","background-repeat":"repeat","background-position":"center center","background-size":"auto","background-attachment":"scroll","background-type":"","background-media":"","overlay-type":"","overlay-color":"","overlay-opacity":"","overlay-gradient":""},"tablet":{"background-color":"var(--ast-global-color-5)","background-image":"","background-repeat":"repeat","background-position":"center center","background-size":"auto","background-attachment":"scroll","background-type":"","background-media":"","overlay-type":"","overlay-color":"","overlay-opacity":"","overlay-gradient":""},"mobile":{"background-color":"var(--ast-global-color-5)","background-image":"","background-repeat":"repeat","background-position":"center center","background-size":"auto","background-attachment":"scroll","background-type":"","background-media":"","overlay-type":"","overlay-color":"","overlay-opacity":"","overlay-gradient":""}}},"product_brand":[],"product_cat":[174],"product_tag":[183,180],"class_list":{"0":"post-17389","1":"product","2":"type-product","3":"status-publish","4":"has-post-thumbnail","6":"product_cat-interior-wpc-wall","7":"product_tag-wpc-wall-interior","8":"product_tag-wpc-wall-panel","9":"desktop-align-center","10":"tablet-align-left","11":"mobile-align-left","12":"ast-product-gallery-layout-horizontal-slider","13":"ast-product-tabs-layout-vertical","15":"first","16":"instock","17":"shipping-taxable","18":"product-type-simple"},"uagb_featured_image_src":{"full":["https:\/\/meterny.com\/wp-content\/uploads\/2024\/04\/118.png",800,800,false],"thumbnail":["https:\/\/meterny.com\/wp-content\/uploads\/2024\/04\/118-150x150.png",150,150,true],"medium":["https:\/\/meterny.com\/wp-content\/uploads\/2024\/04\/118-300x300.png",300,300,true],"medium_large":["https:\/\/meterny.com\/wp-content\/uploads\/2024\/04\/118-768x768.png",768,768,true],"large":["https:\/\/meterny.com\/wp-content\/uploads\/2024\/04\/118.png",800,800,false],"1536x1536":["https:\/\/meterny.com\/wp-content\/uploads\/2024\/04\/118.png",800,800,false],"2048x2048":["https:\/\/meterny.com\/wp-content\/uploads\/2024\/04\/118.png",800,800,false],"trp-custom-language-flag":["https:\/\/meterny.com\/wp-content\/uploads\/2024\/04\/118.png",12,12,false],"woocommerce_thumbnail":["https:\/\/meterny.com\/wp-content\/uploads\/2024\/04\/118-300x300.png",300,300,true],"woocommerce_single":["https:\/\/meterny.com\/wp-content\/uploads\/2024\/04\/118-600x600.png",600,600,true],"woocommerce_gallery_thumbnail":["https:\/\/meterny.com\/wp-content\/uploads\/2024\/04\/118-100x100.png",100,100,true]},"uagb_author_info":{"display_name":"meterny","author_link":"https:\/\/meterny.com\/de\/author\/"},"uagb_comment_info":0,"uagb_excerpt":"Discover the perfect blend of style and functionality with Meterny's premium wood-plastic composite panels. Whether you're revamping your home, office, or commercial property, our panels offer unparalleled durability and aesthetics. Crafted from high-quality materials, our wood-plastic composite panels are designed to withstand the rigors of everyday use while maintaining their pristine appearance for years to&hellip;","_links":{"self":[{"href":"https:\/\/meterny.com\/de\/wp-json\/wp\/v2\/product\/17389","targetHints":{"allow":["GET"]}}],"collection":[{"href":"https:\/\/meterny.com\/de\/wp-json\/wp\/v2\/product"}],"about":[{"href":"https:\/\/meterny.com\/de\/wp-json\/wp\/v2\/types\/product"}],"replies":[{"embeddable":true,"href":"https:\/\/meterny.com\/de\/wp-json\/wp\/v2\/comments?post=17389"}],"wp:featuredmedia":[{"embeddable":true,"href":"https:\/\/meterny.com\/de\/wp-json\/wp\/v2\/media\/17367"}],"wp:attachment":[{"href":"https:\/\/meterny.com\/de\/wp-json\/wp\/v2\/media?parent=17389"}],"wp:term":[{"taxonomy":"product_brand","embeddable":true,"href":"https:\/\/meterny.com\/de\/wp-json\/wp\/v2\/product_brand?post=17389"},{"taxonomy":"product_cat","embeddable":true,"href":"https:\/\/meterny.com\/de\/wp-json\/wp\/v2\/product_cat?post=17389"},{"taxonomy":"product_tag","embeddable":true,"href":"https:\/\/meterny.com\/de\/wp-json\/wp\/v2\/product_tag?post=17389"}],"curies":[{"name":"wp","href":"https:\/\/api.w.org\/{rel}","templated":true}]}}