{"id":17410,"date":"2024-10-08T13:57:00","date_gmt":"2024-10-08T13:57:00","guid":{"rendered":"https:\/\/meterny.com\/?post_type=product&#038;p=17410"},"modified":"2025-01-18T09:30:53","modified_gmt":"2025-01-18T09:30:53","slug":"wpc-decking-panels-wpc-flooring","status":"publish","type":"product","link":"https:\/\/meterny.com\/de\/produkt\/wpc-decking-panels-wpc-flooring\/","title":{"rendered":"Holz-Kunststoff-Verbundstoff 3D gepr\u00e4gte Holzmaserung Wpc Decking Panels Wpc Flooring"},"content":{"rendered":"<div class=\"elementor-element elementor-element-c0e1d42 elementor-widget elementor-widget-heading\" data-id=\"c0e1d42\" data-element_type=\"widget\" data-widget_type=\"heading.default\">\n<div class=\"elementor-widget-container\">\n<h2 class=\"elementor-heading-title elementor-size-default\" style=\"text-align: center;\">\u00a0Wpc-Decking-Paneele Wpc-Bodenbelag<\/h2>\n<\/div>\n<\/div>\n<div class=\"elementor-element elementor-element-1f676da elementor-widget elementor-widget-heading\" data-id=\"1f676da\" data-element_type=\"widget\" data-widget_type=\"heading.default\">\n<h2 class=\"elementor-widget-container\" style=\"text-align: center;\">Spezifikation<\/h2>\n<p>Wpc-Decking-Paneele Wpc-Bodenbelag<\/p>\n<p>METE140H25 Wpc Decking Panels Wpc Flooring : Versch\u00f6nern Sie Ihre R\u00e4ume mit moderner Eleganz<\/p>\n<p><strong>Modell<\/strong>: METE140H25<br \/>\n<strong>Typ<\/strong>: WPC Terrassendielen\/Bodenbelag<br \/>\n<strong>Gr\u00f6\u00dfe<\/strong>: 140\u00d725mm<\/p>\n<p><strong>Oberfl\u00e4che<\/strong>: Gerade K\u00f6rner<br \/>\n<strong>L\u00e4nge<\/strong>2.9m oder kundenspezifisch<br \/>\n<strong>Material<\/strong>: Holz-Kunststoff-Verbundstoff<br \/>\n<strong>Produkt-Technologie<\/strong>: \u00d6ko-Extrusion<\/p>\n<p><img loading=\"lazy\" decoding=\"async\" class=\"alignnone wp-image-17393\" src=\"https:\/\/meterny.com\/wp-content\/uploads\/2024\/03\/1-40.jpg\" alt=\"Wpc-Decking-Paneele Wpc-Bodenbelag\" width=\"1024\" height=\"1024\" srcset=\"https:\/\/meterny.com\/wp-content\/uploads\/2024\/03\/1-40.jpg 800w, https:\/\/meterny.com\/wp-content\/uploads\/2024\/03\/1-40-300x300.jpg 300w, https:\/\/meterny.com\/wp-content\/uploads\/2024\/03\/1-40-150x150.jpg 150w, https:\/\/meterny.com\/wp-content\/uploads\/2024\/03\/1-40-768x768.jpg 768w, https:\/\/meterny.com\/wp-content\/uploads\/2024\/03\/1-40-600x600.jpg 600w, https:\/\/meterny.com\/wp-content\/uploads\/2024\/03\/1-40-100x100.jpg 100w\" sizes=\"auto, (max-width: 1024px) 100vw, 1024px\" \/><\/p>\n<\/div>\n<div class=\"elementor-element elementor-element-1f676da elementor-widget elementor-widget-heading\" data-id=\"1f676da\" data-element_type=\"widget\" data-widget_type=\"heading.default\">\n<ul>\n<li>Wpc Composite Decking Outdoor Wpc 3D Embossed Wood Grain Outdoor Wpc Decking Panels Wpc Flooring<\/li>\n<\/ul>\n<p id=\"\"><strong>\u3010Produktname\u3011<\/strong><br \/>\nWPC-Terrassendielen &amp; WPC-Bodenbel\u00e4ge<\/p>\n<p id=\"\"><strong>\u3010Produkt\u00fcbersicht\u3011<\/strong><\/p>\n<p id=\"\">Willkommen bei unserer WPC (Wood Plastic Composite) Terrassendielen- und Bodenbelagskollektion! Unsere WPC-Terrassendielen und -B\u00f6den verbinden die Sch\u00f6nheit von nat\u00fcrlichem Holz mit der Langlebigkeit von Kunststoff und bringen unvergleichlichen Komfort und Stil in Ihre Innen- und Au\u00dfenbereiche. Unsere Produkte werden mit fortschrittlichen Produktionstechniken und umweltfreundlichen Materialien hergestellt, um ein \u00e4sthetisch ansprechendes und funktionales Lebensumfeld f\u00fcr Sie zu schaffen.<\/p>\n<p id=\"\"><strong>\u3010Produktmerkmale\u3011<\/strong><\/p>\n<ol>\n<li>\n<p id=\"\"><strong>Nat\u00fcrliche Holzmaserung<\/strong>: Unsere WPC-Terrassendielen und -B\u00f6den verf\u00fcgen \u00fcber eine hochaufl\u00f6sende Drucktechnologie, die die feinen Texturen von nat\u00fcrlichem Holz perfekt nachbildet und Ihrem Raum einen Hauch von Natur verleiht.<\/p>\n<\/li>\n<li>\n<p id=\"\"><strong>Super-Haltbarkeit<\/strong>: Aus hochwertigen Holzfasern und Polyethylen hoher Dichte hergestellt, bieten unsere Produkte eine ausgezeichnete Verschlei\u00dffestigkeit, Witterungsbest\u00e4ndigkeit und Wasserdichtigkeit, die verschiedenen rauen Wetterbedingungen und t\u00e4glicher Abnutzung standhalten.<\/p>\n<\/li>\n<li>\n<p id=\"\"><strong>Umweltfreundlich und gesund<\/strong>: Wir verpflichten uns zu einer umweltfreundlichen Produktion, bei der alle Materialien den Umweltstandards entsprechen, ungiftig und unsch\u00e4dlich sind, um ein gesundes und sicheres Lebensumfeld f\u00fcr Sie und Ihre Familie zu schaffen.<\/p>\n<\/li>\n<li>\n<p id=\"\"><strong>Einfache Installation<\/strong>: Dank innovativer Verriegelungskonstruktionen k\u00f6nnen unsere Produkte einfach ohne Leim oder N\u00e4gel montiert werden, was Zeit und Kosten spart.<\/p>\n<\/li>\n<li>\n<p id=\"\"><strong>Einfache Wartung<\/strong>: F\u00fcr die t\u00e4gliche Reinigung gen\u00fcgt ein feuchtes Tuch, das keine besondere Pflege erfordert, was Ihr Leben einfacher und bequemer macht.<\/p>\n<\/li>\n<li>\n<p id=\"\"><strong>Vielf\u00e4ltige Optionen<\/strong>: Wir bieten eine Vielzahl von Farben, Texturen und Gr\u00f6\u00dfen an, um verschiedenen Stilen und Bed\u00fcrfnissen gerecht zu werden und Ihren Raum individuell zu gestalten.<\/p>\n<\/li>\n<\/ol>\n<p id=\"\"><strong>\u3010Anwendungsszenarien\u3011<\/strong><\/p>\n<ul>\n<li>\n<p id=\"\"><strong>Terrassendielen im Freien<\/strong>: Unsere WPC-Terrassendielen sind ideal f\u00fcr die Entspannung im Freien und bieten eine komfortable und sch\u00f6ne Plattform f\u00fcr Grillabende, Versammlungen oder die t\u00e4gliche Freizeit.<\/p>\n<\/li>\n<li>\n<p id=\"\"><strong>Bodenbelag f\u00fcr Innenr\u00e4ume<\/strong>: WPC-Bodenbel\u00e4ge sind nicht nur sch\u00f6n und langlebig, sondern auch leicht zu reinigen und eignen sich daher perfekt f\u00fcr Wohnungen, B\u00fcros, Gesch\u00e4fte und andere Innenr\u00e4ume.<\/p>\n<\/li>\n<li>\n<p id=\"\"><strong>Terrassen &amp; Balkone<\/strong>: Bringen Sie einen Hauch von Natur und W\u00e4rme auf Ihre Terrasse oder Ihren Balkon und genie\u00dfen Sie die Sch\u00f6nheit des Lebens im Freien.<\/p>\n<\/li>\n<\/ul>\n<p id=\"\"><strong>\u3010Technische Daten\u3011<\/strong><\/p>\n<ul>\n<li><strong>Material<\/strong>: Holzfasern + High-Density Polyethylen<\/li>\n<li><strong>Gr\u00f6\u00dfe<\/strong>: Mehrere Gr\u00f6\u00dfen verf\u00fcgbar (bitte wenden Sie sich an den Kundendienst f\u00fcr detaillierte Informationen)<\/li>\n<li><strong>Farbe<\/strong>: Verschiedene nat\u00fcrliche Holzmaserungsfarben verf\u00fcgbar<\/li>\n<li><strong>Gewicht<\/strong>: Abh\u00e4ngig von der spezifischen Gr\u00f6\u00dfe<\/li>\n<li><strong>Einbauverfahren<\/strong>: Verriegelungsanlage<\/li>\n<\/ul>\n<p id=\"\"><strong>\u3010Purchasing Guide\u3011<\/strong><\/p>\n<ul>\n<li><strong>Kundendienst konsultieren<\/strong>: Bei Fragen oder f\u00fcr kundenspezifische Dienstleistungen, wenden Sie sich bitte an unseren Kundenservice.<\/li>\n<li><strong>Bestellung aufgeben<\/strong>: W\u00e4hlen Sie das gew\u00fcnschte Modell und die Gr\u00f6\u00dfe aus, legen Sie es in den Warenkorb und schlie\u00dfen Sie die Zahlung ab.<\/li>\n<li><strong>Logistik und Lieferung<\/strong>: Wir bieten schnelle und sichere Logistik- und Lieferservices, um sicherzustellen, dass die Produkte p\u00fcnktlich ankommen.<\/li>\n<\/ul>\n<h3><strong>Farbe und Oberfl\u00e4che<\/strong><\/h3>\n<p>Unser Bodenbelag METE140H25 zeichnet sich durch eine glatte, geradlinige Maserung aus, die jedem Bereich eine raffinierte Textur verleiht.<\/p>\n<p>Mit ihren anpassbaren Farben, Abmessungen und Formen bieten diese Paneele eine au\u00dfergew\u00f6hnliche Flexibilit\u00e4t, die es Ihnen erm\u00f6glicht, Ihrer Kreativit\u00e4t sowohl bei Innen- als auch bei Au\u00dfengestaltungsprojekten freien Lauf zu lassen.<\/p>\n<p>Die \u00d6ko-Extrusionstechnologie sorgt daf\u00fcr, dass jedes Paneel nicht nur gut aussieht, sondern auch zu einem nachhaltigen Lebensumfeld beitr\u00e4gt.<\/p>\n<\/div>\n<h3>Wenn Sie weitere Einzelheiten erfahren m\u00f6chten, klicken Sie bitte auf diesen Link zu youtube:<a href=\"https:\/\/youtu.be\/J9f8X8wStE4\" target=\"_blank\" rel=\"noopener\">https:\/\/youtu.be\/J9f8X8wStE4<\/a><\/h3>\n<p>&nbsp;<\/p>\n<div class=\"elementor-element elementor-element-1f676da elementor-widget elementor-widget-heading\" data-id=\"1f676da\" data-element_type=\"widget\" data-widget_type=\"heading.default\">\n<h3>Galerie<\/h3>\n<figure id=\"attachment_17399\" aria-describedby=\"caption-attachment-17399\" style=\"width: 1024px\" class=\"wp-caption alignnone\"><img loading=\"lazy\" decoding=\"async\" class=\"wp-image-17399\" src=\"https:\/\/meterny.com\/wp-content\/uploads\/2024\/03\/13-3.png\" alt=\"Quick-Drain WPC-Bodenbelag f\u00fcr regenreiche Gebiete\" width=\"1024\" height=\"1024\" srcset=\"https:\/\/meterny.com\/wp-content\/uploads\/2024\/03\/13-3.png 800w, https:\/\/meterny.com\/wp-content\/uploads\/2024\/03\/13-3-300x300.png 300w, https:\/\/meterny.com\/wp-content\/uploads\/2024\/03\/13-3-150x150.png 150w, https:\/\/meterny.com\/wp-content\/uploads\/2024\/03\/13-3-768x768.png 768w, https:\/\/meterny.com\/wp-content\/uploads\/2024\/03\/13-3-600x600.png 600w, https:\/\/meterny.com\/wp-content\/uploads\/2024\/03\/13-3-100x100.png 100w\" sizes=\"auto, (max-width: 1024px) 100vw, 1024px\" \/><figcaption id=\"caption-attachment-17399\" class=\"wp-caption-text\">Quick-Drain WPC-Bodenbelag: Die perfekte L\u00f6sung f\u00fcr regenreiche Gegenden<\/figcaption><\/figure>\n<figure id=\"attachment_17396\" aria-describedby=\"caption-attachment-17396\" style=\"width: 1024px\" class=\"wp-caption alignnone\"><img loading=\"lazy\" decoding=\"async\" class=\"wp-image-17396\" src=\"https:\/\/meterny.com\/wp-content\/uploads\/2024\/03\/3-1.png\" alt=\"Rutschfester WPC-Bodenbelag f\u00fcr Gartenwege\" width=\"1024\" height=\"1024\" srcset=\"https:\/\/meterny.com\/wp-content\/uploads\/2024\/03\/3-1.png 1079w, https:\/\/meterny.com\/wp-content\/uploads\/2024\/03\/3-1-300x300.png 300w, https:\/\/meterny.com\/wp-content\/uploads\/2024\/03\/3-1-1024x1024.png 1024w, https:\/\/meterny.com\/wp-content\/uploads\/2024\/03\/3-1-150x150.png 150w, https:\/\/meterny.com\/wp-content\/uploads\/2024\/03\/3-1-768x768.png 768w, https:\/\/meterny.com\/wp-content\/uploads\/2024\/03\/3-1-600x600.png 600w, https:\/\/meterny.com\/wp-content\/uploads\/2024\/03\/3-1-100x100.png 100w\" sizes=\"auto, (max-width: 1024px) 100vw, 1024px\" \/><figcaption id=\"caption-attachment-17396\" class=\"wp-caption-text\">Rutschfester WPC-Bodenbelag: Sichere und elegante Gartenwege<\/figcaption><\/figure>\n<p><img loading=\"lazy\" decoding=\"async\" class=\"alignnone wp-image-17395\" src=\"https:\/\/meterny.com\/wp-content\/uploads\/2024\/03\/3-6-rotated.jpg\" alt=\"\" width=\"1024\" height=\"1024\" srcset=\"https:\/\/meterny.com\/wp-content\/uploads\/2024\/03\/3-6-rotated.jpg 800w, https:\/\/meterny.com\/wp-content\/uploads\/2024\/03\/3-6-300x300.jpg 300w, https:\/\/meterny.com\/wp-content\/uploads\/2024\/03\/3-6-150x150.jpg 150w, https:\/\/meterny.com\/wp-content\/uploads\/2024\/03\/3-6-768x768.jpg 768w, https:\/\/meterny.com\/wp-content\/uploads\/2024\/03\/3-6-600x600.jpg 600w, https:\/\/meterny.com\/wp-content\/uploads\/2024\/03\/3-6-100x100.jpg 100w\" sizes=\"auto, (max-width: 1024px) 100vw, 1024px\" \/><\/p>\n<h3>Farben Optionen<\/h3>\n<p>Meterny METE Serie WPC Bodenbelag Farbkarte<\/p>\n<figure id=\"attachment_20293\" aria-describedby=\"caption-attachment-20293\" style=\"width: 1024px\" class=\"wp-caption alignnone\"><img loading=\"lazy\" decoding=\"async\" class=\"wp-image-20293\" src=\"https:\/\/meterny.com\/wp-content\/uploads\/2024\/10\/METE-Series-Colour-151.png\" alt=\"Meterny WPC-Zaun Farboptionen\" width=\"1024\" height=\"1024\" srcset=\"https:\/\/meterny.com\/wp-content\/uploads\/2024\/10\/METE-Series-Colour-151.png 900w, https:\/\/meterny.com\/wp-content\/uploads\/2024\/10\/METE-Series-Colour-151-300x300.png 300w, https:\/\/meterny.com\/wp-content\/uploads\/2024\/10\/METE-Series-Colour-151-150x150.png 150w, https:\/\/meterny.com\/wp-content\/uploads\/2024\/10\/METE-Series-Colour-151-768x768.png 768w, https:\/\/meterny.com\/wp-content\/uploads\/2024\/10\/METE-Series-Colour-151-600x600.png 600w, https:\/\/meterny.com\/wp-content\/uploads\/2024\/10\/METE-Series-Colour-151-100x100.png 100w\" sizes=\"auto, (max-width: 1024px) 100vw, 1024px\" \/><figcaption id=\"caption-attachment-20293\" class=\"wp-caption-text\">Entdecken Sie Meterny WPC-Boden - Neun atemberaubende Farboptionen f\u00fcr jeden Stil<\/figcaption><\/figure>\n<h3><strong>Warum sollten Sie sich f\u00fcr WPC-Terrassendielen und WPC-Bodenbel\u00e4ge entscheiden?<\/strong><\/h3>\n<p id=\"\">Die Wahl von WPC-Terrassendielen und -B\u00f6den (Wood Plastic Composite) bietet eine Vielzahl von Vorteilen, die sie zu einer idealen Wahl sowohl f\u00fcr private als auch f\u00fcr gewerbliche Anwendungen machen. Hier sind einige \u00fcberzeugende Gr\u00fcnde, sich f\u00fcr WPC-Terrassendielen und -B\u00f6den zu entscheiden:<\/p>\n<ol>\n<li><strong>Dauerhaftigkeit und Langlebigkeit<\/strong>:\n<ul>\n<li>WPC verbindet die Festigkeit und Stabilit\u00e4t von Kunststoff mit der nat\u00fcrlichen \u00c4sthetik von Holz. Das Ergebnis ist ein Produkt, das sehr widerstandsf\u00e4hig gegen Verschlei\u00df und Witterungseinfl\u00fcsse ist.<\/li>\n<li>Es ist weniger anf\u00e4llig f\u00fcr F\u00e4ulnis, Verformung und Ausbleichen als herk\u00f6mmliche Holzterrassen und -b\u00f6den und hat somit eine l\u00e4ngere Lebensdauer.<\/li>\n<\/ul>\n<\/li>\n<li><strong>Geringe Wartung<\/strong>:\n<ul>\n<li>Im Gegensatz zu traditionellem Holz ben\u00f6tigen WPC-Terrassendielen und -B\u00f6den nur wenig Pflege. Sie sind leicht zu reinigen und m\u00fcssen nicht regelm\u00e4\u00dfig versiegelt, gebeizt oder gestrichen werden.<\/li>\n<li>Einfach abspritzen oder mit einem feuchten Tuch abwischen, um ihr Aussehen zu erhalten.<\/li>\n<\/ul>\n<\/li>\n<li><strong>Umweltfreundlich<\/strong>:\n<ul>\n<li>WPC-Produkte werden aus recyceltem Kunststoff und Holzabf\u00e4llen hergestellt, was die Umweltbelastung verringert und die Nachhaltigkeit f\u00f6rdert.<\/li>\n<li>Sie bieten eine umweltfreundliche Alternative zu herk\u00f6mmlichen Terrassendielen und Bodenbel\u00e4gen, f\u00fcr die m\u00f6glicherweise W\u00e4lder abgeholzt werden.<\/li>\n<\/ul>\n<\/li>\n<li><strong>Vielseitigkeit und \u00c4sthetik<\/strong>:\n<ul>\n<li>WPC-Terrassendielen und -B\u00f6den sind in einer Vielzahl von Farben, Strukturen und Stilen erh\u00e4ltlich, die es Ihnen erm\u00f6glichen, einen einzigartigen und pers\u00f6nlichen Au\u00dfen- oder Innenbereich zu schaffen.<\/li>\n<li>Sie ahmen das Aussehen von echtem Holz nach, bieten aber zus\u00e4tzliche Haltbarkeit und Leistungsvorteile.<\/li>\n<\/ul>\n<\/li>\n<li><strong>Kosteng\u00fcnstig<\/strong>:\n<ul>\n<li>Die Anfangsinvestitionen f\u00fcr WPC-Terrassendielen und -B\u00f6den sind zwar \u00e4hnlich hoch oder etwas h\u00f6her als die einiger herk\u00f6mmlicher Materialien, doch ihre langfristige Haltbarkeit und ihr geringer Wartungsaufwand k\u00f6nnen im Laufe der Zeit zu erheblichen Kosteneinsparungen f\u00fchren.<\/li>\n<\/ul>\n<\/li>\n<li><strong>Einfache Installation<\/strong>:\n<ul>\n<li>Viele WPC-Terrassendielen und -B\u00f6den verf\u00fcgen \u00fcber innovative Verriegelungssysteme, die die Verlegung vereinfachen, da keine N\u00e4gel oder Schrauben mehr ben\u00f6tigt werden.<\/li>\n<li>Dies kann die Arbeitskosten und die Installationszeit reduzieren und ist somit eine bequemere Option.<\/li>\n<\/ul>\n<\/li>\n<li><strong>Witterungsbest\u00e4ndigkeit<\/strong>:\n<ul>\n<li>WPC-Terrassendielen und -B\u00f6den sind so konzipiert, dass sie extremen Wetterbedingungen wie hohen Temperaturen, Regen, Schnee und UV-Strahlen standhalten.<\/li>\n<li>Sie behalten ihre strukturelle Integrit\u00e4t und ihr Aussehen selbst in rauen Au\u00dfenumgebungen.<\/li>\n<\/ul>\n<\/li>\n<li><strong>Verbesserte Sicherheit<\/strong>:\n<ul>\n<li>Die rutschhemmenden Eigenschaften von WPC-Terrassendielen und -B\u00f6den machen sie zu einer sicheren Alternative, insbesondere bei N\u00e4sse.<\/li>\n<li>Sie verringern das Unfall- und Verletzungsrisiko und sorgen f\u00fcr mehr Sicherheit im Freien oder in geschlossenen R\u00e4umen.<\/li>\n<\/ul>\n<\/li>\n<\/ol>\n<p id=\"\">Zusammenfassend l\u00e4sst sich sagen, dass WPC-Terrassendielen und -B\u00f6den eine Kombination aus Langlebigkeit, \u00c4sthetik, geringem Wartungsaufwand, Umweltfreundlichkeit und Kosteneffizienz bieten, die sie zu einer hervorragenden Wahl f\u00fcr moderne Wohnh\u00e4user und Gewerbeimmobilien macht. Ganz gleich, ob Sie Ihren Lebensraum im Freien versch\u00f6nern oder Ihre B\u00f6den im Innenbereich erneuern m\u00f6chten, WPC-Terrassendielen und -B\u00f6den sind eine vielseitige und zuverl\u00e4ssige L\u00f6sung.<\/p>\n<\/div>","protected":false},"excerpt":{"rendered":"<p>\u00a0Wpc-Decking-Paneele Wpc-Bodenbelag Spezifikation Wpc-Decking-Paneele Wpc-Bodenbelag METE140H25 Wpc-Decking-Paneele Wpc-Bodenbelag : Elevate Your [...]<\/p>","protected":false},"featured_media":17393,"comment_status":"open","ping_status":"closed","template":"","meta":{"_uag_custom_page_level_css":"","site-sidebar-layout":"default","site-content-layout":"","ast-site-content-layout":"default","site-content-style":"default","site-sidebar-style":"default","ast-global-header-display":"","ast-banner-title-visibility":"","ast-main-header-display":"","ast-hfb-above-header-display":"","ast-hfb-below-header-display":"","ast-hfb-mobile-header-display":"","site-post-title":"","ast-breadcrumbs-content":"","ast-featured-img":"","footer-sml-layout":"","theme-transparent-header-meta":"default","adv-header-id-meta":"","stick-header-meta":"default","header-above-stick-meta":"","header-main-stick-meta":"","header-below-stick-meta":"","astra-migrate-meta-layouts":"set","ast-page-background-enabled":"default","ast-page-background-meta":{"desktop":{"background-color":"var(--ast-global-color-4)","background-image":"","background-repeat":"repeat","background-position":"center center","background-size":"auto","background-attachment":"scroll","background-type":"","background-media":"","overlay-type":"","overlay-color":"","overlay-opacity":"","overlay-gradient":""},"tablet":{"background-color":"","background-image":"","background-repeat":"repeat","background-position":"center center","background-size":"auto","background-attachment":"scroll","background-type":"","background-media":"","overlay-type":"","overlay-color":"","overlay-opacity":"","overlay-gradient":""},"mobile":{"background-color":"","background-image":"","background-repeat":"repeat","background-position":"center center","background-size":"auto","background-attachment":"scroll","background-type":"","background-media":"","overlay-type":"","overlay-color":"","overlay-opacity":"","overlay-gradient":""}},"ast-content-background-meta":{"desktop":{"background-color":"var(--ast-global-color-5)","background-image":"","background-repeat":"repeat","background-position":"center center","background-size":"auto","background-attachment":"scroll","background-type":"","background-media":"","overlay-type":"","overlay-color":"","overlay-opacity":"","overlay-gradient":""},"tablet":{"background-color":"var(--ast-global-color-5)","background-image":"","background-repeat":"repeat","background-position":"center center","background-size":"auto","background-attachment":"scroll","background-type":"","background-media":"","overlay-type":"","overlay-color":"","overlay-opacity":"","overlay-gradient":""},"mobile":{"background-color":"var(--ast-global-color-5)","background-image":"","background-repeat":"repeat","background-position":"center center","background-size":"auto","background-attachment":"scroll","background-type":"","background-media":"","overlay-type":"","overlay-color":"","overlay-opacity":"","overlay-gradient":""}}},"product_brand":[],"product_cat":[18],"product_tag":[182,181],"class_list":{"0":"post-17410","1":"product","2":"type-product","3":"status-publish","4":"has-post-thumbnail","6":"product_cat-uncategorized","7":"product_tag-wpc-decking","8":"product_tag-wpc-flooring","9":"desktop-align-center","10":"tablet-align-left","11":"mobile-align-left","12":"ast-product-gallery-layout-horizontal-slider","13":"ast-product-tabs-layout-vertical","15":"first","16":"instock","17":"featured","18":"shipping-taxable","19":"product-type-simple"},"uagb_featured_image_src":{"full":["https:\/\/meterny.com\/wp-content\/uploads\/2024\/03\/1-40.jpg",800,800,false],"thumbnail":["https:\/\/meterny.com\/wp-content\/uploads\/2024\/03\/1-40-150x150.jpg",150,150,true],"medium":["https:\/\/meterny.com\/wp-content\/uploads\/2024\/03\/1-40-300x300.jpg",300,300,true],"medium_large":["https:\/\/meterny.com\/wp-content\/uploads\/2024\/03\/1-40-768x768.jpg",768,768,true],"large":["https:\/\/meterny.com\/wp-content\/uploads\/2024\/03\/1-40.jpg",800,800,false],"1536x1536":["https:\/\/meterny.com\/wp-content\/uploads\/2024\/03\/1-40.jpg",800,800,false],"2048x2048":["https:\/\/meterny.com\/wp-content\/uploads\/2024\/03\/1-40.jpg",800,800,false],"trp-custom-language-flag":["https:\/\/meterny.com\/wp-content\/uploads\/2024\/03\/1-40.jpg",12,12,false],"woocommerce_thumbnail":["https:\/\/meterny.com\/wp-content\/uploads\/2024\/03\/1-40-300x300.jpg",300,300,true],"woocommerce_single":["https:\/\/meterny.com\/wp-content\/uploads\/2024\/03\/1-40-600x600.jpg",600,600,true],"woocommerce_gallery_thumbnail":["https:\/\/meterny.com\/wp-content\/uploads\/2024\/03\/1-40-100x100.jpg",100,100,true]},"uagb_author_info":{"display_name":"meterny","author_link":"https:\/\/meterny.com\/de\/author\/"},"uagb_comment_info":0,"uagb_excerpt":"\u00a0Wpc Decking Panels Wpc Flooring Specification Wpc Decking Panels Wpc Flooring METE140H25\u00a0 Wpc Decking Panels Wpc Flooring : Elevate Your [&hellip;]","_links":{"self":[{"href":"https:\/\/meterny.com\/de\/wp-json\/wp\/v2\/product\/17410","targetHints":{"allow":["GET"]}}],"collection":[{"href":"https:\/\/meterny.com\/de\/wp-json\/wp\/v2\/product"}],"about":[{"href":"https:\/\/meterny.com\/de\/wp-json\/wp\/v2\/types\/product"}],"replies":[{"embeddable":true,"href":"https:\/\/meterny.com\/de\/wp-json\/wp\/v2\/comments?post=17410"}],"wp:featuredmedia":[{"embeddable":true,"href":"https:\/\/meterny.com\/de\/wp-json\/wp\/v2\/media\/17393"}],"wp:attachment":[{"href":"https:\/\/meterny.com\/de\/wp-json\/wp\/v2\/media?parent=17410"}],"wp:term":[{"taxonomy":"product_brand","embeddable":true,"href":"https:\/\/meterny.com\/de\/wp-json\/wp\/v2\/product_brand?post=17410"},{"taxonomy":"product_cat","embeddable":true,"href":"https:\/\/meterny.com\/de\/wp-json\/wp\/v2\/product_cat?post=17410"},{"taxonomy":"product_tag","embeddable":true,"href":"https:\/\/meterny.com\/de\/wp-json\/wp\/v2\/product_tag?post=17410"}],"curies":[{"name":"wp","href":"https:\/\/api.w.org\/{rel}","templated":true}]}}