{"id":17411,"date":"2024-10-08T14:02:53","date_gmt":"2024-10-08T14:02:53","guid":{"rendered":"https:\/\/meterny.com\/?post_type=product&#038;p=17411"},"modified":"2025-01-18T09:29:13","modified_gmt":"2025-01-18T09:29:13","slug":"wood-grain-wpc-flooring-panels","status":"publish","type":"product","link":"https:\/\/meterny.com\/de\/produkt\/wood-grain-wpc-flooring-panels\/","title":{"rendered":"Balkon Holz-Kunststoff-Verbundwerkstoff Wpc-Bodenbelag Holzmaserung Wpc-Bodenbelagspaneele WPC-Verbundbelag"},"content":{"rendered":"<div class=\"elementor-element elementor-element-c0e1d42 elementor-widget elementor-widget-heading\" data-id=\"c0e1d42\" data-element_type=\"widget\" data-widget_type=\"heading.default\">\n<div class=\"elementor-widget-container\">\n<h2 class=\"elementor-heading-title elementor-size-default\" style=\"text-align: center;\">Balkon Holz-Kunststoff-Verbundstoff Wpc-Bodenbelag<\/h2>\n<\/div>\n<\/div>\n<div class=\"elementor-element elementor-element-1f676da elementor-widget elementor-widget-heading\" data-id=\"1f676da\" data-element_type=\"widget\" data-widget_type=\"heading.default\">\n<h2 class=\"elementor-widget-container\" style=\"text-align: center;\">Spezifikation<\/h2>\n<p>METE140H25 WPC Holzmaserung Wpc-Fu\u00dfbodenpaneele: Erh\u00f6hen Sie Ihre R\u00e4ume mit moderner Eleganz<\/p>\n<h3><strong>Produkttitel<\/strong><\/h3>\n<p id=\"\">WPC-Fu\u00dfbodenpaneele mit Holzmaserung - Nat\u00fcrliche und komfortable Lebensr\u00e4ume schaffen<\/p>\n<div class=\"elementor-element elementor-element-1f676da elementor-widget elementor-widget-heading\" data-id=\"1f676da\" data-element_type=\"widget\" data-widget_type=\"heading.default\">\n<p><strong>Modell<\/strong>: METE140H25<br \/>\n<strong>Typ<\/strong>: WPC Terrassendielen\/Fu\u00dfboden<br \/>\n<strong>Gr\u00f6\u00dfe<\/strong>: 140\u00d725mm<\/p>\n<p><strong>Oberfl\u00e4che<\/strong>: Gerade K\u00f6rner<br \/>\n<strong>L\u00e4nge<\/strong>2.9m oder kundenspezifisch<br \/>\n<strong>Material<\/strong>: Holz-Kunststoff-Verbundstoff<br \/>\n<strong>Produkt-Technologie<\/strong>: \u00d6ko-Extrusion<\/p>\n<\/div>\n<div class=\"elementor-element elementor-element-1f676da elementor-widget elementor-widget-heading\" data-id=\"1f676da\" data-element_type=\"widget\" data-widget_type=\"heading.default\">\n<p><img loading=\"lazy\" decoding=\"async\" class=\"alignnone wp-image-17392\" src=\"https:\/\/meterny.com\/wp-content\/uploads\/2024\/03\/1-3.jpg\" alt=\"Holzmaserung Wpc-Fu\u00dfbodenpaneele\" width=\"1024\" height=\"1024\" srcset=\"https:\/\/meterny.com\/wp-content\/uploads\/2024\/03\/1-3.jpg 800w, https:\/\/meterny.com\/wp-content\/uploads\/2024\/03\/1-3-300x300.jpg 300w, https:\/\/meterny.com\/wp-content\/uploads\/2024\/03\/1-3-150x150.jpg 150w, https:\/\/meterny.com\/wp-content\/uploads\/2024\/03\/1-3-768x768.jpg 768w, https:\/\/meterny.com\/wp-content\/uploads\/2024\/03\/1-3-600x600.jpg 600w, https:\/\/meterny.com\/wp-content\/uploads\/2024\/03\/1-3-100x100.jpg 100w\" sizes=\"auto, (max-width: 1024px) 100vw, 1024px\" \/><\/p>\n<\/div>\n<ol>\n<li><strong>Hauptproduktbild<\/strong>\u00a0- Die \u00e4sthetische Gesamtwirkung des WPC-Fu\u00dfbodens mit Holzmaserung wird hervorgehoben.<\/li>\n<li><strong>Detailliertes Texturbild<\/strong>\u00a0- Die Holzmaserung des Bodens wird hervorgehoben, wodurch seine nat\u00fcrliche Sch\u00f6nheit zur Geltung kommt.<\/li>\n<li><strong>Installationsbeispiel Bild<\/strong>\u00a0- Demonstration der praktischen Wirkung des Bodenbelags in einer Wohnumgebung.<\/li>\n<li><strong>Umweltzertifizierung Image<\/strong>\u00a0- Angabe der Umweltzertifizierungszeichen f\u00fcr das Produkt, um das Vertrauen der Verbraucher zu st\u00e4rken.<\/li>\n<\/ol>\n<h3><strong>Beschreibung des Produkts<\/strong><\/h3>\n<h4><strong>I. Produkt\u00fcbersicht<\/strong><\/h4>\n<p id=\"\">WPC-Fu\u00dfbodenplatten mit Holzmaserung sind ein neuartiger Fu\u00dfbodenbelag, der Sch\u00f6nheit, Haltbarkeit und Umweltfreundlichkeit miteinander verbindet. Dank der fortschrittlichen WPC-Technologie (Wood Plastic Composite) werden nat\u00fcrliche Holzfasern perfekt mit Polymerharzen kombiniert, wodurch die nat\u00fcrliche Textur und der warme Griff von Holz erhalten bleiben, w\u00e4hrend die Nachteile von herk\u00f6mmlichem Holz, wie z. B. die Anf\u00e4lligkeit f\u00fcr Feuchtigkeit und Verformung, \u00fcberwunden werden.<\/p>\n<h4><strong>II. Produktmerkmale<\/strong><\/h4>\n<ol>\n<li><strong>Nat\u00fcrliche Holzmaserung<\/strong>\u00a0- Mithilfe der hochaufl\u00f6senden Drucktechnologie werden die Texturen und Farben von echtem Holz perfekt auf den Bodenbelag \u00fcbertragen, so dass Ihr Wohnraum mit einer nat\u00fcrlichen Atmosph\u00e4re erf\u00fcllt wird.<\/li>\n<li><strong>Wasserdicht und feuchtigkeitsabweisend<\/strong>\u00a0- Das WPC-Material ist hervorragend wasserdicht und h\u00e4lt den Boden auch in feuchten Umgebungen trocken und stabil.<\/li>\n<li><strong>Strapazierf\u00e4hig und langlebig<\/strong>\u00a0- Der Zusatz von Polymerharzen macht den Bodenbelag verschlei\u00dffester und sto\u00dffester, so dass er auch nach l\u00e4ngerem Gebrauch seinen Glanz und seine Neuwertigkeit beh\u00e4lt.<\/li>\n<li><strong>Umweltfreundlich und gesund<\/strong>\u00a0- Aus umweltfreundlichen Materialien hergestellt, ist es ungiftig, unsch\u00e4dlich und hat keine Formaldehyd-Emissionen, was die Gesundheit von Ihnen und Ihrer Familie sch\u00fctzt.<\/li>\n<li><strong>Einfache Installation<\/strong>\u00a0- Dank der verriegelbaren Konstruktion sind weder Klebstoff noch N\u00e4gel erforderlich, was die Installation einfach und schnell macht und somit Zeit und Kosten spart.<\/li>\n<\/ol>\n<h4><strong>III. Anwendungsszenarien<\/strong><\/h4>\n<p id=\"\">WPC-Fu\u00dfbodenpaneele mit Holzmaserung eignen sich f\u00fcr verschiedene Wohnbereiche wie Schlafzimmer, Wohnzimmer, Esszimmer und Arbeitszimmer. Ihre nat\u00fcrliche Holzmaserung und die angenehme Haptik k\u00f6nnen Ihrem Wohnraum ein Gef\u00fchl von W\u00e4rme und Ruhe verleihen.<\/p>\n<h4><strong>IV. Produktspezifikationen<\/strong><\/h4>\n<ul>\n<li><strong>Material<\/strong>: WPC (Holz-Kunststoff-Verbundstoff)<\/li>\n<li><strong>Dicke<\/strong>23\/25\/28 mm<\/li>\n<li><strong>Breite<\/strong>:  119\/201\/210mm<\/li>\n<li><strong>L\u00e4nge<\/strong>:135\/ 217\/227mm<\/li>\n<li><strong>Farben<\/strong>: Mehrere Holzmaserungsfarben erh\u00e4ltlich (z. B. Eiche, Walnuss, Ahorn usw.)<\/li>\n<li><strong>Einbauverfahren<\/strong>: Verriegelnde Installation<\/li>\n<\/ul>\n<h4><strong>V. Wartung und Reinigung<\/strong><\/h4>\n<ul>\n<li>T\u00e4gliche Reinigung: Wischen Sie mit einem trockenen oder leicht feuchten Wischmopp.<\/li>\n<li>Vermeiden Sie starkes Ziehen: Vermeiden Sie es, die Bodenoberfl\u00e4che mit scharfen Gegenst\u00e4nden zu zerkratzen.<\/li>\n<li>Trocken halten: Vermeiden Sie l\u00e4ngeres Einweichen oder den Kontakt mit gro\u00dfen Wassermengen.<\/li>\n<\/ul>\n<\/div>\n<div class=\"elementor-element elementor-element-1f676da elementor-widget elementor-widget-heading\" data-id=\"1f676da\" data-element_type=\"widget\" data-widget_type=\"heading.default\">\n<h3><strong>Farbe und Oberfl\u00e4che<\/strong><\/h3>\n<p>Unser Boden METE140H25 zeichnet sich durch eine glatte, geradlinige Maserung aus, die jedem Bereich eine raffinierte Textur verleiht.<\/p>\n<p>Mit ihren anpassbaren Farben, Abmessungen und Formen bieten diese Paneele eine au\u00dfergew\u00f6hnliche Flexibilit\u00e4t, die es Ihnen erm\u00f6glicht, Ihrer Kreativit\u00e4t sowohl bei Innen- als auch bei Au\u00dfengestaltungsprojekten freien Lauf zu lassen.<\/p>\n<p>Die \u00d6ko-Extrusionstechnologie sorgt daf\u00fcr, dass jedes Paneel nicht nur gut aussieht, sondern auch zu einem nachhaltigen Lebensumfeld beitr\u00e4gt.<\/p>\n<h3>Wenn Sie weitere Einzelheiten erfahren m\u00f6chten, klicken Sie bitte auf diesen Link zu youtube:<a href=\"https:\/\/youtu.be\/XqR4zuwyGyE\" target=\"_blank\" rel=\"noopener\">https:\/\/youtu.be\/XqR4zuwyGyE<\/a><\/h3>\n<p>&nbsp;<\/p>\n<h3>Galerie<\/h3>\n<figure id=\"attachment_17414\" aria-describedby=\"caption-attachment-17414\" style=\"width: 1024px\" class=\"wp-caption alignnone\"><img loading=\"lazy\" decoding=\"async\" class=\"wp-image-17414\" src=\"https:\/\/meterny.com\/wp-content\/uploads\/2024\/10\/4.png\" alt=\"Erschwinglicher WPC-Bodenbelag f\u00fcr den Innen- und Au\u00dfenbereich\" width=\"1024\" height=\"923\" srcset=\"https:\/\/meterny.com\/wp-content\/uploads\/2024\/10\/4.png 498w, https:\/\/meterny.com\/wp-content\/uploads\/2024\/10\/4-300x270.png 300w\" sizes=\"auto, (max-width: 1024px) 100vw, 1024px\" \/><figcaption id=\"caption-attachment-17414\" class=\"wp-caption-text\">Erschwinglicher WPC-Bodenbelag: Die perfekte Wahl f\u00fcr vielseitige Anwendungen.<\/figcaption><\/figure>\n<figure id=\"attachment_17412\" aria-describedby=\"caption-attachment-17412\" style=\"width: 1024px\" class=\"wp-caption alignnone\"><img loading=\"lazy\" decoding=\"async\" class=\"wp-image-17412\" src=\"https:\/\/meterny.com\/wp-content\/uploads\/2024\/10\/1-1-1.jpg\" alt=\"Kratzfester WPC-Bodenbelag\" width=\"1024\" height=\"1024\" srcset=\"https:\/\/meterny.com\/wp-content\/uploads\/2024\/10\/1-1-1.jpg 800w, https:\/\/meterny.com\/wp-content\/uploads\/2024\/10\/1-1-1-300x300.jpg 300w, https:\/\/meterny.com\/wp-content\/uploads\/2024\/10\/1-1-1-150x150.jpg 150w, https:\/\/meterny.com\/wp-content\/uploads\/2024\/10\/1-1-1-768x768.jpg 768w, https:\/\/meterny.com\/wp-content\/uploads\/2024\/10\/1-1-1-600x600.jpg 600w, https:\/\/meterny.com\/wp-content\/uploads\/2024\/10\/1-1-1-100x100.jpg 100w\" sizes=\"auto, (max-width: 1024px) 100vw, 1024px\" \/><figcaption id=\"caption-attachment-17412\" class=\"wp-caption-text\">Perfekt f\u00fcr belebte R\u00e4ume - Kratzfester WPC-Bodenbelag<\/figcaption><\/figure>\n<figure id=\"attachment_17413\" aria-describedby=\"caption-attachment-17413\" style=\"width: 1024px\" class=\"wp-caption alignnone\"><img loading=\"lazy\" decoding=\"async\" class=\"wp-image-17413\" src=\"https:\/\/meterny.com\/wp-content\/uploads\/2024\/10\/1-9.jpg\" alt=\"Wasserfester WPC-Bodenbelag f\u00fcr Au\u00dfenterrassen\" width=\"1024\" height=\"1024\" srcset=\"https:\/\/meterny.com\/wp-content\/uploads\/2024\/10\/1-9.jpg 464w, https:\/\/meterny.com\/wp-content\/uploads\/2024\/10\/1-9-300x300.jpg 300w, https:\/\/meterny.com\/wp-content\/uploads\/2024\/10\/1-9-150x150.jpg 150w, https:\/\/meterny.com\/wp-content\/uploads\/2024\/10\/1-9-100x100.jpg 100w\" sizes=\"auto, (max-width: 1024px) 100vw, 1024px\" \/><figcaption id=\"caption-attachment-17413\" class=\"wp-caption-text\">Versch\u00f6nern Sie Ihren Au\u00dfenbereich mit langlebigen, wasserfesten WPC-B\u00f6den<\/figcaption><\/figure>\n<h3>Farboptionen<\/h3>\n<p>Meterny METE Serie WPC Boden Farbkarte<\/p>\n<p>&nbsp;<\/p>\n<figure id=\"attachment_20293\" aria-describedby=\"caption-attachment-20293\" style=\"width: 1024px\" class=\"wp-caption alignnone\"><img loading=\"lazy\" decoding=\"async\" class=\"wp-image-20293\" src=\"https:\/\/meterny.com\/wp-content\/uploads\/2024\/10\/METE-Series-Colour-151.png\" alt=\"Meterny WPC-Zaun Farboptionen\" width=\"1024\" height=\"1024\" srcset=\"https:\/\/meterny.com\/wp-content\/uploads\/2024\/10\/METE-Series-Colour-151.png 900w, https:\/\/meterny.com\/wp-content\/uploads\/2024\/10\/METE-Series-Colour-151-300x300.png 300w, https:\/\/meterny.com\/wp-content\/uploads\/2024\/10\/METE-Series-Colour-151-150x150.png 150w, https:\/\/meterny.com\/wp-content\/uploads\/2024\/10\/METE-Series-Colour-151-768x768.png 768w, https:\/\/meterny.com\/wp-content\/uploads\/2024\/10\/METE-Series-Colour-151-600x600.png 600w, https:\/\/meterny.com\/wp-content\/uploads\/2024\/10\/METE-Series-Colour-151-100x100.png 100w\" sizes=\"auto, (max-width: 1024px) 100vw, 1024px\" \/><figcaption id=\"caption-attachment-20293\" class=\"wp-caption-text\">Entdecken Sie Meterny WPC-Boden - Neun atemberaubende Farboptionen f\u00fcr jeden Stil<\/figcaption><\/figure>\n<h3><strong>Warum sollten Sie sich f\u00fcr WPC-Bodenbelagspaneele mit Holzmaserung entscheiden?<\/strong><\/h3>\n<p id=\"\">WPC-Paneele (Wood Plastic Composite) mit Holzmaserung bieten eine Vielzahl von Vorteilen, die sie zu einer ausgezeichneten Wahl f\u00fcr moderne Bodenbelagsl\u00f6sungen machen. Hier sind einige \u00fcberzeugende Gr\u00fcnde, sich f\u00fcr diese Paneele zu entscheiden:<\/p>\n<ol>\n<li>\n<p id=\"\"><strong>Nat\u00fcrliche \u00c4sthetik<\/strong>: WPC-Fu\u00dfbodenplatten mit Holzmaserung ahmen die nat\u00fcrliche Sch\u00f6nheit und Textur von echtem Holz nach und sorgen f\u00fcr eine warme und einladende Atmosph\u00e4re in Ihrem Wohnbereich. Die hochaufl\u00f6sende Drucktechnologie sorgt daf\u00fcr, dass die Holzmaserungen realistisch und optisch ansprechend sind.<\/p>\n<\/li>\n<li>\n<p id=\"\"><strong>Dauerhaftigkeit und Langlebigkeit<\/strong>: Im Gegensatz zu herk\u00f6mmlichen Holzb\u00f6den sind WPC-Paneele so konzipiert, dass sie den Strapazen des t\u00e4glichen Gebrauchs standhalten. Sie sind resistent gegen Feuchtigkeit, Kratzer und Ausbleichen, so dass sie ihre Sch\u00f6nheit und Funktionalit\u00e4t \u00fcber viele Jahre hinweg beibehalten.<\/p>\n<\/li>\n<li>\n<p id=\"\"><strong>Wasserdicht und feuchtigkeitsabweisend<\/strong>: Eine der herausragenden Eigenschaften von WPC-Bodenbel\u00e4gen ist ihre Wasserfestigkeit. Das macht ihn zur idealen Wahl f\u00fcr Bereiche, die anf\u00e4llig f\u00fcr Feuchtigkeit oder Wasser sind, wie B\u00e4der, K\u00fcchen und Waschk\u00fcchen.<\/p>\n<\/li>\n<li>\n<p id=\"\"><strong>Einfache Installation und Wartung<\/strong>: WPC-Bodenbelagspaneele mit Holzmaserung sind f\u00fcr eine einfache Verlegung konzipiert und verf\u00fcgen oft \u00fcber Verriegelungsmechanismen, die keinen Klebstoff oder N\u00e4gel erfordern. Dies vereinfacht den Verlegeprozess und reduziert die Arbeitskosten. Dar\u00fcber hinaus ist die Pflege einfach: Regelm\u00e4\u00dfiges Reinigen reicht aus, damit der Bodenbelag sein bestes Aussehen beh\u00e4lt.<\/p>\n<\/li>\n<li>\n<p id=\"\"><strong>Umweltvertr\u00e4glich und nachhaltig<\/strong>: WPC-B\u00f6den werden aus einer Kombination von Holzfasern und recyceltem Kunststoff hergestellt und sind eine umweltfreundliche Option. Durch die Verwendung von recycelten Materialien und die Minimierung der Auswirkungen auf die nat\u00fcrlichen Ressourcen wird Abfall reduziert und Nachhaltigkeit gef\u00f6rdert.<\/p>\n<\/li>\n<li>\n<p id=\"\"><strong>Kosteng\u00fcnstig<\/strong>: Die Erstinvestition in WPC-Fu\u00dfbodenpaneele mit Holzmaserung ist zwar vergleichbar oder etwas h\u00f6her als bei einigen traditionellen Bodenbel\u00e4gen, aber ihre Langlebigkeit und ihr geringer Pflegeaufwand k\u00f6nnen langfristig zu Kosteneinsparungen f\u00fchren.<\/p>\n<\/li>\n<li>\n<p id=\"\"><strong>Vielseitigkeit und Anpassungsf\u00e4higkeit<\/strong>: WPC-B\u00f6den gibt es in einer Vielzahl von Holzmaserungsfarben, Stilen und Gr\u00f6\u00dfen, so dass Sie ein individuelles Aussehen schaffen k\u00f6nnen, das Ihren Einrichtungsvorlieben entspricht. Ganz gleich, ob Sie den klassischen Look von Eiche oder den modernen Charme von Bambus bevorzugen, Sie werden einen WPC-Bodenbelag finden, der zu Ihrem Stil passt.<\/p>\n<\/li>\n<\/ol>\n<p id=\"\">Zusammenfassend l\u00e4sst sich sagen, dass WPC-Fu\u00dfbodenplatten mit Holzmaserung eine Kombination aus nat\u00fcrlicher Sch\u00f6nheit, Haltbarkeit, einfacher Verlegung und Umweltfreundlichkeit bieten, die sie zu einer idealen Wahl f\u00fcr moderne H\u00e4user macht. Ihre F\u00e4higkeit, den Strapazen des t\u00e4glichen Lebens standzuhalten und gleichzeitig ein hohes Ma\u00df an \u00c4sthetik zu bewahren, macht sie zu einer klugen Investition in den Komfort und Wert Ihres Hauses.<\/p>\n<\/div>","protected":false},"excerpt":{"rendered":"<p>Balcony Wood Plastic Composite Wpc Flooring Specification METE140H25 WPC Wood Grain Wpc Flooring Panels: Erh\u00f6hen Sie Ihre R\u00e4ume mit moderner Eleganz [...]<\/p>","protected":false},"featured_media":17392,"comment_status":"open","ping_status":"closed","template":"","meta":{"_uag_custom_page_level_css":"","site-sidebar-layout":"default","site-content-layout":"","ast-site-content-layout":"default","site-content-style":"default","site-sidebar-style":"default","ast-global-header-display":"","ast-banner-title-visibility":"","ast-main-header-display":"","ast-hfb-above-header-display":"","ast-hfb-below-header-display":"","ast-hfb-mobile-header-display":"","site-post-title":"","ast-breadcrumbs-content":"","ast-featured-img":"","footer-sml-layout":"","theme-transparent-header-meta":"default","adv-header-id-meta":"","stick-header-meta":"default","header-above-stick-meta":"","header-main-stick-meta":"","header-below-stick-meta":"","astra-migrate-meta-layouts":"set","ast-page-background-enabled":"default","ast-page-background-meta":{"desktop":{"background-color":"var(--ast-global-color-4)","background-image":"","background-repeat":"repeat","background-position":"center center","background-size":"auto","background-attachment":"scroll","background-type":"","background-media":"","overlay-type":"","overlay-color":"","overlay-opacity":"","overlay-gradient":""},"tablet":{"background-color":"","background-image":"","background-repeat":"repeat","background-position":"center center","background-size":"auto","background-attachment":"scroll","background-type":"","background-media":"","overlay-type":"","overlay-color":"","overlay-opacity":"","overlay-gradient":""},"mobile":{"background-color":"","background-image":"","background-repeat":"repeat","background-position":"center center","background-size":"auto","background-attachment":"scroll","background-type":"","background-media":"","overlay-type":"","overlay-color":"","overlay-opacity":"","overlay-gradient":""}},"ast-content-background-meta":{"desktop":{"background-color":"var(--ast-global-color-5)","background-image":"","background-repeat":"repeat","background-position":"center center","background-size":"auto","background-attachment":"scroll","background-type":"","background-media":"","overlay-type":"","overlay-color":"","overlay-opacity":"","overlay-gradient":""},"tablet":{"background-color":"var(--ast-global-color-5)","background-image":"","background-repeat":"repeat","background-position":"center center","background-size":"auto","background-attachment":"scroll","background-type":"","background-media":"","overlay-type":"","overlay-color":"","overlay-opacity":"","overlay-gradient":""},"mobile":{"background-color":"var(--ast-global-color-5)","background-image":"","background-repeat":"repeat","background-position":"center center","background-size":"auto","background-attachment":"scroll","background-type":"","background-media":"","overlay-type":"","overlay-color":"","overlay-opacity":"","overlay-gradient":""}}},"product_brand":[],"product_cat":[18],"product_tag":[182,181],"class_list":{"0":"post-17411","1":"product","2":"type-product","3":"status-publish","4":"has-post-thumbnail","6":"product_cat-uncategorized","7":"product_tag-wpc-decking","8":"product_tag-wpc-flooring","9":"desktop-align-center","10":"tablet-align-left","11":"mobile-align-left","12":"ast-product-gallery-layout-horizontal-slider","13":"ast-product-tabs-layout-vertical","15":"first","16":"instock","17":"featured","18":"shipping-taxable","19":"product-type-simple"},"uagb_featured_image_src":{"full":["https:\/\/meterny.com\/wp-content\/uploads\/2024\/03\/1-3.jpg",800,800,false],"thumbnail":["https:\/\/meterny.com\/wp-content\/uploads\/2024\/03\/1-3-150x150.jpg",150,150,true],"medium":["https:\/\/meterny.com\/wp-content\/uploads\/2024\/03\/1-3-300x300.jpg",300,300,true],"medium_large":["https:\/\/meterny.com\/wp-content\/uploads\/2024\/03\/1-3-768x768.jpg",768,768,true],"large":["https:\/\/meterny.com\/wp-content\/uploads\/2024\/03\/1-3.jpg",800,800,false],"1536x1536":["https:\/\/meterny.com\/wp-content\/uploads\/2024\/03\/1-3.jpg",800,800,false],"2048x2048":["https:\/\/meterny.com\/wp-content\/uploads\/2024\/03\/1-3.jpg",800,800,false],"trp-custom-language-flag":["https:\/\/meterny.com\/wp-content\/uploads\/2024\/03\/1-3.jpg",12,12,false],"woocommerce_thumbnail":["https:\/\/meterny.com\/wp-content\/uploads\/2024\/03\/1-3-300x300.jpg",300,300,true],"woocommerce_single":["https:\/\/meterny.com\/wp-content\/uploads\/2024\/03\/1-3-600x600.jpg",600,600,true],"woocommerce_gallery_thumbnail":["https:\/\/meterny.com\/wp-content\/uploads\/2024\/03\/1-3-100x100.jpg",100,100,true]},"uagb_author_info":{"display_name":"meterny","author_link":"https:\/\/meterny.com\/de\/author\/"},"uagb_comment_info":0,"uagb_excerpt":"Balcony Wood Plastic Composite Wpc Flooring Specification METE140H25 WPC Wood Grain Wpc Flooring Panels: Elevate Your Spaces with Modern Elegance [&hellip;]","_links":{"self":[{"href":"https:\/\/meterny.com\/de\/wp-json\/wp\/v2\/product\/17411","targetHints":{"allow":["GET"]}}],"collection":[{"href":"https:\/\/meterny.com\/de\/wp-json\/wp\/v2\/product"}],"about":[{"href":"https:\/\/meterny.com\/de\/wp-json\/wp\/v2\/types\/product"}],"replies":[{"embeddable":true,"href":"https:\/\/meterny.com\/de\/wp-json\/wp\/v2\/comments?post=17411"}],"wp:featuredmedia":[{"embeddable":true,"href":"https:\/\/meterny.com\/de\/wp-json\/wp\/v2\/media\/17392"}],"wp:attachment":[{"href":"https:\/\/meterny.com\/de\/wp-json\/wp\/v2\/media?parent=17411"}],"wp:term":[{"taxonomy":"product_brand","embeddable":true,"href":"https:\/\/meterny.com\/de\/wp-json\/wp\/v2\/product_brand?post=17411"},{"taxonomy":"product_cat","embeddable":true,"href":"https:\/\/meterny.com\/de\/wp-json\/wp\/v2\/product_cat?post=17411"},{"taxonomy":"product_tag","embeddable":true,"href":"https:\/\/meterny.com\/de\/wp-json\/wp\/v2\/product_tag?post=17411"}],"curies":[{"name":"wp","href":"https:\/\/api.w.org\/{rel}","templated":true}]}}