{"id":17498,"date":"2024-10-09T05:22:28","date_gmt":"2024-10-09T05:22:28","guid":{"rendered":"https:\/\/meterny.com\/?post_type=product&#038;p=17498"},"modified":"2025-01-18T09:14:05","modified_gmt":"2025-01-18T09:14:05","slug":"garden-wood-plastic-composite-wpc-fence-panel","status":"publish","type":"product","link":"https:\/\/meterny.com\/de\/produkt\/garden-wood-plastic-composite-wpc-fence-panel\/","title":{"rendered":"Garten Holz-Kunststoff-Verbundstoff Wpc-Zaunplatte Gartenzaunplatte im Freien"},"content":{"rendered":"<div class=\"elementor-element elementor-element-c0e1d42 elementor-widget elementor-widget-heading\" data-id=\"c0e1d42\" data-element_type=\"widget\" data-widget_type=\"heading.default\">\n<div class=\"elementor-widget-container\">\n<h2 class=\"elementor-heading-title elementor-size-default\" style=\"text-align: center;\">Garten Holz-Kunststoff-Verbundstoff Wpc-Zaunplatte<\/h2>\n<\/div>\n<\/div>\n<div class=\"elementor-element elementor-element-1f676da elementor-widget elementor-widget-heading\" data-id=\"1f676da\" data-element_type=\"widget\" data-widget_type=\"heading.default\">\n<h2 class=\"elementor-widget-container\" style=\"text-align: center;\">METE1800H1850 Technische Daten<\/h2>\n<\/div>\n<p>METE1800H1850 Garten Holz-Kunststoff-Verbundstoff Wpc-Zaunplatte mit Aluminiums\u00e4ulen<\/p>\n<p><strong>Modell<\/strong>: METE1800H1850<\/p>\n<p><strong>Typ<\/strong>: Garten Holz-Kunststoff-Verbundstoff Wpc Zaun Panel mit Aluminium-S\u00e4ulen<\/p>\n<p><strong>Gr\u00f6\u00dfe<\/strong>: Breite 1800mm x H\u00f6he 1850mm<\/p>\n<p><strong>Oberfl\u00e4che<\/strong>: Zwei Oberfl\u00e4chen - Streifen und Holzmaserung<\/p>\n<p><strong>Farbe<\/strong>: 9 Farboptionen<\/p>\n<p><strong>L\u00e4nge<\/strong>: Ma\u00dfgeschneidert<\/p>\n<p><strong>Material<\/strong>: Holz-Kunststoff-Verbundstoff<\/p>\n<p><strong>Produkt-Technologie<\/strong>: \u00d6ko-Extrusion<\/p>\n<figure id=\"attachment_17496\" aria-describedby=\"caption-attachment-17496\" style=\"width: 1024px\" class=\"wp-caption alignnone\"><img loading=\"lazy\" decoding=\"async\" class=\"wp-image-17496\" src=\"https:\/\/meterny.com\/wp-content\/uploads\/2024\/10\/10-1ZHU.jpg\" alt=\"Garten Holz-Kunststoff-Verbundstoff Wpc-Zaunplatte\" width=\"1024\" height=\"1024\" srcset=\"https:\/\/meterny.com\/wp-content\/uploads\/2024\/10\/10-1ZHU.jpg 800w, https:\/\/meterny.com\/wp-content\/uploads\/2024\/10\/10-1ZHU-300x300.jpg 300w, https:\/\/meterny.com\/wp-content\/uploads\/2024\/10\/10-1ZHU-150x150.jpg 150w, https:\/\/meterny.com\/wp-content\/uploads\/2024\/10\/10-1ZHU-768x768.jpg 768w, https:\/\/meterny.com\/wp-content\/uploads\/2024\/10\/10-1ZHU-600x600.jpg 600w, https:\/\/meterny.com\/wp-content\/uploads\/2024\/10\/10-1ZHU-100x100.jpg 100w\" sizes=\"auto, (max-width: 1024px) 100vw, 1024px\" \/><figcaption id=\"caption-attachment-17496\" class=\"wp-caption-text\">Nachhaltige Sch\u00f6nheit: Moderne WPC-Z\u00e4une f\u00fcr jedes Projekt<\/figcaption><\/figure>\n<h3><strong>Produkt\u00fcbersicht<\/strong><\/h3>\n<p id=\"\">Willkommen bei unseren Gartenzaunplatten aus Holz-Kunststoff-Verbundstoff (WPC), der perfekten Mischung aus nat\u00fcrlicher Sch\u00f6nheit und moderner Haltbarkeit f\u00fcr Ihren Au\u00dfenbereich. Unsere WPC-Zaunpaneele kombinieren das reiche, authentische Aussehen von Holz mit der Widerstandsf\u00e4higkeit und Langlebigkeit von Kunststoff-Verbundwerkstoffen, was sie zu einer idealen Wahl f\u00fcr Gartenz\u00e4une macht.<\/p>\n<hr \/>\n<h3><strong>Wesentliche Merkmale<\/strong><\/h3>\n<ol>\n<li><strong>Materialzusammensetzung<\/strong>:\n<ul>\n<li>Unsere WPC-Zaunpaneele bestehen aus einer Mischung aus recycelten Holzfasern und hochdichtem Polyethylen-Kunststoff und bieten das Beste aus beiden Welten: den nat\u00fcrlichen Charme von Holz und die Haltbarkeit von Kunststoff.<\/li>\n<\/ul>\n<\/li>\n<li><strong>3D gepr\u00e4gte Holzmaserung<\/strong>:\n<ul>\n<li>Die 3D-gepr\u00e4gte Holzmaserung sorgt f\u00fcr ein realistisches und raffiniertes Aussehen, das die \u00c4sthetik Ihres Gartens unterstreicht.<\/li>\n<\/ul>\n<\/li>\n<li><strong>Witterungsbest\u00e4ndigkeit<\/strong>:\n<ul>\n<li>Unsere WPC-Zaunpaneele wurden entwickelt, um extremen Witterungsbedingungen standzuhalten, und sind resistent gegen F\u00e4ulnis, Feuchtigkeit, Insekten und UV-Strahlen, so dass sie ihre Sch\u00f6nheit und Funktionalit\u00e4t \u00fcber Jahre hinweg behalten.<\/li>\n<\/ul>\n<\/li>\n<li><strong>Geringe Wartung<\/strong>:\n<ul>\n<li>Unsere Zaunpaneele ben\u00f6tigen nur minimale Wartung, da sie weder gestrichen noch versiegelt oder gebeizt werden m\u00fcssen. Waschen Sie sie einfach mit Wasser ab, damit sie immer gut aussehen.<\/li>\n<\/ul>\n<\/li>\n<li><strong>Umweltfreundlich<\/strong>:\n<ul>\n<li>Durch die Verwendung recycelter Materialien tragen unsere WPC-Zaunpaneele zur Abfallvermeidung bei und f\u00f6rdern ein gr\u00fcnes Leben. Sie sind eine umweltfreundliche Wahl f\u00fcr Ihren Garten.<\/li>\n<\/ul>\n<\/li>\n<li><strong>Einfache Installation<\/strong>:\n<ul>\n<li>Unsere Zaunpaneele werden mit einer leicht verst\u00e4ndlichen Montageanleitung geliefert, was sie zu einer DIY-freundlichen Option macht. Mit einfachen Werkzeugen und grundlegenden handwerklichen F\u00e4higkeiten k\u00f6nnen Sie sie im Handumdrehen montieren.<\/li>\n<\/ul>\n<\/li>\n<li><strong>Anpassbare Optionen<\/strong>:\n<ul>\n<li>Unsere WPC-Zaunpaneele sind in verschiedenen Farben, Texturen und Gr\u00f6\u00dfen erh\u00e4ltlich und k\u00f6nnen an Ihre speziellen Bed\u00fcrfnisse und Stilvorlieben angepasst werden.<\/li>\n<\/ul>\n<\/li>\n<\/ol>\n<hr \/>\n<h3><strong>Technische Daten<\/strong><\/h3>\n<ul>\n<li><strong>Abmessungen<\/strong>z.B. 6 ft. x 8 ft. usw.<\/li>\n<li><strong>Dicke<\/strong>: z.B. 0,6 Zoll usw.<\/li>\n<li><strong>Gewicht<\/strong>: z.B. ungef\u00e4hr 50 lbs. usw.<\/li>\n<li><strong>Farboptionen<\/strong>:z.B. Braun, Grau, Zeder, etc.<\/li>\n<li><strong>Material<\/strong>: Holz-Kunststoff-Verbundstoff (WPC)<\/li>\n<li><strong>Oberfl\u00e4che<\/strong>: 3D gepr\u00e4gte Holzmaserung<\/li>\n<li><strong>Witterungsbest\u00e4ndigkeit<\/strong>: F\u00e4ulnis-, feuchtigkeits-, insekten- und UV-best\u00e4ndig<\/li>\n<li><strong>Wartung<\/strong>: Pflegeleicht, mit Wasser abwaschbar<\/li>\n<li><strong>Einrichtung<\/strong>: DIY-freundlich mit leicht verst\u00e4ndlichen Anleitungen<\/li>\n<\/ul>\n<hr \/>\n<h3><strong>Vorteile<\/strong><\/h3>\n<ul>\n<li><strong>Verbesserter Datenschutz<\/strong>: Unsere robusten WPC-Zaunpaneele bieten einen effektiven Sichtschutz, der Ihnen Privatsph\u00e4re und Ruhe in Ihrem Garten bietet.<\/li>\n<li><strong>Dauerhaftigkeit<\/strong>: Unsere Zaunpaneele werden aus hochwertigen Materialien hergestellt und sind so konzipiert, dass sie den Witterungseinfl\u00fcssen standhalten und eine lange Lebensdauer aufweisen.<\/li>\n<li><strong>\u00c4sthetische Anziehungskraft<\/strong>: Die nat\u00fcrliche Holzmaserung verleiht Ihrem Au\u00dfenbereich einen Hauch von Raffinesse und Sch\u00f6nheit.<\/li>\n<li><strong>Kosteng\u00fcnstig<\/strong>: Unsere WPC-Zaunpaneele zeichnen sich durch geringen Wartungsaufwand und lange Haltbarkeit aus und bieten ein hervorragendes Preis-Leistungs-Verh\u00e4ltnis.<\/li>\n<\/ul>\n<hr \/>\n<h3><strong>Bestellinformationen<\/strong><\/h3>\n<p id=\"\">Um eine Bestellung aufzugeben, w\u00e4hlen Sie einfach Ihre bevorzugte Farbe, Textur und Gr\u00f6\u00dfe aus und gehen Sie zur Kasse. Wir bieten einen schnellen und zuverl\u00e4ssigen Versand, um sicherzustellen, dass Ihre WPC-Zaunpaneele in perfektem Zustand ankommen. Bei Fragen oder Anpassungen wenden Sie sich bitte an unser Kundenservice-Team.<\/p>\n<h3>Wenn Sie mehr Details wissen wollen, klicken Sie bitte auf diesen Link zu youtube: <a href=\"https:\/\/youtu.be\/yQvN4lv4Rr4\" target=\"_blank\" rel=\"noopener\">https:\/\/youtu.be\/yQvN4lv4Rr4<\/a><\/h3>\n<p>&nbsp;<\/p>\n<h3>Galerie<\/h3>\n<figure id=\"attachment_17490\" aria-describedby=\"caption-attachment-17490\" style=\"width: 1024px\" class=\"wp-caption alignnone\"><img loading=\"lazy\" decoding=\"async\" class=\"wp-image-17490\" src=\"https:\/\/meterny.com\/wp-content\/uploads\/2024\/10\/\u90a6\u82f1-5.jpg\" alt=\"WPC-Zaunpaneele mit nat\u00fcrlicher Holzmaserung\" width=\"1024\" height=\"1024\" srcset=\"https:\/\/meterny.com\/wp-content\/uploads\/2024\/10\/\u90a6\u82f1-5.jpg 800w, https:\/\/meterny.com\/wp-content\/uploads\/2024\/10\/\u90a6\u82f1-5-300x300.jpg 300w, https:\/\/meterny.com\/wp-content\/uploads\/2024\/10\/\u90a6\u82f1-5-150x150.jpg 150w, https:\/\/meterny.com\/wp-content\/uploads\/2024\/10\/\u90a6\u82f1-5-768x768.jpg 768w, https:\/\/meterny.com\/wp-content\/uploads\/2024\/10\/\u90a6\u82f1-5-600x600.jpg 600w, https:\/\/meterny.com\/wp-content\/uploads\/2024\/10\/\u90a6\u82f1-5-100x100.jpg 100w\" sizes=\"auto, (max-width: 1024px) 100vw, 1024px\" \/><figcaption id=\"caption-attachment-17490\" class=\"wp-caption-text\">Stilvolle Zaunl\u00f6sungen mit dekorativen WPC-Zaunpaneelen<\/figcaption><\/figure>\n<figure id=\"attachment_17494\" aria-describedby=\"caption-attachment-17494\" style=\"width: 1024px\" class=\"wp-caption alignnone\"><img loading=\"lazy\" decoding=\"async\" class=\"wp-image-17494\" src=\"https:\/\/meterny.com\/wp-content\/uploads\/2024\/10\/2-3ZHU.jpg\" alt=\"WPC-Zaunpaneele f\u00fcr Wohnbauprojekte\" width=\"1024\" height=\"1024\" srcset=\"https:\/\/meterny.com\/wp-content\/uploads\/2024\/10\/2-3ZHU.jpg 800w, https:\/\/meterny.com\/wp-content\/uploads\/2024\/10\/2-3ZHU-300x300.jpg 300w, https:\/\/meterny.com\/wp-content\/uploads\/2024\/10\/2-3ZHU-150x150.jpg 150w, https:\/\/meterny.com\/wp-content\/uploads\/2024\/10\/2-3ZHU-768x768.jpg 768w, https:\/\/meterny.com\/wp-content\/uploads\/2024\/10\/2-3ZHU-600x600.jpg 600w, https:\/\/meterny.com\/wp-content\/uploads\/2024\/10\/2-3ZHU-100x100.jpg 100w\" sizes=\"auto, (max-width: 1024px) 100vw, 1024px\" \/><figcaption id=\"caption-attachment-17494\" class=\"wp-caption-text\">Wetterfest und stilvoll: Perfekte WPC-Z\u00e4une f\u00fcr alle Jahreszeiten<\/figcaption><\/figure>\n<figure id=\"attachment_17495\" aria-describedby=\"caption-attachment-17495\" style=\"width: 1024px\" class=\"wp-caption alignnone\"><img loading=\"lazy\" decoding=\"async\" class=\"wp-image-17495\" src=\"https:\/\/meterny.com\/wp-content\/uploads\/2024\/10\/8-7ZHU.jpg\" alt=\"Wpc-Zaunplatte f\u00fcr den Au\u00dfenbereich\" width=\"1024\" height=\"1024\" srcset=\"https:\/\/meterny.com\/wp-content\/uploads\/2024\/10\/8-7ZHU.jpg 800w, https:\/\/meterny.com\/wp-content\/uploads\/2024\/10\/8-7ZHU-300x300.jpg 300w, https:\/\/meterny.com\/wp-content\/uploads\/2024\/10\/8-7ZHU-150x150.jpg 150w, https:\/\/meterny.com\/wp-content\/uploads\/2024\/10\/8-7ZHU-768x768.jpg 768w, https:\/\/meterny.com\/wp-content\/uploads\/2024\/10\/8-7ZHU-600x600.jpg 600w, https:\/\/meterny.com\/wp-content\/uploads\/2024\/10\/8-7ZHU-100x100.jpg 100w\" sizes=\"auto, (max-width: 1024px) 100vw, 1024px\" \/><figcaption id=\"caption-attachment-17495\" class=\"wp-caption-text\">Sichtschutz und Eleganz in Einem - Entdecken Sie die WPC-Zaunoptionen<\/figcaption><\/figure>\n<h3>Farbe und Oberfl\u00e4che<\/h3>\n<p>Der METE1800H1850 ist in neun verschiedenen Farben erh\u00e4ltlich und bietet vielseitige Designoptionen, die zu jedem Garten oder Au\u00dfenbereich passen. W\u00e4hlen Sie zwischen zwei Oberfl\u00e4chentexturen: klassische Streifen oder elegante Holzmaserungen, um Ihre Landschaft perfekt zu erg\u00e4nzen. Passen Sie die L\u00e4nge an Ihre spezifischen Anforderungen an, um eine ma\u00dfgeschneiderte und nahtlose Installation zu gew\u00e4hrleisten.<\/p>\n<figure id=\"attachment_17473\" aria-describedby=\"caption-attachment-17473\" style=\"width: 1024px\" class=\"wp-caption alignnone\"><img loading=\"lazy\" decoding=\"async\" class=\"wp-image-17473\" src=\"https:\/\/meterny.com\/wp-content\/uploads\/2024\/05\/A8c1e1d3dd6f44e7dbfc53b1a81cccee3q-1.png\" alt=\"WPC-Z\u00e4une mit nat\u00fcrlicher Holzmaserung\" width=\"1024\" height=\"1024\" srcset=\"https:\/\/meterny.com\/wp-content\/uploads\/2024\/05\/A8c1e1d3dd6f44e7dbfc53b1a81cccee3q-1.png 800w, https:\/\/meterny.com\/wp-content\/uploads\/2024\/05\/A8c1e1d3dd6f44e7dbfc53b1a81cccee3q-1-300x300.png 300w, https:\/\/meterny.com\/wp-content\/uploads\/2024\/05\/A8c1e1d3dd6f44e7dbfc53b1a81cccee3q-1-150x150.png 150w, https:\/\/meterny.com\/wp-content\/uploads\/2024\/05\/A8c1e1d3dd6f44e7dbfc53b1a81cccee3q-1-768x768.png 768w, https:\/\/meterny.com\/wp-content\/uploads\/2024\/05\/A8c1e1d3dd6f44e7dbfc53b1a81cccee3q-1-600x600.png 600w, https:\/\/meterny.com\/wp-content\/uploads\/2024\/05\/A8c1e1d3dd6f44e7dbfc53b1a81cccee3q-1-100x100.png 100w\" sizes=\"auto, (max-width: 1024px) 100vw, 1024px\" \/><figcaption id=\"caption-attachment-17473\" class=\"wp-caption-text\">Die Zukunft der Z\u00e4une im Freien: Stilvoll, stark und nachhaltig<\/figcaption><\/figure>\n<p>Meterny METE Serie WPC Zaunplatten Farbkarte<\/p>\n<figure id=\"attachment_20293\" aria-describedby=\"caption-attachment-20293\" style=\"width: 1024px\" class=\"wp-caption alignnone\"><img loading=\"lazy\" decoding=\"async\" class=\"wp-image-20293\" src=\"https:\/\/meterny.com\/wp-content\/uploads\/2024\/10\/METE-Series-Colour-151.png\" alt=\"Meterny WPC-Zaun Farboptionen\" width=\"1024\" height=\"1024\" srcset=\"https:\/\/meterny.com\/wp-content\/uploads\/2024\/10\/METE-Series-Colour-151.png 900w, https:\/\/meterny.com\/wp-content\/uploads\/2024\/10\/METE-Series-Colour-151-300x300.png 300w, https:\/\/meterny.com\/wp-content\/uploads\/2024\/10\/METE-Series-Colour-151-150x150.png 150w, https:\/\/meterny.com\/wp-content\/uploads\/2024\/10\/METE-Series-Colour-151-768x768.png 768w, https:\/\/meterny.com\/wp-content\/uploads\/2024\/10\/METE-Series-Colour-151-600x600.png 600w, https:\/\/meterny.com\/wp-content\/uploads\/2024\/10\/METE-Series-Colour-151-100x100.png 100w\" sizes=\"auto, (max-width: 1024px) 100vw, 1024px\" \/><figcaption id=\"caption-attachment-20293\" class=\"wp-caption-text\">Entdecken Sie Meterny WPC-Zaun - Neun atemberaubende Farboptionen f\u00fcr jeden Stil<\/figcaption><\/figure>\n<h3>Langlebig und wasserdicht<\/h3>\n<p>Dieser WPC-Zaun wird mit der fortschrittlichen \u00d6ko-Extrusionstechnologie hergestellt und ist f\u00fcr eine lange Lebensdauer ausgelegt. Seine wasserfesten Eigenschaften machen ihn zu einer idealen Wahl f\u00fcr alle Wetterbedingungen und garantieren Langlebigkeit und minimale Wartung. Die Aluminiumpfosten sorgen f\u00fcr zus\u00e4tzliche Stabilit\u00e4t und machen ihn zu einer zuverl\u00e4ssigen und robusten Zaunl\u00f6sung f\u00fcr jeden Garten.<\/p>\n<p>Installationen Zubeh\u00f6r<\/p>\n<figure id=\"attachment_17165\" aria-describedby=\"caption-attachment-17165\" style=\"width: 1024px\" class=\"wp-caption alignnone\"><img loading=\"lazy\" decoding=\"async\" class=\"wp-image-17165\" src=\"https:\/\/meterny.com\/wp-content\/uploads\/2024\/05\/Heef5f4fd9e2c4c9a9145a852eb0aedceQ-1.png\" alt=\"Komplettes WPC-Zaun-Montagezubeh\u00f6r\" width=\"1024\" height=\"1054\" srcset=\"https:\/\/meterny.com\/wp-content\/uploads\/2024\/05\/Heef5f4fd9e2c4c9a9145a852eb0aedceQ-1.png 923w, https:\/\/meterny.com\/wp-content\/uploads\/2024\/05\/Heef5f4fd9e2c4c9a9145a852eb0aedceQ-1-291x300.png 291w, https:\/\/meterny.com\/wp-content\/uploads\/2024\/05\/Heef5f4fd9e2c4c9a9145a852eb0aedceQ-1-768x790.png 768w, https:\/\/meterny.com\/wp-content\/uploads\/2024\/05\/Heef5f4fd9e2c4c9a9145a852eb0aedceQ-1-600x618.png 600w\" sizes=\"auto, (max-width: 1024px) 100vw, 1024px\" \/><figcaption id=\"caption-attachment-17165\" class=\"wp-caption-text\">All-in-One WPC-Zauninstallationszubeh\u00f6r f\u00fcr m\u00fchelose Montage<\/figcaption><\/figure>\n<h3>Warum Garten Holz-Kunststoff-Verbundstoff Wpc Zaun Panel w\u00e4hlen?<\/h3>\n<p id=\"\">Gartenzaunpaneele aus Holz-Kunststoff-Verbundstoff (WPC) sind aus einer Vielzahl von Gr\u00fcnden eine ausgezeichnete Wahl, die sie zu einer \u00fcberlegenen Option im Vergleich zu herk\u00f6mmlichen Zaunmaterialien machen. Hier sind einige \u00fcberzeugende Gr\u00fcnde, sich f\u00fcr WPC-Zaunpaneele f\u00fcr Ihren Garten zu entscheiden:<\/p>\n<ol>\n<li><strong>Dauerhaftigkeit und Langlebigkeit<\/strong>:\n<ul>\n<li>WPC-Zaunpaneele sind so konzipiert, dass sie den Elementen, einschlie\u00dflich extremer Wetterbedingungen, standhalten. Sie sind resistent gegen F\u00e4ulnis, Feuchtigkeit, Insekten und UV-Strahlen und behalten so ihre Sch\u00f6nheit und Funktionalit\u00e4t \u00fcber Jahre hinweg.<\/li>\n<\/ul>\n<\/li>\n<li><strong>Nat\u00fcrliches Erscheinungsbild<\/strong>:\n<ul>\n<li>Die 3D-gepr\u00e4gte Holzmaserung sorgt f\u00fcr ein realistisches und anspruchsvolles Erscheinungsbild, das das Aussehen von nat\u00fcrlichem Holz nachahmt, ohne dass die Pflege erforderlich ist. Dies steigert die \u00c4sthetik Ihres Gartens und f\u00fcgt sich nahtlos in die nat\u00fcrliche Umgebung ein.<\/li>\n<\/ul>\n<\/li>\n<li><strong>Geringe Wartung<\/strong>:\n<ul>\n<li>Im Gegensatz zu herk\u00f6mmlichen Holzz\u00e4unen ben\u00f6tigen WPC-Zaunpaneele nur minimale Pflege. Sie m\u00fcssen nicht gestrichen, versiegelt oder gebeizt werden und lassen sich leicht mit Wasser reinigen. Das spart Ihnen langfristig Zeit und Geld.<\/li>\n<\/ul>\n<\/li>\n<li><strong>Umweltfreundlich<\/strong>:\n<ul>\n<li>WPC-Zaunpaneele werden aus recycelten Holzfasern und hochdichtem Polyethylen-Kunststoff hergestellt und tragen so zur Abfallvermeidung und zur F\u00f6rderung eines gr\u00fcnen Lebensstils bei. Sie sind eine umweltfreundliche Wahl f\u00fcr Ihren Garten.<\/li>\n<\/ul>\n<\/li>\n<li><strong>Kosteng\u00fcnstig<\/strong>:\n<ul>\n<li>WPC-Zaunpaneele bieten aufgrund ihrer langfristigen Haltbarkeit und ihres geringen Wartungsbedarfs ein ausgezeichnetes Preis-Leistungs-Verh\u00e4ltnis. Sie haben zwar h\u00f6here Anschaffungskosten als einige traditionelle Materialien, aber ihre Langlebigkeit und geringeren Wartungskosten machen sie zu einer kosteneffizienten Investition.<\/li>\n<\/ul>\n<\/li>\n<li><strong>Vielseitigkeit und Anpassungsf\u00e4higkeit<\/strong>:\n<ul>\n<li>WPC-Zaunpaneele sind in einer Vielzahl von Farben, Strukturen und Gr\u00f6\u00dfen erh\u00e4ltlich, so dass Sie sie an Ihre speziellen Bed\u00fcrfnisse und Stilvorlieben anpassen k\u00f6nnen. Sie k\u00f6nnen f\u00fcr Sichtschutzz\u00e4une, dekorative Einfassungen oder sogar Gartenstrukturen wie Pergolen und Pavillons verwendet werden.<\/li>\n<\/ul>\n<\/li>\n<li><strong>Einfache Installation<\/strong>:\n<ul>\n<li>WPC-Zaunpaneele lassen sich leicht montieren und sind daher eine einfache Option f\u00fcr Heimwerker. Mit einfachen Werkzeugen und grundlegenden Tischlerf\u00e4higkeiten k\u00f6nnen Sie sie im Handumdrehen montieren und so Geld bei den Montagekosten sparen.<\/li>\n<\/ul>\n<\/li>\n<li><strong>Widerstandsf\u00e4higkeit und St\u00e4rke<\/strong>:\n<ul>\n<li>WPC-Zaunpaneele sind stark und widerstandsf\u00e4hig und bieten einen wirksamen Schutz und Sichtschutz f\u00fcr Ihren Garten. Die Wahrscheinlichkeit, dass sie sich im Laufe der Zeit verziehen, rei\u00dfen oder splittern, ist gering, sodass sie \u00fcber Jahre hinweg in hervorragendem Zustand bleiben.<\/li>\n<\/ul>\n<\/li>\n<\/ol>\n<p id=\"\">Zusammenfassend l\u00e4sst sich sagen, dass Gartenzaunpaneele aus Holz-Kunststoff-Verbundstoff (WPC) eine Kombination aus Langlebigkeit, nat\u00fcrlichem Aussehen, geringem Wartungsaufwand, Umweltfreundlichkeit, Kosteneffizienz, Vielseitigkeit, einfacher Installation und Widerstandsf\u00e4higkeit bieten. Diese Vorteile machen sie zu einer ausgezeichneten Wahl, um Ihren Au\u00dfenbereich zu versch\u00f6nern und den Wert Ihrer Immobilie zu steigern.<\/p>","protected":false},"excerpt":{"rendered":"<h3>Wesentliche Merkmale:<\/h3>\n<p>Wasserdicht und witterungsbest\u00e4ndig: Ideal f\u00fcr den Au\u00dfeneinsatz in allen Klimazonen.<br \/>\nUmweltvertr\u00e4gliche Materialien: Nachhaltig und umweltbewusst.<br \/>\nAnpassbare L\u00e4nge: Ma\u00dfgeschneidert f\u00fcr die spezifischen Abmessungen Ihres Gartens.<br \/>\nPflegeleicht: Im Gegensatz zu herk\u00f6mmlichem Holz leicht zu reinigen und zu pflegen.<br \/>\nZwei Oberfl\u00e4chenoptionen: W\u00e4hlen Sie zwischen eleganten Holzmaserungen oder klassischen Streifen f\u00fcr ein individuelles Aussehen.<br \/>\nErh\u00f6hte Stabilit\u00e4t: Verst\u00e4rkte, langlebige Aluminiums\u00e4ulen f\u00fcr zus\u00e4tzliche Stabilit\u00e4t und Sicherheit.<\/p>\n<h3>Anwendungen:<\/h3>\n<p>Perfekt f\u00fcr Gartenbegrenzungen, Sichtschutz und dekorative Zaunl\u00f6sungen.<\/p>","protected":false},"featured_media":17496,"comment_status":"open","ping_status":"closed","template":"","meta":{"_uag_custom_page_level_css":"","site-sidebar-layout":"default","site-content-layout":"","ast-site-content-layout":"default","site-content-style":"default","site-sidebar-style":"default","ast-global-header-display":"","ast-banner-title-visibility":"","ast-main-header-display":"","ast-hfb-above-header-display":"","ast-hfb-below-header-display":"","ast-hfb-mobile-header-display":"","site-post-title":"","ast-breadcrumbs-content":"","ast-featured-img":"","footer-sml-layout":"","theme-transparent-header-meta":"default","adv-header-id-meta":"","stick-header-meta":"default","header-above-stick-meta":"","header-main-stick-meta":"","header-below-stick-meta":"","astra-migrate-meta-layouts":"set","ast-page-background-enabled":"default","ast-page-background-meta":{"desktop":{"background-color":"var(--ast-global-color-4)","background-image":"","background-repeat":"repeat","background-position":"center center","background-size":"auto","background-attachment":"scroll","background-type":"","background-media":"","overlay-type":"","overlay-color":"","overlay-opacity":"","overlay-gradient":""},"tablet":{"background-color":"","background-image":"","background-repeat":"repeat","background-position":"center center","background-size":"auto","background-attachment":"scroll","background-type":"","background-media":"","overlay-type":"","overlay-color":"","overlay-opacity":"","overlay-gradient":""},"mobile":{"background-color":"","background-image":"","background-repeat":"repeat","background-position":"center center","background-size":"auto","background-attachment":"scroll","background-type":"","background-media":"","overlay-type":"","overlay-color":"","overlay-opacity":"","overlay-gradient":""}},"ast-content-background-meta":{"desktop":{"background-color":"var(--ast-global-color-5)","background-image":"","background-repeat":"repeat","background-position":"center center","background-size":"auto","background-attachment":"scroll","background-type":"","background-media":"","overlay-type":"","overlay-color":"","overlay-opacity":"","overlay-gradient":""},"tablet":{"background-color":"var(--ast-global-color-5)","background-image":"","background-repeat":"repeat","background-position":"center center","background-size":"auto","background-attachment":"scroll","background-type":"","background-media":"","overlay-type":"","overlay-color":"","overlay-opacity":"","overlay-gradient":""},"mobile":{"background-color":"var(--ast-global-color-5)","background-image":"","background-repeat":"repeat","background-position":"center center","background-size":"auto","background-attachment":"scroll","background-type":"","background-media":"","overlay-type":"","overlay-color":"","overlay-opacity":"","overlay-gradient":""}}},"product_brand":[],"product_cat":[18],"product_tag":[186,187,188,185],"class_list":{"0":"post-17498","1":"product","2":"type-product","3":"status-publish","4":"has-post-thumbnail","6":"product_cat-uncategorized","7":"product_tag-aluminum-fence","8":"product_tag-exterior-fence","9":"product_tag-garden-fence","10":"product_tag-wpc-fence","11":"desktop-align-center","12":"tablet-align-left","13":"mobile-align-left","14":"ast-product-gallery-layout-horizontal-slider","15":"ast-product-tabs-layout-vertical","17":"first","18":"instock","19":"shipping-taxable","20":"product-type-simple"},"uagb_featured_image_src":{"full":["https:\/\/meterny.com\/wp-content\/uploads\/2024\/10\/10-1ZHU.jpg",800,800,false],"thumbnail":["https:\/\/meterny.com\/wp-content\/uploads\/2024\/10\/10-1ZHU-150x150.jpg",150,150,true],"medium":["https:\/\/meterny.com\/wp-content\/uploads\/2024\/10\/10-1ZHU-300x300.jpg",300,300,true],"medium_large":["https:\/\/meterny.com\/wp-content\/uploads\/2024\/10\/10-1ZHU-768x768.jpg",768,768,true],"large":["https:\/\/meterny.com\/wp-content\/uploads\/2024\/10\/10-1ZHU.jpg",800,800,false],"1536x1536":["https:\/\/meterny.com\/wp-content\/uploads\/2024\/10\/10-1ZHU.jpg",800,800,false],"2048x2048":["https:\/\/meterny.com\/wp-content\/uploads\/2024\/10\/10-1ZHU.jpg",800,800,false],"trp-custom-language-flag":["https:\/\/meterny.com\/wp-content\/uploads\/2024\/10\/10-1ZHU.jpg",12,12,false],"woocommerce_thumbnail":["https:\/\/meterny.com\/wp-content\/uploads\/2024\/10\/10-1ZHU-300x300.jpg",300,300,true],"woocommerce_single":["https:\/\/meterny.com\/wp-content\/uploads\/2024\/10\/10-1ZHU-600x600.jpg",600,600,true],"woocommerce_gallery_thumbnail":["https:\/\/meterny.com\/wp-content\/uploads\/2024\/10\/10-1ZHU-100x100.jpg",100,100,true]},"uagb_author_info":{"display_name":"meterny","author_link":"https:\/\/meterny.com\/de\/author\/"},"uagb_comment_info":0,"uagb_excerpt":"Key Features: Waterproof and Weather-Resistant: Ideal for outdoor use in all climates. Eco-Friendly Materials: Sustainable and environmentally conscious. Customizable Length: Tailored to fit your garden's specific dimensions. Low Maintenance: Easy to clean and maintain, unlike traditional wood. Dual Surface Options: Choose between elegant wood grains or classic strips for a personalized look. Enhanced Stability: Reinforced&hellip;","_links":{"self":[{"href":"https:\/\/meterny.com\/de\/wp-json\/wp\/v2\/product\/17498","targetHints":{"allow":["GET"]}}],"collection":[{"href":"https:\/\/meterny.com\/de\/wp-json\/wp\/v2\/product"}],"about":[{"href":"https:\/\/meterny.com\/de\/wp-json\/wp\/v2\/types\/product"}],"replies":[{"embeddable":true,"href":"https:\/\/meterny.com\/de\/wp-json\/wp\/v2\/comments?post=17498"}],"wp:featuredmedia":[{"embeddable":true,"href":"https:\/\/meterny.com\/de\/wp-json\/wp\/v2\/media\/17496"}],"wp:attachment":[{"href":"https:\/\/meterny.com\/de\/wp-json\/wp\/v2\/media?parent=17498"}],"wp:term":[{"taxonomy":"product_brand","embeddable":true,"href":"https:\/\/meterny.com\/de\/wp-json\/wp\/v2\/product_brand?post=17498"},{"taxonomy":"product_cat","embeddable":true,"href":"https:\/\/meterny.com\/de\/wp-json\/wp\/v2\/product_cat?post=17498"},{"taxonomy":"product_tag","embeddable":true,"href":"https:\/\/meterny.com\/de\/wp-json\/wp\/v2\/product_tag?post=17498"}],"curies":[{"name":"wp","href":"https:\/\/api.w.org\/{rel}","templated":true}]}}