{"id":17850,"date":"2024-10-10T07:46:45","date_gmt":"2024-10-10T07:46:45","guid":{"rendered":"https:\/\/meterny.com\/?post_type=product&#038;p=17850"},"modified":"2025-05-24T02:14:03","modified_gmt":"2025-05-24T02:14:03","slug":"aluminum-winter-garden-outdoor","status":"publish","type":"product","link":"https:\/\/meterny.com\/de\/produkt\/aluminum-winter-garden-outdoor\/","title":{"rendered":"Guter Preis Aluminium Wintergarten Au\u00dfen Aluminium Glas Sonnenzimmer Geh\u00e4rtetes Glas Wintergarten"},"content":{"rendered":"<h2 style=\"text-align: center;\">Guter Preis Aluminium Wintergarten im Freien Aluminium Glas Sunroom<\/h2>\n<p><strong>Typ<\/strong>: Aluminium Temperiertes Gew\u00e4chshaus<\/p>\n<p><strong>Gr\u00f6\u00dfe<\/strong>: angepasst<\/p>\n<p><strong>Oberfl\u00e4che<\/strong>: kundenspezifische Beschichtung\/ Lackierung<\/p>\n<p><strong>Farbe<\/strong>: angepasst<\/p>\n<p><strong>L\u00e4nge<\/strong>: Ma\u00dfgeschneidert<\/p>\n<p><strong>Material<\/strong>: Hochwertige Aluminium-Legierung<\/p>\n<p><strong>Produkt-Technologie<\/strong>: Meterny AquaGuard Anti-Leck-System<\/p>\n<figure id=\"attachment_17884\" aria-describedby=\"caption-attachment-17884\" style=\"width: 1024px\" class=\"wp-caption alignnone\"><img loading=\"lazy\" decoding=\"async\" class=\"wp-image-17884\" src=\"https:\/\/meterny.com\/wp-content\/uploads\/2024\/10\/\u4f55\u521a\u9633\u5149\u623f-\u526f\u672c.jpg\" alt=\"Aluminium Wintergarten Outdoor\" width=\"1024\" height=\"1024\" srcset=\"https:\/\/meterny.com\/wp-content\/uploads\/2024\/10\/\u4f55\u521a\u9633\u5149\u623f-\u526f\u672c.jpg 800w, https:\/\/meterny.com\/wp-content\/uploads\/2024\/10\/\u4f55\u521a\u9633\u5149\u623f-\u526f\u672c-300x300.jpg 300w, https:\/\/meterny.com\/wp-content\/uploads\/2024\/10\/\u4f55\u521a\u9633\u5149\u623f-\u526f\u672c-150x150.jpg 150w, https:\/\/meterny.com\/wp-content\/uploads\/2024\/10\/\u4f55\u521a\u9633\u5149\u623f-\u526f\u672c-768x768.jpg 768w, https:\/\/meterny.com\/wp-content\/uploads\/2024\/10\/\u4f55\u521a\u9633\u5149\u623f-\u526f\u672c-600x600.jpg 600w, https:\/\/meterny.com\/wp-content\/uploads\/2024\/10\/\u4f55\u521a\u9633\u5149\u623f-\u526f\u672c-100x100.jpg 100w\" sizes=\"auto, (max-width: 1024px) 100vw, 1024px\" \/><figcaption id=\"caption-attachment-17884\" class=\"wp-caption-text\">Ein ger\u00e4umiger wei\u00dfer Wintergarten: Luxus in Ihrem Hinterhof<\/figcaption><\/figure>\n<h3>\u00dcbersicht<\/h3>\n<p id=\"\">Verwandeln Sie Ihren Au\u00dfenbereich in einen gem\u00fctlichen und stilvollen Wintergarten mit unserem Aluminium Wintergarten Outdoor. Der elegante Aluminiumrahmen und das robuste, geh\u00e4rtete Glas sorgen f\u00fcr eine warme und einladende Atmosph\u00e4re und sch\u00fctzen Sie gleichzeitig vor den Elementen. Ganz gleich, ob Sie einen neuen Wohnbereich, einen Essplatz oder eine ruhige Leseecke schaffen m\u00f6chten, unser Aluminium Wintergarten Outdoor ist die perfekte L\u00f6sung.<\/p>\n<h3>Wesentliche Merkmale<\/h3>\n<ul>\n<li><strong>Robuste Aluminium-Rahmen<\/strong>: Unsere aus hochwertigem Aluminium gefertigten Rahmen sind so konzipiert, dass sie rauen Winterbedingungen standhalten und gleichzeitig eine schlanke und moderne \u00c4sthetik aufweisen.<\/li>\n<li><strong>Geh\u00e4rtete Glasscheiben<\/strong>: Die gro\u00dfen Scheiben aus geh\u00e4rtetem Glas bieten einen klaren, ungehinderten Blick auf Ihre Au\u00dfenumgebung und sorgen gleichzeitig f\u00fcr hervorragende Isolierung und Sicherheit.<\/li>\n<li><strong>Anpassbares Design<\/strong>: W\u00e4hlen Sie aus einer Vielzahl von Rahmenfarben, Glastypen und optionalen Ausstattungsmerkmalen, um einen Wintergarten zu schaffen, der perfekt zu Ihrem Stil und Ihren Bed\u00fcrfnissen passt.<\/li>\n<li><strong>Einfache Installation<\/strong>: Unsere Winterg\u00e4rten sind so konzipiert, dass sie leicht zu installieren sind. Klare Anweisungen und Unterst\u00fctzung durch unser professionelles Team sorgen f\u00fcr einen reibungslosen Aufbau.<\/li>\n<li><strong>Ganzj\u00e4hriges Vergn\u00fcgen<\/strong>: Gesch\u00fctzt vor Regen, Schnee und Wind, k\u00f6nnen Sie Ihren Wintergarten das ganze Jahr \u00fcber genie\u00dfen und einen gem\u00fctlichen und einladenden Raum f\u00fcr Entspannung und Unterhaltung schaffen.<\/li>\n<\/ul>\n<h3>Spezifikationen<\/h3>\n<ul>\n<li><strong>Material des Rahmens<\/strong>: Aluminium<\/li>\n<li><strong>Glas Typ<\/strong>: Geh\u00e4rtetes Glas<\/li>\n<li><strong>Abmessungen<\/strong>: Anpassbar (bitte beim Kauf angeben)<\/li>\n<li><strong>Farboptionen<\/strong>: Mehrere Rahmenfarben verf\u00fcgbar<\/li>\n<li><strong>Eigenschaften<\/strong>: Isolierung, Sicherheitsglas, anpassbares Design<\/li>\n<\/ul>\n<h3>Vorteile<\/h3>\n<ul>\n<li><strong>Vergr\u00f6\u00dferte Wohnfl\u00e4che<\/strong>: Erweitern Sie Ihren Wohnbereich um einen stilvollen und funktionalen Wintergarten.<\/li>\n<li><strong>Erh\u00f6hter Komfort<\/strong>: Unsere Rahmen aus geh\u00e4rtetem Glas und Aluminium bieten eine hervorragende Isolierung und halten Ihren Wintergarten in den k\u00e4lteren Monaten warm und gem\u00fctlich.<\/li>\n<li><strong>Sch\u00f6ne Aussichten<\/strong>: Genie\u00dfen Sie den ungehinderten Blick auf Ihren Garten, Ihre Landschaft oder das Stadtbild und steigern Sie so die \u00c4sthetik Ihres Au\u00dfenbereichs.<\/li>\n<li><strong>Dauerhaftigkeit<\/strong>: Unsere aus hochwertigen Materialien gefertigten Winterg\u00e4rten sind so konzipiert, dass sie den Witterungseinfl\u00fcssen standhalten und eine lange Lebensdauer haben.<\/li>\n<\/ul>\n<h3>Mehr Designs<\/h3>\n<figure id=\"attachment_17691\" aria-describedby=\"caption-attachment-17691\" style=\"width: 1204px\" class=\"wp-caption alignnone\"><img loading=\"lazy\" decoding=\"async\" class=\"wp-image-17691\" src=\"https:\/\/meterny.com\/wp-content\/uploads\/2024\/10\/\u4e0b\u8f7d-23.jpg\" alt=\"Mehrfarbige Aluminium-Sonnenzimmer Stile stilvolle Sonnenzimmer L\u00f6sungen\" width=\"1204\" height=\"1204\" srcset=\"https:\/\/meterny.com\/wp-content\/uploads\/2024\/10\/\u4e0b\u8f7d-23.jpg 1200w, https:\/\/meterny.com\/wp-content\/uploads\/2024\/10\/\u4e0b\u8f7d-23-300x300.jpg 300w, https:\/\/meterny.com\/wp-content\/uploads\/2024\/10\/\u4e0b\u8f7d-23-1024x1024.jpg 1024w, https:\/\/meterny.com\/wp-content\/uploads\/2024\/10\/\u4e0b\u8f7d-23-150x150.jpg 150w, https:\/\/meterny.com\/wp-content\/uploads\/2024\/10\/\u4e0b\u8f7d-23-768x768.jpg 768w, https:\/\/meterny.com\/wp-content\/uploads\/2024\/10\/\u4e0b\u8f7d-23-600x600.jpg 600w, https:\/\/meterny.com\/wp-content\/uploads\/2024\/10\/\u4e0b\u8f7d-23-100x100.jpg 100w\" sizes=\"auto, (max-width: 1204px) 100vw, 1204px\" \/><figcaption id=\"caption-attachment-17691\" class=\"wp-caption-text\">Ein Kaleidoskop von Wintergarten-Designs: W\u00e4hlen Sie Ihr perfektes Design<\/figcaption><\/figure>\n<p>Aluminium Wintergarten Outdoor<\/p>\n<figure id=\"attachment_16950\" aria-describedby=\"caption-attachment-16950\" style=\"width: 1024px\" class=\"wp-caption alignnone\"><img loading=\"lazy\" decoding=\"async\" class=\"wp-image-16950\" src=\"https:\/\/meterny.com\/wp-content\/uploads\/2024\/09\/About-Meterny@3x.png\" alt=\"Meterny&#039;s Aluminium-Pergola Vergleich mit anderen Pergolen\" width=\"1024\" height=\"1447\" srcset=\"https:\/\/meterny.com\/wp-content\/uploads\/2024\/09\/About-Meterny@3x.png 1787w, https:\/\/meterny.com\/wp-content\/uploads\/2024\/09\/About-Meterny@3x-212x300.png 212w, https:\/\/meterny.com\/wp-content\/uploads\/2024\/09\/About-Meterny@3x-724x1024.png 724w, https:\/\/meterny.com\/wp-content\/uploads\/2024\/09\/About-Meterny@3x-768x1086.png 768w, https:\/\/meterny.com\/wp-content\/uploads\/2024\/09\/About-Meterny@3x-1087x1536.png 1087w, https:\/\/meterny.com\/wp-content\/uploads\/2024\/09\/About-Meterny@3x-1449x2048.png 1449w, https:\/\/meterny.com\/wp-content\/uploads\/2024\/09\/About-Meterny@3x-600x848.png 600w\" sizes=\"auto, (max-width: 1024px) 100vw, 1024px\" \/><figcaption id=\"caption-attachment-16950\" class=\"wp-caption-text\">Meterny-Pergolen im Vergleich zu herk\u00f6mmlichen Pergolen: \u00dcberlegene Eigenschaften<\/figcaption><\/figure>\n<h3>Kurzbeschreibung<\/h3>\n<p id=\"\">Ein Gew\u00e4chshaus aus Aluminium bietet eine Reihe von Vorteilen, unter anderem:<\/p>\n<ol>\n<li><strong>St\u00e4rke und Langlebigkeit<\/strong>:\n<ul>\n<li>Aluminium ist ein leichtes und dennoch starkes Material, das rauen Wetterbedingungen wie starkem Wind, starkem Schnee und Regen standh\u00e4lt. Dies gew\u00e4hrleistet, dass Ihr Gew\u00e4chshaus stabil und sicher bleibt und Ihre Pflanzen vor Sch\u00e4den sch\u00fctzt.<\/li>\n<\/ul>\n<\/li>\n<li><strong>Korrosionsbest\u00e4ndigkeit<\/strong>:\n<ul>\n<li>Aluminium ist \u00e4u\u00dferst korrosionsbest\u00e4ndig, das hei\u00dft, es rostet nicht und wird im Laufe der Zeit nicht abgebaut. Dies gew\u00e4hrleistet, dass Ihr Gew\u00e4chshaus seine strukturelle Integrit\u00e4t und sein Aussehen \u00fcber viele Jahre hinweg beibeh\u00e4lt.<\/li>\n<\/ul>\n<\/li>\n<li><strong>Wartungsfreundlichkeit<\/strong>:\n<ul>\n<li>Gew\u00e4chsh\u00e4user aus Aluminium sind in der Regel sehr wartungsarm. Sie m\u00fcssen nicht gestrichen oder anderweitig regelm\u00e4\u00dfig gewartet werden, wodurch Sie Zeit und Geld sparen.<\/li>\n<\/ul>\n<\/li>\n<li><strong>Anpassbares Design<\/strong>:\n<ul>\n<li>Gew\u00e4chsh\u00e4user aus Aluminium k\u00f6nnen h\u00e4ufig an Ihre speziellen Bed\u00fcrfnisse und Vorlieben angepasst werden. Dazu geh\u00f6ren Optionen f\u00fcr verschiedene Gr\u00f6\u00dfen, Formen, Verglasungsmaterialien (wie Glas oder Polycarbonat), Bel\u00fcftungssysteme und Zubeh\u00f6r.<\/li>\n<\/ul>\n<\/li>\n<li><strong>Langlebigkeit<\/strong>:\n<ul>\n<li>Bei richtiger Pflege und Wartung kann ein Gew\u00e4chshaus aus Aluminium Jahrzehnte lang halten. Diese langlebige Investition wird Ihnen \u00fcber viele Jahre hinweg einen zuverl\u00e4ssigen und funktionalen Raum f\u00fcr den Anbau von Pflanzen bieten.<\/li>\n<\/ul>\n<\/li>\n<\/ol>\n<p>Aluminium Wintergarten Outdoor<\/p>\n<p>&nbsp;<\/p>\n<figure id=\"attachment_16952\" aria-describedby=\"caption-attachment-16952\" style=\"width: 1024px\" class=\"wp-caption alignnone\"><img loading=\"lazy\" decoding=\"async\" class=\"wp-image-16952\" src=\"https:\/\/meterny.com\/wp-content\/uploads\/2024\/09\/\u5fae\u4fe1\u56fe\u7247_20241006211816.png\" alt=\"Meterny&#039;s Aluminium Pergola Wasser Leckage Pr\u00e4vention Design\" width=\"1024\" height=\"1403\" srcset=\"https:\/\/meterny.com\/wp-content\/uploads\/2024\/09\/\u5fae\u4fe1\u56fe\u7247_20241006211816.png 888w, https:\/\/meterny.com\/wp-content\/uploads\/2024\/09\/\u5fae\u4fe1\u56fe\u7247_20241006211816-219x300.png 219w, https:\/\/meterny.com\/wp-content\/uploads\/2024\/09\/\u5fae\u4fe1\u56fe\u7247_20241006211816-747x1024.png 747w, https:\/\/meterny.com\/wp-content\/uploads\/2024\/09\/\u5fae\u4fe1\u56fe\u7247_20241006211816-768x1053.png 768w, https:\/\/meterny.com\/wp-content\/uploads\/2024\/09\/\u5fae\u4fe1\u56fe\u7247_20241006211816-600x822.png 600w\" sizes=\"auto, (max-width: 1024px) 100vw, 1024px\" \/><figcaption id=\"caption-attachment-16952\" class=\"wp-caption-text\">Das innovative Design von Meterny zur Verhinderung von Wasserlecks<\/figcaption><\/figure>\n<p>Aluminium Wintergarten Outdoor<\/p>\n<h3>Wenn Sie weitere Einzelheiten erfahren m\u00f6chten, klicken Sie bitte auf diesen Link zu youtube:<a href=\"https:\/\/youtu.be\/0FgHU_d-JLU\" target=\"_blank\" rel=\"noopener\">https:\/\/youtu.be\/0FgHU_d-JLU<\/a><\/h3>\n<figure id=\"attachment_16951\" aria-describedby=\"caption-attachment-16951\" style=\"width: 1024px\" class=\"wp-caption alignnone\"><img loading=\"lazy\" decoding=\"async\" class=\"wp-image-16951\" src=\"https:\/\/meterny.com\/wp-content\/uploads\/2024\/09\/\u753b\u677f-16@3x.png\" alt=\"Meterny&#039;s Aluminum Pergola exklusives Patent Design\" width=\"1024\" height=\"1448\" srcset=\"https:\/\/meterny.com\/wp-content\/uploads\/2024\/09\/\u753b\u677f-16@3x.png 1787w, https:\/\/meterny.com\/wp-content\/uploads\/2024\/09\/\u753b\u677f-16@3x-212x300.png 212w, https:\/\/meterny.com\/wp-content\/uploads\/2024\/09\/\u753b\u677f-16@3x-724x1024.png 724w, https:\/\/meterny.com\/wp-content\/uploads\/2024\/09\/\u753b\u677f-16@3x-768x1086.png 768w, https:\/\/meterny.com\/wp-content\/uploads\/2024\/09\/\u753b\u677f-16@3x-1086x1536.png 1086w, https:\/\/meterny.com\/wp-content\/uploads\/2024\/09\/\u753b\u677f-16@3x-1448x2048.png 1448w, https:\/\/meterny.com\/wp-content\/uploads\/2024\/09\/\u753b\u677f-16@3x-600x848.png 600w\" sizes=\"auto, (max-width: 1024px) 100vw, 1024px\" \/><figcaption id=\"caption-attachment-16951\" class=\"wp-caption-text\">Das patentierte Design von Meterny: Eine Pergola wie keine andere<\/figcaption><\/figure>\n<h3>Warum sollte man sich f\u00fcr das Aluminium-Gew\u00e4chshaus von Meterny entscheiden?<\/h3>\n<ol>\n<li>\n<p id=\"\"><strong>Langlebiges und umweltfreundliches Design<\/strong>:<\/p>\n<ul>\n<li>Das Aluminium-Gew\u00e4chshaus von Meterny wird aus nachhaltigen Materialien hergestellt, wobei erneuerbare Quellen und FSC-zertifiziertes Holz verwendet werden. Dies gew\u00e4hrleistet eine umweltfreundliche und umweltbewusste Wahl f\u00fcr Ihren Garten.<\/li>\n<li>Der starke Aluminiumrahmen und die kesseldruckimpr\u00e4gnierten H\u00f6lzer sind so konstruiert, dass sie rauen Witterungsbedingungen standhalten und einen dauerhaften und sicheren Platz f\u00fcr Ihre Pflanzen bieten.<\/li>\n<\/ul>\n<\/li>\n<li>\n<p id=\"\"><strong>Einfache Montage und Wartung<\/strong>:<\/p>\n<ul>\n<li>Unser Gew\u00e4chshaus ist leicht zu montieren, mit einem einfachen und geradlinigen Verfahren, das es Ihnen erm\u00f6glicht, es in k\u00fcrzester Zeit aufzustellen.<\/li>\n<li>Die pulverbeschichtete Metalloberfl\u00e4che sorgt f\u00fcr eine pflegeleichte und korrosionsbest\u00e4ndige Au\u00dfenseite, die Ihnen langfristig Zeit und M\u00fche spart.<\/li>\n<\/ul>\n<\/li>\n<li>\n<p id=\"\"><strong>Erweiterte Sicherheitsmerkmale<\/strong>:<\/p>\n<ul>\n<li>Das Gew\u00e4chshaus ist mit geh\u00e4rtetem Glas und Polycarbonatplatten ausgestattet, die einen hervorragenden Schutz vor den Elementen bieten und eine sichere Umgebung f\u00fcr das Gedeihen Ihrer Pflanzen gew\u00e4hrleisten.<\/li>\n<\/ul>\n<\/li>\n<li>\n<p id=\"\"><strong>Hochwertige und anpassbare Optionen<\/strong>:<\/p>\n<ul>\n<li>Meterny bietet eine breite Palette von anpassbaren Optionen, mit denen Sie das Gew\u00e4chshaus an Ihre speziellen Bed\u00fcrfnisse und Vorlieben anpassen k\u00f6nnen.<\/li>\n<li>Die hochwertigen Materialien und die Konstruktion gew\u00e4hrleisten eine robuste und zuverl\u00e4ssige Struktur, die Ihnen viele Jahre lang gute Dienste leisten wird.<\/li>\n<\/ul>\n<\/li>\n<li>\n<p id=\"\"><strong>Ausgezeichneter Kundenservice und Support<\/strong>:<\/p>\n<ul>\n<li>Meterny ist bestrebt, einen hervorragenden Kundendienst und Support zu bieten. Unser Expertenteam ist bereit, Ihnen bei allen Fragen und Anliegen zu helfen, die Sie w\u00e4hrend des Kauf- und Installationsprozesses haben.<\/li>\n<li>Wir bieten au\u00dferdem eine langj\u00e4hrige Garantie auf unsere Aluminium-Gew\u00e4chsh\u00e4user, die Ihnen Sicherheit und Vertrauen in Ihren Kauf gibt.<\/li>\n<\/ul>\n<\/li>\n<\/ol>\n<p id=\"\">Zusammenfassend l\u00e4sst sich sagen, dass sich das Aluminium-Gew\u00e4chshaus von Meterny durch sein langlebiges und umweltfreundliches Design, seine einfache Montage und Wartung, seine fortschrittlichen Sicherheitsfunktionen, seine hochwertigen und anpassbaren Optionen sowie seinen hervorragenden Kundendienst und Support auszeichnet. Diese Faktoren machen es zu einer idealen Wahl f\u00fcr alle, die ein stilvolles und funktionales Gew\u00e4chshaus f\u00fcr ihren Garten suchen.<\/p>\n<p>&nbsp;<\/p>","protected":false},"excerpt":{"rendered":"<p>Schaffen Sie sich einen stilvollen und wetterfesten R\u00fcckzugsort im Freien mit dem wasserdichten Pavillon aus Aluminium, der elegantes Design mit dauerhafter Leistung kombiniert.<\/p>","protected":false},"featured_media":17884,"comment_status":"open","ping_status":"closed","template":"","meta":{"_uag_custom_page_level_css":"","site-sidebar-layout":"default","site-content-layout":"","ast-site-content-layout":"default","site-content-style":"default","site-sidebar-style":"default","ast-global-header-display":"","ast-banner-title-visibility":"","ast-main-header-display":"","ast-hfb-above-header-display":"","ast-hfb-below-header-display":"","ast-hfb-mobile-header-display":"","site-post-title":"","ast-breadcrumbs-content":"","ast-featured-img":"","footer-sml-layout":"","theme-transparent-header-meta":"default","adv-header-id-meta":"","stick-header-meta":"default","header-above-stick-meta":"","header-main-stick-meta":"","header-below-stick-meta":"","astra-migrate-meta-layouts":"set","ast-page-background-enabled":"default","ast-page-background-meta":{"desktop":{"background-color":"var(--ast-global-color-4)","background-image":"","background-repeat":"repeat","background-position":"center center","background-size":"auto","background-attachment":"scroll","background-type":"","background-media":"","overlay-type":"","overlay-color":"","overlay-opacity":"","overlay-gradient":""},"tablet":{"background-color":"","background-image":"","background-repeat":"repeat","background-position":"center center","background-size":"auto","background-attachment":"scroll","background-type":"","background-media":"","overlay-type":"","overlay-color":"","overlay-opacity":"","overlay-gradient":""},"mobile":{"background-color":"","background-image":"","background-repeat":"repeat","background-position":"center center","background-size":"auto","background-attachment":"scroll","background-type":"","background-media":"","overlay-type":"","overlay-color":"","overlay-opacity":"","overlay-gradient":""}},"ast-content-background-meta":{"desktop":{"background-color":"var(--ast-global-color-5)","background-image":"","background-repeat":"repeat","background-position":"center center","background-size":"auto","background-attachment":"scroll","background-type":"","background-media":"","overlay-type":"","overlay-color":"","overlay-opacity":"","overlay-gradient":""},"tablet":{"background-color":"var(--ast-global-color-5)","background-image":"","background-repeat":"repeat","background-position":"center center","background-size":"auto","background-attachment":"scroll","background-type":"","background-media":"","overlay-type":"","overlay-color":"","overlay-opacity":"","overlay-gradient":""},"mobile":{"background-color":"var(--ast-global-color-5)","background-image":"","background-repeat":"repeat","background-position":"center center","background-size":"auto","background-attachment":"scroll","background-type":"","background-media":"","overlay-type":"","overlay-color":"","overlay-opacity":"","overlay-gradient":""}}},"product_brand":[],"product_cat":[18],"product_tag":[219,217,218,216],"class_list":{"0":"post-17850","1":"product","2":"type-product","3":"status-publish","4":"has-post-thumbnail","6":"product_cat-uncategorized","7":"product_tag-aluminum-metal-waterproof-pergola","8":"product_tag-aluminum-pavilion","9":"product_tag-metal-pavilion","10":"product_tag-waterproof-pavilion","11":"desktop-align-center","12":"tablet-align-left","13":"mobile-align-left","14":"ast-product-gallery-layout-horizontal-slider","15":"ast-product-single-variable","16":"ast-product-tabs-layout-vertical","18":"first","19":"instock","20":"shipping-taxable","21":"product-type-variable"},"uagb_featured_image_src":{"full":["https:\/\/meterny.com\/wp-content\/uploads\/2024\/10\/\u4f55\u521a\u9633\u5149\u623f-\u526f\u672c.jpg",800,800,false],"thumbnail":["https:\/\/meterny.com\/wp-content\/uploads\/2024\/10\/\u4f55\u521a\u9633\u5149\u623f-\u526f\u672c-150x150.jpg",150,150,true],"medium":["https:\/\/meterny.com\/wp-content\/uploads\/2024\/10\/\u4f55\u521a\u9633\u5149\u623f-\u526f\u672c-300x300.jpg",300,300,true],"medium_large":["https:\/\/meterny.com\/wp-content\/uploads\/2024\/10\/\u4f55\u521a\u9633\u5149\u623f-\u526f\u672c-768x768.jpg",768,768,true],"large":["https:\/\/meterny.com\/wp-content\/uploads\/2024\/10\/\u4f55\u521a\u9633\u5149\u623f-\u526f\u672c.jpg",800,800,false],"1536x1536":["https:\/\/meterny.com\/wp-content\/uploads\/2024\/10\/\u4f55\u521a\u9633\u5149\u623f-\u526f\u672c.jpg",800,800,false],"2048x2048":["https:\/\/meterny.com\/wp-content\/uploads\/2024\/10\/\u4f55\u521a\u9633\u5149\u623f-\u526f\u672c.jpg",800,800,false],"trp-custom-language-flag":["https:\/\/meterny.com\/wp-content\/uploads\/2024\/10\/\u4f55\u521a\u9633\u5149\u623f-\u526f\u672c.jpg",12,12,false],"woocommerce_thumbnail":["https:\/\/meterny.com\/wp-content\/uploads\/2024\/10\/\u4f55\u521a\u9633\u5149\u623f-\u526f\u672c-300x300.jpg",300,300,true],"woocommerce_single":["https:\/\/meterny.com\/wp-content\/uploads\/2024\/10\/\u4f55\u521a\u9633\u5149\u623f-\u526f\u672c-600x600.jpg",600,600,true],"woocommerce_gallery_thumbnail":["https:\/\/meterny.com\/wp-content\/uploads\/2024\/10\/\u4f55\u521a\u9633\u5149\u623f-\u526f\u672c-100x100.jpg",100,100,true]},"uagb_author_info":{"display_name":"meterny","author_link":"https:\/\/meterny.com\/de\/author\/"},"uagb_comment_info":0,"uagb_excerpt":"Create a stylish and weather-resistant outdoor haven with the Aluminum Metal Waterproof Pavilion, combining sleek design with durable performance.","_links":{"self":[{"href":"https:\/\/meterny.com\/de\/wp-json\/wp\/v2\/product\/17850","targetHints":{"allow":["GET"]}}],"collection":[{"href":"https:\/\/meterny.com\/de\/wp-json\/wp\/v2\/product"}],"about":[{"href":"https:\/\/meterny.com\/de\/wp-json\/wp\/v2\/types\/product"}],"replies":[{"embeddable":true,"href":"https:\/\/meterny.com\/de\/wp-json\/wp\/v2\/comments?post=17850"}],"wp:featuredmedia":[{"embeddable":true,"href":"https:\/\/meterny.com\/de\/wp-json\/wp\/v2\/media\/17884"}],"wp:attachment":[{"href":"https:\/\/meterny.com\/de\/wp-json\/wp\/v2\/media?parent=17850"}],"wp:term":[{"taxonomy":"product_brand","embeddable":true,"href":"https:\/\/meterny.com\/de\/wp-json\/wp\/v2\/product_brand?post=17850"},{"taxonomy":"product_cat","embeddable":true,"href":"https:\/\/meterny.com\/de\/wp-json\/wp\/v2\/product_cat?post=17850"},{"taxonomy":"product_tag","embeddable":true,"href":"https:\/\/meterny.com\/de\/wp-json\/wp\/v2\/product_tag?post=17850"}],"curies":[{"name":"wp","href":"https:\/\/api.w.org\/{rel}","templated":true}]}}