{"id":17887,"date":"2024-10-10T08:20:44","date_gmt":"2024-10-10T08:20:44","guid":{"rendered":"https:\/\/meterny.com\/?post_type=product&#038;p=17887"},"modified":"2025-05-24T02:04:14","modified_gmt":"2025-05-24T02:04:14","slug":"aluminum-frame-glass-winter-garden-sunroom","status":"publish","type":"product","link":"https:\/\/meterny.com\/de\/produkt\/aluminum-frame-glass-winter-garden-sunroom\/","title":{"rendered":"Aluminiumrahmen Glas Wintergarten Sonnenzimmer Haus Aluminium Freistehend Glas Aluminium Sonnenzimmer"},"content":{"rendered":"<h2 style=\"text-align: center;\">Aluminiumrahmen Glas Wintergarten Sonnenzimmer Haus Aluminium Freistehendes Glas Sonnenzimmer<\/h2>\n<p><strong>Typ<\/strong>: Aluminiumrahmen Glas Wintergarten Sonnenzimmer Haus Aluminium Freistehendes Glas Sonnenzimmer<\/p>\n<p><strong>Gr\u00f6\u00dfe<\/strong>: angepasst<\/p>\n<p><strong>Oberfl\u00e4che<\/strong>: kundenspezifische Beschichtung\/ Lackierung<\/p>\n<p><strong>Farbe<\/strong>: angepasst<\/p>\n<p><strong>L\u00e4nge<\/strong>: Ma\u00dfgeschneidert<\/p>\n<p><strong>Material<\/strong>: Hochwertige Aluminium-Legierung<\/p>\n<p><strong>Produkt-Technologie<\/strong>: Meterny AquaGuard Anti-Leck-System<\/p>\n<figure id=\"attachment_17882\" aria-describedby=\"caption-attachment-17882\" style=\"width: 1024px\" class=\"wp-caption alignnone\"><img loading=\"lazy\" decoding=\"async\" class=\"wp-image-17882\" src=\"https:\/\/meterny.com\/wp-content\/uploads\/2024\/10\/yangguanfang\u4e3b-1.jpg\" alt=\"Aluminiumrahmen Glas Wintergarten Sonnenzimmer\" width=\"1024\" height=\"1024\" srcset=\"https:\/\/meterny.com\/wp-content\/uploads\/2024\/10\/yangguanfang\u4e3b-1.jpg 800w, https:\/\/meterny.com\/wp-content\/uploads\/2024\/10\/yangguanfang\u4e3b-1-300x300.jpg 300w, https:\/\/meterny.com\/wp-content\/uploads\/2024\/10\/yangguanfang\u4e3b-1-150x150.jpg 150w, https:\/\/meterny.com\/wp-content\/uploads\/2024\/10\/yangguanfang\u4e3b-1-768x768.jpg 768w, https:\/\/meterny.com\/wp-content\/uploads\/2024\/10\/yangguanfang\u4e3b-1-600x600.jpg 600w, https:\/\/meterny.com\/wp-content\/uploads\/2024\/10\/yangguanfang\u4e3b-1-100x100.jpg 100w\" sizes=\"auto, (max-width: 1024px) 100vw, 1024px\" \/><figcaption id=\"caption-attachment-17882\" class=\"wp-caption-text\">Rustikaler brauner Sonnenraum: Ruhe aus der Natur holen<\/figcaption><\/figure>\n<h4><strong>Produkt-Einf\u00fchrung<\/strong><\/h4>\n<p id=\"\">Willkommen in unserem Wintergarten mit Aluminiumrahmen und Glas, in dem Komfort, Eleganz und Funktionalit\u00e4t zusammenkommen. Dieser mit Pr\u00e4zision gefertigte und auf Langlebigkeit ausgelegte Wintergarten verwandelt Ihren Au\u00dfenbereich in einen luxuri\u00f6sen, ganzj\u00e4hrig bewohnbaren Bereich. Ideal f\u00fcr Wohn- und Gewerbeimmobilien, bietet unser Wintergarten eine perfekte Mischung aus nat\u00fcrlichem Licht, W\u00e4rme und Schutz vor den Elementen.<\/p>\n<hr \/>\n<h4><strong>Hauptmerkmale der Aluminiumrahmen Glas Wintergarten Sonnenzimmer<\/strong><\/h4>\n<ol>\n<li><strong>Aluminium Rahmen<\/strong>:\n<ul>\n<li>Hergestellt aus einer hochwertigen Aluminiumlegierung, die robuste St\u00e4rke und Korrosionsbest\u00e4ndigkeit bietet.<\/li>\n<li>Das schlichte und moderne Design passt zu jedem Haus oder Gesch\u00e4ft.<\/li>\n<li>Leicht und dennoch robust, f\u00fcr eine einfache Installation und lange Haltbarkeit.<\/li>\n<\/ul>\n<\/li>\n<li><strong>Glaspaneele<\/strong>:\n<ul>\n<li>Doppelt oder dreifach verglastes Glas f\u00fcr hervorragende Isolierung und L\u00e4rmreduzierung.<\/li>\n<li>Bietet einen klaren, ungehinderten Blick auf Ihre Umgebung.<\/li>\n<li>Leicht zu reinigen und zu pflegen, damit Ihr Wintergarten das ganze Jahr \u00fcber makellos aussieht.<\/li>\n<\/ul>\n<\/li>\n<li><strong>Anpassbares Design<\/strong>:\n<ul>\n<li>W\u00e4hlen Sie aus einer Vielzahl von Rahmenfarben, Glastypen und Konfigurationen, die Ihren individuellen Bed\u00fcrfnissen entsprechen.<\/li>\n<li>Option zum Hinzuf\u00fcgen von T\u00fcren, Fenstern und L\u00fcftungs\u00f6ffnungen f\u00fcr zus\u00e4tzliche Bel\u00fcftung und Zug\u00e4nglichkeit.<\/li>\n<li>Ma\u00dfgeschneidert f\u00fcr jede Raumgr\u00f6\u00dfe und -form, so dass er sich nahtlos in Ihre Immobilie einf\u00fcgt.<\/li>\n<\/ul>\n<\/li>\n<li><strong>Energie-Effizienz<\/strong>:\n<ul>\n<li>Entwickelt mit thermischer Unterbrechungstechnologie, um die W\u00e4rme\u00fcbertragung zu minimieren.<\/li>\n<li>Low-E-Glasbeschichtungen reduzieren die UV-Strahlung und sorgen f\u00fcr eine angenehme Raumtemperatur.<\/li>\n<li>Ideal f\u00fcr alle Jahreszeiten, damit Ihr Sonnenzimmer im Winter gem\u00fctlich und im Sommer k\u00fchl bleibt.<\/li>\n<\/ul>\n<\/li>\n<\/ol>\n<hr \/>\n<h4><strong>Vorteile von Aluminiumrahmen Glas Wintergarten Sonnenzimmer<\/strong><\/h4>\n<ul>\n<li><strong>Erweiterter Lebensraum<\/strong>: Schaffen Sie einen vielseitigen Wohnbereich, in dem Sie essen, sich entspannen oder G\u00e4ste empfangen k\u00f6nnen.<\/li>\n<li><strong>Nat\u00fcrliches Licht<\/strong>: Maximieren Sie das nat\u00fcrliche Licht, um das Ambiente Ihrer Wohnung zu verbessern und Ihre Stimmung zu heben.<\/li>\n<li><strong>Ganzj\u00e4hrige Nutzung<\/strong>: Gesch\u00fctzt vor Regen, Schnee und Wind, k\u00f6nnen Sie Ihren Wintergarten das ganze Jahr \u00fcber genie\u00dfen.<\/li>\n<li><strong>Gesteigerter Immobilienwert<\/strong>: Sie werten Ihre Immobilie \u00e4sthetisch und funktional auf und steigern ihren Gesamtwert.<\/li>\n<\/ul>\n<hr \/>\n<h4><strong>Anpassungsoptionen<\/strong><\/h4>\n<ul>\n<li><strong>Rahmen Farben<\/strong>: W\u00e4hlen Sie aus einer Reihe von beliebten Farben, die zur Au\u00dfengestaltung Ihres Hauses passen.<\/li>\n<li><strong>Glasarten<\/strong>: Zu den Optionen geh\u00f6ren klares, get\u00f6ntes, mattiertes und strukturiertes Glas.<\/li>\n<li><strong>Zus\u00e4tzliche Merkmale<\/strong>: Mit Markisen, Schirmen, Heizsystemen und Beleuchtung k\u00f6nnen Sie Ihren Wintergarten weiter aufwerten.<\/li>\n<\/ul>\n<hr \/>\n<h4><strong>Installation und Wartung<\/strong><\/h4>\n<ul>\n<li><strong>Professionelle Installation<\/strong>: Unser Expertenteam sorgt f\u00fcr einen reibungslosen Installationsprozess mit minimaler Unterbrechung Ihrer t\u00e4glichen Routine.<\/li>\n<li><strong>Einfache Wartung<\/strong>: Regelm\u00e4\u00dfige Reinigung mit milder Seife und Wasser sorgt daf\u00fcr, dass Ihr Wintergarten immer gut aussieht.<\/li>\n<li><strong>Garantie<\/strong>: Wir bieten eine umfassende Garantie, um eventuelle Herstellungsfehler abzudecken und Ihre Zufriedenheit sicherzustellen.<\/li>\n<\/ul>\n<h3>Mehr Designs<\/h3>\n<figure id=\"attachment_17691\" aria-describedby=\"caption-attachment-17691\" style=\"width: 1200px\" class=\"wp-caption alignnone\"><img loading=\"lazy\" decoding=\"async\" class=\"size-full wp-image-17691\" src=\"https:\/\/meterny.com\/wp-content\/uploads\/2024\/10\/\u4e0b\u8f7d-23.jpg\" alt=\"Mehrfarbige Aluminium-Sonnenzimmer Stile stilvolle Sonnenzimmer L\u00f6sungen\" width=\"1200\" height=\"1200\" srcset=\"https:\/\/meterny.com\/wp-content\/uploads\/2024\/10\/\u4e0b\u8f7d-23.jpg 1200w, https:\/\/meterny.com\/wp-content\/uploads\/2024\/10\/\u4e0b\u8f7d-23-300x300.jpg 300w, https:\/\/meterny.com\/wp-content\/uploads\/2024\/10\/\u4e0b\u8f7d-23-1024x1024.jpg 1024w, https:\/\/meterny.com\/wp-content\/uploads\/2024\/10\/\u4e0b\u8f7d-23-150x150.jpg 150w, https:\/\/meterny.com\/wp-content\/uploads\/2024\/10\/\u4e0b\u8f7d-23-768x768.jpg 768w, https:\/\/meterny.com\/wp-content\/uploads\/2024\/10\/\u4e0b\u8f7d-23-600x600.jpg 600w, https:\/\/meterny.com\/wp-content\/uploads\/2024\/10\/\u4e0b\u8f7d-23-100x100.jpg 100w\" sizes=\"auto, (max-width: 1200px) 100vw, 1200px\" \/><figcaption id=\"caption-attachment-17691\" class=\"wp-caption-text\">Ein Kaleidoskop von Wintergarten-Designs: W\u00e4hlen Sie Ihr perfektes Design<\/figcaption><\/figure>\n<p>Aluminiumrahmen Glas Wintergarten Sonnenzimmer<\/p>\n<h3>Wenn Sie weitere Einzelheiten erfahren m\u00f6chten, klicken Sie bitte auf diesen Link zu youtube:<a href=\"https:\/\/youtu.be\/J8DMrYIno6U\" target=\"_blank\" rel=\"noopener\">https:\/\/youtu.be\/J8DMrYIno6U<\/a><\/h3>\n<figure id=\"attachment_16950\" aria-describedby=\"caption-attachment-16950\" style=\"width: 1024px\" class=\"wp-caption alignnone\"><img loading=\"lazy\" decoding=\"async\" class=\"wp-image-16950\" src=\"https:\/\/meterny.com\/wp-content\/uploads\/2024\/09\/About-Meterny@3x.png\" alt=\"Meterny&#039;s Aluminium-Pergola Vergleich mit anderen Pergolen\" width=\"1024\" height=\"1447\" srcset=\"https:\/\/meterny.com\/wp-content\/uploads\/2024\/09\/About-Meterny@3x.png 1787w, https:\/\/meterny.com\/wp-content\/uploads\/2024\/09\/About-Meterny@3x-212x300.png 212w, https:\/\/meterny.com\/wp-content\/uploads\/2024\/09\/About-Meterny@3x-724x1024.png 724w, https:\/\/meterny.com\/wp-content\/uploads\/2024\/09\/About-Meterny@3x-768x1086.png 768w, https:\/\/meterny.com\/wp-content\/uploads\/2024\/09\/About-Meterny@3x-1087x1536.png 1087w, https:\/\/meterny.com\/wp-content\/uploads\/2024\/09\/About-Meterny@3x-1449x2048.png 1449w, https:\/\/meterny.com\/wp-content\/uploads\/2024\/09\/About-Meterny@3x-600x848.png 600w\" sizes=\"auto, (max-width: 1024px) 100vw, 1024px\" \/><figcaption id=\"caption-attachment-16950\" class=\"wp-caption-text\">Meterny-Pergolen im Vergleich zu herk\u00f6mmlichen Pergolen: \u00dcberlegene Eigenschaften<\/figcaption><\/figure>\n<h3>Kurze Beschreibung von Aluminum Frame Glass Winter Garden Sunroom<\/h3>\n<p><strong>Aluminiumrahmen Glas Wintergarten Sonnenzimmer<\/strong>: Eine elegante und langlebige Erweiterung Ihres Wohnraums mit robusten Aluminiumrahmen und gro\u00dfz\u00fcgigen Glasfl\u00e4chen, die viel nat\u00fcrliches Licht hereinlassen. Perfekt f\u00fcr das ganze Jahr \u00fcber, bietet dieser Wintergarten W\u00e4rme, Komfort und eine nahtlose Verbindung zum Freien.<\/p>\n<p>&nbsp;<\/p>\n<figure id=\"attachment_16952\" aria-describedby=\"caption-attachment-16952\" style=\"width: 1024px\" class=\"wp-caption alignnone\"><img loading=\"lazy\" decoding=\"async\" class=\"wp-image-16952\" src=\"https:\/\/meterny.com\/wp-content\/uploads\/2024\/09\/\u5fae\u4fe1\u56fe\u7247_20241006211816.png\" alt=\"Meterny&#039;s Aluminium Pergola Wasser Leckage Pr\u00e4vention Design\" width=\"1024\" height=\"1403\" srcset=\"https:\/\/meterny.com\/wp-content\/uploads\/2024\/09\/\u5fae\u4fe1\u56fe\u7247_20241006211816.png 888w, https:\/\/meterny.com\/wp-content\/uploads\/2024\/09\/\u5fae\u4fe1\u56fe\u7247_20241006211816-219x300.png 219w, https:\/\/meterny.com\/wp-content\/uploads\/2024\/09\/\u5fae\u4fe1\u56fe\u7247_20241006211816-747x1024.png 747w, https:\/\/meterny.com\/wp-content\/uploads\/2024\/09\/\u5fae\u4fe1\u56fe\u7247_20241006211816-768x1053.png 768w, https:\/\/meterny.com\/wp-content\/uploads\/2024\/09\/\u5fae\u4fe1\u56fe\u7247_20241006211816-600x822.png 600w\" sizes=\"auto, (max-width: 1024px) 100vw, 1024px\" \/><figcaption id=\"caption-attachment-16952\" class=\"wp-caption-text\">Das innovative Design von Meterny zur Verhinderung von Wasserlecks<\/figcaption><\/figure>\n<p>&nbsp;<\/p>\n<figure id=\"attachment_16951\" aria-describedby=\"caption-attachment-16951\" style=\"width: 1024px\" class=\"wp-caption alignnone\"><img loading=\"lazy\" decoding=\"async\" class=\"wp-image-16951\" src=\"https:\/\/meterny.com\/wp-content\/uploads\/2024\/09\/\u753b\u677f-16@3x.png\" alt=\"Meterny&#039;s Aluminum Pergola exklusives Patent Design\" width=\"1024\" height=\"1448\" srcset=\"https:\/\/meterny.com\/wp-content\/uploads\/2024\/09\/\u753b\u677f-16@3x.png 1787w, https:\/\/meterny.com\/wp-content\/uploads\/2024\/09\/\u753b\u677f-16@3x-212x300.png 212w, https:\/\/meterny.com\/wp-content\/uploads\/2024\/09\/\u753b\u677f-16@3x-724x1024.png 724w, https:\/\/meterny.com\/wp-content\/uploads\/2024\/09\/\u753b\u677f-16@3x-768x1086.png 768w, https:\/\/meterny.com\/wp-content\/uploads\/2024\/09\/\u753b\u677f-16@3x-1086x1536.png 1086w, https:\/\/meterny.com\/wp-content\/uploads\/2024\/09\/\u753b\u677f-16@3x-1448x2048.png 1448w, https:\/\/meterny.com\/wp-content\/uploads\/2024\/09\/\u753b\u677f-16@3x-600x848.png 600w\" sizes=\"auto, (max-width: 1024px) 100vw, 1024px\" \/><figcaption id=\"caption-attachment-16951\" class=\"wp-caption-text\">Das patentierte Design von Meterny: Eine Pergola wie keine andere<\/figcaption><\/figure>\n<h3>Warum Meterny's Aluminiumrahmen Glas Wintergarten Sonnenzimmer w\u00e4hlen?<\/h3>\n<p id=\"\">Die Entscheidung f\u00fcr den Wintergarten mit Aluminiumrahmen von Meterny bietet eine Vielzahl von \u00fcberzeugenden Gr\u00fcnden, die ihn zu einer hervorragenden Wahl f\u00fcr alle machen, die ihren Lebensraum mit Eleganz, Haltbarkeit und Funktionalit\u00e4t erweitern m\u00f6chten. Hier sind einige der wichtigsten Vorteile:<\/p>\n<ol>\n<li><strong>Unerreichte Qualit\u00e4t und Handwerkskunst<\/strong>:\n<ul>\n<li>Die Sonnenstudios von Meterny werden unter Verwendung hochwertiger Materialien und modernster Fertigungstechniken hergestellt. Die Aluminiumrahmen sind robust, korrosionsbest\u00e4ndig und so konzipiert, dass sie den Elementen standhalten und eine lange Lebensdauer gew\u00e4hrleisten.<\/li>\n<\/ul>\n<\/li>\n<li><strong>Anpassbare Designoptionen<\/strong>:\n<ul>\n<li>Meterny bietet eine breite Palette von Anpassungsm\u00f6glichkeiten, um Ihren individuellen Vorlieben und Bed\u00fcrfnissen gerecht zu werden. Von verschiedenen Rahmenfarben und Glastypen bis hin zu optionalen Ausstattungsmerkmalen wie T\u00fcren, Fenstern und Bel\u00fcftungs\u00f6ffnungen k\u00f6nnen Sie Ihren Wintergarten perfekt an Ihre Immobilie und Ihren Lebensstil anpassen.<\/li>\n<\/ul>\n<\/li>\n<li><strong>Optimale Energie-Effizienz<\/strong>:\n<ul>\n<li>Bei der Konstruktion unserer Sonnenstudios steht die Energieeffizienz im Vordergrund. Merkmale wie Doppel- oder Dreifachverglasung, W\u00e4rmeschutztechnologie und Low-E-Glasbeschichtungen sorgen daf\u00fcr, dass Ihr Wintergarten das ganze Jahr \u00fcber komfortabel bleibt, und reduzieren die Energiekosten und Ihren CO2-Fu\u00dfabdruck.<\/li>\n<\/ul>\n<\/li>\n<li><strong>Nat\u00fcrliches Licht und Ausblicke<\/strong>:\n<ul>\n<li>Die gro\u00dfen Glasfl\u00e4chen lassen eine F\u00fclle von nat\u00fcrlichem Licht in Ihren Wintergarten str\u00f6men, was das Ambiente verbessert und Ihre Stimmung hebt. Der ungehinderte Blick auf Ihre Au\u00dfenumgebung schafft eine nahtlose Verbindung zwischen drinnen und drau\u00dfen.<\/li>\n<\/ul>\n<\/li>\n<li><strong>Ganzj\u00e4hriges Vergn\u00fcgen<\/strong>:\n<ul>\n<li>Die Sonnenzimmer von Meterny sind so konzipiert, dass sie das ganze Jahr \u00fcber genutzt werden k\u00f6nnen. Gesch\u00fctzt vor Regen, Schnee und Wind, k\u00f6nnen Sie sich in Ihrem Wintergarten entspannen, unterhalten oder speisen, unabh\u00e4ngig vom Wetter drau\u00dfen.<\/li>\n<\/ul>\n<\/li>\n<li><strong>Professionelle Installation<\/strong>:\n<ul>\n<li>Unser Team aus hochqualifizierten und erfahrenen Monteuren sorgt f\u00fcr einen reibungslosen Installationsprozess. Wir achten darauf, dass Ihr Tagesablauf so wenig wie m\u00f6glich gest\u00f6rt wird und garantieren eine perfekte Passform f\u00fcr Ihren Wintergarten.<\/li>\n<\/ul>\n<\/li>\n<li><strong>Umfassende Garantie<\/strong>:\n<ul>\n<li>Meterny bietet eine umfassende Garantie, die eventuelle Herstellungsfehler abdeckt. Das gibt Ihnen Sicherheit und gew\u00e4hrleistet, dass Sie mit Ihrem Sonnenzimmer zufrieden sind.<\/li>\n<\/ul>\n<\/li>\n<li><strong>Gesteigerter Immobilienwert<\/strong>:\n<ul>\n<li>Der Einbau eines Meterny-Sonnenzimmers in Ihre Immobilie bedeutet nicht nur eine Aufwertung Ihres Wohnraums, sondern auch eine Steigerung des Gesamtwerts. Die \u00e4sthetische Anziehungskraft und die funktionale Vielseitigkeit unserer Sonnenzimmer machen sie zu einer wertvollen Erg\u00e4nzung f\u00fcr Wohn- und Gewerbeimmobilien.<\/li>\n<\/ul>\n<\/li>\n<li><strong>Au\u00dfergew\u00f6hnlicher Kundenservice<\/strong>:\n<ul>\n<li>Wir von Meterny sind stolz darauf, einen au\u00dfergew\u00f6hnlichen Kundenservice zu bieten. Unsere Designexperten stehen Ihnen bei jedem Schritt zur Seite, von der ersten Beratung bis zur Installation und dar\u00fcber hinaus, um sicherzustellen, dass Ihr Sonnenzimmer Ihre Erwartungen erf\u00fcllt und \u00fcbertrifft.<\/li>\n<\/ul>\n<\/li>\n<\/ol>","protected":false},"excerpt":{"rendered":"<p>Schaffen Sie sich einen stilvollen und wetterfesten R\u00fcckzugsort im Freien mit dem wasserdichten Pavillon aus Aluminium, der elegantes Design mit dauerhafter Leistung kombiniert.<\/p>","protected":false},"featured_media":17882,"comment_status":"open","ping_status":"closed","template":"","meta":{"_uag_custom_page_level_css":"","site-sidebar-layout":"default","site-content-layout":"","ast-site-content-layout":"default","site-content-style":"default","site-sidebar-style":"default","ast-global-header-display":"","ast-banner-title-visibility":"","ast-main-header-display":"","ast-hfb-above-header-display":"","ast-hfb-below-header-display":"","ast-hfb-mobile-header-display":"","site-post-title":"","ast-breadcrumbs-content":"","ast-featured-img":"","footer-sml-layout":"","theme-transparent-header-meta":"default","adv-header-id-meta":"","stick-header-meta":"default","header-above-stick-meta":"","header-main-stick-meta":"","header-below-stick-meta":"","astra-migrate-meta-layouts":"set","ast-page-background-enabled":"default","ast-page-background-meta":{"desktop":{"background-color":"var(--ast-global-color-4)","background-image":"","background-repeat":"repeat","background-position":"center center","background-size":"auto","background-attachment":"scroll","background-type":"","background-media":"","overlay-type":"","overlay-color":"","overlay-opacity":"","overlay-gradient":""},"tablet":{"background-color":"","background-image":"","background-repeat":"repeat","background-position":"center center","background-size":"auto","background-attachment":"scroll","background-type":"","background-media":"","overlay-type":"","overlay-color":"","overlay-opacity":"","overlay-gradient":""},"mobile":{"background-color":"","background-image":"","background-repeat":"repeat","background-position":"center center","background-size":"auto","background-attachment":"scroll","background-type":"","background-media":"","overlay-type":"","overlay-color":"","overlay-opacity":"","overlay-gradient":""}},"ast-content-background-meta":{"desktop":{"background-color":"var(--ast-global-color-5)","background-image":"","background-repeat":"repeat","background-position":"center center","background-size":"auto","background-attachment":"scroll","background-type":"","background-media":"","overlay-type":"","overlay-color":"","overlay-opacity":"","overlay-gradient":""},"tablet":{"background-color":"var(--ast-global-color-5)","background-image":"","background-repeat":"repeat","background-position":"center center","background-size":"auto","background-attachment":"scroll","background-type":"","background-media":"","overlay-type":"","overlay-color":"","overlay-opacity":"","overlay-gradient":""},"mobile":{"background-color":"var(--ast-global-color-5)","background-image":"","background-repeat":"repeat","background-position":"center center","background-size":"auto","background-attachment":"scroll","background-type":"","background-media":"","overlay-type":"","overlay-color":"","overlay-opacity":"","overlay-gradient":""}}},"product_brand":[],"product_cat":[18],"product_tag":[219,217,218,216],"class_list":{"0":"post-17887","1":"product","2":"type-product","3":"status-publish","4":"has-post-thumbnail","6":"product_cat-uncategorized","7":"product_tag-aluminum-metal-waterproof-pergola","8":"product_tag-aluminum-pavilion","9":"product_tag-metal-pavilion","10":"product_tag-waterproof-pavilion","11":"desktop-align-center","12":"tablet-align-left","13":"mobile-align-left","14":"ast-product-gallery-layout-horizontal-slider","15":"ast-product-single-variable","16":"ast-product-tabs-layout-vertical","18":"first","19":"instock","20":"shipping-taxable","21":"product-type-variable"},"uagb_featured_image_src":{"full":["https:\/\/meterny.com\/wp-content\/uploads\/2024\/10\/yangguanfang\u4e3b-1.jpg",800,800,false],"thumbnail":["https:\/\/meterny.com\/wp-content\/uploads\/2024\/10\/yangguanfang\u4e3b-1-150x150.jpg",150,150,true],"medium":["https:\/\/meterny.com\/wp-content\/uploads\/2024\/10\/yangguanfang\u4e3b-1-300x300.jpg",300,300,true],"medium_large":["https:\/\/meterny.com\/wp-content\/uploads\/2024\/10\/yangguanfang\u4e3b-1-768x768.jpg",768,768,true],"large":["https:\/\/meterny.com\/wp-content\/uploads\/2024\/10\/yangguanfang\u4e3b-1.jpg",800,800,false],"1536x1536":["https:\/\/meterny.com\/wp-content\/uploads\/2024\/10\/yangguanfang\u4e3b-1.jpg",800,800,false],"2048x2048":["https:\/\/meterny.com\/wp-content\/uploads\/2024\/10\/yangguanfang\u4e3b-1.jpg",800,800,false],"trp-custom-language-flag":["https:\/\/meterny.com\/wp-content\/uploads\/2024\/10\/yangguanfang\u4e3b-1.jpg",12,12,false],"woocommerce_thumbnail":["https:\/\/meterny.com\/wp-content\/uploads\/2024\/10\/yangguanfang\u4e3b-1-300x300.jpg",300,300,true],"woocommerce_single":["https:\/\/meterny.com\/wp-content\/uploads\/2024\/10\/yangguanfang\u4e3b-1-600x600.jpg",600,600,true],"woocommerce_gallery_thumbnail":["https:\/\/meterny.com\/wp-content\/uploads\/2024\/10\/yangguanfang\u4e3b-1-100x100.jpg",100,100,true]},"uagb_author_info":{"display_name":"meterny","author_link":"https:\/\/meterny.com\/de\/author\/"},"uagb_comment_info":0,"uagb_excerpt":"Create a stylish and weather-resistant outdoor haven with the Aluminum Metal Waterproof Pavilion, combining sleek design with durable performance.","_links":{"self":[{"href":"https:\/\/meterny.com\/de\/wp-json\/wp\/v2\/product\/17887","targetHints":{"allow":["GET"]}}],"collection":[{"href":"https:\/\/meterny.com\/de\/wp-json\/wp\/v2\/product"}],"about":[{"href":"https:\/\/meterny.com\/de\/wp-json\/wp\/v2\/types\/product"}],"replies":[{"embeddable":true,"href":"https:\/\/meterny.com\/de\/wp-json\/wp\/v2\/comments?post=17887"}],"wp:featuredmedia":[{"embeddable":true,"href":"https:\/\/meterny.com\/de\/wp-json\/wp\/v2\/media\/17882"}],"wp:attachment":[{"href":"https:\/\/meterny.com\/de\/wp-json\/wp\/v2\/media?parent=17887"}],"wp:term":[{"taxonomy":"product_brand","embeddable":true,"href":"https:\/\/meterny.com\/de\/wp-json\/wp\/v2\/product_brand?post=17887"},{"taxonomy":"product_cat","embeddable":true,"href":"https:\/\/meterny.com\/de\/wp-json\/wp\/v2\/product_cat?post=17887"},{"taxonomy":"product_tag","embeddable":true,"href":"https:\/\/meterny.com\/de\/wp-json\/wp\/v2\/product_tag?post=17887"}],"curies":[{"name":"wp","href":"https:\/\/api.w.org\/{rel}","templated":true}]}}