{"id":18032,"date":"2024-10-10T12:31:08","date_gmt":"2024-10-10T12:31:08","guid":{"rendered":"https:\/\/meterny.com\/?post_type=product&#038;p=18032"},"modified":"2025-01-18T12:59:34","modified_gmt":"2025-01-18T12:59:34","slug":"motorized-aluminum-louver-pergola","status":"publish","type":"product","link":"https:\/\/meterny.com\/de\/produkt\/motorized-aluminum-louver-pergola\/","title":{"rendered":"Motorisierte Aluminium-Lamellen-Pergola Aluminium-Pergola-Bausatz 3\u00d73 Pergola im Freien Aluminium-Pavillon Gazebo"},"content":{"rendered":"<h2 style=\"text-align: center;\">Motorisierte Aluminium-Lamellen-Pergola Aluminium-Pergola-Bausatz 3\u00d73 Pergola Aluminium Outdoor<\/h2>\n<p><strong>Typ<\/strong>: Motorisierte Aluminium Jalousie Pergola Aluminium Pergola Kit 3\u00d73 Pergola Aluminium Outdoor<\/p>\n<p><strong>Gr\u00f6\u00dfe<\/strong>: angepasst<\/p>\n<p><strong>Oberfl\u00e4che<\/strong>: kundenspezifische Beschichtung\/ Lackierung<\/p>\n<p><strong>Farbe<\/strong>: angepasst<\/p>\n<p><strong>L\u00e4nge<\/strong>: Ma\u00dfgeschneidert<\/p>\n<p><strong>Material<\/strong>: Hochwertige Aluminium-Legierung<\/p>\n<p><strong>Produkt-Technologie<\/strong>: Meterny AquaGuard Anti-Leck-System<\/p>\n<figure id=\"attachment_20516\" aria-describedby=\"caption-attachment-20516\" style=\"width: 1024px\" class=\"wp-caption alignnone\"><img loading=\"lazy\" decoding=\"async\" class=\"wp-image-20516\" src=\"https:\/\/meterny.com\/wp-content\/uploads\/2024\/10\/8-2ZHU.jpg\" alt=\"Motorisierte Aluminium-Lamellen-Pergola\" width=\"1024\" height=\"1024\" srcset=\"https:\/\/meterny.com\/wp-content\/uploads\/2024\/10\/8-2ZHU.jpg 800w, https:\/\/meterny.com\/wp-content\/uploads\/2024\/10\/8-2ZHU-300x300.jpg 300w, https:\/\/meterny.com\/wp-content\/uploads\/2024\/10\/8-2ZHU-150x150.jpg 150w, https:\/\/meterny.com\/wp-content\/uploads\/2024\/10\/8-2ZHU-768x768.jpg 768w, https:\/\/meterny.com\/wp-content\/uploads\/2024\/10\/8-2ZHU-600x600.jpg 600w, https:\/\/meterny.com\/wp-content\/uploads\/2024\/10\/8-2ZHU-100x100.jpg 100w\" sizes=\"auto, (max-width: 1024px) 100vw, 1024px\" \/><figcaption id=\"caption-attachment-20516\" class=\"wp-caption-text\">Pergola aus schwarzem Aluminium: Modernit\u00e4t f\u00fcr den Au\u00dfenbereich<\/figcaption><\/figure>\n<h3><strong>\u00dcbersicht<\/strong><\/h3>\n<p id=\"\">Willkommen bei unserer motorisierten Aluminium-Lamellen-Pergola, der ultimativen L\u00f6sung f\u00fcr die Schaffung eines stilvollen, funktionalen und komfortablen Lebensraums im Freien. Diese aus einer hochwertigen Aluminiumlegierung gefertigte Pergola verf\u00fcgt \u00fcber motorisierte Lamellen, mit denen Sie die Beschattung und Bel\u00fcftung m\u00fchelos einstellen k\u00f6nnen, um die perfekte Umgebung f\u00fcr jede Gelegenheit zu schaffen.<\/p>\n<h3><strong>Wesentliche Merkmale<\/strong><\/h3>\n<p id=\"\"><strong>1. Motorisierte Jalousien<\/strong><\/p>\n<ul>\n<li>Dank des eingebauten Motorsystems lassen sich die Lamellen mit einem Knopfdruck verstellen.<\/li>\n<li>Passen Sie die Beschattung und Bel\u00fcftung an Ihre Bed\u00fcrfnisse und Wetterbedingungen an.<\/li>\n<li>Genie\u00dfen Sie die nahtlose Steuerung per Fernbedienung oder Smartphone-App.<\/li>\n<\/ul>\n<p id=\"\"><strong>2. Hochwertige Aluminiumlegierung<\/strong><\/p>\n<ul>\n<li>Gefertigt aus einer langlebigen, leichten und korrosionsbest\u00e4ndigen Aluminiumlegierung.<\/li>\n<li>Entwickelt, um extremen Witterungsbedingungen standzuhalten und eine lang anhaltende Leistung zu gew\u00e4hrleisten.<\/li>\n<li>Der Wartungsaufwand ist minimal, eine routinem\u00e4\u00dfige Reinigung reicht aus, um es wie neu aussehen zu lassen.<\/li>\n<\/ul>\n<p id=\"\"><strong>3. Modernes Design<\/strong><\/p>\n<ul>\n<li>Die elegante und moderne \u00c4sthetik erg\u00e4nzt jeden Au\u00dfenbereich.<\/li>\n<li>Erh\u00e4ltlich in einer Reihe von Farben und Ausf\u00fchrungen, die Ihrem pers\u00f6nlichen Stil und Ihren architektonischen Vorlieben entsprechen.<\/li>\n<li>Verbessern Sie die \u00c4sthetik Ihres Gartens, Ihrer Terrasse, Ihres Balkons oder Ihrer Veranda.<\/li>\n<\/ul>\n<p id=\"\"><strong>4. Anpassbare Optionen<\/strong><\/p>\n<ul>\n<li>W\u00e4hlen Sie aus verschiedenen Gr\u00f6\u00dfen und Konfigurationen, um Ihren speziellen Au\u00dfenbereich zu gestalten.<\/li>\n<li>Entscheiden Sie sich f\u00fcr einen elektrischen oder manuellen Betrieb, je nach Ihren Vorlieben und Ihrem Budget.<\/li>\n<li>F\u00fcgen Sie zus\u00e4tzliche Funktionen wie Beleuchtung, Heizung oder Beschallung hinzu und schaffen Sie so ein ganz individuelles Wohnerlebnis im Freien.<\/li>\n<\/ul>\n<p id=\"\"><strong>5. Einfache Installation und Wartung<\/strong><\/p>\n<ul>\n<li>Entwickelt f\u00fcr eine einfache Installation, mit klaren Anweisungen und Unterst\u00fctzung durch unser professionelles Team.<\/li>\n<li>Die routinem\u00e4\u00dfige Wartung ist einfach und erfordert nur eine regelm\u00e4\u00dfige Reinigung und Inspektion.<\/li>\n<li>Genie\u00dfen Sie die Sicherheit unserer umfassenden Garantie und unseres Kundensupports.<\/li>\n<\/ul>\n<h3><strong>Vorteile<\/strong><\/h3>\n<ul>\n<li><strong>Komfort<\/strong>: Schaffen Sie einen schattigen und bel\u00fcfteten Platz im Freien, der sich perfekt zum Entspannen, Unterhalten oder Essen eignet.<\/li>\n<li><strong>Vielseitigkeit<\/strong>: Geeignet f\u00fcr eine Vielzahl von Au\u00dfenbereichen, einschlie\u00dflich G\u00e4rten, Terrassen, Balkone und Innenh\u00f6fe.<\/li>\n<li><strong>Dauerhaftigkeit<\/strong>: Hochwertige Aluminiumlegierung sorgt f\u00fcr dauerhafte Leistung und Zuverl\u00e4ssigkeit.<\/li>\n<li><strong>\u00c4sthetik<\/strong>: Verbessern Sie das Aussehen und die Atmosph\u00e4re Ihres Au\u00dfenbereichs mit einem eleganten und modernen Design.<\/li>\n<li><strong>Preis-Leistungs-Verh\u00e4ltnis<\/strong>: Die Kombination aus hoher Qualit\u00e4t, Funktionalit\u00e4t und \u00c4sthetik bietet ein hervorragendes Preis-Leistungs-Verh\u00e4ltnis.<\/li>\n<\/ul>\n<h3><strong>Spezifikationen<\/strong><\/h3>\n<ul>\n<li><strong>Material<\/strong>: Hochwertige Aluminiumlegierung<\/li>\n<li><strong>Lamellengr\u00f6\u00dfe<\/strong>: Anpassbar (Standardgr\u00f6\u00dfen verf\u00fcgbar)<\/li>\n<li><strong>Betriebsart<\/strong>: Motorisiert (Steuerung per Fernbedienung oder Smartphone-App)<\/li>\n<li><strong>Farben und Verarbeitungen<\/strong>: Palette der verf\u00fcgbaren Optionen<\/li>\n<li><strong>Einrichtung<\/strong>: Einfach und unkompliziert mit professioneller Unterst\u00fctzung<\/li>\n<li><strong>Wartung<\/strong>: Minimal, routinem\u00e4\u00dfige Reinigung ausreichend<\/li>\n<li><strong>Garantie<\/strong>: Umfassende Garantie inbegriffen<\/li>\n<\/ul>\n<h3>Wenn Sie weitere Einzelheiten erfahren m\u00f6chten, klicken Sie bitte auf diesen Link zu youtube:<a href=\"https:\/\/youtu.be\/0FgHU_d-JLU\" target=\"_blank\" rel=\"noopener\">https:\/\/youtu.be\/0FgHU_d-JLU<\/a><\/h3>\n<p>&nbsp;<\/p>\n<h3><strong>Galerie<\/strong><\/h3>\n<figure id=\"attachment_18299\" aria-describedby=\"caption-attachment-18299\" style=\"width: 1024px\" class=\"wp-caption alignnone\"><img loading=\"lazy\" decoding=\"async\" class=\"wp-image-18299\" src=\"https:\/\/meterny.com\/wp-content\/uploads\/2024\/10\/6.png\" alt=\"3X3m Aluminium-Lamellen-Laube\" width=\"1024\" height=\"512\" srcset=\"https:\/\/meterny.com\/wp-content\/uploads\/2024\/10\/6.png 2560w, https:\/\/meterny.com\/wp-content\/uploads\/2024\/10\/6-300x150.png 300w, https:\/\/meterny.com\/wp-content\/uploads\/2024\/10\/6-1024x512.png 1024w, https:\/\/meterny.com\/wp-content\/uploads\/2024\/10\/6-768x384.png 768w, https:\/\/meterny.com\/wp-content\/uploads\/2024\/10\/6-1536x768.png 1536w, https:\/\/meterny.com\/wp-content\/uploads\/2024\/10\/6-2048x1024.png 2048w, https:\/\/meterny.com\/wp-content\/uploads\/2024\/10\/6-600x300.png 600w\" sizes=\"auto, (max-width: 1024px) 100vw, 1024px\" \/><figcaption id=\"caption-attachment-18299\" class=\"wp-caption-text\">Pergola aus schwarzem Aluminium: Ein k\u00fchnes Statement f\u00fcr Eleganz im Freien<\/figcaption><\/figure>\n<figure id=\"attachment_16950\" aria-describedby=\"caption-attachment-16950\" style=\"width: 1024px\" class=\"wp-caption alignnone\"><img loading=\"lazy\" decoding=\"async\" class=\"wp-image-16950\" src=\"https:\/\/meterny.com\/wp-content\/uploads\/2024\/09\/About-Meterny@3x.png\" alt=\"Meterny&#039;s Aluminium-Pergola Vergleich mit anderen Pergolen\" width=\"1024\" height=\"1447\" srcset=\"https:\/\/meterny.com\/wp-content\/uploads\/2024\/09\/About-Meterny@3x.png 1787w, https:\/\/meterny.com\/wp-content\/uploads\/2024\/09\/About-Meterny@3x-212x300.png 212w, https:\/\/meterny.com\/wp-content\/uploads\/2024\/09\/About-Meterny@3x-724x1024.png 724w, https:\/\/meterny.com\/wp-content\/uploads\/2024\/09\/About-Meterny@3x-768x1086.png 768w, https:\/\/meterny.com\/wp-content\/uploads\/2024\/09\/About-Meterny@3x-1087x1536.png 1087w, https:\/\/meterny.com\/wp-content\/uploads\/2024\/09\/About-Meterny@3x-1449x2048.png 1449w, https:\/\/meterny.com\/wp-content\/uploads\/2024\/09\/About-Meterny@3x-600x848.png 600w\" sizes=\"auto, (max-width: 1024px) 100vw, 1024px\" \/><figcaption id=\"caption-attachment-16950\" class=\"wp-caption-text\">Meterny-Pergolen im Vergleich zu herk\u00f6mmlichen Pergolen: \u00dcberlegene Eigenschaften<\/figcaption><\/figure>\n<p>Die motorisierte Aluminium-Lamellen-Pergola ist eine innovative Konstruktion f\u00fcr den Au\u00dfenbereich mit verstellbaren Lamellen, die durch einen Motor gesteuert werden. Sie ist aus hochwertigem Aluminium gefertigt und vereint Langlebigkeit und Eleganz. Mit der Fernbedienung oder App-Steuerung k\u00f6nnen die Nutzer die Lamellen m\u00fchelos einstellen, um die Beschattung und Bel\u00fcftung zu optimieren und so eine perfekte, auf ihre Bed\u00fcrfnisse zugeschnittene Au\u00dfenumgebung zu schaffen. Das schlichte Design passt zu jedem Au\u00dfenbereich und ist somit die ideale Wahl, um Ihr Outdoor-Wohngef\u00fchl zu verbessern.<\/p>\n<p>&nbsp;<\/p>\n<figure id=\"attachment_20288\" aria-describedby=\"caption-attachment-20288\" style=\"width: 1024px\" class=\"wp-caption alignnone\"><img loading=\"lazy\" decoding=\"async\" class=\"wp-image-20288\" src=\"https:\/\/meterny.com\/wp-content\/uploads\/2024\/10\/WPC-Colour-Card@3x.png\" alt=\"Meterny&#039;s Aluminium Pergola Wasser Leckage Pr\u00e4vention Design\" width=\"1024\" height=\"1024\" srcset=\"https:\/\/meterny.com\/wp-content\/uploads\/2024\/10\/WPC-Colour-Card@3x.png 800w, https:\/\/meterny.com\/wp-content\/uploads\/2024\/10\/WPC-Colour-Card@3x-300x300.png 300w, https:\/\/meterny.com\/wp-content\/uploads\/2024\/10\/WPC-Colour-Card@3x-150x150.png 150w, https:\/\/meterny.com\/wp-content\/uploads\/2024\/10\/WPC-Colour-Card@3x-768x768.png 768w, https:\/\/meterny.com\/wp-content\/uploads\/2024\/10\/WPC-Colour-Card@3x-600x600.png 600w, https:\/\/meterny.com\/wp-content\/uploads\/2024\/10\/WPC-Colour-Card@3x-100x100.png 100w\" sizes=\"auto, (max-width: 1024px) 100vw, 1024px\" \/><figcaption id=\"caption-attachment-20288\" class=\"wp-caption-text\">Das innovative Design von Meterny zur Verhinderung von Wasserlecks<\/figcaption><\/figure>\n<figure id=\"attachment_16951\" aria-describedby=\"caption-attachment-16951\" style=\"width: 1024px\" class=\"wp-caption alignnone\"><img loading=\"lazy\" decoding=\"async\" class=\"wp-image-16951\" src=\"https:\/\/meterny.com\/wp-content\/uploads\/2024\/09\/\u753b\u677f-16@3x.png\" alt=\"Meterny&#039;s Aluminum Pergola exklusives Patent Design\" width=\"1024\" height=\"1448\" srcset=\"https:\/\/meterny.com\/wp-content\/uploads\/2024\/09\/\u753b\u677f-16@3x.png 1787w, https:\/\/meterny.com\/wp-content\/uploads\/2024\/09\/\u753b\u677f-16@3x-212x300.png 212w, https:\/\/meterny.com\/wp-content\/uploads\/2024\/09\/\u753b\u677f-16@3x-724x1024.png 724w, https:\/\/meterny.com\/wp-content\/uploads\/2024\/09\/\u753b\u677f-16@3x-768x1086.png 768w, https:\/\/meterny.com\/wp-content\/uploads\/2024\/09\/\u753b\u677f-16@3x-1086x1536.png 1086w, https:\/\/meterny.com\/wp-content\/uploads\/2024\/09\/\u753b\u677f-16@3x-1448x2048.png 1448w, https:\/\/meterny.com\/wp-content\/uploads\/2024\/09\/\u753b\u677f-16@3x-600x848.png 600w\" sizes=\"auto, (max-width: 1024px) 100vw, 1024px\" \/><figcaption id=\"caption-attachment-16951\" class=\"wp-caption-text\">Das patentierte Design von Meterny: Eine Pergola wie keine andere<\/figcaption><\/figure>\n<h3>Warum die motorisierte Aluminium-Lamellen-Pergola Meterny w\u00e4hlen?<\/h3>\n<p id=\"\">Die Entscheidung f\u00fcr die motorisierte Aluminium-Lamellen-Pergola von Meterny ist eine Entscheidung, die Ihren Au\u00dfenbereich zu neuen H\u00f6hen erheben wird. Hier sind einige \u00fcberzeugende Gr\u00fcnde, unsere Pergola f\u00fcr Ihren Raum zu w\u00e4hlen:<\/p>\n<ol>\n<li><strong>Innovative motorisierte Technologie<\/strong>:\n<ul>\n<li>Unsere Pergola verf\u00fcgt \u00fcber ein hochmodernes motorisiertes System, mit dem Sie die Lamellen ganz einfach steuern k\u00f6nnen.<\/li>\n<li>Mit der Fernsteuerung oder der Smartphone-App k\u00f6nnen Sie die Beschattung und Bel\u00fcftung an Ihre Bed\u00fcrfnisse und Wetterbedingungen anpassen und auf Knopfdruck ein perfektes Au\u00dfenklima schaffen.<\/li>\n<\/ul>\n<\/li>\n<li><strong>Hochwertige Materialien<\/strong>:\n<ul>\n<li>Unsere aus einer hochwertigen Aluminiumlegierung gefertigte Pergola ist langlebig, leicht und korrosionsbest\u00e4ndig.<\/li>\n<li>Dies gew\u00e4hrleistet eine lang anhaltende Leistung und Zuverl\u00e4ssigkeit, selbst unter extremen Wetterbedingungen.<\/li>\n<\/ul>\n<\/li>\n<li><strong>Schlankes und modernes Design<\/strong>:\n<ul>\n<li>Die Pergola von Meterny besticht durch ihre schlichte und moderne \u00c4sthetik, die jeden Au\u00dfenbereich erg\u00e4nzt.<\/li>\n<li>Sie sind in einer Reihe von Farben und Ausf\u00fchrungen erh\u00e4ltlich, so dass Sie die perfekte Option f\u00fcr Ihren pers\u00f6nlichen Stil und Ihre architektonischen Vorlieben w\u00e4hlen k\u00f6nnen.<\/li>\n<\/ul>\n<\/li>\n<li><strong>Anpassbare Optionen<\/strong>:\n<ul>\n<li>Wir bieten Ihnen eine breite Palette von Optionen an, die Sie an Ihre speziellen Bed\u00fcrfnisse und Vorlieben anpassen k\u00f6nnen.<\/li>\n<li>W\u00e4hlen Sie aus verschiedenen Gr\u00f6\u00dfen, Konfigurationen und Zusatzausstattungen wie Beleuchtung, Heizung oder Beschallung, um ein ganz individuelles Outdoor-Erlebnis zu schaffen.<\/li>\n<\/ul>\n<\/li>\n<li><strong>Einfache Installation und Wartung<\/strong>:\n<ul>\n<li>Unsere Pergola ist so konzipiert, dass sie leicht zu montieren ist, mit klaren Anweisungen und Unterst\u00fctzung durch unser professionelles Team.<\/li>\n<li>Die routinem\u00e4\u00dfige Wartung ist einfach und erfordert nur eine regelm\u00e4\u00dfige Reinigung und Inspektion, damit das Ger\u00e4t wie neu aussieht.<\/li>\n<\/ul>\n<\/li>\n<li><strong>Au\u00dfergew\u00f6hnliches Preis-\/Leistungsverh\u00e4ltnis<\/strong>:\n<ul>\n<li>Mit der motorisierten Aluminium-Lamellen-Pergola von Meterny erhalten Sie eine Kombination aus hoher Qualit\u00e4t, Funktionalit\u00e4t und \u00c4sthetik zu einem au\u00dfergew\u00f6hnlichen Preis-Leistungs-Verh\u00e4ltnis.<\/li>\n<li>Unser Engagement f\u00fcr erstklassige Produkte und einen erstklassigen Kundendienst gew\u00e4hrleistet, dass Sie mit Ihrem Kauf \u00fcber Jahre hinweg zufrieden sein werden.<\/li>\n<\/ul>\n<\/li>\n<li><strong>Kundenorientierter Ansatz<\/strong>:\n<ul>\n<li>Die Zufriedenheit unserer Kunden hat f\u00fcr uns h\u00f6chste Priorit\u00e4t, und wir sind bestrebt, au\u00dfergew\u00f6hnlichen Service und Support zu bieten.<\/li>\n<li>Unser freundliches und sachkundiges Team steht Ihnen bei allen Fragen, Anpassungsm\u00f6glichkeiten und Hilfestellungen gerne zur Verf\u00fcgung.<\/li>\n<\/ul>\n<\/li>\n<\/ol>\n<p id=\"\">Zusammenfassend l\u00e4sst sich sagen, dass die motorisierte Aluminium-Lamellen-Pergola von Meterny die perfekte Wahl f\u00fcr alle ist, die einen stilvollen, funktionalen und komfortablen Lebensraum im Freien schaffen m\u00f6chten. Mit innovativer Technologie, hochwertigen Materialien, schlankem Design, anpassbaren Optionen und einem au\u00dfergew\u00f6hnlichen Preis-Leistungs-Verh\u00e4ltnis verwandelt unsere Pergola Ihren Au\u00dfenbereich in eine Oase der Entspannung und des Vergn\u00fcgens.<\/p>\n<h3><strong>Kontakt<\/strong><\/h3>\n<p id=\"\">F\u00fcr weitere Informationen, Preise und Anpassungsm\u00f6glichkeiten wenden Sie sich bitte an unser freundliches und fachkundiges Team. Wir sind hier, um Ihnen zu helfen, den perfekten Lebensraum im Freien mit unserer motorisierten Aluminium-Lamellen-Pergola zu schaffen.<\/p>","protected":false},"excerpt":{"rendered":"<p>Schaffen Sie sich einen stilvollen und wetterfesten R\u00fcckzugsort im Freien mit dem wasserdichten Pavillon aus Aluminium, der elegantes Design mit dauerhafter Leistung kombiniert.<\/p>","protected":false},"featured_media":20516,"comment_status":"open","ping_status":"closed","template":"","meta":{"_uag_custom_page_level_css":"","site-sidebar-layout":"default","site-content-layout":"","ast-site-content-layout":"default","site-content-style":"default","site-sidebar-style":"default","ast-global-header-display":"","ast-banner-title-visibility":"","ast-main-header-display":"","ast-hfb-above-header-display":"","ast-hfb-below-header-display":"","ast-hfb-mobile-header-display":"","site-post-title":"","ast-breadcrumbs-content":"","ast-featured-img":"","footer-sml-layout":"","theme-transparent-header-meta":"default","adv-header-id-meta":"","stick-header-meta":"default","header-above-stick-meta":"","header-main-stick-meta":"","header-below-stick-meta":"","astra-migrate-meta-layouts":"set","ast-page-background-enabled":"default","ast-page-background-meta":{"desktop":{"background-color":"var(--ast-global-color-4)","background-image":"","background-repeat":"repeat","background-position":"center center","background-size":"auto","background-attachment":"scroll","background-type":"","background-media":"","overlay-type":"","overlay-color":"","overlay-opacity":"","overlay-gradient":""},"tablet":{"background-color":"","background-image":"","background-repeat":"repeat","background-position":"center center","background-size":"auto","background-attachment":"scroll","background-type":"","background-media":"","overlay-type":"","overlay-color":"","overlay-opacity":"","overlay-gradient":""},"mobile":{"background-color":"","background-image":"","background-repeat":"repeat","background-position":"center center","background-size":"auto","background-attachment":"scroll","background-type":"","background-media":"","overlay-type":"","overlay-color":"","overlay-opacity":"","overlay-gradient":""}},"ast-content-background-meta":{"desktop":{"background-color":"var(--ast-global-color-5)","background-image":"","background-repeat":"repeat","background-position":"center center","background-size":"auto","background-attachment":"scroll","background-type":"","background-media":"","overlay-type":"","overlay-color":"","overlay-opacity":"","overlay-gradient":""},"tablet":{"background-color":"var(--ast-global-color-5)","background-image":"","background-repeat":"repeat","background-position":"center center","background-size":"auto","background-attachment":"scroll","background-type":"","background-media":"","overlay-type":"","overlay-color":"","overlay-opacity":"","overlay-gradient":""},"mobile":{"background-color":"var(--ast-global-color-5)","background-image":"","background-repeat":"repeat","background-position":"center center","background-size":"auto","background-attachment":"scroll","background-type":"","background-media":"","overlay-type":"","overlay-color":"","overlay-opacity":"","overlay-gradient":""}}},"product_brand":[],"product_cat":[18],"product_tag":[219,217,218,216],"class_list":{"0":"post-18032","1":"product","2":"type-product","3":"status-publish","4":"has-post-thumbnail","6":"product_cat-uncategorized","7":"product_tag-aluminum-metal-waterproof-pergola","8":"product_tag-aluminum-pavilion","9":"product_tag-metal-pavilion","10":"product_tag-waterproof-pavilion","11":"desktop-align-center","12":"tablet-align-left","13":"mobile-align-left","14":"ast-product-gallery-layout-horizontal-slider","15":"ast-product-single-variable","16":"ast-product-tabs-layout-vertical","18":"first","19":"instock","20":"shipping-taxable","21":"product-type-variable"},"uagb_featured_image_src":{"full":["https:\/\/meterny.com\/wp-content\/uploads\/2024\/10\/8-2ZHU.jpg",800,800,false],"thumbnail":["https:\/\/meterny.com\/wp-content\/uploads\/2024\/10\/8-2ZHU-150x150.jpg",150,150,true],"medium":["https:\/\/meterny.com\/wp-content\/uploads\/2024\/10\/8-2ZHU-300x300.jpg",300,300,true],"medium_large":["https:\/\/meterny.com\/wp-content\/uploads\/2024\/10\/8-2ZHU-768x768.jpg",768,768,true],"large":["https:\/\/meterny.com\/wp-content\/uploads\/2024\/10\/8-2ZHU.jpg",800,800,false],"1536x1536":["https:\/\/meterny.com\/wp-content\/uploads\/2024\/10\/8-2ZHU.jpg",800,800,false],"2048x2048":["https:\/\/meterny.com\/wp-content\/uploads\/2024\/10\/8-2ZHU.jpg",800,800,false],"trp-custom-language-flag":["https:\/\/meterny.com\/wp-content\/uploads\/2024\/10\/8-2ZHU.jpg",12,12,false],"woocommerce_thumbnail":["https:\/\/meterny.com\/wp-content\/uploads\/2024\/10\/8-2ZHU-300x300.jpg",300,300,true],"woocommerce_single":["https:\/\/meterny.com\/wp-content\/uploads\/2024\/10\/8-2ZHU-600x600.jpg",600,600,true],"woocommerce_gallery_thumbnail":["https:\/\/meterny.com\/wp-content\/uploads\/2024\/10\/8-2ZHU-100x100.jpg",100,100,true]},"uagb_author_info":{"display_name":"meterny","author_link":"https:\/\/meterny.com\/de\/author\/"},"uagb_comment_info":0,"uagb_excerpt":"Create a stylish and weather-resistant outdoor haven with the Aluminum Metal Waterproof Pavilion, combining sleek design with durable performance.","_links":{"self":[{"href":"https:\/\/meterny.com\/de\/wp-json\/wp\/v2\/product\/18032","targetHints":{"allow":["GET"]}}],"collection":[{"href":"https:\/\/meterny.com\/de\/wp-json\/wp\/v2\/product"}],"about":[{"href":"https:\/\/meterny.com\/de\/wp-json\/wp\/v2\/types\/product"}],"replies":[{"embeddable":true,"href":"https:\/\/meterny.com\/de\/wp-json\/wp\/v2\/comments?post=18032"}],"wp:featuredmedia":[{"embeddable":true,"href":"https:\/\/meterny.com\/de\/wp-json\/wp\/v2\/media\/20516"}],"wp:attachment":[{"href":"https:\/\/meterny.com\/de\/wp-json\/wp\/v2\/media?parent=18032"}],"wp:term":[{"taxonomy":"product_brand","embeddable":true,"href":"https:\/\/meterny.com\/de\/wp-json\/wp\/v2\/product_brand?post=18032"},{"taxonomy":"product_cat","embeddable":true,"href":"https:\/\/meterny.com\/de\/wp-json\/wp\/v2\/product_cat?post=18032"},{"taxonomy":"product_tag","embeddable":true,"href":"https:\/\/meterny.com\/de\/wp-json\/wp\/v2\/product_tag?post=18032"}],"curies":[{"name":"wp","href":"https:\/\/api.w.org\/{rel}","templated":true}]}}