{"id":18068,"date":"2024-10-10T13:08:41","date_gmt":"2024-10-10T13:08:41","guid":{"rendered":"https:\/\/meterny.com\/?post_type=product&#038;p=18068"},"modified":"2025-01-18T12:57:57","modified_gmt":"2025-01-18T12:57:57","slug":"bioclimatic-aluminium-louvered-roof-pergola","status":"publish","type":"product","link":"https:\/\/meterny.com\/de\/produkt\/bioclimatic-aluminium-louvered-roof-pergola\/","title":{"rendered":"Bioklimatische Aluminium-Lamellendach-Pergola Aluminium-Pavillon Versenkbare Terrasse Aluminium-Gazebo"},"content":{"rendered":"<h2 style=\"text-align: center;\">Bioklimatische Aluminium-Lamellendach-Pergola Aluminium-Pavillon Versenkbare Terrasse Aluminium-Gazebo<\/h2>\n<p><strong>Typ<\/strong>: Bioklimatische Aluminium-Lamellendach-Pergola<\/p>\n<p><strong>Gr\u00f6\u00dfe<\/strong>: angepasst<\/p>\n<p><strong>Oberfl\u00e4che<\/strong>: kundenspezifische Beschichtung\/ Lackierung<\/p>\n<p><strong>Farbe<\/strong>: angepasst<\/p>\n<p><strong>L\u00e4nge<\/strong>: Ma\u00dfgeschneidert<\/p>\n<p><strong>Material<\/strong>: Hochwertige Aluminium-Legierung<\/p>\n<p><strong>Produkt-Technologie<\/strong>: Meterny AquaGuard Anti-Leck-System<\/p>\n<figure id=\"attachment_18063\" aria-describedby=\"caption-attachment-18063\" style=\"width: 1024px\" class=\"wp-caption alignnone\"><img loading=\"lazy\" decoding=\"async\" class=\"wp-image-18063\" src=\"https:\/\/meterny.com\/wp-content\/uploads\/2024\/10\/mmexport1662711147036.jpg\" alt=\"Bioklimatische Aluminium-Lamellendach-Pergola\" width=\"1024\" height=\"890\" srcset=\"https:\/\/meterny.com\/wp-content\/uploads\/2024\/10\/mmexport1662711147036.jpg 975w, https:\/\/meterny.com\/wp-content\/uploads\/2024\/10\/mmexport1662711147036-300x261.jpg 300w, https:\/\/meterny.com\/wp-content\/uploads\/2024\/10\/mmexport1662711147036-768x667.jpg 768w, https:\/\/meterny.com\/wp-content\/uploads\/2024\/10\/mmexport1662711147036-600x521.jpg 600w\" sizes=\"auto, (max-width: 1024px) 100vw, 1024px\" \/><figcaption id=\"caption-attachment-18063\" class=\"wp-caption-text\">Moderne Pergola aus schwarzem Aluminium f\u00fcr Parks<\/figcaption><\/figure>\n<h4>Produkt\u00fcbersicht<\/h4>\n<p id=\"\">Die Bioclimatic Aluminium-Lamellendach-Pergola ist eine Beschattungsstruktur f\u00fcr den Au\u00dfenbereich, die modernes Design mit praktischer Funktionalit\u00e4t verbindet und speziell daf\u00fcr entwickelt wurde, einen komfortablen und flexiblen Au\u00dfenbereich zu schaffen. Gefertigt aus hochwertigen Aluminiumlegierungen und unter Verwendung fortschrittlicher Fertigungstechniken ist diese Pergola nicht nur \u00e4sthetisch ansprechend und langlebig, sondern passt sich auch effektiv an verschiedene klimatische Bedingungen an und macht Ihren Lebensstil im Freien zu einem endlosen Vergn\u00fcgen.<\/p>\n<h4>Produktmerkmale<\/h4>\n<ol>\n<li><strong>Hochwertige Materialien<\/strong>:\n<ul>\n<li>Die Hauptstruktur besteht aus einer 6063-T6- oder 6063-T5-Aluminiumlegierung, die eine au\u00dfergew\u00f6hnliche Korrosionsbest\u00e4ndigkeit und Haltbarkeit bietet.<\/li>\n<li>Die Oberfl\u00e4che ist pulverbeschichtet, was die \u00c4sthetik erh\u00f6ht und die Witterungsbest\u00e4ndigkeit und Lebensdauer des Produkts weiter verbessert.<\/li>\n<\/ul>\n<\/li>\n<li><strong>Bioklimatisches Design<\/strong>:\n<ul>\n<li>Das einzigartige Lamellendesign erm\u00f6glicht es, die Lamellen je nach Wetterlage und Bedarf frei zu verstellen und so eine hervorragende Bel\u00fcftung, Beschattung und Wasserdichtigkeit zu erzielen.<\/li>\n<li>Die Lamellen sind aus wasserdichtem Material gefertigt, das auch an regnerischen Tagen f\u00fcr ein trockenes und angenehmes Raumklima sorgt.<\/li>\n<\/ul>\n<\/li>\n<li><strong>Vielseitigkeit<\/strong>:\n<ul>\n<li>Sie dient nicht nur als Schattenspender, sondern blockiert auch wirksam Schnee, Wind und Regen und ist f\u00fcr verschiedene Au\u00dfenbereiche geeignet.<\/li>\n<li>Ideal f\u00fcr Essbereiche im Freien, Lounges, Terrassen und andere Umgebungen, die den Komfort und die \u00c4sthetik des gesamten Raums verbessern.<\/li>\n<\/ul>\n<\/li>\n<li><strong>Anpassungsdienste<\/strong>:\n<ul>\n<li>Es sind mehrere Gr\u00f6\u00dfen und Farben erh\u00e4ltlich, die je nach Kundenbedarf angepasst werden k\u00f6nnen.<\/li>\n<li>Unterst\u00fctzt elektrische oder manuelle Betriebsarten, um unterschiedlichen Benutzergewohnheiten und -anforderungen gerecht zu werden.<\/li>\n<\/ul>\n<\/li>\n<li><strong>Einfache Installation und Wartung<\/strong>:\n<ul>\n<li>Das Produktdesign ist einfach und elegant, leicht zu montieren und zu demontieren und spart so Zeit und Kosten bei der Installation.<\/li>\n<li>Die routinem\u00e4\u00dfige Wartung ist einfach und bequem und erfordert nur eine regelm\u00e4\u00dfige Reinigung der Klingen und des Rahmens, damit das Produkt wie neu aussieht.<\/li>\n<\/ul>\n<\/li>\n<\/ol>\n<h4>Technische Daten<\/h4>\n<ul>\n<li><strong>Material<\/strong>: Aluminiumlegierung 6063-T6\/T5<\/li>\n<li><strong>Oberfl\u00e4chenbehandlung<\/strong>: Pulverbeschichtung<\/li>\n<li><strong>Winkel der Klinge<\/strong>: Einstellbar<\/li>\n<li><strong>Wasserdichte Bewertung<\/strong>: IP67 (oder gleichwertige Wasserdichtigkeit)<\/li>\n<li><strong>Gr\u00f6\u00dfenbereich<\/strong>: Mehrere Gr\u00f6\u00dfen verf\u00fcgbar (z.B. 3x3m, 3x4m, 4x4m, 6x4m, etc.)<\/li>\n<li><strong>Farben<\/strong>: Grau, wei\u00df, schwarz, usw., anpassbar<\/li>\n<li><strong>Betriebsart<\/strong>: Elektrisch\/manuell<\/li>\n<li><strong>Gew\u00e4hrleistungsfrist<\/strong>: Rahmengarantie f\u00fcr 15 Jahre, Beschichtungsgarantie f\u00fcr 7-8 Jahre (die spezifischen Garantiezeiten sind im Produkthandbuch angegeben)<\/li>\n<\/ul>\n<h4>Anwendungsszenarien<\/h4>\n<ul>\n<li>Geeignet f\u00fcr Familieng\u00e4rten, Villenterrassen, Hotelbalkone, Sitzpl\u00e4tze im Freien in Restaurants und verschiedene andere Au\u00dfenbereiche.<\/li>\n<li>Besonders geeignet f\u00fcr Au\u00dfenbereiche, die eine h\u00e4ufige Anpassung der Beschattungs- und Bel\u00fcftungsbedingungen erfordern.<\/li>\n<\/ul>\n<h4>Kundenrezensionen<\/h4>\n<ul>\n<li>Die Kunden loben im Allgemeinen das \u00e4sthetische Design, die Zweckm\u00e4\u00dfigkeit und die F\u00e4higkeit der Pergola, den Komfort und die \u00c4sthetik von Au\u00dfenbereichen erheblich zu verbessern.<\/li>\n<li>Die elektrische Betriebsart ist bequem und effizient und wird von den Benutzern sehr gesch\u00e4tzt.<\/li>\n<li>Die Zuverl\u00e4ssigkeit und Langlebigkeit des Produkts wurde von den Kunden allgemein gelobt.<\/li>\n<\/ul>\n<h4>Anmerkungen zum Kauf<\/h4>\n<ul>\n<li>Bitte best\u00e4tigen Sie die gew\u00fcnschte Gr\u00f6\u00dfe und Farbe vor dem Kauf, um genauere Produktinformationen und Preise zu erhalten.<\/li>\n<li>Befolgen Sie bei der Installation die Anweisungen im Produkthandbuch, um Sicherheit und einen reibungslosen Ablauf zu gew\u00e4hrleisten.<\/li>\n<li>Wenn Sie Fragen oder W\u00fcnsche haben, wenden Sie sich bitte an unser Kundendienstteam, das Ihnen gerne weiterhilft.<\/li>\n<\/ul>\n<figure id=\"attachment_20288\" aria-describedby=\"caption-attachment-20288\" style=\"width: 1024px\" class=\"wp-caption alignnone\"><img loading=\"lazy\" decoding=\"async\" class=\"wp-image-20288\" src=\"https:\/\/meterny.com\/wp-content\/uploads\/2024\/10\/WPC-Colour-Card@3x.png\" alt=\"Meterny&#039;s Aluminium Pergola Wasser Leckage Pr\u00e4vention Design\" width=\"1024\" height=\"1024\" srcset=\"https:\/\/meterny.com\/wp-content\/uploads\/2024\/10\/WPC-Colour-Card@3x.png 800w, https:\/\/meterny.com\/wp-content\/uploads\/2024\/10\/WPC-Colour-Card@3x-300x300.png 300w, https:\/\/meterny.com\/wp-content\/uploads\/2024\/10\/WPC-Colour-Card@3x-150x150.png 150w, https:\/\/meterny.com\/wp-content\/uploads\/2024\/10\/WPC-Colour-Card@3x-768x768.png 768w, https:\/\/meterny.com\/wp-content\/uploads\/2024\/10\/WPC-Colour-Card@3x-600x600.png 600w, https:\/\/meterny.com\/wp-content\/uploads\/2024\/10\/WPC-Colour-Card@3x-100x100.png 100w\" sizes=\"auto, (max-width: 1024px) 100vw, 1024px\" \/><figcaption id=\"caption-attachment-20288\" class=\"wp-caption-text\">Das innovative Design von Meterny zur Verhinderung von Wasserlecks<\/figcaption><\/figure>\n<p>Die Bioclimatic Aluminium-Lamellendach-Pergola ist eine innovative Beschattungsstruktur f\u00fcr den Au\u00dfenbereich, die aus hochwertigem Aluminium gefertigt ist. Mit ihren verstellbaren Lamellen passt sie sich effektiv an verschiedene Wetterbedingungen an und bietet hervorragende Bel\u00fcftung, Beschattung und Wasserdichtigkeit. Ihr modernes Design erg\u00e4nzt jeden Au\u00dfenbereich und steigert sowohl den Komfort als auch die \u00c4sthetik. Diese Pergola eignet sich ideal f\u00fcr G\u00e4rten, Terrassen und Balkone und ist die perfekte Erg\u00e4nzung f\u00fcr Ihren Lebensstil im Freien.<\/p>\n<p>&nbsp;<\/p>\n<h3>Wenn Sie weitere Einzelheiten erfahren m\u00f6chten, klicken Sie bitte auf diesen Link zu youtube:<a href=\"https:\/\/youtu.be\/0FgHU_d-JLU\" target=\"_blank\" rel=\"noopener\">https:\/\/youtu.be\/0FgHU_d-JLU<\/a><\/h3>\n<p>&nbsp;<\/p>\n<figure id=\"attachment_16951\" aria-describedby=\"caption-attachment-16951\" style=\"width: 1024px\" class=\"wp-caption alignnone\"><img loading=\"lazy\" decoding=\"async\" class=\"wp-image-16951\" src=\"https:\/\/meterny.com\/wp-content\/uploads\/2024\/09\/\u753b\u677f-16@3x.png\" alt=\"Meterny&#039;s Aluminum Pergola exklusives Patent Design\" width=\"1024\" height=\"1448\" srcset=\"https:\/\/meterny.com\/wp-content\/uploads\/2024\/09\/\u753b\u677f-16@3x.png 1787w, https:\/\/meterny.com\/wp-content\/uploads\/2024\/09\/\u753b\u677f-16@3x-212x300.png 212w, https:\/\/meterny.com\/wp-content\/uploads\/2024\/09\/\u753b\u677f-16@3x-724x1024.png 724w, https:\/\/meterny.com\/wp-content\/uploads\/2024\/09\/\u753b\u677f-16@3x-768x1086.png 768w, https:\/\/meterny.com\/wp-content\/uploads\/2024\/09\/\u753b\u677f-16@3x-1086x1536.png 1086w, https:\/\/meterny.com\/wp-content\/uploads\/2024\/09\/\u753b\u677f-16@3x-1448x2048.png 1448w, https:\/\/meterny.com\/wp-content\/uploads\/2024\/09\/\u753b\u677f-16@3x-600x848.png 600w\" sizes=\"auto, (max-width: 1024px) 100vw, 1024px\" \/><figcaption id=\"caption-attachment-16951\" class=\"wp-caption-text\">Das patentierte Design von Meterny: Eine Pergola wie keine andere<\/figcaption><\/figure>\n<p>Typ:Bioklimatische Aluminium-Lamellendach-Pergola<\/p>\n<p>&nbsp;<\/p>\n<figure id=\"attachment_16950\" aria-describedby=\"caption-attachment-16950\" style=\"width: 1024px\" class=\"wp-caption alignnone\"><img loading=\"lazy\" decoding=\"async\" class=\"wp-image-16950\" src=\"https:\/\/meterny.com\/wp-content\/uploads\/2024\/09\/About-Meterny@3x.png\" alt=\"Meterny&#039;s Aluminium-Pergola Vergleich mit anderen Pergolen\" width=\"1024\" height=\"1447\" srcset=\"https:\/\/meterny.com\/wp-content\/uploads\/2024\/09\/About-Meterny@3x.png 1787w, https:\/\/meterny.com\/wp-content\/uploads\/2024\/09\/About-Meterny@3x-212x300.png 212w, https:\/\/meterny.com\/wp-content\/uploads\/2024\/09\/About-Meterny@3x-724x1024.png 724w, https:\/\/meterny.com\/wp-content\/uploads\/2024\/09\/About-Meterny@3x-768x1086.png 768w, https:\/\/meterny.com\/wp-content\/uploads\/2024\/09\/About-Meterny@3x-1087x1536.png 1087w, https:\/\/meterny.com\/wp-content\/uploads\/2024\/09\/About-Meterny@3x-1449x2048.png 1449w, https:\/\/meterny.com\/wp-content\/uploads\/2024\/09\/About-Meterny@3x-600x848.png 600w\" sizes=\"auto, (max-width: 1024px) 100vw, 1024px\" \/><figcaption id=\"caption-attachment-16950\" class=\"wp-caption-text\">Meterny-Pergolen im Vergleich zu herk\u00f6mmlichen Pergolen: \u00dcberlegene Eigenschaften<\/figcaption><\/figure>\n<h3>Warum die bioklimatische Aluminium-Lamellendach-Pergola von Meterny w\u00e4hlen?<\/h3>\n<p id=\"\">Die Entscheidung f\u00fcr die bioklimatische Aluminium-Lamellendach-Pergola von Meterny bietet zahlreiche Vorteile, die sie zur idealen Wahl f\u00fcr Ihren Au\u00dfenbereich machen. Hier sind einige \u00fcberzeugende Gr\u00fcnde:<\/p>\n<ol>\n<li><strong>Erstklassige Qualit\u00e4t und Langlebigkeit<\/strong>:\n<ul>\n<li>Die aus einer hochwertigen Aluminiumlegierung gefertigte Pergola ist korrosionsbest\u00e4ndig, leicht und langlebig und gew\u00e4hrleistet eine lange Lebensdauer und Zuverl\u00e4ssigkeit.<\/li>\n<\/ul>\n<\/li>\n<li><strong>Bioklimatisches Design<\/strong>:\n<ul>\n<li>Mit den verstellbaren Lamellen k\u00f6nnen Sie die Beschattung und Bel\u00fcftung an Ihre Bed\u00fcrfnisse und Wetterbedingungen anpassen und so das ganze Jahr \u00fcber f\u00fcr ein angenehmes Klima im Freien sorgen.<\/li>\n<\/ul>\n<\/li>\n<li><strong>Moderne \u00c4sthetik<\/strong>:\n<ul>\n<li>Mit ihrem eleganten und zeitgem\u00e4\u00dfen Design wertet die Pergola die \u00c4sthetik Ihres Au\u00dfenbereichs auf und f\u00fcgt sich nahtlos in moderne architektonische Stile ein.<\/li>\n<\/ul>\n<\/li>\n<li><strong>Vielseitige Funktionalit\u00e4t<\/strong>:\n<ul>\n<li>Die Pergola eignet sich f\u00fcr eine Vielzahl von Au\u00dfenbereichen, darunter G\u00e4rten, Terrassen, Balkone und Innenh\u00f6fe, und bietet vielseitige Funktionen wie Schatten, Schutz und Privatsph\u00e4re.<\/li>\n<\/ul>\n<\/li>\n<li><strong>Anpassbare Optionen<\/strong>:\n<ul>\n<li>Meterny bietet eine Reihe von Anpassungsm\u00f6glichkeiten, darunter verschiedene Gr\u00f6\u00dfen, Farben und Betriebsarten (elektrisch oder manuell), so dass Sie die Pergola an Ihre speziellen Anforderungen anpassen k\u00f6nnen.<\/li>\n<\/ul>\n<\/li>\n<li><strong>Einfache Installation und Wartung<\/strong>:\n<ul>\n<li>Die Pergola ist einfach zu montieren und l\u00e4sst sich schnell und effizient aufstellen. Die routinem\u00e4\u00dfige Wartung ist einfach und erfordert nur eine regelm\u00e4\u00dfige Reinigung, damit sie wie neu aussieht.<\/li>\n<\/ul>\n<\/li>\n<li><strong>Au\u00dfergew\u00f6hnliches Preis-\/Leistungsverh\u00e4ltnis<\/strong>:\n<ul>\n<li>Die bioklimatische Aluminium-Lamellendach-Pergola Meterny kombiniert hohe Qualit\u00e4t, Funktionalit\u00e4t und \u00c4sthetik und bietet ein hervorragendes Preis-Leistungs-Verh\u00e4ltnis, das Ihnen die beste Rendite f\u00fcr Ihre Investition garantiert.<\/li>\n<\/ul>\n<\/li>\n<\/ol>\n<p id=\"\">Zusammenfassend l\u00e4sst sich sagen, dass die bioklimatische Aluminium-Lamellendach-Pergola von Meterny eine Kombination aus erstklassiger Qualit\u00e4t, Langlebigkeit, modernem Design und vielseitiger Funktionalit\u00e4t bietet und somit die perfekte Wahl f\u00fcr Ihren Au\u00dfenbereich ist.<\/p>","protected":false},"excerpt":{"rendered":"<p>Schaffen Sie sich einen stilvollen und wetterfesten R\u00fcckzugsort im Freien mit dem wasserdichten Pavillon aus Aluminium, der elegantes Design mit dauerhafter Leistung kombiniert.<\/p>","protected":false},"featured_media":18063,"comment_status":"open","ping_status":"closed","template":"","meta":{"_uag_custom_page_level_css":"","site-sidebar-layout":"default","site-content-layout":"","ast-site-content-layout":"default","site-content-style":"default","site-sidebar-style":"default","ast-global-header-display":"","ast-banner-title-visibility":"","ast-main-header-display":"","ast-hfb-above-header-display":"","ast-hfb-below-header-display":"","ast-hfb-mobile-header-display":"","site-post-title":"","ast-breadcrumbs-content":"","ast-featured-img":"","footer-sml-layout":"","theme-transparent-header-meta":"default","adv-header-id-meta":"","stick-header-meta":"default","header-above-stick-meta":"","header-main-stick-meta":"","header-below-stick-meta":"","astra-migrate-meta-layouts":"set","ast-page-background-enabled":"default","ast-page-background-meta":{"desktop":{"background-color":"var(--ast-global-color-4)","background-image":"","background-repeat":"repeat","background-position":"center center","background-size":"auto","background-attachment":"scroll","background-type":"","background-media":"","overlay-type":"","overlay-color":"","overlay-opacity":"","overlay-gradient":""},"tablet":{"background-color":"","background-image":"","background-repeat":"repeat","background-position":"center center","background-size":"auto","background-attachment":"scroll","background-type":"","background-media":"","overlay-type":"","overlay-color":"","overlay-opacity":"","overlay-gradient":""},"mobile":{"background-color":"","background-image":"","background-repeat":"repeat","background-position":"center center","background-size":"auto","background-attachment":"scroll","background-type":"","background-media":"","overlay-type":"","overlay-color":"","overlay-opacity":"","overlay-gradient":""}},"ast-content-background-meta":{"desktop":{"background-color":"var(--ast-global-color-5)","background-image":"","background-repeat":"repeat","background-position":"center center","background-size":"auto","background-attachment":"scroll","background-type":"","background-media":"","overlay-type":"","overlay-color":"","overlay-opacity":"","overlay-gradient":""},"tablet":{"background-color":"var(--ast-global-color-5)","background-image":"","background-repeat":"repeat","background-position":"center center","background-size":"auto","background-attachment":"scroll","background-type":"","background-media":"","overlay-type":"","overlay-color":"","overlay-opacity":"","overlay-gradient":""},"mobile":{"background-color":"var(--ast-global-color-5)","background-image":"","background-repeat":"repeat","background-position":"center center","background-size":"auto","background-attachment":"scroll","background-type":"","background-media":"","overlay-type":"","overlay-color":"","overlay-opacity":"","overlay-gradient":""}}},"product_brand":[],"product_cat":[18],"product_tag":[219,217,218,216],"class_list":{"0":"post-18068","1":"product","2":"type-product","3":"status-publish","4":"has-post-thumbnail","6":"product_cat-uncategorized","7":"product_tag-aluminum-metal-waterproof-pergola","8":"product_tag-aluminum-pavilion","9":"product_tag-metal-pavilion","10":"product_tag-waterproof-pavilion","11":"desktop-align-center","12":"tablet-align-left","13":"mobile-align-left","14":"ast-product-gallery-layout-horizontal-slider","15":"ast-product-single-variable","16":"ast-product-tabs-layout-vertical","18":"first","19":"instock","20":"shipping-taxable","21":"product-type-variable"},"uagb_featured_image_src":{"full":["https:\/\/meterny.com\/wp-content\/uploads\/2024\/10\/mmexport1662711147036.jpg",975,847,false],"thumbnail":["https:\/\/meterny.com\/wp-content\/uploads\/2024\/10\/mmexport1662711147036-150x150.jpg",150,150,true],"medium":["https:\/\/meterny.com\/wp-content\/uploads\/2024\/10\/mmexport1662711147036-300x261.jpg",300,261,true],"medium_large":["https:\/\/meterny.com\/wp-content\/uploads\/2024\/10\/mmexport1662711147036-768x667.jpg",768,667,true],"large":["https:\/\/meterny.com\/wp-content\/uploads\/2024\/10\/mmexport1662711147036.jpg",975,847,false],"1536x1536":["https:\/\/meterny.com\/wp-content\/uploads\/2024\/10\/mmexport1662711147036.jpg",975,847,false],"2048x2048":["https:\/\/meterny.com\/wp-content\/uploads\/2024\/10\/mmexport1662711147036.jpg",975,847,false],"trp-custom-language-flag":["https:\/\/meterny.com\/wp-content\/uploads\/2024\/10\/mmexport1662711147036.jpg",14,12,false],"woocommerce_thumbnail":["https:\/\/meterny.com\/wp-content\/uploads\/2024\/10\/mmexport1662711147036-300x300.jpg",300,300,true],"woocommerce_single":["https:\/\/meterny.com\/wp-content\/uploads\/2024\/10\/mmexport1662711147036-600x521.jpg",600,521,true],"woocommerce_gallery_thumbnail":["https:\/\/meterny.com\/wp-content\/uploads\/2024\/10\/mmexport1662711147036-100x100.jpg",100,100,true]},"uagb_author_info":{"display_name":"meterny","author_link":"https:\/\/meterny.com\/de\/author\/"},"uagb_comment_info":0,"uagb_excerpt":"Create a stylish and weather-resistant outdoor haven with the Aluminum Metal Waterproof Pavilion, combining sleek design with durable performance.","_links":{"self":[{"href":"https:\/\/meterny.com\/de\/wp-json\/wp\/v2\/product\/18068","targetHints":{"allow":["GET"]}}],"collection":[{"href":"https:\/\/meterny.com\/de\/wp-json\/wp\/v2\/product"}],"about":[{"href":"https:\/\/meterny.com\/de\/wp-json\/wp\/v2\/types\/product"}],"replies":[{"embeddable":true,"href":"https:\/\/meterny.com\/de\/wp-json\/wp\/v2\/comments?post=18068"}],"wp:featuredmedia":[{"embeddable":true,"href":"https:\/\/meterny.com\/de\/wp-json\/wp\/v2\/media\/18063"}],"wp:attachment":[{"href":"https:\/\/meterny.com\/de\/wp-json\/wp\/v2\/media?parent=18068"}],"wp:term":[{"taxonomy":"product_brand","embeddable":true,"href":"https:\/\/meterny.com\/de\/wp-json\/wp\/v2\/product_brand?post=18068"},{"taxonomy":"product_cat","embeddable":true,"href":"https:\/\/meterny.com\/de\/wp-json\/wp\/v2\/product_cat?post=18068"},{"taxonomy":"product_tag","embeddable":true,"href":"https:\/\/meterny.com\/de\/wp-json\/wp\/v2\/product_tag?post=18068"}],"curies":[{"name":"wp","href":"https:\/\/api.w.org\/{rel}","templated":true}]}}