{"id":18099,"date":"2024-10-10T13:17:30","date_gmt":"2024-10-10T13:17:30","guid":{"rendered":"https:\/\/meterny.com\/?post_type=product&#038;p=18099"},"modified":"2025-05-24T02:04:28","modified_gmt":"2025-05-24T02:04:28","slug":"3x4m-louver-aluminium-gazebo","status":"publish","type":"product","link":"https:\/\/meterny.com\/de\/produkt\/3x4m-louver-aluminium-gazebo\/","title":{"rendered":"3X4m Louver Aluminium Gazebo Kits Aluminium Pergola Outdoor Aluminium Pavillon Aluminium Gazebos Pergola"},"content":{"rendered":"<h2 style=\"text-align: center;\">3X4m Louver Aluminium Gazebo Kits Aluminium Pergola Outdoor Aluminium Pavillon Aluminium Gazebos<\/h2>\n<p><strong>Typ<\/strong>: 3X4m Aluminium Gazebo Baus\u00e4tze mit Lamellen<\/p>\n<p><strong>Gr\u00f6\u00dfe<\/strong>: angepasst<\/p>\n<p><strong>Oberfl\u00e4che<\/strong>: kundenspezifische Beschichtung\/ Lackierung<\/p>\n<p><strong>Farbe<\/strong>: angepasst<\/p>\n<p><strong>L\u00e4nge<\/strong>: Ma\u00dfgeschneidert<\/p>\n<p><strong>Material<\/strong>: Hochwertige Aluminium-Legierung<\/p>\n<p><strong>Produkt-Technologie<\/strong>: Meterny AquaGuard Anti-Leck-System<\/p>\n<figure id=\"attachment_17053\" aria-describedby=\"caption-attachment-17053\" style=\"width: 1024px\" class=\"wp-caption alignnone\"><img loading=\"lazy\" decoding=\"async\" class=\"wp-image-17053\" src=\"https:\/\/meterny.com\/wp-content\/uploads\/2024\/09\/mmexport1662711134665.jpg\" alt=\"3X4m Aluminium-Lamellen-Laube\" width=\"1024\" height=\"1023\" srcset=\"https:\/\/meterny.com\/wp-content\/uploads\/2024\/09\/mmexport1662711134665.jpg 739w, https:\/\/meterny.com\/wp-content\/uploads\/2024\/09\/mmexport1662711134665-300x300.jpg 300w, https:\/\/meterny.com\/wp-content\/uploads\/2024\/09\/mmexport1662711134665-150x150.jpg 150w, https:\/\/meterny.com\/wp-content\/uploads\/2024\/09\/mmexport1662711134665-600x599.jpg 600w, https:\/\/meterny.com\/wp-content\/uploads\/2024\/09\/mmexport1662711134665-100x100.jpg 100w\" sizes=\"auto, (max-width: 1024px) 100vw, 1024px\" \/><figcaption id=\"caption-attachment-17053\" class=\"wp-caption-text\">Wei\u00dfe Aluminium-Pergola f\u00fcr stilvolle Gartenwege<\/figcaption><\/figure>\n<h4>Produkt\u00fcbersicht<\/h4>\n<p id=\"\"><strong>Produktname<\/strong>: 3X4m Aluminium-Lamellen-Gazebo<br \/>\n<strong>Marke<\/strong>: Meterny<br \/>\n<strong>Material<\/strong>: Aluminium-Legierung<br \/>\n<strong>Abmessungen<\/strong>: 3m x 4m<br \/>\n<strong>Farbe<\/strong>: Anpassbar<br \/>\n<strong>Verwendung<\/strong>: Gartendekoration im Freien, Beschattung, neben Schwimmb\u00e4dern, usw.<\/p>\n<hr \/>\n<h4>Produktmerkmale<\/h4>\n<ol>\n<li><strong>Luxuri\u00f6ses modernes Design<\/strong>: Modernes Design, luxuri\u00f6ses und elegantes Aussehen, geeignet f\u00fcr verschiedene hochwertige Au\u00dfenbereiche.<\/li>\n<li><strong>Konstruktion aus Aluminiumlegierung<\/strong>: Hergestellt aus einer hochwertigen Aluminiumlegierung, die sich durch Korrosionsbest\u00e4ndigkeit, hohe Witterungsbest\u00e4ndigkeit und geringes Gewicht auszeichnet und somit eine lange Lebensdauer des Produkts gew\u00e4hrleistet.<\/li>\n<li><strong>Jalousie-Design<\/strong>: Das einzigartige Design der Jalousien erm\u00f6glicht eine bedarfsgerechte Einstellung von Licht und Bel\u00fcftung und sorgt so f\u00fcr ein angenehmes Erlebnis im Freien.<\/li>\n<li><strong>Wasserdichte Funktionalit\u00e4t<\/strong>: Hervorragende Wasserdichtigkeit, die das Eindringen von Regenwasser wirksam verhindert und den Innenraum trocken h\u00e4lt.<\/li>\n<li><strong>Einfache Montage<\/strong>: Detaillierte Installationsanweisungen, die eine einfache Montage erm\u00f6glichen und somit Zeit und M\u00fche sparen.<\/li>\n<li><strong>Umweltfreundlich und nachhaltig<\/strong>: Verwendung von umweltfreundlichen Materialien, die den Grunds\u00e4tzen der nachhaltigen Entwicklung entsprechen und umweltfreundlich sind.<\/li>\n<\/ol>\n<hr \/>\n<h4>Details zum Produkt<\/h4>\n<ul>\n<li><strong>Material des Rahmens<\/strong>: Aluminium-Legierung<\/li>\n<li><strong>Oberfl\u00e4chenbehandlung<\/strong>: PVDF-Beschichtung<\/li>\n<li><strong>Strukturelle Merkmale<\/strong>: 3D-Strukturdesign f\u00fcr stabilen Halt<\/li>\n<li><strong>Einbauanleitung<\/strong>: Ausf\u00fchrliche Installationsanleitung<\/li>\n<li><strong>Verpackung und Versand<\/strong>: Einzelst\u00fcck Einzelverpackung, Ma\u00dfe 180x30x45 cm, Bruttogewicht 46 kg<\/li>\n<li><strong>Anpassungsoptionen<\/strong>: Individuell anpassbare Farben, Gr\u00f6\u00dfen usw., je nach Kundenwunsch<\/li>\n<\/ul>\n<hr \/>\n<h4>Anwendungsszenarien<\/h4>\n<ul>\n<li><strong>Garten Dekoration<\/strong>: Verleiht dem Garten einen modernen Touch und bietet einen komfortablen Freizeitraum.<\/li>\n<li><strong>Sonnenschirm &amp; Sonnenschutz<\/strong>: Bietet wirksamen Sonnenschutz bei Aktivit\u00e4ten im Freien und sch\u00fctzt die Haut vor UV-Strahlen.<\/li>\n<li><strong>Neben den Schwimmb\u00e4dern<\/strong>: Dient als Beschattungseinrichtung neben Schwimmb\u00e4dern und verbessert das Badeerlebnis.<\/li>\n<li><strong>Terrassen &amp; Balkone<\/strong>: Bietet eine \u00e4sthetisch ansprechende und praktische Beschattungsl\u00f6sung f\u00fcr Terrassen und Balkone.<\/li>\n<\/ul>\n<figure id=\"attachment_20288\" aria-describedby=\"caption-attachment-20288\" style=\"width: 1024px\" class=\"wp-caption alignnone\"><img loading=\"lazy\" decoding=\"async\" class=\"wp-image-20288\" src=\"https:\/\/meterny.com\/wp-content\/uploads\/2024\/10\/WPC-Colour-Card@3x.png\" alt=\"Meterny&#039;s Aluminium Pergola Wasser Leckage Pr\u00e4vention Design\" width=\"1024\" height=\"1024\" srcset=\"https:\/\/meterny.com\/wp-content\/uploads\/2024\/10\/WPC-Colour-Card@3x.png 800w, https:\/\/meterny.com\/wp-content\/uploads\/2024\/10\/WPC-Colour-Card@3x-300x300.png 300w, https:\/\/meterny.com\/wp-content\/uploads\/2024\/10\/WPC-Colour-Card@3x-150x150.png 150w, https:\/\/meterny.com\/wp-content\/uploads\/2024\/10\/WPC-Colour-Card@3x-768x768.png 768w, https:\/\/meterny.com\/wp-content\/uploads\/2024\/10\/WPC-Colour-Card@3x-600x600.png 600w, https:\/\/meterny.com\/wp-content\/uploads\/2024\/10\/WPC-Colour-Card@3x-100x100.png 100w\" sizes=\"auto, (max-width: 1024px) 100vw, 1024px\" \/><figcaption id=\"caption-attachment-20288\" class=\"wp-caption-text\">Das innovative Design von Meterny zur Verhinderung von Wasserlecks<\/figcaption><\/figure>\n<h3>Kurze Einf\u00fchrung: 3X4m Aluminium-Lamellen-Gazebo<\/h3>\n<hr \/>\n<p id=\"\">Wir pr\u00e4sentieren den 3X4m Louver Aluminium Gazebo, eine stilvolle und funktionelle Beschattungsl\u00f6sung f\u00fcr den Au\u00dfenbereich. Dieser aus einer hochwertigen Aluminiumlegierung gefertigte Pavillon verf\u00fcgt \u00fcber ein modernes Lamellendesign, das eine individuell anpassbare Licht- und L\u00fcftungssteuerung erm\u00f6glicht. Er eignet sich perfekt f\u00fcr G\u00e4rten, Terrassen oder neben Swimmingpools und bietet einen luxuri\u00f6sen und komfortablen Raum zum Entspannen und Genie\u00dfen im Freien. Mit seiner langlebigen Konstruktion und seinem eleganten Aussehen ist dieser Pavillon eine ausgezeichnete Wahl, um Ihr Leben im Freien zu verbessern.<\/p>\n<figure id=\"attachment_16950\" aria-describedby=\"caption-attachment-16950\" style=\"width: 1024px\" class=\"wp-caption alignnone\"><img loading=\"lazy\" decoding=\"async\" class=\"wp-image-16950\" src=\"https:\/\/meterny.com\/wp-content\/uploads\/2024\/09\/About-Meterny@3x.png\" alt=\"Meterny&#039;s Aluminium-Pergola Vergleich mit anderen Pergolen\" width=\"1024\" height=\"1447\" srcset=\"https:\/\/meterny.com\/wp-content\/uploads\/2024\/09\/About-Meterny@3x.png 1787w, https:\/\/meterny.com\/wp-content\/uploads\/2024\/09\/About-Meterny@3x-212x300.png 212w, https:\/\/meterny.com\/wp-content\/uploads\/2024\/09\/About-Meterny@3x-724x1024.png 724w, https:\/\/meterny.com\/wp-content\/uploads\/2024\/09\/About-Meterny@3x-768x1086.png 768w, https:\/\/meterny.com\/wp-content\/uploads\/2024\/09\/About-Meterny@3x-1087x1536.png 1087w, https:\/\/meterny.com\/wp-content\/uploads\/2024\/09\/About-Meterny@3x-1449x2048.png 1449w, https:\/\/meterny.com\/wp-content\/uploads\/2024\/09\/About-Meterny@3x-600x848.png 600w\" sizes=\"auto, (max-width: 1024px) 100vw, 1024px\" \/><figcaption id=\"caption-attachment-16950\" class=\"wp-caption-text\">Meterny-Pergolen im Vergleich zu herk\u00f6mmlichen Pergolen: \u00dcberlegene Eigenschaften<\/figcaption><\/figure>\n<h3>Wenn Sie weitere Einzelheiten erfahren m\u00f6chten, klicken Sie bitte auf diesen Link zu youtube:<a href=\"https:\/\/youtu.be\/XBnrx0OJS2g\" target=\"_blank\" rel=\"noopener\">https:\/\/youtu.be\/XBnrx0OJS2g<\/a><\/h3>\n<figure id=\"attachment_16951\" aria-describedby=\"caption-attachment-16951\" style=\"width: 1024px\" class=\"wp-caption alignnone\"><img loading=\"lazy\" decoding=\"async\" class=\"wp-image-16951\" src=\"https:\/\/meterny.com\/wp-content\/uploads\/2024\/09\/\u753b\u677f-16@3x.png\" alt=\"Meterny&#039;s Aluminum Pergola exklusives Patent Design\" width=\"1024\" height=\"1448\" srcset=\"https:\/\/meterny.com\/wp-content\/uploads\/2024\/09\/\u753b\u677f-16@3x.png 1787w, https:\/\/meterny.com\/wp-content\/uploads\/2024\/09\/\u753b\u677f-16@3x-212x300.png 212w, https:\/\/meterny.com\/wp-content\/uploads\/2024\/09\/\u753b\u677f-16@3x-724x1024.png 724w, https:\/\/meterny.com\/wp-content\/uploads\/2024\/09\/\u753b\u677f-16@3x-768x1086.png 768w, https:\/\/meterny.com\/wp-content\/uploads\/2024\/09\/\u753b\u677f-16@3x-1086x1536.png 1086w, https:\/\/meterny.com\/wp-content\/uploads\/2024\/09\/\u753b\u677f-16@3x-1448x2048.png 1448w, https:\/\/meterny.com\/wp-content\/uploads\/2024\/09\/\u753b\u677f-16@3x-600x848.png 600w\" sizes=\"auto, (max-width: 1024px) 100vw, 1024px\" \/><figcaption id=\"caption-attachment-16951\" class=\"wp-caption-text\">Das patentierte Design von Meterny: Eine Pergola wie keine andere<\/figcaption><\/figure>\n<h3>Warum sollten Sie sich f\u00fcr die 3X4m Aluminium-Lamellen-Gazebo von Meterny entscheiden?<\/h3>\n<p id=\"\">Wenn Sie einen Pavillon f\u00fcr Ihren Au\u00dfenbereich in Betracht ziehen, ist der 3X4m Louver Aluminium Gazebo von Meterny aus mehreren Gr\u00fcnden eine hervorragende Wahl:<\/p>\n<ol>\n<li><strong>Hochwertige Materialien<\/strong>:\n<ul>\n<li>Der aus einer hochwertigen Aluminiumlegierung gefertigte Pavillon ist langlebig, widersteht den Witterungseinfl\u00fcssen und beh\u00e4lt im Laufe der Zeit sein elegantes Aussehen.<\/li>\n<\/ul>\n<\/li>\n<li><strong>Innovatives Lamellendesign<\/strong>:\n<ul>\n<li>Das einzigartige Lamellendesign erm\u00f6glicht es Ihnen, den Grad der Beleuchtung und Bel\u00fcftung an Ihre Bed\u00fcrfnisse anzupassen und so eine individuell gestaltbare Au\u00dfenumgebung zu schaffen, die perfekt f\u00fcr jede Gelegenheit ist.<\/li>\n<\/ul>\n<\/li>\n<li><strong>Stilvolle und moderne \u00c4sthetik<\/strong>:\n<ul>\n<li>Mit seinem eleganten und modernen Design verleiht der Pavillon Ihrem Au\u00dfenbereich einen raffinierten Touch und erg\u00e4nzt jede Garten- oder Terrassenlandschaft.<\/li>\n<\/ul>\n<\/li>\n<li><strong>Vielseitige Verwendung<\/strong>:\n<ul>\n<li>Der Pavillon ist ideal f\u00fcr eine Vielzahl von Aktivit\u00e4ten im Freien, wie z. B. Essen, Faulenzen und die Bewirtung von G\u00e4sten, und bietet eine vielseitige und funktionelle Beschattungsl\u00f6sung.<\/li>\n<\/ul>\n<\/li>\n<li><strong>Langlebigkeit und Wetterbest\u00e4ndigkeit<\/strong>:\n<ul>\n<li>Die Aluminiumkonstruktion sorgt daf\u00fcr, dass der Pavillon korrosions- und witterungsbest\u00e4ndig ist, was ihn zu einer zuverl\u00e4ssigen Wahl f\u00fcr den ganzj\u00e4hrigen Einsatz macht.<\/li>\n<\/ul>\n<\/li>\n<li><strong>Einfache Montage und Wartung<\/strong>:\n<ul>\n<li>Der Pavillon ist f\u00fcr eine einfache Installation konzipiert und wird mit einer umfassenden Anleitung geliefert, die einen schnellen und m\u00fchelosen Aufbau erm\u00f6glicht. Au\u00dferdem ist der Wartungsaufwand minimal, so dass der Pavillon \u00fcber Jahre hinweg in einem hervorragenden Zustand bleibt.<\/li>\n<\/ul>\n<\/li>\n<li><strong>Anpassbare Optionen<\/strong>:\n<ul>\n<li>Meterny bietet anpassbare Optionen, wie z.B. verschiedene Farben und Gr\u00f6\u00dfen, die es Ihnen erm\u00f6glichen, den Pavillon an Ihre spezifischen Vorlieben und Ihren Au\u00dfenbereich anzupassen.<\/li>\n<\/ul>\n<\/li>\n<\/ol>\n<p id=\"\">Zusammenfassend l\u00e4sst sich sagen, dass die 3X4m Louver Aluminium Gazebo von Meterny erstklassige Qualit\u00e4t, innovatives Design und Vielseitigkeit vereint und somit eine ideale Wahl f\u00fcr die Verbesserung Ihres Outdoor-Wohngef\u00fchls ist. Die langlebige Konstruktion, die stilvolle \u00c4sthetik und die anpassbaren Optionen sorgen daf\u00fcr, dass Sie viele Jahre lang Freude an Ihrem Haus haben werden.<\/p>","protected":false},"excerpt":{"rendered":"<p>Schaffen Sie sich einen stilvollen und wetterfesten R\u00fcckzugsort im Freien mit dem wasserdichten Pavillon aus Aluminium, der elegantes Design mit dauerhafter Leistung kombiniert.<\/p>","protected":false},"featured_media":17053,"comment_status":"open","ping_status":"closed","template":"","meta":{"_uag_custom_page_level_css":"","site-sidebar-layout":"default","site-content-layout":"","ast-site-content-layout":"default","site-content-style":"default","site-sidebar-style":"default","ast-global-header-display":"","ast-banner-title-visibility":"","ast-main-header-display":"","ast-hfb-above-header-display":"","ast-hfb-below-header-display":"","ast-hfb-mobile-header-display":"","site-post-title":"","ast-breadcrumbs-content":"","ast-featured-img":"","footer-sml-layout":"","theme-transparent-header-meta":"default","adv-header-id-meta":"","stick-header-meta":"default","header-above-stick-meta":"","header-main-stick-meta":"","header-below-stick-meta":"","astra-migrate-meta-layouts":"set","ast-page-background-enabled":"default","ast-page-background-meta":{"desktop":{"background-color":"var(--ast-global-color-4)","background-image":"","background-repeat":"repeat","background-position":"center center","background-size":"auto","background-attachment":"scroll","background-type":"","background-media":"","overlay-type":"","overlay-color":"","overlay-opacity":"","overlay-gradient":""},"tablet":{"background-color":"","background-image":"","background-repeat":"repeat","background-position":"center center","background-size":"auto","background-attachment":"scroll","background-type":"","background-media":"","overlay-type":"","overlay-color":"","overlay-opacity":"","overlay-gradient":""},"mobile":{"background-color":"","background-image":"","background-repeat":"repeat","background-position":"center center","background-size":"auto","background-attachment":"scroll","background-type":"","background-media":"","overlay-type":"","overlay-color":"","overlay-opacity":"","overlay-gradient":""}},"ast-content-background-meta":{"desktop":{"background-color":"var(--ast-global-color-5)","background-image":"","background-repeat":"repeat","background-position":"center center","background-size":"auto","background-attachment":"scroll","background-type":"","background-media":"","overlay-type":"","overlay-color":"","overlay-opacity":"","overlay-gradient":""},"tablet":{"background-color":"var(--ast-global-color-5)","background-image":"","background-repeat":"repeat","background-position":"center center","background-size":"auto","background-attachment":"scroll","background-type":"","background-media":"","overlay-type":"","overlay-color":"","overlay-opacity":"","overlay-gradient":""},"mobile":{"background-color":"var(--ast-global-color-5)","background-image":"","background-repeat":"repeat","background-position":"center center","background-size":"auto","background-attachment":"scroll","background-type":"","background-media":"","overlay-type":"","overlay-color":"","overlay-opacity":"","overlay-gradient":""}}},"product_brand":[],"product_cat":[18],"product_tag":[219,217,218,216],"class_list":{"0":"post-18099","1":"product","2":"type-product","3":"status-publish","4":"has-post-thumbnail","6":"product_cat-uncategorized","7":"product_tag-aluminum-metal-waterproof-pergola","8":"product_tag-aluminum-pavilion","9":"product_tag-metal-pavilion","10":"product_tag-waterproof-pavilion","11":"desktop-align-center","12":"tablet-align-left","13":"mobile-align-left","14":"ast-product-gallery-layout-horizontal-slider","15":"ast-product-single-variable","16":"ast-product-tabs-layout-vertical","18":"first","19":"instock","20":"shipping-taxable","21":"product-type-variable"},"uagb_featured_image_src":{"full":["https:\/\/meterny.com\/wp-content\/uploads\/2024\/09\/mmexport1662711134665.jpg",739,738,false],"thumbnail":["https:\/\/meterny.com\/wp-content\/uploads\/2024\/09\/mmexport1662711134665-150x150.jpg",150,150,true],"medium":["https:\/\/meterny.com\/wp-content\/uploads\/2024\/09\/mmexport1662711134665-300x300.jpg",300,300,true],"medium_large":["https:\/\/meterny.com\/wp-content\/uploads\/2024\/09\/mmexport1662711134665.jpg",739,738,false],"large":["https:\/\/meterny.com\/wp-content\/uploads\/2024\/09\/mmexport1662711134665.jpg",739,738,false],"1536x1536":["https:\/\/meterny.com\/wp-content\/uploads\/2024\/09\/mmexport1662711134665.jpg",739,738,false],"2048x2048":["https:\/\/meterny.com\/wp-content\/uploads\/2024\/09\/mmexport1662711134665.jpg",739,738,false],"trp-custom-language-flag":["https:\/\/meterny.com\/wp-content\/uploads\/2024\/09\/mmexport1662711134665.jpg",12,12,false],"woocommerce_thumbnail":["https:\/\/meterny.com\/wp-content\/uploads\/2024\/09\/mmexport1662711134665-300x300.jpg",300,300,true],"woocommerce_single":["https:\/\/meterny.com\/wp-content\/uploads\/2024\/09\/mmexport1662711134665-600x599.jpg",600,599,true],"woocommerce_gallery_thumbnail":["https:\/\/meterny.com\/wp-content\/uploads\/2024\/09\/mmexport1662711134665-100x100.jpg",100,100,true]},"uagb_author_info":{"display_name":"meterny","author_link":"https:\/\/meterny.com\/de\/author\/"},"uagb_comment_info":0,"uagb_excerpt":"Create a stylish and weather-resistant outdoor haven with the Aluminum Metal Waterproof Pavilion, combining sleek design with durable performance.","_links":{"self":[{"href":"https:\/\/meterny.com\/de\/wp-json\/wp\/v2\/product\/18099","targetHints":{"allow":["GET"]}}],"collection":[{"href":"https:\/\/meterny.com\/de\/wp-json\/wp\/v2\/product"}],"about":[{"href":"https:\/\/meterny.com\/de\/wp-json\/wp\/v2\/types\/product"}],"replies":[{"embeddable":true,"href":"https:\/\/meterny.com\/de\/wp-json\/wp\/v2\/comments?post=18099"}],"wp:featuredmedia":[{"embeddable":true,"href":"https:\/\/meterny.com\/de\/wp-json\/wp\/v2\/media\/17053"}],"wp:attachment":[{"href":"https:\/\/meterny.com\/de\/wp-json\/wp\/v2\/media?parent=18099"}],"wp:term":[{"taxonomy":"product_brand","embeddable":true,"href":"https:\/\/meterny.com\/de\/wp-json\/wp\/v2\/product_brand?post=18099"},{"taxonomy":"product_cat","embeddable":true,"href":"https:\/\/meterny.com\/de\/wp-json\/wp\/v2\/product_cat?post=18099"},{"taxonomy":"product_tag","embeddable":true,"href":"https:\/\/meterny.com\/de\/wp-json\/wp\/v2\/product_tag?post=18099"}],"curies":[{"name":"wp","href":"https:\/\/api.w.org\/{rel}","templated":true}]}}