{"id":18130,"date":"2024-10-10T13:43:51","date_gmt":"2024-10-10T13:43:51","guid":{"rendered":"https:\/\/meterny.com\/?post_type=product&#038;p=18130"},"modified":"2025-05-24T02:04:28","modified_gmt":"2025-05-24T02:04:28","slug":"4x4m-louver-aluminium-gazebo-aluminium-pergola","status":"publish","type":"product","link":"https:\/\/meterny.com\/de\/produkt\/4x4m-louver-aluminium-gazebo-aluminium-pergola\/","title":{"rendered":"4X4m Louver Aluminium Gazebo Outdoor Aluminium Pavillon Garten Gazebos Modern Aluminium Pergola"},"content":{"rendered":"<h2 style=\"text-align: center;\">4X4m Louver Aluminium Gazebo Outdoor Aluminium Pavillon Garten Gazebos Modern Aluminium Pergola<\/h2>\n<p><strong>Typ<\/strong>: 4X4m Aluminium-Lamellen-Gazebo<\/p>\n<p><strong>Gr\u00f6\u00dfe<\/strong>: angepasst<\/p>\n<p><strong>Oberfl\u00e4che<\/strong>: kundenspezifische Beschichtung\/ Lackierung<\/p>\n<p><strong>Farbe<\/strong>: angepasst<\/p>\n<p><strong>L\u00e4nge<\/strong>: Ma\u00dfgeschneidert<\/p>\n<p><strong>Material<\/strong>: Hochwertige Aluminium-Legierung<\/p>\n<p><strong>Produkt-Technologie<\/strong>: Meterny AquaGuard Anti-Leck-System<\/p>\n<figure id=\"attachment_18300\" aria-describedby=\"caption-attachment-18300\" style=\"width: 1024px\" class=\"wp-caption alignnone\"><img loading=\"lazy\" decoding=\"async\" class=\"wp-image-18300\" src=\"https:\/\/meterny.com\/wp-content\/uploads\/2024\/10\/6-1-1.png\" alt=\"4X4m Aluminium-Lamellen-Gazebo\" width=\"1024\" height=\"512\" srcset=\"https:\/\/meterny.com\/wp-content\/uploads\/2024\/10\/6-1-1.png 2560w, https:\/\/meterny.com\/wp-content\/uploads\/2024\/10\/6-1-1-300x150.png 300w, https:\/\/meterny.com\/wp-content\/uploads\/2024\/10\/6-1-1-1024x512.png 1024w, https:\/\/meterny.com\/wp-content\/uploads\/2024\/10\/6-1-1-768x384.png 768w, https:\/\/meterny.com\/wp-content\/uploads\/2024\/10\/6-1-1-1536x768.png 1536w, https:\/\/meterny.com\/wp-content\/uploads\/2024\/10\/6-1-1-2048x1024.png 2048w, https:\/\/meterny.com\/wp-content\/uploads\/2024\/10\/6-1-1-600x300.png 600w\" sizes=\"auto, (max-width: 1024px) 100vw, 1024px\" \/><figcaption id=\"caption-attachment-18300\" class=\"wp-caption-text\">Schwarze Aluminium-Pergola: Die Neudefinition von Outdoor-Luxus<\/figcaption><\/figure>\n<h3><strong>Produkt\u00fcbersicht<\/strong><\/h3>\n<p id=\"\">Willkommen bei unserem 4x4m Gazebo aus Aluminium mit Lamellen, einer atemberaubenden Erg\u00e4nzung f\u00fcr Ihren Lebensraum im Freien. Gefertigt aus einer hochwertigen Aluminiumlegierung, kombiniert dieser Pavillon Eleganz, Funktionalit\u00e4t und Langlebigkeit, um ein unvergleichliches Outdoor-Erlebnis zu schaffen. Mit seinem eleganten Lamellendesign k\u00f6nnen Sie eine optimale Bel\u00fcftung und Lichtsteuerung genie\u00dfen, was ihn perfekt f\u00fcr eine Vielzahl von Aktivit\u00e4ten und Versammlungen im Freien macht.<\/p>\n<hr \/>\n<h3><strong>Wesentliche Merkmale<\/strong><\/h3>\n<ol>\n<li>\n<p id=\"\"><strong>Hochwertige Aluminium-Legierung<\/strong>: Der aus einer haltbaren Aluminiumlegierung gefertigte Pavillon ist witterungsbest\u00e4ndig und bietet lang anhaltenden Schutz und Freude.<\/p>\n<\/li>\n<li>\n<p id=\"\"><strong>Jalousie-Design<\/strong>: Die Lamellen des Daches erm\u00f6glichen eine hervorragende Bel\u00fcftung und Lichtsteuerung und schaffen einen schattigen und komfortablen Au\u00dfenbereich.<\/p>\n<\/li>\n<li>\n<p id=\"\"><strong>Ger\u00e4umiges Interieur<\/strong>: Mit einer gro\u00dfz\u00fcgigen Grundfl\u00e4che von 4 x 4 m bietet der Pavillon viel Platz zum Essen, Faulenzen und zur Unterhaltung von G\u00e4sten.<\/p>\n<\/li>\n<li>\n<p id=\"\"><strong>Rostbest\u00e4ndig<\/strong>: Die Aluminiumkonstruktion ist rostfrei und sorgt daf\u00fcr, dass Ihr Pavillon \u00fcber Jahre hinweg in einwandfreiem Zustand bleibt.<\/p>\n<\/li>\n<li>\n<p id=\"\"><strong>Anpassbare Optionen<\/strong>: W\u00e4hlen Sie aus einer Reihe von Farben, Oberfl\u00e4chen und Zubeh\u00f6rteilen, um den Pavillon an Ihre speziellen Bed\u00fcrfnisse und Vorlieben anzupassen.<\/p>\n<\/li>\n<li>\n<p id=\"\"><strong>Einfache Installation<\/strong>: Der Pavillon wird mit einer ausf\u00fchrlichen Montageanleitung geliefert, so dass er im Handumdrehen aufgebaut und einsatzbereit ist.<\/p>\n<\/li>\n<li>\n<p id=\"\"><strong>Geringe Wartung<\/strong>: Dank des minimalen Wartungsaufwands k\u00f6nnen Sie mehr Zeit damit verbringen, Ihre Gartenlaube zu genie\u00dfen, und m\u00fcssen sich weniger um die Instandhaltung k\u00fcmmern.<\/p>\n<\/li>\n<\/ol>\n<hr \/>\n<h3><strong>Technische Daten<\/strong><\/h3>\n<ul>\n<li><strong>Abmessungen<\/strong>: 4m x 4m<\/li>\n<li><strong>Material<\/strong>: Hochwertige Aluminiumlegierung<\/li>\n<li><strong>Dach Typ<\/strong>: Jalousie<\/li>\n<li><strong>Farboptionen<\/strong>: [Schwarz\/Wei\u00df\/Braunfarben]<\/li>\n<li><strong>Montagezeit<\/strong>: [1 Tag]<\/li>\n<li><strong>Garantie<\/strong>: [mehr als 10+Jahre]<\/li>\n<\/ul>\n<figure id=\"attachment_16950\" aria-describedby=\"caption-attachment-16950\" style=\"width: 1024px\" class=\"wp-caption alignnone\"><img loading=\"lazy\" decoding=\"async\" class=\"wp-image-16950\" src=\"https:\/\/meterny.com\/wp-content\/uploads\/2024\/09\/About-Meterny@3x.png\" alt=\"Meterny&#039;s Aluminium-Pergola Vergleich mit anderen Pergolen\" width=\"1024\" height=\"1447\" srcset=\"https:\/\/meterny.com\/wp-content\/uploads\/2024\/09\/About-Meterny@3x.png 1787w, https:\/\/meterny.com\/wp-content\/uploads\/2024\/09\/About-Meterny@3x-212x300.png 212w, https:\/\/meterny.com\/wp-content\/uploads\/2024\/09\/About-Meterny@3x-724x1024.png 724w, https:\/\/meterny.com\/wp-content\/uploads\/2024\/09\/About-Meterny@3x-768x1086.png 768w, https:\/\/meterny.com\/wp-content\/uploads\/2024\/09\/About-Meterny@3x-1087x1536.png 1087w, https:\/\/meterny.com\/wp-content\/uploads\/2024\/09\/About-Meterny@3x-1449x2048.png 1449w, https:\/\/meterny.com\/wp-content\/uploads\/2024\/09\/About-Meterny@3x-600x848.png 600w\" sizes=\"auto, (max-width: 1024px) 100vw, 1024px\" \/><figcaption id=\"caption-attachment-16950\" class=\"wp-caption-text\">Meterny-Pergolen im Vergleich zu herk\u00f6mmlichen Pergolen: \u00dcberlegene Eigenschaften<\/figcaption><\/figure>\n<h3><strong>4x4m Louver Aluminium Gazebo bietet eine perfekte Mischung aus Stil, Funktionalit\u00e4t und Langlebigkeit<\/strong><\/h3>\n<hr \/>\n<p id=\"\">Der 4x4m Gazebo aus Aluminium mit Lamellen ist mehr als nur eine Struktur f\u00fcr den Au\u00dfenbereich; er ist ein Zufluchtsort, der eine perfekte Mischung aus Stil, Funktionalit\u00e4t und Haltbarkeit bietet. Egal, ob Sie eine gem\u00fctliche Ecke in Ihrem Garten, einen privaten Essbereich oder einen schattigen Liegeplatz schaffen m\u00f6chten, dieser Pavillon bietet alles.<\/p>\n<h3><strong>Stilvolles Design<\/strong><\/h3>\n<p id=\"\">Mit ihrem schlanken und modernen Design verleiht die 4x4m Louver Aluminium Gazebo Ihrem Au\u00dfenbereich einen Hauch von Raffinesse. Die Lamellen des Daches spenden nicht nur Schatten und Privatsph\u00e4re, sondern verleihen Ihrem Garten oder Ihrer Terrasse auch einen einzigartigen \u00e4sthetischen Reiz. Die eleganten Linien und das moderne Aussehen des Pavillons erg\u00e4nzen jede Au\u00dfeneinrichtung und machen ihn zu einem Blickfang auf Ihrem Grundst\u00fcck.<\/p>\n<h3><strong>Funktionsweise<\/strong><\/h3>\n<p id=\"\">Das Lamellendesign des Pavillons sieht nicht nur gut aus, es ist auch unglaublich funktionell. Mit den verstellbaren Jalousien k\u00f6nnen Sie den Lichteinfall und die Bel\u00fcftung des Pavillons steuern und so eine perfekte Umgebung f\u00fcr jede Gelegenheit schaffen. Egal, ob Sie ein sonniges Fr\u00fchst\u00fcck oder eine gem\u00fctliche Abendveranstaltung genie\u00dfen m\u00f6chten, die Lamellen k\u00f6nnen Ihren Bed\u00fcrfnissen entsprechend eingestellt werden.<\/p>\n<h3><strong>Dauerhaftigkeit<\/strong><\/h3>\n<p id=\"\">Der 4x4m Gazebo aus Aluminium mit Lamellen ist aus einer hochwertigen Aluminiumlegierung gefertigt und f\u00fcr eine lange Lebensdauer ausgelegt. Die Aluminiumkonstruktion ist rostfrei und witterungsbest\u00e4ndig und sorgt daf\u00fcr, dass Ihr Pavillon auch in den h\u00e4rtesten Jahreszeiten in einem tadellosen Zustand bleibt. Der starke Rahmen des Pavillons und die langlebigen Materialien sorgen f\u00fcr eine stabile und zuverl\u00e4ssige Struktur, die selbst die schwersten Gartenm\u00f6bel und Accessoires tragen kann.<\/p>\n<h3><strong>Vielseitige Verwendungsm\u00f6glichkeiten<\/strong><\/h3>\n<p id=\"\">Die Vielseitigkeit des 4x4m Louver Aluminium Gazebo macht ihn zu einer ausgezeichneten Wahl f\u00fcr eine Vielzahl von Aktivit\u00e4ten und Zusammenk\u00fcnften im Freien. Verwenden Sie ihn als Essbereich f\u00fcr Mahlzeiten im Freien, als Liegeplatz zum Entspannen mit einem guten Buch oder als Unterhaltungsbereich f\u00fcr die Bewirtung von Freunden und Familie. Das ger\u00e4umige Innere des Pavillons bietet viel Platz f\u00fcr alle Ihre Bed\u00fcrfnisse im Freien, was ihn zu einem wirklich multifunktionalen Lebensraum im Freien macht.<\/p>\n<h3><strong>Einfache Wartung<\/strong><\/h3>\n<p id=\"\">Im Gegensatz zu traditionellen Holzpavillons erfordert die Aluminiumkonstruktion des 4x4m Louver Aluminium Gazebo nur minimale Wartung. Da kein Anstrich oder keine Versiegelung erforderlich ist, k\u00f6nnen Sie mehr Zeit damit verbringen, Ihre Gartenlaube zu genie\u00dfen und m\u00fcssen sich weniger Gedanken \u00fcber die Instandhaltung machen. Reinigen Sie die Gartenlaube einfach mit einer milden Seifen- und Wasserl\u00f6sung, und sie wird f\u00fcr die n\u00e4chsten Jahre wie neu aussehen.<\/p>\n<h3><strong>Anpassbare Optionen<\/strong><\/h3>\n<p id=\"\">M\u00f6chten Sie die Gartenlaube an Ihre speziellen Bed\u00fcrfnisse und Vorlieben anpassen? Wir bieten eine Reihe von anpassbaren Optionen, einschlie\u00dflich Farben, Oberfl\u00e4chen und Zubeh\u00f6r. W\u00e4hlen Sie aus einer Vielzahl von atemberaubenden Farben, die zu Ihrer Au\u00dfeneinrichtung passen, oder f\u00fcgen Sie Zubeh\u00f6r wie Vorh\u00e4nge, Beleuchtung und Ventilatoren hinzu, um Ihr Outdoor-Erlebnis zu verbessern.<\/p>\n<h3>Wenn Sie weitere Einzelheiten erfahren m\u00f6chten, klicken Sie bitte auf diesen Link zu youtube:<a href=\"https:\/\/youtu.be\/XBnrx0OJS2g\" target=\"_blank\" rel=\"noopener\">https:\/\/youtu.be\/XBnrx0OJS2g<\/a><\/h3>\n<figure id=\"attachment_20288\" aria-describedby=\"caption-attachment-20288\" style=\"width: 1024px\" class=\"wp-caption alignnone\"><img loading=\"lazy\" decoding=\"async\" class=\"wp-image-20288\" src=\"https:\/\/meterny.com\/wp-content\/uploads\/2024\/10\/WPC-Colour-Card@3x.png\" alt=\"Meterny&#039;s Aluminium Pergola Wasser Leckage Pr\u00e4vention Design\" width=\"1024\" height=\"1024\" srcset=\"https:\/\/meterny.com\/wp-content\/uploads\/2024\/10\/WPC-Colour-Card@3x.png 800w, https:\/\/meterny.com\/wp-content\/uploads\/2024\/10\/WPC-Colour-Card@3x-300x300.png 300w, https:\/\/meterny.com\/wp-content\/uploads\/2024\/10\/WPC-Colour-Card@3x-150x150.png 150w, https:\/\/meterny.com\/wp-content\/uploads\/2024\/10\/WPC-Colour-Card@3x-768x768.png 768w, https:\/\/meterny.com\/wp-content\/uploads\/2024\/10\/WPC-Colour-Card@3x-600x600.png 600w, https:\/\/meterny.com\/wp-content\/uploads\/2024\/10\/WPC-Colour-Card@3x-100x100.png 100w\" sizes=\"auto, (max-width: 1024px) 100vw, 1024px\" \/><figcaption id=\"caption-attachment-20288\" class=\"wp-caption-text\">Das innovative Design von Meterny zur Verhinderung von Wasserlecks<\/figcaption><\/figure>\n<figure id=\"attachment_16951\" aria-describedby=\"caption-attachment-16951\" style=\"width: 1024px\" class=\"wp-caption alignnone\"><img loading=\"lazy\" decoding=\"async\" class=\"wp-image-16951\" src=\"https:\/\/meterny.com\/wp-content\/uploads\/2024\/09\/\u753b\u677f-16@3x.png\" alt=\"Meterny&#039;s Aluminum Pergola exklusives Patent Design\" width=\"1024\" height=\"1448\" srcset=\"https:\/\/meterny.com\/wp-content\/uploads\/2024\/09\/\u753b\u677f-16@3x.png 1787w, https:\/\/meterny.com\/wp-content\/uploads\/2024\/09\/\u753b\u677f-16@3x-212x300.png 212w, https:\/\/meterny.com\/wp-content\/uploads\/2024\/09\/\u753b\u677f-16@3x-724x1024.png 724w, https:\/\/meterny.com\/wp-content\/uploads\/2024\/09\/\u753b\u677f-16@3x-768x1086.png 768w, https:\/\/meterny.com\/wp-content\/uploads\/2024\/09\/\u753b\u677f-16@3x-1086x1536.png 1086w, https:\/\/meterny.com\/wp-content\/uploads\/2024\/09\/\u753b\u677f-16@3x-1448x2048.png 1448w, https:\/\/meterny.com\/wp-content\/uploads\/2024\/09\/\u753b\u677f-16@3x-600x848.png 600w\" sizes=\"auto, (max-width: 1024px) 100vw, 1024px\" \/><figcaption id=\"caption-attachment-16951\" class=\"wp-caption-text\">Das patentierte Design von Meterny: Eine Pergola wie keine andere<\/figcaption><\/figure>\n<h3>Warum sollten Sie sich f\u00fcr die Meterny's 4X4m Louver Aluminium Gazebo entscheiden?<\/h3>\n<ol>\n<li>\n<p id=\"\"><strong>Langlebigkeit und Wetterbest\u00e4ndigkeit<\/strong>: Der Pavillon ist aus hochwertigem Aluminium gefertigt, das f\u00fcr seine Festigkeit und Rost- und Korrosionsbest\u00e4ndigkeit bekannt ist. Dies gew\u00e4hrleistet, dass der Pavillon den Elementen standh\u00e4lt und auch bei rauen Wetterbedingungen viele Jahre lang h\u00e4lt.<\/p>\n<\/li>\n<li>\n<p id=\"\"><strong>Einstellbare Lamellen f\u00fcr individuellen Komfort<\/strong>: Die Lamellen des Daches k\u00f6nnen so eingestellt werden, dass die Menge des Sonnenlichts, des Schattens und der Bel\u00fcftung, die in den Pavillon eindringen, gesteuert werden kann. Mit dieser Funktion k\u00f6nnen Sie einen individuellen Au\u00dfenbereich schaffen, der Ihren Bed\u00fcrfnissen und Vorlieben entspricht, egal ob Sie einen sonnigen Nachmittag oder einen k\u00fchlen, schattigen R\u00fcckzugsort genie\u00dfen m\u00f6chten.<\/p>\n<\/li>\n<li>\n<p id=\"\"><strong>Ger\u00e4umiges und vielseitiges Design<\/strong>: Mit einer Grundfl\u00e4che von 4x4 m bietet der Pavillon reichlich Platz f\u00fcr eine Vielzahl von Aktivit\u00e4ten. Er eignet sich perfekt f\u00fcr Familienfeiern, zwanglose Treffen mit Freunden oder einfach nur, um eine ruhige Zeit im Freien zu genie\u00dfen. Durch sein vielseitiges Design ist er sowohl f\u00fcr private als auch f\u00fcr gewerbliche Au\u00dfenbereiche geeignet.<\/p>\n<\/li>\n<li>\n<p id=\"\"><strong>Stilvolle und moderne \u00c4sthetik<\/strong>: Das schlichte und moderne Design des Pavillons Meterny verleiht jedem Au\u00dfenbereich einen Hauch von Raffinesse. Die eleganten Linien und die zeitgen\u00f6ssische \u00c4sthetik erg\u00e4nzen Ihre Au\u00dfendekoration und werten Ihren Garten, Ihre Terrasse oder Ihren Hinterhof insgesamt auf.<\/p>\n<\/li>\n<li>\n<p id=\"\"><strong>Geringe Wartung<\/strong>: Im Gegensatz zu traditionellen Holzpavillons erfordert die Aluminiumkonstruktion des Pavillons Meterny nur minimale Wartung. Das bedeutet, dass Sie mehr Zeit damit verbringen k\u00f6nnen, Ihren Pavillon zu genie\u00dfen, und weniger Zeit damit, sich um die Instandhaltung zu k\u00fcmmern.<\/p>\n<\/li>\n<li>\n<p id=\"\"><strong>Ausgezeichneter Kundenservice<\/strong>: Meterny bietet einen au\u00dfergew\u00f6hnlichen Kundenservice, der sicherstellt, dass Sie von der Anfrage bis zur Installation eine positive Erfahrung machen. Unser Expertenteam steht Ihnen mit Rat und Tat zur Seite, damit Sie die beste Wahl f\u00fcr Ihren Au\u00dfenbereich treffen k\u00f6nnen.<\/p>\n<\/li>\n<li>\n<p id=\"\"><strong>Preis-Leistungs-Verh\u00e4ltnis<\/strong>: In Anbetracht der hervorragenden Qualit\u00e4t, des stilvollen Designs und der vielseitigen Funktionalit\u00e4t bietet die Meterny 4x4m Louver Aluminium Gazebo ein au\u00dfergew\u00f6hnliches Preis-Leistungs-Verh\u00e4ltnis. Es ist eine Investition in Ihr Leben im Freien, die Ihnen lange Freude und Komfort bieten wird.<\/p>\n<\/li>\n<\/ol>\n<p id=\"\">Zusammenfassend l\u00e4sst sich sagen, dass der 4x4m Louver Aluminium Gazebo von Meterny eine gro\u00dfartige Wahl f\u00fcr alle ist, die ihr Leben im Freien mit einem langlebigen, stilvollen und vielseitigen Gazebo bereichern m\u00f6chten.<\/p>","protected":false},"excerpt":{"rendered":"<p>Schaffen Sie sich einen stilvollen und wetterfesten R\u00fcckzugsort im Freien mit dem wasserdichten Pavillon aus Aluminium, der elegantes Design mit dauerhafter Leistung kombiniert.<\/p>","protected":false},"featured_media":18300,"comment_status":"open","ping_status":"closed","template":"","meta":{"_uag_custom_page_level_css":"","site-sidebar-layout":"default","site-content-layout":"","ast-site-content-layout":"default","site-content-style":"default","site-sidebar-style":"default","ast-global-header-display":"","ast-banner-title-visibility":"","ast-main-header-display":"","ast-hfb-above-header-display":"","ast-hfb-below-header-display":"","ast-hfb-mobile-header-display":"","site-post-title":"","ast-breadcrumbs-content":"","ast-featured-img":"","footer-sml-layout":"","theme-transparent-header-meta":"default","adv-header-id-meta":"","stick-header-meta":"default","header-above-stick-meta":"","header-main-stick-meta":"","header-below-stick-meta":"","astra-migrate-meta-layouts":"set","ast-page-background-enabled":"default","ast-page-background-meta":{"desktop":{"background-color":"var(--ast-global-color-4)","background-image":"","background-repeat":"repeat","background-position":"center center","background-size":"auto","background-attachment":"scroll","background-type":"","background-media":"","overlay-type":"","overlay-color":"","overlay-opacity":"","overlay-gradient":""},"tablet":{"background-color":"","background-image":"","background-repeat":"repeat","background-position":"center center","background-size":"auto","background-attachment":"scroll","background-type":"","background-media":"","overlay-type":"","overlay-color":"","overlay-opacity":"","overlay-gradient":""},"mobile":{"background-color":"","background-image":"","background-repeat":"repeat","background-position":"center center","background-size":"auto","background-attachment":"scroll","background-type":"","background-media":"","overlay-type":"","overlay-color":"","overlay-opacity":"","overlay-gradient":""}},"ast-content-background-meta":{"desktop":{"background-color":"var(--ast-global-color-5)","background-image":"","background-repeat":"repeat","background-position":"center center","background-size":"auto","background-attachment":"scroll","background-type":"","background-media":"","overlay-type":"","overlay-color":"","overlay-opacity":"","overlay-gradient":""},"tablet":{"background-color":"var(--ast-global-color-5)","background-image":"","background-repeat":"repeat","background-position":"center center","background-size":"auto","background-attachment":"scroll","background-type":"","background-media":"","overlay-type":"","overlay-color":"","overlay-opacity":"","overlay-gradient":""},"mobile":{"background-color":"var(--ast-global-color-5)","background-image":"","background-repeat":"repeat","background-position":"center center","background-size":"auto","background-attachment":"scroll","background-type":"","background-media":"","overlay-type":"","overlay-color":"","overlay-opacity":"","overlay-gradient":""}}},"product_brand":[],"product_cat":[18],"product_tag":[219,217,218,216],"class_list":{"0":"post-18130","1":"product","2":"type-product","3":"status-publish","4":"has-post-thumbnail","6":"product_cat-uncategorized","7":"product_tag-aluminum-metal-waterproof-pergola","8":"product_tag-aluminum-pavilion","9":"product_tag-metal-pavilion","10":"product_tag-waterproof-pavilion","11":"desktop-align-center","12":"tablet-align-left","13":"mobile-align-left","14":"ast-product-gallery-layout-horizontal-slider","15":"ast-product-single-variable","16":"ast-product-tabs-layout-vertical","18":"first","19":"instock","20":"shipping-taxable","21":"product-type-variable"},"uagb_featured_image_src":{"full":["https:\/\/meterny.com\/wp-content\/uploads\/2024\/10\/6-1-1.png",2560,1280,false],"thumbnail":["https:\/\/meterny.com\/wp-content\/uploads\/2024\/10\/6-1-1-150x150.png",150,150,true],"medium":["https:\/\/meterny.com\/wp-content\/uploads\/2024\/10\/6-1-1-300x150.png",300,150,true],"medium_large":["https:\/\/meterny.com\/wp-content\/uploads\/2024\/10\/6-1-1-768x384.png",768,384,true],"large":["https:\/\/meterny.com\/wp-content\/uploads\/2024\/10\/6-1-1-1024x512.png",1024,512,true],"1536x1536":["https:\/\/meterny.com\/wp-content\/uploads\/2024\/10\/6-1-1-1536x768.png",1536,768,true],"2048x2048":["https:\/\/meterny.com\/wp-content\/uploads\/2024\/10\/6-1-1-2048x1024.png",2048,1024,true],"trp-custom-language-flag":["https:\/\/meterny.com\/wp-content\/uploads\/2024\/10\/6-1-1.png",18,9,false],"woocommerce_thumbnail":["https:\/\/meterny.com\/wp-content\/uploads\/2024\/10\/6-1-1-300x300.png",300,300,true],"woocommerce_single":["https:\/\/meterny.com\/wp-content\/uploads\/2024\/10\/6-1-1-600x300.png",600,300,true],"woocommerce_gallery_thumbnail":["https:\/\/meterny.com\/wp-content\/uploads\/2024\/10\/6-1-1-100x100.png",100,100,true]},"uagb_author_info":{"display_name":"meterny","author_link":"https:\/\/meterny.com\/de\/author\/"},"uagb_comment_info":0,"uagb_excerpt":"Create a stylish and weather-resistant outdoor haven with the Aluminum Metal Waterproof Pavilion, combining sleek design with durable performance.","_links":{"self":[{"href":"https:\/\/meterny.com\/de\/wp-json\/wp\/v2\/product\/18130","targetHints":{"allow":["GET"]}}],"collection":[{"href":"https:\/\/meterny.com\/de\/wp-json\/wp\/v2\/product"}],"about":[{"href":"https:\/\/meterny.com\/de\/wp-json\/wp\/v2\/types\/product"}],"replies":[{"embeddable":true,"href":"https:\/\/meterny.com\/de\/wp-json\/wp\/v2\/comments?post=18130"}],"wp:featuredmedia":[{"embeddable":true,"href":"https:\/\/meterny.com\/de\/wp-json\/wp\/v2\/media\/18300"}],"wp:attachment":[{"href":"https:\/\/meterny.com\/de\/wp-json\/wp\/v2\/media?parent=18130"}],"wp:term":[{"taxonomy":"product_brand","embeddable":true,"href":"https:\/\/meterny.com\/de\/wp-json\/wp\/v2\/product_brand?post=18130"},{"taxonomy":"product_cat","embeddable":true,"href":"https:\/\/meterny.com\/de\/wp-json\/wp\/v2\/product_cat?post=18130"},{"taxonomy":"product_tag","embeddable":true,"href":"https:\/\/meterny.com\/de\/wp-json\/wp\/v2\/product_tag?post=18130"}],"curies":[{"name":"wp","href":"https:\/\/api.w.org\/{rel}","templated":true}]}}