{"id":18192,"date":"2024-10-10T13:46:51","date_gmt":"2024-10-10T13:46:51","guid":{"rendered":"https:\/\/meterny.com\/?post_type=product&#038;p=18192"},"modified":"2025-05-24T02:06:53","modified_gmt":"2025-05-24T02:06:53","slug":"aluminum-pavilion-pergola","status":"publish","type":"product","link":"https:\/\/meterny.com\/de\/produkt\/aluminum-pavilion-pergola\/","title":{"rendered":"Balkon Aluminium-Pavillon Pergola Markisen Aluminium-Laubengang \u00d6ffnungsdach Bioklimatische Lamellen-Pergola"},"content":{"rendered":"<h2 style=\"text-align: center;\">Balkon Aluminium-Pavillon Pergola Markisen Aluminium-Laubengang \u00d6ffnungsdach Bioklimatische Lamellen-Pergola<\/h2>\n<p><strong>Typ<\/strong>: Balkon Aluminium-Pavillon Pergola Markisen Aluminium-Laubengang \u00d6ffnungsdach Bioklimatische Lamellen-Pergola<\/p>\n<p><strong>Gr\u00f6\u00dfe<\/strong>: angepasst<\/p>\n<p><strong>Oberfl\u00e4che<\/strong>: kundenspezifische Beschichtung\/ Lackierung<\/p>\n<p><strong>Farbe<\/strong>: angepasst<\/p>\n<p><strong>L\u00e4nge<\/strong>: Ma\u00dfgeschneidert<\/p>\n<p><strong>Material<\/strong>: Hochwertige Aluminium-Legierung<\/p>\n<p><strong>Produkt-Technologie<\/strong>: Meterny AquaGuard Anti-Leck-System<\/p>\n<figure id=\"attachment_17061\" aria-describedby=\"caption-attachment-17061\" style=\"width: 1024px\" class=\"wp-caption alignnone\"><img loading=\"lazy\" decoding=\"async\" class=\"wp-image-17061\" src=\"https:\/\/meterny.com\/wp-content\/uploads\/2024\/09\/49-2.png\" alt=\"Aluminium-Pavillon Pergola\" width=\"1024\" height=\"1024\" srcset=\"https:\/\/meterny.com\/wp-content\/uploads\/2024\/09\/49-2.png 800w, https:\/\/meterny.com\/wp-content\/uploads\/2024\/09\/49-2-300x300.png 300w, https:\/\/meterny.com\/wp-content\/uploads\/2024\/09\/49-2-150x150.png 150w, https:\/\/meterny.com\/wp-content\/uploads\/2024\/09\/49-2-768x768.png 768w, https:\/\/meterny.com\/wp-content\/uploads\/2024\/09\/49-2-600x600.png 600w, https:\/\/meterny.com\/wp-content\/uploads\/2024\/09\/49-2-100x100.png 100w\" sizes=\"auto, (max-width: 1024px) 100vw, 1024px\" \/><figcaption id=\"caption-attachment-17061\" class=\"wp-caption-text\">Wei\u00dfe Aluminium-Pergola f\u00fcr komfortable Outdoor-Lounges<\/figcaption><\/figure>\n<p>Die Aluminium-Pavillon-Pergola ist die perfekte L\u00f6sung, um einen gesch\u00fctzten Au\u00dfenbereich zu schaffen, ideal f\u00fcr G\u00e4rten, Terrassen oder Poolbereiche. Die aus hochwertigem Aluminium gefertigte Aluminium-Pavillon-Pergola bietet mit ihrem wasserdichten Design robusten Schutz vor den Elementen. Die schlanke, moderne Struktur ist auf Langlebigkeit ausgelegt und bietet eine langlebige und wartungsarme L\u00f6sung f\u00fcr den Genuss im Freien. Egal, ob Sie Veranstaltungen ausrichten oder einen ruhigen R\u00fcckzugsort suchen, dieser Pavillon bietet Komfort und Eleganz, w\u00e4hrend er gleichzeitig vollen Schutz vor Regen und rauem Wetter gew\u00e4hrleistet.<\/p>\n<h3><strong>Produkt\u00fcbersicht<\/strong><\/h3>\n<p id=\"\">Willkommen auf unserer Aluminium-Pavillon-Pergola-Produktseite! Diese Pergola ist mit ihrem eleganten Design, ihrer au\u00dfergew\u00f6hnlichen Haltbarkeit und ihren hervorragenden Beschattungsm\u00f6glichkeiten die perfekte Wahl f\u00fcr Freizeitr\u00e4ume im Freien. Sie ist aus einer hochwertigen Aluminiumlegierung gefertigt und kombiniert moderne Handwerkskunst mit klassischer \u00c4sthetik. Sie verleiht Ihrem Garten, Ihrer Terrasse oder Ihrem Innenhof eine einzigartige Note.<\/p>\n<hr \/>\n<h3><strong>Produktmerkmale<\/strong><\/h3>\n<h4>1. <strong>Hochwertige Aluminium-Legierung<\/strong><\/h4>\n<ul>\n<li><strong>Korrosionsbest\u00e4ndig<\/strong>: Die Aluminiumlegierung weist von Natur aus eine ausgezeichnete Korrosionsbest\u00e4ndigkeit auf und beh\u00e4lt auch in feuchten oder regnerischen Umgebungen ihr neuwertiges Aussehen.<\/li>\n<li><strong>Leicht und doch robust<\/strong>: Im Vergleich zu traditionellen Holz- oder Eisenkonstruktionen ist die Aluminiumlegierung leichter und gleichzeitig hochfest, was die strukturelle Stabilit\u00e4t und Sicherheit gew\u00e4hrleistet.<\/li>\n<li><strong>Einfache Wartung<\/strong>: Es muss nicht h\u00e4ufig gestrichen oder konserviert werden, sondern nur gelegentlich gereinigt werden, um sein gl\u00e4nzendes Aussehen zu erhalten.<\/li>\n<\/ul>\n<h4>2. <strong>Verfeinertes Design<\/strong><\/h4>\n<ul>\n<li><strong>Moderner, minimalistischer Stil<\/strong>: Glatte Linien und einfache geometrische Formen f\u00fcgen sich nahtlos in verschiedene Dekorationsstile im Freien ein.<\/li>\n<li><strong>Verstellbares Dach<\/strong>: Einige Modelle sind mit einem verstellbaren Dach ausgestattet, das Sie je nach Sonneneinstrahlung frei einstellen k\u00f6nnen, um eine optimale Beschattung zu erreichen.<\/li>\n<li><strong>Multifunktionalit\u00e4t<\/strong>: Er dient nicht nur als schattiger Freizeitbereich, sondern auch als Essplatz im Freien, als Leseecke oder als Treffpunkt f\u00fcr die Familie.<\/li>\n<\/ul>\n<h4>3. <strong>Einfache Installation<\/strong><\/h4>\n<ul>\n<li><strong>Modularer Aufbau<\/strong>: Die modulare Bauweise erm\u00f6glicht einen schnellen Auf- und Abbau, ohne dass ein professionelles Bauteam erforderlich ist.<\/li>\n<li><strong>Komplettes Zubeh\u00f6r<\/strong>: Mit einer detaillierten Installationsanleitung und dem erforderlichen Zubeh\u00f6r f\u00fcr eine problemlose Installation.<\/li>\n<\/ul>\n<h4>4. <strong>Anpassungsdienste<\/strong><\/h4>\n<ul>\n<li><strong>Gr\u00f6\u00dfenanpassung<\/strong>: Bietet mehrere Gr\u00f6\u00dfenoptionen oder personalisierte Gr\u00f6\u00dfenanpassung nach Ihren spezifischen Bed\u00fcrfnissen.<\/li>\n<li><strong>Farbauswahl<\/strong>: Neben den Standardfarben kann die Pergola auch farblich angepasst werden, damit sie sich nahtlos in Ihre Au\u00dfenumgebung einf\u00fcgt.<\/li>\n<\/ul>\n<hr \/>\n<h3><strong>Technische Daten<\/strong><\/h3>\n<ul>\n<li><strong>Material<\/strong>: Hochwertige Aluminiumlegierung<\/li>\n<li><strong>Oberfl\u00e4chenbehandlung<\/strong>: Pulverbeschichtung\/Eloxierung (je nach Modell)<\/li>\n<li><strong>Gr\u00f6\u00dfenbereich<\/strong>: Standardgr\u00f6\u00dfe 3m x 3m (Sondergr\u00f6\u00dfen auf Anfrage)<\/li>\n<li><strong>Tragf\u00e4higkeit<\/strong>: ZZZ Kilogramm pro Quadratmeter<\/li>\n<li><strong>Dach Typ<\/strong>: Fest\/einstellbar (optional)<\/li>\n<li><strong>Zus\u00e4tzliche Merkmale<\/strong>: LED-Beleuchtungssystem (optional), elektrischer Sonnenschutzvorhang (optional)<\/li>\n<\/ul>\n<h3>Wenn Sie weitere Einzelheiten erfahren m\u00f6chten, klicken Sie bitte auf diesen Link zu youtube:<a href=\"https:\/\/youtu.be\/88PIb9PK7Bk\" target=\"_blank\" rel=\"noopener\">https:\/\/youtu.be\/88PIb9PK7Bk<\/a><\/h3>\n<figure id=\"attachment_20288\" aria-describedby=\"caption-attachment-20288\" style=\"width: 1024px\" class=\"wp-caption alignnone\"><img loading=\"lazy\" decoding=\"async\" class=\"wp-image-20288\" src=\"https:\/\/meterny.com\/wp-content\/uploads\/2024\/10\/WPC-Colour-Card@3x.png\" alt=\"Meterny&#039;s Aluminium Pergola Wasser Leckage Pr\u00e4vention Design\" width=\"1024\" height=\"1024\" srcset=\"https:\/\/meterny.com\/wp-content\/uploads\/2024\/10\/WPC-Colour-Card@3x.png 800w, https:\/\/meterny.com\/wp-content\/uploads\/2024\/10\/WPC-Colour-Card@3x-300x300.png 300w, https:\/\/meterny.com\/wp-content\/uploads\/2024\/10\/WPC-Colour-Card@3x-150x150.png 150w, https:\/\/meterny.com\/wp-content\/uploads\/2024\/10\/WPC-Colour-Card@3x-768x768.png 768w, https:\/\/meterny.com\/wp-content\/uploads\/2024\/10\/WPC-Colour-Card@3x-600x600.png 600w, https:\/\/meterny.com\/wp-content\/uploads\/2024\/10\/WPC-Colour-Card@3x-100x100.png 100w\" sizes=\"auto, (max-width: 1024px) 100vw, 1024px\" \/><figcaption id=\"caption-attachment-20288\" class=\"wp-caption-text\">Das innovative Design von Meterny zur Verhinderung von Wasserlecks<\/figcaption><\/figure>\n<figure id=\"attachment_16951\" aria-describedby=\"caption-attachment-16951\" style=\"width: 1024px\" class=\"wp-caption alignnone\"><img loading=\"lazy\" decoding=\"async\" class=\"wp-image-16951\" src=\"https:\/\/meterny.com\/wp-content\/uploads\/2024\/09\/\u753b\u677f-16@3x.png\" alt=\"Meterny&#039;s Aluminum Pergola exklusives Patent Design\" width=\"1024\" height=\"1448\" srcset=\"https:\/\/meterny.com\/wp-content\/uploads\/2024\/09\/\u753b\u677f-16@3x.png 1787w, https:\/\/meterny.com\/wp-content\/uploads\/2024\/09\/\u753b\u677f-16@3x-212x300.png 212w, https:\/\/meterny.com\/wp-content\/uploads\/2024\/09\/\u753b\u677f-16@3x-724x1024.png 724w, https:\/\/meterny.com\/wp-content\/uploads\/2024\/09\/\u753b\u677f-16@3x-768x1086.png 768w, https:\/\/meterny.com\/wp-content\/uploads\/2024\/09\/\u753b\u677f-16@3x-1086x1536.png 1086w, https:\/\/meterny.com\/wp-content\/uploads\/2024\/09\/\u753b\u677f-16@3x-1448x2048.png 1448w, https:\/\/meterny.com\/wp-content\/uploads\/2024\/09\/\u753b\u677f-16@3x-600x848.png 600w\" sizes=\"auto, (max-width: 1024px) 100vw, 1024px\" \/><figcaption id=\"caption-attachment-16951\" class=\"wp-caption-text\">Das patentierte Design von Meterny: Eine Pergola wie keine andere<\/figcaption><\/figure>\n<figure id=\"attachment_16950\" aria-describedby=\"caption-attachment-16950\" style=\"width: 1024px\" class=\"wp-caption alignnone\"><img loading=\"lazy\" decoding=\"async\" class=\"wp-image-16950\" src=\"https:\/\/meterny.com\/wp-content\/uploads\/2024\/09\/About-Meterny@3x.png\" alt=\"Meterny&#039;s Aluminium-Pergola Vergleich mit anderen Pergolen\" width=\"1024\" height=\"1447\" srcset=\"https:\/\/meterny.com\/wp-content\/uploads\/2024\/09\/About-Meterny@3x.png 1787w, https:\/\/meterny.com\/wp-content\/uploads\/2024\/09\/About-Meterny@3x-212x300.png 212w, https:\/\/meterny.com\/wp-content\/uploads\/2024\/09\/About-Meterny@3x-724x1024.png 724w, https:\/\/meterny.com\/wp-content\/uploads\/2024\/09\/About-Meterny@3x-768x1086.png 768w, https:\/\/meterny.com\/wp-content\/uploads\/2024\/09\/About-Meterny@3x-1087x1536.png 1087w, https:\/\/meterny.com\/wp-content\/uploads\/2024\/09\/About-Meterny@3x-1449x2048.png 1449w, https:\/\/meterny.com\/wp-content\/uploads\/2024\/09\/About-Meterny@3x-600x848.png 600w\" sizes=\"auto, (max-width: 1024px) 100vw, 1024px\" \/><figcaption id=\"caption-attachment-16950\" class=\"wp-caption-text\">Meterny-Pergolen im Vergleich zu herk\u00f6mmlichen Pergolen: \u00dcberlegene Eigenschaften<\/figcaption><\/figure>\n<h3><strong>Einkaufsf\u00fchrer<\/strong><\/h3>\n<ol>\n<li><strong>Modell und Konfiguration ausw\u00e4hlen<\/strong>: W\u00e4hlen Sie das passende Pergola-Modell, die Gr\u00f6\u00dfe und die optionalen Konfigurationen je nach Ihren Bed\u00fcrfnissen.<\/li>\n<li><strong>Kontakt zum Kundendienst<\/strong>: Wenn Sie Fragen haben oder eine individuelle Anpassung w\u00fcnschen, wenden Sie sich bitte an unseren Kundenservice.<\/li>\n<li><strong>Bestellung aufgeben<\/strong>: Nachdem Sie die Bestelldaten best\u00e4tigt haben, klicken Sie auf die Schaltfl\u00e4che \"Kaufen\", um die Zahlung abzuschlie\u00dfen.<\/li>\n<li><strong>Warten auf den Versand<\/strong>: Wir werden die Produktion und den Versand so schnell wie m\u00f6glich nach Eingang der Bestellung veranlassen, in der Regel mit einer Versanddauer von XX Werktagen.<\/li>\n<li><strong>Installation und Verwendung<\/strong>: Wenn Sie das Produkt erhalten haben, montieren Sie es bitte gem\u00e4\u00df der Montageanleitung und genie\u00dfen Sie Ihr neues Outdoor-Erlebnis!<\/li>\n<\/ol>\n<h3>Warum die Aluminium-Pavillon-Pergola von Meterny w\u00e4hlen?<\/h3>\n<p id=\"\">Die Aluminium-Pavillon-Pergola von Meterny ist aus mehreren \u00fcberzeugenden Gr\u00fcnden eine au\u00dfergew\u00f6hnliche Wahl:<\/p>\n<ol>\n<li>\n<p id=\"\"><strong>Langlebigkeit und Wetterbest\u00e4ndigkeit<\/strong>: Unsere aus einer hochwertigen Aluminiumlegierung gefertigte Pergola ist besonders langlebig und widerstandsf\u00e4hig gegen Witterungseinfl\u00fcsse. Sie ist korrosionsbest\u00e4ndig und beh\u00e4lt ihre Sch\u00f6nheit und Funktionalit\u00e4t auch bei rauen Wetterbedingungen.<\/p>\n<\/li>\n<li>\n<p id=\"\"><strong>Leichtes Gewicht und einfache Installation<\/strong>: Im Gegensatz zu schwereren Materialien wie Holz oder Stahl ist Aluminium leicht und dennoch stabil, wodurch es einfacher zu installieren und zu transportieren ist. Das modulare Design unserer Pergola vereinfacht den Montageprozess, so dass Sie sie schnell und ohne professionelle Hilfe aufstellen k\u00f6nnen.<\/p>\n<\/li>\n<li>\n<p id=\"\"><strong>Anpassbare Optionen<\/strong>: Meterny\uff08Aluminium-Pavillon-Pergola-Hersteller\uff09 bietet eine Reihe von Anpassungsm\u00f6glichkeiten f\u00fcr Ihre individuellen Bed\u00fcrfnisse. Ob Sie eine bestimmte Gr\u00f6\u00dfe, Farbe oder zus\u00e4tzliche Funktionen wie verstellbare D\u00e4cher oder integrierte Beleuchtung bevorzugen, wir k\u00f6nnen die Pergola perfekt auf Ihren Au\u00dfenbereich abstimmen.<\/p>\n<\/li>\n<li>\n<p id=\"\"><strong>Schlankes und modernes Design<\/strong>: Unsere Pergola zeichnet sich durch ein schlichtes, modernes Design aus, das zu jeder Au\u00dfendekoration passt. Ihre klaren Linien und geometrischen Formen sorgen f\u00fcr ein stilvolles und anspruchsvolles Aussehen, das die \u00c4sthetik Ihres Gartens, Ihrer Terrasse oder Ihres Innenhofs unterstreicht.<\/p>\n<\/li>\n<li>\n<p id=\"\"><strong>Hervorragende Beschattung und Bel\u00fcftung<\/strong>: Das Design unserer Pergola bietet eine hervorragende Beschattung und Bel\u00fcftung und schafft so einen komfortablen und angenehmen Au\u00dfenbereich. Egal, ob Sie ein Treffen veranstalten, sich mit einem Buch entspannen oder im Freien speisen m\u00f6chten, unsere Pergola bietet die perfekte Balance zwischen Sonnenschutz und einer angenehmen Brise.<\/p>\n<\/li>\n<li>\n<p id=\"\"><strong>Geringe Wartung<\/strong>: Aluminium ist ein wartungsarmes Material, das nur minimalen Aufwand erfordert, um es in seinem besten Zustand zu erhalten. Mit gelegentlicher Reinigung und ohne Anstrich oder Konservierungsmittel k\u00f6nnen Sie sich jahrelang an Ihrer Pergola erfreuen, ohne sich um die st\u00e4ndige Instandhaltung k\u00fcmmern zu m\u00fcssen.<\/p>\n<\/li>\n<li>\n<p id=\"\"><strong>Kundenorientierter Service<\/strong>: Bei Meterny steht die Kundenzufriedenheit an erster Stelle. Unser engagiertes Kundenservice-Team steht Ihnen bei allen Fragen zur Seite, ber\u00e4t Sie bei der Anpassung und sorgt f\u00fcr einen reibungslosen Einkauf.<\/p>\n<\/li>\n<\/ol>\n<p id=\"\">Zusammenfassend l\u00e4sst sich sagen, dass die Aluminium-Pavillon-Pergola von Meterny Langlebigkeit, Stil, Anpassungsf\u00e4higkeit und Benutzerfreundlichkeit vereint und somit die perfekte Erg\u00e4nzung f\u00fcr Ihren Lebensraum im Freien darstellt. W\u00e4hlen Sie Meterny f\u00fcr eine zuverl\u00e4ssige, sch\u00f6ne und funktionelle Pergola, die Ihren Lebensstil im Freien bereichern wird.<\/p>","protected":false},"excerpt":{"rendered":"<p>Schaffen Sie sich einen stilvollen und wetterfesten R\u00fcckzugsort im Freien mit dem wasserdichten Pavillon aus Aluminium, der elegantes Design mit dauerhafter Leistung kombiniert.<\/p>","protected":false},"featured_media":17061,"comment_status":"open","ping_status":"closed","template":"","meta":{"_uag_custom_page_level_css":"","site-sidebar-layout":"default","site-content-layout":"","ast-site-content-layout":"default","site-content-style":"default","site-sidebar-style":"default","ast-global-header-display":"","ast-banner-title-visibility":"","ast-main-header-display":"","ast-hfb-above-header-display":"","ast-hfb-below-header-display":"","ast-hfb-mobile-header-display":"","site-post-title":"","ast-breadcrumbs-content":"","ast-featured-img":"","footer-sml-layout":"","theme-transparent-header-meta":"default","adv-header-id-meta":"","stick-header-meta":"default","header-above-stick-meta":"","header-main-stick-meta":"","header-below-stick-meta":"","astra-migrate-meta-layouts":"set","ast-page-background-enabled":"default","ast-page-background-meta":{"desktop":{"background-color":"var(--ast-global-color-4)","background-image":"","background-repeat":"repeat","background-position":"center center","background-size":"auto","background-attachment":"scroll","background-type":"","background-media":"","overlay-type":"","overlay-color":"","overlay-opacity":"","overlay-gradient":""},"tablet":{"background-color":"","background-image":"","background-repeat":"repeat","background-position":"center center","background-size":"auto","background-attachment":"scroll","background-type":"","background-media":"","overlay-type":"","overlay-color":"","overlay-opacity":"","overlay-gradient":""},"mobile":{"background-color":"","background-image":"","background-repeat":"repeat","background-position":"center center","background-size":"auto","background-attachment":"scroll","background-type":"","background-media":"","overlay-type":"","overlay-color":"","overlay-opacity":"","overlay-gradient":""}},"ast-content-background-meta":{"desktop":{"background-color":"var(--ast-global-color-5)","background-image":"","background-repeat":"repeat","background-position":"center center","background-size":"auto","background-attachment":"scroll","background-type":"","background-media":"","overlay-type":"","overlay-color":"","overlay-opacity":"","overlay-gradient":""},"tablet":{"background-color":"var(--ast-global-color-5)","background-image":"","background-repeat":"repeat","background-position":"center center","background-size":"auto","background-attachment":"scroll","background-type":"","background-media":"","overlay-type":"","overlay-color":"","overlay-opacity":"","overlay-gradient":""},"mobile":{"background-color":"var(--ast-global-color-5)","background-image":"","background-repeat":"repeat","background-position":"center center","background-size":"auto","background-attachment":"scroll","background-type":"","background-media":"","overlay-type":"","overlay-color":"","overlay-opacity":"","overlay-gradient":""}}},"product_brand":[],"product_cat":[18],"product_tag":[219,217,218,216],"class_list":{"0":"post-18192","1":"product","2":"type-product","3":"status-publish","4":"has-post-thumbnail","6":"product_cat-uncategorized","7":"product_tag-aluminum-metal-waterproof-pergola","8":"product_tag-aluminum-pavilion","9":"product_tag-metal-pavilion","10":"product_tag-waterproof-pavilion","11":"desktop-align-center","12":"tablet-align-left","13":"mobile-align-left","14":"ast-product-gallery-layout-horizontal-slider","15":"ast-product-single-variable","16":"ast-product-tabs-layout-vertical","18":"first","19":"instock","20":"shipping-taxable","21":"product-type-variable"},"uagb_featured_image_src":{"full":["https:\/\/meterny.com\/wp-content\/uploads\/2024\/09\/49-2.png",800,800,false],"thumbnail":["https:\/\/meterny.com\/wp-content\/uploads\/2024\/09\/49-2-150x150.png",150,150,true],"medium":["https:\/\/meterny.com\/wp-content\/uploads\/2024\/09\/49-2-300x300.png",300,300,true],"medium_large":["https:\/\/meterny.com\/wp-content\/uploads\/2024\/09\/49-2-768x768.png",768,768,true],"large":["https:\/\/meterny.com\/wp-content\/uploads\/2024\/09\/49-2.png",800,800,false],"1536x1536":["https:\/\/meterny.com\/wp-content\/uploads\/2024\/09\/49-2.png",800,800,false],"2048x2048":["https:\/\/meterny.com\/wp-content\/uploads\/2024\/09\/49-2.png",800,800,false],"trp-custom-language-flag":["https:\/\/meterny.com\/wp-content\/uploads\/2024\/09\/49-2.png",12,12,false],"woocommerce_thumbnail":["https:\/\/meterny.com\/wp-content\/uploads\/2024\/09\/49-2-300x300.png",300,300,true],"woocommerce_single":["https:\/\/meterny.com\/wp-content\/uploads\/2024\/09\/49-2-600x600.png",600,600,true],"woocommerce_gallery_thumbnail":["https:\/\/meterny.com\/wp-content\/uploads\/2024\/09\/49-2-100x100.png",100,100,true]},"uagb_author_info":{"display_name":"meterny","author_link":"https:\/\/meterny.com\/de\/author\/"},"uagb_comment_info":0,"uagb_excerpt":"Create a stylish and weather-resistant outdoor haven with the Aluminum Metal Waterproof Pavilion, combining sleek design with durable performance.","_links":{"self":[{"href":"https:\/\/meterny.com\/de\/wp-json\/wp\/v2\/product\/18192","targetHints":{"allow":["GET"]}}],"collection":[{"href":"https:\/\/meterny.com\/de\/wp-json\/wp\/v2\/product"}],"about":[{"href":"https:\/\/meterny.com\/de\/wp-json\/wp\/v2\/types\/product"}],"replies":[{"embeddable":true,"href":"https:\/\/meterny.com\/de\/wp-json\/wp\/v2\/comments?post=18192"}],"wp:featuredmedia":[{"embeddable":true,"href":"https:\/\/meterny.com\/de\/wp-json\/wp\/v2\/media\/17061"}],"wp:attachment":[{"href":"https:\/\/meterny.com\/de\/wp-json\/wp\/v2\/media?parent=18192"}],"wp:term":[{"taxonomy":"product_brand","embeddable":true,"href":"https:\/\/meterny.com\/de\/wp-json\/wp\/v2\/product_brand?post=18192"},{"taxonomy":"product_cat","embeddable":true,"href":"https:\/\/meterny.com\/de\/wp-json\/wp\/v2\/product_cat?post=18192"},{"taxonomy":"product_tag","embeddable":true,"href":"https:\/\/meterny.com\/de\/wp-json\/wp\/v2\/product_tag?post=18192"}],"curies":[{"name":"wp","href":"https:\/\/api.w.org\/{rel}","templated":true}]}}