{"id":19558,"date":"2024-12-03T13:52:01","date_gmt":"2024-12-03T13:52:01","guid":{"rendered":"https:\/\/meterny.com\/?post_type=product&#038;p=19558"},"modified":"2025-01-02T12:31:04","modified_gmt":"2025-01-02T12:31:04","slug":"custom-aluminum-baffle-ceiling-with-led","status":"publish","type":"product","link":"https:\/\/meterny.com\/de\/produkt\/custom-aluminum-baffle-ceiling-with-led\/","title":{"rendered":"Benutzerdefinierte Aluminium Baffel Decke mit LED Aluminium-Legierung Baffel Decke Indoor Aluminium Baffel Panels"},"content":{"rendered":"<div class=\"flex-1 overflow-hidden @container\/thread\">\n<div class=\"h-full\">\n<div class=\"react-scroll-to-bottom--css-adndq-79elbk h-full\">\n<div class=\"react-scroll-to-bottom--css-adndq-1n7m0yu\">\n<div class=\"flex flex-col text-sm md:pb-9\">\n<article class=\"w-full scroll-mb-[var(--thread-trailing-height,150px)] text-token-text-primary focus-visible:outline-2 focus-visible:outline-offset-[-4px]\" dir=\"auto\" data-testid=\"conversation-turn-45\" data-scroll-anchor=\"true\">\n<div class=\"m-auto text-base py-[18px] px-3 md:px-4 w-full md:px-5 lg:px-4 xl:px-5\">\n<div class=\"mx-auto flex flex-1 gap-4 text-base md:gap-5 lg:gap-6 md:max-w-3xl lg:max-w-[40rem] xl:max-w-[48rem]\">\n<div class=\"group\/conversation-turn relative flex w-full min-w-0 flex-col agent-turn\">\n<div class=\"flex-col gap-1 md:gap-3\">\n<div class=\"flex max-w-full flex-col flex-grow\">\n<div class=\"min-h-8 text-message flex w-full flex-col items-end gap-2 whitespace-normal break-words text-start [.text-message+&amp;]:mt-5\" dir=\"auto\" data-message-author-role=\"assistant\" data-message-id=\"a894095d-bc8d-4617-b487-c214549caee7\" data-message-model-slug=\"gpt-4o\">\n<div class=\"flex w-full flex-col gap-1 empty:hidden first:pt-[3px]\">\n<div class=\"markdown prose w-full break-words dark:prose-invert light\"><\/div>\n<\/div>\n<\/div>\n<\/div>\n<div class=\"pr-2 lg:pr-0\"><strong style=\"font-size: 1.5em;\">Ma\u00dfgefertigte Aluminium-Schallwanddecke mit LED<\/strong><\/div>\n<div class=\"mt-3 w-full empty:hidden\">\n<div class=\"text-center\">\n<h4><strong>Produkt\u00fcbersicht<\/strong><\/h4>\n<p>Die Custom Aluminium Baffle Ceiling mit LED ist die perfekte Kombination aus innovativem Design, Energieeffizienz und funktionalen Beleuchtungsl\u00f6sungen. Dieses Deckensystem verf\u00fcgt \u00fcber schlanke, lineare Baffeln aus hochwertigem Aluminium, die durch integrierte LED-Beleuchtung erg\u00e4nzt werden. Das anpassbare Design erm\u00f6glicht die Erstellung einzigartiger Muster und Konfigurationen und ist damit die ideale Wahl f\u00fcr eine Vielzahl von gewerblichen, privaten und \u00f6ffentlichen R\u00e4umen. Es wertet nicht nur die \u00c4sthetik eines Raumes auf, sondern verbessert auch die Lichtqualit\u00e4t, reduziert den Energieverbrauch und sorgt f\u00fcr eine moderne, anspruchsvolle Atmosph\u00e4re.<\/p>\n<figure id=\"attachment_16644\" aria-describedby=\"caption-attachment-16644\" style=\"width: 1024px\" class=\"wp-caption alignnone\"><img loading=\"lazy\" decoding=\"async\" class=\"wp-image-16644\" src=\"https:\/\/meterny.com\/wp-content\/uploads\/2024\/07\/Baffle-ceiling-35.png\" alt=\"Ma\u00dfgefertigte Aluminium-Schallwanddecke mit LED\" width=\"1024\" height=\"1024\" srcset=\"https:\/\/meterny.com\/wp-content\/uploads\/2024\/07\/Baffle-ceiling-35.png 800w, https:\/\/meterny.com\/wp-content\/uploads\/2024\/07\/Baffle-ceiling-35-300x300.png 300w, https:\/\/meterny.com\/wp-content\/uploads\/2024\/07\/Baffle-ceiling-35-150x150.png 150w, https:\/\/meterny.com\/wp-content\/uploads\/2024\/07\/Baffle-ceiling-35-768x768.png 768w, https:\/\/meterny.com\/wp-content\/uploads\/2024\/07\/Baffle-ceiling-35-600x600.png 600w, https:\/\/meterny.com\/wp-content\/uploads\/2024\/07\/Baffle-ceiling-35-100x100.png 100w\" sizes=\"auto, (max-width: 1024px) 100vw, 1024px\" \/><figcaption id=\"caption-attachment-16644\" class=\"wp-caption-text\">Ma\u00dfgefertigte Aluminium-Kulissendecke mit LED-Beleuchtung, die Ihre Designvorstellungen unterstreicht.<\/figcaption><\/figure>\n<hr \/>\n<h4><strong>Wesentliche Merkmale<\/strong><\/h4>\n<ul>\n<li><strong>Integrierte LED-Beleuchtung<\/strong>: Energieeffiziente LED-Leuchten, die nahtlos in das Ablenkungssystem integriert sind.<\/li>\n<li><strong>Modernes und schlankes Design<\/strong>: Die linearen Aluminiumpaneele verleihen jedem Raum Raffinesse und Stil.<\/li>\n<li><strong>Anpassbare Konfigurationen<\/strong>: Die Paneele sind in verschiedenen Gr\u00f6\u00dfen, Farben und Ausf\u00fchrungen erh\u00e4ltlich, um Ihren Designvorstellungen zu entsprechen.<\/li>\n<li><strong>Energieeffizient<\/strong>: LED-Leuchten senken den Energieverbrauch und halten deutlich l\u00e4nger als herk\u00f6mmliche Leuchtmittel.<\/li>\n<li><strong>Verbesserte Akustik<\/strong>: Das Schalld\u00e4mpfersystem reduziert Umgebungsger\u00e4usche und Echos und sorgt so f\u00fcr ein ruhigeres Umfeld.<\/li>\n<li><strong>Strapazierf\u00e4hig und langlebig<\/strong>: Die ma\u00dfgefertigte Aluminium-Schallwand mit LED ist feuchtigkeits-, korrosions- und verschlei\u00dfbest\u00e4ndig und garantiert Langlebigkeit in jeder Umgebung.<\/li>\n<li><strong>Umweltfreundlich<\/strong>: Aluminium ist vollst\u00e4ndig recycelbar und unterst\u00fctzt Initiativen f\u00fcr umweltfreundliches Bauen.<\/li>\n<\/ul>\n<hr \/>\n<h4><strong>Anwendungen der kundenspezifischen Aluminium-Kulissendecke mit LED\u00a0<\/strong><\/h4>\n<ul>\n<li><strong>Kommerzielle R\u00e4ume<\/strong>: B\u00fcros, Konferenzr\u00e4ume und Coworking Spaces<\/li>\n<li><strong>Einzelhandel und Gastgewerbe<\/strong>: Hotels, Restaurants, Einzelhandelsgesch\u00e4fte und Ausstellungsr\u00e4ume<\/li>\n<li><strong>\u00d6ffentliche R\u00e4ume<\/strong>: Flugh\u00e4fen, Museen, Bibliotheken, Bildungseinrichtungen<\/li>\n<li><strong>Wohnliche Innenr\u00e4ume<\/strong>: Moderne H\u00e4user, Wohnungen und Heimkinos<\/li>\n<li><strong>Veranstaltungsorte f\u00fcr Unterhaltung<\/strong>: Theater, Galerien und Konzerts\u00e4le<\/li>\n<\/ul>\n<hr \/>\n<h4><strong>Technische Daten von Custom Aluminium Baffle Ceiling mit LED\u00a0<\/strong><\/h4>\n<ul>\n<li><strong>Material<\/strong>: Hochwertige Aluminiumlegierung f\u00fcr Paneele und Geh\u00e4use<\/li>\n<li><strong>LED-Beleuchtung<\/strong>: Energieeffiziente LED-Streifen, die in Umlenkplatten integriert sind<\/li>\n<li><strong>Farboptionen<\/strong>: Kundenspezifische Farben und Ausf\u00fchrungen erh\u00e4ltlich (pulverbeschichtet, eloxiert, Holzmaserung, etc.)<\/li>\n<li><strong>Panel Abmessungen<\/strong>: Anpassbare L\u00e4ngen und Breiten, mit Standard-Panell\u00e4ngen bis zu 4000 mm<\/li>\n<li><strong>Aufh\u00e4ngungssystem<\/strong>: Modulares Montagesystem f\u00fcr eine einfache und pr\u00e4zise Installation<\/li>\n<li><strong>Stromversorgung<\/strong>: Niedervolt-LED-Netzteil f\u00fcr energieeffiziente Beleuchtung<\/li>\n<\/ul>\n<hr \/>\n<h4><strong>Vorteile der kundenspezifischen Aluminium-Kulissendecke mit LED\u00a0<\/strong><\/h4>\n<ol>\n<li><strong>Energieeffiziente Beleuchtung<\/strong>: Die integrierten LED-Leuchten sorgen f\u00fcr eine helle, gleichm\u00e4\u00dfige Beleuchtung und senken gleichzeitig die Energiekosten.<\/li>\n<li><strong>\u00c4sthetische Flexibilit\u00e4t<\/strong>: Die anpassbaren Designs erm\u00f6glichen einzigartige Deckenkonfigurationen, die jeden Einrichtungsstil erg\u00e4nzen.<\/li>\n<li><strong>Akustische Verst\u00e4rkung<\/strong>: Lineare Baffeln absorbieren den Schall, reduzieren den L\u00e4rm und verbessern die Akustik in gro\u00dfen R\u00e4umen.<\/li>\n<li><strong>Langlebige Konstruktion<\/strong>: Die Aluminium-Paneele sind langlebig und widerstehen dem Verschlei\u00df in stark frequentierten Umgebungen.<\/li>\n<li><strong>Nachhaltig<\/strong>: Das Aluminiummaterial ist 100% recycelbar, und die LED-Leuchten sind so konzipiert, dass sie l\u00e4nger halten und weniger Energie verbrauchen.<\/li>\n<li><strong>Einfache Installation<\/strong>: Das modulare System erm\u00f6glicht eine schnelle, effiziente und pr\u00e4zise Installation.<\/li>\n<\/ol>\n<hr \/>\n<h4><strong>Design-Inspiration<\/strong><\/h4>\n<p>Ma\u00dfgefertigte Aluminium-Kulissendecken mit LED-Beleuchtung eignen sich perfekt f\u00fcr die Gestaltung moderner, funktionaler und visuell beeindruckender Innenr\u00e4ume. Die Integration von LED-Leuchten in die Baffeln bietet eine zus\u00e4tzliche Ebene der Designflexibilit\u00e4t und erm\u00f6glicht eine nahtlose Beleuchtung, die die architektonischen Merkmale Ihres Raumes erg\u00e4nzt. Ganz gleich, ob Sie ein modernes B\u00fcro, ein luxuri\u00f6ses Hotel oder einen trendigen Verkaufsraum planen, diese Deckensysteme bieten eine einzigartige Mischung aus Form und Funktion.<\/p>\n<\/div>\n<\/div>\n<\/div>\n<div class=\"absolute\">\n<figure id=\"attachment_19974\" aria-describedby=\"caption-attachment-19974\" style=\"width: 1024px\" class=\"wp-caption alignnone\"><img loading=\"lazy\" decoding=\"async\" class=\"wp-image-19974\" src=\"https:\/\/meterny.com\/wp-content\/uploads\/2024\/12\/mmexport1733302943832.jpg\" alt=\"Bel\u00fcftete Aluminium-Deckenkonstruktionen\" width=\"1024\" height=\"1024\" srcset=\"https:\/\/meterny.com\/wp-content\/uploads\/2024\/12\/mmexport1733302943832.jpg 800w, https:\/\/meterny.com\/wp-content\/uploads\/2024\/12\/mmexport1733302943832-300x300.jpg 300w, https:\/\/meterny.com\/wp-content\/uploads\/2024\/12\/mmexport1733302943832-150x150.jpg 150w, https:\/\/meterny.com\/wp-content\/uploads\/2024\/12\/mmexport1733302943832-768x768.jpg 768w, https:\/\/meterny.com\/wp-content\/uploads\/2024\/12\/mmexport1733302943832-600x600.jpg 600w, https:\/\/meterny.com\/wp-content\/uploads\/2024\/12\/mmexport1733302943832-100x100.jpg 100w\" sizes=\"auto, (max-width: 1024px) 100vw, 1024px\" \/><figcaption id=\"caption-attachment-19974\" class=\"wp-caption-text\">Die Aluminium-Rohrdecke schm\u00fcckt einen Korridorraum und strahlt modernen Minimalismus aus<\/figcaption><\/figure>\n<div class=\"flex items-center justify-center\"><\/div>\n<\/div>\n<\/div>\n<\/div>\n<\/div>\n<\/article>\n<\/div>\n<\/div>\n<\/div>\n<\/div>\n<\/div>\n<div class=\"md:pt-0 dark:border-white\/20 md:border-transparent md:dark:border-transparent w-full\">\n<div>\n<div class=\"m-auto text-base px-3 md:px-4 w-full md:px-5 lg:px-4 xl:px-5\">\n<div class=\"mx-auto flex flex-1 gap-4 text-base md:gap-5 lg:gap-6 md:max-w-3xl lg:max-w-[40rem] xl:max-w-[48rem]\">\n<div class=\"flex justify-center\"><\/div>\n<\/div>\n<\/div>\n<\/div>\n<\/div>\n<h3>Farbe und Oberfl\u00e4che<\/h3>\n<ul>\n<li><strong>Vielfalt der Beschichtungen<\/strong>: Erh\u00e4ltlich in jeder Art von Beschichtung oder Bedruckung, die Ihren Gestaltungsw\u00fcnschen entspricht.<\/li>\n<li><strong>Unbegrenzte Farben<\/strong>: W\u00e4hlen Sie aus einer breiten Palette von Farben, einschlie\u00dflich Metalloberfl\u00e4chen und Holzmaserungen, die zu jeder Einrichtung passen.<\/li>\n<\/ul>\n<h3>Langlebig und wasserdicht<\/h3>\n<p>Hergestellt aus einer hochwertigen Aluminiumlegierung und mit der 3D Shape Fold Aluminiumtechnologie, ist diese Aluminiumdecke wie geschaffen f\u00fcr die Sch\u00f6nheit Ihrer Decke. Ihre wasserdichten Eigenschaften machen sie zu einer idealen Wahl f\u00fcr alle Wetterbedingungen und gew\u00e4hrleisten Langlebigkeit und minimale Wartung. Das hochwertige Qualit\u00e4tsmaterial sorgt f\u00fcr zus\u00e4tzliche Stabilit\u00e4t und macht sie zu einer zuverl\u00e4ssigen und robusten Decke f\u00fcr jeden Innenraum.<\/p>\n<figure id=\"attachment_20172\" aria-describedby=\"caption-attachment-20172\" style=\"width: 1024px\" class=\"wp-caption alignnone\"><img loading=\"lazy\" decoding=\"async\" class=\"wp-image-20172\" src=\"https:\/\/meterny.com\/wp-content\/uploads\/2024\/12\/mmexport1733234300009.jpg\" alt=\"Architektonische Aluminium-Deckenverkleidungen\" width=\"1024\" height=\"1024\" srcset=\"https:\/\/meterny.com\/wp-content\/uploads\/2024\/12\/mmexport1733234300009.jpg 800w, https:\/\/meterny.com\/wp-content\/uploads\/2024\/12\/mmexport1733234300009-300x300.jpg 300w, https:\/\/meterny.com\/wp-content\/uploads\/2024\/12\/mmexport1733234300009-150x150.jpg 150w, https:\/\/meterny.com\/wp-content\/uploads\/2024\/12\/mmexport1733234300009-768x768.jpg 768w, https:\/\/meterny.com\/wp-content\/uploads\/2024\/12\/mmexport1733234300009-600x600.jpg 600w, https:\/\/meterny.com\/wp-content\/uploads\/2024\/12\/mmexport1733234300009-100x100.jpg 100w\" sizes=\"auto, (max-width: 1024px) 100vw, 1024px\" \/><figcaption id=\"caption-attachment-20172\" class=\"wp-caption-text\">Die Installation von Aluminium-Schallwand-Decken, die Funktionalit\u00e4t mit \u00e4sthetischer Sch\u00f6nheit verbindet.<\/figcaption><\/figure>\n<h3><strong>Warum sollten Sie sich f\u00fcr eine ma\u00dfgeschneiderte Aluminium-Kulissendecke mit LED entscheiden?<\/strong><\/h3>\n<p>Die <strong>Ma\u00dfgefertigte Aluminium-Schallwanddecke mit LED<\/strong> kombiniert modernstes Design, Energieeffizienz und akustische Vorteile, um jeden Innenraum aufzuwerten. Hier erfahren Sie, warum es die ideale Wahl f\u00fcr Ihr n\u00e4chstes Projekt ist:<\/p>\n<hr \/>\n<h4><strong>1. Nahtlose Integration von Beleuchtung und Design<\/strong><\/h4>\n<ul>\n<li><strong>Integrierte LED-Beleuchtung<\/strong>: Die ma\u00dfgefertigte Ablenkungsdecke integriert energieeffiziente LED-Beleuchtung direkt in das Design und bietet eine elegante und moderne L\u00f6sung f\u00fcr die Raumbeleuchtung.<\/li>\n<li><strong>Flexibilit\u00e4t bei der Gestaltung<\/strong>: Sie k\u00f6nnen die Farbe, das Finish und die Konfiguration der Baffle Panels individuell gestalten und so sicherstellen, dass die Decke die einzigartige \u00c4sthetik Ihres Raumes erg\u00e4nzt.<\/li>\n<\/ul>\n<hr \/>\n<h4><strong>2. Energieeffizient und kosteneffektiv<\/strong><\/h4>\n<ul>\n<li><strong>LED-Effizienz<\/strong>: Die LED-Beleuchtung senkt den Energieverbrauch und sorgt gleichzeitig f\u00fcr eine helle, lang anhaltende Beleuchtung, die das Gesamtambiente verbessert.<\/li>\n<li><strong>Niedrigere Betriebskosten<\/strong>: Mit der LED-Technologie profitieren Sie von niedrigeren Energierechnungen und minimalem Wartungsbedarf aufgrund der Langlebigkeit der Leuchten.<\/li>\n<\/ul>\n<hr \/>\n<h4><strong>3. Verbesserte akustische Leistung<\/strong><\/h4>\n<ul>\n<li><strong>Rauschunterdr\u00fcckung<\/strong>: Die Aluminium-Schallwand reduziert Umgebungsger\u00e4usche und Echos in gro\u00dfen, offenen R\u00e4umen und verbessert den akustischen Komfort und die Klangqualit\u00e4t.<\/li>\n<li><strong>Ideal f\u00fcr stark frequentierte Umgebungen<\/strong>: Perfekt f\u00fcr Bereiche wie B\u00fcros, Restaurants und \u00f6ffentliche R\u00e4ume, in denen L\u00e4rmreduzierung und Verbesserung der Akustik wichtig sind.<\/li>\n<\/ul>\n<hr \/>\n<h4><strong>4. \u00dcberlegene Haltbarkeit und lange Lebensdauer<\/strong><\/h4>\n<ul>\n<li><strong>Langlebige Konstruktion<\/strong>: Die aus hochwertigem Aluminium gefertigten Paneele sind feuchtigkeits-, korrosions- und verschlei\u00dfbest\u00e4ndig und gew\u00e4hrleisten eine langlebige und wartungsfreie L\u00f6sung.<\/li>\n<li><strong>Langlebige Leistung<\/strong>: Die in die Paneele integrierten LED-Leuchten haben eine lange Lebensdauer, so dass sie nicht so h\u00e4ufig ausgetauscht werden m\u00fcssen.<\/li>\n<\/ul>\n<hr \/>\n<h4><strong>5. Anpassbar an jeden Raum<\/strong><\/h4>\n<ul>\n<li><strong>Ma\u00dfgeschneiderte L\u00f6sungen<\/strong>: Das System ist in Bezug auf L\u00e4nge, Breite, Farbe und Ausf\u00fchrung vollst\u00e4ndig anpassbar und bietet somit v\u00f6llige Gestaltungsfreiheit f\u00fcr jeden Einrichtungsstil, von modernen B\u00fcros bis hin zu luxuri\u00f6sen Hotels.<\/li>\n<li><strong>Breite Palette von Anwendungen<\/strong>: Geeignet f\u00fcr eine Vielzahl von R\u00e4umen, einschlie\u00dflich B\u00fcros, Einzelhandelsgesch\u00e4ften, Gastst\u00e4tten und Wohnr\u00e4umen.<\/li>\n<\/ul>\n<hr \/>\n<h4><strong>6. Umweltvertr\u00e4glich und nachhaltig<\/strong><\/h4>\n<ul>\n<li><strong>Recycelbare Materialien<\/strong>: Die Aluminiumpaneele sind aus recycelbarem Material hergestellt, was dieses System zu einer umweltfreundlichen Wahl macht.<\/li>\n<li><strong>Geringere Umweltbelastung<\/strong>: Die lange Lebensdauer der LEDs und die Haltbarkeit des Aluminiums tragen dazu bei, den Abfall zu minimieren und den \u00f6kologischen Fu\u00dfabdruck Ihres Geb\u00e4udes zu verringern.<\/li>\n<\/ul>\n<hr \/>\n<h3><strong>Schlussfolgerung<\/strong><\/h3>\n<p>Die Auswahl der <strong>Ma\u00dfgefertigte Aluminium-Schallwanddecke mit LED<\/strong> bedeutet, sich f\u00fcr ein Deckensystem zu entscheiden, das Stil, Energieeffizienz und eine hervorragende Akustik bietet. Es bietet eine innovative L\u00f6sung f\u00fcr alle, die funktionale, moderne und optisch auff\u00e4llige R\u00e4ume schaffen und gleichzeitig langfristig von Nachhaltigkeit und Kosteneinsparungen profitieren m\u00f6chten.<\/p>\n<div class=\"flex-1 overflow-hidden @container\/thread\">\n<div class=\"h-full\">\n<div class=\"react-scroll-to-bottom--css-adndq-79elbk h-full\">\n<div class=\"react-scroll-to-bottom--css-adndq-1n7m0yu\">\n<div class=\"flex flex-col text-sm md:pb-9\">\n<article class=\"w-full scroll-mb-[var(--thread-trailing-height,150px)] text-token-text-primary focus-visible:outline-2 focus-visible:outline-offset-[-4px]\" dir=\"auto\" data-testid=\"conversation-turn-45\" data-scroll-anchor=\"true\">\n<div class=\"m-auto text-base py-[18px] px-3 md:px-4 w-full md:px-5 lg:px-4 xl:px-5\">\n<div class=\"mx-auto flex flex-1 gap-4 text-base md:gap-5 lg:gap-6 md:max-w-3xl lg:max-w-[40rem] xl:max-w-[48rem]\">\n<div class=\"group\/conversation-turn relative flex w-full min-w-0 flex-col agent-turn\">\n<div class=\"flex-col gap-1 md:gap-3\">\n<div class=\"flex max-w-full flex-col flex-grow\">\n<div class=\"min-h-8 text-message flex w-full flex-col items-end gap-2 whitespace-normal break-words text-start [.text-message+&amp;]:mt-5\" dir=\"auto\" data-message-author-role=\"assistant\" data-message-id=\"a894095d-bc8d-4617-b487-c214549caee7\" data-message-model-slug=\"gpt-4o\">\n<div class=\"flex w-full flex-col gap-1 empty:hidden first:pt-[3px]\">\n<div class=\"markdown prose w-full break-words dark:prose-invert light\"><\/div>\n<\/div>\n<\/div>\n<\/div>\n<div class=\"mb-2 flex gap-3 empty:hidden -ml-2\">\n<div class=\"items-center justify-start rounded-xl p-1 flex\">\n<div class=\"flex items-center\"><\/div>\n<\/div>\n<\/div>\n<div class=\"pr-2 lg:pr-0\">\n<h4><strong>Erfahrungsberichte von Kunden<\/strong><\/h4>\n<blockquote><p><em>\"Wir haben die Custom Aluminium Baffle Ceiling mit LED in unserem neuen B\u00fcrodesign eingesetzt, und sie hat den Raum v\u00f6llig ver\u00e4ndert. Die Beleuchtung ist perfekt, und die akustische Verbesserung war ein zus\u00e4tzlicher Bonus.<\/em><br \/>\n- Corporate Interior Designer<\/p><\/blockquote>\n<blockquote><p><em>\"Die in die Baffeldecke integrierte LED-Beleuchtung verleiht unserem Restaurant das perfekte Ambiente. Sie ist schlank, energieeffizient und sieht fantastisch aus.\"<\/em><br \/>\n- Restaurant-Besitzer<\/p><\/blockquote>\n<\/div>\n<div class=\"mt-3 w-full empty:hidden\">\n<div class=\"text-center\"><\/div>\n<\/div>\n<\/div>\n<div class=\"absolute\">\n<div class=\"flex items-center justify-center\"><\/div>\n<\/div>\n<\/div>\n<\/div>\n<\/div>\n<\/article>\n<\/div>\n<\/div>\n<\/div>\n<\/div>\n<\/div>\n<div class=\"md:pt-0 dark:border-white\/20 md:border-transparent md:dark:border-transparent w-full\">\n<div>\n<div class=\"m-auto text-base px-3 md:px-4 w-full md:px-5 lg:px-4 xl:px-5\">\n<div class=\"mx-auto flex flex-1 gap-4 text-base md:gap-5 lg:gap-6 md:max-w-3xl lg:max-w-[40rem] xl:max-w-[48rem]\">\n<div class=\"flex justify-center\"><\/div>\n<\/div>\n<\/div>\n<\/div>\n<\/div>","protected":false},"excerpt":{"rendered":"<p>Verwandeln Sie Ihren Raum mit der MetaBaffle\u2122 Baffle-Decke aus Aluminiumlegierung, die moderne \u00c4sthetik mit dauerhafter Funktionalit\u00e4t verbindet.<\/p>\n<p>Diese f\u00fcr moderne \u00c4sthetik und \u00fcberragende Haltbarkeit konzipierte Deckenl\u00f6sung bietet ein elegantes, stilvolles Finish f\u00fcr jedes Interieur.<\/p>\n<p>Sie sind einfach zu installieren und zu warten und eignen sich perfekt f\u00fcr gewerbliche und private Anwendungen. R\u00fcsten Sie Ihre Decken noch heute mit unseren hochwertigen Aluminium-Schalld\u00e4mpfersystemen auf!<\/p>","protected":false},"featured_media":16644,"comment_status":"open","ping_status":"closed","template":"","meta":{"_uag_custom_page_level_css":"","site-sidebar-layout":"default","site-content-layout":"","ast-site-content-layout":"default","site-content-style":"default","site-sidebar-style":"default","ast-global-header-display":"","ast-banner-title-visibility":"","ast-main-header-display":"","ast-hfb-above-header-display":"","ast-hfb-below-header-display":"","ast-hfb-mobile-header-display":"","site-post-title":"","ast-breadcrumbs-content":"","ast-featured-img":"","footer-sml-layout":"","theme-transparent-header-meta":"default","adv-header-id-meta":"","stick-header-meta":"","header-above-stick-meta":"","header-main-stick-meta":"","header-below-stick-meta":"","astra-migrate-meta-layouts":"set","ast-page-background-enabled":"default","ast-page-background-meta":{"desktop":{"background-color":"var(--ast-global-color-4)","background-image":"","background-repeat":"repeat","background-position":"center center","background-size":"auto","background-attachment":"scroll","background-type":"","background-media":"","overlay-type":"","overlay-color":"","overlay-opacity":"","overlay-gradient":""},"tablet":{"background-color":"","background-image":"","background-repeat":"repeat","background-position":"center center","background-size":"auto","background-attachment":"scroll","background-type":"","background-media":"","overlay-type":"","overlay-color":"","overlay-opacity":"","overlay-gradient":""},"mobile":{"background-color":"","background-image":"","background-repeat":"repeat","background-position":"center center","background-size":"auto","background-attachment":"scroll","background-type":"","background-media":"","overlay-type":"","overlay-color":"","overlay-opacity":"","overlay-gradient":""}},"ast-content-background-meta":{"desktop":{"background-color":"var(--ast-global-color-5)","background-image":"","background-repeat":"repeat","background-position":"center center","background-size":"auto","background-attachment":"scroll","background-type":"","background-media":"","overlay-type":"","overlay-color":"","overlay-opacity":"","overlay-gradient":""},"tablet":{"background-color":"var(--ast-global-color-5)","background-image":"","background-repeat":"repeat","background-position":"center center","background-size":"auto","background-attachment":"scroll","background-type":"","background-media":"","overlay-type":"","overlay-color":"","overlay-opacity":"","overlay-gradient":""},"mobile":{"background-color":"var(--ast-global-color-5)","background-image":"","background-repeat":"repeat","background-position":"center center","background-size":"auto","background-attachment":"scroll","background-type":"","background-media":"","overlay-type":"","overlay-color":"","overlay-opacity":"","overlay-gradient":""}}},"product_brand":[],"product_cat":[224],"product_tag":[191,193,194,192],"class_list":{"0":"post-19558","1":"product","2":"type-product","3":"status-publish","4":"has-post-thumbnail","6":"product_cat-aluminum-baffle-ceiling","7":"product_tag-aluminum-ceiling","8":"product_tag-baffle-ceiling","9":"product_tag-ceiling","10":"product_tag-metal-ceiling","11":"desktop-align-center","12":"tablet-align-left","13":"mobile-align-left","14":"ast-product-gallery-layout-horizontal-slider","15":"ast-product-single-variable","16":"ast-product-tabs-layout-vertical","18":"first","19":"instock","20":"shipping-taxable","21":"product-type-variable"},"uagb_featured_image_src":{"full":["https:\/\/meterny.com\/wp-content\/uploads\/2024\/07\/Baffle-ceiling-35.png",800,800,false],"thumbnail":["https:\/\/meterny.com\/wp-content\/uploads\/2024\/07\/Baffle-ceiling-35-150x150.png",150,150,true],"medium":["https:\/\/meterny.com\/wp-content\/uploads\/2024\/07\/Baffle-ceiling-35-300x300.png",300,300,true],"medium_large":["https:\/\/meterny.com\/wp-content\/uploads\/2024\/07\/Baffle-ceiling-35-768x768.png",768,768,true],"large":["https:\/\/meterny.com\/wp-content\/uploads\/2024\/07\/Baffle-ceiling-35.png",800,800,false],"1536x1536":["https:\/\/meterny.com\/wp-content\/uploads\/2024\/07\/Baffle-ceiling-35.png",800,800,false],"2048x2048":["https:\/\/meterny.com\/wp-content\/uploads\/2024\/07\/Baffle-ceiling-35.png",800,800,false],"trp-custom-language-flag":["https:\/\/meterny.com\/wp-content\/uploads\/2024\/07\/Baffle-ceiling-35.png",12,12,false],"woocommerce_thumbnail":["https:\/\/meterny.com\/wp-content\/uploads\/2024\/07\/Baffle-ceiling-35-300x300.png",300,300,true],"woocommerce_single":["https:\/\/meterny.com\/wp-content\/uploads\/2024\/07\/Baffle-ceiling-35-600x600.png",600,600,true],"woocommerce_gallery_thumbnail":["https:\/\/meterny.com\/wp-content\/uploads\/2024\/07\/Baffle-ceiling-35-100x100.png",100,100,true]},"uagb_author_info":{"display_name":"meterny","author_link":"https:\/\/meterny.com\/de\/author\/"},"uagb_comment_info":0,"uagb_excerpt":"Transform your space with MetaBaffle\u2122 Aluminum Alloy Baffle Ceiling, combining modern aesthetics with durable functionality Designed for modern aesthetics and superior durability, this ceiling solution offers a sleek, stylish finish for any interior. Easy to install and maintain, it\u2019s perfect for commercial and residential applications. Upgrade your ceilings today with our high-quality aluminum baffle systems!","_links":{"self":[{"href":"https:\/\/meterny.com\/de\/wp-json\/wp\/v2\/product\/19558","targetHints":{"allow":["GET"]}}],"collection":[{"href":"https:\/\/meterny.com\/de\/wp-json\/wp\/v2\/product"}],"about":[{"href":"https:\/\/meterny.com\/de\/wp-json\/wp\/v2\/types\/product"}],"replies":[{"embeddable":true,"href":"https:\/\/meterny.com\/de\/wp-json\/wp\/v2\/comments?post=19558"}],"wp:featuredmedia":[{"embeddable":true,"href":"https:\/\/meterny.com\/de\/wp-json\/wp\/v2\/media\/16644"}],"wp:attachment":[{"href":"https:\/\/meterny.com\/de\/wp-json\/wp\/v2\/media?parent=19558"}],"wp:term":[{"taxonomy":"product_brand","embeddable":true,"href":"https:\/\/meterny.com\/de\/wp-json\/wp\/v2\/product_brand?post=19558"},{"taxonomy":"product_cat","embeddable":true,"href":"https:\/\/meterny.com\/de\/wp-json\/wp\/v2\/product_cat?post=19558"},{"taxonomy":"product_tag","embeddable":true,"href":"https:\/\/meterny.com\/de\/wp-json\/wp\/v2\/product_tag?post=19558"}],"curies":[{"name":"wp","href":"https:\/\/api.w.org\/{rel}","templated":true}]}}