{"id":19559,"date":"2024-12-03T13:59:33","date_gmt":"2024-12-03T13:59:33","guid":{"rendered":"https:\/\/meterny.com\/?post_type=product&#038;p=19559"},"modified":"2025-01-02T08:59:26","modified_gmt":"2025-01-02T08:59:26","slug":"shopping-mall-aluminum-metal-baffle-ceiling","status":"publish","type":"product","link":"https:\/\/meterny.com\/de\/produkt\/shopping-mall-aluminum-metal-baffle-ceiling\/","title":{"rendered":"Einkaufszentrum Aluminium-Metall-Luftschleierdecke:Langlebige, anpassbare und elegante L\u00f6sungen"},"content":{"rendered":"<h3>Einkaufszentrum Aluminium-Metall-Schallwand-Decke<\/h3>\n<h4><strong>Produkt\u00fcbersicht<\/strong><\/h4>\n<p>Die Shopping Mall Aluminum Metal Baffle Ceiling ist eine hochmoderne L\u00f6sung f\u00fcr moderne architektonische Designs. Mit seinen schlanken, linearen Profilen sorgt dieses Deckensystem f\u00fcr ein klares, modernes Aussehen und bietet gleichzeitig hervorragende Funktionalit\u00e4t. Es ist auf Langlebigkeit, Flexibilit\u00e4t und akustische Leistung ausgelegt und eignet sich ideal zur Aufwertung von gewerblichen, privaten und institutionellen Innenr\u00e4umen. Mit seinen anpassbaren Konfigurationen und Oberfl\u00e4chen passt es sich den unterschiedlichsten Projektanforderungen an und bietet sowohl \u00e4sthetische als auch praktische Vorteile.<\/p>\n<figure id=\"attachment_20167\" aria-describedby=\"caption-attachment-20167\" style=\"width: 1024px\" class=\"wp-caption alignnone\"><img loading=\"lazy\" decoding=\"async\" class=\"wp-image-20167\" src=\"https:\/\/meterny.com\/wp-content\/uploads\/2024\/12\/mmexport1733234279050.jpg\" alt=\"Aluminium Metall Baffle Decke\" width=\"1024\" height=\"1024\" srcset=\"https:\/\/meterny.com\/wp-content\/uploads\/2024\/12\/mmexport1733234279050.jpg 800w, https:\/\/meterny.com\/wp-content\/uploads\/2024\/12\/mmexport1733234279050-300x300.jpg 300w, https:\/\/meterny.com\/wp-content\/uploads\/2024\/12\/mmexport1733234279050-150x150.jpg 150w, https:\/\/meterny.com\/wp-content\/uploads\/2024\/12\/mmexport1733234279050-768x768.jpg 768w, https:\/\/meterny.com\/wp-content\/uploads\/2024\/12\/mmexport1733234279050-600x600.jpg 600w, https:\/\/meterny.com\/wp-content\/uploads\/2024\/12\/mmexport1733234279050-100x100.jpg 100w\" sizes=\"auto, (max-width: 1024px) 100vw, 1024px\" \/><figcaption id=\"caption-attachment-20167\" class=\"wp-caption-text\">Vielseitige Aluminium-Schallwanddecke: Die perfekte Mischung aus Stil und Funktionalit\u00e4t.<\/figcaption><\/figure>\n<hr \/>\n<h4><strong>Wesentliche Merkmale der Einkaufszentrum Aluminium Metall Baffle Ceiling<\/strong><\/h4>\n<ul>\n<li><strong>Elegantes, modernes Design<\/strong>: Lineare Baffeln schaffen visuell dynamische und architektonisch eindrucksvolle Decken.<\/li>\n<li><strong>Hochwertiges Material<\/strong>: Hergestellt aus leichtem, korrosionsbest\u00e4ndigem Aluminium f\u00fcr eine lang anhaltende Leistung.<\/li>\n<li><strong>Anpassbare Optionen<\/strong>: Erh\u00e4ltlich in verschiedenen L\u00e4ngen, Breiten, Farben und Ausf\u00fchrungen f\u00fcr individuelle Gestaltungsw\u00fcnsche.<\/li>\n<li><strong>Akustische Leistung<\/strong>: Reduziert die Umgebungsger\u00e4usche und verbessert die Klangqualit\u00e4t f\u00fcr eine ruhigere Umgebung.<\/li>\n<li><strong>Umweltfreundlich<\/strong>: Hergestellt aus recycelbarem Aluminium, das umweltfreundliche und nachhaltige Baupraktiken unterst\u00fctzt.<\/li>\n<\/ul>\n<hr \/>\n<h4><strong>Anwendungen<\/strong><\/h4>\n<ul>\n<li><strong>Kommerzielle Innenr\u00e4ume<\/strong>: B\u00fcror\u00e4ume, Einkaufszentren, Ausstellungsr\u00e4ume und Coworking Spaces<\/li>\n<li><strong>\u00d6ffentliche R\u00e4ume<\/strong>: Flugh\u00e4fen, Bibliotheken, Verkehrsknotenpunkte und Bildungseinrichtungen<\/li>\n<li><strong>Gastfreundschaft<\/strong>: Hotels, Restaurants und Konferenzr\u00e4ume<\/li>\n<li><strong>Kulturelle Veranstaltungsorte<\/strong>: Museen, Galerien und Theater<\/li>\n<li><strong>Wohnbauprojekte<\/strong>: Moderne H\u00e4user, Wohnungen und Heimkinos<\/li>\n<\/ul>\n<hr \/>\n<h4><strong>Spezifikationen\u00a0<\/strong><\/h4>\n<ul>\n<li><strong>Material<\/strong>: Leichte Aluminiumlegierung<\/li>\n<li><strong>Ausf\u00fchrungsoptionen<\/strong>: Pulverbeschichtet, eloxiert, mit Holzmaserung oder in kundenspezifischen Ausf\u00fchrungen<\/li>\n<li><strong>Farbpalette<\/strong>: Standard RAL-Farben und anpassbare Farbt\u00f6ne<\/li>\n<li><strong>Plattengr\u00f6\u00dfen<\/strong>: L\u00e4ngen von bis zu 4000 mm, anpassbare Breiten und Abstandsoptionen<\/li>\n<li><strong>Einrichtung<\/strong>: Modulares Aufh\u00e4ngesystem f\u00fcr pr\u00e4zise und effiziente Montage<\/li>\n<\/ul>\n<hr \/>\n<h4><strong>Vorteile von Einkaufszentren Aluminium-Metall-Schallwand-Decken<\/strong><\/h4>\n<ol>\n<li><strong>Anspruchsvolle \u00c4sthetik<\/strong>: Versch\u00f6nert Innenr\u00e4ume mit klaren Linien und einem dynamischen Erscheinungsbild.<\/li>\n<li><strong>Au\u00dfergew\u00f6hnliche Langlebigkeit<\/strong>: Die Aluminiumkonstruktion gew\u00e4hrleistet Verschlei\u00df-, Feuchtigkeits- und Feuerbest\u00e4ndigkeit.<\/li>\n<li><strong>Verbesserte Akustik<\/strong>: Hilft, Echo und Hintergrundger\u00e4usche zu unterdr\u00fccken und schafft so eine angenehme Umgebung.<\/li>\n<li><strong>Flexibilit\u00e4t bei der Gestaltung<\/strong>: Bietet ma\u00dfgeschneiderte L\u00f6sungen f\u00fcr verschiedene architektonische Stile und funktionale Anforderungen.<\/li>\n<li><strong>Umweltschonend<\/strong>: Hergestellt aus recycelbaren Materialien, um die Umweltbelastung zu reduzieren.<\/li>\n<li><strong>Geringe Wartung<\/strong>: Glatte, porenfreie Oberfl\u00e4chen sind staub- und schmutzabweisend und erfordern nur einen geringen Pflegeaufwand.<\/li>\n<\/ol>\n<hr \/>\n<h4><strong>Design-Inspiration<\/strong><\/h4>\n<p>Die Aluminium-Metallabdeckung kombiniert Form und Funktion und bietet Designern die M\u00f6glichkeit, einzigartige Deckenmuster zu kreieren, die jedem Interieur Struktur und Tiefe verleihen. Ganz gleich, ob Sie einen minimalistischen, modernen Look oder ein k\u00fchnes Statement-Design anstreben, dieses System hebt das Ambiente des Raums und verbessert gleichzeitig die Funktionalit\u00e4t.<\/p>\n<p>&nbsp;<\/p>\n<figure id=\"attachment_20063\" aria-describedby=\"caption-attachment-20063\" style=\"width: 1024px\" class=\"wp-caption alignnone\"><img loading=\"lazy\" decoding=\"async\" class=\"wp-image-20063\" src=\"https:\/\/meterny.com\/wp-content\/uploads\/2024\/12\/mmexport1733233887786.jpg\" alt=\"Lackierte Aluminium-Schallwand-Profile\" width=\"1024\" height=\"1024\" srcset=\"https:\/\/meterny.com\/wp-content\/uploads\/2024\/12\/mmexport1733233887786.jpg 800w, https:\/\/meterny.com\/wp-content\/uploads\/2024\/12\/mmexport1733233887786-300x300.jpg 300w, https:\/\/meterny.com\/wp-content\/uploads\/2024\/12\/mmexport1733233887786-150x150.jpg 150w, https:\/\/meterny.com\/wp-content\/uploads\/2024\/12\/mmexport1733233887786-768x768.jpg 768w, https:\/\/meterny.com\/wp-content\/uploads\/2024\/12\/mmexport1733233887786-600x600.jpg 600w, https:\/\/meterny.com\/wp-content\/uploads\/2024\/12\/mmexport1733233887786-100x100.jpg 100w\" sizes=\"auto, (max-width: 1024px) 100vw, 1024px\" \/><figcaption id=\"caption-attachment-20063\" class=\"wp-caption-text\">Die Aluminiumw\u00fcrfel wurden lackiert, um einen einzigartigen dekorativen Effekt f\u00fcr den Innen- und Au\u00dfenbereich zu erzielen.<\/figcaption><\/figure>\n<h3>Beschreibung<\/h3>\n<p>Verwandeln Sie Ihr Interieur mit unserer Shopping Mall Baffeldecke aus Aluminium, der perfekten Mischung aus modernem Design und robuster Haltbarkeit. Diese Deckenl\u00f6sung eignet sich sowohl f\u00fcr gewerbliche als auch f\u00fcr private R\u00e4ume und verleiht ihnen einen eleganten, modernen Touch, w\u00e4hrend sie gleichzeitig eine au\u00dfergew\u00f6hnliche Leistung bietet.<\/p>\n<p>Warum sollten Sie sich f\u00fcr unsere Aluminium-Metall-Baffeldecke entscheiden?<\/p>\n<ul>\n<li><strong>Moderne \u00c4sthetik<\/strong>: Schaffen Sie eine visuell beeindruckende Umgebung mit einer eleganten und stilvollen Oberfl\u00e4che.<\/li>\n<li><strong>Dauerhaftigkeit<\/strong>: Unsere aus hochwertigem Aluminium gefertigten Ablenkungsdecken sind f\u00fcr eine lange Lebensdauer ausgelegt.<\/li>\n<li><strong>Einfache Installation<\/strong>: Entwickelt f\u00fcr eine problemlose Installation, die Ihnen Zeit und M\u00fche erspart.<\/li>\n<li><strong>Geringe Wartung<\/strong>: Genie\u00dfen Sie eine sch\u00f6ne Decke mit minimalem Pflegeaufwand.<\/li>\n<li><strong>Vielseitigkeit<\/strong>: Ideal f\u00fcr B\u00fcros, Einzelhandelsfl\u00e4chen, Wohnungen und vieles mehr.<\/li>\n<\/ul>\n<p>Verbessern Sie Ihren Raum m\u00fchelos mit unseren Aluminum Baffle Ceiling Systems und genie\u00dfen Sie die perfekte Kombination aus Form und Funktion. Kontaktieren Sie uns noch heute, um mehr zu erfahren und Ihre Inneneinrichtung zu verbessern!<\/p>\n<h3>Farbe und Oberfl\u00e4che<\/h3>\n<ul>\n<li><strong>Vielfalt der Beschichtungen<\/strong>: Erh\u00e4ltlich in jeder Art von Beschichtung oder Bedruckung, die Ihren Gestaltungsw\u00fcnschen entspricht.<\/li>\n<li><strong>Unbegrenzte Farben<\/strong>: W\u00e4hlen Sie aus einer breiten Palette von Farben, einschlie\u00dflich Metalloberfl\u00e4chen und Holzmaserungen, die zu jeder Einrichtung passen.<\/li>\n<\/ul>\n<h3>Langlebig und wasserdicht<\/h3>\n<p>Hergestellt mit High-End-Aluminium-Legierung und 3D Shape Fold Aluminium-Technologie, ist dieses Aluminium Metall Baffle Decke gemacht, um Sch\u00f6nheit Ihrer Decke. Seine wasserdichten Eigenschaften machen es zu einer idealen Wahl f\u00fcr alle Wetterbedingungen und gew\u00e4hrleisten Langlebigkeit und minimale Wartung. Die hohe Qualit\u00e4t Material zus\u00e4tzliche Stabilit\u00e4t, so dass es eine zuverl\u00e4ssige und robuste Decke f\u00fcr jeden Innenraum.<\/p>\n<figure id=\"attachment_20062\" aria-describedby=\"caption-attachment-20062\" style=\"width: 1024px\" class=\"wp-caption alignnone\"><img loading=\"lazy\" decoding=\"async\" class=\"wp-image-20062\" src=\"https:\/\/meterny.com\/wp-content\/uploads\/2024\/12\/mmexport1733233884750.jpg\" alt=\"Pulverbeschichtete Aluminium-Schallw\u00e4nde\" width=\"1024\" height=\"1024\" srcset=\"https:\/\/meterny.com\/wp-content\/uploads\/2024\/12\/mmexport1733233884750.jpg 800w, https:\/\/meterny.com\/wp-content\/uploads\/2024\/12\/mmexport1733233884750-300x300.jpg 300w, https:\/\/meterny.com\/wp-content\/uploads\/2024\/12\/mmexport1733233884750-150x150.jpg 150w, https:\/\/meterny.com\/wp-content\/uploads\/2024\/12\/mmexport1733233884750-768x768.jpg 768w, https:\/\/meterny.com\/wp-content\/uploads\/2024\/12\/mmexport1733233884750-600x600.jpg 600w, https:\/\/meterny.com\/wp-content\/uploads\/2024\/12\/mmexport1733233884750-100x100.jpg 100w\" sizes=\"auto, (max-width: 1024px) 100vw, 1024px\" \/><figcaption id=\"caption-attachment-20062\" class=\"wp-caption-text\">Bereits lackierte Aluminium-W\u00fcrfelmuster, eine langlebige und umweltfreundliche dekorative Wahl.<\/figcaption><\/figure>\n<h3>Warum Meterny Einkaufszentrum Aluminium Metall Baffle Decke w\u00e4hlen?<\/h3>\n<p>Die Meterny-Aluminium-Metall-Lamellendecken sind die ultimative Wahl f\u00fcr alle, die eine Mischung aus moderner \u00c4sthetik, robuster Leistung und nachhaltigen L\u00f6sungen suchen. Hier erfahren Sie, warum sie sich auszeichnen:<\/p>\n<hr \/>\n<h4><strong>1. Modernes und stilvolles Design<\/strong><\/h4>\n<ul>\n<li><strong>Anspruchsvolle \u00c4sthetik<\/strong>: Klare, geradlinige Profile werten jeden Raum optisch auf, von minimalistischen bis hin zu k\u00fchnen Designs.<\/li>\n<li><strong>Anpassbare Optionen<\/strong>: Erh\u00e4ltlich in einer Vielzahl von Farben, Ausf\u00fchrungen und Abmessungen, um Ihren spezifischen Designanforderungen zu entsprechen.<\/li>\n<li><strong>Architektonische Auswirkungen<\/strong>: Verleiht der Decke Tiefe und Charakter und macht sie zu einem echten Hingucker.<\/li>\n<\/ul>\n<hr \/>\n<h4><strong>2. \u00dcberlegene Langlebigkeit<\/strong><\/h4>\n<ul>\n<li><strong>Hochwertiges Material<\/strong>: Hergestellt aus hochwertigem Aluminium, das korrosions-, feuer- und verschlei\u00dffest ist.<\/li>\n<li><strong>Langlebige Leistung<\/strong>: Beh\u00e4lt seine Form, Struktur und Oberfl\u00e4che auch in anspruchsvollen Umgebungen bei.<\/li>\n<\/ul>\n<hr \/>\n<h4><strong>3. Akustische Vorteile<\/strong><\/h4>\n<ul>\n<li><strong>Rauschunterdr\u00fcckung<\/strong>: Absorbiert effektiv den Schall und reduziert den Nachhall, was den Komfort und die Produktivit\u00e4t in gro\u00dfen R\u00e4umen erh\u00f6ht.<\/li>\n<li><strong>Perfekt f\u00fcr akustisch schwierige Bereiche<\/strong>: Ideal f\u00fcr B\u00fcros, Theater und \u00f6ffentliche R\u00e4ume.<\/li>\n<\/ul>\n<hr \/>\n<h4><strong>4. Umweltfreundlich und nachhaltig<\/strong><\/h4>\n<ul>\n<li><strong>\u00d6kologisch verantwortlich<\/strong>: Hergestellt aus 100% recycelbarem Aluminium, das die Umweltbelastung reduziert.<\/li>\n<li><strong>Nachhaltige Wahl<\/strong>: Kombiniert Langlebigkeit mit minimalem Abfall und unterst\u00fctzt Initiativen f\u00fcr umweltfreundliches Bauen.<\/li>\n<\/ul>\n<hr \/>\n<h4><strong>5. Vielseitigkeit in Design und Anwendung<\/strong><\/h4>\n<ul>\n<li><strong>Ma\u00dfgeschneiderte L\u00f6sungen<\/strong>: Die Paneele k\u00f6nnen in Gr\u00f6\u00dfe, Abstand und Ausf\u00fchrung individuell angepasst werden, um verschiedenen architektonischen Stilen gerecht zu werden.<\/li>\n<li><strong>Breiter Verwendungsbereich<\/strong>: Perfekt f\u00fcr Gesch\u00e4fts- und Wohnr\u00e4ume, Gastst\u00e4tten und \u00f6ffentliche Einrichtungen.<\/li>\n<\/ul>\n<hr \/>\n<h4><strong>6. Einfache Installation und Wartung<\/strong><\/h4>\n<ul>\n<li><strong>Effiziente Montage<\/strong>: Modulare Aufh\u00e4ngesysteme erm\u00f6glichen eine schnelle und problemlose Installation.<\/li>\n<li><strong>Geringe Wartung<\/strong>: Staub- und schmutzabweisende Oberfl\u00e4chen machen die Reinigung einfach und kosteng\u00fcnstig.<\/li>\n<\/ul>\n<hr \/>\n<h4><strong>7. Bew\u00e4hrte Qualit\u00e4t von Meterny<\/strong><\/h4>\n<ul>\n<li><strong>Bew\u00e4hrtes Fachwissen<\/strong>: Bekannt f\u00fcr innovative Deckenl\u00f6sungen und hochwertige Materialien.<\/li>\n<li><strong>Globales Portfolio<\/strong>: Architekten und Designer auf der ganzen Welt vertrauen uns bei Projekten aller Gr\u00f6\u00dfenordnungen.<\/li>\n<li><strong>Zuverl\u00e4ssige Unterst\u00fctzung<\/strong>: Ein engagierter Kundendienst sorgt f\u00fcr einen reibungslosen Ablauf vom Entwurf bis zur Installation.<\/li>\n<\/ul>\n<hr \/>\n<h3><strong>Schlussfolgerung<\/strong><\/h3>\n<p>Wenn Sie sich f\u00fcr die Meterny-Einkaufszentrum-Aluminium-Metallabdeckung entscheiden, investieren Sie in ein Deckensystem, das moderne \u00c4sthetik, Langlebigkeit und Umweltfreundlichkeit bietet. Ganz gleich, ob Sie ein stilvolles B\u00fcro, ein luxuri\u00f6ses Wohnhaus oder eine stark frequentierte \u00f6ffentliche Einrichtung planen, Meterny bietet eine L\u00f6sung, die Form und Funktion mit Leichtigkeit vereint.<\/p>\n<h4><strong>Erfahrungsberichte von Kunden<\/strong><\/h4>\n<blockquote><p><em>\"Die Shopping Mall Aluminum Metal Baffle Ceiling hat unserer B\u00fcro-Renovierung einen eleganten, modernen Touch verliehen und gleichzeitig die Akustik deutlich verbessert.\"<\/em><br \/>\n- B\u00fcroleiter<\/p><\/blockquote>\n<blockquote><p><em>\"Wir sch\u00e4tzen die anpassbaren Optionen, die es uns erm\u00f6glichten, ein Deckendesign zu erstellen, das perfekt zu unserer Marken\u00e4sthetik passt.\"<\/em><br \/>\n- Besitzer eines Einzelhandelsgesch\u00e4fts<\/p><\/blockquote>","protected":false},"excerpt":{"rendered":"<p>Versch\u00f6nern Sie Ihren Raum mit unserer Aluminium-Metall-Schallwand.<\/p>\n<p>Diese f\u00fcr moderne \u00c4sthetik und \u00fcberragende Haltbarkeit konzipierte Deckenl\u00f6sung bietet ein elegantes, stilvolles Finish f\u00fcr jedes Interieur.<\/p>\n<p>Sie sind einfach zu installieren und zu warten und eignen sich perfekt f\u00fcr gewerbliche und private Anwendungen. R\u00fcsten Sie Ihre Decken noch heute mit unseren hochwertigen Aluminium-Schalld\u00e4mpfersystemen auf!<\/p>","protected":false},"featured_media":20167,"comment_status":"open","ping_status":"closed","template":"","meta":{"_uag_custom_page_level_css":"","site-sidebar-layout":"default","site-content-layout":"","ast-site-content-layout":"default","site-content-style":"default","site-sidebar-style":"default","ast-global-header-display":"","ast-banner-title-visibility":"","ast-main-header-display":"","ast-hfb-above-header-display":"","ast-hfb-below-header-display":"","ast-hfb-mobile-header-display":"","site-post-title":"","ast-breadcrumbs-content":"","ast-featured-img":"","footer-sml-layout":"","theme-transparent-header-meta":"default","adv-header-id-meta":"","stick-header-meta":"","header-above-stick-meta":"","header-main-stick-meta":"","header-below-stick-meta":"","astra-migrate-meta-layouts":"set","ast-page-background-enabled":"default","ast-page-background-meta":{"desktop":{"background-color":"var(--ast-global-color-4)","background-image":"","background-repeat":"repeat","background-position":"center center","background-size":"auto","background-attachment":"scroll","background-type":"","background-media":"","overlay-type":"","overlay-color":"","overlay-opacity":"","overlay-gradient":""},"tablet":{"background-color":"","background-image":"","background-repeat":"repeat","background-position":"center center","background-size":"auto","background-attachment":"scroll","background-type":"","background-media":"","overlay-type":"","overlay-color":"","overlay-opacity":"","overlay-gradient":""},"mobile":{"background-color":"","background-image":"","background-repeat":"repeat","background-position":"center center","background-size":"auto","background-attachment":"scroll","background-type":"","background-media":"","overlay-type":"","overlay-color":"","overlay-opacity":"","overlay-gradient":""}},"ast-content-background-meta":{"desktop":{"background-color":"var(--ast-global-color-5)","background-image":"","background-repeat":"repeat","background-position":"center center","background-size":"auto","background-attachment":"scroll","background-type":"","background-media":"","overlay-type":"","overlay-color":"","overlay-opacity":"","overlay-gradient":""},"tablet":{"background-color":"var(--ast-global-color-5)","background-image":"","background-repeat":"repeat","background-position":"center center","background-size":"auto","background-attachment":"scroll","background-type":"","background-media":"","overlay-type":"","overlay-color":"","overlay-opacity":"","overlay-gradient":""},"mobile":{"background-color":"var(--ast-global-color-5)","background-image":"","background-repeat":"repeat","background-position":"center center","background-size":"auto","background-attachment":"scroll","background-type":"","background-media":"","overlay-type":"","overlay-color":"","overlay-opacity":"","overlay-gradient":""}}},"product_brand":[],"product_cat":[224],"product_tag":[191,193,194,192],"class_list":{"0":"post-19559","1":"product","2":"type-product","3":"status-publish","4":"has-post-thumbnail","6":"product_cat-aluminum-baffle-ceiling","7":"product_tag-aluminum-ceiling","8":"product_tag-baffle-ceiling","9":"product_tag-ceiling","10":"product_tag-metal-ceiling","11":"desktop-align-center","12":"tablet-align-left","13":"mobile-align-left","14":"ast-product-gallery-layout-horizontal-slider","15":"ast-product-tabs-layout-vertical","17":"first","18":"instock","19":"shipping-taxable","20":"product-type-simple"},"uagb_featured_image_src":{"full":["https:\/\/meterny.com\/wp-content\/uploads\/2024\/12\/mmexport1733234279050.jpg",800,800,false],"thumbnail":["https:\/\/meterny.com\/wp-content\/uploads\/2024\/12\/mmexport1733234279050-150x150.jpg",150,150,true],"medium":["https:\/\/meterny.com\/wp-content\/uploads\/2024\/12\/mmexport1733234279050-300x300.jpg",300,300,true],"medium_large":["https:\/\/meterny.com\/wp-content\/uploads\/2024\/12\/mmexport1733234279050-768x768.jpg",768,768,true],"large":["https:\/\/meterny.com\/wp-content\/uploads\/2024\/12\/mmexport1733234279050.jpg",800,800,false],"1536x1536":["https:\/\/meterny.com\/wp-content\/uploads\/2024\/12\/mmexport1733234279050.jpg",800,800,false],"2048x2048":["https:\/\/meterny.com\/wp-content\/uploads\/2024\/12\/mmexport1733234279050.jpg",800,800,false],"trp-custom-language-flag":["https:\/\/meterny.com\/wp-content\/uploads\/2024\/12\/mmexport1733234279050.jpg",12,12,false],"woocommerce_thumbnail":["https:\/\/meterny.com\/wp-content\/uploads\/2024\/12\/mmexport1733234279050-300x300.jpg",300,300,true],"woocommerce_single":["https:\/\/meterny.com\/wp-content\/uploads\/2024\/12\/mmexport1733234279050-600x600.jpg",600,600,true],"woocommerce_gallery_thumbnail":["https:\/\/meterny.com\/wp-content\/uploads\/2024\/12\/mmexport1733234279050-100x100.jpg",100,100,true]},"uagb_author_info":{"display_name":"meterny","author_link":"https:\/\/meterny.com\/de\/author\/"},"uagb_comment_info":0,"uagb_excerpt":"Enhance your space with our Aluminum Metal Baffle Ceiling. Designed for modern aesthetics and superior durability, this ceiling solution offers a sleek, stylish finish for any interior. Easy to install and maintain, it\u2019s perfect for commercial and residential applications. Upgrade your ceilings today with our high-quality aluminum baffle systems!","_links":{"self":[{"href":"https:\/\/meterny.com\/de\/wp-json\/wp\/v2\/product\/19559","targetHints":{"allow":["GET"]}}],"collection":[{"href":"https:\/\/meterny.com\/de\/wp-json\/wp\/v2\/product"}],"about":[{"href":"https:\/\/meterny.com\/de\/wp-json\/wp\/v2\/types\/product"}],"replies":[{"embeddable":true,"href":"https:\/\/meterny.com\/de\/wp-json\/wp\/v2\/comments?post=19559"}],"wp:featuredmedia":[{"embeddable":true,"href":"https:\/\/meterny.com\/de\/wp-json\/wp\/v2\/media\/20167"}],"wp:attachment":[{"href":"https:\/\/meterny.com\/de\/wp-json\/wp\/v2\/media?parent=19559"}],"wp:term":[{"taxonomy":"product_brand","embeddable":true,"href":"https:\/\/meterny.com\/de\/wp-json\/wp\/v2\/product_brand?post=19559"},{"taxonomy":"product_cat","embeddable":true,"href":"https:\/\/meterny.com\/de\/wp-json\/wp\/v2\/product_cat?post=19559"},{"taxonomy":"product_tag","embeddable":true,"href":"https:\/\/meterny.com\/de\/wp-json\/wp\/v2\/product_tag?post=19559"}],"curies":[{"name":"wp","href":"https:\/\/api.w.org\/{rel}","templated":true}]}}