{"id":20209,"date":"2024-12-09T08:52:44","date_gmt":"2024-12-09T08:52:44","guid":{"rendered":"https:\/\/meterny.com\/?post_type=product&#038;p=20209"},"modified":"2025-01-02T13:12:26","modified_gmt":"2025-01-02T13:12:26","slug":"modern-aluminum-suspended-clip-in-ceilings","status":"publish","type":"product","link":"https:\/\/meterny.com\/de\/produkt\/modern-aluminum-suspended-clip-in-ceilings\/","title":{"rendered":"Moderne, abgeh\u00e4ngte Clip-in-Deckenplatte aus Aluminium"},"content":{"rendered":"<h3><strong>Moderne Aluminium-Einh\u00e4ngedecken<\/strong><\/h3>\n<h4><strong>Produkt\u00fcbersicht<\/strong><\/h4>\n<p>Die <strong>Moderne Aluminium-Einh\u00e4ngedecken<\/strong> sind eine hochwertige Deckenl\u00f6sung, die eine elegante, zeitgem\u00e4\u00dfe \u00c4sthetik und gleichzeitig eine au\u00dfergew\u00f6hnliche Leistung bietet. Mit einem nahtlosen Clip-in-Installationssystem vereinen diese Decken Stil, Haltbarkeit und Funktionalit\u00e4t und eignen sich daher perfekt f\u00fcr eine Vielzahl von Anwendungen, einschlie\u00dflich gewerblicher, privater und \u00f6ffentlicher R\u00e4ume.<\/p>\n<h4><strong>Design-Inspiration<\/strong><\/h4>\n<p>Die <strong>Moderne Aluminium-Einh\u00e4ngedecken<\/strong> sind so konzipiert, dass sie jedem Raum ein modernes, anspruchsvolles Ambiente verleihen. Ganz gleich, ob Sie ein Firmenb\u00fcro, ein elegantes Restaurant oder ein stilvolles Einzelhandelsgesch\u00e4ft ausstatten wollen, diese Decken bieten ein klares, minimalistisches Aussehen, das verschiedene Designstile erg\u00e4nzt. Dank ihrer akustischen Vorteile eignen sie sich auch perfekt f\u00fcr gro\u00dfe, offene R\u00e4ume, in denen L\u00e4rmschutz wichtig ist.<\/p>\n<hr \/>\n<figure id=\"attachment_17254\" aria-describedby=\"caption-attachment-17254\" style=\"width: 1024px\" class=\"wp-caption alignnone\"><img loading=\"lazy\" decoding=\"async\" class=\"wp-image-17254\" src=\"https:\/\/meterny.com\/wp-content\/uploads\/2024\/07\/5-181ZHU.png\" alt=\"Moderne Aluminium-Einh\u00e4ngedecken\" width=\"1024\" height=\"1024\" srcset=\"https:\/\/meterny.com\/wp-content\/uploads\/2024\/07\/5-181ZHU.png 800w, https:\/\/meterny.com\/wp-content\/uploads\/2024\/07\/5-181ZHU-300x300.png 300w, https:\/\/meterny.com\/wp-content\/uploads\/2024\/07\/5-181ZHU-150x150.png 150w, https:\/\/meterny.com\/wp-content\/uploads\/2024\/07\/5-181ZHU-768x768.png 768w, https:\/\/meterny.com\/wp-content\/uploads\/2024\/07\/5-181ZHU-600x600.png 600w, https:\/\/meterny.com\/wp-content\/uploads\/2024\/07\/5-181ZHU-100x100.png 100w\" sizes=\"auto, (max-width: 1024px) 100vw, 1024px\" \/><figcaption id=\"caption-attachment-17254\" class=\"wp-caption-text\">Langlebige Aluminium-Clip-in-Decke, entwickelt f\u00fcr leistungsstarke Innenr\u00e4ume.<\/figcaption><\/figure>\n<h4><strong>Wesentliche Merkmale<\/strong><\/h4>\n<ul>\n<li><strong>Zeitgen\u00f6ssisches Design<\/strong>: Die modernen, klaren Linien und die glatte Oberfl\u00e4che der Aluminiumpaneele sorgen f\u00fcr ein stilvolles und minimalistisches Aussehen, das jeder Umgebung Raffinesse verleiht.<\/li>\n<li><strong>Clip-in-Installation<\/strong>: Das einzigartige Clip-in-System macht sichtbare Befestigungen \u00fcberfl\u00fcssig und erm\u00f6glicht eine schnelle, einfache und sichere Installation. Die Paneele werden mit einem Klick befestigt und k\u00f6nnen f\u00fcr Wartungsarbeiten oder den Zugang zu den Versorgungsleitungen an der Decke leicht entfernt werden.<\/li>\n<li><strong>Langlebiges Material<\/strong>: Die aus hochwertigem Aluminium gefertigten Paneele sind leicht und dennoch \u00e4u\u00dferst langlebig und bieten eine hervorragende Best\u00e4ndigkeit gegen Korrosion, Feuchtigkeit und Verschlei\u00df.<\/li>\n<li><strong>Akustische Vorteile<\/strong>: Das Design der Paneele tr\u00e4gt zur Schallabsorption und -diffusion bei und eignet sich daher perfekt f\u00fcr R\u00e4ume, in denen L\u00e4rmschutz und akustische Leistung wichtig sind.<\/li>\n<li><strong>Geringe Wartung<\/strong>: Die nat\u00fcrliche Widerstandsf\u00e4higkeit von Aluminium gegen Flecken, Staub und Ausbleichen sorgt daf\u00fcr, dass die Decke mit minimalem Pflegeaufwand in makellosem Zustand bleibt.<\/li>\n<li><strong>Anpassbar<\/strong>: Diese Paneele sind in einer Vielzahl von Gr\u00f6\u00dfen, Ausf\u00fchrungen und Farben erh\u00e4ltlich und k\u00f6nnen auf die einzigartigen Designanforderungen Ihres Projekts zugeschnitten werden. W\u00e4hlen Sie zwischen matten, gl\u00e4nzenden, geb\u00fcrsteten, eloxierten oder kundenspezifischen Oberfl\u00e4chen.<\/li>\n<li><strong>Umweltfreundlich<\/strong>: Diese aus 100% recyceltem Aluminium gefertigten Paneele sind eine umweltbewusste Wahl f\u00fcr nachhaltiges Bauen.<\/li>\n<\/ul>\n<hr \/>\n<h4>Mehr Optionen<\/h4>\n<figure id=\"attachment_17270\" aria-describedby=\"caption-attachment-17270\" style=\"width: 1200px\" class=\"wp-caption alignnone\"><img loading=\"lazy\" decoding=\"async\" class=\"size-full wp-image-17270\" src=\"https:\/\/meterny.com\/wp-content\/uploads\/2024\/07\/\u4e0b\u8f7d-19.jpg\" alt=\"Eine Vielzahl von Aluminium-Clip-in-Deckenpaneelen\" width=\"1200\" height=\"1200\" srcset=\"https:\/\/meterny.com\/wp-content\/uploads\/2024\/07\/\u4e0b\u8f7d-19.jpg 1200w, https:\/\/meterny.com\/wp-content\/uploads\/2024\/07\/\u4e0b\u8f7d-19-300x300.jpg 300w, https:\/\/meterny.com\/wp-content\/uploads\/2024\/07\/\u4e0b\u8f7d-19-1024x1024.jpg 1024w, https:\/\/meterny.com\/wp-content\/uploads\/2024\/07\/\u4e0b\u8f7d-19-150x150.jpg 150w, https:\/\/meterny.com\/wp-content\/uploads\/2024\/07\/\u4e0b\u8f7d-19-768x768.jpg 768w, https:\/\/meterny.com\/wp-content\/uploads\/2024\/07\/\u4e0b\u8f7d-19-600x600.jpg 600w, https:\/\/meterny.com\/wp-content\/uploads\/2024\/07\/\u4e0b\u8f7d-19-100x100.jpg 100w\" sizes=\"auto, (max-width: 1200px) 100vw, 1200px\" \/><figcaption id=\"caption-attachment-17270\" class=\"wp-caption-text\">Eine Vielzahl von Aluminium-Clip-in-Deckenpaneelen, die verschiedene Stile f\u00fcr eine vielseitige Innenraumgestaltung bieten.<\/figcaption><\/figure>\n<h4><strong>Anwendungen von modernen Aluminium-Einh\u00e4ngedecken<\/strong><\/h4>\n<ul>\n<li><strong>Kommerzielle R\u00e4ume<\/strong>: B\u00fcror\u00e4ume, Konferenzr\u00e4ume, Lobbys und Coworking Spaces.<\/li>\n<li><strong>\u00d6ffentliche Veranstaltungsorte<\/strong>: Flugh\u00e4fen, Museen, Einkaufszentren und Ausstellungshallen.<\/li>\n<li><strong>Gastfreundschaft<\/strong>: Hotels, Restaurants, Bars und Lounges.<\/li>\n<li><strong>Wohnbauprojekte<\/strong>: Moderne H\u00e4user, Wohnungen, Unterhaltungsr\u00e4ume und K\u00fcchen.<\/li>\n<li><strong>Einzelhandelsumgebungen<\/strong>: Ausstellungsr\u00e4ume, Boutiquen und Einzelhandelsgesch\u00e4fte.<\/li>\n<\/ul>\n<hr \/>\n<h4><strong>Technische Daten der modernen Aluminium-Einh\u00e4ngedecke zum Einh\u00e4ngen<\/strong><\/h4>\n<ul>\n<li><strong>Material<\/strong>: Hochwertiges Aluminium, erh\u00e4ltlich in pulverbeschichteter oder eloxierter Ausf\u00fchrung f\u00fcr zus\u00e4tzlichen Schutz.<\/li>\n<li><strong>Panel Abmessungen<\/strong>: Individuell anpassbar an die jeweiligen Projektanforderungen, mit Optionen f\u00fcr verschiedene L\u00e4ngen, Breiten und Tiefen.<\/li>\n<li><strong>Beendet<\/strong>: Erh\u00e4ltlich in einer breiten Palette von Oberfl\u00e4chen, einschlie\u00dflich matt, gl\u00e4nzend, geb\u00fcrstet, eloxiert und in kundenspezifischen Farben.<\/li>\n<li><strong>Aufh\u00e4ngungssystem<\/strong>: Das Clip-in-Installationssystem wurde f\u00fcr eine schnelle und einfache Installation entwickelt und bietet eine sichere Aufh\u00e4ngung f\u00fcr eine lange Lebensdauer.<\/li>\n<li><strong>Akustische Leistung<\/strong>: Kann mit schallabsorbierenden Materialien kombiniert werden, um den L\u00e4rmschutz in gro\u00dfen oder offenen R\u00e4umen zu verbessern.<\/li>\n<\/ul>\n<hr \/>\n<h4><strong>Vorteile der modernen Aluminium-Einh\u00e4ngedecke<\/strong><\/h4>\n<ol>\n<li><strong>Modernes, schlankes Erscheinungsbild<\/strong>: Das klare, nahtlose Design wertet jeden Raum auf und bietet eine moderne, ausgefeilte \u00c4sthetik.<\/li>\n<li><strong>M\u00fchelose Installation<\/strong>: Das innovative Clip-in-System erm\u00f6glicht eine schnelle und sichere Installation und spart Zeit und Arbeitskosten.<\/li>\n<li><strong>Hohe Dauerhaftigkeit<\/strong>: Die Aluminiumkonstruktion gew\u00e4hrleistet eine lange Lebensdauer und ist resistent gegen Feuchtigkeit, Korrosion und Abnutzung durch Umwelteinfl\u00fcsse.<\/li>\n<li><strong>Anpassbares Design<\/strong>: Passen Sie die Gr\u00f6\u00dfe, Form, Farbe und Ausf\u00fchrung an, um die perfekte Decke f\u00fcr Ihren Raum zu schaffen.<\/li>\n<li><strong>L\u00e4rmschutz<\/strong>: Ideal f\u00fcr R\u00e4ume, in denen die Akustik verbessert, der Nachhall reduziert und der Klang klarer werden soll.<\/li>\n<li><strong>Geringe Wartung<\/strong>: Aluminium ist resistent gegen Flecken, Staub und Ausbleichen, so dass die Paneele bei minimalem Reinigungsaufwand makellos bleiben.<\/li>\n<li><strong>Nachhaltig<\/strong>: Hergestellt aus recycelbarem Aluminium, das umweltfreundliche und gr\u00fcne Bauinitiativen unterst\u00fctzt.<\/li>\n<\/ol>\n<hr \/>\n<p>&nbsp;<\/p>\n<figure id=\"attachment_17259\" aria-describedby=\"caption-attachment-17259\" style=\"width: 1024px\" class=\"wp-caption alignnone\"><img loading=\"lazy\" decoding=\"async\" class=\"wp-image-17259\" src=\"https:\/\/meterny.com\/wp-content\/uploads\/2024\/07\/15-4.jpg\" alt=\"Aluminium-Clip-in-Decke f\u00fcr gewerbliche R\u00e4ume\" width=\"1024\" height=\"1024\" srcset=\"https:\/\/meterny.com\/wp-content\/uploads\/2024\/07\/15-4.jpg 800w, https:\/\/meterny.com\/wp-content\/uploads\/2024\/07\/15-4-300x300.jpg 300w, https:\/\/meterny.com\/wp-content\/uploads\/2024\/07\/15-4-150x150.jpg 150w, https:\/\/meterny.com\/wp-content\/uploads\/2024\/07\/15-4-768x768.jpg 768w, https:\/\/meterny.com\/wp-content\/uploads\/2024\/07\/15-4-600x600.jpg 600w, https:\/\/meterny.com\/wp-content\/uploads\/2024\/07\/15-4-100x100.jpg 100w\" sizes=\"auto, (max-width: 1024px) 100vw, 1024px\" \/><figcaption id=\"caption-attachment-17259\" class=\"wp-caption-text\">Elegante, perforierte Aluminium-Clip-in-Decke, die moderne Innenr\u00e4ume mit komplizierten Designs aufwertet<\/figcaption><\/figure>\n<h3><strong>Warum sollten Sie sich f\u00fcr moderne abgeh\u00e4ngte Clip-in-Decken aus Aluminium entscheiden?<\/strong><\/h3>\n<ul>\n<li><strong>Schlank und modern<\/strong>: Ein raffiniertes und stilvolles Design, das jedem Interieur einen modernen Touch verleiht.<\/li>\n<li><strong>Einfache und schnelle Installation<\/strong>: Das Clip-in-System vereinfacht die Installation und reduziert Zeit und Arbeitskosten.<\/li>\n<li><strong>Dauerhaftigkeit<\/strong>: Diese aus hochwertigem Aluminium gefertigten Decken sind langlebig und widerstehen Korrosion, Feuchtigkeit und Verschlei\u00df.<\/li>\n<li><strong>Anpassbar<\/strong>: Flexible Gestaltungsm\u00f6glichkeiten f\u00fcr jede \u00e4sthetische oder funktionale Anforderung.<\/li>\n<li><strong>Verbesserte Akustik<\/strong>: Entwickelt, um L\u00e4rm zu reduzieren und die Klangqualit\u00e4t zu verbessern, ideal f\u00fcr gro\u00dfe oder offene R\u00e4ume.<\/li>\n<li><strong>Umweltfreundlich<\/strong>: Hergestellt aus 100% recycelbaren Materialien, die nachhaltige Konstruktionsmethoden unterst\u00fctzen.<\/li>\n<\/ul>\n<h4><strong>Erfahrungsberichte von Kunden<\/strong><\/h4>\n<blockquote><p><em>\"Diese Aluminium-Clipdecken haben unserem B\u00fcro ein frisches, modernes Aussehen verliehen. Die Installation ging unglaublich schnell, und die Paneele sind leicht zu pflegen.\"<\/em><br \/>\n- Innenarchitektin, Firmenb\u00fcro<\/p><\/blockquote>\n<blockquote><p><em>\"Wir haben sie in unserer Hotellobby eingesetzt, und sie haben den Raum ver\u00e4ndert. Das nahtlose Design und die hochwertige Verarbeitung sind genau das, was wir brauchten.\"<\/em><br \/>\n- Hotel Projektleiter<\/p><\/blockquote>","protected":false},"excerpt":{"rendered":"<p>Versch\u00f6nern Sie Ihre Gesundheitseinrichtung mit unseren Paint Design Hospital Ceiling Tiles, die eine Mischung aus \u00c4sthetik, Hygiene und Haltbarkeit bieten, die speziell auf Krankenhausumgebungen zugeschnitten ist.<\/p>","protected":false},"featured_media":17254,"comment_status":"open","ping_status":"closed","template":"","meta":{"_uag_custom_page_level_css":"","site-sidebar-layout":"default","site-content-layout":"","ast-site-content-layout":"default","site-content-style":"default","site-sidebar-style":"default","ast-global-header-display":"","ast-banner-title-visibility":"","ast-main-header-display":"","ast-hfb-above-header-display":"","ast-hfb-below-header-display":"","ast-hfb-mobile-header-display":"","site-post-title":"","ast-breadcrumbs-content":"","ast-featured-img":"","footer-sml-layout":"","theme-transparent-header-meta":"default","adv-header-id-meta":"","stick-header-meta":"","header-above-stick-meta":"","header-main-stick-meta":"","header-below-stick-meta":"","astra-migrate-meta-layouts":"set","ast-page-background-enabled":"default","ast-page-background-meta":{"desktop":{"background-color":"var(--ast-global-color-4)","background-image":"","background-repeat":"repeat","background-position":"center center","background-size":"auto","background-attachment":"scroll","background-type":"","background-media":"","overlay-type":"","overlay-color":"","overlay-opacity":"","overlay-gradient":""},"tablet":{"background-color":"","background-image":"","background-repeat":"repeat","background-position":"center center","background-size":"auto","background-attachment":"scroll","background-type":"","background-media":"","overlay-type":"","overlay-color":"","overlay-opacity":"","overlay-gradient":""},"mobile":{"background-color":"","background-image":"","background-repeat":"repeat","background-position":"center center","background-size":"auto","background-attachment":"scroll","background-type":"","background-media":"","overlay-type":"","overlay-color":"","overlay-opacity":"","overlay-gradient":""}},"ast-content-background-meta":{"desktop":{"background-color":"var(--ast-global-color-5)","background-image":"","background-repeat":"repeat","background-position":"center center","background-size":"auto","background-attachment":"scroll","background-type":"","background-media":"","overlay-type":"","overlay-color":"","overlay-opacity":"","overlay-gradient":""},"tablet":{"background-color":"var(--ast-global-color-5)","background-image":"","background-repeat":"repeat","background-position":"center center","background-size":"auto","background-attachment":"scroll","background-type":"","background-media":"","overlay-type":"","overlay-color":"","overlay-opacity":"","overlay-gradient":""},"mobile":{"background-color":"var(--ast-global-color-5)","background-image":"","background-repeat":"repeat","background-position":"center center","background-size":"auto","background-attachment":"scroll","background-type":"","background-media":"","overlay-type":"","overlay-color":"","overlay-opacity":"","overlay-gradient":""}}},"product_brand":[],"product_cat":[227],"product_tag":[191,193,194,195,192],"class_list":{"0":"post-20209","1":"product","2":"type-product","3":"status-publish","4":"has-post-thumbnail","6":"product_cat-aluminum-buckle-plate","7":"product_tag-aluminum-ceiling","8":"product_tag-baffle-ceiling","9":"product_tag-ceiling","10":"product_tag-ceiling-tile","11":"product_tag-metal-ceiling","12":"desktop-align-center","13":"tablet-align-left","14":"mobile-align-left","15":"ast-product-gallery-layout-horizontal-slider","16":"ast-product-tabs-layout-vertical","18":"first","19":"instock","20":"shipping-taxable","21":"product-type-simple"},"uagb_featured_image_src":{"full":["https:\/\/meterny.com\/wp-content\/uploads\/2024\/07\/5-181ZHU.png",800,800,false],"thumbnail":["https:\/\/meterny.com\/wp-content\/uploads\/2024\/07\/5-181ZHU-150x150.png",150,150,true],"medium":["https:\/\/meterny.com\/wp-content\/uploads\/2024\/07\/5-181ZHU-300x300.png",300,300,true],"medium_large":["https:\/\/meterny.com\/wp-content\/uploads\/2024\/07\/5-181ZHU-768x768.png",768,768,true],"large":["https:\/\/meterny.com\/wp-content\/uploads\/2024\/07\/5-181ZHU.png",800,800,false],"1536x1536":["https:\/\/meterny.com\/wp-content\/uploads\/2024\/07\/5-181ZHU.png",800,800,false],"2048x2048":["https:\/\/meterny.com\/wp-content\/uploads\/2024\/07\/5-181ZHU.png",800,800,false],"trp-custom-language-flag":["https:\/\/meterny.com\/wp-content\/uploads\/2024\/07\/5-181ZHU.png",12,12,false],"woocommerce_thumbnail":["https:\/\/meterny.com\/wp-content\/uploads\/2024\/07\/5-181ZHU-300x300.png",300,300,true],"woocommerce_single":["https:\/\/meterny.com\/wp-content\/uploads\/2024\/07\/5-181ZHU-600x600.png",600,600,true],"woocommerce_gallery_thumbnail":["https:\/\/meterny.com\/wp-content\/uploads\/2024\/07\/5-181ZHU-100x100.png",100,100,true]},"uagb_author_info":{"display_name":"meterny","author_link":"https:\/\/meterny.com\/de\/author\/"},"uagb_comment_info":0,"uagb_excerpt":"Enhance your healthcare facility with our Paint Design Hospital Ceiling Tile, offering a blend of aesthetic appeal, hygiene, and durability tailored for hospital environments.","_links":{"self":[{"href":"https:\/\/meterny.com\/de\/wp-json\/wp\/v2\/product\/20209","targetHints":{"allow":["GET"]}}],"collection":[{"href":"https:\/\/meterny.com\/de\/wp-json\/wp\/v2\/product"}],"about":[{"href":"https:\/\/meterny.com\/de\/wp-json\/wp\/v2\/types\/product"}],"replies":[{"embeddable":true,"href":"https:\/\/meterny.com\/de\/wp-json\/wp\/v2\/comments?post=20209"}],"wp:featuredmedia":[{"embeddable":true,"href":"https:\/\/meterny.com\/de\/wp-json\/wp\/v2\/media\/17254"}],"wp:attachment":[{"href":"https:\/\/meterny.com\/de\/wp-json\/wp\/v2\/media?parent=20209"}],"wp:term":[{"taxonomy":"product_brand","embeddable":true,"href":"https:\/\/meterny.com\/de\/wp-json\/wp\/v2\/product_brand?post=20209"},{"taxonomy":"product_cat","embeddable":true,"href":"https:\/\/meterny.com\/de\/wp-json\/wp\/v2\/product_cat?post=20209"},{"taxonomy":"product_tag","embeddable":true,"href":"https:\/\/meterny.com\/de\/wp-json\/wp\/v2\/product_tag?post=20209"}],"curies":[{"name":"wp","href":"https:\/\/api.w.org\/{rel}","templated":true}]}}