{"id":20295,"date":"2024-12-15T12:13:48","date_gmt":"2024-12-15T12:13:48","guid":{"rendered":"https:\/\/meterny.com\/?post_type=product&#038;p=20295"},"modified":"2025-01-18T09:09:14","modified_gmt":"2025-01-18T09:09:14","slug":"wpc-fence-panel-with-natural-wood-texture","status":"publish","type":"product","link":"https:\/\/meterny.com\/de\/produkt\/wpc-fence-panel-with-natural-wood-texture\/","title":{"rendered":"Dekorative WPC-Zaunpaneele mit nat\u00fcrlicher Holzmaserung"},"content":{"rendered":"<div class=\"elementor-element elementor-element-c0e1d42 elementor-widget elementor-widget-heading\" data-id=\"c0e1d42\" data-element_type=\"widget\" data-widget_type=\"heading.default\">\n<div class=\"elementor-widget-container\"><\/div>\n<\/div>\n<div class=\"elementor-element elementor-element-1f676da elementor-widget elementor-widget-heading\" data-id=\"1f676da\" data-element_type=\"widget\" data-widget_type=\"heading.default\">\n<h2 class=\"elementor-widget-container\" style=\"text-align: center;\">Dekorative WPC-Zaunpaneele mit nat\u00fcrlicher Holzmaserung<\/h2>\n<\/div>\n<p><strong>Modell<\/strong>: WPC-Zaunpaneel mit nat\u00fcrlicher Holzmaserung<\/p>\n<p><strong>Typ<\/strong>: Dekoratives WPC-Zaunpaneel mit nat\u00fcrlicher Holzmaserung<\/p>\n<p><strong>Gr\u00f6\u00dfe<\/strong>: Breite 1800mm x H\u00f6he 1850mm<\/p>\n<p><strong>Oberfl\u00e4che<\/strong>: Zwei Oberfl\u00e4chen - Streifen und Holzmaserung<\/p>\n<p><strong>Farbe<\/strong>: 9 Farboptionen<\/p>\n<p><strong>L\u00e4nge<\/strong>: Ma\u00dfgeschneidert<\/p>\n<p><strong>Material<\/strong>: Holz-Kunststoff-Verbundstoff<\/p>\n<p><strong>Produkt-Technologie<\/strong>: \u00d6ko-Extrusion<\/p>\n<p>WPC-Zaunpaneele mit nat\u00fcrlicher Holzmaserung<\/p>\n<h3><strong>Produktname<\/strong><\/h3>\n<p id=\"\">WPC-Zaunpaneele mit nat\u00fcrlicher Holzmaserung<\/p>\n<figure id=\"attachment_17490\" aria-describedby=\"caption-attachment-17490\" style=\"width: 1024px\" class=\"wp-caption alignnone\"><img loading=\"lazy\" decoding=\"async\" class=\"wp-image-17490\" src=\"https:\/\/meterny.com\/wp-content\/uploads\/2024\/10\/\u90a6\u82f1-5.jpg\" alt=\"WPC-Zaunpaneele mit nat\u00fcrlicher Holzmaserung\" width=\"1024\" height=\"1024\" srcset=\"https:\/\/meterny.com\/wp-content\/uploads\/2024\/10\/\u90a6\u82f1-5.jpg 800w, https:\/\/meterny.com\/wp-content\/uploads\/2024\/10\/\u90a6\u82f1-5-300x300.jpg 300w, https:\/\/meterny.com\/wp-content\/uploads\/2024\/10\/\u90a6\u82f1-5-150x150.jpg 150w, https:\/\/meterny.com\/wp-content\/uploads\/2024\/10\/\u90a6\u82f1-5-768x768.jpg 768w, https:\/\/meterny.com\/wp-content\/uploads\/2024\/10\/\u90a6\u82f1-5-600x600.jpg 600w, https:\/\/meterny.com\/wp-content\/uploads\/2024\/10\/\u90a6\u82f1-5-100x100.jpg 100w\" sizes=\"auto, (max-width: 1024px) 100vw, 1024px\" \/><figcaption id=\"caption-attachment-17490\" class=\"wp-caption-text\">Stilvolle Zaunl\u00f6sungen mit dekorativen WPC-Zaunpaneelen<\/figcaption><\/figure>\n<h3><strong>Produkt\u00fcbersicht<\/strong><\/h3>\n<p id=\"\">Willkommen auf unserer Produkt-Detailseite! Wir sind stolz darauf, Ihnen dieses WPC (Wood Plastic Composite) Zaunpaneel mit nat\u00fcrlicher Holzstruktur vorstellen zu k\u00f6nnen. Es verbindet die Textur von nat\u00fcrlichem Holz mit den Vorteilen moderner Verbundwerkstoffe und verleiht Ihrem Au\u00dfenbereich eine einzigartige und elegante Note. Dieses Zaunpaneel ist nicht nur sch\u00f6n und langlebig, sondern auch einfach zu installieren und zu pflegen, was es zur idealen Wahl f\u00fcr die Schaffung Ihres perfekten privaten Raums macht.<\/p>\n<h3><strong>Produktmerkmale<\/strong><\/h3>\n<p>&nbsp;<\/p>\n<h4><strong>1. Nat\u00fcrliche Holzmaserung<\/strong><\/h4>\n<ul>\n<li><strong>Lebensechte Wirkung<\/strong>: Dank fortschrittlicher Produktionstechniken zeigt unser WPC-Zaunpaneel mit nat\u00fcrlicher Holzstruktur eine realistische nat\u00fcrliche Holzstruktur, die ein warmes und nat\u00fcrliches Ambiente in Ihren Garten oder auf Ihre Terrasse bringt.<\/li>\n<li><strong>Vielf\u00e4ltige Optionen<\/strong>: Erh\u00e4ltlich in verschiedenen Farben und Texturen, um verschiedenen Stilen und \u00e4sthetischen Vorlieben gerecht zu werden.<\/li>\n<\/ul>\n<h4><strong>2. Hohe Festigkeit und Langlebigkeit<\/strong><\/h4>\n<ul>\n<li><strong>Witterungsbest\u00e4ndigkeit<\/strong>: WPC-Material weist eine ausgezeichnete Witterungsbest\u00e4ndigkeit auf und h\u00e4lt extremen Wetterbedingungen wie hohen Temperaturen, K\u00e4lte, Feuchtigkeit und UV-Strahlung stand.<\/li>\n<li><strong>Korrosionsbest\u00e4ndigkeit<\/strong>: Widerstandsf\u00e4hig gegen Insekten, Schimmel und Korrosion, was seine Lebensdauer verl\u00e4ngert.<\/li>\n<\/ul>\n<h4><strong>3. Umweltfreundlichkeit und Nachhaltigkeit<\/strong><\/h4>\n<ul>\n<li><strong>Gr\u00fcnes Material<\/strong>: Hergestellt aus recyceltem Kunststoff und Holzfasern, wodurch die Abh\u00e4ngigkeit von nat\u00fcrlichen Ressourcen verringert und die Umweltprinzipien eingehalten werden.<\/li>\n<li><strong>Ungiftig und sicher<\/strong>: Frei von Formaldehyd und anderen sch\u00e4dlichen Stoffen, zum Schutz der Gesundheit von Ihnen und Ihrer Familie.<\/li>\n<\/ul>\n<h4><strong>4. Einfache Installation und Wartung<\/strong><\/h4>\n<ul>\n<li><strong>Leichte Konstruktion<\/strong>: Im Vergleich zu herk\u00f6mmlichen Holzz\u00e4unen sind die WPC-Zaunpaneele mit nat\u00fcrlicher Holzstruktur leichter, was eine einfache Handhabung und Installation erm\u00f6glicht.<\/li>\n<li><strong>Schnelle Installation<\/strong>: Wird mit detaillierten Montageanleitungen und dem notwendigen Zubeh\u00f6r geliefert und erfordert keine besonderen Kenntnisse f\u00fcr eine einfache Montage.<\/li>\n<li><strong>Niedrige Wartungskosten<\/strong>: Glatte Oberfl\u00e4che, unempfindlich gegen Staubablagerungen und leicht mit Wasser zu reinigen, um die Sauberkeit zu erhalten.<\/li>\n<\/ul>\n<h4><strong>5. Datenschutz und Sicherheit<\/strong><\/h4>\n<ul>\n<li><strong>Wirksame Abschirmung<\/strong>: Bietet eine ausreichende Abschirmung, um die Privatsph\u00e4re Ihres Au\u00dfenbereichs zu sch\u00fctzen.<\/li>\n<li><strong>Robuste Konstruktion<\/strong>: Strukturell solide und schwer zu brechen, was die Sicherheit erh\u00f6ht.<\/li>\n<\/ul>\n<h3><strong>Produktspezifikationen<\/strong><\/h3>\n<ul>\n<li><strong>Gr\u00f6\u00dfe<\/strong>: Anpassbar an die Bed\u00fcrfnisse des Kunden (Standardgr\u00f6\u00dfen wie 1800mm hoch x 1850mm breit, etc.)<\/li>\n<li><strong>Dicke<\/strong>: Verschiedene Dickenoptionen je nach Festigkeitsanforderungen verf\u00fcgbar<\/li>\n<li><strong>Farbe<\/strong>: Mehrere nat\u00fcrliche Holzmaserungsfarben zur Auswahl<\/li>\n<\/ul>\n<h3><strong>Anwendungsszenarien<\/strong><\/h3>\n<ul>\n<li>Gartenz\u00e4une<\/li>\n<li>Terrassentrennw\u00e4nde<\/li>\n<li>Mauern im Innenhof<\/li>\n<li>Poolumz\u00e4unung<\/li>\n<li>Au\u00dfendekoration der Villa<\/li>\n<\/ul>\n<h3><strong>Einkaufsf\u00fchrer<\/strong><\/h3>\n<ul>\n<li><strong>Gr\u00f6\u00dfe und Farbe ausw\u00e4hlen<\/strong>: W\u00e4hlen Sie die passende Gr\u00f6\u00dfe und Farbe je nach Ihren Bed\u00fcrfnissen und Vorlieben.<\/li>\n<li><strong>Kontakt<\/strong>: Kontaktieren Sie uns \u00fcber unser Online-Chat-Tool, per E-Mail oder Telefon, wenn Sie weitere Informationen w\u00fcnschen oder eine Bestellung aufgeben m\u00f6chten.<\/li>\n<li><strong>Lieferung und Installation<\/strong>: Wir bieten einen landesweiten Lieferservice an und k\u00f6nnen auf Wunsch eine Installationsanleitung geben oder professionelle Installationsteams empfehlen.<\/li>\n<\/ul>\n<h3><strong>Schlussfolgerung<\/strong><\/h3>\n<p id=\"\">W\u00e4hlen Sie unser WPC-Zaunpaneel mit nat\u00fcrlicher Holzstruktur, um einen Hauch von Natur und Eleganz in Ihren Au\u00dfenbereich zu bringen. Wir sind bestrebt, qualitativ hochwertige Produkte und exzellenten Service zu bieten und freuen uns darauf, mit Ihnen zusammenzuarbeiten, um ein sch\u00f6nes Zuhause zu schaffen!<\/p>\n<p>Dekorative WPC-Zaunpaneele mit nat\u00fcrlicher Holzmaserung<\/p>\n<h3>Wenn Sie weitere Einzelheiten erfahren m\u00f6chten, klicken Sie bitte auf diesen Link zu youtube:<a href=\"https:\/\/youtu.be\/A_X4ZdlYfzc\" target=\"_blank\" rel=\"noopener\">https:\/\/youtu.be\/A_X4ZdlYfzc<\/a><\/h3>\n<p>&nbsp;<\/p>\n<h3>Galerie<\/h3>\n<figure id=\"attachment_17485\" aria-describedby=\"caption-attachment-17485\" style=\"width: 1024px\" class=\"wp-caption alignnone\"><img loading=\"lazy\" decoding=\"async\" class=\"wp-image-17485\" src=\"https:\/\/meterny.com\/wp-content\/uploads\/2024\/10\/83ZHU.jpg\" alt=\"Umweltbewusste WPC-Zaunl\u00f6sungen\" width=\"1024\" height=\"1024\" srcset=\"https:\/\/meterny.com\/wp-content\/uploads\/2024\/10\/83ZHU.jpg 800w, https:\/\/meterny.com\/wp-content\/uploads\/2024\/10\/83ZHU-300x300.jpg 300w, https:\/\/meterny.com\/wp-content\/uploads\/2024\/10\/83ZHU-150x150.jpg 150w, https:\/\/meterny.com\/wp-content\/uploads\/2024\/10\/83ZHU-768x768.jpg 768w, https:\/\/meterny.com\/wp-content\/uploads\/2024\/10\/83ZHU-600x600.jpg 600w, https:\/\/meterny.com\/wp-content\/uploads\/2024\/10\/83ZHU-100x100.jpg 100w\" sizes=\"auto, (max-width: 1024px) 100vw, 1024px\" \/><figcaption id=\"caption-attachment-17485\" class=\"wp-caption-text\">Versch\u00f6nern Sie Ihren Au\u00dfenbereich mit nat\u00fcrlich wirkenden WPC-Z\u00e4unen<\/figcaption><\/figure>\n<p>WPC-Zaunpaneele mit nat\u00fcrlicher Holzmaserung<\/p>\n<figure id=\"attachment_17484\" aria-describedby=\"caption-attachment-17484\" style=\"width: 1024px\" class=\"wp-caption alignnone\"><img loading=\"lazy\" decoding=\"async\" class=\"wp-image-17484\" src=\"https:\/\/meterny.com\/wp-content\/uploads\/2024\/10\/8-8ZHU.jpg\" alt=\"3D gepr\u00e4gte Holzmaserung Wpc Zaunplatte\" width=\"1024\" height=\"1024\" srcset=\"https:\/\/meterny.com\/wp-content\/uploads\/2024\/10\/8-8ZHU.jpg 800w, https:\/\/meterny.com\/wp-content\/uploads\/2024\/10\/8-8ZHU-300x300.jpg 300w, https:\/\/meterny.com\/wp-content\/uploads\/2024\/10\/8-8ZHU-150x150.jpg 150w, https:\/\/meterny.com\/wp-content\/uploads\/2024\/10\/8-8ZHU-768x768.jpg 768w, https:\/\/meterny.com\/wp-content\/uploads\/2024\/10\/8-8ZHU-600x600.jpg 600w, https:\/\/meterny.com\/wp-content\/uploads\/2024\/10\/8-8ZHU-100x100.jpg 100w\" sizes=\"auto, (max-width: 1024px) 100vw, 1024px\" \/><figcaption id=\"caption-attachment-17484\" class=\"wp-caption-text\">Verwandeln Sie Ihren Au\u00dfenbereich mit langlebigen WPC-Z\u00e4unen<\/figcaption><\/figure>\n<p>WPC-Zaunpaneele mit nat\u00fcrlicher Holzmaserung<\/p>\n<figure id=\"attachment_17486\" aria-describedby=\"caption-attachment-17486\" style=\"width: 1024px\" class=\"wp-caption alignnone\"><img loading=\"lazy\" decoding=\"async\" class=\"wp-image-17486\" src=\"https:\/\/meterny.com\/wp-content\/uploads\/2024\/10\/10-5ZHU.jpg\" alt=\"Premium WPC-Zaun f\u00fcr den Sichtschutz im Freien\" width=\"1024\" height=\"1024\" srcset=\"https:\/\/meterny.com\/wp-content\/uploads\/2024\/10\/10-5ZHU.jpg 800w, https:\/\/meterny.com\/wp-content\/uploads\/2024\/10\/10-5ZHU-300x300.jpg 300w, https:\/\/meterny.com\/wp-content\/uploads\/2024\/10\/10-5ZHU-150x150.jpg 150w, https:\/\/meterny.com\/wp-content\/uploads\/2024\/10\/10-5ZHU-768x768.jpg 768w, https:\/\/meterny.com\/wp-content\/uploads\/2024\/10\/10-5ZHU-600x600.jpg 600w, https:\/\/meterny.com\/wp-content\/uploads\/2024\/10\/10-5ZHU-100x100.jpg 100w\" sizes=\"auto, (max-width: 1024px) 100vw, 1024px\" \/><figcaption id=\"caption-attachment-17486\" class=\"wp-caption-text\">Erleben Sie die perfekte Balance zwischen St\u00e4rke und Sch\u00f6nheit mit WPC-Z\u00e4unen<\/figcaption><\/figure>\n<p>Meterny METE Serie WPC Zaunpaneele mit nat\u00fcrlicher Holzstruktur Farbkarte<\/p>\n<figure id=\"attachment_20293\" aria-describedby=\"caption-attachment-20293\" style=\"width: 1024px\" class=\"wp-caption alignnone\"><img loading=\"lazy\" decoding=\"async\" class=\"wp-image-20293\" src=\"https:\/\/meterny.com\/wp-content\/uploads\/2024\/10\/METE-Series-Colour-151.png\" alt=\"Meterny WPC-Zaun Farboptionen\" width=\"1024\" height=\"1024\" srcset=\"https:\/\/meterny.com\/wp-content\/uploads\/2024\/10\/METE-Series-Colour-151.png 900w, https:\/\/meterny.com\/wp-content\/uploads\/2024\/10\/METE-Series-Colour-151-300x300.png 300w, https:\/\/meterny.com\/wp-content\/uploads\/2024\/10\/METE-Series-Colour-151-150x150.png 150w, https:\/\/meterny.com\/wp-content\/uploads\/2024\/10\/METE-Series-Colour-151-768x768.png 768w, https:\/\/meterny.com\/wp-content\/uploads\/2024\/10\/METE-Series-Colour-151-600x600.png 600w, https:\/\/meterny.com\/wp-content\/uploads\/2024\/10\/METE-Series-Colour-151-100x100.png 100w\" sizes=\"auto, (max-width: 1024px) 100vw, 1024px\" \/><figcaption id=\"caption-attachment-20293\" class=\"wp-caption-text\">Entdecken Sie Meterny WPC-Zaun - Neun atemberaubende Farboptionen f\u00fcr jeden Stil<\/figcaption><\/figure>\n<h3>Langlebig und wasserdicht<\/h3>\n<p>Dieser Zaun wird mit der fortschrittlichen \u00d6ko-Extrusionstechnologie hergestellt und ist f\u00fcr eine lange Lebensdauer ausgelegt. Seine wasserfesten Eigenschaften machen ihn zu einer idealen Wahl f\u00fcr alle Wetterbedingungen und garantieren Langlebigkeit und minimale Wartung. Die Aluminiumpfosten sorgen f\u00fcr zus\u00e4tzliche Stabilit\u00e4t und machen ihn zu einer zuverl\u00e4ssigen und robusten Zaunl\u00f6sung f\u00fcr jeden Garten.<\/p>\n<p>Installationen Zubeh\u00f6r<\/p>\n<figure id=\"attachment_17165\" aria-describedby=\"caption-attachment-17165\" style=\"width: 1024px\" class=\"wp-caption alignnone\"><img loading=\"lazy\" decoding=\"async\" class=\"wp-image-17165\" src=\"https:\/\/meterny.com\/wp-content\/uploads\/2024\/05\/Heef5f4fd9e2c4c9a9145a852eb0aedceQ-1.png\" alt=\"Komplettes WPC-Zaun-Montagezubeh\u00f6r\" width=\"1024\" height=\"1054\" srcset=\"https:\/\/meterny.com\/wp-content\/uploads\/2024\/05\/Heef5f4fd9e2c4c9a9145a852eb0aedceQ-1.png 923w, https:\/\/meterny.com\/wp-content\/uploads\/2024\/05\/Heef5f4fd9e2c4c9a9145a852eb0aedceQ-1-291x300.png 291w, https:\/\/meterny.com\/wp-content\/uploads\/2024\/05\/Heef5f4fd9e2c4c9a9145a852eb0aedceQ-1-768x790.png 768w, https:\/\/meterny.com\/wp-content\/uploads\/2024\/05\/Heef5f4fd9e2c4c9a9145a852eb0aedceQ-1-600x618.png 600w\" sizes=\"auto, (max-width: 1024px) 100vw, 1024px\" \/><figcaption id=\"caption-attachment-17165\" class=\"wp-caption-text\">All-in-One WPC-Zauninstallationszubeh\u00f6r f\u00fcr m\u00fchelose Montage<\/figcaption><\/figure>\n<h3>Warum sollten Sie sich f\u00fcr METE1800H1850 WPC-Zaunpaneele mit nat\u00fcrlicher Holzmaserung entscheiden?<\/h3>\n<p id=\"\">Wenn man dar\u00fcber nachdenkt, warum man sich f\u00fcr das METE1800H1850 WPC (Wood Plastic Composite) Zaunpaneel entscheiden sollte, gibt es mehrere zwingende Gr\u00fcnde:<\/p>\n<ol>\n<li>\n<p id=\"\"><strong>Nat\u00fcrliche Holztextur und \u00e4sthetische Ausstrahlung<\/strong>:<\/p>\n<ul>\n<li>Das WPC-Zaunpaneel METE1800H1850 hat eine nat\u00fcrliche Holzstruktur, die jedem Au\u00dfenbereich ein warmes und einladendes Aussehen verleiht.<\/li>\n<li>Ihre \u00c4sthetik kann das Gesamtbild Ihres Gartens, Ihrer Terrasse oder Ihres Innenhofs aufwerten und ihm einen Hauch von Eleganz und Raffinesse verleihen.<\/li>\n<\/ul>\n<\/li>\n<li>\n<p id=\"\"><strong>Langlebigkeit und Wetterbest\u00e4ndigkeit<\/strong>:<\/p>\n<ul>\n<li>Das aus einer Kombination von recyceltem Kunststoff und Holzfasern hergestellte WPC-Zaunpaneel METE1800H1850 ist \u00e4u\u00dferst langlebig und widerstandsf\u00e4hig gegen Witterungseinfl\u00fcsse wie hohe Temperaturen, K\u00e4lte, Feuchtigkeit und UV-Strahlung.<\/li>\n<li>Dadurch wird sichergestellt, dass das Zaunpaneel sein Aussehen und seine Funktionst\u00fcchtigkeit \u00fcber lange Zeit beibeh\u00e4lt und nur minimale Wartung erforderlich ist.<\/li>\n<\/ul>\n<\/li>\n<li>\n<p id=\"\"><strong>Umweltfreundlichkeit und Nachhaltigkeit<\/strong>:<\/p>\n<ul>\n<li>Die Verwendung von recycelten Materialien bei der Herstellung der METE1800H1850 WPC-Zaunplatte reduziert den Bedarf an nat\u00fcrlichen Ressourcen und entspricht den Umweltprinzipien.<\/li>\n<li>Es ist eine nachhaltige Wahl, die zur Abfallvermeidung und zur F\u00f6rderung der Umweltverantwortung beitr\u00e4gt.<\/li>\n<\/ul>\n<\/li>\n<li>\n<p id=\"\"><strong>Einfache Installation und Wartung<\/strong>:<\/p>\n<ul>\n<li>Das METE1800H1850 WPC-Zaunpaneel ist leicht und einfach zu montieren und erfordert keine besonderen F\u00e4higkeiten oder Werkzeuge.<\/li>\n<li>Au\u00dferdem ist es pflegeleicht, da sich auf der glatten Oberfl\u00e4che kein Staub ansammelt und sie leicht mit Wasser gereinigt werden kann.<\/li>\n<\/ul>\n<\/li>\n<li>\n<p id=\"\"><strong>Datenschutz und Sicherheit<\/strong>:<\/p>\n<ul>\n<li>Das Zaunpaneel bietet einen effektiven Sichtschutz und sch\u00fctzt die Privatsph\u00e4re Ihres Au\u00dfenbereichs.<\/li>\n<li>Seine robuste Bauweise sorgt daf\u00fcr, dass er nur schwer zu brechen ist, was die Sicherheit erh\u00f6ht und ein Gef\u00fchl der Geborgenheit vermittelt.<\/li>\n<\/ul>\n<\/li>\n<li>\n<p id=\"\"><strong>Anpassungsoptionen<\/strong>:<\/p>\n<ul>\n<li>Das METE1800H1850 WPC-Zaunpaneel ist in verschiedenen Farben und Strukturen erh\u00e4ltlich, so dass Sie das Paneel ausw\u00e4hlen k\u00f6nnen, das am besten zu Ihrem Stil und Ihren \u00e4sthetischen Vorlieben passt.<\/li>\n<li>Sie kann auch in der Gr\u00f6\u00dfe an Ihre speziellen Bed\u00fcrfnisse und Anforderungen angepasst werden.<\/li>\n<\/ul>\n<\/li>\n<li>\n<p id=\"\"><strong>Kosten-Wirksamkeit<\/strong>:<\/p>\n<ul>\n<li>Obwohl die Anschaffungskosten f\u00fcr die METE1800H1850 WPC-Zaunplatte mit nat\u00fcrlicher Holzstruktur vergleichbar oder sogar etwas h\u00f6her sind als bei herk\u00f6mmlichen Holzz\u00e4unen, ist sie aufgrund ihrer Langlebigkeit und ihres geringen Wartungsbedarfs langfristig eine kosteng\u00fcnstige Wahl.<\/li>\n<\/ul>\n<\/li>\n<\/ol>\n<p id=\"\">Zusammenfassend l\u00e4sst sich sagen, dass das METE1800H1850 WPC-Zaunpaneel mit nat\u00fcrlicher Holzstruktur eine \u00e4u\u00dferst attraktive Option f\u00fcr alle ist, die das Aussehen und die Funktionalit\u00e4t ihres Au\u00dfenbereichs verbessern m\u00f6chten. Die Kombination aus nat\u00fcrlicher Holzstruktur, Langlebigkeit, Umweltfreundlichkeit, einfacher Installation und Wartung, Privatsph\u00e4re und Sicherheit, individuellen Anpassungsm\u00f6glichkeiten und Kosteneffizienz machen es zu einer herausragenden Wahl f\u00fcr Zaunpaneele.<\/p>","protected":false},"excerpt":{"rendered":"<h3>Wesentliche Merkmale:<\/h3>\n<p>Wasserdicht und witterungsbest\u00e4ndig: Ideal f\u00fcr den Au\u00dfeneinsatz in allen Klimazonen.<br \/>\nUmweltvertr\u00e4gliche Materialien: Nachhaltig und umweltbewusst.<br \/>\nAnpassbare L\u00e4nge: Ma\u00dfgeschneidert f\u00fcr die spezifischen Abmessungen Ihres Gartens.<br \/>\nPflegeleicht: Im Gegensatz zu herk\u00f6mmlichem Holz leicht zu reinigen und zu pflegen.<br \/>\nZwei Oberfl\u00e4chenoptionen: W\u00e4hlen Sie zwischen eleganten Holzmaserungen oder klassischen Streifen f\u00fcr ein individuelles Aussehen.<br \/>\nErh\u00f6hte Stabilit\u00e4t: Verst\u00e4rkte, langlebige Aluminiums\u00e4ulen f\u00fcr zus\u00e4tzliche Stabilit\u00e4t und Sicherheit.<\/p>\n<h3>Anwendungen:<\/h3>\n<p>Perfekt f\u00fcr Gartenbegrenzungen, Sichtschutz und dekorative Zaunl\u00f6sungen.<\/p>","protected":false},"featured_media":17490,"comment_status":"open","ping_status":"closed","template":"","meta":{"_uag_custom_page_level_css":"","site-sidebar-layout":"default","site-content-layout":"","ast-site-content-layout":"default","site-content-style":"default","site-sidebar-style":"default","ast-global-header-display":"","ast-banner-title-visibility":"","ast-main-header-display":"","ast-hfb-above-header-display":"","ast-hfb-below-header-display":"","ast-hfb-mobile-header-display":"","site-post-title":"","ast-breadcrumbs-content":"","ast-featured-img":"","footer-sml-layout":"","theme-transparent-header-meta":"default","adv-header-id-meta":"","stick-header-meta":"default","header-above-stick-meta":"","header-main-stick-meta":"","header-below-stick-meta":"","astra-migrate-meta-layouts":"set","ast-page-background-enabled":"default","ast-page-background-meta":{"desktop":{"background-color":"var(--ast-global-color-4)","background-image":"","background-repeat":"repeat","background-position":"center center","background-size":"auto","background-attachment":"scroll","background-type":"","background-media":"","overlay-type":"","overlay-color":"","overlay-opacity":"","overlay-gradient":""},"tablet":{"background-color":"","background-image":"","background-repeat":"repeat","background-position":"center center","background-size":"auto","background-attachment":"scroll","background-type":"","background-media":"","overlay-type":"","overlay-color":"","overlay-opacity":"","overlay-gradient":""},"mobile":{"background-color":"","background-image":"","background-repeat":"repeat","background-position":"center center","background-size":"auto","background-attachment":"scroll","background-type":"","background-media":"","overlay-type":"","overlay-color":"","overlay-opacity":"","overlay-gradient":""}},"ast-content-background-meta":{"desktop":{"background-color":"var(--ast-global-color-5)","background-image":"","background-repeat":"repeat","background-position":"center center","background-size":"auto","background-attachment":"scroll","background-type":"","background-media":"","overlay-type":"","overlay-color":"","overlay-opacity":"","overlay-gradient":""},"tablet":{"background-color":"var(--ast-global-color-5)","background-image":"","background-repeat":"repeat","background-position":"center center","background-size":"auto","background-attachment":"scroll","background-type":"","background-media":"","overlay-type":"","overlay-color":"","overlay-opacity":"","overlay-gradient":""},"mobile":{"background-color":"var(--ast-global-color-5)","background-image":"","background-repeat":"repeat","background-position":"center center","background-size":"auto","background-attachment":"scroll","background-type":"","background-media":"","overlay-type":"","overlay-color":"","overlay-opacity":"","overlay-gradient":""}}},"product_brand":[],"product_cat":[18],"product_tag":[186,187,188,185],"class_list":{"0":"post-20295","1":"product","2":"type-product","3":"status-publish","4":"has-post-thumbnail","6":"product_cat-uncategorized","7":"product_tag-aluminum-fence","8":"product_tag-exterior-fence","9":"product_tag-garden-fence","10":"product_tag-wpc-fence","11":"desktop-align-center","12":"tablet-align-left","13":"mobile-align-left","14":"ast-product-gallery-layout-horizontal-slider","15":"ast-product-tabs-layout-vertical","17":"first","18":"instock","19":"shipping-taxable","20":"product-type-simple"},"uagb_featured_image_src":{"full":["https:\/\/meterny.com\/wp-content\/uploads\/2024\/10\/\u90a6\u82f1-5.jpg",800,800,false],"thumbnail":["https:\/\/meterny.com\/wp-content\/uploads\/2024\/10\/\u90a6\u82f1-5-150x150.jpg",150,150,true],"medium":["https:\/\/meterny.com\/wp-content\/uploads\/2024\/10\/\u90a6\u82f1-5-300x300.jpg",300,300,true],"medium_large":["https:\/\/meterny.com\/wp-content\/uploads\/2024\/10\/\u90a6\u82f1-5-768x768.jpg",768,768,true],"large":["https:\/\/meterny.com\/wp-content\/uploads\/2024\/10\/\u90a6\u82f1-5.jpg",800,800,false],"1536x1536":["https:\/\/meterny.com\/wp-content\/uploads\/2024\/10\/\u90a6\u82f1-5.jpg",800,800,false],"2048x2048":["https:\/\/meterny.com\/wp-content\/uploads\/2024\/10\/\u90a6\u82f1-5.jpg",800,800,false],"trp-custom-language-flag":["https:\/\/meterny.com\/wp-content\/uploads\/2024\/10\/\u90a6\u82f1-5.jpg",12,12,false],"woocommerce_thumbnail":["https:\/\/meterny.com\/wp-content\/uploads\/2024\/10\/\u90a6\u82f1-5-300x300.jpg",300,300,true],"woocommerce_single":["https:\/\/meterny.com\/wp-content\/uploads\/2024\/10\/\u90a6\u82f1-5-600x600.jpg",600,600,true],"woocommerce_gallery_thumbnail":["https:\/\/meterny.com\/wp-content\/uploads\/2024\/10\/\u90a6\u82f1-5-100x100.jpg",100,100,true]},"uagb_author_info":{"display_name":"meterny","author_link":"https:\/\/meterny.com\/de\/author\/"},"uagb_comment_info":0,"uagb_excerpt":"Key Features: Waterproof and Weather-Resistant: Ideal for outdoor use in all climates. Eco-Friendly Materials: Sustainable and environmentally conscious. Customizable Length: Tailored to fit your garden's specific dimensions. Low Maintenance: Easy to clean and maintain, unlike traditional wood. Dual Surface Options: Choose between elegant wood grains or classic strips for a personalized look. Enhanced Stability: Reinforced&hellip;","_links":{"self":[{"href":"https:\/\/meterny.com\/de\/wp-json\/wp\/v2\/product\/20295","targetHints":{"allow":["GET"]}}],"collection":[{"href":"https:\/\/meterny.com\/de\/wp-json\/wp\/v2\/product"}],"about":[{"href":"https:\/\/meterny.com\/de\/wp-json\/wp\/v2\/types\/product"}],"replies":[{"embeddable":true,"href":"https:\/\/meterny.com\/de\/wp-json\/wp\/v2\/comments?post=20295"}],"wp:featuredmedia":[{"embeddable":true,"href":"https:\/\/meterny.com\/de\/wp-json\/wp\/v2\/media\/17490"}],"wp:attachment":[{"href":"https:\/\/meterny.com\/de\/wp-json\/wp\/v2\/media?parent=20295"}],"wp:term":[{"taxonomy":"product_brand","embeddable":true,"href":"https:\/\/meterny.com\/de\/wp-json\/wp\/v2\/product_brand?post=20295"},{"taxonomy":"product_cat","embeddable":true,"href":"https:\/\/meterny.com\/de\/wp-json\/wp\/v2\/product_cat?post=20295"},{"taxonomy":"product_tag","embeddable":true,"href":"https:\/\/meterny.com\/de\/wp-json\/wp\/v2\/product_tag?post=20295"}],"curies":[{"name":"wp","href":"https:\/\/api.w.org\/{rel}","templated":true}]}}