{"id":20296,"date":"2024-12-15T12:21:01","date_gmt":"2024-12-15T12:21:01","guid":{"rendered":"https:\/\/meterny.com\/?post_type=product&#038;p=20296"},"modified":"2025-01-18T09:08:29","modified_gmt":"2025-01-18T09:08:29","slug":"heavy-duty-wpc-fence-panel","status":"publish","type":"product","link":"https:\/\/meterny.com\/de\/produkt\/heavy-duty-wpc-fence-panel\/","title":{"rendered":"Strapazierf\u00e4higes WPC-Zaunpaneel f\u00fcr Privatsph\u00e4re und Sicherheit"},"content":{"rendered":"<div class=\"elementor-element elementor-element-c0e1d42 elementor-widget elementor-widget-heading\" data-id=\"c0e1d42\" data-element_type=\"widget\" data-widget_type=\"heading.default\"><\/div>\n<div class=\"elementor-element elementor-element-1f676da elementor-widget elementor-widget-heading\" data-id=\"1f676da\" data-element_type=\"widget\" data-widget_type=\"heading.default\">\n<h2 class=\"elementor-widget-container\" style=\"text-align: center;\">Strapazierf\u00e4higes WPC-Zaunpaneel f\u00fcr Privatsph\u00e4re und Sicherheit<\/h2>\n<\/div>\n<p><strong>Modell<\/strong>: METE1800H1850<\/p>\n<p><strong>Typ<\/strong>: Hochbelastbare WPC-Zaunplatte<\/p>\n<p><strong>Gr\u00f6\u00dfe<\/strong>: Breite 1800mm x H\u00f6he 1850mm<\/p>\n<p><strong>Oberfl\u00e4che<\/strong>: Zwei Oberfl\u00e4chen - Streifen und Holzmaserung<\/p>\n<p><strong>Farbe<\/strong>: 9 Farboptionen<\/p>\n<p><strong>L\u00e4nge<\/strong>: Ma\u00dfgeschneidert<\/p>\n<p><strong>Material<\/strong>: Holz-Kunststoff-Verbundstoff<\/p>\n<p><strong>Produkt-Technologie<\/strong>: \u00d6ko-Extrusion<\/p>\n<p>Hochbelastbare WPC-Zaunplatte<\/p>\n<figure id=\"attachment_17491\" aria-describedby=\"caption-attachment-17491\" style=\"width: 1024px\" class=\"wp-caption alignnone\"><img loading=\"lazy\" decoding=\"async\" class=\"wp-image-17491\" src=\"https:\/\/meterny.com\/wp-content\/uploads\/2024\/10\/\u90a6\u82f1-6.jpg\" alt=\"Strapazierf\u00e4higes WPC-Zaunpaneel f\u00fcr Privatsph\u00e4re und Sicherheit\" width=\"1024\" height=\"1024\" srcset=\"https:\/\/meterny.com\/wp-content\/uploads\/2024\/10\/\u90a6\u82f1-6.jpg 800w, https:\/\/meterny.com\/wp-content\/uploads\/2024\/10\/\u90a6\u82f1-6-300x300.jpg 300w, https:\/\/meterny.com\/wp-content\/uploads\/2024\/10\/\u90a6\u82f1-6-150x150.jpg 150w, https:\/\/meterny.com\/wp-content\/uploads\/2024\/10\/\u90a6\u82f1-6-768x768.jpg 768w, https:\/\/meterny.com\/wp-content\/uploads\/2024\/10\/\u90a6\u82f1-6-600x600.jpg 600w, https:\/\/meterny.com\/wp-content\/uploads\/2024\/10\/\u90a6\u82f1-6-100x100.jpg 100w\" sizes=\"auto, (max-width: 1024px) 100vw, 1024px\" \/><figcaption id=\"caption-attachment-17491\" class=\"wp-caption-text\">Langlebig und sicher: Strapazierf\u00e4hige WPC-Zaunpaneele f\u00fcr jeden Bedarf<\/figcaption><\/figure>\n<h3><strong>Produkt\u00fcbersicht<\/strong><\/h3>\n<p id=\"\"><strong>Bauen Sie eine robuste Barriere f\u00fcr Privatsph\u00e4re und Sicherheit - Hochbelastbare WPC-Zaunplatten<\/strong><\/p>\n<p id=\"\">Auf der Suche nach einer Wohnumgebung, die \u00c4sthetik und Zweckm\u00e4\u00dfigkeit in Einklang bringt, erweist sich unser strapazierf\u00e4higes WPC-Zaunpaneel (Wood Plastic Composite) aufgrund seiner au\u00dfergew\u00f6hnlichen Haltbarkeit, Umweltfreundlichkeit und seines eleganten Designs als ideale Zaunl\u00f6sung f\u00fcr den Au\u00dfenbereich. Speziell entwickelt, um die Privatsph\u00e4re und die Sicherheit zu verbessern, blockiert dieses Zaunpaneel nicht nur effektiv die Sicht nach drau\u00dfen, sondern bietet auch einen robusten physischen Schutz, der Ihr Zuhause gem\u00fctlicher und sicherer macht.<\/p>\n<h3><strong>Produktmerkmale<\/strong><\/h3>\n<h4>1. <strong>Ultra-Haltbarkeit<\/strong><\/h4>\n<ul>\n<li><strong>Witterungsbest\u00e4ndigkeit<\/strong>: Das fortschrittliche WPC-Material widersteht UV-Strahlen, Wind, Regen und extremen Temperaturschwankungen, beh\u00e4lt seine leuchtende Farbe und ist resistent gegen Alterung und Verformung im Laufe der Zeit.<\/li>\n<li><strong>Schlagz\u00e4higkeit<\/strong>: Dank seiner hochfesten Konstruktion kann er ungewollten St\u00f6\u00dfen widerstehen und die Sicherheit Ihrer Familie gew\u00e4hrleisten.<\/li>\n<\/ul>\n<h4>2. <strong>Umweltfreundlichkeit und Gesundheit<\/strong><\/h4>\n<ul>\n<li><strong>Ungiftig &amp; harmlos<\/strong>: V\u00f6llig frei von Formaldehyd und anderen sch\u00e4dlichen Stoffen, ist es sicher und umweltfreundlich und sch\u00fctzt die Gesundheit von Ihnen und Ihrer Familie.<\/li>\n<li><strong>Wiederverwertbar<\/strong>: Das WPC-Material unterst\u00fctzt das Recycling, reduziert die Umweltbelastung und entspricht den Grunds\u00e4tzen des gr\u00fcnen Lebens.<\/li>\n<\/ul>\n<h4>3. <strong>Schutz der Privatsph\u00e4re<\/strong><\/h4>\n<ul>\n<li><strong>Enges Arrangement<\/strong>: Einzigartiges Lamellendesign blockiert effektiv die Sicht nach drau\u00dfen und bietet Privatsph\u00e4re f\u00fcr Ihren Au\u00dfenbereich.<\/li>\n<li><strong>Nat\u00fcrliche \u00c4sthetik<\/strong>: Es ahmt die Maserung von echtem Holz nach und sorgt f\u00fcr Privatsph\u00e4re, ohne die nat\u00fcrliche und harmonische Optik zu beeintr\u00e4chtigen.<\/li>\n<\/ul>\n<h4>4. <strong>Einfache Installation<\/strong><\/h4>\n<ul>\n<li><strong>Leichte Struktur<\/strong>: Im Vergleich zu traditionellem Holz sind WPC-Zaunpaneele leichter, einfacher zu handhaben und zu installieren.<\/li>\n<li><strong>Schnelle Montage<\/strong>: Detaillierte Installationsanleitungen und das notwendige Zubeh\u00f6r werden mitgeliefert, so dass keine komplizierten Werkzeuge f\u00fcr eine einfache Installation erforderlich sind.<\/li>\n<\/ul>\n<h4>5. <strong>Geringe Wartung<\/strong><\/h4>\n<ul>\n<li><strong>Keine Farbe erforderlich<\/strong>: Vorgef\u00e4rbt und korrosionsbest\u00e4ndig behandelt, er\u00fcbrigt sich ein regelm\u00e4\u00dfiger Anstrich, was Zeit und Kosten spart.<\/li>\n<li><strong>Leicht zu reinigen<\/strong>: Die glatte Oberfl\u00e4che l\u00e4sst sich leicht mit Wasser reinigen, damit sie wie neu aussieht.<\/li>\n<\/ul>\n<h3><strong>Produktspezifikationen<\/strong><\/h3>\n<ul>\n<li><strong>Gr\u00f6\u00dfe<\/strong>: Standardbreite x H\u00f6he (je nach Kundenwunsch anpassbar)<\/li>\n<li><strong>Farbe<\/strong>: Mehrere nat\u00fcrliche Holzmaserungen wie Eiche, Nussbaum, etc. sind erh\u00e4ltlich.<\/li>\n<li><strong>Dicke<\/strong>: Verbessertes Design mit einer Dicke, die weit \u00fcber der von herk\u00f6mmlichen Zaunpaneelen liegt<\/li>\n<li><strong>Gewicht<\/strong>: Leicht, aber stabil f\u00fcr eine einfache Installation<\/li>\n<\/ul>\n<h3><strong>Anwendungsszenarien<\/strong><\/h3>\n<ul>\n<li><strong>Wohnliche Hinterh\u00f6fe<\/strong>: Bringen Sie einen Hauch von Gr\u00fcn und Sicherheit in Ihren privaten Garten.<\/li>\n<li><strong>Villa Mauern<\/strong>: Verbessern Sie die Gesamt\u00e4sthetik und die Privatsph\u00e4re Ihrer Villa.<\/li>\n<li><strong>Kommerzielle Veranstaltungsorte<\/strong>: Hotels, Resorts, Schaffung eines eleganten und sicheren Au\u00dfenbereichs.<\/li>\n<li><strong>\u00d6ffentliche Einrichtungen<\/strong>: Parks, Schulen und andere Orte, die sowohl \u00e4sthetisch als auch sch\u00fctzenswert sind.<\/li>\n<\/ul>\n<h3><strong>Einkaufsf\u00fchrer<\/strong><\/h3>\n<ul>\n<li><strong>Anpassungsdienst<\/strong>: Die Gr\u00f6\u00dfe und Farbe kann individuell an Ihre Bed\u00fcrfnisse angepasst werden.<\/li>\n<li><strong>Versand &amp; Lieferung<\/strong>: Schnelle landesweite Lieferung, die eine sichere Ankunft des Produkts gew\u00e4hrleistet.<\/li>\n<li><strong>Kundendienst<\/strong>: Ein professionelles Kundendienstteam ber\u00e4t Sie vor und nach dem Kauf und sorgt f\u00fcr ein reibungsloses Einkaufserlebnis.<\/li>\n<\/ul>\n<h3><strong>Schlussfolgerung<\/strong><\/h3>\n<p id=\"\">Wenn Sie sich f\u00fcr unsere strapazierf\u00e4hige WPC-Zaunplatte entscheiden, w\u00e4hlen Sie eine sch\u00f6ne und praktische L\u00f6sung f\u00fcr Ihren Au\u00dfenbereich. Es erh\u00f6ht nicht nur effektiv Ihre Wohnsicherheit und den Schutz Ihrer Privatsph\u00e4re, sondern verleiht Ihrem Haus auch einen Hauch von Natur und Harmonie. Handeln Sie jetzt, um Ihrem Au\u00dfenbereich einen neuen Look zu verleihen!<\/p>\n<h3>Farbe und Oberfl\u00e4che<\/h3>\n<p>Der METE1800H1850 ist in neun verschiedenen Farben erh\u00e4ltlich und bietet vielseitige Designoptionen, die zu jedem Garten oder Au\u00dfenbereich passen. W\u00e4hlen Sie zwischen zwei Oberfl\u00e4chentexturen: klassische Streifen oder elegante Holzmaserungen, um Ihre Landschaft perfekt zu erg\u00e4nzen. Passen Sie die L\u00e4nge an Ihre spezifischen Anforderungen an, um eine ma\u00dfgeschneiderte und nahtlose Installation zu gew\u00e4hrleisten.<\/p>\n<h3>Wenn Sie weitere Einzelheiten erfahren m\u00f6chten, klicken Sie bitte auf diesen Link zu youtube:<a href=\"https:\/\/youtu.be\/A_X4ZdlYfzc\" target=\"_blank\" rel=\"noopener\">https:\/\/youtu.be\/A_X4ZdlYfzc<\/a><\/h3>\n<p>&nbsp;<\/p>\n<h3>Galerie<\/h3>\n<figure id=\"attachment_17170\" aria-describedby=\"caption-attachment-17170\" style=\"width: 1024px\" class=\"wp-caption alignnone\"><img loading=\"lazy\" decoding=\"async\" class=\"wp-image-17170\" src=\"https:\/\/meterny.com\/wp-content\/uploads\/2024\/05\/14-4zhu.jpg\" alt=\"Strapazierf\u00e4higer WPC-Zaun f\u00fcr Grundst\u00fccksabgrenzungen\" width=\"1024\" height=\"1024\" srcset=\"https:\/\/meterny.com\/wp-content\/uploads\/2024\/05\/14-4zhu.jpg 800w, https:\/\/meterny.com\/wp-content\/uploads\/2024\/05\/14-4zhu-300x300.jpg 300w, https:\/\/meterny.com\/wp-content\/uploads\/2024\/05\/14-4zhu-150x150.jpg 150w, https:\/\/meterny.com\/wp-content\/uploads\/2024\/05\/14-4zhu-768x768.jpg 768w, https:\/\/meterny.com\/wp-content\/uploads\/2024\/05\/14-4zhu-600x600.jpg 600w, https:\/\/meterny.com\/wp-content\/uploads\/2024\/05\/14-4zhu-100x100.jpg 100w\" sizes=\"auto, (max-width: 1024px) 100vw, 1024px\" \/><figcaption id=\"caption-attachment-17170\" class=\"wp-caption-text\">Bringen Sie Eleganz in Ihren Garten mit hochwertigen Kompositz\u00e4unen<\/figcaption><\/figure>\n<figure id=\"attachment_17167\" aria-describedby=\"caption-attachment-17167\" style=\"width: 1024px\" class=\"wp-caption alignnone\"><img loading=\"lazy\" decoding=\"async\" class=\"wp-image-17167\" src=\"https:\/\/meterny.com\/wp-content\/uploads\/2024\/05\/7-2zhu.jpg\" alt=\"L\u00e4rmmindernde WPC-Z\u00e4une f\u00fcr st\u00e4dtische Gebiete\" width=\"1024\" height=\"1024\" srcset=\"https:\/\/meterny.com\/wp-content\/uploads\/2024\/05\/7-2zhu.jpg 800w, https:\/\/meterny.com\/wp-content\/uploads\/2024\/05\/7-2zhu-300x300.jpg 300w, https:\/\/meterny.com\/wp-content\/uploads\/2024\/05\/7-2zhu-150x150.jpg 150w, https:\/\/meterny.com\/wp-content\/uploads\/2024\/05\/7-2zhu-768x768.jpg 768w, https:\/\/meterny.com\/wp-content\/uploads\/2024\/05\/7-2zhu-600x600.jpg 600w, https:\/\/meterny.com\/wp-content\/uploads\/2024\/05\/7-2zhu-100x100.jpg 100w\" sizes=\"auto, (max-width: 1024px) 100vw, 1024px\" \/><figcaption id=\"caption-attachment-17167\" class=\"wp-caption-text\">Entfesseln Sie Ihre Kreativit\u00e4t mit anpassbaren WPC-Zaun-Designs<\/figcaption><\/figure>\n<p>Meterny METE Serie WPC Zaunplatten Farbkarte<\/p>\n<figure id=\"attachment_20293\" aria-describedby=\"caption-attachment-20293\" style=\"width: 1024px\" class=\"wp-caption alignnone\"><img loading=\"lazy\" decoding=\"async\" class=\"wp-image-20293\" src=\"https:\/\/meterny.com\/wp-content\/uploads\/2024\/10\/METE-Series-Colour-151.png\" alt=\"Meterny WPC-Zaun Farboptionen\" width=\"1024\" height=\"1024\" srcset=\"https:\/\/meterny.com\/wp-content\/uploads\/2024\/10\/METE-Series-Colour-151.png 900w, https:\/\/meterny.com\/wp-content\/uploads\/2024\/10\/METE-Series-Colour-151-300x300.png 300w, https:\/\/meterny.com\/wp-content\/uploads\/2024\/10\/METE-Series-Colour-151-150x150.png 150w, https:\/\/meterny.com\/wp-content\/uploads\/2024\/10\/METE-Series-Colour-151-768x768.png 768w, https:\/\/meterny.com\/wp-content\/uploads\/2024\/10\/METE-Series-Colour-151-600x600.png 600w, https:\/\/meterny.com\/wp-content\/uploads\/2024\/10\/METE-Series-Colour-151-100x100.png 100w\" sizes=\"auto, (max-width: 1024px) 100vw, 1024px\" \/><figcaption id=\"caption-attachment-20293\" class=\"wp-caption-text\">Entdecken Sie Meterny WPC-Zaun - Neun atemberaubende Farboptionen f\u00fcr jeden Stil<\/figcaption><\/figure>\n<p><strong>WPC-Gartenzaun<\/strong><\/p>\n<h3>Langlebig und wasserdicht<\/h3>\n<p>Dieser Zaun wird mit der fortschrittlichen \u00d6ko-Extrusionstechnologie hergestellt und ist f\u00fcr eine lange Lebensdauer ausgelegt. Seine wasserfesten Eigenschaften machen ihn zu einer idealen Wahl f\u00fcr alle Wetterbedingungen und garantieren Langlebigkeit und minimale Wartung. Die Aluminiumpfosten sorgen f\u00fcr zus\u00e4tzliche Stabilit\u00e4t und machen ihn zu einer zuverl\u00e4ssigen und robusten Zaunl\u00f6sung f\u00fcr jeden Garten.<\/p>\n<p>Installationen Zubeh\u00f6r<\/p>\n<figure id=\"attachment_17165\" aria-describedby=\"caption-attachment-17165\" style=\"width: 1024px\" class=\"wp-caption alignnone\"><img loading=\"lazy\" decoding=\"async\" class=\"wp-image-17165\" src=\"https:\/\/meterny.com\/wp-content\/uploads\/2024\/05\/Heef5f4fd9e2c4c9a9145a852eb0aedceQ-1.png\" alt=\"Komplettes WPC-Zaun-Montagezubeh\u00f6r\" width=\"1024\" height=\"1054\" srcset=\"https:\/\/meterny.com\/wp-content\/uploads\/2024\/05\/Heef5f4fd9e2c4c9a9145a852eb0aedceQ-1.png 923w, https:\/\/meterny.com\/wp-content\/uploads\/2024\/05\/Heef5f4fd9e2c4c9a9145a852eb0aedceQ-1-291x300.png 291w, https:\/\/meterny.com\/wp-content\/uploads\/2024\/05\/Heef5f4fd9e2c4c9a9145a852eb0aedceQ-1-768x790.png 768w, https:\/\/meterny.com\/wp-content\/uploads\/2024\/05\/Heef5f4fd9e2c4c9a9145a852eb0aedceQ-1-600x618.png 600w\" sizes=\"auto, (max-width: 1024px) 100vw, 1024px\" \/><figcaption id=\"caption-attachment-17165\" class=\"wp-caption-text\">All-in-One WPC-Zauninstallationszubeh\u00f6r f\u00fcr m\u00fchelose Montage<\/figcaption><\/figure>\n<h3>Warum sollten Sie sich f\u00fcr METE1800H1850 Heavy-Duty WPC-Zaunplatten entscheiden?<\/h3>\n<p id=\"\">Sie sollten sich aus mehreren \u00fcberzeugenden Gr\u00fcnden f\u00fcr die METE1800H1850 Heavy-Duty WPC-Zaunplatte entscheiden. Hier sind einige der wichtigsten Vorteile:<\/p>\n<h3>1.\u00a0<strong>Langlebigkeit und St\u00e4rke<\/strong><\/h3>\n<ul>\n<li><strong>Witterungsbest\u00e4ndigkeit<\/strong>: Das METE1800H1850 Heavy-Duty WPC-Zaunpaneel besteht aus modernem Wood Plastic Composite (WPC), das sehr widerstandsf\u00e4hig gegen Witterungseinfl\u00fcsse wie UV-Strahlen, Wind, Regen und Temperaturschwankungen ist. Dadurch wird sichergestellt, dass das Zaunpaneel seine Integrit\u00e4t, seine Farbe und sein Aussehen im Laufe der Zeit beibeh\u00e4lt.<\/li>\n<li><strong>Schlagz\u00e4higkeit<\/strong>: Die robuste Konstruktion des Zaunpaneels bietet eine hervorragende Sto\u00dffestigkeit und eignet sich daher f\u00fcr Bereiche, in denen Langlebigkeit eine hohe Priorit\u00e4t hat.<\/li>\n<\/ul>\n<h3>2.\u00a0<strong>Umweltfreundlichkeit<\/strong><\/h3>\n<ul>\n<li><strong>Nachhaltiges Material<\/strong>: WPC-Material besteht aus recyceltem Kunststoff und Holzfasern und ist damit eine umweltfreundliche Wahl.<\/li>\n<li><strong>Ungiftig und sicher<\/strong>: Das Zaunpaneel ist frei von Formaldehyd und anderen sch\u00e4dlichen Stoffen und sorgt f\u00fcr ein sicheres und gesundes Wohnumfeld.<\/li>\n<\/ul>\n<h3>3.\u00a0<strong>Datenschutz und Sicherheit<\/strong><\/h3>\n<ul>\n<li><strong>Wirksame Barriere f\u00fcr die Privatsph\u00e4re<\/strong>: Das einzigartige Design des Zaunpaneels schafft eine wirksame Barriere gegen Einblicke von au\u00dfen und bietet Privatsph\u00e4re und Sicherheit f\u00fcr Ihren Au\u00dfenbereich.<\/li>\n<li><strong>Robuste Konstruktion<\/strong>: Die robuste Konstruktion sorgt f\u00fcr zus\u00e4tzliche Sicherheit, schreckt Unbefugte ab und erh\u00f6ht die allgemeine Sicherheit Ihres Eigentums.<\/li>\n<\/ul>\n<h3>4.\u00a0<strong>Einfache Installation und Wartung<\/strong><\/h3>\n<ul>\n<li><strong>Leicht und einfach zu handhaben<\/strong>: Im Vergleich zu herk\u00f6mmlichen Holzz\u00e4unen ist die METE1800H1850 Heavy-Duty WPC-Zaunplatte leichter und einfacher zu installieren.<\/li>\n<li><strong>Schnelle und einfache Installation<\/strong>: Das Zaunpaneel wird mit einer detaillierten Montageanleitung und dem notwendigen Zubeh\u00f6r geliefert, so dass es ohne kompliziertes Werkzeug leicht zu montieren ist.<\/li>\n<li><strong>Geringe Wartung<\/strong>: Die glatte Oberfl\u00e4che des Zaunpaneels ist leicht mit Wasser zu reinigen und spart Zeit und M\u00fche bei der regelm\u00e4\u00dfigen Wartung.<\/li>\n<\/ul>\n<h3>5.\u00a0<strong>\u00c4sthetische Anziehungskraft<\/strong><\/h3>\n<ul>\n<li><strong>Nat\u00fcrliche Holzmaserung<\/strong>: Das Zaunpaneel ahmt das Aussehen von echtem Holz nach und verleiht Ihrem Au\u00dfenbereich eine nat\u00fcrliche und harmonische \u00c4sthetik.<\/li>\n<li><strong>Anpassbare Optionen<\/strong>: Die METE1800H1850 Heavy-Duty WPC-Zaunplatte kann in verschiedenen Gr\u00f6\u00dfen und Farben an Ihre individuellen Bed\u00fcrfnisse und W\u00fcnsche angepasst werden.<\/li>\n<\/ul>\n<h3>6.\u00a0<strong>Kosten-Wirksamkeit<\/strong><\/h3>\n<ul>\n<li><strong>Langfristige Haltbarkeit<\/strong>: Die Langlebigkeit und Witterungsbest\u00e4ndigkeit der Zaunpaneele sorgen f\u00fcr eine lange Lebensdauer, so dass sie nicht so h\u00e4ufig ausgetauscht werden m\u00fcssen.<\/li>\n<li><strong>Preis-Leistungs-Verh\u00e4ltnis<\/strong>: Die Kombination aus hochwertigem Material, hervorragender Leistung und geringen Wartungskosten macht die METE1800H1850 Heavy-Duty WPC-Zaunplatte zu einer kosteng\u00fcnstigen Wahl.<\/li>\n<\/ul>\n<p id=\"\">Zusammenfassend l\u00e4sst sich sagen, dass das METE1800H1850 Heavy-Duty WPC-Zaunpaneel eine ausgezeichnete Wahl f\u00fcr alle ist, die eine langlebige, umweltfreundliche, die Privatsph\u00e4re sch\u00fctzende und einfach zu installierende Zaunl\u00f6sung suchen. Seine Kombination aus St\u00e4rke, \u00c4sthetik und Kosteneffizienz macht ihn zu einer herausragenden Option auf dem Markt.<\/p>","protected":false},"excerpt":{"rendered":"<h3>Wesentliche Merkmale:<\/h3>\n<p>Wasserdicht und witterungsbest\u00e4ndig: Ideal f\u00fcr den Au\u00dfeneinsatz in allen Klimazonen.<br \/>\nUmweltvertr\u00e4gliche Materialien: Nachhaltig und umweltbewusst.<br \/>\nAnpassbare L\u00e4nge: Ma\u00dfgeschneidert f\u00fcr die spezifischen Abmessungen Ihres Gartens.<br \/>\nPflegeleicht: Im Gegensatz zu herk\u00f6mmlichem Holz leicht zu reinigen und zu pflegen.<br \/>\nZwei Oberfl\u00e4chenoptionen: W\u00e4hlen Sie zwischen eleganten Holzmaserungen oder klassischen Streifen f\u00fcr ein individuelles Aussehen.<br \/>\nErh\u00f6hte Stabilit\u00e4t: Verst\u00e4rkte, langlebige Aluminiums\u00e4ulen f\u00fcr zus\u00e4tzliche Stabilit\u00e4t und Sicherheit.<\/p>\n<h3>Anwendungen:<\/h3>\n<p>Perfekt f\u00fcr Gartenbegrenzungen, Sichtschutz und dekorative Zaunl\u00f6sungen.<\/p>","protected":false},"featured_media":17491,"comment_status":"open","ping_status":"closed","template":"","meta":{"_uag_custom_page_level_css":"","site-sidebar-layout":"default","site-content-layout":"","ast-site-content-layout":"default","site-content-style":"default","site-sidebar-style":"default","ast-global-header-display":"","ast-banner-title-visibility":"","ast-main-header-display":"","ast-hfb-above-header-display":"","ast-hfb-below-header-display":"","ast-hfb-mobile-header-display":"","site-post-title":"","ast-breadcrumbs-content":"","ast-featured-img":"","footer-sml-layout":"","theme-transparent-header-meta":"default","adv-header-id-meta":"","stick-header-meta":"default","header-above-stick-meta":"","header-main-stick-meta":"","header-below-stick-meta":"","astra-migrate-meta-layouts":"set","ast-page-background-enabled":"default","ast-page-background-meta":{"desktop":{"background-color":"var(--ast-global-color-4)","background-image":"","background-repeat":"repeat","background-position":"center center","background-size":"auto","background-attachment":"scroll","background-type":"","background-media":"","overlay-type":"","overlay-color":"","overlay-opacity":"","overlay-gradient":""},"tablet":{"background-color":"","background-image":"","background-repeat":"repeat","background-position":"center center","background-size":"auto","background-attachment":"scroll","background-type":"","background-media":"","overlay-type":"","overlay-color":"","overlay-opacity":"","overlay-gradient":""},"mobile":{"background-color":"","background-image":"","background-repeat":"repeat","background-position":"center center","background-size":"auto","background-attachment":"scroll","background-type":"","background-media":"","overlay-type":"","overlay-color":"","overlay-opacity":"","overlay-gradient":""}},"ast-content-background-meta":{"desktop":{"background-color":"var(--ast-global-color-5)","background-image":"","background-repeat":"repeat","background-position":"center center","background-size":"auto","background-attachment":"scroll","background-type":"","background-media":"","overlay-type":"","overlay-color":"","overlay-opacity":"","overlay-gradient":""},"tablet":{"background-color":"var(--ast-global-color-5)","background-image":"","background-repeat":"repeat","background-position":"center center","background-size":"auto","background-attachment":"scroll","background-type":"","background-media":"","overlay-type":"","overlay-color":"","overlay-opacity":"","overlay-gradient":""},"mobile":{"background-color":"var(--ast-global-color-5)","background-image":"","background-repeat":"repeat","background-position":"center center","background-size":"auto","background-attachment":"scroll","background-type":"","background-media":"","overlay-type":"","overlay-color":"","overlay-opacity":"","overlay-gradient":""}}},"product_brand":[],"product_cat":[18],"product_tag":[186,187,188,185],"class_list":{"0":"post-20296","1":"product","2":"type-product","3":"status-publish","4":"has-post-thumbnail","6":"product_cat-uncategorized","7":"product_tag-aluminum-fence","8":"product_tag-exterior-fence","9":"product_tag-garden-fence","10":"product_tag-wpc-fence","11":"desktop-align-center","12":"tablet-align-left","13":"mobile-align-left","14":"ast-product-gallery-layout-horizontal-slider","15":"ast-product-tabs-layout-vertical","17":"first","18":"instock","19":"shipping-taxable","20":"product-type-simple"},"uagb_featured_image_src":{"full":["https:\/\/meterny.com\/wp-content\/uploads\/2024\/10\/\u90a6\u82f1-6.jpg",800,800,false],"thumbnail":["https:\/\/meterny.com\/wp-content\/uploads\/2024\/10\/\u90a6\u82f1-6-150x150.jpg",150,150,true],"medium":["https:\/\/meterny.com\/wp-content\/uploads\/2024\/10\/\u90a6\u82f1-6-300x300.jpg",300,300,true],"medium_large":["https:\/\/meterny.com\/wp-content\/uploads\/2024\/10\/\u90a6\u82f1-6-768x768.jpg",768,768,true],"large":["https:\/\/meterny.com\/wp-content\/uploads\/2024\/10\/\u90a6\u82f1-6.jpg",800,800,false],"1536x1536":["https:\/\/meterny.com\/wp-content\/uploads\/2024\/10\/\u90a6\u82f1-6.jpg",800,800,false],"2048x2048":["https:\/\/meterny.com\/wp-content\/uploads\/2024\/10\/\u90a6\u82f1-6.jpg",800,800,false],"trp-custom-language-flag":["https:\/\/meterny.com\/wp-content\/uploads\/2024\/10\/\u90a6\u82f1-6.jpg",12,12,false],"woocommerce_thumbnail":["https:\/\/meterny.com\/wp-content\/uploads\/2024\/10\/\u90a6\u82f1-6-300x300.jpg",300,300,true],"woocommerce_single":["https:\/\/meterny.com\/wp-content\/uploads\/2024\/10\/\u90a6\u82f1-6-600x600.jpg",600,600,true],"woocommerce_gallery_thumbnail":["https:\/\/meterny.com\/wp-content\/uploads\/2024\/10\/\u90a6\u82f1-6-100x100.jpg",100,100,true]},"uagb_author_info":{"display_name":"meterny","author_link":"https:\/\/meterny.com\/de\/author\/"},"uagb_comment_info":0,"uagb_excerpt":"Key Features: Waterproof and Weather-Resistant: Ideal for outdoor use in all climates. Eco-Friendly Materials: Sustainable and environmentally conscious. Customizable Length: Tailored to fit your garden's specific dimensions. Low Maintenance: Easy to clean and maintain, unlike traditional wood. Dual Surface Options: Choose between elegant wood grains or classic strips for a personalized look. Enhanced Stability: Reinforced&hellip;","_links":{"self":[{"href":"https:\/\/meterny.com\/de\/wp-json\/wp\/v2\/product\/20296","targetHints":{"allow":["GET"]}}],"collection":[{"href":"https:\/\/meterny.com\/de\/wp-json\/wp\/v2\/product"}],"about":[{"href":"https:\/\/meterny.com\/de\/wp-json\/wp\/v2\/types\/product"}],"replies":[{"embeddable":true,"href":"https:\/\/meterny.com\/de\/wp-json\/wp\/v2\/comments?post=20296"}],"wp:featuredmedia":[{"embeddable":true,"href":"https:\/\/meterny.com\/de\/wp-json\/wp\/v2\/media\/17491"}],"wp:attachment":[{"href":"https:\/\/meterny.com\/de\/wp-json\/wp\/v2\/media?parent=20296"}],"wp:term":[{"taxonomy":"product_brand","embeddable":true,"href":"https:\/\/meterny.com\/de\/wp-json\/wp\/v2\/product_brand?post=20296"},{"taxonomy":"product_cat","embeddable":true,"href":"https:\/\/meterny.com\/de\/wp-json\/wp\/v2\/product_cat?post=20296"},{"taxonomy":"product_tag","embeddable":true,"href":"https:\/\/meterny.com\/de\/wp-json\/wp\/v2\/product_tag?post=20296"}],"curies":[{"name":"wp","href":"https:\/\/api.w.org\/{rel}","templated":true}]}}