{"id":20305,"date":"2024-12-15T13:42:16","date_gmt":"2024-12-15T13:42:16","guid":{"rendered":"https:\/\/meterny.com\/?post_type=product&#038;p=20305"},"modified":"2025-01-18T09:27:23","modified_gmt":"2025-01-18T09:27:23","slug":"customized-wpc-flooring","status":"publish","type":"product","link":"https:\/\/meterny.com\/de\/produkt\/customized-wpc-flooring\/","title":{"rendered":"Ma\u00dfgeschneiderter WPC-Bodenbelag f\u00fcr High-End-Projekte im Au\u00dfenbereich"},"content":{"rendered":"<div class=\"elementor-element elementor-element-c0e1d42 elementor-widget elementor-widget-heading\" data-id=\"c0e1d42\" data-element_type=\"widget\" data-widget_type=\"heading.default\">\n<div class=\"elementor-widget-container\">\n<h2 class=\"elementor-heading-title elementor-size-default\" style=\"text-align: center;\">Ma\u00dfgeschneiderter WPC-Bodenbelag f\u00fcr High-End-Projekte im Au\u00dfenbereich Spezifikation<\/h2>\n<\/div>\n<\/div>\n<div class=\"elementor-element elementor-element-1f676da elementor-widget elementor-widget-heading\" data-id=\"1f676da\" data-element_type=\"widget\" data-widget_type=\"heading.default\">\n<h3><strong>\u00dcbersicht<\/strong><\/h3>\n<p id=\"\">Werten Sie Ihre Au\u00dfenbereiche mit ma\u00dfgeschneiderten WPC-B\u00f6den auf, die speziell f\u00fcr hochwertige Au\u00dfenprojekte entwickelt wurden. Durch die Kombination der nat\u00fcrlichen Sch\u00f6nheit von Holz mit der Langlebigkeit und Witterungsbest\u00e4ndigkeit von Kunststoff bieten unsere ma\u00dfgefertigten WPC-B\u00f6den eine luxuri\u00f6se und nachhaltige L\u00f6sung f\u00fcr Ihren Au\u00dfenbereich.<\/p>\n<div class=\"elementor-element elementor-element-1f676da elementor-widget elementor-widget-heading\" data-id=\"1f676da\" data-element_type=\"widget\" data-widget_type=\"heading.default\">\n<p><strong>Modell<\/strong>: METE140H25<br \/>\n<strong>Typ<\/strong>: WPC Terrassendielen\/Fu\u00dfboden<br \/>\n<strong>Gr\u00f6\u00dfe<\/strong>: 140\u00d725mm<\/p>\n<p><strong>Oberfl\u00e4che<\/strong>: Gerade K\u00f6rner<br \/>\n<strong>L\u00e4nge<\/strong>2.9m oder kundenspezifisch<br \/>\n<strong>Material<\/strong>: Holz-Kunststoff-Verbundstoff<br \/>\n<strong>Produkt-Technologie<\/strong>: \u00d6ko-Extrusion<\/p>\n<\/div>\n<figure id=\"attachment_17415\" aria-describedby=\"caption-attachment-17415\" style=\"width: 1024px\" class=\"wp-caption alignnone\"><img loading=\"lazy\" decoding=\"async\" class=\"wp-image-17415\" src=\"https:\/\/meterny.com\/wp-content\/uploads\/2024\/10\/Teak.png\" alt=\"Ma\u00dfgeschneiderter WPC-Bodenbelag f\u00fcr High-End-Projekte im Au\u00dfenbereich\" width=\"1024\" height=\"1024\" srcset=\"https:\/\/meterny.com\/wp-content\/uploads\/2024\/10\/Teak.png 800w, https:\/\/meterny.com\/wp-content\/uploads\/2024\/10\/Teak-300x300.png 300w, https:\/\/meterny.com\/wp-content\/uploads\/2024\/10\/Teak-150x150.png 150w, https:\/\/meterny.com\/wp-content\/uploads\/2024\/10\/Teak-768x768.png 768w, https:\/\/meterny.com\/wp-content\/uploads\/2024\/10\/Teak-600x600.png 600w, https:\/\/meterny.com\/wp-content\/uploads\/2024\/10\/Teak-100x100.png 100w\" sizes=\"auto, (max-width: 1024px) 100vw, 1024px\" \/><figcaption id=\"caption-attachment-17415\" class=\"wp-caption-text\">Ma\u00dfgeschneiderter WPC-Bodenbelag: Entwickelt f\u00fcr hochwertige Au\u00dfenbereiche.<\/figcaption><\/figure>\n<hr \/>\n<p id=\"\"><strong>Wesentliche Merkmale<\/strong><\/p>\n<ol>\n<li><strong>Anpassbare Designoptionen<\/strong>:\n<ul>\n<li>W\u00e4hlen Sie aus einer breiten Palette von Farben, Texturen und Oberfl\u00e4chen, die zu Ihrem individuellen Stil und Ihrer Einrichtung passen.<\/li>\n<li>Personalisieren Sie Ihren Bodenbelag mit individuellen Mustern, Logos oder anderen Designelementen, um ein wirklich einzigartiges Aussehen zu schaffen.<\/li>\n<\/ul>\n<\/li>\n<li><strong>Langlebigkeit und Wetterbest\u00e4ndigkeit<\/strong>:\n<ul>\n<li>Entwickelt, um extremen Wetterbedingungen wie Hitze, K\u00e4lte, Regen und Schnee standzuhalten.<\/li>\n<li>Widerstandsf\u00e4hig gegen Ausbleichen, Rissbildung und Verformung, was eine lang anhaltende Leistung und Sch\u00f6nheit gew\u00e4hrleistet.<\/li>\n<\/ul>\n<\/li>\n<li><strong>Kratz- und schmutzabweisend<\/strong>:\n<ul>\n<li>Eine spezielle Nutzschicht erh\u00f6ht die Kratzfestigkeit und sch\u00fctzt Ihren Bodenbelag vor t\u00e4glicher Abnutzung.<\/li>\n<li>Leicht zu reinigen und zu pflegen, resistent gegen Flecken und andere Formen der Oberfl\u00e4chenbesch\u00e4digung.<\/li>\n<\/ul>\n<\/li>\n<li><strong>Umweltvertr\u00e4glich und nachhaltig<\/strong>:\n<ul>\n<li>Hergestellt aus recycelten Materialien, einschlie\u00dflich Holzfasern und Kunststoffabf\u00e4llen, wodurch die Umweltbelastung verringert wird.<\/li>\n<li>Unterst\u00fctzt eine nachhaltige Forstwirtschaft und reduziert den Abfall im Produktionsprozess.<\/li>\n<\/ul>\n<\/li>\n<li><strong>Einfache Installation und Wartung<\/strong>:\n<ul>\n<li>Das Verschlusssystem erm\u00f6glicht eine einfache Montage ohne Kleber oder N\u00e4gel.<\/li>\n<li>Sie sind einfach zu reinigen und zu pflegen und erfordern nur minimalen Aufwand, damit Ihre B\u00f6den optimal aussehen.<\/li>\n<\/ul>\n<\/li>\n<\/ol>\n<hr \/>\n<p id=\"\"><strong>Anpassungsoptionen<\/strong><\/p>\n<ul>\n<li><strong>Gr\u00f6\u00dfe und Form<\/strong>: Passen Sie die Gr\u00f6\u00dfe und Form Ihres WPC-Bodenbelags an jeden Raum an, egal ob es sich um eine kleine Terrasse oder eine gro\u00dfe Au\u00dfenterrasse handelt.<\/li>\n<li><strong>Farbe und Textur<\/strong>: W\u00e4hlen Sie aus einer Vielzahl von Farben und Texturen, um Ihr bestehendes Dekor zu erg\u00e4nzen oder einen neuen Look nach Ihrem Geschmack zu kreieren.<\/li>\n<li><strong>Muster und Design<\/strong>: F\u00fcgen Sie individuelle Muster, Logos oder andere Designelemente hinzu, um Ihren Bodenbelag zu personalisieren und ihn wirklich einzigartig zu machen.<\/li>\n<li><strong>Leistungsverbesserungen<\/strong>: Entscheiden Sie sich f\u00fcr zus\u00e4tzliche Eigenschaften wie UV-Best\u00e4ndigkeit, Rutschfestigkeit oder Schalld\u00e4mmung, um die Leistung Ihres WPC-Bodenbelags zu verbessern.<\/li>\n<\/ul>\n<hr \/>\n<p id=\"\"><strong>Anwendungen<\/strong><\/p>\n<ul>\n<li>Decks und Terrassen im Freien<\/li>\n<li>Poolumgebungen und Strandh\u00e4user<\/li>\n<li>G\u00e4rten und landschaftlich gestaltete Fl\u00e4chen<\/li>\n<li>Gewerbliche Au\u00dfenbereiche, wie Restaurants und Hotels<\/li>\n<\/ul>\n<hr \/>\n<h3>Wenn Sie weitere Einzelheiten erfahren m\u00f6chten, klicken Sie bitte auf diesen Link zu youtube:<a href=\"https:\/\/youtu.be\/wB89vlDIY9o\" target=\"_blank\" rel=\"noopener\">https:\/\/youtu.be\/wB89vlDIY9o<\/a><\/h3>\n<p>&nbsp;<\/p>\n<h3><strong>Galerie<\/strong><\/h3>\n<figure id=\"attachment_17413\" aria-describedby=\"caption-attachment-17413\" style=\"width: 1024px\" class=\"wp-caption alignnone\"><img loading=\"lazy\" decoding=\"async\" class=\"wp-image-17413\" src=\"https:\/\/meterny.com\/wp-content\/uploads\/2024\/10\/1-9.jpg\" alt=\"Wasserfester WPC-Bodenbelag f\u00fcr Au\u00dfenterrassen\" width=\"1024\" height=\"1024\" srcset=\"https:\/\/meterny.com\/wp-content\/uploads\/2024\/10\/1-9.jpg 464w, https:\/\/meterny.com\/wp-content\/uploads\/2024\/10\/1-9-300x300.jpg 300w, https:\/\/meterny.com\/wp-content\/uploads\/2024\/10\/1-9-150x150.jpg 150w, https:\/\/meterny.com\/wp-content\/uploads\/2024\/10\/1-9-100x100.jpg 100w\" sizes=\"auto, (max-width: 1024px) 100vw, 1024px\" \/><figcaption id=\"caption-attachment-17413\" class=\"wp-caption-text\">Versch\u00f6nern Sie Ihren Au\u00dfenbereich mit langlebigen, wasserfesten WPC-B\u00f6den<\/figcaption><\/figure>\n<figure id=\"attachment_17392\" aria-describedby=\"caption-attachment-17392\" style=\"width: 1024px\" class=\"wp-caption alignnone\"><img loading=\"lazy\" decoding=\"async\" class=\"wp-image-17392\" src=\"https:\/\/meterny.com\/wp-content\/uploads\/2024\/03\/1-3.jpg\" alt=\"Holzmaserung Wpc-Fu\u00dfbodenpaneele\" width=\"1024\" height=\"1024\" srcset=\"https:\/\/meterny.com\/wp-content\/uploads\/2024\/03\/1-3.jpg 800w, https:\/\/meterny.com\/wp-content\/uploads\/2024\/03\/1-3-300x300.jpg 300w, https:\/\/meterny.com\/wp-content\/uploads\/2024\/03\/1-3-150x150.jpg 150w, https:\/\/meterny.com\/wp-content\/uploads\/2024\/03\/1-3-768x768.jpg 768w, https:\/\/meterny.com\/wp-content\/uploads\/2024\/03\/1-3-600x600.jpg 600w, https:\/\/meterny.com\/wp-content\/uploads\/2024\/03\/1-3-100x100.jpg 100w\" sizes=\"auto, (max-width: 1024px) 100vw, 1024px\" \/><figcaption id=\"caption-attachment-17392\" class=\"wp-caption-text\">Teakfarbener WPC-Bodenbelag: Die zeitlose Eleganz von Holz mit moderner Langlebigkeit.<\/figcaption><\/figure>\n<\/div>\n<div class=\"elementor-element elementor-element-1f676da elementor-widget elementor-widget-heading\" data-id=\"1f676da\" data-element_type=\"widget\" data-widget_type=\"heading.default\">\n<h3 style=\"text-align: left;\"><strong>Beschreibung<\/strong><\/h3>\n<p id=\"\"><strong>Kurzbeschreibung: Ma\u00dfgeschneiderter WPC-Bodenbelag f\u00fcr High-End-Projekte im Au\u00dfenbereich<\/strong><\/p>\n<p id=\"\">Versch\u00f6nern Sie Ihre Au\u00dfenbereiche mit unseren hochwertigen, individuell gestaltbaren WPC-B\u00f6den (Wood Plastic Composite). Unser Bodenbelag wurde speziell f\u00fcr hochwertige Projekte im Au\u00dfenbereich entwickelt und kombiniert die nat\u00fcrliche Sch\u00f6nheit von Holz mit der Haltbarkeit und Witterungsbest\u00e4ndigkeit von Kunststoff. W\u00e4hlen Sie aus einer breiten Palette von Farben, Strukturen und Oberfl\u00e4chen, um Ihren individuellen Stil zu verwirklichen, und genie\u00dfen Sie die umweltfreundlichen Vorteile von recycelten Materialien. Unsere ma\u00dfgeschneiderten WPC-B\u00f6den sind einfach zu verlegen und zu pflegen und eignen sich perfekt f\u00fcr Terrassen, Poolumrandungen und vieles mehr.<\/p>\n<p>Meterny METE Serie WPC Boden Farbkarte<\/p>\n<figure id=\"attachment_20293\" aria-describedby=\"caption-attachment-20293\" style=\"width: 1024px\" class=\"wp-caption alignnone\"><img loading=\"lazy\" decoding=\"async\" class=\"wp-image-20293\" src=\"https:\/\/meterny.com\/wp-content\/uploads\/2024\/10\/METE-Series-Colour-151.png\" alt=\"Meterny WPC-Zaun Farboptionen\" width=\"1024\" height=\"1024\" srcset=\"https:\/\/meterny.com\/wp-content\/uploads\/2024\/10\/METE-Series-Colour-151.png 900w, https:\/\/meterny.com\/wp-content\/uploads\/2024\/10\/METE-Series-Colour-151-300x300.png 300w, https:\/\/meterny.com\/wp-content\/uploads\/2024\/10\/METE-Series-Colour-151-150x150.png 150w, https:\/\/meterny.com\/wp-content\/uploads\/2024\/10\/METE-Series-Colour-151-768x768.png 768w, https:\/\/meterny.com\/wp-content\/uploads\/2024\/10\/METE-Series-Colour-151-600x600.png 600w, https:\/\/meterny.com\/wp-content\/uploads\/2024\/10\/METE-Series-Colour-151-100x100.png 100w\" sizes=\"auto, (max-width: 1024px) 100vw, 1024px\" \/><figcaption id=\"caption-attachment-20293\" class=\"wp-caption-text\">Entdecken Sie Meterny WPC-Boden - Neun atemberaubende Farboptionen f\u00fcr jeden Stil<\/figcaption><\/figure>\n<h3>Warum sollten Sie sich f\u00fcr ma\u00dfgeschneiderte WPC-B\u00f6den f\u00fcr hochwertige Projekte im Au\u00dfenbereich entscheiden?<\/h3>\n<p id=\"\">Die Wahl eines ma\u00dfgeschneiderten WPC-Bodenbelags (Wood Plastic Composite) f\u00fcr hochwertige Projekte im Au\u00dfenbereich bietet mehrere \u00fcberzeugende Vorteile:<\/p>\n<ol>\n<li>\n<p id=\"\"><strong>Langlebigkeit und Wetterbest\u00e4ndigkeit<\/strong>: WPC-Bodenbel\u00e4ge sind so konstruiert, dass sie extremen Wetterbedingungen wie Hitze, K\u00e4lte, Regen und Schnee standhalten. So wird sichergestellt, dass Ihre Au\u00dfenbereiche unabh\u00e4ngig von der Jahreszeit sch\u00f6n und funktional bleiben.<\/p>\n<\/li>\n<li>\n<p id=\"\"><strong>Anpassbare Designoptionen<\/strong>: Mit einem ma\u00dfgeschneiderten WPC-Bodenbelag k\u00f6nnen Sie aus einer breiten Palette von Farben, Texturen und Oberfl\u00e4chen w\u00e4hlen, die zu Ihrem einzigartigen Stil und Dekor passen. So k\u00f6nnen Sie einen wirklich individuellen Au\u00dfenbereich schaffen, der Ihre Pers\u00f6nlichkeit und Ihren Geschmack widerspiegelt.<\/p>\n<\/li>\n<li>\n<p id=\"\"><strong>Kratz- und schmutzabweisend<\/strong>: WPC-B\u00f6den sind resistent gegen Kratzer, Flecken und andere Formen der Oberfl\u00e4chenbesch\u00e4digung. Das bedeutet, dass Ihre B\u00f6den im Au\u00dfenbereich auch bei t\u00e4glicher Nutzung und Abnutzung ihr bestes Aussehen behalten werden.<\/p>\n<\/li>\n<li>\n<p id=\"\"><strong>Umweltvertr\u00e4glich und nachhaltig<\/strong>: Ma\u00dfgefertigte WPC-B\u00f6den werden aus recycelten Materialien hergestellt, darunter Holzfasern und Kunststoffabf\u00e4lle. Dies reduziert die Umweltbelastung und unterst\u00fctzt die nachhaltige Forstwirtschaft, was ihn zu einer umweltbewussten Wahl f\u00fcr hochwertige Au\u00dfenprojekte macht.<\/p>\n<\/li>\n<li>\n<p id=\"\"><strong>Einfache Installation und Wartung<\/strong>: Unsere ma\u00dfgeschneiderten WPC-B\u00f6den sind mit einem Verriegelungssystem ausgestattet, das eine einfache Verlegung ohne Klebstoff oder N\u00e4gel erm\u00f6glicht. Das macht ihn zu einer bequemen und kosteng\u00fcnstigen Option f\u00fcr hochwertige Au\u00dfenprojekte. Au\u00dferdem sind WPC-B\u00f6den leicht zu reinigen und zu pflegen, was Ihnen Zeit und M\u00fche spart.<\/p>\n<\/li>\n<li>\n<p id=\"\"><strong>Verbesserte Leistungsmerkmale<\/strong>: Je nach Ihren spezifischen Anforderungen k\u00f6nnen Sie sich f\u00fcr zus\u00e4tzliche Leistungsverbesserungen wie UV-Best\u00e4ndigkeit, Rutschfestigkeit oder Schalld\u00e4mmung entscheiden. Diese Eigenschaften k\u00f6nnen die Funktionalit\u00e4t und Attraktivit\u00e4t Ihrer Au\u00dfenbereiche weiter verbessern.<\/p>\n<\/li>\n<\/ol>\n<p id=\"\">Zusammenfassend l\u00e4sst sich sagen, dass ma\u00dfgeschneiderte WPC-Bodenbel\u00e4ge eine Kombination aus Langlebigkeit, Designflexibilit\u00e4t, Umweltfreundlichkeit und einfacher Verlegung und Pflege bieten, die sie zur idealen Wahl f\u00fcr hochwertige Au\u00dfenprojekte macht.<\/p>\n<\/div>","protected":false},"excerpt":{"rendered":"<p>Ma\u00dfgeschneiderter WPC-Bodenbelag f\u00fcr High-End-Projekte im Au\u00dfenbereich Spezifikation \u00dcbersicht Aufwertung Ihrer Au\u00dfenbereiche mit ma\u00dfgeschneidertem WPC-Bodenbelag, der speziell f\u00fcr [...]<\/p>","protected":false},"featured_media":17415,"comment_status":"open","ping_status":"closed","template":"","meta":{"_uag_custom_page_level_css":"","site-sidebar-layout":"default","site-content-layout":"","ast-site-content-layout":"default","site-content-style":"default","site-sidebar-style":"default","ast-global-header-display":"","ast-banner-title-visibility":"","ast-main-header-display":"","ast-hfb-above-header-display":"","ast-hfb-below-header-display":"","ast-hfb-mobile-header-display":"","site-post-title":"","ast-breadcrumbs-content":"","ast-featured-img":"","footer-sml-layout":"","theme-transparent-header-meta":"default","adv-header-id-meta":"","stick-header-meta":"default","header-above-stick-meta":"","header-main-stick-meta":"","header-below-stick-meta":"","astra-migrate-meta-layouts":"set","ast-page-background-enabled":"default","ast-page-background-meta":{"desktop":{"background-color":"var(--ast-global-color-4)","background-image":"","background-repeat":"repeat","background-position":"center center","background-size":"auto","background-attachment":"scroll","background-type":"","background-media":"","overlay-type":"","overlay-color":"","overlay-opacity":"","overlay-gradient":""},"tablet":{"background-color":"","background-image":"","background-repeat":"repeat","background-position":"center center","background-size":"auto","background-attachment":"scroll","background-type":"","background-media":"","overlay-type":"","overlay-color":"","overlay-opacity":"","overlay-gradient":""},"mobile":{"background-color":"","background-image":"","background-repeat":"repeat","background-position":"center center","background-size":"auto","background-attachment":"scroll","background-type":"","background-media":"","overlay-type":"","overlay-color":"","overlay-opacity":"","overlay-gradient":""}},"ast-content-background-meta":{"desktop":{"background-color":"var(--ast-global-color-5)","background-image":"","background-repeat":"repeat","background-position":"center center","background-size":"auto","background-attachment":"scroll","background-type":"","background-media":"","overlay-type":"","overlay-color":"","overlay-opacity":"","overlay-gradient":""},"tablet":{"background-color":"var(--ast-global-color-5)","background-image":"","background-repeat":"repeat","background-position":"center center","background-size":"auto","background-attachment":"scroll","background-type":"","background-media":"","overlay-type":"","overlay-color":"","overlay-opacity":"","overlay-gradient":""},"mobile":{"background-color":"var(--ast-global-color-5)","background-image":"","background-repeat":"repeat","background-position":"center center","background-size":"auto","background-attachment":"scroll","background-type":"","background-media":"","overlay-type":"","overlay-color":"","overlay-opacity":"","overlay-gradient":""}}},"product_brand":[],"product_cat":[18],"product_tag":[182,181],"class_list":{"0":"post-20305","1":"product","2":"type-product","3":"status-publish","4":"has-post-thumbnail","6":"product_cat-uncategorized","7":"product_tag-wpc-decking","8":"product_tag-wpc-flooring","9":"desktop-align-center","10":"tablet-align-left","11":"mobile-align-left","12":"ast-product-gallery-layout-horizontal-slider","13":"ast-product-tabs-layout-vertical","15":"first","16":"instock","17":"featured","18":"shipping-taxable","19":"product-type-simple"},"uagb_featured_image_src":{"full":["https:\/\/meterny.com\/wp-content\/uploads\/2024\/10\/Teak.png",800,800,false],"thumbnail":["https:\/\/meterny.com\/wp-content\/uploads\/2024\/10\/Teak-150x150.png",150,150,true],"medium":["https:\/\/meterny.com\/wp-content\/uploads\/2024\/10\/Teak-300x300.png",300,300,true],"medium_large":["https:\/\/meterny.com\/wp-content\/uploads\/2024\/10\/Teak-768x768.png",768,768,true],"large":["https:\/\/meterny.com\/wp-content\/uploads\/2024\/10\/Teak.png",800,800,false],"1536x1536":["https:\/\/meterny.com\/wp-content\/uploads\/2024\/10\/Teak.png",800,800,false],"2048x2048":["https:\/\/meterny.com\/wp-content\/uploads\/2024\/10\/Teak.png",800,800,false],"trp-custom-language-flag":["https:\/\/meterny.com\/wp-content\/uploads\/2024\/10\/Teak.png",12,12,false],"woocommerce_thumbnail":["https:\/\/meterny.com\/wp-content\/uploads\/2024\/10\/Teak-300x300.png",300,300,true],"woocommerce_single":["https:\/\/meterny.com\/wp-content\/uploads\/2024\/10\/Teak-600x600.png",600,600,true],"woocommerce_gallery_thumbnail":["https:\/\/meterny.com\/wp-content\/uploads\/2024\/10\/Teak-100x100.png",100,100,true]},"uagb_author_info":{"display_name":"meterny","author_link":"https:\/\/meterny.com\/de\/author\/"},"uagb_comment_info":0,"uagb_excerpt":"Customized WPC Flooring for High-End Outdoor Projects Specification Overview Elevate your\u00a0outdoor living spaces with Customized WPC Flooring, designed specifically for [&hellip;]","_links":{"self":[{"href":"https:\/\/meterny.com\/de\/wp-json\/wp\/v2\/product\/20305","targetHints":{"allow":["GET"]}}],"collection":[{"href":"https:\/\/meterny.com\/de\/wp-json\/wp\/v2\/product"}],"about":[{"href":"https:\/\/meterny.com\/de\/wp-json\/wp\/v2\/types\/product"}],"replies":[{"embeddable":true,"href":"https:\/\/meterny.com\/de\/wp-json\/wp\/v2\/comments?post=20305"}],"wp:featuredmedia":[{"embeddable":true,"href":"https:\/\/meterny.com\/de\/wp-json\/wp\/v2\/media\/17415"}],"wp:attachment":[{"href":"https:\/\/meterny.com\/de\/wp-json\/wp\/v2\/media?parent=20305"}],"wp:term":[{"taxonomy":"product_brand","embeddable":true,"href":"https:\/\/meterny.com\/de\/wp-json\/wp\/v2\/product_brand?post=20305"},{"taxonomy":"product_cat","embeddable":true,"href":"https:\/\/meterny.com\/de\/wp-json\/wp\/v2\/product_cat?post=20305"},{"taxonomy":"product_tag","embeddable":true,"href":"https:\/\/meterny.com\/de\/wp-json\/wp\/v2\/product_tag?post=20305"}],"curies":[{"name":"wp","href":"https:\/\/api.w.org\/{rel}","templated":true}]}}