{"id":20307,"date":"2024-12-15T13:47:09","date_gmt":"2024-12-15T13:47:09","guid":{"rendered":"https:\/\/meterny.com\/?post_type=product&#038;p=20307"},"modified":"2025-01-18T09:24:31","modified_gmt":"2025-01-18T09:24:31","slug":"quick-drain-wpc-flooring","status":"publish","type":"product","link":"https:\/\/meterny.com\/de\/produkt\/quick-drain-wpc-flooring\/","title":{"rendered":"Quick-Drain WPC-Bodenbelag f\u00fcr regenreiche Gebiete"},"content":{"rendered":"<div class=\"elementor-element elementor-element-c0e1d42 elementor-widget elementor-widget-heading\" data-id=\"c0e1d42\" data-element_type=\"widget\" data-widget_type=\"heading.default\">\n<div class=\"elementor-widget-container\">\n<h2 class=\"elementor-heading-title elementor-size-default\" style=\"text-align: center;\">Quick-Drain WPC-Bodenbelag f\u00fcr regenreiche Gebiete<\/h2>\n<\/div>\n<\/div>\n<div class=\"elementor-element elementor-element-1f676da elementor-widget elementor-widget-heading\" data-id=\"1f676da\" data-element_type=\"widget\" data-widget_type=\"heading.default\">\n<h2 class=\"elementor-widget-container\" style=\"text-align: center;\">Spezifikation<\/h2>\n<p>METE140H25 Quick-Drain WPC-Bodenbelag Holzmaserung Wpc-Bodenbelagspaneele: Erh\u00f6hen Sie Ihre R\u00e4ume mit moderner Eleganz<\/p>\n<p><strong>Modell<\/strong>: METE140H25<br \/>\n<strong>Typ<\/strong>: WPC Terrassendielen\/Fu\u00dfboden<br \/>\n<strong>Gr\u00f6\u00dfe<\/strong>: 140\u00d725mm<\/p>\n<p><strong>Oberfl\u00e4che<\/strong>: Gerade K\u00f6rner<br \/>\n<strong>L\u00e4nge<\/strong>2.9m oder kundenspezifisch<br \/>\n<strong>Material<\/strong>: Holz-Kunststoff-Verbundstoff<br \/>\n<strong>Produkt-Technologie<\/strong>: \u00d6ko-Extrusion<\/p>\n<\/div>\n<div class=\"elementor-element elementor-element-1f676da elementor-widget elementor-widget-heading\" data-id=\"1f676da\" data-element_type=\"widget\" data-widget_type=\"heading.default\">\n<figure id=\"attachment_17399\" aria-describedby=\"caption-attachment-17399\" style=\"width: 1024px\" class=\"wp-caption alignnone\"><img loading=\"lazy\" decoding=\"async\" class=\"wp-image-17399\" src=\"https:\/\/meterny.com\/wp-content\/uploads\/2024\/03\/13-3.png\" alt=\"Quick-Drain WPC-Bodenbelag f\u00fcr regenreiche Gebiete\" width=\"1024\" height=\"1024\" srcset=\"https:\/\/meterny.com\/wp-content\/uploads\/2024\/03\/13-3.png 800w, https:\/\/meterny.com\/wp-content\/uploads\/2024\/03\/13-3-300x300.png 300w, https:\/\/meterny.com\/wp-content\/uploads\/2024\/03\/13-3-150x150.png 150w, https:\/\/meterny.com\/wp-content\/uploads\/2024\/03\/13-3-768x768.png 768w, https:\/\/meterny.com\/wp-content\/uploads\/2024\/03\/13-3-600x600.png 600w, https:\/\/meterny.com\/wp-content\/uploads\/2024\/03\/13-3-100x100.png 100w\" sizes=\"auto, (max-width: 1024px) 100vw, 1024px\" \/><figcaption id=\"caption-attachment-17399\" class=\"wp-caption-text\">Quick-Drain WPC-Bodenbelag: Die perfekte L\u00f6sung f\u00fcr regenreiche Gegenden<\/figcaption><\/figure>\n<p id=\"\"><strong>Produkt\u00fcbersicht<\/strong><\/p>\n<p id=\"\">Der Quick-Drain WPC-Bodenbelag wurde speziell f\u00fcr regnerische Bereiche entwickelt und bietet eine einzigartige Kombination aus Stil, Funktionalit\u00e4t und Haltbarkeit. Dieser Bodenbelag aus hochwertigem Holz-Kunststoff-Verbundmaterial (WPC) ist so konzipiert, dass er den Herausforderungen nasser und feuchter Umgebungen standh\u00e4lt und gleichzeitig eine komfortable und elegante Oberfl\u00e4che bietet.<\/p>\n<p id=\"\"><strong>Wesentliche Merkmale<\/strong><\/p>\n<ol>\n<li>\n<p id=\"\"><strong>Wasserdicht und abflusswirksam<\/strong><\/p>\n<ul>\n<li>Der Quick-Drain WPC-Bodenbelag ist dank seines fortschrittlichen WPC-Kerns und seiner Schutzschichten 100% wasserdicht.<\/li>\n<li>Das innovative Entw\u00e4sserungssystem sorgt f\u00fcr einen effizienten Wasserfluss, verhindert Staun\u00e4sse und verringert die Gefahr von Ausrutschern und St\u00fcrzen.<\/li>\n<\/ul>\n<\/li>\n<li>\n<p id=\"\"><strong>Langlebigkeit und St\u00e4rke<\/strong><\/p>\n<ul>\n<li>Der Bodenbelag besteht aus einem robusten WPC-Kern und ist sehr widerstandsf\u00e4hig gegen Abnutzung, Kratzer und Flecken.<\/li>\n<li>Er h\u00e4lt starkem Fu\u00dfg\u00e4ngerverkehr und der t\u00e4glichen Beanspruchung stand und ist daher ideal f\u00fcr stark frequentierte Bereiche.<\/li>\n<\/ul>\n<\/li>\n<li>\n<p id=\"\"><strong>Einfache Installation und Wartung<\/strong><\/p>\n<ul>\n<li>Der Bodenbelag verf\u00fcgt \u00fcber ein einfaches Click-Lock-Verlegesystem, das keine speziellen Werkzeuge oder Klebstoffe erfordert.<\/li>\n<li>Die Pflege ist problemlos, regelm\u00e4\u00dfiges Fegen und gelegentliches Wischen reichen aus, um den Boden sauber und neuwertig zu halten.<\/li>\n<\/ul>\n<\/li>\n<li>\n<p id=\"\"><strong>Elegantes und vielseitiges Design<\/strong><\/p>\n<ul>\n<li>Quick-Drain WPC-Bodenbel\u00e4ge sind in einer Reihe von Farben und Strukturen erh\u00e4ltlich und bieten ein modernes und \u00e4sthetisch ansprechendes Aussehen.<\/li>\n<li>Durch sein vielseitiges Design eignet er sich sowohl f\u00fcr den Innen- als auch f\u00fcr den Au\u00dfenbereich, einschlie\u00dflich Terrassen, Decks und Balkone.<\/li>\n<\/ul>\n<\/li>\n<li>\n<p id=\"\"><strong>Umweltfreundlich<\/strong><\/p>\n<ul>\n<li>Quick-Drain WPC-Bodenbel\u00e4ge werden aus recycelten und emissionsarmen Materialien hergestellt und sind somit eine umweltfreundliche Wahl.<\/li>\n<li>Es tr\u00e4gt zu einem nachhaltigen Leben bei, indem es Abf\u00e4lle reduziert und die Auswirkungen auf die nat\u00fcrlichen Ressourcen minimiert.<\/li>\n<\/ul>\n<\/li>\n<\/ol>\n<p id=\"\"><strong>Technische Daten<\/strong><\/p>\n<ul>\n<li><strong>Material<\/strong>: Holz-Kunststoff-Verbundstoff (WPC)<\/li>\n<li><strong>Dicke<\/strong>: Unterschiedlich (normalerweise zwischen 5,5 mm und 8 mm)<\/li>\n<li><strong>Verschlei\u00dfschicht<\/strong>: 0,2 mm bis 0,7 mm (je nach Modell)<\/li>\n<li><strong>Gr\u00f6\u00dfe<\/strong>: Verschiedene Optionen verf\u00fcgbar, einschlie\u00dflich 6\u2033 x 36\u2033, 7\u2033 x 48\u2033 und 9\u2033 x 48\u2033.<\/li>\n<li><strong>Farbe und Textur<\/strong>: Mehrere Optionen zur Auswahl, darunter Holzmaserung, Steinmaserung und individuelle Designs<\/li>\n<li><strong>Einrichtung<\/strong>: Click-Lock-System f\u00fcr einfache und werkzeuglose Montage<\/li>\n<li><strong>Garantie<\/strong>: Garantien f\u00fcr Privathaushalte (25 Jahre) und Unternehmen (10 Jahre) verf\u00fcgbar<\/li>\n<\/ul>\n<p id=\"\"><strong>Anwendungen<\/strong><\/p>\n<p id=\"\">Quick-Drain WPC-Bodenbel\u00e4ge eignen sich perfekt f\u00fcr regnerische Bereiche, in denen Wasserbest\u00e4ndigkeit und Drainage entscheidend sind. Er kann in einer Vielzahl von Umgebungen verwendet werden, darunter:<\/p>\n<ul>\n<li>Terrassen und Decks<\/li>\n<li>Balkone und Terrassen<\/li>\n<li>Pools und Whirlpools<\/li>\n<li>Au\u00dfenk\u00fcchen und Essbereiche<\/li>\n<li>Gewerbliche R\u00e4ume wie Restaurants und Caf\u00e9s mit Au\u00dfenbestuhlung<\/li>\n<\/ul>\n<p id=\"\"><strong>Installationsrichtlinien<\/strong><\/p>\n<ol>\n<li>Stellen Sie sicher, dass der Unterboden sauber, trocken und eben ist.<\/li>\n<li>Gew\u00f6hnen Sie den Bodenbelag mindestens 48 Stunden lang an die Verlegeumgebung.<\/li>\n<li>Beginnen Sie mit der Verlegung in der linken Raumecke und verbinden Sie die Dielen mit dem Click-Lock-System.<\/li>\n<li>Verwenden Sie Dehnungsfugen um den Umfang herum, um eine nat\u00fcrliche Ausdehnung und Kontraktion zu erm\u00f6glichen.<\/li>\n<li>\u00dcberpr\u00fcfen und reinigen Sie das Abflusssystem regelm\u00e4\u00dfig, um einen effizienten Wasserfluss zu gew\u00e4hrleisten.<\/li>\n<\/ol>\n<p id=\"\"><strong>Tipps zur Wartung<\/strong><\/p>\n<ol>\n<li>Kehren oder saugen Sie den Boden regelm\u00e4\u00dfig, um Staub und R\u00fcckst\u00e4nde zu entfernen.<\/li>\n<li>Wischen Sie mit einem feuchten Tuch oder Mopp unter Verwendung von mildem Reinigungsmittel und warmem Wasser.<\/li>\n<li>Vermeiden Sie die Verwendung von Scheuermitteln oder Scheuerwerkzeugen, die die Oberfl\u00e4che verkratzen k\u00f6nnten.<\/li>\n<li>Untersuchen Sie den Boden regelm\u00e4\u00dfig auf Anzeichen von Sch\u00e4den oder Verschlei\u00df und reparieren Sie ihn bei Bedarf.<\/li>\n<\/ol>\n<h3>Wenn Sie weitere Einzelheiten erfahren m\u00f6chten, klicken Sie bitte auf diesen Link zu youtube:<a href=\"https:\/\/youtu.be\/cW7s-_V3i-o\" target=\"_blank\" rel=\"noopener\">https:\/\/youtu.be\/cW7s-_V3i-o<\/a><\/h3>\n<p>&nbsp;<\/p>\n<h3>Galerie<\/h3>\n<figure id=\"attachment_17403\" aria-describedby=\"caption-attachment-17403\" style=\"width: 1024px\" class=\"wp-caption alignnone\"><img loading=\"lazy\" decoding=\"async\" class=\"wp-image-17403\" src=\"https:\/\/meterny.com\/wp-content\/uploads\/2024\/03\/1234-9.jpg\" alt=\"DIY-freundlicher WPC-Bodenbelag f\u00fcr einfache Renovierungen\" width=\"1024\" height=\"1024\" srcset=\"https:\/\/meterny.com\/wp-content\/uploads\/2024\/03\/1234-9.jpg 1000w, https:\/\/meterny.com\/wp-content\/uploads\/2024\/03\/1234-9-300x300.jpg 300w, https:\/\/meterny.com\/wp-content\/uploads\/2024\/03\/1234-9-150x150.jpg 150w, https:\/\/meterny.com\/wp-content\/uploads\/2024\/03\/1234-9-768x768.jpg 768w, https:\/\/meterny.com\/wp-content\/uploads\/2024\/03\/1234-9-600x600.jpg 600w, https:\/\/meterny.com\/wp-content\/uploads\/2024\/03\/1234-9-100x100.jpg 100w\" sizes=\"auto, (max-width: 1024px) 100vw, 1024px\" \/><figcaption id=\"caption-attachment-17403\" class=\"wp-caption-text\">DIY-freundlicher WPC-Bodenbelag: Vereinfachen Sie die Renovierung Ihres Hauses<\/figcaption><\/figure>\n<figure id=\"attachment_17398\" aria-describedby=\"caption-attachment-17398\" style=\"width: 1024px\" class=\"wp-caption alignnone\"><img loading=\"lazy\" decoding=\"async\" class=\"wp-image-17398\" src=\"https:\/\/meterny.com\/wp-content\/uploads\/2024\/03\/5-3.jpg\" alt=\"Umweltfreundlicher WPC-Bodenbelag f\u00fcr gr\u00fcne Projekte\" width=\"1024\" height=\"1024\" srcset=\"https:\/\/meterny.com\/wp-content\/uploads\/2024\/03\/5-3.jpg 463w, https:\/\/meterny.com\/wp-content\/uploads\/2024\/03\/5-3-300x300.jpg 300w, https:\/\/meterny.com\/wp-content\/uploads\/2024\/03\/5-3-150x150.jpg 150w, https:\/\/meterny.com\/wp-content\/uploads\/2024\/03\/5-3-100x100.jpg 100w\" sizes=\"auto, (max-width: 1024px) 100vw, 1024px\" \/><figcaption id=\"caption-attachment-17398\" class=\"wp-caption-text\">Nachhaltiger Stil mit umweltfreundlichen WPC-B\u00f6den<\/figcaption><\/figure>\n<figure id=\"attachment_17393\" aria-describedby=\"caption-attachment-17393\" style=\"width: 1024px\" class=\"wp-caption alignnone\"><img loading=\"lazy\" decoding=\"async\" class=\"wp-image-17393\" src=\"https:\/\/meterny.com\/wp-content\/uploads\/2024\/03\/1-40.jpg\" alt=\"Wpc-Decking-Paneele Wpc-Bodenbelag\" width=\"1024\" height=\"1024\" srcset=\"https:\/\/meterny.com\/wp-content\/uploads\/2024\/03\/1-40.jpg 800w, https:\/\/meterny.com\/wp-content\/uploads\/2024\/03\/1-40-300x300.jpg 300w, https:\/\/meterny.com\/wp-content\/uploads\/2024\/03\/1-40-150x150.jpg 150w, https:\/\/meterny.com\/wp-content\/uploads\/2024\/03\/1-40-768x768.jpg 768w, https:\/\/meterny.com\/wp-content\/uploads\/2024\/03\/1-40-600x600.jpg 600w, https:\/\/meterny.com\/wp-content\/uploads\/2024\/03\/1-40-100x100.jpg 100w\" sizes=\"auto, (max-width: 1024px) 100vw, 1024px\" \/><figcaption id=\"caption-attachment-17393\" class=\"wp-caption-text\">Hochfester WPC-Bodenbelag: Verwandeln Sie Ihren Balkon mit Stil<\/figcaption><\/figure>\n<h3 style=\"text-align: left;\"><strong>Beschreibung<\/strong><\/h3>\n<p id=\"\">Der Quick-Drain WPC-Bodenbelag 100% ist dank seines robusten WPC-Kerns und seiner Schutzschichten, die Feuchtigkeit abweisen und Sch\u00e4den verhindern, wasserdicht. Das innovative Drainagesystem sorgt f\u00fcr einen effizienten Wasserfluss und leitet das Wasser schnell von der Oberfl\u00e4che weg, um Staun\u00e4sse zu vermeiden und die Gefahr von Ausrutschern und St\u00fcrzen zu minimieren. Dies macht ihn ideal f\u00fcr Terrassen, Decks, Balkone und andere Au\u00dfenbereiche, die zu Wasseransammlungen neigen.<\/p>\n<p id=\"\">Zus\u00e4tzlich zu seinen wasserabweisenden Eigenschaften ist der Quick-Drain WPC-Bodenbelag \u00e4u\u00dferst langlebig und robust. Der WPC-Kern ist widerstandsf\u00e4hig gegen Abnutzung, Kratzer und Flecken und sorgt daf\u00fcr, dass der Bodenbelag auch bei starker Begehung und t\u00e4glicher Nutzung sein makelloses Aussehen bewahrt. Dank seiner robusten Konstruktion eignet er sich auch f\u00fcr gewerbliche Anwendungen, z. B. f\u00fcr Essbereiche im Freien und Pools in Restaurants und Caf\u00e9s.<\/p>\n<p><img loading=\"lazy\" decoding=\"async\" class=\"alignnone wp-image-17395\" src=\"https:\/\/meterny.com\/wp-content\/uploads\/2024\/03\/3-6-rotated.jpg\" alt=\"\" width=\"1024\" height=\"1024\" srcset=\"https:\/\/meterny.com\/wp-content\/uploads\/2024\/03\/3-6-rotated.jpg 800w, https:\/\/meterny.com\/wp-content\/uploads\/2024\/03\/3-6-300x300.jpg 300w, https:\/\/meterny.com\/wp-content\/uploads\/2024\/03\/3-6-150x150.jpg 150w, https:\/\/meterny.com\/wp-content\/uploads\/2024\/03\/3-6-768x768.jpg 768w, https:\/\/meterny.com\/wp-content\/uploads\/2024\/03\/3-6-600x600.jpg 600w, https:\/\/meterny.com\/wp-content\/uploads\/2024\/03\/3-6-100x100.jpg 100w\" sizes=\"auto, (max-width: 1024px) 100vw, 1024px\" \/><\/p>\n<p id=\"\">Der Bodenbelag ist in einer Reihe von Farben und Strukturen erh\u00e4ltlich und bietet ein modernes und \u00e4sthetisch ansprechendes Erscheinungsbild, das zu jeder Au\u00dfenumgebung passt. Egal, ob Sie die nat\u00fcrliche Sch\u00f6nheit von Holzmaserungen oder die schlichte Eleganz von Steinmaserungen bevorzugen, Quick-Drain WPC-Bodenbel\u00e4ge haben ein Design, das Ihrem Geschmack entspricht. Durch sein vielseitiges Design ist er sowohl f\u00fcr den Innen- als auch f\u00fcr den Au\u00dfenbereich geeignet und verleiht Ihrem Zuhause oder Ihrem Gesch\u00e4ftsraum einen Hauch von Raffinesse.<\/p>\n<p id=\"\">Die Verlegung erfolgt schnell und einfach mit dem Quick-Drain WPC-Bodenbelag mit Klickverschluss. Es werden keine speziellen Werkzeuge oder Klebstoffe ben\u00f6tigt, was den Boden zu einer DIY-freundlichen Option macht, die Zeit und Geld spart. Die Pflege ist m\u00fchelos: Regelm\u00e4\u00dfiges Fegen und gelegentliches Wischen reichen aus, um den Boden sauber und wie neu zu halten.<\/p>\n<p>Meterny METE Serie WPC Boden Farbkarte<\/p>\n<p>&nbsp;<\/p>\n<figure id=\"attachment_20293\" aria-describedby=\"caption-attachment-20293\" style=\"width: 1024px\" class=\"wp-caption alignnone\"><img loading=\"lazy\" decoding=\"async\" class=\"wp-image-20293\" src=\"https:\/\/meterny.com\/wp-content\/uploads\/2024\/10\/METE-Series-Colour-151.png\" alt=\"Meterny WPC-Zaun Farboptionen\" width=\"1024\" height=\"1024\" srcset=\"https:\/\/meterny.com\/wp-content\/uploads\/2024\/10\/METE-Series-Colour-151.png 900w, https:\/\/meterny.com\/wp-content\/uploads\/2024\/10\/METE-Series-Colour-151-300x300.png 300w, https:\/\/meterny.com\/wp-content\/uploads\/2024\/10\/METE-Series-Colour-151-150x150.png 150w, https:\/\/meterny.com\/wp-content\/uploads\/2024\/10\/METE-Series-Colour-151-768x768.png 768w, https:\/\/meterny.com\/wp-content\/uploads\/2024\/10\/METE-Series-Colour-151-600x600.png 600w, https:\/\/meterny.com\/wp-content\/uploads\/2024\/10\/METE-Series-Colour-151-100x100.png 100w\" sizes=\"auto, (max-width: 1024px) 100vw, 1024px\" \/><figcaption id=\"caption-attachment-20293\" class=\"wp-caption-text\">Entdecken Sie Meterny WPC-Boden - Neun atemberaubende Farboptionen f\u00fcr jeden Stil<\/figcaption><\/figure>\n<h3>Warum sollten Sie sich f\u00fcr Quick-Drain WPC-Bodenbel\u00e4ge f\u00fcr regenreiche Bereiche entscheiden?<\/h3>\n<p id=\"\">Die Wahl von Quick-Drain WPC-Bodenbel\u00e4gen f\u00fcr regnerische Bereiche bietet mehrere \u00fcberzeugende Gr\u00fcnde, die sie zu einer idealen Wahl f\u00fcr alle machen, die eine dauerhafte, funktionale und stilvolle Bodenl\u00f6sung suchen. Hier sind einige der wichtigsten Vorteile:<\/p>\n<ol>\n<li>\n<p id=\"\"><strong>Wasserdicht und abflusswirksam<\/strong>: Der Quick-Drain WPC-Bodenbelag ist wasserdicht 100%, mit einem robusten Kern und Schutzschichten, die Feuchtigkeit abweisen und Sch\u00e4den verhindern. Das innovative Drainagesystem sorgt daf\u00fcr, dass Wasser schnell von der Oberfl\u00e4che weggeleitet wird, wodurch das Risiko von Ausrutschern und St\u00fcrzen minimiert und eine sichere Umgebung gew\u00e4hrleistet wird.<\/p>\n<\/li>\n<li>\n<p id=\"\"><strong>Langlebigkeit und St\u00e4rke<\/strong>: Der WPC-Kern (Wood Plastic Composite) von Quick-Drain Flooring ist \u00e4u\u00dferst langlebig und widerstandsf\u00e4hig, resistent gegen Abnutzung, Kratzer und Flecken. Dadurch ist er f\u00fcr starke Beanspruchung und t\u00e4glichen Gebrauch geeignet, und der Bodenbelag beh\u00e4lt sein makelloses Aussehen.<\/p>\n<\/li>\n<li>\n<p id=\"\"><strong>\u00c4sthetische Anziehungskraft<\/strong>: Quick-Drain WPC-Bodenbel\u00e4ge sind in einer Reihe von Farben und Strukturen erh\u00e4ltlich und bieten ein modernes und \u00e4sthetisch ansprechendes Erscheinungsbild, das zu jeder Au\u00dfenumgebung passt. Ob Sie die nat\u00fcrliche Sch\u00f6nheit von Holzmaserungen oder die schlichte Eleganz von Steinmaserungen bevorzugen, es gibt ein Design, das Ihrem Geschmack entspricht.<\/p>\n<\/li>\n<li>\n<p id=\"\"><strong>Einfache Installation und Wartung<\/strong>: Die Verlegung von Quick-Drain WPC-Bodenbel\u00e4gen ist schnell und einfach, dank des Click-Lock-Systems, das keine speziellen Werkzeuge oder Klebstoffe erfordert. Auch die Pflege ist problemlos: Regelm\u00e4\u00dfiges Fegen und gelegentliches Wischen reichen aus, um den Boden sauber und neuwertig zu halten.<\/p>\n<\/li>\n<li>\n<p id=\"\"><strong>Vielseitigkeit<\/strong>: Quick-Drain WPC-Bodenbel\u00e4ge sind vielseitig und sowohl f\u00fcr den Innen- als auch f\u00fcr den Au\u00dfenbereich geeignet. Durch seine robuste Konstruktion ist er ideal f\u00fcr Terrassen, Decks, Balkone und andere Au\u00dfenbereiche, die zu Wasseransammlungen neigen, w\u00e4hrend sein stilvolles Design auch Innenbereiche optisch aufwerten kann.<\/p>\n<\/li>\n<li>\n<p id=\"\"><strong>Umweltfreundlich<\/strong>: Quick-Drain WPC-Bodenbel\u00e4ge werden aus recycelten und emissionsarmen Materialien hergestellt und tragen zu einem nachhaltigen Leben bei, indem sie Abf\u00e4lle reduzieren und die Auswirkungen auf die nat\u00fcrlichen Ressourcen minimieren.<\/p>\n<\/li>\n<li>\n<p id=\"\"><strong>Kosteng\u00fcnstig<\/strong>: Die Anfangsinvestition in Quick-Drain WPC-Bodenbel\u00e4ge mag zwar h\u00f6her sein als die einiger traditioneller Bodenbel\u00e4ge, aber ihre Langlebigkeit und ihr geringer Pflegeaufwand machen sie langfristig zu einer kosteneffizienten Wahl.<\/p>\n<\/li>\n<\/ol>\n<p id=\"\">Zusammenfassend l\u00e4sst sich sagen, dass die Wahl von Quick-Drain WPC-Bodenbel\u00e4gen f\u00fcr regnerische Bereiche eine Kombination aus wasserdichtem und entw\u00e4sserungseffizientem Design, Langlebigkeit, \u00c4sthetik, einfacher Verlegung und Pflege, Vielseitigkeit, Umweltfreundlichkeit und Kosteneffizienz bietet. Diese Vorteile machen ihn zu einer exzellenten Wahl f\u00fcr alle, die eine hochwertige Bodenbelagsl\u00f6sung suchen, die auch unter nassen und feuchten Bedingungen gut gedeiht.<\/p>\n<\/div>","protected":false},"excerpt":{"rendered":"<p>Quick-Drain WPC-Bodenbelag f\u00fcr Regengebiete Spezifikation METE140H25 Quick-Drain WPC-Bodenbelag Wood Grain Wpc Flooring Panels: Erh\u00f6hen Sie Ihre R\u00e4ume mit [...]<\/p>","protected":false},"featured_media":17399,"comment_status":"open","ping_status":"closed","template":"","meta":{"_uag_custom_page_level_css":"","site-sidebar-layout":"default","site-content-layout":"","ast-site-content-layout":"default","site-content-style":"default","site-sidebar-style":"default","ast-global-header-display":"","ast-banner-title-visibility":"","ast-main-header-display":"","ast-hfb-above-header-display":"","ast-hfb-below-header-display":"","ast-hfb-mobile-header-display":"","site-post-title":"","ast-breadcrumbs-content":"","ast-featured-img":"","footer-sml-layout":"","theme-transparent-header-meta":"default","adv-header-id-meta":"","stick-header-meta":"default","header-above-stick-meta":"","header-main-stick-meta":"","header-below-stick-meta":"","astra-migrate-meta-layouts":"set","ast-page-background-enabled":"default","ast-page-background-meta":{"desktop":{"background-color":"var(--ast-global-color-4)","background-image":"","background-repeat":"repeat","background-position":"center center","background-size":"auto","background-attachment":"scroll","background-type":"","background-media":"","overlay-type":"","overlay-color":"","overlay-opacity":"","overlay-gradient":""},"tablet":{"background-color":"","background-image":"","background-repeat":"repeat","background-position":"center center","background-size":"auto","background-attachment":"scroll","background-type":"","background-media":"","overlay-type":"","overlay-color":"","overlay-opacity":"","overlay-gradient":""},"mobile":{"background-color":"","background-image":"","background-repeat":"repeat","background-position":"center center","background-size":"auto","background-attachment":"scroll","background-type":"","background-media":"","overlay-type":"","overlay-color":"","overlay-opacity":"","overlay-gradient":""}},"ast-content-background-meta":{"desktop":{"background-color":"var(--ast-global-color-5)","background-image":"","background-repeat":"repeat","background-position":"center center","background-size":"auto","background-attachment":"scroll","background-type":"","background-media":"","overlay-type":"","overlay-color":"","overlay-opacity":"","overlay-gradient":""},"tablet":{"background-color":"var(--ast-global-color-5)","background-image":"","background-repeat":"repeat","background-position":"center center","background-size":"auto","background-attachment":"scroll","background-type":"","background-media":"","overlay-type":"","overlay-color":"","overlay-opacity":"","overlay-gradient":""},"mobile":{"background-color":"var(--ast-global-color-5)","background-image":"","background-repeat":"repeat","background-position":"center center","background-size":"auto","background-attachment":"scroll","background-type":"","background-media":"","overlay-type":"","overlay-color":"","overlay-opacity":"","overlay-gradient":""}}},"product_brand":[],"product_cat":[18],"product_tag":[182,181],"class_list":{"0":"post-20307","1":"product","2":"type-product","3":"status-publish","4":"has-post-thumbnail","6":"product_cat-uncategorized","7":"product_tag-wpc-decking","8":"product_tag-wpc-flooring","9":"desktop-align-center","10":"tablet-align-left","11":"mobile-align-left","12":"ast-product-gallery-layout-horizontal-slider","13":"ast-product-tabs-layout-vertical","15":"first","16":"instock","17":"featured","18":"shipping-taxable","19":"product-type-simple"},"uagb_featured_image_src":{"full":["https:\/\/meterny.com\/wp-content\/uploads\/2024\/03\/13-3.png",800,800,false],"thumbnail":["https:\/\/meterny.com\/wp-content\/uploads\/2024\/03\/13-3-150x150.png",150,150,true],"medium":["https:\/\/meterny.com\/wp-content\/uploads\/2024\/03\/13-3-300x300.png",300,300,true],"medium_large":["https:\/\/meterny.com\/wp-content\/uploads\/2024\/03\/13-3-768x768.png",768,768,true],"large":["https:\/\/meterny.com\/wp-content\/uploads\/2024\/03\/13-3.png",800,800,false],"1536x1536":["https:\/\/meterny.com\/wp-content\/uploads\/2024\/03\/13-3.png",800,800,false],"2048x2048":["https:\/\/meterny.com\/wp-content\/uploads\/2024\/03\/13-3.png",800,800,false],"trp-custom-language-flag":["https:\/\/meterny.com\/wp-content\/uploads\/2024\/03\/13-3.png",12,12,false],"woocommerce_thumbnail":["https:\/\/meterny.com\/wp-content\/uploads\/2024\/03\/13-3-300x300.png",300,300,true],"woocommerce_single":["https:\/\/meterny.com\/wp-content\/uploads\/2024\/03\/13-3-600x600.png",600,600,true],"woocommerce_gallery_thumbnail":["https:\/\/meterny.com\/wp-content\/uploads\/2024\/03\/13-3-100x100.png",100,100,true]},"uagb_author_info":{"display_name":"meterny","author_link":"https:\/\/meterny.com\/de\/author\/"},"uagb_comment_info":0,"uagb_excerpt":"Quick-Drain WPC Flooring for Rainy Areas Specification METE140H25 Quick-Drain WPC Flooring Wood Grain Wpc Flooring Panels: Elevate Your Spaces with [&hellip;]","_links":{"self":[{"href":"https:\/\/meterny.com\/de\/wp-json\/wp\/v2\/product\/20307","targetHints":{"allow":["GET"]}}],"collection":[{"href":"https:\/\/meterny.com\/de\/wp-json\/wp\/v2\/product"}],"about":[{"href":"https:\/\/meterny.com\/de\/wp-json\/wp\/v2\/types\/product"}],"replies":[{"embeddable":true,"href":"https:\/\/meterny.com\/de\/wp-json\/wp\/v2\/comments?post=20307"}],"wp:featuredmedia":[{"embeddable":true,"href":"https:\/\/meterny.com\/de\/wp-json\/wp\/v2\/media\/17399"}],"wp:attachment":[{"href":"https:\/\/meterny.com\/de\/wp-json\/wp\/v2\/media?parent=20307"}],"wp:term":[{"taxonomy":"product_brand","embeddable":true,"href":"https:\/\/meterny.com\/de\/wp-json\/wp\/v2\/product_brand?post=20307"},{"taxonomy":"product_cat","embeddable":true,"href":"https:\/\/meterny.com\/de\/wp-json\/wp\/v2\/product_cat?post=20307"},{"taxonomy":"product_tag","embeddable":true,"href":"https:\/\/meterny.com\/de\/wp-json\/wp\/v2\/product_tag?post=20307"}],"curies":[{"name":"wp","href":"https:\/\/api.w.org\/{rel}","templated":true}]}}