{"id":20308,"date":"2024-12-15T13:53:10","date_gmt":"2024-12-15T13:53:10","guid":{"rendered":"https:\/\/meterny.com\/?post_type=product&#038;p=20308"},"modified":"2025-01-18T09:22:42","modified_gmt":"2025-01-18T09:22:42","slug":"versatile-two-tone-flooring","status":"publish","type":"product","link":"https:\/\/meterny.com\/de\/produkt\/versatile-two-tone-flooring\/","title":{"rendered":"Vielseitiger zweifarbiger Bodenbelag Nachhaltiger WPC-Bodenbelag"},"content":{"rendered":"<div class=\"elementor-element elementor-element-c0e1d42 elementor-widget elementor-widget-heading\" data-id=\"c0e1d42\" data-element_type=\"widget\" data-widget_type=\"heading.default\">\n<div class=\"elementor-widget-container\">\n<h2 class=\"elementor-heading-title elementor-size-default\" style=\"text-align: center;\">Vielseitiger zweifarbiger Bodenbelag Nachhaltiger WPC-Bodenbelag Spezifikation<\/h2>\n<\/div>\n<\/div>\n<div class=\"elementor-element elementor-element-1f676da elementor-widget elementor-widget-heading\" data-id=\"1f676da\" data-element_type=\"widget\" data-widget_type=\"heading.default\">\n<p id=\"\"><strong>Produktname<\/strong>: Vielseitiger zweifarbiger Bodenbelag<\/p>\n<p id=\"\"><strong>Marke<\/strong>: Meterny<\/p>\n<p id=\"\"><strong>Produkt\u00fcbersicht<\/strong>:<\/p>\n<p id=\"\">Der vielseitige zweifarbige Bodenbelag kombiniert die Eleganz eines zweifarbigen Designs mit der Haltbarkeit und Praktikabilit\u00e4t moderner Bodenbelagsl\u00f6sungen. Diese innovative Bodenbelagsoption bietet einen einzigartigen visuellen Reiz, der jeden Raum in eine stilvolle und anspruchsvolle Umgebung verwandeln kann.<\/p>\n<p><strong>Modell<\/strong>: METE140H25<br \/>\n<strong>Typ<\/strong>: WPC Terrassendielen\/Fu\u00dfboden<br \/>\n<strong>Gr\u00f6\u00dfe<\/strong>: 140\u00d725mm<\/p>\n<p><strong>Oberfl\u00e4che<\/strong>: Gerade K\u00f6rner<br \/>\n<strong>L\u00e4nge<\/strong>2.9m oder kundenspezifisch<br \/>\n<strong>Material<\/strong>: Holz-Kunststoff-Verbundstoff<br \/>\n<strong>Produkt-Technologie<\/strong>: \u00d6ko-Extrusion<\/p>\n<figure id=\"attachment_17402\" aria-describedby=\"caption-attachment-17402\" style=\"width: 1024px\" class=\"wp-caption alignnone\"><img loading=\"lazy\" decoding=\"async\" class=\"wp-image-17402\" src=\"https:\/\/meterny.com\/wp-content\/uploads\/2024\/03\/14-3.png\" alt=\"Vielseitiger zweifarbiger Bodenbelag\" width=\"1024\" height=\"1024\" srcset=\"https:\/\/meterny.com\/wp-content\/uploads\/2024\/03\/14-3.png 800w, https:\/\/meterny.com\/wp-content\/uploads\/2024\/03\/14-3-300x300.png 300w, https:\/\/meterny.com\/wp-content\/uploads\/2024\/03\/14-3-150x150.png 150w, https:\/\/meterny.com\/wp-content\/uploads\/2024\/03\/14-3-768x768.png 768w, https:\/\/meterny.com\/wp-content\/uploads\/2024\/03\/14-3-600x600.png 600w, https:\/\/meterny.com\/wp-content\/uploads\/2024\/03\/14-3-100x100.png 100w\" sizes=\"auto, (max-width: 1024px) 100vw, 1024px\" \/><figcaption id=\"caption-attachment-17402\" class=\"wp-caption-text\">Zweifarbiger WPC-Bodenbelag: Eine stilvolle Verbindung von Funktionalit\u00e4t und Design<\/figcaption><\/figure>\n<p id=\"\"><strong>Wesentliche Merkmale<\/strong>:<\/p>\n<ol>\n<li><strong>Zweifarbiges Design<\/strong>:\n<ul>\n<li>Der Bodenbelag weist eine auff\u00e4llige zweifarbige Farbkombination auf, die dem Raum Tiefe und visuelles Interesse verleiht.<\/li>\n<li>Erh\u00e4ltlich in verschiedenen Farbausf\u00fchrungen, die zu unterschiedlichen Einrichtungsstilen passen.<\/li>\n<\/ul>\n<\/li>\n<li><strong>Hohe Dauerhaftigkeit<\/strong>:\n<ul>\n<li>Hergestellt aus hochwertigen Materialien, die resistent gegen Abnutzung, Kratzer und Flecken sind.<\/li>\n<li>Sie sind so konzipiert, dass sie starkem Fu\u00dfg\u00e4ngerverkehr und t\u00e4glicher Abnutzung standhalten und lange sch\u00f6n bleiben.<\/li>\n<\/ul>\n<\/li>\n<li><strong>Wasser- und Feuchtigkeitsbest\u00e4ndigkeit<\/strong>:\n<ul>\n<li>Er ist wasserdicht und feuchtigkeitsgesch\u00fctzt und eignet sich daher f\u00fcr den Einsatz in feuchten Umgebungen.<\/li>\n<li>Perfekt f\u00fcr K\u00fcchen, B\u00e4der und andere Bereiche, in denen Wasser versch\u00fcttet werden kann.<\/li>\n<\/ul>\n<\/li>\n<li><strong>Einfache Installation<\/strong>:\n<ul>\n<li>Mit innovativem Verriegelungssystem, das die Installation vereinfacht.<\/li>\n<li>Es sind keine speziellen Werkzeuge oder F\u00e4higkeiten erforderlich, was es zu einer DIY-freundlichen Option macht.<\/li>\n<\/ul>\n<\/li>\n<li><strong>Umweltfreundlich<\/strong>:\n<ul>\n<li>Hergestellt mit umweltfreundlichen Materialien und Verfahren.<\/li>\n<li>Unterst\u00fctzt eine nachhaltige Entwicklung und reduziert die Umweltbelastung.<\/li>\n<\/ul>\n<\/li>\n<li><strong>Vielseitige Anwendungen<\/strong>:\n<ul>\n<li>Geeignet f\u00fcr verschiedene Innenr\u00e4ume, einschlie\u00dflich Wohnungen, B\u00fcros, Einzelhandelsgesch\u00e4fte und mehr.<\/li>\n<li>Verbessert die \u00c4sthetik eines jeden Raumes und schafft eine einladende und stilvolle Atmosph\u00e4re.<\/li>\n<\/ul>\n<\/li>\n<li><strong>Wartung und Reinigung<\/strong>:\n<ul>\n<li>Leicht zu reinigen und zu pflegen, erfordert nur regelm\u00e4\u00dfiges Fegen oder Staubsaugen und gelegentliches Wischen.<\/li>\n<li>Unempfindlich gegen Flecken und Schmutz, daher pflegeleicht.<\/li>\n<\/ul>\n<\/li>\n<\/ol>\n<p id=\"\"><strong>Technische Daten<\/strong>:<\/p>\n<ul>\n<li>Material: Hochwertiges PVC (oder ein anderes geeignetes Material, je nach Produkt)<\/li>\n<li>Dicke: Variiert je nach Produktauswahl<\/li>\n<li>Breite: Standard oder anpassbare Optionen verf\u00fcgbar<\/li>\n<li>L\u00e4nge: Variiert je nach Produktauswahl<\/li>\n<li>Farboptionen: Mehrere zweifarbige Kombinationen zur Auswahl<\/li>\n<li>Installationsmethode: Verschlusssystem f\u00fcr einfache Installation<\/li>\n<\/ul>\n<p id=\"\"><strong>Informationen zur Garantie<\/strong>:<\/p>\n<ul>\n<li>Umfassende Garantie f\u00fcr Herstellungsfehler und Installationsprobleme.<\/li>\n<li>Wenden Sie sich an den Kundendienst, um Einzelheiten und das Verfahren f\u00fcr die Inanspruchnahme zu erfahren.<\/li>\n<\/ul>\n<p id=\"\"><strong>Kontaktinformationen<\/strong>:<\/p>\n<ul>\n<li>Kundendienst-Hotline: +86 18566054354<\/li>\n<li>E-Mail: [damon@meterny.com]<\/li>\n<li>Website: [meterny.com]<\/li>\n<\/ul>\n<h3>Wenn Sie weitere Einzelheiten erfahren m\u00f6chten, klicken Sie bitte auf diesen Link zu youtube:<a href=\"https:\/\/youtu.be\/-raUFt_4f7Y\" target=\"_blank\" rel=\"noopener\">https:\/\/youtu.be\/-raUFt_4f7Y<\/a><\/h3>\n<p>&nbsp;<\/p>\n<h3>Galerie<\/h3>\n<figure id=\"attachment_17415\" aria-describedby=\"caption-attachment-17415\" style=\"width: 1024px\" class=\"wp-caption alignnone\"><img loading=\"lazy\" decoding=\"async\" class=\"wp-image-17415\" src=\"https:\/\/meterny.com\/wp-content\/uploads\/2024\/10\/Teak.png\" alt=\"Ma\u00dfgeschneiderter WPC-Bodenbelag f\u00fcr High-End-Projekte im Au\u00dfenbereich\" width=\"1024\" height=\"1024\" srcset=\"https:\/\/meterny.com\/wp-content\/uploads\/2024\/10\/Teak.png 800w, https:\/\/meterny.com\/wp-content\/uploads\/2024\/10\/Teak-300x300.png 300w, https:\/\/meterny.com\/wp-content\/uploads\/2024\/10\/Teak-150x150.png 150w, https:\/\/meterny.com\/wp-content\/uploads\/2024\/10\/Teak-768x768.png 768w, https:\/\/meterny.com\/wp-content\/uploads\/2024\/10\/Teak-600x600.png 600w, https:\/\/meterny.com\/wp-content\/uploads\/2024\/10\/Teak-100x100.png 100w\" sizes=\"auto, (max-width: 1024px) 100vw, 1024px\" \/><figcaption id=\"caption-attachment-17415\" class=\"wp-caption-text\">Ma\u00dfgeschneiderter WPC-Bodenbelag: Entwickelt f\u00fcr hochwertige Au\u00dfenbereiche.<\/figcaption><\/figure>\n<figure id=\"attachment_17413\" aria-describedby=\"caption-attachment-17413\" style=\"width: 1024px\" class=\"wp-caption alignnone\"><img loading=\"lazy\" decoding=\"async\" class=\"wp-image-17413\" src=\"https:\/\/meterny.com\/wp-content\/uploads\/2024\/10\/1-9.jpg\" alt=\"Wasserfester WPC-Bodenbelag f\u00fcr Au\u00dfenterrassen\" width=\"1024\" height=\"1024\" srcset=\"https:\/\/meterny.com\/wp-content\/uploads\/2024\/10\/1-9.jpg 464w, https:\/\/meterny.com\/wp-content\/uploads\/2024\/10\/1-9-300x300.jpg 300w, https:\/\/meterny.com\/wp-content\/uploads\/2024\/10\/1-9-150x150.jpg 150w, https:\/\/meterny.com\/wp-content\/uploads\/2024\/10\/1-9-100x100.jpg 100w\" sizes=\"auto, (max-width: 1024px) 100vw, 1024px\" \/><figcaption id=\"caption-attachment-17413\" class=\"wp-caption-text\">Versch\u00f6nern Sie Ihren Au\u00dfenbereich mit langlebigen, wasserfesten WPC-B\u00f6den<\/figcaption><\/figure>\n<figure id=\"attachment_17397\" aria-describedby=\"caption-attachment-17397\" style=\"width: 1024px\" class=\"wp-caption alignnone\"><img loading=\"lazy\" decoding=\"async\" class=\"wp-image-17397\" src=\"https:\/\/meterny.com\/wp-content\/uploads\/2024\/03\/5-1.png\" alt=\"Leicht zu verlegender Click-Lock WPC-Bodenbelag\" width=\"1024\" height=\"1024\" srcset=\"https:\/\/meterny.com\/wp-content\/uploads\/2024\/03\/5-1.png 1062w, https:\/\/meterny.com\/wp-content\/uploads\/2024\/03\/5-1-300x300.png 300w, https:\/\/meterny.com\/wp-content\/uploads\/2024\/03\/5-1-1024x1024.png 1024w, https:\/\/meterny.com\/wp-content\/uploads\/2024\/03\/5-1-150x150.png 150w, https:\/\/meterny.com\/wp-content\/uploads\/2024\/03\/5-1-768x768.png 768w, https:\/\/meterny.com\/wp-content\/uploads\/2024\/03\/5-1-600x600.png 600w, https:\/\/meterny.com\/wp-content\/uploads\/2024\/03\/5-1-100x100.png 100w\" sizes=\"auto, (max-width: 1024px) 100vw, 1024px\" \/><figcaption id=\"caption-attachment-17397\" class=\"wp-caption-text\">Problemlose Verlegung mit Click-Lock WPC-Dielen<\/figcaption><\/figure>\n<p id=\"\"><strong>\u00dcber uns<\/strong>:<\/p>\n<p id=\"\">Wir von VERSATile haben es uns zur Aufgabe gemacht, innovative und stilvolle Bodenbelagsl\u00f6sungen anzubieten, die den unterschiedlichen Bed\u00fcrfnissen unserer Kunden gerecht werden. Unser vielseitiger zweifarbiger Bodenbelag ist nur ein Beispiel f\u00fcr unser Engagement f\u00fcr hervorragendes Design, Haltbarkeit und Umweltfreundlichkeit. Mit einer breiten Palette an Farboptionen und vielseitigen Anwendungsm\u00f6glichkeiten ist unser Bodenbelag perfekt f\u00fcr jeden Raum. Kontaktieren Sie uns noch heute, um mehr \u00fcber unsere Produkte und Dienstleistungen zu erfahren.<\/p>\n<\/div>\n<div class=\"elementor-element elementor-element-1f676da elementor-widget elementor-widget-heading\" data-id=\"1f676da\" data-element_type=\"widget\" data-widget_type=\"heading.default\">\n<h3 style=\"text-align: left;\"><strong>Beschreibung<\/strong><\/h3>\n<p>Der vielseitige zweifarbige Bodenbelag zeichnet sich durch eine auff\u00e4llige Farbkombination aus, die dem Raum Tiefe und Interesse verleiht. Das zweifarbige Design erzeugt einen visuell auff\u00e4lligen Effekt, der die Gesamt\u00e4sthetik Ihres Raumes verbessern kann. Dank der verschiedenen Farbschemata, die zur Auswahl stehen, k\u00f6nnen Sie leicht eine Option finden, die zu Ihrem Einrichtungsstil und Ihren pers\u00f6nlichen Vorlieben passt.<\/p>\n<h3>Farben Optionen<\/h3>\n<p>&nbsp;<\/p>\n<figure id=\"attachment_20293\" aria-describedby=\"caption-attachment-20293\" style=\"width: 1024px\" class=\"wp-caption alignnone\"><img loading=\"lazy\" decoding=\"async\" class=\"wp-image-20293\" src=\"https:\/\/meterny.com\/wp-content\/uploads\/2024\/10\/METE-Series-Colour-151.png\" alt=\"Meterny WPC-Zaun Farboptionen\" width=\"1024\" height=\"1024\" srcset=\"https:\/\/meterny.com\/wp-content\/uploads\/2024\/10\/METE-Series-Colour-151.png 900w, https:\/\/meterny.com\/wp-content\/uploads\/2024\/10\/METE-Series-Colour-151-300x300.png 300w, https:\/\/meterny.com\/wp-content\/uploads\/2024\/10\/METE-Series-Colour-151-150x150.png 150w, https:\/\/meterny.com\/wp-content\/uploads\/2024\/10\/METE-Series-Colour-151-768x768.png 768w, https:\/\/meterny.com\/wp-content\/uploads\/2024\/10\/METE-Series-Colour-151-600x600.png 600w, https:\/\/meterny.com\/wp-content\/uploads\/2024\/10\/METE-Series-Colour-151-100x100.png 100w\" sizes=\"auto, (max-width: 1024px) 100vw, 1024px\" \/><figcaption id=\"caption-attachment-20293\" class=\"wp-caption-text\">Entdecken Sie Meterny WPC-Boden - Neun atemberaubende Farboptionen f\u00fcr jeden Stil<\/figcaption><\/figure>\n<h3>Warum ein vielseitiger zweifarbiger Bodenbelag?<\/h3>\n<p id=\"\">Die Gr\u00fcnde, sich f\u00fcr einen vielseitigen zweifarbigen Bodenbelag zu entscheiden (wenn man davon ausgeht, dass es sich um eine Marke handelt, die ein zweifarbiges Design anbietet, wie z. B. VERSATile), lassen sich unter verschiedenen Aspekten erl\u00e4utern. Hier sind einige wichtige Gr\u00fcnde:<\/p>\n<h3>1. \u00c4sthetik und Personalisierung<\/h3>\n<ul>\n<li><strong>Zweifarbiges Design<\/strong>: Der vielseitige zweifarbige Bodenbelag verleiht einem Raum durch sein einzigartiges zweifarbiges Design Tiefe und visuelles Interesse. Dieses Design durchbricht nicht nur die Monotonie traditioneller einfarbiger Bodenbel\u00e4ge, sondern erg\u00e4nzt auch verschiedene Einrichtungsstile und verbessert die Gesamt\u00e4sthetik.<\/li>\n<li><strong>Mode und Neuheit<\/strong>: Zweifarbige Bodenbel\u00e4ge haben oft ein stilvolles und neuartiges Aussehen, das die Aufmerksamkeit der Menschen auf sich zieht und zu einem Highlight der Inneneinrichtung wird.<\/li>\n<\/ul>\n<h3>2. Langlebigkeit und Zweckm\u00e4\u00dfigkeit<\/h3>\n<ul>\n<li><strong>Hochwertige Materialien<\/strong>: Vielseitige zweifarbige Bodenbel\u00e4ge werden in der Regel aus hochwertigen Materialien hergestellt, die eine ausgezeichnete Verschlei\u00df-, Kratz- und Fleckenbest\u00e4ndigkeit aufweisen. Das bedeutet, dass der Bodenbelag seine Sch\u00f6nheit \u00fcber einen l\u00e4ngeren Zeitraum beibehalten kann, was die Wartungskosten reduziert.<\/li>\n<li><strong>Wasser- und Feuchtigkeitsbest\u00e4ndigkeit<\/strong>: Einige zweifarbige Bodenbel\u00e4ge, wie VERSATile, sind wasser- und feuchtigkeitsbest\u00e4ndig. Dies macht den Bodenbelag in feuchten Umgebungen stabil und verhindert Verformungen oder Schimmelbildung.<\/li>\n<\/ul>\n<h3>3. Einfache Installation und Wartung<\/h3>\n<ul>\n<li><strong>Bequeme Installation<\/strong>: Vielseitige zweifarbige Bodenbel\u00e4ge lassen sich oft einfach verlegen. Einige Marken verwenden innovative Verriegelungsmechanismen, die die Verlegung schneller und sicherer machen.<\/li>\n<li><strong>Einfache Reinigung<\/strong>: Die Oberfl\u00e4che von zweifarbigen Bodenbel\u00e4gen ist in der Regel leicht zu reinigen. Sie ben\u00f6tigen nur ein feuchtes Tuch oder einen Staubsauger, um Staub und Flecken zu entfernen.<\/li>\n<\/ul>\n<h3>4. Umweltfreundlichkeit und Nachhaltigkeit<\/h3>\n<ul>\n<li><strong>Umweltvertr\u00e4gliche Materialien<\/strong>: Viele zweifarbige Bodenbel\u00e4ge werden aus umweltfreundlichen Materialien wie recyceltem Holz oder Bambus hergestellt. Diese Materialien reduzieren den Verbrauch nat\u00fcrlicher Ressourcen und tragen zur Senkung der Kohlenstoffemissionen bei.<\/li>\n<li><strong>Nachhaltigkeit<\/strong>: Die Wahl eines umweltfreundlichen zweifarbigen Bodenbelags tr\u00e4gt zu einer nachhaltigen Entwicklung bei. Diese B\u00f6den minimieren die negativen Umweltauswirkungen w\u00e4hrend der Produktion, der Nutzung und der Entsorgung.<\/li>\n<\/ul>\n<h3>5. Vielf\u00e4ltige Anwendungen<\/h3>\n<ul>\n<li><strong>Breite Anwendbarkeit<\/strong>: Der vielseitige zweifarbige Bodenbelag eignet sich f\u00fcr verschiedene Innenr\u00e4ume, darunter Wohnungen, B\u00fcros, Gesch\u00e4fte und mehr. Seine vielf\u00e4ltigen Designs und Farboptionen entsprechen den Dekorationsbed\u00fcrfnissen unterschiedlicher Umgebungen.<\/li>\n<li><strong>Verbesserte Raumwahrnehmung<\/strong>: Zweifarbige Bodenbel\u00e4ge k\u00f6nnen die Raumwahrnehmung durch Farbkontraste und -abstimmung verbessern und lassen R\u00e4ume ger\u00e4umiger und heller erscheinen.<\/li>\n<\/ul>\n<p id=\"\">Zusammenfassend l\u00e4sst sich sagen, dass die Wahl eines vielseitigen zweifarbigen Bodenbelags zahlreiche Vorteile bietet, darunter \u00c4sthetik, Langlebigkeit, Praktikabilit\u00e4t, einfache Verlegung und Pflege sowie Umweltfreundlichkeit und Nachhaltigkeit. Diese Vorteile machen zweifarbige Bodenbel\u00e4ge f\u00fcr viele Menschen zu einer bevorzugten Wahl bei der Inneneinrichtung. Die Wahl der Marke und des Stils eines zweifarbigen Bodenbelags h\u00e4ngt jedoch von den pers\u00f6nlichen Vorlieben, dem Budget und den tats\u00e4chlichen Bed\u00fcrfnissen ab.<\/p>\n<\/div>","protected":false},"excerpt":{"rendered":"<p>Vielseitiger zweifarbiger Bodenbelag Nachhaltiger WPC-Bodenbelag Spezifikation Produktname: Vielseitiger zweifarbiger Bodenbelag Marke: Meterny Produkt\u00fcbersicht: Der vielseitige zweifarbige Bodenbelag kombiniert [...]<\/p>","protected":false},"featured_media":17402,"comment_status":"open","ping_status":"closed","template":"","meta":{"_uag_custom_page_level_css":"","site-sidebar-layout":"default","site-content-layout":"","ast-site-content-layout":"default","site-content-style":"default","site-sidebar-style":"default","ast-global-header-display":"","ast-banner-title-visibility":"","ast-main-header-display":"","ast-hfb-above-header-display":"","ast-hfb-below-header-display":"","ast-hfb-mobile-header-display":"","site-post-title":"","ast-breadcrumbs-content":"","ast-featured-img":"","footer-sml-layout":"","theme-transparent-header-meta":"default","adv-header-id-meta":"","stick-header-meta":"default","header-above-stick-meta":"","header-main-stick-meta":"","header-below-stick-meta":"","astra-migrate-meta-layouts":"set","ast-page-background-enabled":"default","ast-page-background-meta":{"desktop":{"background-color":"var(--ast-global-color-4)","background-image":"","background-repeat":"repeat","background-position":"center center","background-size":"auto","background-attachment":"scroll","background-type":"","background-media":"","overlay-type":"","overlay-color":"","overlay-opacity":"","overlay-gradient":""},"tablet":{"background-color":"","background-image":"","background-repeat":"repeat","background-position":"center center","background-size":"auto","background-attachment":"scroll","background-type":"","background-media":"","overlay-type":"","overlay-color":"","overlay-opacity":"","overlay-gradient":""},"mobile":{"background-color":"","background-image":"","background-repeat":"repeat","background-position":"center center","background-size":"auto","background-attachment":"scroll","background-type":"","background-media":"","overlay-type":"","overlay-color":"","overlay-opacity":"","overlay-gradient":""}},"ast-content-background-meta":{"desktop":{"background-color":"var(--ast-global-color-5)","background-image":"","background-repeat":"repeat","background-position":"center center","background-size":"auto","background-attachment":"scroll","background-type":"","background-media":"","overlay-type":"","overlay-color":"","overlay-opacity":"","overlay-gradient":""},"tablet":{"background-color":"var(--ast-global-color-5)","background-image":"","background-repeat":"repeat","background-position":"center center","background-size":"auto","background-attachment":"scroll","background-type":"","background-media":"","overlay-type":"","overlay-color":"","overlay-opacity":"","overlay-gradient":""},"mobile":{"background-color":"var(--ast-global-color-5)","background-image":"","background-repeat":"repeat","background-position":"center center","background-size":"auto","background-attachment":"scroll","background-type":"","background-media":"","overlay-type":"","overlay-color":"","overlay-opacity":"","overlay-gradient":""}}},"product_brand":[],"product_cat":[18],"product_tag":[182,181],"class_list":{"0":"post-20308","1":"product","2":"type-product","3":"status-publish","4":"has-post-thumbnail","6":"product_cat-uncategorized","7":"product_tag-wpc-decking","8":"product_tag-wpc-flooring","9":"desktop-align-center","10":"tablet-align-left","11":"mobile-align-left","12":"ast-product-gallery-layout-horizontal-slider","13":"ast-product-tabs-layout-vertical","15":"first","16":"instock","17":"featured","18":"shipping-taxable","19":"product-type-simple"},"uagb_featured_image_src":{"full":["https:\/\/meterny.com\/wp-content\/uploads\/2024\/03\/14-3.png",800,800,false],"thumbnail":["https:\/\/meterny.com\/wp-content\/uploads\/2024\/03\/14-3-150x150.png",150,150,true],"medium":["https:\/\/meterny.com\/wp-content\/uploads\/2024\/03\/14-3-300x300.png",300,300,true],"medium_large":["https:\/\/meterny.com\/wp-content\/uploads\/2024\/03\/14-3-768x768.png",768,768,true],"large":["https:\/\/meterny.com\/wp-content\/uploads\/2024\/03\/14-3.png",800,800,false],"1536x1536":["https:\/\/meterny.com\/wp-content\/uploads\/2024\/03\/14-3.png",800,800,false],"2048x2048":["https:\/\/meterny.com\/wp-content\/uploads\/2024\/03\/14-3.png",800,800,false],"trp-custom-language-flag":["https:\/\/meterny.com\/wp-content\/uploads\/2024\/03\/14-3.png",12,12,false],"woocommerce_thumbnail":["https:\/\/meterny.com\/wp-content\/uploads\/2024\/03\/14-3-300x300.png",300,300,true],"woocommerce_single":["https:\/\/meterny.com\/wp-content\/uploads\/2024\/03\/14-3-600x600.png",600,600,true],"woocommerce_gallery_thumbnail":["https:\/\/meterny.com\/wp-content\/uploads\/2024\/03\/14-3-100x100.png",100,100,true]},"uagb_author_info":{"display_name":"meterny","author_link":"https:\/\/meterny.com\/de\/author\/"},"uagb_comment_info":0,"uagb_excerpt":"Versatile Two-Tone Flooring Sustainable WPC Flooring Specification Product Name: Versatile Two-Tone Flooring Brand: Meterny Product Overview: Versatile Two-Tone Flooring combines [&hellip;]","_links":{"self":[{"href":"https:\/\/meterny.com\/de\/wp-json\/wp\/v2\/product\/20308","targetHints":{"allow":["GET"]}}],"collection":[{"href":"https:\/\/meterny.com\/de\/wp-json\/wp\/v2\/product"}],"about":[{"href":"https:\/\/meterny.com\/de\/wp-json\/wp\/v2\/types\/product"}],"replies":[{"embeddable":true,"href":"https:\/\/meterny.com\/de\/wp-json\/wp\/v2\/comments?post=20308"}],"wp:featuredmedia":[{"embeddable":true,"href":"https:\/\/meterny.com\/de\/wp-json\/wp\/v2\/media\/17402"}],"wp:attachment":[{"href":"https:\/\/meterny.com\/de\/wp-json\/wp\/v2\/media?parent=20308"}],"wp:term":[{"taxonomy":"product_brand","embeddable":true,"href":"https:\/\/meterny.com\/de\/wp-json\/wp\/v2\/product_brand?post=20308"},{"taxonomy":"product_cat","embeddable":true,"href":"https:\/\/meterny.com\/de\/wp-json\/wp\/v2\/product_cat?post=20308"},{"taxonomy":"product_tag","embeddable":true,"href":"https:\/\/meterny.com\/de\/wp-json\/wp\/v2\/product_tag?post=20308"}],"curies":[{"name":"wp","href":"https:\/\/api.w.org\/{rel}","templated":true}]}}