{"id":20827,"date":"2025-01-09T08:33:11","date_gmt":"2025-01-09T08:33:11","guid":{"rendered":"https:\/\/meterny.com\/?post_type=product&#038;p=20827"},"modified":"2025-01-13T08:50:33","modified_gmt":"2025-01-13T08:50:33","slug":"eco-friendly-choice-wpc-wall-panels","status":"publish","type":"product","link":"https:\/\/meterny.com\/de\/produkt\/eco-friendly-choice-wpc-wall-panels\/","title":{"rendered":"Umweltfreundliche Wahl - WPC-Wandpaneele: Der gr\u00fcne Wohntrend"},"content":{"rendered":"<div class=\"elementor-element elementor-element-c0e1d42 elementor-widget elementor-widget-heading\" data-id=\"c0e1d42\" data-element_type=\"widget\" data-widget_type=\"heading.default\">\n<div class=\"elementor-widget-container\">\n<h2 class=\"elementor-heading-title elementor-size-default\" style=\"text-align: center;\">Umweltfreundliche Wahl - WPC-Wandpaneele: Der gr\u00fcne Wohntrend - Spezifikation<\/h2>\n<\/div>\n<\/div>\n<div class=\"elementor-element elementor-element-1f676da elementor-widget elementor-widget-heading\" data-id=\"1f676da\" data-element_type=\"widget\" data-widget_type=\"heading.default\">\n<p id=\"\"><strong>Einf\u00fchrung<\/strong>:<br \/>\nWir stellen Ihnen unsere umweltfreundlichen WPC-Wandpaneele vor, die perfekte Mischung aus Natur und moderner Technologie, die einen Hauch von Gr\u00fcn in Ihr Zuhause bringen und gleichzeitig dessen \u00c4sthetik verbessern. Die aus hochwertigem Wood Plastic Composite (WPC) hergestellten Paneele sind nicht nur stilvoll, sondern auch umweltfreundlich und damit die ideale Wahl f\u00fcr umweltbewusste Hausbesitzer.<\/p>\n<p><strong>Modell<\/strong>: METE227H25<br \/>\n<strong>Typ<\/strong>: Umweltfreundliche Wahl WPC-Wandpaneele<br \/>\n<strong>Gr\u00f6\u00dfe<\/strong>: 227\u00d725mm<\/p>\n<p><strong>Oberfl\u00e4che<\/strong>: Gerade K\u00f6rner<br \/>\n<strong>L\u00e4nge<\/strong>2.9m oder kundenspezifisch<br \/>\n<strong>Material<\/strong>: Holz-Kunststoff-Verbundstoff<br \/>\n<strong>Produkt-Technologie<\/strong>: \u00d6ko-Extrusion<\/p>\n<hr \/>\n<h3><strong>Wesentliche Merkmale<\/strong>:<\/h3>\n<ol>\n<li><strong>Umweltfreundliches Material<\/strong>:\n<ul>\n<li>Unsere umweltfreundlichen WPC-Wandpaneele werden aus recycelten Holzfasern und Kunststoffen hergestellt, wodurch Abfall vermieden und Nachhaltigkeit gef\u00f6rdert wird.<\/li>\n<li>Sie sind 100% ungiftig und geben keine sch\u00e4dlichen Chemikalien ab, was ein sicheres Lebensumfeld f\u00fcr Sie und Ihre Familie gew\u00e4hrleistet.<\/li>\n<\/ul>\n<\/li>\n<li><strong>Strapazierf\u00e4higkeit und Langlebigkeit<\/strong>:\n<ul>\n<li>Unsere WPC-Wandpaneele wurden entwickelt, um dem Test der Zeit standzuhalten und sind resistent gegen Ausbleichen, Rissbildung und Verformung.<\/li>\n<li>Sie sind au\u00dferdem termitenresistent und feuchtigkeitsbest\u00e4ndig, so dass sie sich f\u00fcr verschiedene Anwendungen im Innen- und Au\u00dfenbereich eignen.<\/li>\n<\/ul>\n<\/li>\n<li><strong>Einfache Installation<\/strong>:\n<ul>\n<li>Sparen Sie Zeit und Geld mit unseren einfach zu montierenden umweltfreundlichen WPC-Wandpaneelen von Choice. Es sind keine speziellen Werkzeuge oder F\u00e4higkeiten erforderlich.<\/li>\n<li>Einfach zuschneiden, anbringen und im Handumdrehen eine neue, stilvolle Wand genie\u00dfen.<\/li>\n<\/ul>\n<\/li>\n<li><strong>Vielseitige Stile<\/strong>:\n<ul>\n<li>W\u00e4hlen Sie aus einer breiten Palette von Farben, Texturen und Oberfl\u00e4chen, die zu Ihrem pers\u00f6nlichen Stil und Ihrer Einrichtung passen.<\/li>\n<li>Mit unseren WPC-Wandpaneelen lassen sich besondere W\u00e4nde gestalten, architektonische Details betonen oder ganze R\u00e4ume verkleiden, um ein einheitliches Erscheinungsbild zu erzielen.<\/li>\n<\/ul>\n<\/li>\n<li><strong>Kosteng\u00fcnstig<\/strong>:\n<ul>\n<li>Genie\u00dfen Sie den Luxus einer hochwertigen Wanddekoration, ohne das Budget zu sprengen. Unsere WPC-Wandpaneele bieten ein au\u00dfergew\u00f6hnlich gutes Preis-Leistungs-Verh\u00e4ltnis.<\/li>\n<li>Au\u00dferdem sind sie wartungsarm, so dass Sie im Laufe der Zeit Geld f\u00fcr Reparaturen und Erneuerungen sparen.<\/li>\n<\/ul>\n<\/li>\n<\/ol>\n<hr \/>\n<h3><strong>Produktspezifikationen<\/strong>:<\/h3>\n<ul>\n<li><strong>Material<\/strong>: Holz-Kunststoff-Verbundstoff (WPC)<\/li>\n<li><strong>Abmessungen<\/strong>: 135*119*23mm\/217*201*28mm\/227*210*25mm<\/li>\n<li><strong>Dicke<\/strong>: 23\/25\/28mm<\/li>\n<li><strong>Gewicht<\/strong>: 3kg\/Meter<\/li>\n<li><strong>Farboptionen<\/strong>: schwarz\/teak\/braun\/double color<\/li>\n<li><strong>Ausf\u00fchrungsoptionen<\/strong>: 3d Holzmaserung<\/li>\n<li><strong>Einbauverfahren<\/strong>: Nut und Feder, Klippsystem, etc.<\/li>\n<li><strong>Garantie<\/strong>: mehr als 10 Jahre<\/li>\n<\/ul>\n<h3>Wenn Sie weitere Einzelheiten erfahren m\u00f6chten, klicken Sie bitte auf den Link zu you tube:<a href=\"https:\/\/youtu.be\/tvSl5yo4US0\" target=\"_blank\" rel=\"noopener\">https:\/\/youtu.be\/tvSl5yo4US0<\/a><\/h3>\n<h3><\/h3>\n<h3>Galerie<\/h3>\n<figure id=\"attachment_17359\" aria-describedby=\"caption-attachment-17359\" style=\"width: 1024px\" class=\"wp-caption alignnone\"><img loading=\"lazy\" decoding=\"async\" class=\"wp-image-17359\" src=\"https:\/\/meterny.com\/wp-content\/uploads\/2024\/04\/60.png\" alt=\"Dekorative WPC-Wandpaneele f\u00fcr den Au\u00dfenbereich\" width=\"1024\" height=\"1025\" srcset=\"https:\/\/meterny.com\/wp-content\/uploads\/2024\/04\/60.png 734w, https:\/\/meterny.com\/wp-content\/uploads\/2024\/04\/60-300x300.png 300w, https:\/\/meterny.com\/wp-content\/uploads\/2024\/04\/60-150x150.png 150w, https:\/\/meterny.com\/wp-content\/uploads\/2024\/04\/60-600x601.png 600w, https:\/\/meterny.com\/wp-content\/uploads\/2024\/04\/60-100x100.png 100w\" sizes=\"auto, (max-width: 1024px) 100vw, 1024px\" \/><figcaption id=\"caption-attachment-17359\" class=\"wp-caption-text\">Verleihen Sie Ihrem Au\u00dfenbereich Stil mit dekorativen WPC-Paneelen.<\/figcaption><\/figure>\n<figure id=\"attachment_17360\" aria-describedby=\"caption-attachment-17360\" style=\"width: 1024px\" class=\"wp-caption alignnone\"><img loading=\"lazy\" decoding=\"async\" class=\"wp-image-17360\" src=\"https:\/\/meterny.com\/wp-content\/uploads\/2024\/04\/63.png\" alt=\"WPC-Wandpaneele f\u00fcr Au\u00dfenverkleidungen\" width=\"1024\" height=\"1024\" srcset=\"https:\/\/meterny.com\/wp-content\/uploads\/2024\/04\/63.png 800w, https:\/\/meterny.com\/wp-content\/uploads\/2024\/04\/63-300x300.png 300w, https:\/\/meterny.com\/wp-content\/uploads\/2024\/04\/63-150x150.png 150w, https:\/\/meterny.com\/wp-content\/uploads\/2024\/04\/63-768x768.png 768w, https:\/\/meterny.com\/wp-content\/uploads\/2024\/04\/63-600x600.png 600w, https:\/\/meterny.com\/wp-content\/uploads\/2024\/04\/63-100x100.png 100w\" sizes=\"auto, (max-width: 1024px) 100vw, 1024px\" \/><figcaption id=\"caption-attachment-17360\" class=\"wp-caption-text\">Wetterfeste WPC-Wandpaneele f\u00fcr Au\u00dfenverkleidungen<\/figcaption><\/figure>\n<figure id=\"attachment_17355\" aria-describedby=\"caption-attachment-17355\" style=\"width: 1024px\" class=\"wp-caption alignnone\"><img loading=\"lazy\" decoding=\"async\" class=\"wp-image-17355\" src=\"https:\/\/meterny.com\/wp-content\/uploads\/2024\/04\/28.png\" alt=\"Dekorative WPC-Wandplatte\" width=\"1024\" height=\"1024\" srcset=\"https:\/\/meterny.com\/wp-content\/uploads\/2024\/04\/28.png 800w, https:\/\/meterny.com\/wp-content\/uploads\/2024\/04\/28-300x300.png 300w, https:\/\/meterny.com\/wp-content\/uploads\/2024\/04\/28-150x150.png 150w, https:\/\/meterny.com\/wp-content\/uploads\/2024\/04\/28-768x768.png 768w, https:\/\/meterny.com\/wp-content\/uploads\/2024\/04\/28-600x600.png 600w, https:\/\/meterny.com\/wp-content\/uploads\/2024\/04\/28-100x100.png 100w\" sizes=\"auto, (max-width: 1024px) 100vw, 1024px\" \/><figcaption id=\"caption-attachment-17355\" class=\"wp-caption-text\">Elegante dekorative WPC-Wandplatte, die Ihren Raum aufwertet<\/figcaption><\/figure>\n<\/div>\n<div class=\"elementor-element elementor-element-1f676da elementor-widget elementor-widget-heading\" data-id=\"1f676da\" data-element_type=\"widget\" data-widget_type=\"heading.default\">\n<h3><strong>Produkt-Beschreibung: Umweltfreundliche Wahl WPC-Wandpaneele<\/strong><\/h3>\n<hr \/>\n<p id=\"\"><strong>Setzen Sie auf Nachhaltigkeit und Stil mit umweltfreundlichen WPC-Wandpaneelen<\/strong><\/p>\n<p id=\"\">Verwandeln Sie Ihren Wohnraum mit unseren umweltfreundlichen WPC-Wandpaneelen, der ultimativen Verschmelzung von umweltbewusstem Design und moderner \u00c4sthetik. Diese innovativen Paneele aus hochwertigem Wood Plastic Composite (WPC) sind nicht nur stilvoll und langlebig, sondern auch umweltfreundlich und damit die perfekte Wahl f\u00fcr Hausbesitzer, die Wert auf Nachhaltigkeit und Sch\u00f6nheit legen.<\/p>\n<p id=\"\"><strong>Umweltfreundliches Material<\/strong><br \/>\nUnsere umweltfreundlichen WPC-Wandpaneele werden aus einer Mischung aus recycelten Holzfasern und Kunststoffen hergestellt, wodurch Abfall reduziert und eine nachhaltigere Zukunft gef\u00f6rdert wird. Dieses umweltfreundliche Material ist 100% ungiftig und gibt keine sch\u00e4dlichen Chemikalien ab, was eine sichere und gesunde Lebensumgebung f\u00fcr Sie und Ihre Familie gew\u00e4hrleistet.<\/p>\n<p id=\"\"><strong>Dauerhaftigkeit und Langlebigkeit<\/strong><br \/>\nUnsere umweltfreundlichen WPC-Wandpaneele wurden entwickelt, um den Unbilden des Alltags standzuhalten, und sind \u00e4u\u00dferst widerstandsf\u00e4hig gegen Ausbleichen, Rissbildung und Verziehen. Sie sind au\u00dferdem termitenresistent und feuchtigkeitsbest\u00e4ndig, was sie ideal f\u00fcr verschiedene Anwendungen im Innen- und Au\u00dfenbereich macht. Ganz gleich, ob Sie Ihr Wohnzimmer, Ihre K\u00fcche, Ihr Badezimmer oder Ihre Terrasse versch\u00f6nern m\u00f6chten, unsere Eco-Friendly Choice WPC-Wandpaneele sind der Aufgabe gewachsen.<\/p>\n<p id=\"\"><strong>Einfache Installation und Wartung<\/strong><br \/>\nVerabschieden Sie sich von komplizierten Installationen und hohen Wartungskosten. Unsere WPC-Wandpaneele sind so konzipiert, dass sie leicht zu montieren sind und keine speziellen Werkzeuge oder F\u00e4higkeiten erfordern. Schneiden Sie sie einfach zu, bringen Sie sie an und genie\u00dfen Sie Ihre neue, stilvolle Wand im Handumdrehen. Und dank des wartungsarmen Designs sparen Sie im Laufe der Zeit Geld f\u00fcr Reparaturen und Ersatzbeschaffungen.<\/p>\n<p id=\"\"><strong>Vielseitige Stile und Ausf\u00fchrungen<\/strong><br \/>\nW\u00e4hlen Sie aus einer breiten Palette von Farben, Strukturen und Oberfl\u00e4chen, die zu Ihrem pers\u00f6nlichen Stil und Ihrer Wohnungseinrichtung passen. Mit unseren WPC-Wandpaneelen k\u00f6nnen Sie besondere W\u00e4nde gestalten, architektonische Details betonen oder ganze R\u00e4ume verkleiden, um ein einheitliches Erscheinungsbild zu erzielen. Ganz gleich, ob Sie eine schlichte und moderne \u00c4sthetik oder einen eher rustikalen und traditionellen Charme bevorzugen, wir haben den passenden Stil f\u00fcr Sie.<\/p>\n<p id=\"\"><strong>Kosteneffiziente L\u00f6sung<\/strong><br \/>\nGenie\u00dfen Sie den Luxus einer hochwertigen Wanddekoration, ohne das Budget zu sprengen. Unsere WPC-Wandpaneele bieten ein hervorragendes Preis-Leistungs-Verh\u00e4ltnis und sind eine stilvolle und nachhaltige L\u00f6sung, die Ihr Budget nicht \u00fcberstrapaziert. Und dank der langen Haltbarkeit und des pflegeleichten Designs haben Sie \u00fcber Jahre hinweg den gr\u00f6\u00dften Nutzen aus Ihrer Investition.<\/p>\n<h3>Farben Optionen<\/h3>\n<figure id=\"attachment_20293\" aria-describedby=\"caption-attachment-20293\" style=\"width: 1024px\" class=\"wp-caption alignnone\"><img loading=\"lazy\" decoding=\"async\" class=\"wp-image-20293\" src=\"https:\/\/meterny.com\/wp-content\/uploads\/2024\/10\/METE-Series-Colour-151.png\" alt=\"Meterny WPC-Zaun Farboptionen\" width=\"1024\" height=\"1024\" srcset=\"https:\/\/meterny.com\/wp-content\/uploads\/2024\/10\/METE-Series-Colour-151.png 900w, https:\/\/meterny.com\/wp-content\/uploads\/2024\/10\/METE-Series-Colour-151-300x300.png 300w, https:\/\/meterny.com\/wp-content\/uploads\/2024\/10\/METE-Series-Colour-151-150x150.png 150w, https:\/\/meterny.com\/wp-content\/uploads\/2024\/10\/METE-Series-Colour-151-768x768.png 768w, https:\/\/meterny.com\/wp-content\/uploads\/2024\/10\/METE-Series-Colour-151-600x600.png 600w, https:\/\/meterny.com\/wp-content\/uploads\/2024\/10\/METE-Series-Colour-151-100x100.png 100w\" sizes=\"auto, (max-width: 1024px) 100vw, 1024px\" \/><figcaption id=\"caption-attachment-20293\" class=\"wp-caption-text\">Entdecken Sie Meterny WPC-Zaun - Neun atemberaubende Farboptionen f\u00fcr jeden Stil<\/figcaption><\/figure>\n<h3><strong>Warum sollten Sie sich f\u00fcr die umweltfreundlichen WPC-Wandpaneele entscheiden?<\/strong><\/h3>\n<p id=\"\">Die Wahl von umweltfreundlichen WPC-Wandpaneelen ist aus mehreren \u00fcberzeugenden Gr\u00fcnden eine kluge Entscheidung:<\/p>\n<ol>\n<li>\n<p id=\"\"><strong>Verantwortung f\u00fcr die Umwelt<\/strong>: Unsere WPC-Wandpaneele werden aus einer Mischung aus recycelten Holzfasern und Kunststoffen hergestellt, wodurch der Abfall erheblich reduziert und eine nachhaltigere und umweltfreundlichere Zukunft gef\u00f6rdert wird. Wenn Sie sich f\u00fcr diese Paneele entscheiden, leisten Sie einen Beitrag zur Erhaltung der nat\u00fcrlichen Ressourcen und reduzieren Ihren CO2-Fu\u00dfabdruck.<\/p>\n<\/li>\n<li>\n<p id=\"\"><strong>Dauerhaftigkeit und Langlebigkeit<\/strong>: Umweltfreundliche Wahl WPC-Wandpaneele sind so konzipiert, dass sie den Unbilden des t\u00e4glichen Lebens standhalten. Sie sind \u00e4u\u00dferst widerstandsf\u00e4hig gegen Ausbleichen, Rissbildung und Verformung, au\u00dferdem sind sie termitenresistent und feuchtigkeitsbest\u00e4ndig. So ist sichergestellt, dass Ihre Wandpaneele \u00fcber Jahre hinweg gut aussehen und funktionieren, so dass sie nicht so h\u00e4ufig ausgetauscht werden m\u00fcssen.<\/p>\n<\/li>\n<li>\n<p id=\"\"><strong>Einfache Installation und geringe Wartung<\/strong>: Unsere WPC-Wandpaneele sind so konzipiert, dass sie leicht zu montieren sind und keine speziellen Werkzeuge oder F\u00e4higkeiten erfordern. Das macht es einfach und schnell, das Aussehen Ihres Hauses zu verbessern. Und dank des wartungsarmen Designs sparen Sie im Laufe der Zeit Geld und Zeit f\u00fcr Reparaturen und Ersatz.<\/p>\n<\/li>\n<li>\n<p id=\"\"><strong>Vielseitige Stile und Ausf\u00fchrungen<\/strong>: Ganz gleich, ob Sie eine schlichte und moderne \u00c4sthetik oder einen eher rustikalen und traditionellen Charme bevorzugen, unsere WPC-Wandpaneele gibt es in einer breiten Palette von Farben, Texturen und Oberfl\u00e4chen, die zu Ihrem pers\u00f6nlichen Stil und Ihrer Wohnungseinrichtung passen. Diese Vielseitigkeit erm\u00f6glicht es Ihnen, ein einzigartiges und stimmiges Erscheinungsbild zu schaffen, das Ihre Pers\u00f6nlichkeit widerspiegelt.<\/p>\n<\/li>\n<li>\n<p id=\"\"><strong>Kosteneffiziente L\u00f6sung<\/strong>: Die umweltfreundliche Wahl WPC-Wandpaneele bieten ein hervorragendes Preis-Leistungs-Verh\u00e4ltnis. Sie bieten eine stilvolle und nachhaltige L\u00f6sung, die Ihr Budget nicht \u00fcberstrapaziert. Und dank ihrer Langlebigkeit und ihres pflegeleichten Designs haben Sie \u00fcber Jahre hinweg den gr\u00f6\u00dften Nutzen aus Ihrer Investition.<\/p>\n<\/li>\n<li>\n<p id=\"\"><strong>Gesundheit und Sicherheit<\/strong>: Unsere WPC-Wandpaneele sind 100% ungiftig und geben keine sch\u00e4dlichen Chemikalien ab, was eine sichere und gesunde Wohnumgebung f\u00fcr Sie und Ihre Familie gew\u00e4hrleistet. Dies ist besonders wichtig f\u00fcr Menschen mit Allergien oder Empfindlichkeiten gegen\u00fcber Chemikalien, die \u00fcblicherweise in herk\u00f6mmlichen Wandmaterialien enthalten sind.<\/p>\n<\/li>\n<\/ol>\n<p id=\"\">Zusammenfassend l\u00e4sst sich sagen, dass die Wahl von Eco-Friendly Choice WPC-Wandpaneelen eine kluge Entscheidung f\u00fcr jeden ist, der die Sch\u00f6nheit und Funktionalit\u00e4t seines Hauses verbessern und gleichzeitig einen Beitrag zur \u00f6kologischen Nachhaltigkeit, zum Geldsparen und zur F\u00f6rderung einer gesunden Lebensumgebung leisten m\u00f6chte.<\/p>\n<\/div>","protected":false},"excerpt":{"rendered":"<p>\u00dcberlegene Qualit\u00e4t: Diese aus hochwertigen Materialien gefertigte WPC-Au\u00dfenplatte bietet Schutz vor den Elementen.<\/p>\n<p>Elegantes Design: Erh\u00f6hen Sie das \u00c4u\u00dfere Ihrer Immobilie mit eleganten und modernen Verkleidungen, die jeden architektonischen Stil erg\u00e4nzen.<\/p>\n<p>Einfache Installation: Es ist f\u00fcr eine problemlose Installation konzipiert, die Ihnen Zeit und M\u00fche erspart.<\/p>\n<p>Vielseitig: Ob f\u00fcr Wohn- oder Gewerbeimmobilien, dieses WPC-Paneel ist perfekt f\u00fcr alle Au\u00dfenverkleidungen geeignet.<\/p>\n<p>Umweltfreundlich: Hergestellt aus nachhaltigen Materialien, ist es die umweltbewusste Wahl f\u00fcr Ihre Au\u00dfengestaltung.<\/p>","protected":false},"featured_media":20795,"comment_status":"open","ping_status":"closed","template":"","meta":{"_uag_custom_page_level_css":"","site-sidebar-layout":"default","site-content-layout":"","ast-site-content-layout":"default","site-content-style":"default","site-sidebar-style":"default","ast-global-header-display":"","ast-banner-title-visibility":"","ast-main-header-display":"","ast-hfb-above-header-display":"","ast-hfb-below-header-display":"","ast-hfb-mobile-header-display":"","site-post-title":"","ast-breadcrumbs-content":"","ast-featured-img":"","footer-sml-layout":"","theme-transparent-header-meta":"default","adv-header-id-meta":"","stick-header-meta":"default","header-above-stick-meta":"","header-main-stick-meta":"","header-below-stick-meta":"","astra-migrate-meta-layouts":"set","ast-page-background-enabled":"default","ast-page-background-meta":{"desktop":{"background-color":"var(--ast-global-color-4)","background-image":"","background-repeat":"repeat","background-position":"center center","background-size":"auto","background-attachment":"scroll","background-type":"","background-media":"","overlay-type":"","overlay-color":"","overlay-opacity":"","overlay-gradient":""},"tablet":{"background-color":"","background-image":"","background-repeat":"repeat","background-position":"center center","background-size":"auto","background-attachment":"scroll","background-type":"","background-media":"","overlay-type":"","overlay-color":"","overlay-opacity":"","overlay-gradient":""},"mobile":{"background-color":"","background-image":"","background-repeat":"repeat","background-position":"center center","background-size":"auto","background-attachment":"scroll","background-type":"","background-media":"","overlay-type":"","overlay-color":"","overlay-opacity":"","overlay-gradient":""}},"ast-content-background-meta":{"desktop":{"background-color":"var(--ast-global-color-5)","background-image":"","background-repeat":"repeat","background-position":"center center","background-size":"auto","background-attachment":"scroll","background-type":"","background-media":"","overlay-type":"","overlay-color":"","overlay-opacity":"","overlay-gradient":""},"tablet":{"background-color":"var(--ast-global-color-5)","background-image":"","background-repeat":"repeat","background-position":"center center","background-size":"auto","background-attachment":"scroll","background-type":"","background-media":"","overlay-type":"","overlay-color":"","overlay-opacity":"","overlay-gradient":""},"mobile":{"background-color":"var(--ast-global-color-5)","background-image":"","background-repeat":"repeat","background-position":"center center","background-size":"auto","background-attachment":"scroll","background-type":"","background-media":"","overlay-type":"","overlay-color":"","overlay-opacity":"","overlay-gradient":""}}},"product_brand":[],"product_cat":[175],"product_tag":[184,180],"class_list":{"0":"post-20827","1":"product","2":"type-product","3":"status-publish","4":"has-post-thumbnail","6":"product_cat-exterior-wpc-wall","7":"product_tag-wpc-wall-exterior","8":"product_tag-wpc-wall-panel","9":"desktop-align-center","10":"tablet-align-left","11":"mobile-align-left","12":"ast-product-gallery-layout-horizontal-slider","13":"ast-product-tabs-layout-vertical","15":"first","16":"instock","17":"shipping-taxable","18":"product-type-simple"},"uagb_featured_image_src":{"full":["https:\/\/meterny.com\/wp-content\/uploads\/2024\/04\/227H25-TEAK1-300x300-2.png",300,300,false],"thumbnail":["https:\/\/meterny.com\/wp-content\/uploads\/2024\/04\/227H25-TEAK1-300x300-2-150x150.png",150,150,true],"medium":["https:\/\/meterny.com\/wp-content\/uploads\/2024\/04\/227H25-TEAK1-300x300-2.png",300,300,false],"medium_large":["https:\/\/meterny.com\/wp-content\/uploads\/2024\/04\/227H25-TEAK1-300x300-2.png",300,300,false],"large":["https:\/\/meterny.com\/wp-content\/uploads\/2024\/04\/227H25-TEAK1-300x300-2.png",300,300,false],"1536x1536":["https:\/\/meterny.com\/wp-content\/uploads\/2024\/04\/227H25-TEAK1-300x300-2.png",300,300,false],"2048x2048":["https:\/\/meterny.com\/wp-content\/uploads\/2024\/04\/227H25-TEAK1-300x300-2.png",300,300,false],"trp-custom-language-flag":["https:\/\/meterny.com\/wp-content\/uploads\/2024\/04\/227H25-TEAK1-300x300-2.png",12,12,false],"woocommerce_thumbnail":["https:\/\/meterny.com\/wp-content\/uploads\/2024\/04\/227H25-TEAK1-300x300-2.png",300,300,false],"woocommerce_single":["https:\/\/meterny.com\/wp-content\/uploads\/2024\/04\/227H25-TEAK1-300x300-2.png",300,300,false],"woocommerce_gallery_thumbnail":["https:\/\/meterny.com\/wp-content\/uploads\/2024\/04\/227H25-TEAK1-300x300-2-100x100.png",100,100,true]},"uagb_author_info":{"display_name":"meterny","author_link":"https:\/\/meterny.com\/de\/author\/"},"uagb_comment_info":0,"uagb_excerpt":"Superior Quality: Crafted from premium materials, this WPC Exterior panel offers protection against the elements. Stylish Design: Elevate the exterior of your property with sleek and modern cladding that complements any architectural style. Easy Installation: It is designed for hassle-free installation, saving you time and effort. Versatile: Whether it's for residential or commercial properties, This&hellip;","_links":{"self":[{"href":"https:\/\/meterny.com\/de\/wp-json\/wp\/v2\/product\/20827","targetHints":{"allow":["GET"]}}],"collection":[{"href":"https:\/\/meterny.com\/de\/wp-json\/wp\/v2\/product"}],"about":[{"href":"https:\/\/meterny.com\/de\/wp-json\/wp\/v2\/types\/product"}],"replies":[{"embeddable":true,"href":"https:\/\/meterny.com\/de\/wp-json\/wp\/v2\/comments?post=20827"}],"wp:featuredmedia":[{"embeddable":true,"href":"https:\/\/meterny.com\/de\/wp-json\/wp\/v2\/media\/20795"}],"wp:attachment":[{"href":"https:\/\/meterny.com\/de\/wp-json\/wp\/v2\/media?parent=20827"}],"wp:term":[{"taxonomy":"product_brand","embeddable":true,"href":"https:\/\/meterny.com\/de\/wp-json\/wp\/v2\/product_brand?post=20827"},{"taxonomy":"product_cat","embeddable":true,"href":"https:\/\/meterny.com\/de\/wp-json\/wp\/v2\/product_cat?post=20827"},{"taxonomy":"product_tag","embeddable":true,"href":"https:\/\/meterny.com\/de\/wp-json\/wp\/v2\/product_tag?post=20827"}],"curies":[{"name":"wp","href":"https:\/\/api.w.org\/{rel}","templated":true}]}}