{"id":20835,"date":"2025-01-10T06:20:39","date_gmt":"2025-01-10T06:20:39","guid":{"rendered":"https:\/\/meterny.com\/?post_type=product&#038;p=20835"},"modified":"2025-01-13T08:46:30","modified_gmt":"2025-01-13T08:46:30","slug":"flame-retardant-wpc-wall-panel","status":"publish","type":"product","link":"https:\/\/meterny.com\/de\/produkt\/flame-retardant-wpc-wall-panel\/","title":{"rendered":"Flammhemmende Wpc-Wandplatte mit geringem Wartungsaufwand"},"content":{"rendered":"<div class=\"elementor-element elementor-element-c0e1d42 elementor-widget elementor-widget-heading\" data-id=\"c0e1d42\" data-element_type=\"widget\" data-widget_type=\"heading.default\">\n<div class=\"elementor-widget-container\"><\/div>\n<\/div>\n<div class=\"elementor-element elementor-element-1f676da elementor-widget elementor-widget-heading\" data-id=\"1f676da\" data-element_type=\"widget\" data-widget_type=\"heading.default\">\n<h2>Produktname: Flammenhemmende Wpc-Wandplatte<\/h2>\n<p>&nbsp;<\/p>\n<p><strong style=\"font-size: 1.5em;\">Produktspezifikationen<\/strong><span style=\"font-size: 1.5em; font-weight: bold;\">:<\/span><\/p>\n<ul>\n<li><strong>Material<\/strong>: Holz-Kunststoff-Verbundstoff (WPC)<\/li>\n<li><strong>Abmessungen<\/strong>: 135*119*23mm\/217*201*28mm\/227*210*25mm, mit kundenspezifischen Anpassungen je nach Kundenwunsch.<\/li>\n<li><strong>Dicke<\/strong>: 23\/25\/28mm<\/li>\n<li><strong>Gewicht<\/strong>: 3kg\/Meter<\/li>\n<li><strong>Farboptionen<\/strong>: Erh\u00e4ltlich in einer Vielzahl von Farben wie Palisander, Kaffee, Hellgrau, Braun, Schwarz usw., mit verschiedenen Texturen wie Holzmaserung, Tapete, Marmor, usw.<\/li>\n<li><strong>Ausf\u00fchrungsoptionen<\/strong>: 3d Holzmaserung<\/li>\n<li><strong>Einbauverfahren<\/strong>: Nut und Feder, Klippsystem, etc.<\/li>\n<li><strong>Garantie<\/strong>: mehr als 10 Jahre<\/li>\n<\/ul>\n<h2 class=\"\">Produkt Material<\/h2>\n<div class=\"paragraph\">Besteht haupts\u00e4chlich aus Holzfasern und thermoplastischen Polymeren, z. B. 35% HDPE + 60% Holzfasern + 5% Additive. Einige Produkte k\u00f6nnen auch Calciumcarbonat und andere Bestandteile enthalten.<\/div>\n<h2 class=\"\">Produktmerkmale<\/h2>\n<ul>\n<li>\n<div class=\"paragraph\"><strong class=\"\">Feuerbest\u00e4ndigkeit<\/strong>: Verf\u00fcgt \u00fcber eine ausgezeichnete hohe Feuerbest\u00e4ndigkeit, ist selbstl\u00f6schend und setzt keine giftigen Gase frei, wenn es einem Feuer ausgesetzt ist, mit einer Feuerbest\u00e4ndigkeitsklasse von B1.<\/div>\n<\/li>\n<li>\n<div class=\"paragraph\"><strong class=\"\">Wasserdicht und feuchtigkeitsabweisend<\/strong>: Vollst\u00e4ndig wasserdicht, verformt sich nicht, verrottet nicht und bildet keinen Schimmel in feuchten Umgebungen, so dass es sich f\u00fcr den Einsatz in K\u00fcchen, Badezimmern und anderen Feuchtr\u00e4umen eignet.<\/div>\n<\/li>\n<li>\n<div class=\"paragraph\"><strong class=\"\">Insektenresistent<\/strong>: Das Material selbst hat insektenabweisende Eigenschaften, so dass die Gefahr eines Insektenbefalls ausgeschlossen ist.<\/div>\n<\/li>\n<li>\n<div class=\"paragraph\"><strong class=\"\">Hohe Festigkeit und Langlebigkeit<\/strong>: Bietet eine hohe Festigkeit und H\u00e4rte, ist verschlei\u00df- und rissfest, widersteht verschiedenen Umwelteinfl\u00fcssen und hat eine lange Nutzungsdauer.<\/div>\n<\/li>\n<li>\n<div class=\"paragraph\"><strong class=\"\">Anpassungsf\u00e4higkeit an die Temperatur<\/strong>: Bleibt sowohl im hei\u00dfen Sommer als auch im kalten Winter stabil und widersteht extremen Temperaturschwankungen.<\/div>\n<\/li>\n<li>\n<div class=\"paragraph\"><strong class=\"\">Umweltfreundlichkeit<\/strong>: Enth\u00e4lt kein Benzol, Formaldehyd oder andere sch\u00e4dliche Stoffe, wodurch die Luftverschmutzung nicht verschlimmert wird, und ist recycelbar, was im Einklang mit der globalen Politik der nachhaltigen Entwicklung steht.<\/div>\n<\/li>\n<li>\n<div class=\"paragraph\"><strong class=\"\">Einfache Verarbeitung und Installation<\/strong>: Es l\u00e4sst sich so einfach wie Holz verarbeiten, kann ges\u00e4gt, gehobelt, verleimt usw. werden und ist sehr bequem zu verlegen, was eine einfache Montage mit Zubeh\u00f6r erm\u00f6glicht.<\/div>\n<\/li>\n<li>\n<div class=\"paragraph\"><strong class=\"\">Schalld\u00e4mmung und Energieeinsparung<\/strong>: Hervorragende Schallabsorption tr\u00e4gt zur Schaffung eines ruhigen Raumklimas bei und macht den Raum energieeffizienter.<\/div>\n<\/li>\n<\/ul>\n<h2 class=\"\">Anwendungsszenarien<\/h2>\n<ul>\n<li>\n<div class=\"paragraph\"><strong class=\"\">Innenr\u00e4ume<\/strong>: Geeignet f\u00fcr die Wanddekoration in Wohn-, Schlaf- und Esszimmern, B\u00fcros usw., um besondere W\u00e4nde zu schaffen, architektonische Elemente hervorzuheben oder dem Gesamtdesign einen eleganten Touch zu verleihen.<\/div>\n<\/li>\n<li>\n<div class=\"paragraph\"><strong class=\"\">Freir\u00e4ume<\/strong>: Es eignet sich f\u00fcr die Au\u00dfendekoration von Geb\u00e4uden, Rastpl\u00e4tzen im Freien usw. und ist aufgrund seiner Best\u00e4ndigkeit gegen Witterungseinfl\u00fcsse, ultraviolette Strahlung und Feuchtigkeit eine zuverl\u00e4ssige Wahl f\u00fcr die Versch\u00f6nerung von Wohn- und Gesch\u00e4ftsgeb\u00e4uden.<\/div>\n<\/li>\n<\/ul>\n<h2 class=\"\">Kundendienst<\/h2>\n<ul>\n<li>\n<div class=\"paragraph\"><strong>Technische Unterst\u00fctzung<\/strong>: Bietet online technische Unterst\u00fctzung.<\/div>\n<\/li>\n<li>\n<div class=\"paragraph\"><strong class=\"\">Musterdienst<\/strong>: Bietet Muster zu wettbewerbsf\u00e4higen DHL- und FedEx-Preisen an.<\/div>\n<\/li>\n<li>\n<div class=\"paragraph\"><strong class=\"\">Versanddienst<\/strong>: Unterst\u00fctzt wettbewerbsf\u00e4hige Seefrachtdienste.<\/div>\n<\/li>\n<\/ul>\n<h2 class=\"\">Produktvorteile<\/h2>\n<ul>\n<li>\n<div class=\"paragraph\"><strong class=\"\">Keine Formaldehyd-Emissionen<\/strong>: Dieses haupts\u00e4chlich aus WPC hergestellte Verbundmaterial ist umweltfreundlich und tr\u00e4gt zur Verbesserung der Luftqualit\u00e4t in Innenr\u00e4umen bei und erf\u00fcllt die internationalen Umweltanforderungen und -vorschriften.<\/div>\n<\/li>\n<li>\n<div class=\"paragraph\"><strong class=\"\">\u00c4sthetischer Wert<\/strong>: Erh\u00f6ht den \u00e4sthetischen Wert, f\u00fcgt sich harmonisch in verschiedene architektonische Stile ein und ist in einer Vielzahl von Farben, Texturen und Mustern erh\u00e4ltlich, die das Aussehen von nat\u00fcrlichem Holz imitieren oder moderne 3D-Effekte aufweisen k\u00f6nnen.<\/div>\n<\/li>\n<li>\n<div class=\"paragraph\"><strong class=\"\">Dauerhaftigkeit<\/strong>: Da es sich um ein Verbundmaterial handelt, nimmt es kein Wasser auf, verrottet nicht und wird nicht durch Insekten besch\u00e4digt. Es hat eine l\u00e4ngere Lebensdauer als herk\u00f6mmliche Materialien und erfordert fast keine Wartung.<\/div>\n<\/li>\n<li>\n<div class=\"paragraph\"><strong class=\"\">Einfacher Einbau<\/strong>: Der Installationsprozess ist einfach und spart Zeit und M\u00fche.<\/div>\n<\/li>\n<\/ul>\n<h2 class=\"\">Verpackung und Versand<\/h2>\n<div class=\"paragraph\">In der Regel in Kartons verpackt, bequem f\u00fcr den Transport, und kann die Versandanforderungen der verschiedenen Kunden zu erf\u00fcllen.<\/div>\n<div><\/div>\n<h3>\u00a0Wenn Sie weitere Einzelheiten erfahren m\u00f6chten, klicken Sie bitte auf diesen Link zu youtube:<a href=\"https:\/\/youtu.be\/tvSl5yo4US0\" target=\"_blank\" rel=\"noopener\">https:\/\/youtu.be\/tvSl5yo4US0<\/a><\/h3>\n<p>&nbsp;<\/p>\n<h3>Galerie<\/h3>\n<p>Flammhemmende Wpc-Wandplatte<\/p>\n<figure id=\"attachment_18295\" aria-describedby=\"caption-attachment-18295\" style=\"width: 1024px\" class=\"wp-caption alignnone\"><img loading=\"lazy\" decoding=\"async\" class=\"wp-image-18295\" src=\"https:\/\/meterny.com\/wp-content\/uploads\/2024\/10\/image711.jpg\" alt=\"Anpassbare WPC-Wandkunst-Paneele\" width=\"1024\" height=\"404\" srcset=\"https:\/\/meterny.com\/wp-content\/uploads\/2024\/10\/image711.jpg 1520w, https:\/\/meterny.com\/wp-content\/uploads\/2024\/10\/image711-300x118.jpg 300w, https:\/\/meterny.com\/wp-content\/uploads\/2024\/10\/image711-1024x404.jpg 1024w, https:\/\/meterny.com\/wp-content\/uploads\/2024\/10\/image711-768x303.jpg 768w, https:\/\/meterny.com\/wp-content\/uploads\/2024\/10\/image711-600x237.jpg 600w\" sizes=\"auto, (max-width: 1024px) 100vw, 1024px\" \/><figcaption id=\"caption-attachment-18295\" class=\"wp-caption-text\">Personalisieren Sie Ihre W\u00e4nde mit individuell gestaltbaren WPC-Wandkunst-Paneelen<\/figcaption><\/figure>\n<p>Flammhemmende Wpc-Wandplatte<\/p>\n<figure id=\"attachment_17350\" aria-describedby=\"caption-attachment-17350\" style=\"width: 1024px\" class=\"wp-caption alignnone\"><img loading=\"lazy\" decoding=\"async\" class=\"wp-image-17350\" src=\"https:\/\/meterny.com\/wp-content\/uploads\/2024\/04\/70-12.png\" alt=\"Anti-Feuchtigkeits-WPC-Au\u00dfenwandplatte\" width=\"1024\" height=\"1024\" srcset=\"https:\/\/meterny.com\/wp-content\/uploads\/2024\/04\/70-12.png 900w, https:\/\/meterny.com\/wp-content\/uploads\/2024\/04\/70-12-300x300.png 300w, https:\/\/meterny.com\/wp-content\/uploads\/2024\/04\/70-12-150x150.png 150w, https:\/\/meterny.com\/wp-content\/uploads\/2024\/04\/70-12-768x768.png 768w, https:\/\/meterny.com\/wp-content\/uploads\/2024\/04\/70-12-600x600.png 600w, https:\/\/meterny.com\/wp-content\/uploads\/2024\/04\/70-12-100x100.png 100w\" sizes=\"auto, (max-width: 1024px) 100vw, 1024px\" \/><figcaption id=\"caption-attachment-17350\" class=\"wp-caption-text\">Verleihen Sie Ihrer Au\u00dfenlandschaft mit WPC-Wandpaneelen einen modernen Touch<\/figcaption><\/figure>\n<p>Flammhemmende Wpc-Wandplatte<\/p>\n<figure id=\"attachment_17336\" aria-describedby=\"caption-attachment-17336\" style=\"width: 1024px\" class=\"wp-caption alignnone\"><img loading=\"lazy\" decoding=\"async\" class=\"wp-image-17336\" src=\"https:\/\/meterny.com\/wp-content\/uploads\/2024\/04\/98.png\" alt=\"WPC-Wandpaneele f\u00fcr den Au\u00dfenbereich\" width=\"1024\" height=\"1024\" srcset=\"https:\/\/meterny.com\/wp-content\/uploads\/2024\/04\/98.png 800w, https:\/\/meterny.com\/wp-content\/uploads\/2024\/04\/98-300x300.png 300w, https:\/\/meterny.com\/wp-content\/uploads\/2024\/04\/98-150x150.png 150w, https:\/\/meterny.com\/wp-content\/uploads\/2024\/04\/98-768x768.png 768w, https:\/\/meterny.com\/wp-content\/uploads\/2024\/04\/98-600x600.png 600w, https:\/\/meterny.com\/wp-content\/uploads\/2024\/04\/98-100x100.png 100w\" sizes=\"auto, (max-width: 1024px) 100vw, 1024px\" \/><figcaption id=\"caption-attachment-17336\" class=\"wp-caption-text\">WPC-Wandpaneele: Die perfekte Wahl f\u00fcr den Au\u00dfenbereich von Wohngeb\u00e4uden.<\/figcaption><\/figure>\n<\/div>\n<div class=\"elementor-element elementor-element-1f676da elementor-widget elementor-widget-heading\" data-id=\"1f676da\" data-element_type=\"widget\" data-widget_type=\"heading.default\">\n<h3>Farboptionen f\u00fcr flammhemmende Wpc-Wandplatten<\/h3>\n<figure id=\"attachment_20293\" aria-describedby=\"caption-attachment-20293\" style=\"width: 1024px\" class=\"wp-caption alignnone\"><img loading=\"lazy\" decoding=\"async\" class=\"wp-image-20293\" src=\"https:\/\/meterny.com\/wp-content\/uploads\/2024\/10\/METE-Series-Colour-151.png\" alt=\"Meterny WPC-Zaun Farboptionen\" width=\"1024\" height=\"1024\" srcset=\"https:\/\/meterny.com\/wp-content\/uploads\/2024\/10\/METE-Series-Colour-151.png 900w, https:\/\/meterny.com\/wp-content\/uploads\/2024\/10\/METE-Series-Colour-151-300x300.png 300w, https:\/\/meterny.com\/wp-content\/uploads\/2024\/10\/METE-Series-Colour-151-150x150.png 150w, https:\/\/meterny.com\/wp-content\/uploads\/2024\/10\/METE-Series-Colour-151-768x768.png 768w, https:\/\/meterny.com\/wp-content\/uploads\/2024\/10\/METE-Series-Colour-151-600x600.png 600w, https:\/\/meterny.com\/wp-content\/uploads\/2024\/10\/METE-Series-Colour-151-100x100.png 100w\" sizes=\"auto, (max-width: 1024px) 100vw, 1024px\" \/><figcaption id=\"caption-attachment-20293\" class=\"wp-caption-text\">Entdecken Sie Meterny WPC-Zaun - Neun atemberaubende Farboptionen f\u00fcr jeden Stil<\/figcaption><\/figure>\n<h3 class=\"\">Warum sollten Sie sich f\u00fcr flammhemmende Wpc-Wandplatten entscheiden?<\/h3>\n<h4 class=\"\">1.\u00a0<strong class=\"\">Feuerbest\u00e4ndigkeit<\/strong><\/h4>\n<div class=\"paragraph\">Flammhemmende WPC-Wandpaneele sind so konzipiert, dass sie im Falle eines Brandes selbstl\u00f6schend sind und somit eine zus\u00e4tzliche Sicherheitsschicht bieten, ohne giftige Gase freizusetzen. Diese Eigenschaft ist besonders wichtig f\u00fcr \u00f6ffentliche Geb\u00e4ude und die Inneneinrichtung, da sie die allgemeine Sicherheit des Raums erh\u00f6ht.<\/div>\n<h4 class=\"\">2.\u00a0<strong class=\"\">Dauerhaftigkeit und Langlebigkeit<\/strong><\/h4>\n<div class=\"paragraph\">Flammenhemmende Wpc-Wandpaneele sind f\u00fcr ihre au\u00dfergew\u00f6hnliche Haltbarkeit bekannt. Sie sind resistent gegen F\u00e4ulnis, Verrottung und Insektenbefall und sorgen daf\u00fcr, dass Ihre W\u00e4nde \u00fcber Jahre hinweg ihre strukturelle Integrit\u00e4t und optische Attraktivit\u00e4t behalten. Die Paneele werden aus einer Kombination von Holzfasern und thermoplastischen Kunststoffen hergestellt und bieten eine hohe Festigkeit und Formstabilit\u00e4t.<\/div>\n<h4 class=\"\">3.\u00a0<strong class=\"\">Geringe Wartung<\/strong><\/h4>\n<div class=\"paragraph\">Einer der Hauptvorteile von flammhemmenden Wpc-Wandplatten ist ihr geringer Pflegeaufwand. Im Gegensatz zu traditionellen Holzpaneelen m\u00fcssen sie nicht gebeizt, gestrichen oder regelm\u00e4\u00dfig versiegelt werden. Eine routinem\u00e4\u00dfige Reinigung mit milder Seife und Wasser reicht in der Regel aus, um sie in einem makellosen Zustand zu erhalten. Das macht WPC-Wandpaneele zu einer praktischen Wahl f\u00fcr Hausbesitzer und gewerbliche R\u00e4ume, die sowohl Zeit als auch Geld f\u00fcr die Pflege sparen.<\/div>\n<h4 class=\"\">4.\u00a0<strong class=\"\">\u00c4sthetische Anziehungskraft<\/strong><\/h4>\n<div class=\"paragraph\">Flammhemmende Wpc-Wandpaneele bieten eine breite Palette von Gestaltungsm\u00f6glichkeiten, mit denen Sie einen fesselnden und individuellen Raum schaffen k\u00f6nnen. Mit den verschiedenen verf\u00fcgbaren Farben, Strukturen und Oberfl\u00e4chen k\u00f6nnen Sie die gew\u00fcnschte \u00c4sthetik erreichen, egal ob es sich um einen modernen, rustikalen oder zeitgen\u00f6ssischen Look handelt. Diese Paneele kombinieren m\u00fchelos die nat\u00fcrliche Sch\u00f6nheit von Holz mit der Haltbarkeit und Vielseitigkeit von Verbundwerkstoffen und verleihen jeder Umgebung W\u00e4rme und Eleganz.<\/div>\n<h4 class=\"\">5.\u00a0<strong>Umweltfreundlichkeit<\/strong><\/h4>\n<div class=\"paragraph\">Flammhemmende Wpc-Wandpaneele sind eine umweltfreundliche Alternative zu herk\u00f6mmlichen Holzpaneelen. Sie bestehen in der Regel aus recycelten Materialien, einschlie\u00dflich Holzfasern und recyceltem Kunststoff. Wenn Sie sich f\u00fcr WPC-Wandpaneele entscheiden, leisten Sie einen Beitrag zu nachhaltigen Praktiken, reduzieren die Nachfrage nach neuem Holz und helfen, Abfall zu minimieren.<\/div>\n<div>\n<h3 class=\"\">Schlussfolgerung<\/h3>\n<div class=\"paragraph\">Schwer entflammbare WPC-Wandpaneele bieten eine Kombination aus Sicherheit, Langlebigkeit, geringem Wartungsaufwand, \u00c4sthetik und Umweltvertr\u00e4glichkeit. Sie sind eine ausgezeichnete Wahl f\u00fcr Wohn- und Gewerbeprojekte und bieten eine langlebige und optisch ansprechende L\u00f6sung, die modernen Baustandards und Umweltzielen gerecht wird.<\/div>\n<\/div>\n<\/div>","protected":false},"excerpt":{"rendered":"<p>\u00dcberlegene Qualit\u00e4t: Diese aus hochwertigen Materialien gefertigte WPC-Au\u00dfenplatte bietet Schutz vor den Elementen.<\/p>\n<p>Elegantes Design: Erh\u00f6hen Sie das \u00c4u\u00dfere Ihrer Immobilie mit eleganten und modernen Verkleidungen, die jeden architektonischen Stil erg\u00e4nzen.<\/p>\n<p>Einfache Installation: Es ist f\u00fcr eine problemlose Installation konzipiert, die Ihnen Zeit und M\u00fche erspart.<\/p>\n<p>Vielseitig: Ob f\u00fcr Wohn- oder Gewerbeimmobilien, dieses WPC-Paneel ist perfekt f\u00fcr alle Au\u00dfenverkleidungen geeignet.<\/p>\n<p>Umweltfreundlich: Hergestellt aus nachhaltigen Materialien, ist es die umweltbewusste Wahl f\u00fcr Ihre Au\u00dfengestaltung.<\/p>","protected":false},"featured_media":20794,"comment_status":"open","ping_status":"closed","template":"","meta":{"_uag_custom_page_level_css":"","site-sidebar-layout":"default","site-content-layout":"","ast-site-content-layout":"default","site-content-style":"default","site-sidebar-style":"default","ast-global-header-display":"","ast-banner-title-visibility":"","ast-main-header-display":"","ast-hfb-above-header-display":"","ast-hfb-below-header-display":"","ast-hfb-mobile-header-display":"","site-post-title":"","ast-breadcrumbs-content":"","ast-featured-img":"","footer-sml-layout":"","theme-transparent-header-meta":"default","adv-header-id-meta":"","stick-header-meta":"default","header-above-stick-meta":"","header-main-stick-meta":"","header-below-stick-meta":"","astra-migrate-meta-layouts":"set","ast-page-background-enabled":"default","ast-page-background-meta":{"desktop":{"background-color":"var(--ast-global-color-4)","background-image":"","background-repeat":"repeat","background-position":"center center","background-size":"auto","background-attachment":"scroll","background-type":"","background-media":"","overlay-type":"","overlay-color":"","overlay-opacity":"","overlay-gradient":""},"tablet":{"background-color":"","background-image":"","background-repeat":"repeat","background-position":"center center","background-size":"auto","background-attachment":"scroll","background-type":"","background-media":"","overlay-type":"","overlay-color":"","overlay-opacity":"","overlay-gradient":""},"mobile":{"background-color":"","background-image":"","background-repeat":"repeat","background-position":"center center","background-size":"auto","background-attachment":"scroll","background-type":"","background-media":"","overlay-type":"","overlay-color":"","overlay-opacity":"","overlay-gradient":""}},"ast-content-background-meta":{"desktop":{"background-color":"var(--ast-global-color-5)","background-image":"","background-repeat":"repeat","background-position":"center center","background-size":"auto","background-attachment":"scroll","background-type":"","background-media":"","overlay-type":"","overlay-color":"","overlay-opacity":"","overlay-gradient":""},"tablet":{"background-color":"var(--ast-global-color-5)","background-image":"","background-repeat":"repeat","background-position":"center center","background-size":"auto","background-attachment":"scroll","background-type":"","background-media":"","overlay-type":"","overlay-color":"","overlay-opacity":"","overlay-gradient":""},"mobile":{"background-color":"var(--ast-global-color-5)","background-image":"","background-repeat":"repeat","background-position":"center center","background-size":"auto","background-attachment":"scroll","background-type":"","background-media":"","overlay-type":"","overlay-color":"","overlay-opacity":"","overlay-gradient":""}}},"product_brand":[],"product_cat":[175],"product_tag":[184,180],"class_list":{"0":"post-20835","1":"product","2":"type-product","3":"status-publish","4":"has-post-thumbnail","6":"product_cat-exterior-wpc-wall","7":"product_tag-wpc-wall-exterior","8":"product_tag-wpc-wall-panel","9":"desktop-align-center","10":"tablet-align-left","11":"mobile-align-left","12":"ast-product-gallery-layout-horizontal-slider","13":"ast-product-tabs-layout-vertical","15":"first","16":"instock","17":"shipping-taxable","18":"product-type-simple"},"uagb_featured_image_src":{"full":["https:\/\/meterny.com\/wp-content\/uploads\/2024\/04\/227H25-Rose-Wood1-300x300-2.png",300,300,false],"thumbnail":["https:\/\/meterny.com\/wp-content\/uploads\/2024\/04\/227H25-Rose-Wood1-300x300-2-150x150.png",150,150,true],"medium":["https:\/\/meterny.com\/wp-content\/uploads\/2024\/04\/227H25-Rose-Wood1-300x300-2.png",300,300,false],"medium_large":["https:\/\/meterny.com\/wp-content\/uploads\/2024\/04\/227H25-Rose-Wood1-300x300-2.png",300,300,false],"large":["https:\/\/meterny.com\/wp-content\/uploads\/2024\/04\/227H25-Rose-Wood1-300x300-2.png",300,300,false],"1536x1536":["https:\/\/meterny.com\/wp-content\/uploads\/2024\/04\/227H25-Rose-Wood1-300x300-2.png",300,300,false],"2048x2048":["https:\/\/meterny.com\/wp-content\/uploads\/2024\/04\/227H25-Rose-Wood1-300x300-2.png",300,300,false],"trp-custom-language-flag":["https:\/\/meterny.com\/wp-content\/uploads\/2024\/04\/227H25-Rose-Wood1-300x300-2.png",12,12,false],"woocommerce_thumbnail":["https:\/\/meterny.com\/wp-content\/uploads\/2024\/04\/227H25-Rose-Wood1-300x300-2.png",300,300,false],"woocommerce_single":["https:\/\/meterny.com\/wp-content\/uploads\/2024\/04\/227H25-Rose-Wood1-300x300-2.png",300,300,false],"woocommerce_gallery_thumbnail":["https:\/\/meterny.com\/wp-content\/uploads\/2024\/04\/227H25-Rose-Wood1-300x300-2-100x100.png",100,100,true]},"uagb_author_info":{"display_name":"meterny","author_link":"https:\/\/meterny.com\/de\/author\/"},"uagb_comment_info":0,"uagb_excerpt":"Superior Quality: Crafted from premium materials, this WPC Exterior panel offers protection against the elements. Stylish Design: Elevate the exterior of your property with sleek and modern cladding that complements any architectural style. Easy Installation: It is designed for hassle-free installation, saving you time and effort. Versatile: Whether it's for residential or commercial properties, This&hellip;","_links":{"self":[{"href":"https:\/\/meterny.com\/de\/wp-json\/wp\/v2\/product\/20835","targetHints":{"allow":["GET"]}}],"collection":[{"href":"https:\/\/meterny.com\/de\/wp-json\/wp\/v2\/product"}],"about":[{"href":"https:\/\/meterny.com\/de\/wp-json\/wp\/v2\/types\/product"}],"replies":[{"embeddable":true,"href":"https:\/\/meterny.com\/de\/wp-json\/wp\/v2\/comments?post=20835"}],"wp:featuredmedia":[{"embeddable":true,"href":"https:\/\/meterny.com\/de\/wp-json\/wp\/v2\/media\/20794"}],"wp:attachment":[{"href":"https:\/\/meterny.com\/de\/wp-json\/wp\/v2\/media?parent=20835"}],"wp:term":[{"taxonomy":"product_brand","embeddable":true,"href":"https:\/\/meterny.com\/de\/wp-json\/wp\/v2\/product_brand?post=20835"},{"taxonomy":"product_cat","embeddable":true,"href":"https:\/\/meterny.com\/de\/wp-json\/wp\/v2\/product_cat?post=20835"},{"taxonomy":"product_tag","embeddable":true,"href":"https:\/\/meterny.com\/de\/wp-json\/wp\/v2\/product_tag?post=20835"}],"curies":[{"name":"wp","href":"https:\/\/api.w.org\/{rel}","templated":true}]}}