{"id":20836,"date":"2025-01-10T06:57:04","date_gmt":"2025-01-10T06:57:04","guid":{"rendered":"https:\/\/meterny.com\/?post_type=product&#038;p=20836"},"modified":"2025-03-07T03:49:58","modified_gmt":"2025-03-07T03:49:58","slug":"high-strength-wpc-wall-panel","status":"publish","type":"product","link":"https:\/\/meterny.com\/de\/produkt\/high-strength-wpc-wall-panel\/","title":{"rendered":"Hochfeste feuersichere Wpc-Wandplatte Multifunktionale Wpc-Wandplatte"},"content":{"rendered":"<div class=\"elementor-element elementor-element-c0e1d42 elementor-widget elementor-widget-heading\" data-id=\"c0e1d42\" data-element_type=\"widget\" data-widget_type=\"heading.default\">\n<div class=\"elementor-widget-container\"><span style=\"font-size: 1.7em; font-weight: bold;\">Produktname:<\/span><span style=\"font-size: 1.7em; font-weight: bold;\"> Hochfeste feuersichere Wpc-Wandplatte Multifunktionale Wpc-Wandplatte<\/span><\/div>\n<\/div>\n<div class=\"elementor-element elementor-element-1f676da elementor-widget elementor-widget-heading\" data-id=\"1f676da\" data-element_type=\"widget\" data-widget_type=\"heading.default\">\n<p>&nbsp;<\/p>\n<p><strong style=\"font-size: 1.5em;\">Produktspezifikationen<\/strong><span style=\"font-size: 1.5em; font-weight: bold;\">:<\/span><\/p>\n<ul>\n<li><strong>Material<\/strong>: Brandsicherheit Holz-Kunststoff-Verbundstoff (WPC)<\/li>\n<li><strong>Abmessungen<\/strong>: 135*119*23mm\/217*201*28mm\/227*210*25mm, mit kundenspezifischen Anpassungen je nach Kundenwunsch.<\/li>\n<li><strong>Dicke<\/strong>: 23\/25\/28mm<\/li>\n<li><strong>Gewicht<\/strong>: 3kg\/Meter<\/li>\n<li><strong>Farboptionen<\/strong>: Erh\u00e4ltlich in einer Vielzahl von Farben wie Palisander, Kaffee, Hellgrau, Braun, Schwarz usw., mit verschiedenen Texturen wie Holzmaserung, Tapete, Marmor, usw.<\/li>\n<li><strong>Ausf\u00fchrungsoptionen<\/strong>: Zu den Optionen geh\u00f6ren gepr\u00e4gte, geb\u00fcrstete und dreidimensionale Oberfl\u00e4chen.<\/li>\n<li><strong>Einbauverfahren<\/strong>: Nut und Feder, Klippsystem, etc.<\/li>\n<li><strong>Garantie<\/strong>: mehr als 10 Jahre<\/li>\n<\/ul>\n<h4>Produkt Material<\/h4>\n<p>WPC-Wandplatten (Wood Plastic Composite) werden aus einer Mischung von Holzfasern oder Holzmehl und thermoplastischen Kunststoffen (wie HDPE, PVC, PP usw.) hergestellt. Dieser Verbundwerkstoff verbindet die nat\u00fcrliche \u00c4sthetik von Holz mit der Haltbarkeit von Kunststoff und bietet eine umweltfreundliche und leistungsstarke Baul\u00f6sung.<\/p>\n<h3>Mehr Details erfahren Sie, wenn Sie den Link zu youtube anklicken: <a href=\"https:\/\/youtu.be\/cW7s-_V3i-o\" target=\"_blank\" rel=\"noopener\">https:\/\/youtu.be\/cW7s-_V3i-o<\/a><\/h3>\n<p>&nbsp;<\/p>\n<h4>Produktmerkmale<\/h4>\n<ul>\n<li><strong>Hohe Festigkeit und Langlebigkeit<\/strong>: Hochfeste WPC-Wandpaneele bieten au\u00dfergew\u00f6hnliche Festigkeit und Formstabilit\u00e4t und sind resistent gegen F\u00e4ulnis, Insektenbefall und langfristige Umwelteinfl\u00fcsse. Sie behalten ihre strukturelle Integrit\u00e4t und optische Attraktivit\u00e4t \u00fcber Jahre hinweg.<\/li>\n<li><strong>Geringe Wartung<\/strong>: Im Gegensatz zu herk\u00f6mmlichen Holzpaneelen m\u00fcssen die hochfesten WPC-Wandpaneele nicht gebeizt, gestrichen oder regelm\u00e4\u00dfig versiegelt werden. Eine routinem\u00e4\u00dfige Reinigung mit milder Seife und Wasser ist ausreichend, was Zeit und Wartungskosten spart.<\/li>\n<li><strong>\u00c4sthetische Anziehungskraft<\/strong>: Die hochfesten WPC-Wandpaneele sind in einer breiten Palette von Farben, Texturen und Oberfl\u00e4chen erh\u00e4ltlich und k\u00f6nnen leicht moderne, rustikale oder zeitgen\u00f6ssische dekorative Effekte erzielen. Sie kombinieren die nat\u00fcrliche Sch\u00f6nheit von Holz mit der Haltbarkeit und Vielseitigkeit von Verbundwerkstoffen und verleihen jeder Umgebung W\u00e4rme und Eleganz.<\/li>\n<li><strong>Umweltfreundlichkeit<\/strong>: Hochfeste WPC-Wandpaneele werden in der Regel aus recycelten Materialien, einschlie\u00dflich Holzfasern und recyceltem Kunststoff, hergestellt, was den Umwelt- und Nachhaltigkeitszielen entgegenkommt. Wenn Sie sich f\u00fcr hochfeste WPC-Wandpaneele entscheiden, tragen Sie zu nachhaltigen Praktiken bei, verringern den Bedarf an Frischholz und helfen, Abfall zu minimieren.<\/li>\n<li><strong>Feuchtigkeits- und Wetterbest\u00e4ndigkeit<\/strong>: Die hochfesten WPC-Wandpaneele wurden entwickelt, um Feuchtigkeit und rauen Witterungsbedingungen zu widerstehen und eignen sich sowohl f\u00fcr Innen- als auch f\u00fcr Au\u00dfenanwendungen. Sie sind resistent gegen Verziehen, Aufquellen und Schimmelbildung und gew\u00e4hrleisten eine langlebige und optisch ansprechende Wandoberfl\u00e4che, selbst in feuchten oder nassen Umgebungen.<\/li>\n<\/ul>\n<h4>Anwendungsszenarien<\/h4>\n<ul>\n<li><strong>Wohnr\u00e4ume<\/strong>: Ideal f\u00fcr Wohn- und Schlafr\u00e4ume sowie K\u00fcchen, die den W\u00e4nden eine elegante Note verleihen und gleichzeitig eine au\u00dfergew\u00f6hnliche Haltbarkeit aufweisen.<\/li>\n<li><strong>Kommerzielle R\u00e4ume<\/strong>: Sie eignen sich perfekt f\u00fcr B\u00fcros, Hotels und Einzelhandelsgesch\u00e4fte und schaffen ein professionelles und einladendes Umfeld. Durch ihre Verschlei\u00dffestigkeit sind sie f\u00fcr stark frequentierte Bereiche geeignet.<\/li>\n<li><strong>Anwendungen im Badezimmer<\/strong>: Sie eignen sich hervorragend f\u00fcr Badezimmer, wo sie aufgrund ihrer Feuchtigkeitsbest\u00e4ndigkeit und ihrer wasserfesten Eigenschaften die ideale Wahl f\u00fcr Duschbereiche und Badezimmerw\u00e4nde sind. Sie verhindern Schimmelbildung und bieten eine hygienische und elegante L\u00f6sung.<\/li>\n<li><strong>Decken und Untersichten<\/strong>: Hochfeste WPC-Wandpaneele k\u00f6nnen f\u00fcr Decken und Untersichten verwendet werden und verleihen ansonsten glatten Oberfl\u00e4chen W\u00e4rme und Struktur. Ob in gleichm\u00e4\u00dfigen Paneelen oder in verschiedenen Mustern und Designs verlegt, die hochfesten WPC-Wandplatten k\u00f6nnen das Erscheinungsbild von Decken v\u00f6llig ver\u00e4ndern. Dar\u00fcber hinaus k\u00f6nnen sie Unebenheiten verdecken und f\u00fcr Schalld\u00e4mmung sorgen, was den Gesamtkomfort des Raums erh\u00f6ht.<\/li>\n<li><strong>Trennw\u00e4nde und Raumteiler<\/strong>: Die hochfesten WPC-Wandpaneele k\u00f6nnen als Trennw\u00e4nde und Raumteiler dienen und bieten eine innovative und anpassbare M\u00f6glichkeit zur Schaffung separater R\u00e4ume innerhalb gr\u00f6\u00dferer Fl\u00e4chen. Durch die Installation von Paneelen mit einzigartigen Designs oder Mustern k\u00f6nnen Sie visuelles Interesse schaffen und bestimmte Bereiche abgrenzen, w\u00e4hrend Sie gleichzeitig ein offenes und luftiges Gef\u00fchl erhalten. Die hochfesten WPC-Wandpaneele bieten Sichtschutz, ohne die Sichtlinien vollst\u00e4ndig zu blockieren, und sind daher die ideale Wahl f\u00fcr Gesch\u00e4ftsr\u00e4ume, B\u00fcros und Wohnbereiche.<\/li>\n<li><strong>M\u00f6bel und Schr\u00e4nke<\/strong>: Hochfeste WPC-Wandpaneele geh\u00f6ren zu den aufregendsten und innovativsten Anwendungen im M\u00f6bel- und Schrankdesign. Die Vielseitigkeit der hochfesten WPC-Wandpaneele erm\u00f6glicht es, sie zu schneiden, zu formen und zu verschiedenen M\u00f6belst\u00fccken wie Tischen, Arbeitsplatten, Regalen und Schr\u00e4nken zu verarbeiten. Wenn Sie die hochfesten WPC-Wandplatten in Ihr M\u00f6beldesign einbeziehen, k\u00f6nnen Sie ein einheitliches und harmonisches Erscheinungsbild im gesamten Raum erzielen. Die nat\u00fcrlichen Holzmaserungen und Oberfl\u00e4chen der WPC-Wandpaneele verleihen ihnen Eleganz und Raffinesse und machen sie zu einem Blickfang in jedem Raum.<\/li>\n<li><strong>Au\u00dfenverkleidungen und Landschaftsgestaltung<\/strong>: Hochfeste WPC-Wandpaneele eignen sich nicht nur f\u00fcr Au\u00dfenverkleidungen, sondern k\u00f6nnen auch auf innovative Weise jenseits der traditionellen Anwendungen eingesetzt werden, um einzigartige Landschaftselemente zu schaffen. WPC-Wandpaneele k\u00f6nnen zur Verkleidung von S\u00e4ulen, Pfeilern oder Balken im Au\u00dfenbereich verwendet werden und verleihen architektonischen Entw\u00fcrfen einen modernen und stilvollen Touch. Dar\u00fcber hinaus k\u00f6nnen sie in Sitzbereiche, Pavillons und Z\u00e4une integriert werden, um eine koordinierte und optisch ansprechende Au\u00dfenumgebung zu schaffen. Die Best\u00e4ndigkeit von WPC-Wandplatten gegen\u00fcber Umwelteinfl\u00fcssen macht sie zu einer idealen Wahl f\u00fcr die Versch\u00f6nerung von Wohn- und Gesch\u00e4ftsgeb\u00e4uden.<\/li>\n<\/ul>\n<h4>Installationsanleitung<\/h4>\n<ul>\n<li><strong>Vorbereitung der Oberfl\u00e4che<\/strong>: Stellen Sie sicher, dass die Wand sauber, trocken und glatt ist.<\/li>\n<li><strong>Einbauverfahren<\/strong>: Befolgen Sie die Anweisungen des Herstellers f\u00fcr die Verlegung mit geeigneten Klebstoffen, Befestigungsmitteln oder Verriegelungssystemen. Die Beratung durch einen Fachmann oder einen erfahrenen Verleger kann eine nahtlose und dauerhafte Verlegung gew\u00e4hrleisten.<\/li>\n<\/ul>\n<h3>Galerie<\/h3>\n<figure id=\"attachment_20840\" aria-describedby=\"caption-attachment-20840\" style=\"width: 1024px\" class=\"wp-caption alignnone\"><img loading=\"lazy\" decoding=\"async\" class=\"wp-image-20840\" src=\"https:\/\/meterny.com\/wp-content\/uploads\/2025\/01\/75-106.png\" alt=\"Graue WPC-Wandplatte f\u00fcr gewerbliche R\u00e4ume\" width=\"1024\" height=\"1024\" srcset=\"https:\/\/meterny.com\/wp-content\/uploads\/2025\/01\/75-106.png 595w, https:\/\/meterny.com\/wp-content\/uploads\/2025\/01\/75-106-300x300.png 300w, https:\/\/meterny.com\/wp-content\/uploads\/2025\/01\/75-106-150x150.png 150w, https:\/\/meterny.com\/wp-content\/uploads\/2025\/01\/75-106-100x100.png 100w\" sizes=\"auto, (max-width: 1024px) 100vw, 1024px\" \/><figcaption id=\"caption-attachment-20840\" class=\"wp-caption-text\">Graue WPC-Wandplatte: Verbessern Sie Ihren kommerziellen Raum mit langlebigen und stilvollen Verkleidungen<\/figcaption><\/figure>\n<figure id=\"attachment_20838\" aria-describedby=\"caption-attachment-20838\" style=\"width: 1024px\" class=\"wp-caption alignnone\"><img loading=\"lazy\" decoding=\"async\" class=\"wp-image-20838\" src=\"https:\/\/meterny.com\/wp-content\/uploads\/2025\/01\/70-46-scaled.jpg\" alt=\"Graue WPC-Wandplatte\" width=\"1024\" height=\"1365\" srcset=\"https:\/\/meterny.com\/wp-content\/uploads\/2025\/01\/70-46-scaled.jpg 1920w, https:\/\/meterny.com\/wp-content\/uploads\/2025\/01\/70-46-225x300.jpg 225w, https:\/\/meterny.com\/wp-content\/uploads\/2025\/01\/70-46-768x1024.jpg 768w, https:\/\/meterny.com\/wp-content\/uploads\/2025\/01\/70-46-1152x1536.jpg 1152w, https:\/\/meterny.com\/wp-content\/uploads\/2025\/01\/70-46-1536x2048.jpg 1536w, https:\/\/meterny.com\/wp-content\/uploads\/2025\/01\/70-46-600x800.jpg 600w\" sizes=\"auto, (max-width: 1024px) 100vw, 1024px\" \/><figcaption id=\"caption-attachment-20838\" class=\"wp-caption-text\">Graue WPC-Wandpaneele: Erh\u00f6hen Sie Ihr modernes Interieur mit Stil und Nachhaltigkeit<\/figcaption><\/figure>\n<\/div>\n<div class=\"elementor-element elementor-element-1f676da elementor-widget elementor-widget-heading\" data-id=\"1f676da\" data-element_type=\"widget\" data-widget_type=\"heading.default\">\n<h3>Farben Optionen<\/h3>\n<p>&nbsp;<\/p>\n<figure id=\"attachment_20293\" aria-describedby=\"caption-attachment-20293\" style=\"width: 1024px\" class=\"wp-caption alignnone\"><img loading=\"lazy\" decoding=\"async\" class=\"wp-image-20293\" src=\"https:\/\/meterny.com\/wp-content\/uploads\/2024\/10\/METE-Series-Colour-151.png\" alt=\"Meterny WPC-Zaun Farboptionen\" width=\"1024\" height=\"1024\" srcset=\"https:\/\/meterny.com\/wp-content\/uploads\/2024\/10\/METE-Series-Colour-151.png 900w, https:\/\/meterny.com\/wp-content\/uploads\/2024\/10\/METE-Series-Colour-151-300x300.png 300w, https:\/\/meterny.com\/wp-content\/uploads\/2024\/10\/METE-Series-Colour-151-150x150.png 150w, https:\/\/meterny.com\/wp-content\/uploads\/2024\/10\/METE-Series-Colour-151-768x768.png 768w, https:\/\/meterny.com\/wp-content\/uploads\/2024\/10\/METE-Series-Colour-151-600x600.png 600w, https:\/\/meterny.com\/wp-content\/uploads\/2024\/10\/METE-Series-Colour-151-100x100.png 100w\" sizes=\"auto, (max-width: 1024px) 100vw, 1024px\" \/><figcaption id=\"caption-attachment-20293\" class=\"wp-caption-text\">Entdecken Sie Meterny WPC-Zaun - Neun atemberaubende Farboptionen f\u00fcr jeden Stil<\/figcaption><\/figure>\n<h3 class=\"\">Warum w\u00e4hlen<\/h3>\n<h4><strong>\u00d6kologische Nachhaltigkeit<\/strong><\/h4>\n<p>Hochfeste WPC-Wandpaneele werden aus recycelten Holzfasern und thermoplastischen Kunststoffen hergestellt, was sie im Vergleich zu einigen Alternativen zu einer umweltfreundlicheren Wahl macht. Wenn Sie sich f\u00fcr WPC-Wandplatten entscheiden, werten Sie nicht nur die \u00e4sthetischen und funktionalen Aspekte Ihres Hauses auf, sondern unterst\u00fctzen auch nachhaltige Praktiken. Dieser Ansatz tr\u00e4gt zur Abfallvermeidung bei und f\u00f6rdert die Verwendung von recycelten Materialien, was wiederum zum allgemeinen Umweltschutz beitr\u00e4gt.<\/p>\n<h4>1. <strong>Kosten-Wirksamkeit<\/strong><\/h4>\n<p>Die Anschaffungskosten von hochfesten WPC-Wandpaneelen m\u00f6gen zwar etwas h\u00f6her sein als die traditioneller Materialien wie Holz, aber die langfristigen Vorteile \u00fcberwiegen die Anfangsinvestition. Geringere Wartungskosten, l\u00e4ngere Lebensdauer und Energieeffizienz tragen zur Gesamtwirtschaftlichkeit bei.<\/p>\n<h4>2. <strong>Schlagz\u00e4higkeit<\/strong><\/h4>\n<p>WPC-Wandpaneele sind sto\u00df- und kratzfest und eignen sich daher f\u00fcr stark frequentierte Bereiche oder Umgebungen, in denen es auf Langlebigkeit ankommt. Diese Eigenschaft sorgt daf\u00fcr, dass die Paneele auch bei t\u00e4glicher Beanspruchung ihr Aussehen und ihre strukturelle Integrit\u00e4t behalten.<\/p>\n<h4>3. <strong>Anpassungsoptionen<\/strong><\/h4>\n<p>Die Hersteller bieten eine breite Palette von Anpassungsm\u00f6glichkeiten f\u00fcr hochfeste WPC-Wandpaneele, einschlie\u00dflich verschiedener Gr\u00f6\u00dfen, Formen und Oberfl\u00e4chenbehandlungen. Dies erm\u00f6glicht ma\u00dfgeschneiderte L\u00f6sungen, die spezifische Designanforderungen und \u00e4sthetische Vorlieben erf\u00fcllen.<\/p>\n<h4>4. <strong>Langlebigkeit<\/strong><\/h4>\n<p>Aufgrund ihrer Langlebigkeit und Widerstandsf\u00e4higkeit gegen\u00fcber Umwelteinfl\u00fcssen haben hochfeste WPC-Wandpaneele in der Regel eine l\u00e4ngere Lebensdauer als herk\u00f6mmliche Materialien. Diese Langlebigkeit steigert den Wert einer Immobilie im Laufe der Zeit und reduziert die Notwendigkeit von h\u00e4ufigem Austausch oder Reparaturen.<\/p>\n<h4>5. <strong>Sch\u00e4dlingsresistenz<\/strong><\/h4>\n<p>Im Gegensatz zu nat\u00fcrlichem Holz sind die hochfesten WPC-Wandpaneele resistent gegen Sch\u00e4dlinge wie Termiten und andere Insekten, die erhebliche Sch\u00e4den verursachen k\u00f6nnen. Dies stellt sicher, dass die strukturelle Integrit\u00e4t und das Aussehen der Paneele im Laufe der Zeit intakt bleiben.<\/p>\n<h4>6. <strong>Hygienisch und sicher<\/strong><\/h4>\n<p>Hochfeste WPC-Wandpaneele k\u00f6nnen so hergestellt werden, dass sie gegen Schimmelpilzbildung resistent sind, was besonders in feuchten Umgebungen von Vorteil ist. Dies macht sie zu einer hygienischen Wahl f\u00fcr Wohn- und Gesch\u00e4ftsr\u00e4ume und verringert das Risiko von Gesundheitsproblemen im Zusammenhang mit Schimmelbildung.<\/p>\n<h4>7. <strong>Witterungsbest\u00e4ndigkeit<\/strong><\/h4>\n<p>Hochfeste WPC-Wandpaneele sind so konzipiert, dass sie verschiedenen Witterungsbedingungen wie starkem Regen, starkem Wind und extremen Temperaturen standhalten. Ihre witterungsbest\u00e4ndigen Eigenschaften machen sie zu einer zuverl\u00e4ssigen Wahl f\u00fcr Au\u00dfeninstallationen.<\/p>\n<h3>Schlussfolgerung<\/h3>\n<p class=\"last-node\">Hochfeste WPC-Wandpaneele bieten eine Kombination aus Vielseitigkeit, Haltbarkeit, geringem Wartungsaufwand und \u00f6kologischer Nachhaltigkeit. Sie sind eine ausgezeichnete Wahl sowohl f\u00fcr Wohn- als auch f\u00fcr Gewerbeprojekte und bieten eine langlebige und optisch ansprechende L\u00f6sung, die modernen Baustandards und Umweltzielen gerecht wird. Wenn Sie sich f\u00fcr WPC-Wandpaneele entscheiden, werten Sie nicht nur die \u00e4sthetischen und funktionalen Aspekte Ihres Raumes auf, sondern unterst\u00fctzen auch nachhaltige Praktiken.<\/p>\n<div>\n<div class=\"paragraph\"><\/div>\n<\/div>\n<\/div>","protected":false},"excerpt":{"rendered":"<p>\u00dcberlegene Qualit\u00e4t: Diese aus hochwertigen Materialien gefertigte WPC-Au\u00dfenplatte bietet Schutz vor den Elementen.<\/p>\n<p>Elegantes Design: Erh\u00f6hen Sie das \u00c4u\u00dfere Ihrer Immobilie mit eleganten und modernen Verkleidungen, die jeden architektonischen Stil erg\u00e4nzen.<\/p>\n<p>Einfache Installation: Es ist f\u00fcr eine problemlose Installation konzipiert, die Ihnen Zeit und M\u00fche erspart.<\/p>\n<p>Vielseitig: Ob f\u00fcr Wohn- oder Gewerbeimmobilien, dieses WPC-Paneel ist perfekt f\u00fcr alle Au\u00dfenverkleidungen geeignet.<\/p>\n<p>Umweltfreundlich: Hergestellt aus nachhaltigen Materialien, ist es die umweltbewusste Wahl f\u00fcr Ihre Au\u00dfengestaltung.<\/p>","protected":false},"featured_media":20793,"comment_status":"open","ping_status":"closed","template":"","meta":{"_uag_custom_page_level_css":"","site-sidebar-layout":"default","site-content-layout":"","ast-site-content-layout":"default","site-content-style":"default","site-sidebar-style":"default","ast-global-header-display":"","ast-banner-title-visibility":"","ast-main-header-display":"","ast-hfb-above-header-display":"","ast-hfb-below-header-display":"","ast-hfb-mobile-header-display":"","site-post-title":"","ast-breadcrumbs-content":"","ast-featured-img":"","footer-sml-layout":"","theme-transparent-header-meta":"default","adv-header-id-meta":"","stick-header-meta":"default","header-above-stick-meta":"","header-main-stick-meta":"","header-below-stick-meta":"","astra-migrate-meta-layouts":"set","ast-page-background-enabled":"default","ast-page-background-meta":{"desktop":{"background-color":"var(--ast-global-color-4)","background-image":"","background-repeat":"repeat","background-position":"center center","background-size":"auto","background-attachment":"scroll","background-type":"","background-media":"","overlay-type":"","overlay-color":"","overlay-opacity":"","overlay-gradient":""},"tablet":{"background-color":"","background-image":"","background-repeat":"repeat","background-position":"center center","background-size":"auto","background-attachment":"scroll","background-type":"","background-media":"","overlay-type":"","overlay-color":"","overlay-opacity":"","overlay-gradient":""},"mobile":{"background-color":"","background-image":"","background-repeat":"repeat","background-position":"center center","background-size":"auto","background-attachment":"scroll","background-type":"","background-media":"","overlay-type":"","overlay-color":"","overlay-opacity":"","overlay-gradient":""}},"ast-content-background-meta":{"desktop":{"background-color":"var(--ast-global-color-5)","background-image":"","background-repeat":"repeat","background-position":"center center","background-size":"auto","background-attachment":"scroll","background-type":"","background-media":"","overlay-type":"","overlay-color":"","overlay-opacity":"","overlay-gradient":""},"tablet":{"background-color":"var(--ast-global-color-5)","background-image":"","background-repeat":"repeat","background-position":"center center","background-size":"auto","background-attachment":"scroll","background-type":"","background-media":"","overlay-type":"","overlay-color":"","overlay-opacity":"","overlay-gradient":""},"mobile":{"background-color":"var(--ast-global-color-5)","background-image":"","background-repeat":"repeat","background-position":"center center","background-size":"auto","background-attachment":"scroll","background-type":"","background-media":"","overlay-type":"","overlay-color":"","overlay-opacity":"","overlay-gradient":""}}},"product_brand":[],"product_cat":[175],"product_tag":[184,180],"class_list":{"0":"post-20836","1":"product","2":"type-product","3":"status-publish","4":"has-post-thumbnail","6":"product_cat-exterior-wpc-wall","7":"product_tag-wpc-wall-exterior","8":"product_tag-wpc-wall-panel","9":"desktop-align-center","10":"tablet-align-left","11":"mobile-align-left","12":"ast-product-gallery-layout-horizontal-slider","13":"ast-product-tabs-layout-vertical","15":"first","16":"instock","17":"shipping-taxable","18":"product-type-simple"},"uagb_featured_image_src":{"full":["https:\/\/meterny.com\/wp-content\/uploads\/2024\/04\/227H25-Light-Grey1-300x300-2.png",300,300,false],"thumbnail":["https:\/\/meterny.com\/wp-content\/uploads\/2024\/04\/227H25-Light-Grey1-300x300-2-150x150.png",150,150,true],"medium":["https:\/\/meterny.com\/wp-content\/uploads\/2024\/04\/227H25-Light-Grey1-300x300-2.png",300,300,false],"medium_large":["https:\/\/meterny.com\/wp-content\/uploads\/2024\/04\/227H25-Light-Grey1-300x300-2.png",300,300,false],"large":["https:\/\/meterny.com\/wp-content\/uploads\/2024\/04\/227H25-Light-Grey1-300x300-2.png",300,300,false],"1536x1536":["https:\/\/meterny.com\/wp-content\/uploads\/2024\/04\/227H25-Light-Grey1-300x300-2.png",300,300,false],"2048x2048":["https:\/\/meterny.com\/wp-content\/uploads\/2024\/04\/227H25-Light-Grey1-300x300-2.png",300,300,false],"trp-custom-language-flag":["https:\/\/meterny.com\/wp-content\/uploads\/2024\/04\/227H25-Light-Grey1-300x300-2.png",12,12,false],"woocommerce_thumbnail":["https:\/\/meterny.com\/wp-content\/uploads\/2024\/04\/227H25-Light-Grey1-300x300-2.png",300,300,false],"woocommerce_single":["https:\/\/meterny.com\/wp-content\/uploads\/2024\/04\/227H25-Light-Grey1-300x300-2.png",300,300,false],"woocommerce_gallery_thumbnail":["https:\/\/meterny.com\/wp-content\/uploads\/2024\/04\/227H25-Light-Grey1-300x300-2-100x100.png",100,100,true]},"uagb_author_info":{"display_name":"meterny","author_link":"https:\/\/meterny.com\/de\/author\/"},"uagb_comment_info":0,"uagb_excerpt":"Superior Quality: Crafted from premium materials, this WPC Exterior panel offers protection against the elements. Stylish Design: Elevate the exterior of your property with sleek and modern cladding that complements any architectural style. Easy Installation: It is designed for hassle-free installation, saving you time and effort. Versatile: Whether it's for residential or commercial properties, This&hellip;","_links":{"self":[{"href":"https:\/\/meterny.com\/de\/wp-json\/wp\/v2\/product\/20836","targetHints":{"allow":["GET"]}}],"collection":[{"href":"https:\/\/meterny.com\/de\/wp-json\/wp\/v2\/product"}],"about":[{"href":"https:\/\/meterny.com\/de\/wp-json\/wp\/v2\/types\/product"}],"replies":[{"embeddable":true,"href":"https:\/\/meterny.com\/de\/wp-json\/wp\/v2\/comments?post=20836"}],"wp:featuredmedia":[{"embeddable":true,"href":"https:\/\/meterny.com\/de\/wp-json\/wp\/v2\/media\/20793"}],"wp:attachment":[{"href":"https:\/\/meterny.com\/de\/wp-json\/wp\/v2\/media?parent=20836"}],"wp:term":[{"taxonomy":"product_brand","embeddable":true,"href":"https:\/\/meterny.com\/de\/wp-json\/wp\/v2\/product_brand?post=20836"},{"taxonomy":"product_cat","embeddable":true,"href":"https:\/\/meterny.com\/de\/wp-json\/wp\/v2\/product_cat?post=20836"},{"taxonomy":"product_tag","embeddable":true,"href":"https:\/\/meterny.com\/de\/wp-json\/wp\/v2\/product_tag?post=20836"}],"curies":[{"name":"wp","href":"https:\/\/api.w.org\/{rel}","templated":true}]}}