{"id":20906,"date":"2025-01-11T09:37:30","date_gmt":"2025-01-11T09:37:30","guid":{"rendered":"https:\/\/meterny.com\/?post_type=product&#038;p=20906"},"modified":"2025-01-12T06:43:26","modified_gmt":"2025-01-12T06:43:26","slug":"outdoor-wpc-wall-panel-for-garden-fencing-2","status":"publish","type":"product","link":"https:\/\/meterny.com\/de\/produkt\/outdoor-wpc-wall-panel-for-garden-fencing-2\/","title":{"rendered":"WPC-Wandplatten f\u00fcr Gartenz\u00e4une im Freien"},"content":{"rendered":"<div class=\"elementor-element elementor-element-c0e1d42 elementor-widget elementor-widget-heading\" data-id=\"c0e1d42\" data-element_type=\"widget\" data-widget_type=\"heading.default\">\n<h3 style=\"text-align: center;\">WPC-Wandplatten f\u00fcr Gartenz\u00e4une im Freien<\/h3>\n<h4>Produktname<\/h4>\n<p>WPC-Wandplatten f\u00fcr Gartenz\u00e4une im Freien<\/p>\n<p><strong style=\"font-size: 1.5em;\">Produktspezifikationen<\/strong><span style=\"font-size: 1.5em; font-weight: bold;\">:<\/span><\/p>\n<ul>\n<li><strong>Material<\/strong>: Holz-Kunststoff-Verbundstoff (WPC)<\/li>\n<li><strong>Abmessungen<\/strong>: 135*119*23mm\/217*201*28mm\/227*210*25mm, mit kundenspezifischen Anpassungen je nach Kundenwunsch.<\/li>\n<li><strong>Dicke<\/strong>: 23\/25\/28mm<\/li>\n<li><strong>Gewicht<\/strong>: 3kg\/Meter<\/li>\n<li><strong>Farboptionen<\/strong>: Erh\u00e4ltlich in einer Vielzahl von Farben wie Palisander, Kaffee, Hellgrau, Braun, Schwarz usw., mit verschiedenen Texturen wie Holzmaserung, Tapete, Marmor, usw.<\/li>\n<li><strong>Ausf\u00fchrungsoptionen<\/strong>: Zu den Optionen geh\u00f6ren gepr\u00e4gte, geb\u00fcrstete, dreidimensionale und glatte Oberfl\u00e4chen, die die nat\u00fcrliche Textur des Holzes nachahmen.<\/li>\n<li><strong>Material<\/strong>: Hochwertiger Holz-Kunststoff-Verbundstoff (WPC) aus einer Mischung von Holzfasern und thermoplastischen Materialien (wie HDPE, PVC, PP)<\/li>\n<li><strong>Einbauverfahren<\/strong>: Nut und Feder, Klippsystem, etc.<\/li>\n<li><strong>Garantie<\/strong>: mehr als 10 Jahre<\/li>\n<\/ul>\n<figure id=\"attachment_20841\" aria-describedby=\"caption-attachment-20841\" style=\"width: 1024px\" class=\"wp-caption alignnone\"><img loading=\"lazy\" decoding=\"async\" class=\"wp-image-20841\" src=\"https:\/\/meterny.com\/wp-content\/uploads\/2025\/01\/75-136-scaled.jpg\" alt=\"WPC-Wandplatten f\u00fcr Gartenz\u00e4une im Freien\" width=\"1024\" height=\"1024\" srcset=\"https:\/\/meterny.com\/wp-content\/uploads\/2025\/01\/75-136-scaled.jpg 2560w, https:\/\/meterny.com\/wp-content\/uploads\/2025\/01\/75-136-300x300.jpg 300w, https:\/\/meterny.com\/wp-content\/uploads\/2025\/01\/75-136-1024x1024.jpg 1024w, https:\/\/meterny.com\/wp-content\/uploads\/2025\/01\/75-136-150x150.jpg 150w, https:\/\/meterny.com\/wp-content\/uploads\/2025\/01\/75-136-768x768.jpg 768w, https:\/\/meterny.com\/wp-content\/uploads\/2025\/01\/75-136-1536x1536.jpg 1536w, https:\/\/meterny.com\/wp-content\/uploads\/2025\/01\/75-136-2048x2048.jpg 2048w, https:\/\/meterny.com\/wp-content\/uploads\/2025\/01\/75-136-600x600.jpg 600w, https:\/\/meterny.com\/wp-content\/uploads\/2025\/01\/75-136-100x100.jpg 100w\" sizes=\"auto, (max-width: 1024px) 100vw, 1024px\" \/><figcaption id=\"caption-attachment-20841\" class=\"wp-caption-text\">WPC-Wandplatten f\u00fcr den Au\u00dfenbereich: Schaffen Sie einen privaten und stilvollen Garten mit langlebigen Z\u00e4unen<\/figcaption><\/figure>\n<h4>Produkt Material<\/h4>\n<p>WPC-Wandplatten (Wood Plastic Composite) werden aus einer Mischung von Holzfasern oder Holzmehl und thermoplastischen Kunststoffen (wie HDPE, PVC, PP usw.) hergestellt. Dieser Verbundwerkstoff verbindet die nat\u00fcrliche \u00c4sthetik von Holz mit der Haltbarkeit von Kunststoff und bietet eine umweltfreundliche und leistungsstarke Baul\u00f6sung.<\/p>\n<h4>Produktmerkmale<\/h4>\n<ul>\n<li><strong>Dauerhaftigkeit<\/strong>: WPC-Z\u00e4une sind \u00e4u\u00dferst langlebig und bieten eine hervorragende Witterungsbest\u00e4ndigkeit. Sie behalten ihre solide Struktur und ihr elegantes Aussehen auch unter rauen Bedingungen und tragen dazu bei, die langfristigen Wartungskosten zu senken.<\/li>\n<li><strong>Umweltfreundlich<\/strong>: Diese Z\u00e4une werden aus einer Mischung aus recyceltem Kunststoff und nat\u00fcrlichen Holzfasern hergestellt und reduzieren den Bedarf an neuen Ressourcen und minimieren die Umweltabf\u00e4lle.<\/li>\n<li><strong>Flexibilit\u00e4t bei der Gestaltung<\/strong>: WPC-Z\u00e4une sind so konzipiert, dass sie sich nahtlos in verschiedene Gartenstile und Au\u00dfenumgebungen einf\u00fcgen und ma\u00dfgeschneiderte L\u00f6sungen f\u00fcr individuelle \u00e4sthetische Vorlieben bieten.<\/li>\n<li><strong>Geringe Wartung<\/strong>: Die Installation ist schnell und einfach, und die Reinigung erfordert nur eine einfache Sp\u00fclung. Die Wartung ist minimal und m\u00fchelos.<\/li>\n<li><strong>Mehrere Anwendungen<\/strong>: Diese Z\u00e4une eignen sich f\u00fcr private G\u00e4rten, Innenh\u00f6fe, Terrassen, Schwimmb\u00e4der und gewerbliche R\u00e4ume und sorgen f\u00fcr mehr Privatsph\u00e4re und eine ansprechende Optik.<\/li>\n<li><strong>Verpackung<\/strong>: PE-Folie + Holzpalette<\/li>\n<li><strong>Mindestbestellmenge<\/strong>: 10 Meter<\/li>\n<li><strong>Zertifizierungen<\/strong>: CE, BSCI, FSC, ISO9001, ISO14001<\/li>\n<\/ul>\n<h4>Vorteile<\/h4>\n<ul>\n<li><strong>Umweltfreundlich<\/strong>: Recycelbar und umweltfreundlich.<\/li>\n<li><strong>Anti-Rutsch<\/strong>: Hoch.<\/li>\n<li><strong>Wasserdicht<\/strong>: Hoch.<\/li>\n<li><strong>UV-Best\u00e4ndigkeit<\/strong>: Stabil.<\/li>\n<li><strong>Witterungsbest\u00e4ndigkeit<\/strong>: Hoch.<\/li>\n<li><strong>St\u00e4rke<\/strong>: Hohe Schlagfestigkeit.<\/li>\n<li><strong>Lebenserwartung<\/strong>25 Jahre.<\/li>\n<li><strong>Leichte Reinigung<\/strong>: Wartungsarm, leicht zu installieren.<\/li>\n<li><strong>Erscheinungsbild<\/strong>: Nat\u00fcrlicher Touch und Holzmaserung.<\/li>\n<\/ul>\n<h4>Installationsanleitung<\/h4>\n<p>Die Montage des wasserdichten WPC-Gartenzauns ist schnell und einfach. Das ineinander greifende Design der Zaunpaneele sorgt f\u00fcr einen reibungslosen und sicheren Sitz. Dank des benutzerfreundlichen Aufbaus k\u00f6nnen Sie ganz einfach eine Sichtschutzbarriere errichten oder Grenzen in Ihrem Garten definieren, ohne dass Sie professionelles Werkzeug oder Hilfe ben\u00f6tigen.<\/p>\n<h4>Anwendungen<\/h4>\n<ul>\n<li><strong>Z\u00e4une f\u00fcr Wohngeb\u00e4ude<\/strong>: WPC-Wandpaneele f\u00fcr Gartenz\u00e4une werden h\u00e4ufig f\u00fcr Z\u00e4une im Wohnbereich verwendet und sind wegen ihrer Langlebigkeit, ihres geringen Wartungsaufwands und ihrer \u00c4sthetik beliebt. Sie k\u00f6nnen verwendet werden, um Hinterh\u00f6fe abzugrenzen, Privatsph\u00e4re zu schaffen oder das Erscheinungsbild eines Grundst\u00fccks zu verbessern.<\/li>\n<li><strong>Kommerzieller Zaunbau<\/strong>: WPC-Wandpaneele f\u00fcr Gartenz\u00e4une werden auch f\u00fcr kommerzielle Z\u00e4une verwendet, z. B. f\u00fcr die Umz\u00e4unung von Parks, Schulen und \u00f6ffentlichen Pl\u00e4tzen. Sie werden wegen ihrer langen Lebensdauer und ihres geringen Wartungsbedarfs bevorzugt, was zu einer Reduzierung der langfristigen Kosten beitr\u00e4gt.<\/li>\n<li><strong>Landwirtschaftliche Z\u00e4une<\/strong>: WPC-Wandplatten f\u00fcr den Au\u00dfenbereich f\u00fcr Gartenz\u00e4une werden in der Landwirtschaft zur Umz\u00e4unung von Viehbest\u00e4nden und zum Schutz von Nutzpflanzen verwendet. Sie sind witterungsbest\u00e4ndig und UV-strahlungsfest, was sie zu einer dauerhaften und langlebigen Wahl f\u00fcr Z\u00e4une im Freien macht.<\/li>\n<li><strong>Pool Umz\u00e4unung<\/strong>: WPC-Wandplatten f\u00fcr den Au\u00dfenbereich f\u00fcr Gartenz\u00e4une sind eine beliebte Wahl f\u00fcr Poolz\u00e4une, da sie wasserdicht sind und rauen Wetterbedingungen standhalten. Sie k\u00f6nnen eine sichere und \u00e4sthetisch ansprechende Barriere um den Poolbereich bilden und das Gesamtbild des Raums verbessern.<\/li>\n<\/ul>\n<\/div>\n<div class=\"elementor-element elementor-element-1f676da elementor-widget elementor-widget-heading\" data-id=\"1f676da\" data-element_type=\"widget\" data-widget_type=\"heading.default\">\n<h4>Kontakt<\/h4>\n<p>Als professioneller Hersteller und Lieferant von hochwertigen WPC-Produkten sind wir bestrebt, Ihnen die besten L\u00f6sungen f\u00fcr Ihre Projekte im Au\u00dfenbereich zu bieten. Nehmen Sie noch heute Kontakt mit uns auf, um Ihre spezifischen Anforderungen zu besprechen und ein kostenloses Angebot zu erhalten.<\/p>\n<p>Whatsapp:+86 18566054354<\/p>\n<p>E-Mail: damon@meterny.com<\/p>\n<h3>Galerie<\/h3>\n<figure id=\"attachment_20843\" aria-describedby=\"caption-attachment-20843\" style=\"width: 1024px\" class=\"wp-caption alignnone\"><img loading=\"lazy\" decoding=\"async\" class=\"wp-image-20843\" src=\"https:\/\/meterny.com\/wp-content\/uploads\/2025\/01\/\u4e3b\u56fe5.jpg\" alt=\"WPC-Wandpaneele f\u00fcr die Terrassengestaltung im Freien\" width=\"1024\" height=\"1024\" srcset=\"https:\/\/meterny.com\/wp-content\/uploads\/2025\/01\/\u4e3b\u56fe5.jpg 900w, https:\/\/meterny.com\/wp-content\/uploads\/2025\/01\/\u4e3b\u56fe5-300x300.jpg 300w, https:\/\/meterny.com\/wp-content\/uploads\/2025\/01\/\u4e3b\u56fe5-150x150.jpg 150w, https:\/\/meterny.com\/wp-content\/uploads\/2025\/01\/\u4e3b\u56fe5-768x768.jpg 768w, https:\/\/meterny.com\/wp-content\/uploads\/2025\/01\/\u4e3b\u56fe5-600x600.jpg 600w, https:\/\/meterny.com\/wp-content\/uploads\/2025\/01\/\u4e3b\u56fe5-100x100.jpg 100w\" sizes=\"auto, (max-width: 1024px) 100vw, 1024px\" \/><figcaption id=\"caption-attachment-20843\" class=\"wp-caption-text\">WPC-Wandpaneele f\u00fcr den Au\u00dfenbereich: Versch\u00f6nern Sie Ihre Terrasse mit langlebigen und stilvollen Verkleidungen<\/figcaption><\/figure>\n<figure id=\"attachment_17339\" aria-describedby=\"caption-attachment-17339\" style=\"width: 1024px\" class=\"wp-caption alignnone\"><img loading=\"lazy\" decoding=\"async\" class=\"wp-image-17339\" src=\"https:\/\/meterny.com\/wp-content\/uploads\/2024\/04\/121-88.png\" alt=\"WPC-Wandpaneele f\u00fcr Kunstw\u00e4nde im Freien\" width=\"1024\" height=\"1024\" srcset=\"https:\/\/meterny.com\/wp-content\/uploads\/2024\/04\/121-88.png 800w, https:\/\/meterny.com\/wp-content\/uploads\/2024\/04\/121-88-300x300.png 300w, https:\/\/meterny.com\/wp-content\/uploads\/2024\/04\/121-88-150x150.png 150w, https:\/\/meterny.com\/wp-content\/uploads\/2024\/04\/121-88-768x768.png 768w, https:\/\/meterny.com\/wp-content\/uploads\/2024\/04\/121-88-600x600.png 600w, https:\/\/meterny.com\/wp-content\/uploads\/2024\/04\/121-88-100x100.png 100w\" sizes=\"auto, (max-width: 1024px) 100vw, 1024px\" \/><figcaption id=\"caption-attachment-17339\" class=\"wp-caption-text\">Mit WPC-Wandpaneelen atemberaubende Kunstw\u00e4nde im Freien schaffen<\/figcaption><\/figure>\n<h3>Mehr Details erfahren Sie, wenn Sie den Link zu youtube anklicken: <a href=\"https:\/\/youtu.be\/cW7s-_V3i-o\" target=\"_blank\" rel=\"noopener\">https:\/\/youtu.be\/cW7s-_V3i-o<\/a><\/h3>\n<p>&nbsp;<\/p>\n<\/div>\n<div class=\"elementor-element elementor-element-1f676da elementor-widget elementor-widget-heading\" data-id=\"1f676da\" data-element_type=\"widget\" data-widget_type=\"heading.default\">\n<h3>Farben Optionen<\/h3>\n<p>&nbsp;<\/p>\n<figure id=\"attachment_20293\" aria-describedby=\"caption-attachment-20293\" style=\"width: 1024px\" class=\"wp-caption alignnone\"><img loading=\"lazy\" decoding=\"async\" class=\"wp-image-20293\" src=\"https:\/\/meterny.com\/wp-content\/uploads\/2024\/10\/METE-Series-Colour-151.png\" alt=\"Meterny WPC-Zaun Farboptionen\" width=\"1024\" height=\"1024\" srcset=\"https:\/\/meterny.com\/wp-content\/uploads\/2024\/10\/METE-Series-Colour-151.png 900w, https:\/\/meterny.com\/wp-content\/uploads\/2024\/10\/METE-Series-Colour-151-300x300.png 300w, https:\/\/meterny.com\/wp-content\/uploads\/2024\/10\/METE-Series-Colour-151-150x150.png 150w, https:\/\/meterny.com\/wp-content\/uploads\/2024\/10\/METE-Series-Colour-151-768x768.png 768w, https:\/\/meterny.com\/wp-content\/uploads\/2024\/10\/METE-Series-Colour-151-600x600.png 600w, https:\/\/meterny.com\/wp-content\/uploads\/2024\/10\/METE-Series-Colour-151-100x100.png 100w\" sizes=\"auto, (max-width: 1024px) 100vw, 1024px\" \/><figcaption id=\"caption-attachment-20293\" class=\"wp-caption-text\">Entdecken Sie Meterny WPC-Zaun - Neun atemberaubende Farboptionen f\u00fcr jeden Stil<\/figcaption><\/figure>\n<div class=\"pop-container\">\n<div class=\"popcontent-hole\">\n<div class=\"pop-content\">\n<div class=\"normal___qxduM\">\n<div class=\"\">\n<div id=\"chat-markdown-cu123vos8jdneeo3jnsg-0-0\">\n<div class=\"markdown___vuBDJ\">\n<div class=\"markdown___vuBDJ\">\n<h3>Warum WPC-Wandplatten f\u00fcr Gartenz\u00e4une w\u00e4hlen?<\/h3>\n<h4>1.\u00a0<strong>Dauerhaftigkeit und Langlebigkeit<\/strong><\/h4>\n<p>WPC-Wandpaneele f\u00fcr Gartenz\u00e4une im Au\u00dfenbereich sind so konzipiert, dass sie dem Test der Zeit standhalten. Sie bestehen aus einer Kombination von Holzfasern und thermoplastischen Kunststoffen und bieten eine au\u00dfergew\u00f6hnliche Festigkeit und Formbest\u00e4ndigkeit. Sie sind resistent gegen F\u00e4ulnis, Verrottung und Insektenbefall und stellen sicher, dass Ihr Gartenzaun seine strukturelle Integrit\u00e4t und optische Attraktivit\u00e4t \u00fcber Jahre hinweg beibeh\u00e4lt.<\/p>\n<h4>2.\u00a0<strong>Geringe Wartung<\/strong><\/h4>\n<p>Einer der Hauptvorteile von WPC-Wandplatten f\u00fcr Gartenz\u00e4une ist ihr geringer Pflegeaufwand. Im Gegensatz zu traditionellen Holzpaneelen m\u00fcssen sie nicht gebeizt, gestrichen oder regelm\u00e4\u00dfig versiegelt werden. Eine routinem\u00e4\u00dfige Reinigung mit milder Seife und Wasser reicht in der Regel aus, um sie in einem tadellosen Zustand zu halten. Das macht sie zu einer praktischen Wahl f\u00fcr Hausbesitzer, die sowohl Zeit als auch Geld f\u00fcr die Pflege sparen.<\/p>\n<h4>3.\u00a0<strong>\u00c4sthetische Anziehungskraft<\/strong><\/h4>\n<p>WPC-Wandpaneele f\u00fcr Gartenz\u00e4une bieten eine breite Palette von Gestaltungsm\u00f6glichkeiten, mit denen Sie einen fesselnden und individuellen Gartenraum schaffen k\u00f6nnen. Mit den verschiedenen Farben, Texturen und Oberfl\u00e4chen k\u00f6nnen Sie die gew\u00fcnschte \u00c4sthetik erreichen, egal ob es sich um einen modernen, rustikalen oder zeitgen\u00f6ssischen Look handelt. Diese Paneele kombinieren m\u00fchelos die nat\u00fcrliche Sch\u00f6nheit von Holz mit der Haltbarkeit und Vielseitigkeit von Verbundwerkstoffen und verleihen jeder Umgebung W\u00e4rme und Eleganz.<\/p>\n<h4>4.\u00a0<strong>\u00d6kologische Nachhaltigkeit<\/strong><\/h4>\n<p>WPC-Wandplatten f\u00fcr Gartenz\u00e4une sind eine umweltfreundliche Alternative zu herk\u00f6mmlichen Holzplatten. Sie bestehen in der Regel aus recycelten Materialien, einschlie\u00dflich Holzfasern und recyceltem Kunststoff. Wenn Sie sich f\u00fcr WPC-Wandpaneele entscheiden, leisten Sie einen Beitrag zu nachhaltigen Praktiken, verringern die Nachfrage nach neuem Holz und tragen zur Abfallvermeidung bei.<\/p>\n<h4>5.\u00a0<strong>Feuchtigkeits- und Wetterbest\u00e4ndigkeit<\/strong><\/h4>\n<p>WPC-Wandpaneele f\u00fcr Gartenz\u00e4une im Au\u00dfenbereich sind feuchtigkeits- und witterungsbest\u00e4ndig und eignen sich daher sowohl f\u00fcr Innen- als auch f\u00fcr Au\u00dfenanwendungen. Sie sind resistent gegen Verziehen, Aufquellen und Schimmelbildung und gew\u00e4hrleisten eine langlebige und optisch ansprechende Wandoberfl\u00e4che auch in feuchten oder nassen Umgebungen. Das macht sie perfekt f\u00fcr G\u00e4rten und andere Au\u00dfenbereiche, in denen Feuchtigkeit ein Problem darstellt.<\/p>\n<h4>6.\u00a0<strong>Einfache Installation<\/strong><\/h4>\n<p>WPC-Wandpaneele f\u00fcr Gartenz\u00e4une sind leicht und einfach zu handhaben, so dass sie sich schneller installieren lassen. Alte Installationen mit gro\u00dfen physischen Materialien k\u00f6nnen m\u00fchsam und zeitaufwendig sein, w\u00e4hrend WPC-Wandpaneele in der Regel mit wenig Ausr\u00fcstung und minimalen Kenntnissen aufgestellt werden k\u00f6nnen. Dank einfach zu befolgender Montageverfahren k\u00f6nnen diese Paneele die Arbeitskosten minimieren und dazu beitragen, dass die Arbeiten termingerecht abgeschlossen werden, ohne dass die Qualit\u00e4t darunter leidet.<\/p>\n<h4>7.\u00a0<strong>Akustische und thermische Isolierung<\/strong><\/h4>\n<p>WPC-Wandplatten f\u00fcr Gartenz\u00e4une bieten eine hervorragende Schalld\u00e4mmung und machen Ihren Garten zu einem ruhigen und friedlichen R\u00fcckzugsort. Sie bieten auch eine W\u00e4rmed\u00e4mmung, die dazu beitr\u00e4gt, angenehme Temperaturen aufrechtzuerhalten und m\u00f6glicherweise die Energiekosten zu senken. Dies ist besonders n\u00fctzlich in Gebieten mit extremen Temperaturschwankungen.<\/p>\n<h4>8.\u00a0<strong>Widerstandsf\u00e4higkeit gegen Umwelteinfl\u00fcsse<\/strong><\/h4>\n<p>Diese Paneele sind so konstruiert, dass sie verschiedenen Umwelteinfl\u00fcssen wie Feuchtigkeit, UV-Strahlung und Temperaturschwankungen standhalten. Dadurch wird sichergestellt, dass die Platten auch unter rauen Bedingungen dauerhaft und attraktiv bleiben. Ob in feuchten Badezimmern, sonnigen Au\u00dfenbereichen oder kalten Klimazonen, WPC-Platten behalten ihre Leistung und ihr Aussehen und sind somit eine zuverl\u00e4ssige Wahl f\u00fcr jede Umgebung.<\/p>\n<h4>9.\u00a0<strong>Kosten-Wirksamkeit<\/strong><\/h4>\n<p>Obwohl die anf\u00e4nglichen Kosten f\u00fcr WPC-Wandplatten f\u00fcr Gartenz\u00e4une etwas h\u00f6her sind als die traditioneller Materialien wie Holz, \u00fcberwiegen die langfristigen Vorteile die Anfangsinvestition. Geringere Wartungskosten, l\u00e4ngere Lebensdauer und Energieeffizienz tragen zur Gesamtwirtschaftlichkeit bei. Im Laufe der Zeit k\u00f6nnen Sie mit WPC-Wandplatten f\u00fcr Gartenz\u00e4une Geld sparen und eine bessere Kapitalrendite erzielen.<\/p>\n<h4>10.\u00a0<strong>Schlagz\u00e4higkeit<\/strong><\/h4>\n<p>WPC-Wandpaneele f\u00fcr Gartenz\u00e4une im Au\u00dfenbereich sind sto\u00df- und kratzfest und eignen sich daher f\u00fcr stark frequentierte Bereiche oder Umgebungen, in denen es auf Langlebigkeit ankommt. Dies stellt sicher, dass die Paneele ihr Aussehen und ihre strukturelle Integrit\u00e4t im Laufe der Zeit beibehalten, selbst bei t\u00e4glicher Beanspruchung und Abnutzung.<\/p>\n<h4>11.\u00a0<strong>Anpassungsoptionen<\/strong><\/h4>\n<p>WPC-Wandplatten f\u00fcr den Au\u00dfenbereich f\u00fcr Gartenz\u00e4une bieten eine breite Palette von Anpassungsm\u00f6glichkeiten, einschlie\u00dflich verschiedener Gr\u00f6\u00dfen, Formen und Oberfl\u00e4chenbehandlungen. Dies erm\u00f6glicht ma\u00dfgeschneiderte L\u00f6sungen, die spezifische Designanforderungen und \u00e4sthetische Vorlieben erf\u00fcllen. Ganz gleich, ob Sie einen einfachen Zaun oder ein komplexes Design ben\u00f6tigen, die WPC-Wandplatten f\u00fcr Gartenz\u00e4une k\u00f6nnen an Ihre Bed\u00fcrfnisse angepasst werden.<\/p>\n<h4>12.\u00a0<strong>Feuerbest\u00e4ndigkeit<\/strong><\/h4>\n<p>WPC-Wandplatten f\u00fcr Gartenz\u00e4une sind feuerbest\u00e4ndig und damit eine sichere Wahl f\u00fcr Au\u00dfenbereiche. Dies ist besonders wichtig in Gebieten mit hohem Brandrisiko, da es zum Schutz Ihres Eigentums und der Umwelt beitr\u00e4gt.<\/p>\n<h3>Schlussfolgerung<\/h3>\n<p class=\"last-node\">WPC-Wandplatten f\u00fcr Gartenz\u00e4une bieten eine Kombination aus Langlebigkeit, geringem Wartungsaufwand und Umweltvertr\u00e4glichkeit. Sie sind eine ausgezeichnete Wahl, wenn es darum geht, die \u00e4sthetischen und funktionalen Aspekte Ihres Gartens zu verbessern. Sie bieten eine langlebige und optisch ansprechende L\u00f6sung, die modernen Baustandards und Umweltzielen gerecht wird. Verwandeln Sie Ihren Lebensraum im Freien mit der Eleganz und Haltbarkeit von WPC-Wandplatten f\u00fcr Gartenz\u00e4une<\/p>\n<\/div>\n<\/div>\n<\/div>\n<\/div>\n<\/div>\n<\/div>\n<\/div>\n<\/div>\n<\/div>","protected":false},"excerpt":{"rendered":"<p>\u00dcberlegene Qualit\u00e4t: Diese aus hochwertigen Materialien gefertigte WPC-Au\u00dfenplatte bietet Schutz vor den Elementen.<\/p>\n<p>Elegantes Design: Erh\u00f6hen Sie das \u00c4u\u00dfere Ihrer Immobilie mit eleganten und modernen Verkleidungen, die jeden architektonischen Stil erg\u00e4nzen.<\/p>\n<p>Einfache Installation: Es ist f\u00fcr eine problemlose Installation konzipiert, die Ihnen Zeit und M\u00fche erspart.<\/p>\n<p>Vielseitig: Ob f\u00fcr Wohn- oder Gewerbeimmobilien, dieses WPC-Paneel ist perfekt f\u00fcr alle Au\u00dfenverkleidungen geeignet.<\/p>\n<p>Umweltfreundlich: Hergestellt aus nachhaltigen Materialien, ist es die umweltbewusste Wahl f\u00fcr Ihre Au\u00dfengestaltung.<\/p>","protected":false},"featured_media":20841,"comment_status":"open","ping_status":"closed","template":"","meta":{"_uag_custom_page_level_css":"","site-sidebar-layout":"default","site-content-layout":"","ast-site-content-layout":"default","site-content-style":"default","site-sidebar-style":"default","ast-global-header-display":"","ast-banner-title-visibility":"","ast-main-header-display":"","ast-hfb-above-header-display":"","ast-hfb-below-header-display":"","ast-hfb-mobile-header-display":"","site-post-title":"","ast-breadcrumbs-content":"","ast-featured-img":"","footer-sml-layout":"","theme-transparent-header-meta":"default","adv-header-id-meta":"","stick-header-meta":"default","header-above-stick-meta":"","header-main-stick-meta":"","header-below-stick-meta":"","astra-migrate-meta-layouts":"set","ast-page-background-enabled":"default","ast-page-background-meta":{"desktop":{"background-color":"var(--ast-global-color-4)","background-image":"","background-repeat":"repeat","background-position":"center center","background-size":"auto","background-attachment":"scroll","background-type":"","background-media":"","overlay-type":"","overlay-color":"","overlay-opacity":"","overlay-gradient":""},"tablet":{"background-color":"","background-image":"","background-repeat":"repeat","background-position":"center center","background-size":"auto","background-attachment":"scroll","background-type":"","background-media":"","overlay-type":"","overlay-color":"","overlay-opacity":"","overlay-gradient":""},"mobile":{"background-color":"","background-image":"","background-repeat":"repeat","background-position":"center center","background-size":"auto","background-attachment":"scroll","background-type":"","background-media":"","overlay-type":"","overlay-color":"","overlay-opacity":"","overlay-gradient":""}},"ast-content-background-meta":{"desktop":{"background-color":"var(--ast-global-color-5)","background-image":"","background-repeat":"repeat","background-position":"center center","background-size":"auto","background-attachment":"scroll","background-type":"","background-media":"","overlay-type":"","overlay-color":"","overlay-opacity":"","overlay-gradient":""},"tablet":{"background-color":"var(--ast-global-color-5)","background-image":"","background-repeat":"repeat","background-position":"center center","background-size":"auto","background-attachment":"scroll","background-type":"","background-media":"","overlay-type":"","overlay-color":"","overlay-opacity":"","overlay-gradient":""},"mobile":{"background-color":"var(--ast-global-color-5)","background-image":"","background-repeat":"repeat","background-position":"center center","background-size":"auto","background-attachment":"scroll","background-type":"","background-media":"","overlay-type":"","overlay-color":"","overlay-opacity":"","overlay-gradient":""}}},"product_brand":[],"product_cat":[175],"product_tag":[184,180],"class_list":{"0":"post-20906","1":"product","2":"type-product","3":"status-publish","4":"has-post-thumbnail","6":"product_cat-exterior-wpc-wall","7":"product_tag-wpc-wall-exterior","8":"product_tag-wpc-wall-panel","9":"desktop-align-center","10":"tablet-align-left","11":"mobile-align-left","12":"ast-product-gallery-layout-horizontal-slider","13":"ast-product-tabs-layout-vertical","15":"first","16":"instock","17":"shipping-taxable","18":"product-type-simple"},"uagb_featured_image_src":{"full":["https:\/\/meterny.com\/wp-content\/uploads\/2025\/01\/75-136-scaled.jpg",2560,2560,false],"thumbnail":["https:\/\/meterny.com\/wp-content\/uploads\/2025\/01\/75-136-150x150.jpg",150,150,true],"medium":["https:\/\/meterny.com\/wp-content\/uploads\/2025\/01\/75-136-300x300.jpg",300,300,true],"medium_large":["https:\/\/meterny.com\/wp-content\/uploads\/2025\/01\/75-136-768x768.jpg",768,768,true],"large":["https:\/\/meterny.com\/wp-content\/uploads\/2025\/01\/75-136-1024x1024.jpg",1024,1024,true],"1536x1536":["https:\/\/meterny.com\/wp-content\/uploads\/2025\/01\/75-136-1536x1536.jpg",1536,1536,true],"2048x2048":["https:\/\/meterny.com\/wp-content\/uploads\/2025\/01\/75-136-2048x2048.jpg",2048,2048,true],"trp-custom-language-flag":["https:\/\/meterny.com\/wp-content\/uploads\/2025\/01\/75-136-scaled.jpg",12,12,false],"woocommerce_thumbnail":["https:\/\/meterny.com\/wp-content\/uploads\/2025\/01\/75-136-300x300.jpg",300,300,true],"woocommerce_single":["https:\/\/meterny.com\/wp-content\/uploads\/2025\/01\/75-136-600x600.jpg",600,600,true],"woocommerce_gallery_thumbnail":["https:\/\/meterny.com\/wp-content\/uploads\/2025\/01\/75-136-100x100.jpg",100,100,true]},"uagb_author_info":{"display_name":"meterny","author_link":"https:\/\/meterny.com\/de\/author\/"},"uagb_comment_info":0,"uagb_excerpt":"Superior Quality: Crafted from premium materials, this WPC Exterior panel offers protection against the elements. Stylish Design: Elevate the exterior of your property with sleek and modern cladding that complements any architectural style. Easy Installation: It is designed for hassle-free installation, saving you time and effort. Versatile: Whether it's for residential or commercial properties, This&hellip;","_links":{"self":[{"href":"https:\/\/meterny.com\/de\/wp-json\/wp\/v2\/product\/20906","targetHints":{"allow":["GET"]}}],"collection":[{"href":"https:\/\/meterny.com\/de\/wp-json\/wp\/v2\/product"}],"about":[{"href":"https:\/\/meterny.com\/de\/wp-json\/wp\/v2\/types\/product"}],"replies":[{"embeddable":true,"href":"https:\/\/meterny.com\/de\/wp-json\/wp\/v2\/comments?post=20906"}],"wp:featuredmedia":[{"embeddable":true,"href":"https:\/\/meterny.com\/de\/wp-json\/wp\/v2\/media\/20841"}],"wp:attachment":[{"href":"https:\/\/meterny.com\/de\/wp-json\/wp\/v2\/media?parent=20906"}],"wp:term":[{"taxonomy":"product_brand","embeddable":true,"href":"https:\/\/meterny.com\/de\/wp-json\/wp\/v2\/product_brand?post=20906"},{"taxonomy":"product_cat","embeddable":true,"href":"https:\/\/meterny.com\/de\/wp-json\/wp\/v2\/product_cat?post=20906"},{"taxonomy":"product_tag","embeddable":true,"href":"https:\/\/meterny.com\/de\/wp-json\/wp\/v2\/product_tag?post=20906"}],"curies":[{"name":"wp","href":"https:\/\/api.w.org\/{rel}","templated":true}]}}