{"id":21000,"date":"2025-01-14T07:34:48","date_gmt":"2025-01-14T07:34:48","guid":{"rendered":"https:\/\/meterny.com\/?post_type=product&#038;p=21000"},"modified":"2025-01-14T07:59:00","modified_gmt":"2025-01-14T07:59:00","slug":"fire-retardant-outdoor-wpc-wall-panels","status":"publish","type":"product","link":"https:\/\/meterny.com\/de\/produkt\/fire-retardant-outdoor-wpc-wall-panels\/","title":{"rendered":"Feuerhemmende WPC-Wandpaneele f\u00fcr den Au\u00dfenbereich"},"content":{"rendered":"<div class=\"elementor-element elementor-element-c0e1d42 elementor-widget elementor-widget-heading\" data-id=\"c0e1d42\" data-element_type=\"widget\" data-widget_type=\"heading.default\">\n<h2 style=\"text-align: center;\">Feuerhemmende WPC-Wandpaneele f\u00fcr den Au\u00dfenbereich<\/h2>\n<p>&nbsp;<\/p>\n<h2>Produkt\u00fcbersicht<\/h2>\n<p>Die feuerhemmenden WPC-Wandpaneele f\u00fcr den Au\u00dfenbereich sind so konzipiert, dass sie nicht nur \u00e4sthetisch ansprechend sind, sondern auch die Sicherheit im Au\u00dfenbereich erh\u00f6hen. Diese Paneele werden aus einer Kombination von Holzfasern und thermoplastischen Polymeren hergestellt und bieten ein nat\u00fcrliches, holz\u00e4hnliches Aussehen, w\u00e4hrend sie gleichzeitig strenge Brandschutznormen erf\u00fcllen. Sie sind eine ideale Wahl f\u00fcr verschiedene Anwendungen, einschlie\u00dflich Wohn- und Gesch\u00e4ftsgeb\u00e4uden, bei denen Sicherheit und Langlebigkeit an erster Stelle stehen.<\/p>\n<figure id=\"attachment_20949\" aria-describedby=\"caption-attachment-20949\" style=\"width: 1024px\" class=\"wp-caption alignnone\"><img loading=\"lazy\" decoding=\"async\" class=\"wp-image-20949\" src=\"https:\/\/meterny.com\/wp-content\/uploads\/2025\/01\/\u4e3b\u56fe3\uff081.jpg\" alt=\"Feuerhemmende WPC-Wandpaneele f\u00fcr den Au\u00dfenbereich\" width=\"1024\" height=\"1024\" srcset=\"https:\/\/meterny.com\/wp-content\/uploads\/2025\/01\/\u4e3b\u56fe3\uff081.jpg 800w, https:\/\/meterny.com\/wp-content\/uploads\/2025\/01\/\u4e3b\u56fe3\uff081-300x300.jpg 300w, https:\/\/meterny.com\/wp-content\/uploads\/2025\/01\/\u4e3b\u56fe3\uff081-150x150.jpg 150w, https:\/\/meterny.com\/wp-content\/uploads\/2025\/01\/\u4e3b\u56fe3\uff081-768x768.jpg 768w, https:\/\/meterny.com\/wp-content\/uploads\/2025\/01\/\u4e3b\u56fe3\uff081-600x600.jpg 600w, https:\/\/meterny.com\/wp-content\/uploads\/2025\/01\/\u4e3b\u56fe3\uff081-100x100.jpg 100w\" sizes=\"auto, (max-width: 1024px) 100vw, 1024px\" \/><figcaption id=\"caption-attachment-20949\" class=\"wp-caption-text\">Sichern Sie Ihren Au\u00dfenbereich mit feuerhemmenden WPC-Paneelen<\/figcaption><\/figure>\n<p><strong style=\"font-size: 1.5em;\">Produktspezifikationen<\/strong><span style=\"font-size: 1.5em; font-weight: bold;\">:<\/span><\/p>\n<ul>\n<li style=\"list-style-type: none;\">\n<ul>\n<li><strong>Material<\/strong>: Recycelte Holzfasern und Kunststoff<\/li>\n<li><strong>Abmessungen<\/strong>: 135*119*23mm\/217*201*28mm\/227*210*25mm, mit kundenspezifischen Anpassungen je nach Kundenwunsch.<\/li>\n<li><strong>Dicke<\/strong>: 23\/25\/28mm<\/li>\n<li><strong>Gewicht<\/strong>: 3kg\/Meter<\/li>\n<li><strong>Farboptionen<\/strong>: Erh\u00e4ltlich in 9 Standardfarben, mit der M\u00f6glichkeit zur individuellen Farbanpassung.<\/li>\n<li><strong>Oberfl\u00e4chenbehandlung<\/strong>: Erh\u00e4ltlich in konventioneller, geb\u00fcrsteter oder gepr\u00e4gter Ausf\u00fchrung.<\/li>\n<li><strong>Material<\/strong>: Hochwertiger Holz-Kunststoff-Verbundstoff (WPC) aus einer Mischung von Holzfasern und thermoplastischen Materialien (wie HDPE, PVC, PP)<\/li>\n<li><strong>Einbauverfahren<\/strong>: Nut und Feder, Klippsystem, etc.<\/li>\n<li><strong>Feuerbest\u00e4ndigkeit<\/strong>: Erf\u00fcllt die internationalen Brandschutznormen und bietet zus\u00e4tzliche Sicherheit f\u00fcr Ihr Zuhause.<\/li>\n<li><strong>UV-Schutz<\/strong>: Verbesserter UV-Schutz, um das Ausbleichen zu verhindern und das lebendige Aussehen der Verkleidung zu erhalten.<\/li>\n<li><strong>Garantie<\/strong>: mehr als 10 Jahre<\/li>\n<\/ul>\n<\/li>\n<\/ul>\n<h2>Wesentliche Merkmale<\/h2>\n<ul>\n<li><strong>Feuerbest\u00e4ndigkeit<\/strong>: Diese f\u00fcr die Brandklasse A entwickelten Platten haben einen h\u00f6heren Entz\u00fcndungspunkt und geben im Vergleich zu herk\u00f6mmlichen Materialien wie Holz oder Trockenbauw\u00e4nden weniger W\u00e4rme ab. Dies verringert das Risiko von Brandvorf\u00e4llen erheblich und tr\u00e4gt zur allgemeinen Sicherheit des Geb\u00e4udes bei.<\/li>\n<li><strong>Geringe Emission von Rauch und toxischen Gasen<\/strong>: Im Falle eines Brandes entwickeln WPC-Wandpaneele nur wenig Rauch und giftige Gase, was die Sicht verbessert und die Gesundheitsrisiken f\u00fcr die Bewohner verringert.<\/li>\n<li><strong>Strukturelle Integrit\u00e4t und Stabilit\u00e4t<\/strong>: Diese Platten sind stark und haltbar und behalten ihre strukturelle Integrit\u00e4t auch bei hohen Temperaturen. Ihre geringe W\u00e4rmeleitf\u00e4higkeit tr\u00e4gt dazu bei, die Ausbreitung von Feuer einzud\u00e4mmen und dessen Auswirkungen auf die Umgebung zu verringern.<\/li>\n<li><strong>Umweltfreundlichkeit<\/strong>: Die aus recycelten Holzfasern und Kunststoffen hergestellten WPC-Wandpaneele sind 100% recycelbar, wodurch Abfall vermieden und nat\u00fcrliche Ressourcen geschont werden.<\/li>\n<li><strong>Langlebigkeit und Wetterbest\u00e4ndigkeit<\/strong>: Die Paneele sind \u00e4u\u00dferst widerstandsf\u00e4hig gegen UV-Strahlen, Regen, Schnee und extreme Temperaturschwankungen und verziehen sich nicht, bekommen keine Risse und verblassen nicht.<\/li>\n<li><strong>Geringe Wartung<\/strong>: Leicht zu reinigen und zu pflegen, kein Streichen oder Beizen erforderlich. Ein einfaches Absp\u00fclen mit Wasser oder Abwischen mit einem weichen Tuch ist normalerweise ausreichend.<\/li>\n<li><strong>Anpassbare Optionen<\/strong>: Erh\u00e4ltlich in einer Vielzahl von Gr\u00f6\u00dfen, Farben und Oberfl\u00e4chenbehandlungen, die eine individuelle Anpassung an Ihre spezifischen Designanforderungen erm\u00f6glichen.<\/li>\n<\/ul>\n<\/div>\n<div class=\"elementor-element elementor-element-1f676da elementor-widget elementor-widget-heading\" data-id=\"1f676da\" data-element_type=\"widget\" data-widget_type=\"heading.default\">\n<h4>Kontakt<\/h4>\n<p>Als professioneller Hersteller und Lieferant von hochwertigen WPC-Produkten sind wir bestrebt, Ihnen die besten L\u00f6sungen f\u00fcr Ihre Projekte im Au\u00dfenbereich zu bieten. Nehmen Sie noch heute Kontakt mit uns auf, um Ihre spezifischen Anforderungen zu besprechen und ein kostenloses Angebot zu erhalten.<\/p>\n<p>Whatsapp:+86 18566054354<\/p>\n<p>E-Mail: damon@meterny.com<\/p>\n<h3>Wenn Sie mehr Details wissen wollen, klicken Sie bitte auf den Link zu youtube:<a href=\"https:\/\/youtu.be\/tvSl5yo4US0\" target=\"_blank\" rel=\"noopener\"> https:\/\/youtu.be\/tvSl5yo4US0<\/a><\/h3>\n<p>&nbsp;<\/p>\n<h3>Galerie<\/h3>\n<p>Feuerhemmende WPC-Wandpaneele f\u00fcr den Au\u00dfenbereich<\/p>\n<figure id=\"attachment_20950\" aria-describedby=\"caption-attachment-20950\" style=\"width: 1024px\" class=\"wp-caption alignnone\"><img loading=\"lazy\" decoding=\"async\" class=\"wp-image-20950\" src=\"https:\/\/meterny.com\/wp-content\/uploads\/2025\/01\/\u4e3b\u56fe9.jpg\" alt=\"Termitenresistente WPC-Wandpaneele f\u00fcr den Au\u00dfenbereich\" width=\"1024\" height=\"1024\" srcset=\"https:\/\/meterny.com\/wp-content\/uploads\/2025\/01\/\u4e3b\u56fe9.jpg 800w, https:\/\/meterny.com\/wp-content\/uploads\/2025\/01\/\u4e3b\u56fe9-300x300.jpg 300w, https:\/\/meterny.com\/wp-content\/uploads\/2025\/01\/\u4e3b\u56fe9-150x150.jpg 150w, https:\/\/meterny.com\/wp-content\/uploads\/2025\/01\/\u4e3b\u56fe9-768x768.jpg 768w, https:\/\/meterny.com\/wp-content\/uploads\/2025\/01\/\u4e3b\u56fe9-600x600.jpg 600w, https:\/\/meterny.com\/wp-content\/uploads\/2025\/01\/\u4e3b\u56fe9-100x100.jpg 100w\" sizes=\"auto, (max-width: 1024px) 100vw, 1024px\" \/><figcaption id=\"caption-attachment-20950\" class=\"wp-caption-text\">Sch\u00fctzen Sie Ihren Au\u00dfenbereich mit WPC-Paneelen vor Termiten<\/figcaption><\/figure>\n<p>Feuerhemmende WPC-Wandpaneele f\u00fcr den Au\u00dfenbereich<\/p>\n<figure id=\"attachment_20947\" aria-describedby=\"caption-attachment-20947\" style=\"width: 1024px\" class=\"wp-caption alignnone\"><img loading=\"lazy\" decoding=\"async\" class=\"wp-image-20947\" src=\"https:\/\/meterny.com\/wp-content\/uploads\/2025\/01\/75-155.jpg\" alt=\"UV-gesch\u00fctzte WPC-Wandpaneele f\u00fcr die Wanddekoration im Freien\" width=\"1024\" height=\"1024\" srcset=\"https:\/\/meterny.com\/wp-content\/uploads\/2025\/01\/75-155.jpg 800w, https:\/\/meterny.com\/wp-content\/uploads\/2025\/01\/75-155-300x300.jpg 300w, https:\/\/meterny.com\/wp-content\/uploads\/2025\/01\/75-155-150x150.jpg 150w, https:\/\/meterny.com\/wp-content\/uploads\/2025\/01\/75-155-768x768.jpg 768w, https:\/\/meterny.com\/wp-content\/uploads\/2025\/01\/75-155-600x600.jpg 600w, https:\/\/meterny.com\/wp-content\/uploads\/2025\/01\/75-155-100x100.jpg 100w\" sizes=\"auto, (max-width: 1024px) 100vw, 1024px\" \/><figcaption id=\"caption-attachment-20947\" class=\"wp-caption-text\">Sch\u00fctzen Sie Ihren Au\u00dfenbereich mit WPC-Paneelen vor UV-Strahlen<\/figcaption><\/figure>\n<p>Feuerhemmende WPC-Wandpaneele f\u00fcr den Au\u00dfenbereich<\/p>\n<figure id=\"attachment_20956\" aria-describedby=\"caption-attachment-20956\" style=\"width: 1024px\" class=\"wp-caption alignnone\"><img loading=\"lazy\" decoding=\"async\" class=\"wp-image-20956\" src=\"https:\/\/meterny.com\/wp-content\/uploads\/2025\/01\/75-178-300x300-1.png\" alt=\"L\u00e4rmreduzierende WPC-Wandpaneele f\u00fcr den Au\u00dfenbereich\" width=\"1024\" height=\"1024\" srcset=\"https:\/\/meterny.com\/wp-content\/uploads\/2025\/01\/75-178-300x300-1.png 800w, https:\/\/meterny.com\/wp-content\/uploads\/2025\/01\/75-178-300x300-1-300x300.png 300w, https:\/\/meterny.com\/wp-content\/uploads\/2025\/01\/75-178-300x300-1-150x150.png 150w, https:\/\/meterny.com\/wp-content\/uploads\/2025\/01\/75-178-300x300-1-768x768.png 768w, https:\/\/meterny.com\/wp-content\/uploads\/2025\/01\/75-178-300x300-1-600x600.png 600w, https:\/\/meterny.com\/wp-content\/uploads\/2025\/01\/75-178-300x300-1-100x100.png 100w\" sizes=\"auto, (max-width: 1024px) 100vw, 1024px\" \/><figcaption id=\"caption-attachment-20956\" class=\"wp-caption-text\">Schaffen Sie einen ruhigen Platz im Freien mit l\u00e4rmmindernden WPC-Paneelen<\/figcaption><\/figure>\n<\/div>\n<div class=\"elementor-element elementor-element-1f676da elementor-widget elementor-widget-heading\" data-id=\"1f676da\" data-element_type=\"widget\" data-widget_type=\"heading.default\">\n<h3>Farben Optionen<\/h3>\n<p>Feuerhemmende WPC-Wandpaneele f\u00fcr den Au\u00dfenbereich<\/p>\n<p>&nbsp;<\/p>\n<figure id=\"attachment_20293\" aria-describedby=\"caption-attachment-20293\" style=\"width: 1024px\" class=\"wp-caption alignnone\"><img loading=\"lazy\" decoding=\"async\" class=\"wp-image-20293\" src=\"https:\/\/meterny.com\/wp-content\/uploads\/2024\/10\/METE-Series-Colour-151.png\" alt=\"Meterny WPC-Zaun Farboptionen\" width=\"1024\" height=\"1024\" srcset=\"https:\/\/meterny.com\/wp-content\/uploads\/2024\/10\/METE-Series-Colour-151.png 900w, https:\/\/meterny.com\/wp-content\/uploads\/2024\/10\/METE-Series-Colour-151-300x300.png 300w, https:\/\/meterny.com\/wp-content\/uploads\/2024\/10\/METE-Series-Colour-151-150x150.png 150w, https:\/\/meterny.com\/wp-content\/uploads\/2024\/10\/METE-Series-Colour-151-768x768.png 768w, https:\/\/meterny.com\/wp-content\/uploads\/2024\/10\/METE-Series-Colour-151-600x600.png 600w, https:\/\/meterny.com\/wp-content\/uploads\/2024\/10\/METE-Series-Colour-151-100x100.png 100w\" sizes=\"auto, (max-width: 1024px) 100vw, 1024px\" \/><figcaption id=\"caption-attachment-20293\" class=\"wp-caption-text\">Entdecken Sie Meterny WPC-Zaun - Neun atemberaubende Farboptionen f\u00fcr jeden Stil<\/figcaption><\/figure>\n<div class=\"pop-container\">\n<div class=\"popcontent-hole\">\n<div class=\"pop-content\">\n<div class=\"normal___qxduM\">\n<div class=\"\">\n<div id=\"chat-markdown-cu123vos8jdneeo3jnsg-0-0\">\n<div class=\"markdown___vuBDJ\">\n<div class=\"markdown___vuBDJ\">\n<h3><strong>Warum sollten Sie sich f\u00fcr feuerhemmende WPC-Wandpaneele f\u00fcr den Au\u00dfenbereich entscheiden?<\/strong><\/h3>\n<p>&nbsp;<\/p>\n<div class=\"inter-wCaKYV\">\n<div class=\"container-ncFTrL\">\n<div class=\"item-KOa3z_\">\n<div class=\"container-rBgb6B chrome70-container\">\n<div class=\"inner-LOKNYu inner-item-AQrr_W\" data-target-id=\"message-box-target-id\" data-testid=\"union_message\">\n<div class=\"message-block-container-CKPFh2\" data-testid=\"message-block-container\">\n<div class=\"message-box-y4MH8s\" data-testid=\"receive_message\">\n<div class=\"message-box-content-wrapper-fgNGpz\">\n<div class=\"message-content message-box-content-xoCEoU receive-message-box-content-bNaFpa samantha-message-box-content-gWlptz\" data-testid=\"message_content\">\n<div class=\"container-ZYIsnH flow-markdown-body theme-samantha-Nbr9UN\" dir=\"ltr\" data-testid=\"message_text_content\" data-show-indicator=\"false\">\n<div class=\"auto-hide-last-sibling-br paragraph-JOTKXA paragraph-element br-paragraph-space\">Es gibt mehrere Gr\u00fcnde, sich f\u00fcr feuerhemmende WPC-Wandplatten f\u00fcr den Au\u00dfenbereich zu entscheiden:<\/div>\n<h3 class=\"header-vfC6AV auto-hide-last-sibling-br\">Erh\u00f6hte Brandsicherheit<\/h3>\n<p>&nbsp;<\/p>\n<ul class=\"auto-hide-last-sibling-br\">\n<li><strong>Hemmung der Brandausbreitung<\/strong>: Feuerhemmende WPC-Wandplatten f\u00fcr den Au\u00dfenbereich sind so konzipiert, dass sie die Ausbreitung von Feuer verlangsamen oder sogar verhindern. Im Falle eines Brandes k\u00f6nnen diese Paneele als Barriere fungieren und das Risiko einer schnellen Ausbreitung des Feuers \u00fcber die Au\u00dfenseite des Geb\u00e4udes verringern, was den Bewohnern wertvolle Zeit f\u00fcr die Evakuierung und den Einsatz der Feuerwehr verschafft.<\/li>\n<li><strong>Geringere Emission von Rauch und toxischen Gasen<\/strong>: Wenn sie einem Feuer ausgesetzt sind, entwickeln sie in der Regel weniger Rauch und giftige Gase als andere Materialien. Dies ist von entscheidender Bedeutung, da das Einatmen von Rauch eine der Hauptursachen f\u00fcr Todesf\u00e4lle bei Br\u00e4nden ist und weniger Rauch f\u00fcr eine bessere Sicht und sicherere Evakuierungswege f\u00fcr die Menschen im Geb\u00e4ude sorgt.<\/li>\n<\/ul>\n<h3 class=\"header-vfC6AV auto-hide-last-sibling-br\">Einhaltung von Vorschriften<\/h3>\n<p>&nbsp;<\/p>\n<ul class=\"auto-hide-last-sibling-br\">\n<li><strong>Einhaltung der Bauvorschriften<\/strong>: Die meisten baurechtlichen Vorschriften und Bestimmungen schreiben die Verwendung von feuerfesten Materialien f\u00fcr bestimmte Anwendungen vor, insbesondere in gewerblichen und \u00f6ffentlichen Geb\u00e4uden. Feuerhemmende WPC-Wandpaneele, die die geforderten Feuerwiderstandsklassen erf\u00fcllen, stellen sicher, dass das Geb\u00e4ude diesen Vorschriften entspricht, und vermeiden potenzielle rechtliche Probleme und Verbindlichkeiten.<\/li>\n<\/ul>\n<h3 class=\"header-vfC6AV auto-hide-last-sibling-br\">Dauerhaftigkeit und Langlebigkeit<\/h3>\n<p>&nbsp;<\/p>\n<ul class=\"auto-hide-last-sibling-br\">\n<li><strong>Widerstandsf\u00e4higkeit gegen raue Au\u00dfenbedingungen<\/strong>: Zus\u00e4tzlich zu ihren feuerhemmenden Eigenschaften sind diese Platten auch f\u00fcr den harten Einsatz im Freien ausgelegt. Sie sind resistent gegen Feuchtigkeit, UV-Strahlung, Temperaturschwankungen und Sch\u00e4dlinge, was bedeutet, dass sie nicht nur Brandschutz bieten, sondern auch ihre strukturelle Integrit\u00e4t und ihr Aussehen im Laufe der Zeit beibehalten, was den Bedarf an h\u00e4ufigem Austausch und Reparaturen reduziert.<\/li>\n<li><strong>Chemikalien- und Korrosionsbest\u00e4ndigkeit<\/strong>: Die Kombination von Holzfasern und Kunststoffpolymeren in WPC f\u00fchrt zusammen mit feuerhemmenden Zus\u00e4tzen oft zu einer guten Chemikalien- und Korrosionsbest\u00e4ndigkeit. Dadurch eignen sie sich f\u00fcr den Einsatz in einer Vielzahl von Au\u00dfenumgebungen, einschlie\u00dflich solcher mit hoher Luftfeuchtigkeit oder Exposition gegen\u00fcber industriellen Schadstoffen.<\/li>\n<\/ul>\n<h3 class=\"header-vfC6AV auto-hide-last-sibling-br\">\u00c4sthetik und Vielseitigkeit<\/h3>\n<p>&nbsp;<\/p>\n<ul class=\"auto-hide-last-sibling-br\">\n<li><strong>Breite Palette an Designoptionen<\/strong>: Feuerhemmende WPC-Wandpaneele f\u00fcr den Au\u00dfenbereich gibt es in einer Vielzahl von Farben, Texturen und Oberfl\u00e4chen, die kreative und individuelle Gestaltungsm\u00f6glichkeiten bieten. Sie k\u00f6nnen das Aussehen von nat\u00fcrlichem Holz, Stein oder anderen Materialien imitieren und bieten Architekten und Designern die Flexibilit\u00e4t, die gew\u00fcnschte \u00c4sthetik zu erreichen und gleichzeitig die Brandschutzanforderungen zu erf\u00fcllen.<\/li>\n<li><strong>Einfache Integration mit anderen Materialien<\/strong>: Diese Paneele lassen sich leicht mit anderen Baumaterialien wie Metall, Glas oder Beton kombinieren und erm\u00f6glichen so einzigartige und moderne architektonische Designs.<\/li>\n<\/ul>\n<h3 class=\"header-vfC6AV auto-hide-last-sibling-br\">Umweltfreundlichkeit<\/h3>\n<p>&nbsp;<\/p>\n<ul class=\"auto-hide-last-sibling-br\">\n<li><strong>Verwendung von recycelten Materialien<\/strong>: WPC-Wandpaneele werden h\u00e4ufig aus recycelten Holzfasern und Kunststoffpolymeren hergestellt, was den Bedarf an neuen Materialien reduziert und die Abfallmenge verringert. Dies macht sie zu einer umweltfreundlichen Wahl im Vergleich zu einigen traditionellen Baumaterialien.<\/li>\n<li><strong>Niedriger Kohlenstoff-Fu\u00dfabdruck<\/strong>: Bei der Herstellung von feuerhemmenden WPC-Wandplatten wird in der Regel weniger Energie verbraucht und es werden weniger Treibhausgase freigesetzt als bei der Herstellung einiger anderer feuerfester Materialien, was einen weiteren Beitrag zur \u00f6kologischen Nachhaltigkeit leistet.<\/li>\n<\/ul>\n<h3 class=\"header-vfC6AV auto-hide-last-sibling-br\">Kosten-Wirksamkeit<\/h3>\n<p>&nbsp;<\/p>\n<ul class=\"auto-hide-last-sibling-br\">\n<li><strong>Reduzierte Versicherungskosten<\/strong>: Die Verwendung von feuerhemmenden Materialien kann oft zu niedrigeren Versicherungspr\u00e4mien f\u00fcr Geb\u00e4ude f\u00fchren, da sie ein geringeres Risiko f\u00fcr Brandsch\u00e4den darstellen. Dies kann auf lange Sicht zu erheblichen Kosteneinsparungen f\u00fchren.<\/li>\n<li><strong>Langfristige Investitionen<\/strong>: Obwohl die anf\u00e4nglichen Kosten f\u00fcr feuerhemmende WPC-Wandpaneele f\u00fcr den Au\u00dfenbereich etwas h\u00f6her sind als die einiger nicht feuerhemmender Alternativen, sind sie aufgrund ihrer Langlebigkeit, ihres geringen Wartungsbedarfs und ihres Potenzials zur Verringerung brandbedingter Sch\u00e4den langfristig eine kosteneffiziente Investition.<\/li>\n<\/ul>\n<\/div>\n<\/div>\n<\/div>\n<div class=\"answer-action-bar-wEWc6C bottom-action-bar-wrapper-qtqrci large-space-b582O0 answer-action-bar\" data-testid=\"message_action_bar\"><\/div>\n<\/div>\n<\/div>\n<\/div>\n<\/div>\n<\/div>\n<\/div>\n<\/div>\n<\/div>\n<\/div>\n<\/div>\n<\/div>\n<\/div>\n<\/div>\n<\/div>\n<\/div>\n<\/div>","protected":false},"excerpt":{"rendered":"<p>\u00dcberlegene Qualit\u00e4t: Diese aus hochwertigen Materialien gefertigte WPC-Au\u00dfenplatte bietet Schutz vor den Elementen.<\/p>\n<p>Elegantes Design: Erh\u00f6hen Sie das \u00c4u\u00dfere Ihrer Immobilie mit eleganten und modernen Verkleidungen, die jeden architektonischen Stil erg\u00e4nzen.<\/p>\n<p>Einfache Installation: Es ist f\u00fcr eine problemlose Installation konzipiert, die Ihnen Zeit und M\u00fche erspart.<\/p>\n<p>Vielseitig: Ob f\u00fcr Wohn- oder Gewerbeimmobilien, dieses WPC-Paneel ist perfekt f\u00fcr alle Au\u00dfenverkleidungen geeignet.<\/p>\n<p>Umweltfreundlich: Hergestellt aus nachhaltigen Materialien, ist es die umweltbewusste Wahl f\u00fcr Ihre Au\u00dfengestaltung.<\/p>","protected":false},"featured_media":20949,"comment_status":"open","ping_status":"closed","template":"","meta":{"_uag_custom_page_level_css":"","site-sidebar-layout":"default","site-content-layout":"","ast-site-content-layout":"default","site-content-style":"default","site-sidebar-style":"default","ast-global-header-display":"","ast-banner-title-visibility":"","ast-main-header-display":"","ast-hfb-above-header-display":"","ast-hfb-below-header-display":"","ast-hfb-mobile-header-display":"","site-post-title":"","ast-breadcrumbs-content":"","ast-featured-img":"","footer-sml-layout":"","theme-transparent-header-meta":"default","adv-header-id-meta":"","stick-header-meta":"default","header-above-stick-meta":"","header-main-stick-meta":"","header-below-stick-meta":"","astra-migrate-meta-layouts":"set","ast-page-background-enabled":"default","ast-page-background-meta":{"desktop":{"background-color":"var(--ast-global-color-4)","background-image":"","background-repeat":"repeat","background-position":"center center","background-size":"auto","background-attachment":"scroll","background-type":"","background-media":"","overlay-type":"","overlay-color":"","overlay-opacity":"","overlay-gradient":""},"tablet":{"background-color":"","background-image":"","background-repeat":"repeat","background-position":"center center","background-size":"auto","background-attachment":"scroll","background-type":"","background-media":"","overlay-type":"","overlay-color":"","overlay-opacity":"","overlay-gradient":""},"mobile":{"background-color":"","background-image":"","background-repeat":"repeat","background-position":"center center","background-size":"auto","background-attachment":"scroll","background-type":"","background-media":"","overlay-type":"","overlay-color":"","overlay-opacity":"","overlay-gradient":""}},"ast-content-background-meta":{"desktop":{"background-color":"var(--ast-global-color-5)","background-image":"","background-repeat":"repeat","background-position":"center center","background-size":"auto","background-attachment":"scroll","background-type":"","background-media":"","overlay-type":"","overlay-color":"","overlay-opacity":"","overlay-gradient":""},"tablet":{"background-color":"var(--ast-global-color-5)","background-image":"","background-repeat":"repeat","background-position":"center center","background-size":"auto","background-attachment":"scroll","background-type":"","background-media":"","overlay-type":"","overlay-color":"","overlay-opacity":"","overlay-gradient":""},"mobile":{"background-color":"var(--ast-global-color-5)","background-image":"","background-repeat":"repeat","background-position":"center center","background-size":"auto","background-attachment":"scroll","background-type":"","background-media":"","overlay-type":"","overlay-color":"","overlay-opacity":"","overlay-gradient":""}}},"product_brand":[],"product_cat":[175],"product_tag":[184,180],"class_list":{"0":"post-21000","1":"product","2":"type-product","3":"status-publish","4":"has-post-thumbnail","6":"product_cat-exterior-wpc-wall","7":"product_tag-wpc-wall-exterior","8":"product_tag-wpc-wall-panel","9":"desktop-align-center","10":"tablet-align-left","11":"mobile-align-left","12":"ast-product-gallery-layout-horizontal-slider","13":"ast-product-tabs-layout-vertical","15":"first","16":"instock","17":"shipping-taxable","18":"product-type-simple"},"uagb_featured_image_src":{"full":["https:\/\/meterny.com\/wp-content\/uploads\/2025\/01\/\u4e3b\u56fe3\uff081.jpg",800,800,false],"thumbnail":["https:\/\/meterny.com\/wp-content\/uploads\/2025\/01\/\u4e3b\u56fe3\uff081-150x150.jpg",150,150,true],"medium":["https:\/\/meterny.com\/wp-content\/uploads\/2025\/01\/\u4e3b\u56fe3\uff081-300x300.jpg",300,300,true],"medium_large":["https:\/\/meterny.com\/wp-content\/uploads\/2025\/01\/\u4e3b\u56fe3\uff081-768x768.jpg",768,768,true],"large":["https:\/\/meterny.com\/wp-content\/uploads\/2025\/01\/\u4e3b\u56fe3\uff081.jpg",800,800,false],"1536x1536":["https:\/\/meterny.com\/wp-content\/uploads\/2025\/01\/\u4e3b\u56fe3\uff081.jpg",800,800,false],"2048x2048":["https:\/\/meterny.com\/wp-content\/uploads\/2025\/01\/\u4e3b\u56fe3\uff081.jpg",800,800,false],"trp-custom-language-flag":["https:\/\/meterny.com\/wp-content\/uploads\/2025\/01\/\u4e3b\u56fe3\uff081.jpg",12,12,false],"woocommerce_thumbnail":["https:\/\/meterny.com\/wp-content\/uploads\/2025\/01\/\u4e3b\u56fe3\uff081-300x300.jpg",300,300,true],"woocommerce_single":["https:\/\/meterny.com\/wp-content\/uploads\/2025\/01\/\u4e3b\u56fe3\uff081-600x600.jpg",600,600,true],"woocommerce_gallery_thumbnail":["https:\/\/meterny.com\/wp-content\/uploads\/2025\/01\/\u4e3b\u56fe3\uff081-100x100.jpg",100,100,true]},"uagb_author_info":{"display_name":"meterny","author_link":"https:\/\/meterny.com\/de\/author\/"},"uagb_comment_info":0,"uagb_excerpt":"Superior Quality: Crafted from premium materials, this WPC Exterior panel offers protection against the elements. Stylish Design: Elevate the exterior of your property with sleek and modern cladding that complements any architectural style. Easy Installation: It is designed for hassle-free installation, saving you time and effort. Versatile: Whether it's for residential or commercial properties, This&hellip;","_links":{"self":[{"href":"https:\/\/meterny.com\/de\/wp-json\/wp\/v2\/product\/21000","targetHints":{"allow":["GET"]}}],"collection":[{"href":"https:\/\/meterny.com\/de\/wp-json\/wp\/v2\/product"}],"about":[{"href":"https:\/\/meterny.com\/de\/wp-json\/wp\/v2\/types\/product"}],"replies":[{"embeddable":true,"href":"https:\/\/meterny.com\/de\/wp-json\/wp\/v2\/comments?post=21000"}],"wp:featuredmedia":[{"embeddable":true,"href":"https:\/\/meterny.com\/de\/wp-json\/wp\/v2\/media\/20949"}],"wp:attachment":[{"href":"https:\/\/meterny.com\/de\/wp-json\/wp\/v2\/media?parent=21000"}],"wp:term":[{"taxonomy":"product_brand","embeddable":true,"href":"https:\/\/meterny.com\/de\/wp-json\/wp\/v2\/product_brand?post=21000"},{"taxonomy":"product_cat","embeddable":true,"href":"https:\/\/meterny.com\/de\/wp-json\/wp\/v2\/product_cat?post=21000"},{"taxonomy":"product_tag","embeddable":true,"href":"https:\/\/meterny.com\/de\/wp-json\/wp\/v2\/product_tag?post=21000"}],"curies":[{"name":"wp","href":"https:\/\/api.w.org\/{rel}","templated":true}]}}