{"id":21002,"date":"2025-01-14T07:59:19","date_gmt":"2025-01-14T07:59:19","guid":{"rendered":"https:\/\/meterny.com\/?post_type=product&#038;p=21002"},"modified":"2025-01-14T08:37:43","modified_gmt":"2025-01-14T08:37:43","slug":"termite-resistant-wpc-wall-panels-outdoor-wall","status":"publish","type":"product","link":"https:\/\/meterny.com\/de\/produkt\/termite-resistant-wpc-wall-panels-outdoor-wall\/","title":{"rendered":"Termitenresistente WPC-Wandpaneele Au\u00dfenwand"},"content":{"rendered":"<div class=\"elementor-element elementor-element-c0e1d42 elementor-widget elementor-widget-heading\" data-id=\"c0e1d42\" data-element_type=\"widget\" data-widget_type=\"heading.default\">\n<h2 style=\"text-align: center;\">Termitenresistente WPC-Wandpaneele Au\u00dfenwand<\/h2>\n<p>&nbsp;<\/p>\n<h2>Produkt\u00fcbersicht<\/h2>\n<p>Termitenresistente WPC-Wandpaneele sind ein Verbundwerkstoff aus Holzfasern und Kunststoff, der eine hervorragende Resistenz gegen Insekten und Termiten bietet und sich daher ideal f\u00fcr den Einsatz in feuchten oder regnerischen Gebieten eignet. Diese Paneele sind nicht nur \u00e4sthetisch ansprechend, sondern auch langlebig und umweltfreundlich, was sie zu einer perfekten Wahl f\u00fcr die Wanddekoration im Au\u00dfenbereich macht.<\/p>\n<figure id=\"attachment_20950\" aria-describedby=\"caption-attachment-20950\" style=\"width: 1024px\" class=\"wp-caption alignnone\"><img loading=\"lazy\" decoding=\"async\" class=\"wp-image-20950\" src=\"https:\/\/meterny.com\/wp-content\/uploads\/2025\/01\/\u4e3b\u56fe9.jpg\" alt=\"Termitenresistente WPC-Wandpaneele Au\u00dfenwand\" width=\"1024\" height=\"1024\" srcset=\"https:\/\/meterny.com\/wp-content\/uploads\/2025\/01\/\u4e3b\u56fe9.jpg 800w, https:\/\/meterny.com\/wp-content\/uploads\/2025\/01\/\u4e3b\u56fe9-300x300.jpg 300w, https:\/\/meterny.com\/wp-content\/uploads\/2025\/01\/\u4e3b\u56fe9-150x150.jpg 150w, https:\/\/meterny.com\/wp-content\/uploads\/2025\/01\/\u4e3b\u56fe9-768x768.jpg 768w, https:\/\/meterny.com\/wp-content\/uploads\/2025\/01\/\u4e3b\u56fe9-600x600.jpg 600w, https:\/\/meterny.com\/wp-content\/uploads\/2025\/01\/\u4e3b\u56fe9-100x100.jpg 100w\" sizes=\"auto, (max-width: 1024px) 100vw, 1024px\" \/><figcaption id=\"caption-attachment-20950\" class=\"wp-caption-text\">Sch\u00fctzen Sie Ihren Au\u00dfenbereich mit WPC-Paneelen vor Termiten<\/figcaption><\/figure>\n<p><strong style=\"font-size: 1.5em;\">Produktspezifikationen<\/strong><span style=\"font-size: 1.5em; font-weight: bold;\">:<\/span><\/p>\n<ul>\n<li style=\"list-style-type: none;\">\n<ul>\n<li><strong>Material<\/strong>: Recycelte Holzfasern und Kunststoff<\/li>\n<li><strong>Abmessungen<\/strong>: 135*119*23mm\/217*201*28mm\/227*210*25mm, mit kundenspezifischen Anpassungen je nach Kundenwunsch.<\/li>\n<li><strong>Dicke<\/strong>: 23\/25\/28mm<\/li>\n<li><strong>Gewicht<\/strong>: 3kg\/Meter<\/li>\n<li><strong>Farboptionen<\/strong>: Erh\u00e4ltlich in 9 Standardfarben, mit der M\u00f6glichkeit zur individuellen Farbanpassung.<\/li>\n<li><strong>Oberfl\u00e4chenbehandlung<\/strong>: Erh\u00e4ltlich in konventioneller, geb\u00fcrsteter oder gepr\u00e4gter Ausf\u00fchrung.<\/li>\n<li><strong>Material<\/strong>: Hochwertiger Holz-Kunststoff-Verbundstoff (WPC) aus einer Mischung von Holzfasern und thermoplastischen Materialien (wie HDPE, PVC, PP)<\/li>\n<li><strong>Einbauverfahren<\/strong>: Nut und Feder, Klippsystem, etc.<\/li>\n<li><strong>Feuerbest\u00e4ndigkeit<\/strong>: Erf\u00fcllt die internationalen Brandschutznormen und bietet zus\u00e4tzliche Sicherheit f\u00fcr Ihr Zuhause.<\/li>\n<li><strong>UV-Schutz<\/strong>: Verbesserter UV-Schutz, um das Ausbleichen zu verhindern und das lebendige Aussehen der Verkleidung zu erhalten.<\/li>\n<li><strong>Garantie<\/strong>: mehr als 10 Jahre<\/li>\n<\/ul>\n<\/li>\n<\/ul>\n<h2>Wesentliche Merkmale<\/h2>\n<ul>\n<li><strong>Resistenz gegen Insekten und Termiten<\/strong>: WPC-Wandpaneele sind resistent gegen Insektenbefall und Schimmelbildung und eignen sich daher f\u00fcr den Einsatz in feuchten oder regnerischen Klimazonen.<\/li>\n<li><strong>Wasser- und Feuchtigkeitsbest\u00e4ndigkeit<\/strong>: Im Gegensatz zu herk\u00f6mmlichem Holz, das bei hoher Luftfeuchtigkeit aufquellen und verrotten kann, lassen sich diese Probleme bei WPC-Wandpaneelen leicht vermeiden, so dass eine lange Lebensdauer und ein einheitliches Aussehen gew\u00e4hrleistet sind.<\/li>\n<li><strong>Feuerbest\u00e4ndigkeit<\/strong>: WPC-Wandpaneele haben ausgezeichnete feuerhemmende Eigenschaften, die die Ausbreitung von Feuer effektiv verlangsamen und die Sicherheit von Wohn- und Arbeitsr\u00e4umen erh\u00f6hen.<\/li>\n<li><strong>Geringe Wartung<\/strong>: WPC-Wandpaneele m\u00fcssen nicht regelm\u00e4\u00dfig gestrichen oder behandelt werden, wie es bei herk\u00f6mmlichem Holz der Fall ist. Sie sind leicht zu reinigen und brauchen in der Regel nur mit Wasser abgesp\u00fclt zu werden, um Schmutz zu entfernen, was die Wartungskosten und den Arbeitsaufwand erheblich reduziert.<\/li>\n<li><strong>\u00c4sthetische Anziehungskraft<\/strong>: WPC-Wandplatten gibt es in einer Vielzahl von Farben und Strukturen, die das Aussehen von nat\u00fcrlichem Holz imitieren. Sie sind in einer Reihe von Stilen erh\u00e4ltlich, die zum Gesamtdesign traditioneller oder moderner Geb\u00e4ude passen, und ihre Farbstabilit\u00e4t verhindert das Ausbleichen und erh\u00f6ht den \u00e4sthetischen Wert des Geb\u00e4udes.<\/li>\n<li><strong>Einfache Installation<\/strong>: WPC-Wandpaneele zeichnen sich durch ein benutzerfreundliches Design mit einem Schnapp- oder Stecksystem aus, das eine schnelle und bequeme Montage ohne professionelles Werkzeug erm\u00f6glicht und somit Bauzeit und Arbeitskosten spart.<\/li>\n<li><strong>W\u00e4rme- und Schalld\u00e4mmung<\/strong>: Aufgrund der einzigartigen Struktur von WPC-Materialien bieten sie gute W\u00e4rme- und Schalld\u00e4mmeigenschaften, was sie zur idealen Wahl f\u00fcr Wohnungen oder B\u00fcros macht, die eine ruhige und komfortable Umgebung erfordern.<\/li>\n<li><strong>Umweltschonend<\/strong>: WPC-Wandpaneele enthalten keine sch\u00e4dlichen Stoffe wie Benzol oder Formaldehyd, so dass keine zus\u00e4tzliche Luftverschmutzung entsteht. Au\u00dferdem ist ihre Recyclingf\u00e4higkeit perfekt auf die globale Politik der nachhaltigen Entwicklung abgestimmt, was sie zu einer verantwortungsvollen Wahl f\u00fcr alle macht, denen die Umwelt am Herzen liegt.<\/li>\n<\/ul>\n<\/div>\n<div class=\"elementor-element elementor-element-1f676da elementor-widget elementor-widget-heading\" data-id=\"1f676da\" data-element_type=\"widget\" data-widget_type=\"heading.default\">\n<h2>Anwendungen<\/h2>\n<ul>\n<li><strong>Wohnen<\/strong>: Ideal f\u00fcr die Dekoration von Au\u00dfenw\u00e4nden von H\u00e4usern, zur Versch\u00f6nerung von Terrassen, Balkonen und Gartenbereichen.<\/li>\n<li><strong>Kommerziell<\/strong>: Geeignet f\u00fcr Hotels, Restaurants, Caf\u00e9s und Einzelhandelsfl\u00e4chen, die eine sichere und \u00e4sthetisch ansprechende Umgebung bieten.<\/li>\n<li><strong>\u00d6ffentliche R\u00e4ume<\/strong>: Ideal f\u00fcr Parks, Pl\u00e4tze, Anlegestellen, Promenaden, Str\u00e4nde und Yachth\u00e4fen, um die Sch\u00f6nheit und Sicherheit \u00f6ffentlicher R\u00e4ume zu verbessern.<\/li>\n<\/ul>\n<h4>Kontakt<\/h4>\n<p>Als professioneller Hersteller und Lieferant von hochwertigen WPC-Produkten sind wir bestrebt, Ihnen die besten L\u00f6sungen f\u00fcr Ihre Projekte im Au\u00dfenbereich zu bieten. Nehmen Sie noch heute Kontakt mit uns auf, um Ihre spezifischen Anforderungen zu besprechen und ein kostenloses Angebot zu erhalten.<\/p>\n<p>Whatsapp:+86 18566054354<\/p>\n<p>E-Mail: damon@meterny.com<\/p>\n<h3>Wenn Sie mehr Details wissen wollen, klicken Sie bitte auf den Link zu youtube:<a href=\"https:\/\/youtu.be\/cW7s-_V3i-o\" target=\"_blank\" rel=\"noopener\">https:\/\/youtu.be\/cW7s-_V3i-o<\/a><\/h3>\n<p>&nbsp;<\/p>\n<h3>Galerie<\/h3>\n<figure id=\"attachment_20956\" aria-describedby=\"caption-attachment-20956\" style=\"width: 1024px\" class=\"wp-caption alignnone\"><img loading=\"lazy\" decoding=\"async\" class=\"wp-image-20956\" src=\"https:\/\/meterny.com\/wp-content\/uploads\/2025\/01\/75-178-300x300-1.png\" alt=\"L\u00e4rmreduzierende WPC-Wandpaneele f\u00fcr den Au\u00dfenbereich\" width=\"1024\" height=\"1024\" srcset=\"https:\/\/meterny.com\/wp-content\/uploads\/2025\/01\/75-178-300x300-1.png 800w, https:\/\/meterny.com\/wp-content\/uploads\/2025\/01\/75-178-300x300-1-300x300.png 300w, https:\/\/meterny.com\/wp-content\/uploads\/2025\/01\/75-178-300x300-1-150x150.png 150w, https:\/\/meterny.com\/wp-content\/uploads\/2025\/01\/75-178-300x300-1-768x768.png 768w, https:\/\/meterny.com\/wp-content\/uploads\/2025\/01\/75-178-300x300-1-600x600.png 600w, https:\/\/meterny.com\/wp-content\/uploads\/2025\/01\/75-178-300x300-1-100x100.png 100w\" sizes=\"auto, (max-width: 1024px) 100vw, 1024px\" \/><figcaption id=\"caption-attachment-20956\" class=\"wp-caption-text\">Schaffen Sie einen ruhigen Platz im Freien mit l\u00e4rmmindernden WPC-Paneelen<\/figcaption><\/figure>\n<figure id=\"attachment_20939\" aria-describedby=\"caption-attachment-20939\" style=\"width: 1024px\" class=\"wp-caption alignnone\"><img loading=\"lazy\" decoding=\"async\" class=\"wp-image-20939\" src=\"https:\/\/meterny.com\/wp-content\/uploads\/2025\/01\/70-43.jpg\" alt=\"Wetterbest\u00e4ndige WPC-Wandpaneele f\u00fcr den Au\u00dfenbereich\" width=\"1024\" height=\"1026\" srcset=\"https:\/\/meterny.com\/wp-content\/uploads\/2025\/01\/70-43.jpg 820w, https:\/\/meterny.com\/wp-content\/uploads\/2025\/01\/70-43-300x300.jpg 300w, https:\/\/meterny.com\/wp-content\/uploads\/2025\/01\/70-43-150x150.jpg 150w, https:\/\/meterny.com\/wp-content\/uploads\/2025\/01\/70-43-768x770.jpg 768w, https:\/\/meterny.com\/wp-content\/uploads\/2025\/01\/70-43-600x601.jpg 600w, https:\/\/meterny.com\/wp-content\/uploads\/2025\/01\/70-43-100x100.jpg 100w\" sizes=\"auto, (max-width: 1024px) 100vw, 1024px\" \/><figcaption id=\"caption-attachment-20939\" class=\"wp-caption-text\">Mit wetterfesten WPC-Paneelen den Elementen trotzen<\/figcaption><\/figure>\n<\/div>\n<div class=\"elementor-element elementor-element-1f676da elementor-widget elementor-widget-heading\" data-id=\"1f676da\" data-element_type=\"widget\" data-widget_type=\"heading.default\">\n<h3>Farben Optionen<\/h3>\n<p>Feuerhemmende WPC-Wandpaneele f\u00fcr den Au\u00dfenbereich<\/p>\n<p>&nbsp;<\/p>\n<figure id=\"attachment_20293\" aria-describedby=\"caption-attachment-20293\" style=\"width: 1024px\" class=\"wp-caption alignnone\"><img loading=\"lazy\" decoding=\"async\" class=\"wp-image-20293\" src=\"https:\/\/meterny.com\/wp-content\/uploads\/2024\/10\/METE-Series-Colour-151.png\" alt=\"Meterny WPC-Zaun Farboptionen\" width=\"1024\" height=\"1024\" srcset=\"https:\/\/meterny.com\/wp-content\/uploads\/2024\/10\/METE-Series-Colour-151.png 900w, https:\/\/meterny.com\/wp-content\/uploads\/2024\/10\/METE-Series-Colour-151-300x300.png 300w, https:\/\/meterny.com\/wp-content\/uploads\/2024\/10\/METE-Series-Colour-151-150x150.png 150w, https:\/\/meterny.com\/wp-content\/uploads\/2024\/10\/METE-Series-Colour-151-768x768.png 768w, https:\/\/meterny.com\/wp-content\/uploads\/2024\/10\/METE-Series-Colour-151-600x600.png 600w, https:\/\/meterny.com\/wp-content\/uploads\/2024\/10\/METE-Series-Colour-151-100x100.png 100w\" sizes=\"auto, (max-width: 1024px) 100vw, 1024px\" \/><figcaption id=\"caption-attachment-20293\" class=\"wp-caption-text\">Entdecken Sie Meterny WPC-Zaun - Neun atemberaubende Farboptionen f\u00fcr jeden Stil<\/figcaption><\/figure>\n<div class=\"pop-container\">\n<div class=\"popcontent-hole\">\n<div class=\"pop-content\">\n<div class=\"normal___qxduM\">\n<div class=\"\">\n<div id=\"chat-markdown-cu123vos8jdneeo3jnsg-0-0\">\n<div class=\"markdown___vuBDJ\">\n<div class=\"markdown___vuBDJ\">\n<h3><strong>Warum sollten Sie sich f\u00fcr termitenresistente WPC-Wandpaneele f\u00fcr den Au\u00dfenbereich entscheiden?<\/strong><\/h3>\n<div class=\"auto-hide-last-sibling-br paragraph-JOTKXA paragraph-element br-paragraph-space\">Es gibt mehrere Gr\u00fcnde, sich f\u00fcr termitenbest\u00e4ndige WPC-Wandplatten f\u00fcr Au\u00dfenw\u00e4nde zu entscheiden:<\/div>\n<h3 class=\"header-vfC6AV auto-hide-last-sibling-br\">Schutz gegen Termiten<\/h3>\n<p>&nbsp;<\/p>\n<ul class=\"auto-hide-last-sibling-br\">\n<li>Termiten k\u00f6nnen herk\u00f6mmliche Holzw\u00e4nde erheblich besch\u00e4digen, was zu kostspieligen Reparaturen und m\u00f6glichen strukturellen Problemen f\u00fchrt. Termitenresistente WPC-Wandplatten bestehen aus einer Kombination von Holzfasern und recyceltem Kunststoff, was sie f\u00fcr Termiten unattraktiv macht.<\/li>\n<li>Das Fehlen von Zellulose in der thermoplastischen Matrix bietet ein unwirtliches Umfeld f\u00fcr Termiten, das sie daran hindert, die W\u00e4nde zu befallen und zu besch\u00e4digen.<\/li>\n<\/ul>\n<h3 class=\"header-vfC6AV auto-hide-last-sibling-br\">Dauerhaftigkeit<\/h3>\n<p>&nbsp;<\/p>\n<ul class=\"auto-hide-last-sibling-br\">\n<li>WPC-Wandpaneele sind nicht nur resistent gegen Termiten, sondern halten auch rauen Au\u00dfenbedingungen wie Feuchtigkeit, N\u00e4sse und extremen Temperaturschwankungen stand. Sie sind \u00e4u\u00dferst widerstandsf\u00e4hig gegen Verziehen, Verrottung und Rissbildung und gew\u00e4hrleisten so eine langfristige Haltbarkeit und strukturelle Integrit\u00e4t.<\/li>\n<li>Das Herstellungsverfahren der WPC-Paneele macht sie au\u00dferdem resistent gegen UV-Strahlen, so dass ein Ausbleichen oder Verf\u00e4rben der Farbe im Laufe der Zeit verhindert wird und die \u00c4sthetik der Au\u00dfenw\u00e4nde \u00fcber viele Jahre hinweg erhalten bleibt.<\/li>\n<\/ul>\n<h3 class=\"header-vfC6AV auto-hide-last-sibling-br\">Geringe Wartung<\/h3>\n<p>&nbsp;<\/p>\n<ul class=\"auto-hide-last-sibling-br\">\n<li>Im Gegensatz zu herk\u00f6mmlichem Holz, das zum Schutz vor Termiten und Witterungseinfl\u00fcssen regelm\u00e4\u00dfig gebeizt, versiegelt und gestrichen werden muss, ben\u00f6tigen termitenresistente WPC-Wandpaneele nur minimalen Pflegeaufwand. Eine regelm\u00e4\u00dfige Reinigung der Paneele mit milder Seife und Wasser ist in der Regel ausreichend, um Schmutz, Ablagerungen und Flecken zu entfernen.<\/li>\n<li>Dies erspart den Hausbesitzern nicht nur wertvolle Zeit, M\u00fche und Geld f\u00fcr Wartungsarbeiten, sondern erm\u00f6glicht es ihnen auch, ihren Au\u00dfenbereich zu genie\u00dfen, ohne sich st\u00e4ndig um die Instandhaltung k\u00fcmmern zu m\u00fcssen.<\/li>\n<\/ul>\n<h3 class=\"header-vfC6AV auto-hide-last-sibling-br\">Umweltfreundlichkeit<\/h3>\n<p>&nbsp;<\/p>\n<ul class=\"auto-hide-last-sibling-br\">\n<li>Die Zusammensetzung von WPC-Platten enth\u00e4lt h\u00e4ufig recycelte Materialien, wie z. B. recycelte Holzfasern und Kunststoffe, und tr\u00e4gt so zur Ressourcenschonung und Abfallvermeidung bei.<\/li>\n<li>Durch die Wahl von termitenresistenten WPC-Wandpaneelen k\u00f6nnen Hausbesitzer den Einsatz giftiger chemischer Pestizide vermeiden, die oft f\u00fcr herk\u00f6mmliche Termiten- und Insektenbehandlungen erforderlich sind, und so ihren \u00f6kologischen Fu\u00dfabdruck verringern.<\/li>\n<\/ul>\n<h3 class=\"header-vfC6AV auto-hide-last-sibling-br\">\u00c4sthetische Anziehungskraft<\/h3>\n<p>&nbsp;<\/p>\n<ul class=\"auto-hide-last-sibling-br\">\n<li>WPC-Wandpaneele k\u00f6nnen so hergestellt werden, dass sie das Aussehen und die Haptik von nat\u00fcrlichem Holz imitieren und die \u00c4sthetik von Holz ohne die Nachteile herk\u00f6mmlicher Holzmaterialien bieten. Sie sind in einer Vielzahl von Farben, Texturen und Oberfl\u00e4chen erh\u00e4ltlich, so dass Hausbesitzer die Option w\u00e4hlen k\u00f6nnen, die am besten zu ihrer Au\u00dfengestaltung und ihrem architektonischen Stil passt.<\/li>\n<li>Die Paneele lassen sich au\u00dferdem leicht zuschneiden und in Form bringen, um sie an unterschiedliche Wandkonfigurationen und Designanforderungen anzupassen, was Flexibilit\u00e4t bei der Installation und Anpassung bietet.<\/li>\n<\/ul>\n<h3 class=\"header-vfC6AV auto-hide-last-sibling-br\">Kosten-Wirksamkeit<\/h3>\n<p>&nbsp;<\/p>\n<ul class=\"auto-hide-last-sibling-br\">\n<li>Die Anschaffungskosten f\u00fcr WPC-Wandplatten m\u00f6gen zwar etwas h\u00f6her sein als die herk\u00f6mmlicher Materialien, doch ihre langfristige Kosteneffizienz ist erheblich. Die Langlebigkeit und der geringe Wartungsbedarf von WPC-Paneelen bedeuten, dass Hausbesitzer im Laufe der Zeit Reparaturen, Ersatz und Wartungskosten sparen k\u00f6nnen.<\/li>\n<li>Au\u00dferdem tr\u00e4gt die Resistenz gegen Termiten und andere Sch\u00e4dlinge dazu bei, die Investition in die Immobilie zu sch\u00fctzen und ihren Wert zu erhalten, was sie zu einer klugen Wahl f\u00fcr Hausbesitzer und Bautr\u00e4ger gleicherma\u00dfen macht.<\/li>\n<\/ul>\n<\/div>\n<\/div>\n<\/div>\n<\/div>\n<\/div>\n<\/div>\n<\/div>\n<\/div>\n<\/div>","protected":false},"excerpt":{"rendered":"<p>\u00dcberlegene Qualit\u00e4t: Diese aus hochwertigen Materialien gefertigte WPC-Au\u00dfenplatte bietet Schutz vor den Elementen.<\/p>\n<p>Elegantes Design: Erh\u00f6hen Sie das \u00c4u\u00dfere Ihrer Immobilie mit eleganten und modernen Verkleidungen, die jeden architektonischen Stil erg\u00e4nzen.<\/p>\n<p>Einfache Installation: Es ist f\u00fcr eine problemlose Installation konzipiert, die Ihnen Zeit und M\u00fche erspart.<\/p>\n<p>Vielseitig: Ob f\u00fcr Wohn- oder Gewerbeimmobilien, dieses WPC-Paneel ist perfekt f\u00fcr alle Au\u00dfenverkleidungen geeignet.<\/p>\n<p>Umweltfreundlich: Hergestellt aus nachhaltigen Materialien, ist es die umweltbewusste Wahl f\u00fcr Ihre Au\u00dfengestaltung.<\/p>","protected":false},"featured_media":20950,"comment_status":"open","ping_status":"closed","template":"","meta":{"_uag_custom_page_level_css":"","site-sidebar-layout":"default","site-content-layout":"","ast-site-content-layout":"default","site-content-style":"default","site-sidebar-style":"default","ast-global-header-display":"","ast-banner-title-visibility":"","ast-main-header-display":"","ast-hfb-above-header-display":"","ast-hfb-below-header-display":"","ast-hfb-mobile-header-display":"","site-post-title":"","ast-breadcrumbs-content":"","ast-featured-img":"","footer-sml-layout":"","theme-transparent-header-meta":"default","adv-header-id-meta":"","stick-header-meta":"default","header-above-stick-meta":"","header-main-stick-meta":"","header-below-stick-meta":"","astra-migrate-meta-layouts":"set","ast-page-background-enabled":"default","ast-page-background-meta":{"desktop":{"background-color":"var(--ast-global-color-4)","background-image":"","background-repeat":"repeat","background-position":"center center","background-size":"auto","background-attachment":"scroll","background-type":"","background-media":"","overlay-type":"","overlay-color":"","overlay-opacity":"","overlay-gradient":""},"tablet":{"background-color":"","background-image":"","background-repeat":"repeat","background-position":"center center","background-size":"auto","background-attachment":"scroll","background-type":"","background-media":"","overlay-type":"","overlay-color":"","overlay-opacity":"","overlay-gradient":""},"mobile":{"background-color":"","background-image":"","background-repeat":"repeat","background-position":"center center","background-size":"auto","background-attachment":"scroll","background-type":"","background-media":"","overlay-type":"","overlay-color":"","overlay-opacity":"","overlay-gradient":""}},"ast-content-background-meta":{"desktop":{"background-color":"var(--ast-global-color-5)","background-image":"","background-repeat":"repeat","background-position":"center center","background-size":"auto","background-attachment":"scroll","background-type":"","background-media":"","overlay-type":"","overlay-color":"","overlay-opacity":"","overlay-gradient":""},"tablet":{"background-color":"var(--ast-global-color-5)","background-image":"","background-repeat":"repeat","background-position":"center center","background-size":"auto","background-attachment":"scroll","background-type":"","background-media":"","overlay-type":"","overlay-color":"","overlay-opacity":"","overlay-gradient":""},"mobile":{"background-color":"var(--ast-global-color-5)","background-image":"","background-repeat":"repeat","background-position":"center center","background-size":"auto","background-attachment":"scroll","background-type":"","background-media":"","overlay-type":"","overlay-color":"","overlay-opacity":"","overlay-gradient":""}}},"product_brand":[],"product_cat":[175],"product_tag":[184,180],"class_list":{"0":"post-21002","1":"product","2":"type-product","3":"status-publish","4":"has-post-thumbnail","6":"product_cat-exterior-wpc-wall","7":"product_tag-wpc-wall-exterior","8":"product_tag-wpc-wall-panel","9":"desktop-align-center","10":"tablet-align-left","11":"mobile-align-left","12":"ast-product-gallery-layout-horizontal-slider","13":"ast-product-tabs-layout-vertical","15":"first","16":"instock","17":"shipping-taxable","18":"product-type-simple"},"uagb_featured_image_src":{"full":["https:\/\/meterny.com\/wp-content\/uploads\/2025\/01\/\u4e3b\u56fe9.jpg",800,800,false],"thumbnail":["https:\/\/meterny.com\/wp-content\/uploads\/2025\/01\/\u4e3b\u56fe9-150x150.jpg",150,150,true],"medium":["https:\/\/meterny.com\/wp-content\/uploads\/2025\/01\/\u4e3b\u56fe9-300x300.jpg",300,300,true],"medium_large":["https:\/\/meterny.com\/wp-content\/uploads\/2025\/01\/\u4e3b\u56fe9-768x768.jpg",768,768,true],"large":["https:\/\/meterny.com\/wp-content\/uploads\/2025\/01\/\u4e3b\u56fe9.jpg",800,800,false],"1536x1536":["https:\/\/meterny.com\/wp-content\/uploads\/2025\/01\/\u4e3b\u56fe9.jpg",800,800,false],"2048x2048":["https:\/\/meterny.com\/wp-content\/uploads\/2025\/01\/\u4e3b\u56fe9.jpg",800,800,false],"trp-custom-language-flag":["https:\/\/meterny.com\/wp-content\/uploads\/2025\/01\/\u4e3b\u56fe9.jpg",12,12,false],"woocommerce_thumbnail":["https:\/\/meterny.com\/wp-content\/uploads\/2025\/01\/\u4e3b\u56fe9-300x300.jpg",300,300,true],"woocommerce_single":["https:\/\/meterny.com\/wp-content\/uploads\/2025\/01\/\u4e3b\u56fe9-600x600.jpg",600,600,true],"woocommerce_gallery_thumbnail":["https:\/\/meterny.com\/wp-content\/uploads\/2025\/01\/\u4e3b\u56fe9-100x100.jpg",100,100,true]},"uagb_author_info":{"display_name":"meterny","author_link":"https:\/\/meterny.com\/de\/author\/"},"uagb_comment_info":0,"uagb_excerpt":"Superior Quality: Crafted from premium materials, this WPC Exterior panel offers protection against the elements. Stylish Design: Elevate the exterior of your property with sleek and modern cladding that complements any architectural style. Easy Installation: It is designed for hassle-free installation, saving you time and effort. Versatile: Whether it's for residential or commercial properties, This&hellip;","_links":{"self":[{"href":"https:\/\/meterny.com\/de\/wp-json\/wp\/v2\/product\/21002","targetHints":{"allow":["GET"]}}],"collection":[{"href":"https:\/\/meterny.com\/de\/wp-json\/wp\/v2\/product"}],"about":[{"href":"https:\/\/meterny.com\/de\/wp-json\/wp\/v2\/types\/product"}],"replies":[{"embeddable":true,"href":"https:\/\/meterny.com\/de\/wp-json\/wp\/v2\/comments?post=21002"}],"wp:featuredmedia":[{"embeddable":true,"href":"https:\/\/meterny.com\/de\/wp-json\/wp\/v2\/media\/20950"}],"wp:attachment":[{"href":"https:\/\/meterny.com\/de\/wp-json\/wp\/v2\/media?parent=21002"}],"wp:term":[{"taxonomy":"product_brand","embeddable":true,"href":"https:\/\/meterny.com\/de\/wp-json\/wp\/v2\/product_brand?post=21002"},{"taxonomy":"product_cat","embeddable":true,"href":"https:\/\/meterny.com\/de\/wp-json\/wp\/v2\/product_cat?post=21002"},{"taxonomy":"product_tag","embeddable":true,"href":"https:\/\/meterny.com\/de\/wp-json\/wp\/v2\/product_tag?post=21002"}],"curies":[{"name":"wp","href":"https:\/\/api.w.org\/{rel}","templated":true}]}}