{"id":21006,"date":"2025-01-14T12:03:47","date_gmt":"2025-01-14T12:03:47","guid":{"rendered":"https:\/\/meterny.com\/?post_type=product&#038;p=21006"},"modified":"2025-01-14T12:33:47","modified_gmt":"2025-01-14T12:33:47","slug":"outdoor-noise-reducing-wpc-wall-panels","status":"publish","type":"product","link":"https:\/\/meterny.com\/de\/produkt\/outdoor-noise-reducing-wpc-wall-panels\/","title":{"rendered":"L\u00e4rmreduzierende WPC-Wandpaneele f\u00fcr den Au\u00dfenbereich"},"content":{"rendered":"<div class=\"elementor-element elementor-element-c0e1d42 elementor-widget elementor-widget-heading\" data-id=\"c0e1d42\" data-element_type=\"widget\" data-widget_type=\"heading.default\">\n<p><span style=\"font-size: 1.5em; font-weight: bold;\">L\u00e4rmreduzierende WPC-Wandpaneele f\u00fcr den Au\u00dfenbereich<\/span><\/p>\n<div class=\"elementor-element elementor-element-1f676da elementor-widget elementor-widget-heading\" data-id=\"1f676da\" data-element_type=\"widget\" data-widget_type=\"heading.default\">\n<h4>Produkt\u00fcbersicht<\/h4>\n<p id=\"\">L\u00e4rmreduzierende WPC-Wandpaneele f\u00fcr den Au\u00dfenbereich sind innovative Wanddekorationen, die speziell f\u00fcr den Au\u00dfenbereich entwickelt wurden. Durch die Kombination von hervorragender Schalld\u00e4mmung mit der Langlebigkeit von Holz-Kunststoff-Verbundstoffen (WPC) reduzieren diese Paneele nicht nur effektiv den Au\u00dfenl\u00e4rm, sondern bieten auch sch\u00f6ne und umweltfreundliche dekorative L\u00f6sungen.<\/p>\n<figure id=\"attachment_20956\" aria-describedby=\"caption-attachment-20956\" style=\"width: 1024px\" class=\"wp-caption alignnone\"><img loading=\"lazy\" decoding=\"async\" class=\"wp-image-20956\" src=\"https:\/\/meterny.com\/wp-content\/uploads\/2025\/01\/75-178-300x300-1.png\" alt=\"L\u00e4rmreduzierende WPC-Wandpaneele f\u00fcr den Au\u00dfenbereich\" width=\"1024\" height=\"1024\" srcset=\"https:\/\/meterny.com\/wp-content\/uploads\/2025\/01\/75-178-300x300-1.png 800w, https:\/\/meterny.com\/wp-content\/uploads\/2025\/01\/75-178-300x300-1-300x300.png 300w, https:\/\/meterny.com\/wp-content\/uploads\/2025\/01\/75-178-300x300-1-150x150.png 150w, https:\/\/meterny.com\/wp-content\/uploads\/2025\/01\/75-178-300x300-1-768x768.png 768w, https:\/\/meterny.com\/wp-content\/uploads\/2025\/01\/75-178-300x300-1-600x600.png 600w, https:\/\/meterny.com\/wp-content\/uploads\/2025\/01\/75-178-300x300-1-100x100.png 100w\" sizes=\"auto, (max-width: 1024px) 100vw, 1024px\" \/><figcaption id=\"caption-attachment-20956\" class=\"wp-caption-text\">Schaffen Sie einen ruhigen Platz im Freien mit l\u00e4rmmindernden WPC-Paneelen<\/figcaption><\/figure>\n<\/div>\n<p><strong style=\"font-size: 1.5em;\">Produktspezifikationen<\/strong><span style=\"font-size: 1.5em; font-weight: bold;\">:<\/span><\/p>\n<ul>\n<li style=\"list-style-type: none;\">\n<ul>\n<li><strong>Material<\/strong>: Recycelte Holzfasern und Kunststoff<\/li>\n<li><strong>Abmessungen<\/strong>: 135*119*23mm\/217*201*28mm\/227*210*25mm, mit kundenspezifischen Anpassungen je nach Kundenwunsch.<\/li>\n<li><strong>Dicke<\/strong>: 23\/25\/28mm<\/li>\n<li><strong>Gewicht<\/strong>: 3kg\/Meter<\/li>\n<li><strong>Farboptionen<\/strong>: Erh\u00e4ltlich in 9 Standardfarben, mit der M\u00f6glichkeit zur individuellen Farbanpassung.<\/li>\n<li><strong>Oberfl\u00e4chenbehandlung<\/strong>: Erh\u00e4ltlich in konventioneller, geb\u00fcrsteter oder gepr\u00e4gter Ausf\u00fchrung.<\/li>\n<li><strong>Material<\/strong>: Hochwertiger Holz-Kunststoff-Verbundstoff (WPC) aus einer Mischung von Holzfasern und thermoplastischen Materialien (wie HDPE, PVC, PP)<\/li>\n<li><strong>Einbauverfahren<\/strong>: Nut und Feder, Klippsystem, etc.<\/li>\n<li><strong>Feuerbest\u00e4ndigkeit<\/strong>: Erf\u00fcllt die internationalen Brandschutznormen und bietet zus\u00e4tzliche Sicherheit f\u00fcr Ihr Zuhause.<\/li>\n<li><strong>UV-Schutz<\/strong>: Verbesserter UV-Schutz, um das Ausbleichen zu verhindern und das lebendige Aussehen der Verkleidung zu erhalten.<\/li>\n<li><strong>Garantie<\/strong>: mehr als 10 Jahre<\/li>\n<li><strong>Anwendungsszenarien<\/strong>: Wanddekoration im Au\u00dfenbereich, Schallschutzw\u00e4nde, Sichtschutzz\u00e4une usw.<\/li>\n<\/ul>\n<\/li>\n<\/ul>\n<div class=\"elementor-element elementor-element-1f676da elementor-widget elementor-widget-heading\" data-id=\"1f676da\" data-element_type=\"widget\" data-widget_type=\"heading.default\">\n<h4>Wesentliche Merkmale<\/h4>\n<ol>\n<li><strong>Hervorragende Schalld\u00e4mmleistung<\/strong>:\n<ul>\n<li>Speziell f\u00fcr die L\u00e4rmreduzierung entwickelt, schirmt es Au\u00dfenger\u00e4usche effektiv ab und schafft so einen ruhigen Platz im Freien.<\/li>\n<\/ul>\n<\/li>\n<li><strong>Langlebig und umweltvertr\u00e4glich<\/strong>:\n<ul>\n<li>Hergestellt aus hochwertigen Holz-Kunststoff-Verbundwerkstoffen (WPC), die die Vorteile von Holzfasern und Kunststoffen mit wasserdichten, feuerfesten, korrosions- und witterungsbest\u00e4ndigen Eigenschaften kombinieren.<\/li>\n<li>Umweltfreundlich und ungiftig, recycelbar und im Einklang mit den Grunds\u00e4tzen der nachhaltigen Entwicklung.<\/li>\n<\/ul>\n<\/li>\n<li><strong>Vielseitigkeit<\/strong>:\n<ul>\n<li>Geeignet f\u00fcr verschiedene Au\u00dfenbereiche, wie G\u00e4rten, Balkone, Flure, Garagen usw.<\/li>\n<li>Es hat nicht nur eine dekorative Funktion, sondern bietet auch zus\u00e4tzlichen Sichtschutz.<\/li>\n<\/ul>\n<\/li>\n<li><strong>\u00c4sthetisches Aussehen und einfache Installation<\/strong>:\n<ul>\n<li>Bietet eine Vielzahl von Farben und Designs zur Auswahl, die je nach pers\u00f6nlichen Vorlieben und architektonischem Stil angepasst werden k\u00f6nnen.<\/li>\n<li>Einfach zu installieren, unterst\u00fctzt den Heimwerker, spart Installationskosten und Zeit.<\/li>\n<\/ul>\n<\/li>\n<li><strong>Qualit\u00e4t der Dienstleistung<\/strong>:\n<ul>\n<li>Umfassende Beratung vor dem Kauf und Kundendienst, einschlie\u00dflich technischer Online-Unterst\u00fctzung, Inspektion vor Ort, R\u00fcckgabe und Umtausch.<\/li>\n<li>Unterst\u00fctzt OEM- und ODM-Dienste zur Erf\u00fcllung individueller Anforderungen.<\/li>\n<\/ul>\n<\/li>\n<\/ol>\n<h4>Qualit\u00e4tssicherung und Zertifizierungen<\/h4>\n<ul>\n<li><strong>Garantie<\/strong>: \u00dcber 5 Jahre<\/li>\n<li><strong>Zertifizierungen<\/strong>: CE, EN 15534, REACH und andere internationale Standardzertifizierungen zur Gew\u00e4hrleistung von Produktqualit\u00e4t und -sicherheit.<\/li>\n<\/ul>\n<h4>Verpackung und Versand<\/h4>\n<ul>\n<li><strong>Verkaufseinheit<\/strong>: Einzelst\u00fcck<\/li>\n<li><strong>Einzelne Paketgr\u00f6\u00dfe<\/strong>: Variiert je nach spezifischem Modell<\/li>\n<li><strong>Bruttogewicht pro Artikel<\/strong>: Ungef\u00e4hr 3.000kg<\/li>\n<li><strong>Lieferfrist<\/strong>: Abh\u00e4ngig von Auftragsvolumen und Anpassungsbedarf<\/li>\n<li><strong>Versandart<\/strong>: Unterst\u00fctzt mehrere Transportmethoden, verhandelbar je nach Kundenbedarf.<\/li>\n<\/ul>\n<h4>Kontakt<\/h4>\n<p>Als professioneller Hersteller und Lieferant von hochwertigen WPC-Produkten sind wir bestrebt, Ihnen die besten L\u00f6sungen f\u00fcr Ihre Projekte im Au\u00dfenbereich zu bieten. Nehmen Sie noch heute Kontakt mit uns auf, um Ihre spezifischen Anforderungen zu besprechen und ein kostenloses Angebot zu erhalten.<\/p>\n<p>Whatsapp:+86 18566054354<\/p>\n<p>E-Mail: damon@meterny.com<\/p>\n<h3>Wenn Sie mehr Details wissen wollen, klicken Sie bitte auf den Link zu youtube:<a href=\"https:\/\/youtu.be\/Btywqaynt_Y\" target=\"_blank\" rel=\"noopener\">https:\/\/youtu.be\/Btywqaynt_Y<\/a><\/h3>\n<p>&nbsp;<\/p>\n<h3>Galerie<\/h3>\n<p>&nbsp;<\/p>\n<figure id=\"attachment_20947\" aria-describedby=\"caption-attachment-20947\" style=\"width: 1024px\" class=\"wp-caption alignnone\"><img loading=\"lazy\" decoding=\"async\" class=\"wp-image-20947\" src=\"https:\/\/meterny.com\/wp-content\/uploads\/2025\/01\/75-155.jpg\" alt=\"UV-gesch\u00fctzte WPC-Wandpaneele f\u00fcr die Wanddekoration im Freien\" width=\"1024\" height=\"1024\" srcset=\"https:\/\/meterny.com\/wp-content\/uploads\/2025\/01\/75-155.jpg 800w, https:\/\/meterny.com\/wp-content\/uploads\/2025\/01\/75-155-300x300.jpg 300w, https:\/\/meterny.com\/wp-content\/uploads\/2025\/01\/75-155-150x150.jpg 150w, https:\/\/meterny.com\/wp-content\/uploads\/2025\/01\/75-155-768x768.jpg 768w, https:\/\/meterny.com\/wp-content\/uploads\/2025\/01\/75-155-600x600.jpg 600w, https:\/\/meterny.com\/wp-content\/uploads\/2025\/01\/75-155-100x100.jpg 100w\" sizes=\"auto, (max-width: 1024px) 100vw, 1024px\" \/><figcaption id=\"caption-attachment-20947\" class=\"wp-caption-text\">Sch\u00fctzen Sie Ihren Au\u00dfenbereich mit WPC-Paneelen vor UV-Strahlen<\/figcaption><\/figure>\n<figure id=\"attachment_20939\" aria-describedby=\"caption-attachment-20939\" style=\"width: 1024px\" class=\"wp-caption alignnone\"><img loading=\"lazy\" decoding=\"async\" class=\"wp-image-20939\" src=\"https:\/\/meterny.com\/wp-content\/uploads\/2025\/01\/70-43.jpg\" alt=\"Wetterbest\u00e4ndige WPC-Wandpaneele f\u00fcr den Au\u00dfenbereich\" width=\"1024\" height=\"1026\" srcset=\"https:\/\/meterny.com\/wp-content\/uploads\/2025\/01\/70-43.jpg 820w, https:\/\/meterny.com\/wp-content\/uploads\/2025\/01\/70-43-300x300.jpg 300w, https:\/\/meterny.com\/wp-content\/uploads\/2025\/01\/70-43-150x150.jpg 150w, https:\/\/meterny.com\/wp-content\/uploads\/2025\/01\/70-43-768x770.jpg 768w, https:\/\/meterny.com\/wp-content\/uploads\/2025\/01\/70-43-600x601.jpg 600w, https:\/\/meterny.com\/wp-content\/uploads\/2025\/01\/70-43-100x100.jpg 100w\" sizes=\"auto, (max-width: 1024px) 100vw, 1024px\" \/><figcaption id=\"caption-attachment-20939\" class=\"wp-caption-text\">Mit wetterfesten WPC-Paneelen den Elementen trotzen<\/figcaption><\/figure>\n<figure id=\"attachment_20792\" aria-describedby=\"caption-attachment-20792\" style=\"width: 1024px\" class=\"wp-caption alignnone\"><img loading=\"lazy\" decoding=\"async\" class=\"wp-image-20792\" src=\"https:\/\/meterny.com\/wp-content\/uploads\/2024\/04\/99.png\" alt=\"WPC-Wandverkleidungsplatte\" width=\"1024\" height=\"1024\" srcset=\"https:\/\/meterny.com\/wp-content\/uploads\/2024\/04\/99.png 1000w, https:\/\/meterny.com\/wp-content\/uploads\/2024\/04\/99-300x300.png 300w, https:\/\/meterny.com\/wp-content\/uploads\/2024\/04\/99-150x150.png 150w, https:\/\/meterny.com\/wp-content\/uploads\/2024\/04\/99-768x768.png 768w, https:\/\/meterny.com\/wp-content\/uploads\/2024\/04\/99-600x600.png 600w, https:\/\/meterny.com\/wp-content\/uploads\/2024\/04\/99-100x100.png 100w\" sizes=\"auto, (max-width: 1024px) 100vw, 1024px\" \/><figcaption id=\"caption-attachment-20792\" class=\"wp-caption-text\">Versch\u00f6nern Sie Ihren Au\u00dfenbereich mit langlebigen und stilvollen WPC-Wandpaneelen<\/figcaption><\/figure>\n<\/div>\n<div class=\"elementor-element elementor-element-1f676da elementor-widget elementor-widget-heading\" data-id=\"1f676da\" data-element_type=\"widget\" data-widget_type=\"heading.default\">\n<h3>Farben Optionen<\/h3>\n<p>Anpassbare WPC-Wandplatte f\u00fcr Sichtschutzzaun<\/p>\n<p>&nbsp;<\/p>\n<figure id=\"attachment_20293\" aria-describedby=\"caption-attachment-20293\" style=\"width: 1024px\" class=\"wp-caption alignnone\"><img loading=\"lazy\" decoding=\"async\" class=\"wp-image-20293\" src=\"https:\/\/meterny.com\/wp-content\/uploads\/2024\/10\/METE-Series-Colour-151.png\" alt=\"Meterny WPC-Zaun Farboptionen\" width=\"1024\" height=\"1024\" srcset=\"https:\/\/meterny.com\/wp-content\/uploads\/2024\/10\/METE-Series-Colour-151.png 900w, https:\/\/meterny.com\/wp-content\/uploads\/2024\/10\/METE-Series-Colour-151-300x300.png 300w, https:\/\/meterny.com\/wp-content\/uploads\/2024\/10\/METE-Series-Colour-151-150x150.png 150w, https:\/\/meterny.com\/wp-content\/uploads\/2024\/10\/METE-Series-Colour-151-768x768.png 768w, https:\/\/meterny.com\/wp-content\/uploads\/2024\/10\/METE-Series-Colour-151-600x600.png 600w, https:\/\/meterny.com\/wp-content\/uploads\/2024\/10\/METE-Series-Colour-151-100x100.png 100w\" sizes=\"auto, (max-width: 1024px) 100vw, 1024px\" \/><figcaption id=\"caption-attachment-20293\" class=\"wp-caption-text\">Entdecken Sie Meterny WPC-Zaun - Neun atemberaubende Farboptionen f\u00fcr jeden Stil<\/figcaption><\/figure>\n<div class=\"pop-container\">\n<div class=\"popcontent-hole\">\n<div class=\"pop-content\">\n<div class=\"normal___qxduM\">\n<div class=\"\">\n<div id=\"chat-markdown-cu123vos8jdneeo3jnsg-0-0\">\n<div class=\"markdown___vuBDJ\">\n<div class=\"markdown___vuBDJ\">\n<h3><strong>Warum l\u00e4rmmindernde WPC-Wandpaneele f\u00fcr den Au\u00dfenbereich w\u00e4hlen?<\/strong><\/h3>\n<div class=\"inter-wCaKYV\">\n<div class=\"container-ncFTrL\">\n<div class=\"item-KOa3z_\">\n<div class=\"container-rBgb6B chrome70-container\">\n<div class=\"inner-LOKNYu inner-item-AQrr_W\" data-target-id=\"message-box-target-id\" data-testid=\"union_message\">\n<div class=\"message-block-container-CKPFh2\" data-testid=\"message-block-container\">\n<div class=\"message-box-y4MH8s\" data-testid=\"receive_message\">\n<div class=\"message-box-content-wrapper-fgNGpz\">\n<div class=\"message-content message-box-content-xoCEoU receive-message-box-content-bNaFpa samantha-message-box-content-gWlptz\" data-testid=\"message_content\">\n<div class=\"container-ZYIsnH flow-markdown-body theme-samantha-Nbr9UN\" dir=\"ltr\" data-testid=\"message_text_content\" data-show-indicator=\"false\">\n<div class=\"auto-hide-last-sibling-br paragraph-JOTKXA paragraph-element br-paragraph-space\">Es gibt mehrere Gr\u00fcnde, sich f\u00fcr schalld\u00e4mpfende WPC-Wandplatten f\u00fcr den Au\u00dfenbereich zu entscheiden:<\/div>\n<h3 class=\"header-vfC6AV auto-hide-last-sibling-br\">Hervorragende Ger\u00e4uschunterdr\u00fcckung<\/h3>\n<p>&nbsp;<\/p>\n<ul class=\"auto-hide-last-sibling-br\">\n<li><strong>Effektive Schallabsorption<\/strong>: Die Kombination von Holzfasern und Polymeren in WPC-Platten tr\u00e4gt dazu bei, Schallwellen zu absorbieren und zu d\u00e4mpfen, wodurch die Ger\u00e4usch\u00fcbertragung reduziert wird. Sie k\u00f6nnen Au\u00dfenger\u00e4usche wie Verkehr, Bauarbeiten und Aktivit\u00e4ten in der Nachbarschaft deutlich abschirmen und so eine ruhigere und friedlichere Umgebung im Freien schaffen.<\/li>\n<li><strong>Vielseitig in verschiedenen Umgebungen<\/strong>: Ob es sich um ein Wohnhaus in der N\u00e4he einer stark befahrenen Stra\u00dfe, ein Gesch\u00e4ftsgeb\u00e4ude in einer lauten Gegend oder einen Industriestandort mit hohem L\u00e4rmpegel handelt, die l\u00e4rmmindernden WPC-Wandpaneele f\u00fcr den Au\u00dfenbereich k\u00f6nnen die L\u00e4rmbel\u00e4stigung wirksam mindern.<\/li>\n<\/ul>\n<h3 class=\"header-vfC6AV auto-hide-last-sibling-br\">Langlebigkeit und Wetterbest\u00e4ndigkeit<\/h3>\n<p>&nbsp;<\/p>\n<ul class=\"auto-hide-last-sibling-br\">\n<li><strong>Widerstandsf\u00e4hig gegen raues Wetter<\/strong>: WPC-Wandplatten sind sehr widerstandsf\u00e4hig gegen Feuchtigkeit, UV-Strahlen und extreme Temperaturschwankungen. Sie verziehen sich nicht, bekommen keine Risse und bleichen nicht aus, wenn sie lange Zeit Regen, Schnee oder Sonnenlicht ausgesetzt sind, was eine langfristige Haltbarkeit gew\u00e4hrleistet und ihre l\u00e4rmmindernde Wirkung im Freien aufrechterh\u00e4lt.<\/li>\n<li><strong>Resistenz gegen Insekten und F\u00e4ulnis<\/strong>: Im Gegensatz zu herk\u00f6mmlichen Holzw\u00e4nden, die anf\u00e4llig f\u00fcr Termitenbefall und F\u00e4ulnis sind, sind WPC-Wandpaneele resistent gegen Insekten und F\u00e4ulnis und bieten eine zuverl\u00e4ssigere und dauerhaftere L\u00f6sung f\u00fcr den L\u00e4rmschutz im Freien.<\/li>\n<\/ul>\n<h3 class=\"header-vfC6AV auto-hide-last-sibling-br\">Personalisierung und \u00c4sthetik<\/h3>\n<p>&nbsp;<\/p>\n<ul class=\"auto-hide-last-sibling-br\">\n<li><strong>Breite Palette an Designoptionen<\/strong>: WPC-Wandpaneele f\u00fcr den Au\u00dfenbereich sind in verschiedenen Farben, Texturen und Ausf\u00fchrungen erh\u00e4ltlich, so dass Sie das Erscheinungsbild an Ihren pers\u00f6nlichen Stil und die Gesamt\u00e4sthetik Ihres Grundst\u00fccks anpassen k\u00f6nnen. Sie lassen sich au\u00dferdem leicht zuschneiden und in Form bringen, um verschiedenen Wandkonfigurationen und Designanforderungen gerecht zu werden, was Flexibilit\u00e4t bei der Installation und Anpassung bietet.<\/li>\n<li><strong>Au\u00dfenbereiche versch\u00f6nern<\/strong>: Diese Paneele reduzieren nicht nur den L\u00e4rm, sondern sind auch ein attraktives Element f\u00fcr Ihren Au\u00dfenbereich, wie z. B. G\u00e4rten, Terrassen und Balkone, und schaffen einen komfortablen und optisch ansprechenden Raum.<\/li>\n<\/ul>\n<h3 class=\"header-vfC6AV auto-hide-last-sibling-br\">Geringe Wartung<\/h3>\n<p>&nbsp;<\/p>\n<ul class=\"auto-hide-last-sibling-br\">\n<li><strong>Leicht zu reinigen<\/strong>: WPC-Wandpaneele erfordern nur minimale Wartung. Eine regelm\u00e4\u00dfige Reinigung mit milder Seife und Wasser reicht in der Regel aus, um Schmutz, Ablagerungen und Flecken zu entfernen und die Paneele sauber und in optimalem Zustand zu halten. Sie m\u00fcssen nicht gestrichen, gebeizt oder versiegelt werden, wie dies bei herk\u00f6mmlichen Holzw\u00e4nden der Fall ist, was Zeit und Geld f\u00fcr die Wartung spart.<\/li>\n<li><strong>Lange Lebensdauer<\/strong>: Aufgrund ihrer Langlebigkeit und Widerstandsf\u00e4higkeit gegen\u00fcber verschiedenen Elementen haben WPC-Wandplatten f\u00fcr den Au\u00dfenbereich eine lange Lebensdauer. Das bedeutet, dass Sie sich keine Gedanken \u00fcber h\u00e4ufigen Austausch oder Reparaturen machen m\u00fcssen, was die Gesamtkosten und den Aufwand f\u00fcr die Instandhaltung von Au\u00dfenw\u00e4nden reduziert.<\/li>\n<\/ul>\n<h3 class=\"header-vfC6AV auto-hide-last-sibling-br\">Umweltfreundlichkeit<\/h3>\n<p>&nbsp;<\/p>\n<ul class=\"auto-hide-last-sibling-br\">\n<li><strong>Recycelte Materialien<\/strong>: WPC wird h\u00e4ufig aus recycelten Holzfasern und Kunststoffen hergestellt, was dazu beitr\u00e4gt, Abfall zu reduzieren und nat\u00fcrliche Ressourcen zu schonen. Wenn Sie sich f\u00fcr schalld\u00e4mmende WPC-Wandpaneele f\u00fcr den Au\u00dfenbereich entscheiden, k\u00f6nnen Sie einen Beitrag zu einer nachhaltigeren Umwelt leisten.<\/li>\n<li><strong>Keine giftigen Chemikalien<\/strong>: Im Gegensatz zu einigen herk\u00f6mmlichen Zaunmaterialien, bei denen zur Behandlung oder Konservierung giftige Chemikalien eingesetzt werden m\u00fcssen, sind WPC-Wandpaneele im Allgemeinen frei von Schadstoffen. Das macht sie zu einer sicheren Wahl sowohl f\u00fcr die Umwelt als auch f\u00fcr die Menschen, die in und um das Grundst\u00fcck leben.<\/li>\n<\/ul>\n<\/div>\n<\/div>\n<\/div>\n<div class=\"answer-action-bar-wEWc6C bottom-action-bar-wrapper-qtqrci large-space-b582O0 answer-action-bar\" data-testid=\"message_action_bar\">\n<div class=\"container-seCXVJ container-TRt1mF bottom-action-bar-iUQiGg\" data-message-action-bar=\"1\">\n<div class=\"left-Qpwvoi\">\n<div class=\"bp5-overflow-list container-LFxhPL align-start-B2LgK_ inner-TjQIQn\"><\/div>\n<\/div>\n<\/div>\n<\/div>\n<\/div>\n<\/div>\n<\/div>\n<\/div>\n<\/div>\n<\/div>\n<\/div>\n<div class=\"top-dN_PSZ\">\n<div class=\"container-rBgb6B chrome70-container\"><\/div>\n<\/div>\n<\/div>\n<\/div>\n<\/div>\n<\/div>\n<\/div>\n<\/div>\n<\/div>\n<\/div>\n<\/div>\n<\/div>","protected":false},"excerpt":{"rendered":"<p>\u00dcberlegene Qualit\u00e4t: Diese aus hochwertigen Materialien gefertigte WPC-Au\u00dfenplatte bietet Schutz vor den Elementen.<\/p>\n<p>Elegantes Design: Erh\u00f6hen Sie das \u00c4u\u00dfere Ihrer Immobilie mit eleganten und modernen Verkleidungen, die jeden architektonischen Stil erg\u00e4nzen.<\/p>\n<p>Einfache Installation: Es ist f\u00fcr eine problemlose Installation konzipiert, die Ihnen Zeit und M\u00fche erspart.<\/p>\n<p>Vielseitig: Ob f\u00fcr Wohn- oder Gewerbeimmobilien, dieses WPC-Paneel ist perfekt f\u00fcr alle Au\u00dfenverkleidungen geeignet.<\/p>\n<p>Umweltfreundlich: Hergestellt aus nachhaltigen Materialien, ist es die umweltbewusste Wahl f\u00fcr Ihre Au\u00dfengestaltung.<\/p>","protected":false},"featured_media":20956,"comment_status":"open","ping_status":"closed","template":"","meta":{"_uag_custom_page_level_css":"","site-sidebar-layout":"default","site-content-layout":"","ast-site-content-layout":"default","site-content-style":"default","site-sidebar-style":"default","ast-global-header-display":"","ast-banner-title-visibility":"","ast-main-header-display":"","ast-hfb-above-header-display":"","ast-hfb-below-header-display":"","ast-hfb-mobile-header-display":"","site-post-title":"","ast-breadcrumbs-content":"","ast-featured-img":"","footer-sml-layout":"","theme-transparent-header-meta":"default","adv-header-id-meta":"","stick-header-meta":"default","header-above-stick-meta":"","header-main-stick-meta":"","header-below-stick-meta":"","astra-migrate-meta-layouts":"set","ast-page-background-enabled":"default","ast-page-background-meta":{"desktop":{"background-color":"var(--ast-global-color-4)","background-image":"","background-repeat":"repeat","background-position":"center center","background-size":"auto","background-attachment":"scroll","background-type":"","background-media":"","overlay-type":"","overlay-color":"","overlay-opacity":"","overlay-gradient":""},"tablet":{"background-color":"","background-image":"","background-repeat":"repeat","background-position":"center center","background-size":"auto","background-attachment":"scroll","background-type":"","background-media":"","overlay-type":"","overlay-color":"","overlay-opacity":"","overlay-gradient":""},"mobile":{"background-color":"","background-image":"","background-repeat":"repeat","background-position":"center center","background-size":"auto","background-attachment":"scroll","background-type":"","background-media":"","overlay-type":"","overlay-color":"","overlay-opacity":"","overlay-gradient":""}},"ast-content-background-meta":{"desktop":{"background-color":"var(--ast-global-color-5)","background-image":"","background-repeat":"repeat","background-position":"center center","background-size":"auto","background-attachment":"scroll","background-type":"","background-media":"","overlay-type":"","overlay-color":"","overlay-opacity":"","overlay-gradient":""},"tablet":{"background-color":"var(--ast-global-color-5)","background-image":"","background-repeat":"repeat","background-position":"center center","background-size":"auto","background-attachment":"scroll","background-type":"","background-media":"","overlay-type":"","overlay-color":"","overlay-opacity":"","overlay-gradient":""},"mobile":{"background-color":"var(--ast-global-color-5)","background-image":"","background-repeat":"repeat","background-position":"center center","background-size":"auto","background-attachment":"scroll","background-type":"","background-media":"","overlay-type":"","overlay-color":"","overlay-opacity":"","overlay-gradient":""}}},"product_brand":[],"product_cat":[175],"product_tag":[184,180],"class_list":{"0":"post-21006","1":"product","2":"type-product","3":"status-publish","4":"has-post-thumbnail","6":"product_cat-exterior-wpc-wall","7":"product_tag-wpc-wall-exterior","8":"product_tag-wpc-wall-panel","9":"desktop-align-center","10":"tablet-align-left","11":"mobile-align-left","12":"ast-product-gallery-layout-horizontal-slider","13":"ast-product-tabs-layout-vertical","15":"first","16":"instock","17":"shipping-taxable","18":"product-type-simple"},"uagb_featured_image_src":{"full":["https:\/\/meterny.com\/wp-content\/uploads\/2025\/01\/75-178-300x300-1.png",800,800,false],"thumbnail":["https:\/\/meterny.com\/wp-content\/uploads\/2025\/01\/75-178-300x300-1-150x150.png",150,150,true],"medium":["https:\/\/meterny.com\/wp-content\/uploads\/2025\/01\/75-178-300x300-1-300x300.png",300,300,true],"medium_large":["https:\/\/meterny.com\/wp-content\/uploads\/2025\/01\/75-178-300x300-1-768x768.png",768,768,true],"large":["https:\/\/meterny.com\/wp-content\/uploads\/2025\/01\/75-178-300x300-1.png",800,800,false],"1536x1536":["https:\/\/meterny.com\/wp-content\/uploads\/2025\/01\/75-178-300x300-1.png",800,800,false],"2048x2048":["https:\/\/meterny.com\/wp-content\/uploads\/2025\/01\/75-178-300x300-1.png",800,800,false],"trp-custom-language-flag":["https:\/\/meterny.com\/wp-content\/uploads\/2025\/01\/75-178-300x300-1.png",12,12,false],"woocommerce_thumbnail":["https:\/\/meterny.com\/wp-content\/uploads\/2025\/01\/75-178-300x300-1-300x300.png",300,300,true],"woocommerce_single":["https:\/\/meterny.com\/wp-content\/uploads\/2025\/01\/75-178-300x300-1-600x600.png",600,600,true],"woocommerce_gallery_thumbnail":["https:\/\/meterny.com\/wp-content\/uploads\/2025\/01\/75-178-300x300-1-100x100.png",100,100,true]},"uagb_author_info":{"display_name":"meterny","author_link":"https:\/\/meterny.com\/de\/author\/"},"uagb_comment_info":0,"uagb_excerpt":"Superior Quality: Crafted from premium materials, this WPC Exterior panel offers protection against the elements. Stylish Design: Elevate the exterior of your property with sleek and modern cladding that complements any architectural style. Easy Installation: It is designed for hassle-free installation, saving you time and effort. Versatile: Whether it's for residential or commercial properties, This&hellip;","_links":{"self":[{"href":"https:\/\/meterny.com\/de\/wp-json\/wp\/v2\/product\/21006","targetHints":{"allow":["GET"]}}],"collection":[{"href":"https:\/\/meterny.com\/de\/wp-json\/wp\/v2\/product"}],"about":[{"href":"https:\/\/meterny.com\/de\/wp-json\/wp\/v2\/types\/product"}],"replies":[{"embeddable":true,"href":"https:\/\/meterny.com\/de\/wp-json\/wp\/v2\/comments?post=21006"}],"wp:featuredmedia":[{"embeddable":true,"href":"https:\/\/meterny.com\/de\/wp-json\/wp\/v2\/media\/20956"}],"wp:attachment":[{"href":"https:\/\/meterny.com\/de\/wp-json\/wp\/v2\/media?parent=21006"}],"wp:term":[{"taxonomy":"product_brand","embeddable":true,"href":"https:\/\/meterny.com\/de\/wp-json\/wp\/v2\/product_brand?post=21006"},{"taxonomy":"product_cat","embeddable":true,"href":"https:\/\/meterny.com\/de\/wp-json\/wp\/v2\/product_cat?post=21006"},{"taxonomy":"product_tag","embeddable":true,"href":"https:\/\/meterny.com\/de\/wp-json\/wp\/v2\/product_tag?post=21006"}],"curies":[{"name":"wp","href":"https:\/\/api.w.org\/{rel}","templated":true}]}}