{"id":18517,"date":"2024-10-28T05:11:07","date_gmt":"2024-10-28T05:11:07","guid":{"rendered":"https:\/\/meterny.com\/?page_id=18517"},"modified":"2025-01-24T13:28:14","modified_gmt":"2025-01-24T13:28:14","slug":"why-aluminum-and-wpc-panels","status":"publish","type":"page","link":"https:\/\/meterny.com\/es\/why-aluminum-and-wpc-panels\/","title":{"rendered":"PREGUNTAS FRECUENTES"},"content":{"rendered":"<h2 class=\"wp-block-heading has-text-align-center\">Meterny\u00ae Preguntas frecuentes<\/h2>\n\n\n\n<p>\u00a1Esta es la p\u00e1gina de preguntas y respuestas r\u00e1pidas Meterny que puede ayudarle con sus consultas Meterny, si no cubren las preguntas que desea hacer, puede enviarnos un mensaje !<\/p>\n\n\n\n<h3 class=\"wp-block-heading\">Por qu\u00e9 Meterny tiene productos de aluminio y WPC<\/h3>\n\n\n\n<p>La actividad principal del propietario de Meterny es la explotaci\u00f3n del <a href=\"https:\/\/meterny.com\/es\/products\/\">paneles de aluminio para paredes y techos<\/a> Adem\u00e1s de la f\u00e1brica principal de paneles de aluminio, el equipo de dise\u00f1o de Metreny tambi\u00e9n ha desarrollado nuestra propia f\u00e1brica patentada de paneles de aluminio. <a href=\"https:\/\/meterny.com\/es\/categoria-producto\/aluminum-pergola-gazebo\/\">p\u00e9rgolas de aluminio<\/a>. Adem\u00e1s, el propietario tambi\u00e9n opta por invertir en otras industrias, entre ellas, <a href=\"https:\/\/meterny.com\/es\/categoria-producto\/wpc-wall\/\">WPC (compuesto de madera y pl\u00e1stico)<\/a> como nuevo tipo de material respetuoso con el medio ambiente, debido a sus excelentes propiedades f\u00edsicas, caracter\u00edsticas medioambientales y amplia gama de perspectivas de aplicaci\u00f3n, se ha convertido en el objeto de la inversi\u00f3n del propietario, invirtiendo en diferentes industrias, Meterny puede lograr la extensi\u00f3n e integraci\u00f3n de la cadena industrial, promover la mejora y transformaci\u00f3n industrial, y aportar m\u00e1s espacio y potencial de desarrollo para la empresa. Esta estrategia de inversi\u00f3n no s\u00f3lo ayuda a satisfacer la demanda del mercado y mejorar la imagen de marca, sino que tambi\u00e9n promueve la modernizaci\u00f3n y la transformaci\u00f3n industrial, lo que aporta mayores oportunidades de desarrollo para la empresa.<\/p>\n\n\n\n<h3 class=\"wp-block-heading\">\u00bfPuedo obtener la muestra?<\/h3>\n\n\n\n<p>Por supuesto. Podemos darle muestras gratuitas, pero tendr\u00e1 que pagar los gastos de env\u00edo. Si usted necesita una muestra del panel de pared de aluminio y usted tiene un requisito espec\u00edfico de la forma, podemos discutir m\u00e1s detais sobre la muestra modificada para requisitos particulares.&nbsp;<\/p>\n\n\n\n<h3 class=\"wp-block-heading\">Cu\u00e1nto tiempo se tarda en fabricar el producto\uff1f<\/h3>\n\n\n\n<p>\u00a1La cantidad del panel de pared de aluminio depende del ciclo de producci\u00f3n, as\u00ed como el panel de pared de aluminio por lo general necesitan para personalizar el estilo y el color, relativamente hablando, su tiempo de producci\u00f3n es relativamente largo, alrededor de 30-45 d\u00edas, si usted tiene prisa para obtener los bienes, podemos acelerar el arreglo de su pedido! En cuanto a la p\u00e9rgola de aluminio, puede tardar entre 15 y 20 d\u00edas. Y sobre los productos de WPC, el tiempo de producci\u00f3n de los productos de WPC tambi\u00e9n depende de la cantidad, en comparaci\u00f3n con el panel de pared de aluminio, el tiempo de producci\u00f3n de los productos de WPC es m\u00e1s corto, alrededor de 20-30 d\u00edas.<\/p>\n\n\n\n<p>Para los pedidos urgentes, puede hacerlo m\u00e1s r\u00e1pido como se indica a continuaci\u00f3n:<\/p>\n\n\n\n<p>El plazo de entrega de los tubos de aluminio es de unos 15 d\u00edas despu\u00e9s del pedido.<\/p>\n\n\n\n<p>El plazo de entrega de los tubos de aluminio es de unos 15 d\u00edas despu\u00e9s del pedido.<\/p>\n\n\n\n<p>El plazo de entrega de los paneles WPC es de unos 15-20 d\u00edas despu\u00e9s del pedido.<\/p>\n\n\n\n<div class=\"wp-block-cover alignfull\"><span aria-hidden=\"true\" class=\"wp-block-cover__background has-background-dim\" style=\"background-color:#827c78\"><\/span><img loading=\"lazy\" decoding=\"async\" width=\"1920\" height=\"600\" class=\"wp-block-cover__image-background wp-image-21071\" alt=\"Meterny es un experimentado fabricante de paneles de aluminio en Foshan, China.\" src=\"https:\/\/meterny.com\/wp-content\/uploads\/2025\/01\/Aluminum-panel-banner-2.jpg\" data-object-fit=\"cover\" srcset=\"https:\/\/meterny.com\/wp-content\/uploads\/2025\/01\/Aluminum-panel-banner-2.jpg 1920w, https:\/\/meterny.com\/wp-content\/uploads\/2025\/01\/Aluminum-panel-banner-2-300x94.jpg 300w, https:\/\/meterny.com\/wp-content\/uploads\/2025\/01\/Aluminum-panel-banner-2-1024x320.jpg 1024w, https:\/\/meterny.com\/wp-content\/uploads\/2025\/01\/Aluminum-panel-banner-2-768x240.jpg 768w, https:\/\/meterny.com\/wp-content\/uploads\/2025\/01\/Aluminum-panel-banner-2-1536x480.jpg 1536w, https:\/\/meterny.com\/wp-content\/uploads\/2025\/01\/Aluminum-panel-banner-2-600x188.jpg 600w\" sizes=\"auto, (max-width: 1920px) 100vw, 1920px\" \/><div class=\"wp-block-cover__inner-container is-layout-constrained wp-block-cover-is-layout-constrained\">\n<p class=\"has-text-align-center has-large-font-size\"> Nuestra l\u00ednea de producci\u00f3n de fachadas de aluminio<\/p>\n\n\n\n<p class=\"has-text-align-center\">Tecnolog\u00eda de corte por l\u00e1ser de aluminio de primera calidad, m\u00e1quinas plegadoras, soldadura experimentada y control de calidad eficiente en los paneles que fabricamos en China.<\/p>\n<\/div><\/div>\n\n\n\n<h3 class=\"wp-block-heading\">En cu\u00e1ntos d\u00edas llegar\u00e1 el producto\uff1f<\/h3>\n\n\n\n<p>Meterny es un fabricante con sede en Foshan (China). Los puertos m\u00e1s cercanos son Shenzhen o Guangzhou, a los que se tarda entre 1 y 3 horas en llegar. Para ver el tiempo de env\u00edo de puerto a puerto, depende de la distancia del pa\u00eds. En t\u00e9rminos generales, el tiempo es de 20 d\u00edas a 50 d\u00edas depende de los puertos en diferentes pa\u00edses.<\/p>\n\n\n\n<h3 class=\"wp-block-heading\">\u00bfC\u00f3mo se instala?<\/h3>\n\n\n\n<p>Nuestros paneles est\u00e1n dise\u00f1ados para ser f\u00e1ciles de instalar.&nbsp;<\/p>\n\n\n\n<p>Para los tableros de aluminio, hemos prefabricado soportes en los tableros de aluminio para taladrar los tornillos.<\/p>\n\n\n\n<p>En el caso de las tarimas de WPC, hay huecos en los paneles para que las fijaciones fijen los paneles.<\/p>\n\n\n\n<p>Para los paneles de pared\/techo de WPC, los hemos dise\u00f1ado para que puedan conectarse entre s\u00ed, con tornillos para fijarlos a la base de la vigueta\/suelo.<\/p>\n\n\n\n<p>Cuando reciba la mercanc\u00eda, podemos enviarle tutoriales de instalaci\u00f3n y v\u00eddeo de instalaci\u00f3n, si lo necesita, proporcionamos servicio personalizado, \u00a1tambi\u00e9n podemos tener una videollamada para ense\u00f1arle a instalar nuestros productos!<\/p>\n\n\n\n<div class=\"wp-block-uagb-buttons uagb-buttons__outer-wrap uagb-btn__large-btn uagb-btn-tablet__default-btn uagb-btn-mobile__default-btn uagb-block-abc10d69\"><div class=\"uagb-buttons__wrap uagb-buttons-layout-wrap\">\n<div class=\"wp-block-uagb-buttons-child uagb-buttons__outer-wrap uagb-block-672991d1 wp-block-button\"><div class=\"uagb-button__wrapper\"><a class=\"uagb-buttons-repeater wp-block-button__link\" aria-label=\"\" href=\"https:\/\/meterny.com\/es\/products\/\" rel=\"follow noopener\" target=\"_self\" role=\"button\"><div class=\"uagb-button__link\">Ver los productos<\/div><span class=\"uagb-button__icon uagb-button__icon-position-after\"><svg xmlns=\"https:\/\/www.w3.org\/2000\/svg\" viewbox=\"0 0 448 512\" aria-hidden=\"true\" focussable=\"false\"><path d=\"M438.6 278.6l-160 160C272.4 444.9 264.2 448 256 448s-16.38-3.125-22.62-9.375c-12.5-12.5-12.5-32.75 0-45.25L338.8 288H32C14.33 288 .0016 273.7 .0016 256S14.33 224 32 224h306.8l-105.4-105.4c-12.5-12.5-12.5-32.75 0-45.25s32.75-12.5 45.25 0l160 160C451.1 245.9 451.1 266.1 438.6 278.6z\"><\/path><\/svg><\/span><\/a><\/div><\/div>\n\n\n\n<div class=\"wp-block-uagb-buttons-child uagb-buttons__outer-wrap uagb-block-a0d2037d wp-block-button\"><div class=\"uagb-button__wrapper\"><a class=\"uagb-buttons-repeater wp-block-button__link\" aria-label=\"\" href=\"https:\/\/api.whatsapp.com\/send\/?phone=8618566054354&amp;text=Hi, no dude en hacernos llegar su consulta.\" rel=\"follow noopener\" target=\"_self\" role=\"button\"><div class=\"uagb-button__link\">Env\u00edenos un mensaje aqu\u00ed<\/div><span class=\"uagb-button__icon uagb-button__icon-position-after\"><svg xmlns=\"https:\/\/www.w3.org\/2000\/svg\" viewbox=\"0 0 448 512\" aria-hidden=\"true\" focussable=\"false\"><path d=\"M438.6 278.6l-160 160C272.4 444.9 264.2 448 256 448s-16.38-3.125-22.62-9.375c-12.5-12.5-12.5-32.75 0-45.25L338.8 288H32C14.33 288 .0016 273.7 .0016 256S14.33 224 32 224h306.8l-105.4-105.4c-12.5-12.5-12.5-32.75 0-45.25s32.75-12.5 45.25 0l160 160C451.1 245.9 451.1 266.1 438.6 278.6z\"><\/path><\/svg><\/span><\/a><\/div><\/div>\n<\/div><\/div>\n\n\n\n<p><\/p>","protected":false},"excerpt":{"rendered":"<p>Meterny\u00ae Preguntas frecuentes Esta es la p\u00e1gina de preguntas y respuestas r\u00e1pidas sobre Meterny que puede ayudarle [...]<\/p>","protected":false},"author":6,"featured_media":0,"parent":0,"menu_order":0,"comment_status":"closed","ping_status":"closed","template":"","meta":{"_uag_custom_page_level_css":"","site-sidebar-layout":"no-sidebar","site-content-layout":"","ast-site-content-layout":"normal-width-container","site-content-style":"default","site-sidebar-style":"default","ast-global-header-display":"","ast-banner-title-visibility":"","ast-main-header-display":"","ast-hfb-above-header-display":"","ast-hfb-below-header-display":"","ast-hfb-mobile-header-display":"","site-post-title":"disabled","ast-breadcrumbs-content":"","ast-featured-img":"","footer-sml-layout":"","theme-transparent-header-meta":"","adv-header-id-meta":"","stick-header-meta":"","header-above-stick-meta":"","header-main-stick-meta":"","header-below-stick-meta":"","astra-migrate-meta-layouts":"default","ast-page-background-enabled":"default","ast-page-background-meta":{"desktop":{"background-color":"var(--ast-global-color-4)","background-image":"","background-repeat":"repeat","background-position":"center center","background-size":"auto","background-attachment":"scroll","background-type":"","background-media":"","overlay-type":"","overlay-color":"","overlay-opacity":"","overlay-gradient":""},"tablet":{"background-color":"","background-image":"","background-repeat":"repeat","background-position":"center center","background-size":"auto","background-attachment":"scroll","background-type":"","background-media":"","overlay-type":"","overlay-color":"","overlay-opacity":"","overlay-gradient":""},"mobile":{"background-color":"","background-image":"","background-repeat":"repeat","background-position":"center center","background-size":"auto","background-attachment":"scroll","background-type":"","background-media":"","overlay-type":"","overlay-color":"","overlay-opacity":"","overlay-gradient":""}},"ast-content-background-meta":{"desktop":{"background-color":"var(--ast-global-color-5)","background-image":"","background-repeat":"repeat","background-position":"center center","background-size":"auto","background-attachment":"scroll","background-type":"","background-media":"","overlay-type":"","overlay-color":"","overlay-opacity":"","overlay-gradient":""},"tablet":{"background-color":"var(--ast-global-color-5)","background-image":"","background-repeat":"repeat","background-position":"center center","background-size":"auto","background-attachment":"scroll","background-type":"","background-media":"","overlay-type":"","overlay-color":"","overlay-opacity":"","overlay-gradient":""},"mobile":{"background-color":"var(--ast-global-color-5)","background-image":"","background-repeat":"repeat","background-position":"center center","background-size":"auto","background-attachment":"scroll","background-type":"","background-media":"","overlay-type":"","overlay-color":"","overlay-opacity":"","overlay-gradient":""}},"footnotes":""},"class_list":["post-18517","page","type-page","status-publish","hentry"],"uagb_featured_image_src":{"full":false,"thumbnail":false,"medium":false,"medium_large":false,"large":false,"1536x1536":false,"2048x2048":false,"trp-custom-language-flag":false,"woocommerce_thumbnail":false,"woocommerce_single":false,"woocommerce_gallery_thumbnail":false},"uagb_author_info":{"display_name":"meterny","author_link":"https:\/\/meterny.com\/es\/author\/meterny\/"},"uagb_comment_info":0,"uagb_excerpt":"Meterny\u00ae Frequently Asked Questions This is the Meterny quick questions and answers page that may help you with your Meterny [&hellip;]","_links":{"self":[{"href":"https:\/\/meterny.com\/es\/wp-json\/wp\/v2\/pages\/18517","targetHints":{"allow":["GET"]}}],"collection":[{"href":"https:\/\/meterny.com\/es\/wp-json\/wp\/v2\/pages"}],"about":[{"href":"https:\/\/meterny.com\/es\/wp-json\/wp\/v2\/types\/page"}],"author":[{"embeddable":true,"href":"https:\/\/meterny.com\/es\/wp-json\/wp\/v2\/users\/6"}],"replies":[{"embeddable":true,"href":"https:\/\/meterny.com\/es\/wp-json\/wp\/v2\/comments?post=18517"}],"version-history":[{"count":0,"href":"https:\/\/meterny.com\/es\/wp-json\/wp\/v2\/pages\/18517\/revisions"}],"wp:attachment":[{"href":"https:\/\/meterny.com\/es\/wp-json\/wp\/v2\/media?parent=18517"}],"curies":[{"name":"wp","href":"https:\/\/api.w.org\/{rel}","templated":true}]}}