{"id":15880,"date":"2024-03-29T14:06:10","date_gmt":"2024-03-29T14:06:10","guid":{"rendered":"https:\/\/meterny.com\/?post_type=product&#038;p=15880"},"modified":"2025-01-18T09:34:30","modified_gmt":"2025-01-18T09:34:30","slug":"outdoor-wpc-swimming-pool-flooring","status":"publish","type":"product","link":"https:\/\/meterny.com\/es\/producto\/outdoor-wpc-swimming-pool-flooring\/","title":{"rendered":"Suelos de madera de exterior con relieve 3D Suelos compuestos de WPC Suelos compuestos de WPC"},"content":{"rendered":"<div class=\"elementor-element elementor-element-c0e1d42 elementor-widget elementor-widget-heading\" data-id=\"c0e1d42\" data-element_type=\"widget\" data-widget_type=\"heading.default\">\n<div class=\"elementor-widget-container\">\n<h2 class=\"elementor-heading-title elementor-size-default\" style=\"text-align: center;\">Especificaci\u00f3n del suelo de piscina de WPC al aire libre del grano de madera realzado 3D<\/h2>\n<p id=\"\"><strong>P\u00e1gina del producto: Suelos de WPC para piscinas al aire libre<\/strong><\/p>\n<h4><strong>Visi\u00f3n general<\/strong><\/h4>\n<p id=\"\">Transforme la zona de su piscina en un espacio lujoso y acogedor con nuestro suelo para piscinas de exterior de WPC (compuesto de madera y pl\u00e1stico). Dise\u00f1ado espec\u00edficamente para su uso en exteriores, este innovador suelo combina la belleza natural de la madera con la durabilidad y resistencia a la intemperie del pl\u00e1stico, creando una mezcla perfecta para aplicaciones de alto rendimiento junto a la piscina.<\/p>\n<\/div>\n<\/div>\n<div class=\"elementor-element elementor-element-1f676da elementor-widget elementor-widget-heading\" data-id=\"1f676da\" data-element_type=\"widget\" data-widget_type=\"heading.default\">\n<p>Suelo de piscina de WPC para exteriores con grano de madera en relieve 3D<\/p>\n<p>METE140H25 WPC 3D Embossed Wood Grain Wpc Flooring : Eleve sus espacios con elegancia moderna<\/p>\n<p><strong>Modelo<\/strong>: METE140H25<br \/>\n<strong>Tipo<\/strong>: WPC Decking\/Piso<br \/>\n<strong>Talla<\/strong>: 140\u00d725mm<\/p>\n<p><strong>Superficie<\/strong>: Granos rectos<br \/>\n<strong>Longitud<\/strong>2,9 m o personalizado<br \/>\n<strong>Material<\/strong>: Compuesto de madera y pl\u00e1stico<br \/>\n<strong>Tecnolog\u00eda del producto<\/strong>: Eco-extrusi\u00f3n<\/p>\n<figure id=\"attachment_17394\" aria-describedby=\"caption-attachment-17394\" style=\"width: 1024px\" class=\"wp-caption alignnone\"><img loading=\"lazy\" decoding=\"async\" class=\"wp-image-17394\" src=\"https:\/\/meterny.com\/wp-content\/uploads\/2024\/03\/3-1-rotated.jpg\" alt=\"Suelos de WPC para piscinas al aire libre\" width=\"1024\" height=\"1024\" srcset=\"https:\/\/meterny.com\/wp-content\/uploads\/2024\/03\/3-1-rotated.jpg 800w, https:\/\/meterny.com\/wp-content\/uploads\/2024\/03\/3-1-300x300.jpg 300w, https:\/\/meterny.com\/wp-content\/uploads\/2024\/03\/3-1-150x150.jpg 150w, https:\/\/meterny.com\/wp-content\/uploads\/2024\/03\/3-1-768x768.jpg 768w, https:\/\/meterny.com\/wp-content\/uploads\/2024\/03\/3-1-600x600.jpg 600w, https:\/\/meterny.com\/wp-content\/uploads\/2024\/03\/3-1-100x100.jpg 100w\" sizes=\"auto, (max-width: 1024px) 100vw, 1024px\" \/><figcaption id=\"caption-attachment-17394\" class=\"wp-caption-text\">Pavimento de exterior de WPC para piscinas - Bonito y antideslizante para la seguridad junto a la piscina.<\/figcaption><\/figure>\n<h4><strong>Caracter\u00edsticas principales<\/strong><\/h4>\n<ol>\n<li><strong>Resistente al agua y antideslizante<\/strong>:\n<ul>\n<li>Nuestros suelos de WPC para piscinas est\u00e1n dise\u00f1ados espec\u00edficamente para resistir condiciones de humedad, lo que garantiza que permanezcan estables y antideslizantes incluso cuando est\u00e1n sumergidos en agua.<\/li>\n<li>Esto lo hace ideal para cubiertas de piscinas, pasarelas y zonas de chapoteo, proporcionando una superficie segura para usted y sus invitados.<\/li>\n<\/ul>\n<\/li>\n<li><strong>Durabilidad y longevidad<\/strong>:\n<ul>\n<li>Fabricado con material WPC de alta calidad, este suelo es resistente a la decoloraci\u00f3n, el agrietamiento y el alabeo, incluso en condiciones clim\u00e1ticas extremas.<\/li>\n<li>Mantiene su integridad estructural y su atractivo est\u00e9tico a lo largo del tiempo, lo que garantiza una inversi\u00f3n duradera.<\/li>\n<\/ul>\n<\/li>\n<li><strong>Ecol\u00f3gico<\/strong>:\n<ul>\n<li>Fabricado a partir de una mezcla de fibras de madera reciclada y pl\u00e1stico, nuestro suelo de piscina de WPC es una opci\u00f3n respetuosa con el medio ambiente.<\/li>\n<li>Contribuye a los esfuerzos de sostenibilidad reduciendo los residuos y fomentando el uso de materiales reciclados.<\/li>\n<\/ul>\n<\/li>\n<li><strong>F\u00e1cil de limpiar y mantener<\/strong>:\n<ul>\n<li>Este suelo est\u00e1 dise\u00f1ado para un f\u00e1cil mantenimiento, requiriendo un esfuerzo m\u00ednimo para mantenerlo limpio y con el mejor aspecto.<\/li>\n<li>Basta con limpiar con una manguera o un pa\u00f1o h\u00famedo para eliminar la suciedad, los residuos y los productos qu\u00edmicos de la piscina, garantizando un proceso de mantenimiento sin complicaciones.<\/li>\n<\/ul>\n<\/li>\n<li><strong>Atractivo est\u00e9tico<\/strong>:\n<ul>\n<li>Disponibles en una gama de impresionantes colores, texturas y estilos, nuestros suelos de WPC para piscinas ofrecen un aspecto natural y elegante.<\/li>\n<li>Realza la est\u00e9tica general de su zona de piscina, creando un ambiente acogedor y atractivo para la relajaci\u00f3n y el entretenimiento.<\/li>\n<\/ul>\n<\/li>\n<li><strong>Opciones personalizables<\/strong>:\n<ul>\n<li>Ofrecemos diversas opciones de personalizaci\u00f3n para adaptarnos a sus necesidades y preferencias espec\u00edficas.<\/li>\n<li>Elija entre diferentes tama\u00f1os, formas y m\u00e9todos de instalaci\u00f3n para crear una experiencia \u00fanica y personalizada junto a la piscina.<\/li>\n<\/ul>\n<\/li>\n<\/ol>\n<h4><strong>Especificaciones t\u00e9cnicas<\/strong><\/h4>\n<ul>\n<li><strong>Material<\/strong>: Compuesto de madera y pl\u00e1stico (WPC)<\/li>\n<li><strong>Dimensiones<\/strong>: 135*119*23mm\/217*201*28mm\/227*210*25mm<\/li>\n<li><strong>Espesor<\/strong>: 23\/25\/28mm<\/li>\n<li><strong>Peso<\/strong>: 3 kg\/metro<\/li>\n<li><strong>Opciones de color<\/strong>: marr\u00f3n\/negro\/doble color<\/li>\n<li><strong>Instalaci\u00f3n<\/strong>: Sistema de cierre f\u00e1cil de instalar (sin clavos ni tornillos)<\/li>\n<li><strong>Garant\u00eda<\/strong>M\u00e1s de 10 a\u00f1os<\/li>\n<\/ul>\n<h4><strong>Gu\u00eda de instalaci\u00f3n<\/strong><\/h4>\n<p id=\"\">La instalaci\u00f3n de nuestra tarima de WPC para piscinas al aire libre es r\u00e1pida y sencilla, gracias a nuestro innovador sistema de cierre. Siga estos sencillos pasos para conseguir una instalaci\u00f3n perfecta y de aspecto profesional:<\/p>\n<ol>\n<li><strong>Preparar la superficie<\/strong>: Aseg\u00farese de que la superficie est\u00e9 limpia, seca y libre de residuos.<\/li>\n<li><strong>Colocar el suelo<\/strong>: Mida y corte las piezas para adaptarlas a la disposici\u00f3n deseada, asegur\u00e1ndose de que queden bien ajustadas y con espacios m\u00ednimos.<\/li>\n<li><strong>Instalar el suelo<\/strong>: Utilice el sistema de bloqueo para unir las piezas, creando una superficie segura y estable.<\/li>\n<li><strong>Terminar y disfrutar<\/strong>: Recorte los trozos sobrantes y disfrute de su nuevo y bonito suelo junto a la piscina.<\/li>\n<\/ol>\n<\/div>\n<div class=\"elementor-element elementor-element-1f676da elementor-widget elementor-widget-heading\" data-id=\"1f676da\" data-element_type=\"widget\" data-widget_type=\"heading.default\">\n<ul>\n<li>Wood Plastic Composite Wpc 3D Embossed Wood Grain Outdoor Wpc Swimming Pool Flooring Wpc Composite Decking<\/li>\n<\/ul>\n<h3>Si desea conocer m\u00e1s detalles, haga clic en este enlace de youtube:<a href=\"https:\/\/youtu.be\/zl6KzeQz4IE\" target=\"_blank\" rel=\"noopener\">https:\/\/youtu.be\/zl6KzeQz4IE<\/a><\/h3>\n<p>&nbsp;<\/p>\n<h3>Galer\u00eda<\/h3>\n<p>Suelos de WPC para piscinas al aire libre<\/p>\n<figure id=\"attachment_17396\" aria-describedby=\"caption-attachment-17396\" style=\"width: 1024px\" class=\"wp-caption alignnone\"><img loading=\"lazy\" decoding=\"async\" class=\"wp-image-17396\" src=\"https:\/\/meterny.com\/wp-content\/uploads\/2024\/03\/3-1.png\" alt=\"Suelos antideslizantes de WPC para caminos de jard\u00edn\" width=\"1024\" height=\"1024\" srcset=\"https:\/\/meterny.com\/wp-content\/uploads\/2024\/03\/3-1.png 1079w, https:\/\/meterny.com\/wp-content\/uploads\/2024\/03\/3-1-300x300.png 300w, https:\/\/meterny.com\/wp-content\/uploads\/2024\/03\/3-1-1024x1024.png 1024w, https:\/\/meterny.com\/wp-content\/uploads\/2024\/03\/3-1-150x150.png 150w, https:\/\/meterny.com\/wp-content\/uploads\/2024\/03\/3-1-768x768.png 768w, https:\/\/meterny.com\/wp-content\/uploads\/2024\/03\/3-1-600x600.png 600w, https:\/\/meterny.com\/wp-content\/uploads\/2024\/03\/3-1-100x100.png 100w\" sizes=\"auto, (max-width: 1024px) 100vw, 1024px\" \/><figcaption id=\"caption-attachment-17396\" class=\"wp-caption-text\">Suelos Antideslizantes WPC: Caminos de jard\u00edn seguros y elegantes<\/figcaption><\/figure>\n<p>Suelos de WPC para piscinas al aire libre<\/p>\n<figure id=\"attachment_17400\" aria-describedby=\"caption-attachment-17400\" style=\"width: 1024px\" class=\"wp-caption alignnone\"><img loading=\"lazy\" decoding=\"async\" class=\"wp-image-17400\" src=\"https:\/\/meterny.com\/wp-content\/uploads\/2024\/03\/13-4.png\" alt=\"Suelos de WPC antibacterianos para espacios higi\u00e9nicos\" width=\"1024\" height=\"1024\" srcset=\"https:\/\/meterny.com\/wp-content\/uploads\/2024\/03\/13-4.png 800w, https:\/\/meterny.com\/wp-content\/uploads\/2024\/03\/13-4-300x300.png 300w, https:\/\/meterny.com\/wp-content\/uploads\/2024\/03\/13-4-150x150.png 150w, https:\/\/meterny.com\/wp-content\/uploads\/2024\/03\/13-4-768x768.png 768w, https:\/\/meterny.com\/wp-content\/uploads\/2024\/03\/13-4-600x600.png 600w, https:\/\/meterny.com\/wp-content\/uploads\/2024\/03\/13-4-100x100.png 100w\" sizes=\"auto, (max-width: 1024px) 100vw, 1024px\" \/><figcaption id=\"caption-attachment-17400\" class=\"wp-caption-text\">Suelos de WPC antibacterianos: Limpio y seguro para cualquier entorno<\/figcaption><\/figure>\n<p>Suelos de WPC para piscinas al aire libre<\/p>\n<figure id=\"attachment_17407\" aria-describedby=\"caption-attachment-17407\" style=\"width: 1024px\" class=\"wp-caption alignnone\"><img loading=\"lazy\" decoding=\"async\" class=\"wp-image-17407\" src=\"https:\/\/meterny.com\/wp-content\/uploads\/2024\/03\/1-2.png\" alt=\"Wpc Composite Decking Outdoor\" width=\"1024\" height=\"1024\" srcset=\"https:\/\/meterny.com\/wp-content\/uploads\/2024\/03\/1-2.png 1024w, https:\/\/meterny.com\/wp-content\/uploads\/2024\/03\/1-2-300x300.png 300w, https:\/\/meterny.com\/wp-content\/uploads\/2024\/03\/1-2-150x150.png 150w, https:\/\/meterny.com\/wp-content\/uploads\/2024\/03\/1-2-768x768.png 768w, https:\/\/meterny.com\/wp-content\/uploads\/2024\/03\/1-2-600x600.png 600w, https:\/\/meterny.com\/wp-content\/uploads\/2024\/03\/1-2-100x100.png 100w\" sizes=\"auto, (max-width: 1024px) 100vw, 1024px\" \/><figcaption id=\"caption-attachment-17407\" class=\"wp-caption-text\">Suelos de WPC resistentes a la intemperie: Seguro, elegante y duradero<\/figcaption><\/figure>\n<h3><strong>Color y superficie<\/strong><\/h3>\n<p>Nuestro suelo METE140H25 presenta una elegante superficie de grano recto, que a\u00f1ade una textura sofisticada a cualquier zona.<\/p>\n<p>Con colores, dimensiones y formas personalizables, estos paneles ofrecen una flexibilidad excepcional, permiti\u00e9ndole dar rienda suelta a su creatividad en proyectos de dise\u00f1o de interiores y exteriores.<\/p>\n<p>La tecnolog\u00eda de ecoextrusi\u00f3n garantiza que cada panel no s\u00f3lo tenga un aspecto magn\u00edfico, sino que tambi\u00e9n contribuya a un entorno vital sostenible.<\/p>\n<h3>Opciones de colores<\/h3>\n<p>Carta de colores de suelos de WPC de la serie Meterny METE<\/p>\n<figure id=\"attachment_20293\" aria-describedby=\"caption-attachment-20293\" style=\"width: 1024px\" class=\"wp-caption alignnone\"><img loading=\"lazy\" decoding=\"async\" class=\"wp-image-20293\" src=\"https:\/\/meterny.com\/wp-content\/uploads\/2024\/10\/METE-Series-Colour-151.png\" alt=\"Opciones de color de la valla de WPC Meterny\" width=\"1024\" height=\"1024\" srcset=\"https:\/\/meterny.com\/wp-content\/uploads\/2024\/10\/METE-Series-Colour-151.png 900w, https:\/\/meterny.com\/wp-content\/uploads\/2024\/10\/METE-Series-Colour-151-300x300.png 300w, https:\/\/meterny.com\/wp-content\/uploads\/2024\/10\/METE-Series-Colour-151-150x150.png 150w, https:\/\/meterny.com\/wp-content\/uploads\/2024\/10\/METE-Series-Colour-151-768x768.png 768w, https:\/\/meterny.com\/wp-content\/uploads\/2024\/10\/METE-Series-Colour-151-600x600.png 600w, https:\/\/meterny.com\/wp-content\/uploads\/2024\/10\/METE-Series-Colour-151-100x100.png 100w\" sizes=\"auto, (max-width: 1024px) 100vw, 1024px\" \/><figcaption id=\"caption-attachment-20293\" class=\"wp-caption-text\">Explore Suelos de WPC Meterny - Nueve impresionantes opciones de color para cada estilo<\/figcaption><\/figure>\n<h3><strong>\u00bfPor qu\u00e9 elegir suelos de exterior de WPC para piscinas?<\/strong><\/h3>\n<p id=\"\">Los suelos de exterior de WPC (Wood Plastic Composite) para piscinas son una excelente elecci\u00f3n para su zona de piscina debido a sus numerosas ventajas y beneficios. He aqu\u00ed algunas razones de peso para elegir esta innovadora soluci\u00f3n de suelo:<\/p>\n<h3>1.\u00a0<strong>Durabilidad y longevidad<\/strong><\/h3>\n<ul>\n<li><strong>Resistencia a la intemperie<\/strong>: Los suelos de WPC est\u00e1n dise\u00f1ados para soportar los rigores de los entornos exteriores, incluidas las temperaturas extremas, la humedad y la exposici\u00f3n a los rayos UV. Esto garantiza que su suelo se mantenga en excelentes condiciones, incluso en condiciones clim\u00e1ticas adversas.<\/li>\n<li><strong>Resistencia a la decoloraci\u00f3n y los ara\u00f1azos<\/strong>: A diferencia de las tarimas de madera tradicionales, los suelos de WPC son resistentes a la decoloraci\u00f3n y los ara\u00f1azos, por lo que mantienen su atractivo est\u00e9tico con el paso del tiempo.<\/li>\n<\/ul>\n<h3>2.\u00a0<strong>Resistente al agua y antideslizante<\/strong><\/h3>\n<ul>\n<li><strong>Propiedades impermeables<\/strong>: El material compuesto es impermeable, por lo que resulta ideal para cubiertas de piscinas y zonas de chapoteo. No absorbe el agua, no se hincha ni se deforma, lo que garantiza una superficie estable y segura.<\/li>\n<li><strong>Superficie antideslizante<\/strong>: La superficie texturizada de los suelos de WPC proporciona una excelente tracci\u00f3n, reduciendo el riesgo de resbalones y ca\u00eddas, incluso cuando est\u00e1n mojados.<\/li>\n<\/ul>\n<h3>3.\u00a0<strong>Ecol\u00f3gico<\/strong><\/h3>\n<ul>\n<li><strong>Material sostenible<\/strong>: Los suelos de WPC est\u00e1n fabricados con una mezcla de fibras de madera recicladas y pl\u00e1stico, lo que los convierte en una opci\u00f3n respetuosa con el medio ambiente. Contribuye a los esfuerzos de sostenibilidad reduciendo los residuos y fomentando el uso de materiales reciclados.<\/li>\n<\/ul>\n<h3>4.\u00a0<strong>Facilidad de mantenimiento<\/strong><\/h3>\n<ul>\n<li><strong>Bajo mantenimiento<\/strong>: Los suelos de WPC son f\u00e1ciles de limpiar y mantener, y requieren un esfuerzo m\u00ednimo para mantener su mejor aspecto. Basta con limpiarlo con una manguera o un pa\u00f1o h\u00famedo para eliminar la suciedad, los residuos y los productos qu\u00edmicos de la piscina.<\/li>\n<li><strong>Resistente a las manchas<\/strong>: El material compuesto es resistente a las manchas y al moho, lo que garantiza una superficie limpia e higi\u00e9nica para su zona de piscina.<\/li>\n<\/ul>\n<h3>5.\u00a0<strong>Atractivo est\u00e9tico<\/strong><\/h3>\n<ul>\n<li><strong>Aspecto natural<\/strong>: Los suelos de WPC ofrecen un aspecto natural y elegante, imitando el aspecto de la madera aut\u00e9ntica sin los requisitos de mantenimiento.<\/li>\n<li><strong>Variedad de opciones<\/strong>: Disponibles en una gama de colores, texturas y estilos impresionantes, puede elegir la opci\u00f3n perfecta para complementar su zona de piscina y mejorar su est\u00e9tica general.<\/li>\n<\/ul>\n<h3>6.\u00a0<strong>Personalizable y vers\u00e1til<\/strong><\/h3>\n<ul>\n<li><strong>Opciones personalizables<\/strong>: Los suelos de WPC pueden personalizarse para adaptarse a sus necesidades y preferencias espec\u00edficas, incluyendo diferentes tama\u00f1os, formas y m\u00e9todos de instalaci\u00f3n.<\/li>\n<li><strong>Aplicaciones vers\u00e1tiles<\/strong>: Adecuado para una gran variedad de aplicaciones exteriores, como cubiertas de piscinas, pasarelas, patios y balcones, el suelo de WPC ofrece una soluci\u00f3n vers\u00e1til para su zona de piscina.<\/li>\n<\/ul>\n<h3>7.\u00a0<strong>Rentable<\/strong><\/h3>\n<ul>\n<li><strong>Valor a largo plazo<\/strong>: Gracias a su durabilidad y bajo mantenimiento, los suelos de WPC ofrecen un excelente valor a largo plazo, lo que los convierte en una inversi\u00f3n rentable para su zona de piscina.<\/li>\n<li><strong>Eficacia de la instalaci\u00f3n<\/strong>: El innovador sistema de bloqueo facilita y agiliza la instalaci\u00f3n, reduciendo los costes de mano de obra y los tiempos de inactividad.<\/li>\n<\/ul>\n<p id=\"\">En resumen, los suelos de exterior de WPC para piscinas son una opci\u00f3n excelente para su zona de piscina por su durabilidad, resistencia al agua, respeto por el medio ambiente, facilidad de mantenimiento, atractivo est\u00e9tico, posibilidad de personalizaci\u00f3n y rentabilidad. Proporciona una superficie segura, estable y hermosa para sus necesidades de entretenimiento y relajaci\u00f3n junto a la piscina.<\/p>\n<\/div>","protected":false},"excerpt":{"rendered":"<p>3D Embossed Wood Grain Outdoor WPC Swimming Pool Flooring Especificaci\u00f3n P\u00e1gina de producto: Suelos de WPC para piscinas al aire libre Descripci\u00f3n general Transforme su [...]<\/p>","protected":false},"featured_media":17394,"comment_status":"open","ping_status":"closed","template":"","meta":{"_uag_custom_page_level_css":"","site-sidebar-layout":"default","site-content-layout":"","ast-site-content-layout":"default","site-content-style":"default","site-sidebar-style":"default","ast-global-header-display":"","ast-banner-title-visibility":"","ast-main-header-display":"","ast-hfb-above-header-display":"","ast-hfb-below-header-display":"","ast-hfb-mobile-header-display":"","site-post-title":"","ast-breadcrumbs-content":"","ast-featured-img":"","footer-sml-layout":"","theme-transparent-header-meta":"default","adv-header-id-meta":"","stick-header-meta":"default","header-above-stick-meta":"","header-main-stick-meta":"","header-below-stick-meta":"","astra-migrate-meta-layouts":"set","ast-page-background-enabled":"default","ast-page-background-meta":{"desktop":{"background-color":"var(--ast-global-color-4)","background-image":"","background-repeat":"repeat","background-position":"center center","background-size":"auto","background-attachment":"scroll","background-type":"","background-media":"","overlay-type":"","overlay-color":"","overlay-opacity":"","overlay-gradient":""},"tablet":{"background-color":"","background-image":"","background-repeat":"repeat","background-position":"center center","background-size":"auto","background-attachment":"scroll","background-type":"","background-media":"","overlay-type":"","overlay-color":"","overlay-opacity":"","overlay-gradient":""},"mobile":{"background-color":"","background-image":"","background-repeat":"repeat","background-position":"center center","background-size":"auto","background-attachment":"scroll","background-type":"","background-media":"","overlay-type":"","overlay-color":"","overlay-opacity":"","overlay-gradient":""}},"ast-content-background-meta":{"desktop":{"background-color":"var(--ast-global-color-5)","background-image":"","background-repeat":"repeat","background-position":"center center","background-size":"auto","background-attachment":"scroll","background-type":"","background-media":"","overlay-type":"","overlay-color":"","overlay-opacity":"","overlay-gradient":""},"tablet":{"background-color":"var(--ast-global-color-5)","background-image":"","background-repeat":"repeat","background-position":"center center","background-size":"auto","background-attachment":"scroll","background-type":"","background-media":"","overlay-type":"","overlay-color":"","overlay-opacity":"","overlay-gradient":""},"mobile":{"background-color":"var(--ast-global-color-5)","background-image":"","background-repeat":"repeat","background-position":"center center","background-size":"auto","background-attachment":"scroll","background-type":"","background-media":"","overlay-type":"","overlay-color":"","overlay-opacity":"","overlay-gradient":""}}},"product_brand":[],"product_cat":[18],"product_tag":[182,181],"class_list":{"0":"post-15880","1":"product","2":"type-product","3":"status-publish","4":"has-post-thumbnail","6":"product_cat-uncategorized","7":"product_tag-wpc-decking","8":"product_tag-wpc-flooring","9":"desktop-align-center","10":"tablet-align-left","11":"mobile-align-left","12":"ast-product-gallery-layout-horizontal-slider","13":"ast-product-tabs-layout-vertical","15":"first","16":"instock","17":"featured","18":"shipping-taxable","19":"product-type-simple"},"uagb_featured_image_src":{"full":["https:\/\/meterny.com\/wp-content\/uploads\/2024\/03\/3-1-rotated.jpg",800,800,false],"thumbnail":["https:\/\/meterny.com\/wp-content\/uploads\/2024\/03\/3-1-150x150.jpg",150,150,true],"medium":["https:\/\/meterny.com\/wp-content\/uploads\/2024\/03\/3-1-300x300.jpg",300,300,true],"medium_large":["https:\/\/meterny.com\/wp-content\/uploads\/2024\/03\/3-1-768x768.jpg",768,768,true],"large":["https:\/\/meterny.com\/wp-content\/uploads\/2024\/03\/3-1-rotated.jpg",800,800,false],"1536x1536":["https:\/\/meterny.com\/wp-content\/uploads\/2024\/03\/3-1-rotated.jpg",800,800,false],"2048x2048":["https:\/\/meterny.com\/wp-content\/uploads\/2024\/03\/3-1-rotated.jpg",800,800,false],"trp-custom-language-flag":["https:\/\/meterny.com\/wp-content\/uploads\/2024\/03\/3-1-rotated.jpg",12,12,false],"woocommerce_thumbnail":["https:\/\/meterny.com\/wp-content\/uploads\/2024\/03\/3-1-300x300.jpg",300,300,true],"woocommerce_single":["https:\/\/meterny.com\/wp-content\/uploads\/2024\/03\/3-1-600x600.jpg",600,600,true],"woocommerce_gallery_thumbnail":["https:\/\/meterny.com\/wp-content\/uploads\/2024\/03\/3-1-100x100.jpg",100,100,true]},"uagb_author_info":{"display_name":"meterny","author_link":"https:\/\/meterny.com\/es\/author\/"},"uagb_comment_info":0,"uagb_excerpt":"3D Embossed Wood Grain Outdoor Wpc Swimming Pool Flooring Specification Product Page: Outdoor WPC Swimming Pool Flooring Overview Transform your [&hellip;]","_links":{"self":[{"href":"https:\/\/meterny.com\/es\/wp-json\/wp\/v2\/product\/15880","targetHints":{"allow":["GET"]}}],"collection":[{"href":"https:\/\/meterny.com\/es\/wp-json\/wp\/v2\/product"}],"about":[{"href":"https:\/\/meterny.com\/es\/wp-json\/wp\/v2\/types\/product"}],"replies":[{"embeddable":true,"href":"https:\/\/meterny.com\/es\/wp-json\/wp\/v2\/comments?post=15880"}],"wp:featuredmedia":[{"embeddable":true,"href":"https:\/\/meterny.com\/es\/wp-json\/wp\/v2\/media\/17394"}],"wp:attachment":[{"href":"https:\/\/meterny.com\/es\/wp-json\/wp\/v2\/media?parent=15880"}],"wp:term":[{"taxonomy":"product_brand","embeddable":true,"href":"https:\/\/meterny.com\/es\/wp-json\/wp\/v2\/product_brand?post=15880"},{"taxonomy":"product_cat","embeddable":true,"href":"https:\/\/meterny.com\/es\/wp-json\/wp\/v2\/product_cat?post=15880"},{"taxonomy":"product_tag","embeddable":true,"href":"https:\/\/meterny.com\/es\/wp-json\/wp\/v2\/product_tag?post=15880"}],"curies":[{"name":"wp","href":"https:\/\/api.w.org\/{rel}","templated":true}]}}