{"id":16369,"date":"2024-04-22T08:39:23","date_gmt":"2024-04-22T08:39:23","guid":{"rendered":"https:\/\/meterny.com\/?post_type=product&#038;p=16369"},"modified":"2025-01-15T13:18:14","modified_gmt":"2025-01-15T13:18:14","slug":"interior-wood-plastic-composite-wpc-wall-panel","status":"publish","type":"product","link":"https:\/\/meterny.com\/es\/producto\/interior-wood-plastic-composite-wpc-wall-panel\/","title":{"rendered":"Interior compuesto de madera y pl\u00e1stico Panel de pared de Wpc Panel de pared acanalado de Wpc Panel de pared acanalado de Wpc"},"content":{"rendered":"<div class=\"elementor-element elementor-element-c0e1d42 elementor-widget elementor-widget-heading\" data-id=\"c0e1d42\" data-element_type=\"widget\" data-widget_type=\"heading.default\">\n<div class=\"elementor-widget-container\">\n<h2 class=\"elementor-heading-title elementor-size-default\" style=\"text-align: center;\">Panel de pared interior compuesto de madera y pl\u00e1stico WPC<\/h2>\n<\/div>\n<\/div>\n<div class=\"elementor-element elementor-element-1f676da elementor-widget elementor-widget-heading\" data-id=\"1f676da\" data-element_type=\"widget\" data-widget_type=\"heading.default\">\n<h2 class=\"elementor-widget-container\" style=\"text-align: center;\">Especificaci\u00f3n<\/h2>\n<p><strong>Modelo<\/strong>: METE227H25<br \/>\n<strong>Tipo<\/strong>: Interior de madera compuesto de pl\u00e1stico WPC Panel de pared<br \/>\n<strong>Talla<\/strong>: 227\u00d725mm<\/p>\n<p><strong>Superficie<\/strong>: Granos rectos<br \/>\n<strong>Longitud<\/strong>2,9 m o personalizado<br \/>\n<strong>Material<\/strong>: Compuesto de madera y pl\u00e1stico<br \/>\n<strong>Tecnolog\u00eda del producto<\/strong>: Eco-extrusi\u00f3n<\/p>\n<figure id=\"attachment_17346\" aria-describedby=\"caption-attachment-17346\" style=\"width: 1024px\" class=\"wp-caption alignnone\"><img loading=\"lazy\" decoding=\"async\" class=\"wp-image-17346\" src=\"https:\/\/meterny.com\/wp-content\/uploads\/2024\/04\/27-1.jpg\" alt=\"Panel de pared interior compuesto de madera y pl\u00e1stico WPC\" width=\"1024\" height=\"1024\" srcset=\"https:\/\/meterny.com\/wp-content\/uploads\/2024\/04\/27-1.jpg 533w, https:\/\/meterny.com\/wp-content\/uploads\/2024\/04\/27-1-300x300.jpg 300w, https:\/\/meterny.com\/wp-content\/uploads\/2024\/04\/27-1-150x150.jpg 150w, https:\/\/meterny.com\/wp-content\/uploads\/2024\/04\/27-1-100x100.jpg 100w\" sizes=\"auto, (max-width: 1024px) 100vw, 1024px\" \/><figcaption id=\"caption-attachment-17346\" class=\"wp-caption-text\">A\u00f1ada elegancia y funcionalidad a su sal\u00f3n con paneles de WPC<\/figcaption><\/figure>\n<\/div>\n<p id=\"\"><strong>I. Descripci\u00f3n general del producto<\/strong><\/p>\n<p id=\"\">El Panel de pared interior compuesto de madera y pl\u00e1stico WPC, tambi\u00e9n conocido como panel de pared WPC, es un material de panel de pared ecol\u00f3gico que combina las ventajas de la madera y el pl\u00e1stico. Hecho principalmente de fibra de madera y pl\u00e1stico, es procesado a trav\u00e9s de t\u00e9cnicas de producci\u00f3n avanzadas para proporcionar impermeabilidad, resistencia a la corrosi\u00f3n, f\u00e1cil instalaci\u00f3n y bajos costos de mantenimiento. Es una opci\u00f3n ideal para la decoraci\u00f3n del hogar y el dise\u00f1o de interiores.<\/p>\n<p id=\"\"><strong>II. Caracter\u00edsticas del producto<\/strong><\/p>\n<ol>\n<li><strong>Material respetuoso con el medio ambiente<\/strong>: El panel compuesto de madera y pl\u00e1stico para interiores est\u00e1 hecho de fibra de madera renovable y pl\u00e1stico, lo que reduce el uso de madera y contribuye a la protecci\u00f3n de los bosques. Tambi\u00e9n es reciclable, reduciendo la contaminaci\u00f3n ambiental.<\/li>\n<li><strong>Impermeable y a prueba de humedad<\/strong>: Debido a su contenido en pl\u00e1stico, el Panel de Pared Interior de Madera Pl\u00e1stica Compuesta WPC ofrece un excelente rendimiento a prueba de agua y no se deforma ni se pudre incluso con una exposici\u00f3n prolongada al agua.<\/li>\n<li><strong>Gran durabilidad<\/strong>: El panel compuesto de madera y pl\u00e1stico para interiores tiene buena resistencia a la intemperie, siendo resistente a la putrefacci\u00f3n, decoloraci\u00f3n y descomposici\u00f3n. Es adecuado tanto para ambientes interiores como exteriores.<\/li>\n<li><strong>F\u00e1cil instalaci\u00f3n<\/strong>: El Panel de Pared Interior de Madera Pl\u00e1stica Compuesta WPC es sencillo y r\u00e1pido de instalar, y no requiere conocimientos especializados. Las herramientas b\u00e1sicas de instalaci\u00f3n y las habilidades de bricolaje son suficientes para completarlo.<\/li>\n<li><strong>Diversas apariciones<\/strong>: El Panel de Pared Interior de Madera Pl\u00e1stica Compuesta WPC viene en m\u00faltiples colores y texturas, atendiendo a diferentes estilos decorativos y necesidades personalizadas.<\/li>\n<li><strong>Bajo mantenimiento<\/strong>: Comparado con la madera tradicional, el Panel de Pared Interior de Madera Pl\u00e1stica Compuesta WPC tiene menores costes de mantenimiento. No requiere pintura o revestimiento regular, s\u00f3lo limpieza peri\u00f3dica.<\/li>\n<\/ol>\n<p id=\"\"><strong>III. Especificaciones del producto<\/strong><\/p>\n<ol>\n<li><strong>Material<\/strong>: Fibra de madera + Pl\u00e1stico<\/li>\n<li><strong>Longitud<\/strong>: 135\/217\/227mm<\/li>\n<li><strong>Anchura<\/strong>: 119\/201\/210mm<\/li>\n<li><strong>Espesor<\/strong>: 23\/25\/28mm<\/li>\n<li><strong>Color<\/strong>: M\u00faltiples colores disponibles, personalizables seg\u00fan el cat\u00e1logo de colores de la pel\u00edcula de PVC.<\/li>\n<li><strong>Peso<\/strong>: Aproximadamente 3 kg\/m<\/li>\n<li><strong>Clasificaci\u00f3n al fuego<\/strong>:  Clase B1<\/li>\n<li><strong>Emisi\u00f3n de formaldeh\u00eddo<\/strong>: Clase E1<\/li>\n<\/ol>\n<p id=\"\"><strong>IV. Escenarios de aplicaci\u00f3n<\/strong><\/p>\n<p id=\"\">El panel compuesto de madera y pl\u00e1stico para interiores WPC es adecuado para diversos escenarios de decoraci\u00f3n de interiores, como paredes, techos y paredes de fondo de decoraci\u00f3n de viviendas familiares; renovaciones de escaparates comerciales y divisiones de oficinas; y zonas de pasillos y escaleras p\u00fablicas. No s\u00f3lo mejora la est\u00e9tica de los espacios interiores, sino que tambi\u00e9n proporciona un entorno de vida saludable y respetuoso con el medio ambiente.<\/p>\n<p id=\"\"><strong>V. Gu\u00eda de instalaci\u00f3n<\/strong><\/p>\n<ol>\n<li><strong>Preparar herramientas<\/strong>: Taladro el\u00e9ctrico, destornillador, sierra, martillo, regla y otras herramientas b\u00e1sicas de instalaci\u00f3n.<\/li>\n<li><strong>Medida Dimensiones<\/strong>: Mida y corte el panel compuesto de madera y pl\u00e1stico para interiores WPC a la medida adecuada seg\u00fan las dimensiones reales del espacio de instalaci\u00f3n.<\/li>\n<li><strong>Panel mural fijo<\/strong>: Utilice tornillos o fijaciones especializadas para fijar el panel mural a la pared, garantizando una instalaci\u00f3n firme.<\/li>\n<li><strong>Manipulaci\u00f3n de huecos<\/strong>: Dependiendo del entorno de instalaci\u00f3n y de las necesidades de uso, resuelva los huecos entre los paneles de pared para garantizar la est\u00e9tica general.<\/li>\n<\/ol>\n<p id=\"\"><strong>VI. Mantenimiento y cuidado<\/strong><\/p>\n<ol>\n<li><strong>Limpieza regular<\/strong>: Utilice un pa\u00f1o h\u00famedo o un aspirador para limpiar regularmente la superficie de los paneles murales y mantenerla limpia y ordenada.<\/li>\n<li><strong>Evitar ara\u00f1azos<\/strong>: Durante el uso, evite utilizar objetos afilados para rayar la superficie del panel mural.<\/li>\n<li><strong>Hidrataci\u00f3n y protecci\u00f3n solar<\/strong>: Aunque el panel de pared de WPC tiene ciertas propiedades impermeables, a\u00fan as\u00ed debe evitar la exposici\u00f3n prolongada a la humedad o la luz solar para evitar que afecte a su vida \u00fatil.<\/li>\n<\/ol>\n<p id=\"\"><strong>VII. Ventajas del producto<\/strong><\/p>\n<ol>\n<li><strong>Garant\u00eda de calidad<\/strong>: Los rigurosos procesos de producci\u00f3n y control de calidad garantizan una calidad superior del producto.<\/li>\n<li><strong>Ecol\u00f3gico y saludable<\/strong>: Fabricado con materiales ecol\u00f3gicos, no es t\u00f3xico e inocuo para la salud humana.<\/li>\n<li><strong>Econ\u00f3mico y pr\u00e1ctico<\/strong>: En comparaci\u00f3n con los materiales decorativos tradicionales, el panel de pared interior de compuesto de madera y pl\u00e1stico WPC ofrece una mayor rentabilidad y una vida \u00fatil m\u00e1s larga.<\/li>\n<li><strong>Opciones personalizables<\/strong>: M\u00faltiples colores y texturas disponibles, con servicios de personalizaci\u00f3n para satisfacer las necesidades del cliente.<\/li>\n<\/ol>\n<p id=\"\"><strong>VIII. Informaci\u00f3n de contacto<\/strong><\/p>\n<p id=\"\">Para cualquier pregunta o necesidad, no dude en ponerse en contacto con nuestro equipo de atenci\u00f3n al cliente. Nos comprometemos a ofrecerle productos y servicios de alta calidad.<\/p>\n<h3>Detalles<\/h3>\n<figure id=\"attachment_17351\" aria-describedby=\"caption-attachment-17351\" style=\"width: 1024px\" class=\"wp-caption alignnone\"><img loading=\"lazy\" decoding=\"async\" class=\"wp-image-17351\" src=\"https:\/\/meterny.com\/wp-content\/uploads\/2024\/04\/H7b120951a99c4319a7a70a1ce1e6264dy.jpg\" alt=\"Paneles de pared de WPC en varios colores\" width=\"1024\" height=\"1024\" srcset=\"https:\/\/meterny.com\/wp-content\/uploads\/2024\/04\/H7b120951a99c4319a7a70a1ce1e6264dy.jpg 1200w, https:\/\/meterny.com\/wp-content\/uploads\/2024\/04\/H7b120951a99c4319a7a70a1ce1e6264dy-300x300.jpg 300w, https:\/\/meterny.com\/wp-content\/uploads\/2024\/04\/H7b120951a99c4319a7a70a1ce1e6264dy-1024x1024.jpg 1024w, https:\/\/meterny.com\/wp-content\/uploads\/2024\/04\/H7b120951a99c4319a7a70a1ce1e6264dy-150x150.jpg 150w, https:\/\/meterny.com\/wp-content\/uploads\/2024\/04\/H7b120951a99c4319a7a70a1ce1e6264dy-768x768.jpg 768w, https:\/\/meterny.com\/wp-content\/uploads\/2024\/04\/H7b120951a99c4319a7a70a1ce1e6264dy-600x600.jpg 600w, https:\/\/meterny.com\/wp-content\/uploads\/2024\/04\/H7b120951a99c4319a7a70a1ce1e6264dy-100x100.jpg 100w\" sizes=\"auto, (max-width: 1024px) 100vw, 1024px\" \/><figcaption id=\"caption-attachment-17351\" class=\"wp-caption-text\">Colorido inventario de paneles murales de WPC, perfectamente adaptados a diversas necesidades de dise\u00f1o<\/figcaption><\/figure>\n<h3>Si desea conocer m\u00e1s detalles, haga clic en este enlace de youtube:<a href=\"https:\/\/youtu.be\/PmMyTXNLxeU\" target=\"_blank\" rel=\"noopener\">https:\/\/youtu.be\/PmMyTXNLxeU<\/a><\/h3>\n<p>&nbsp;<\/p>\n<div class=\"elementor-element elementor-element-1f676da elementor-widget elementor-widget-heading\" data-id=\"1f676da\" data-element_type=\"widget\" data-widget_type=\"heading.default\">\n<h3>Galer\u00eda<\/h3>\n<p>Panel de pared interior compuesto de madera y pl\u00e1stico WPC<\/p>\n<figure id=\"attachment_17349\" aria-describedby=\"caption-attachment-17349\" style=\"width: 1024px\" class=\"wp-caption alignnone\"><img loading=\"lazy\" decoding=\"async\" class=\"wp-image-17349\" src=\"https:\/\/meterny.com\/wp-content\/uploads\/2024\/04\/70-2.png\" alt=\"Panel de revestimiento de pared de WPC para decoraci\u00f3n de interiores\" width=\"1024\" height=\"1024\" srcset=\"https:\/\/meterny.com\/wp-content\/uploads\/2024\/04\/70-2.png 564w, https:\/\/meterny.com\/wp-content\/uploads\/2024\/04\/70-2-300x300.png 300w, https:\/\/meterny.com\/wp-content\/uploads\/2024\/04\/70-2-150x150.png 150w, https:\/\/meterny.com\/wp-content\/uploads\/2024\/04\/70-2-100x100.png 100w\" sizes=\"auto, (max-width: 1024px) 100vw, 1024px\" \/><figcaption id=\"caption-attachment-17349\" class=\"wp-caption-text\">Rel\u00e1jese con estilo con los paneles de WPC para salones<\/figcaption><\/figure>\n<p>Panel de pared interior compuesto de madera y pl\u00e1stico WPC<\/p>\n<figure id=\"attachment_17372\" aria-describedby=\"caption-attachment-17372\" style=\"width: 1024px\" class=\"wp-caption aligncenter\"><img loading=\"lazy\" decoding=\"async\" class=\"wp-image-17372\" src=\"https:\/\/meterny.com\/wp-content\/uploads\/2024\/04\/66.jpg\" alt=\"Panel de pared WPC para salones modernos\" width=\"1024\" height=\"1024\" srcset=\"https:\/\/meterny.com\/wp-content\/uploads\/2024\/04\/66.jpg 1080w, https:\/\/meterny.com\/wp-content\/uploads\/2024\/04\/66-300x300.jpg 300w, https:\/\/meterny.com\/wp-content\/uploads\/2024\/04\/66-1024x1024.jpg 1024w, https:\/\/meterny.com\/wp-content\/uploads\/2024\/04\/66-150x150.jpg 150w, https:\/\/meterny.com\/wp-content\/uploads\/2024\/04\/66-768x768.jpg 768w, https:\/\/meterny.com\/wp-content\/uploads\/2024\/04\/66-600x600.jpg 600w, https:\/\/meterny.com\/wp-content\/uploads\/2024\/04\/66-100x100.jpg 100w\" sizes=\"auto, (max-width: 1024px) 100vw, 1024px\" \/><figcaption id=\"caption-attachment-17372\" class=\"wp-caption-text\">Mejore su sal\u00f3n con modernos paneles murales de WPC.<\/figcaption><\/figure>\n<p>Panel de pared interior compuesto de madera y pl\u00e1stico WPC<\/p>\n<figure id=\"attachment_17376\" aria-describedby=\"caption-attachment-17376\" style=\"width: 1024px\" class=\"wp-caption alignnone\"><img loading=\"lazy\" decoding=\"async\" class=\"wp-image-17376\" src=\"https:\/\/meterny.com\/wp-content\/uploads\/2024\/04\/70-20.jpg\" alt=\"Panel de pared decorativo de WPC para dormitorios\" width=\"1024\" height=\"1024\" srcset=\"https:\/\/meterny.com\/wp-content\/uploads\/2024\/04\/70-20.jpg 1080w, https:\/\/meterny.com\/wp-content\/uploads\/2024\/04\/70-20-300x300.jpg 300w, https:\/\/meterny.com\/wp-content\/uploads\/2024\/04\/70-20-1024x1024.jpg 1024w, https:\/\/meterny.com\/wp-content\/uploads\/2024\/04\/70-20-150x150.jpg 150w, https:\/\/meterny.com\/wp-content\/uploads\/2024\/04\/70-20-768x768.jpg 768w, https:\/\/meterny.com\/wp-content\/uploads\/2024\/04\/70-20-600x600.jpg 600w, https:\/\/meterny.com\/wp-content\/uploads\/2024\/04\/70-20-100x100.jpg 100w\" sizes=\"auto, (max-width: 1024px) 100vw, 1024px\" \/><figcaption id=\"caption-attachment-17376\" class=\"wp-caption-text\">Paneles de pared de WPC: Aporte calidez y estilo a su dormitorio<\/figcaption><\/figure>\n<p>Nuestro panel de pared de compuesto de madera y pl\u00e1stico para interiores presenta una elegante superficie de grano recto que a\u00f1ade una textura sofisticada a cualquier espacio.<\/p>\n<p>Con colores, dimensiones y formas personalizables, estos paneles ofrecen una flexibilidad excepcional, permiti\u00e9ndole dar rienda suelta a su creatividad en proyectos de dise\u00f1o de interiores y exteriores.<\/p>\n<p>La tecnolog\u00eda de ecoextrusi\u00f3n garantiza que cada panel no s\u00f3lo tenga un aspecto magn\u00edfico, sino que tambi\u00e9n contribuya a un entorno vital sostenible.<\/p>\n<p>El Panel de Pared WPC Meterny tiene excelentes propiedades impermeabilizantes, manteniendo su estabilidad y durabilidad incluso en ambientes h\u00famedos.<\/p>\n<h3>Colores Opciones<\/h3>\n<p>Carta de colores del panel compuesto de madera y pl\u00e1stico para paredes interiores Meterny de la serie METE<\/p>\n<figure id=\"attachment_20293\" aria-describedby=\"caption-attachment-20293\" style=\"width: 1024px\" class=\"wp-caption alignnone\"><img loading=\"lazy\" decoding=\"async\" class=\"wp-image-20293\" src=\"https:\/\/meterny.com\/wp-content\/uploads\/2024\/10\/METE-Series-Colour-151.png\" alt=\"Opciones de color de la valla de WPC Meterny\" width=\"1024\" height=\"1024\" srcset=\"https:\/\/meterny.com\/wp-content\/uploads\/2024\/10\/METE-Series-Colour-151.png 900w, https:\/\/meterny.com\/wp-content\/uploads\/2024\/10\/METE-Series-Colour-151-300x300.png 300w, https:\/\/meterny.com\/wp-content\/uploads\/2024\/10\/METE-Series-Colour-151-150x150.png 150w, https:\/\/meterny.com\/wp-content\/uploads\/2024\/10\/METE-Series-Colour-151-768x768.png 768w, https:\/\/meterny.com\/wp-content\/uploads\/2024\/10\/METE-Series-Colour-151-600x600.png 600w, https:\/\/meterny.com\/wp-content\/uploads\/2024\/10\/METE-Series-Colour-151-100x100.png 100w\" sizes=\"auto, (max-width: 1024px) 100vw, 1024px\" \/><figcaption id=\"caption-attachment-20293\" class=\"wp-caption-text\">Explorar la valla de WPC Meterny - Nueve impresionantes opciones de color para cada estilo Paneles de pared interior de WPC personalizables<\/figcaption><\/figure>\n<h3><strong>\u00bfPor qu\u00e9 elegir el panel compuesto de madera y pl\u00e1stico para interiores?<\/strong><\/h3>\n<p id=\"\">Los paneles murales de compuesto de madera y pl\u00e1stico (WPC) para interiores son una opci\u00f3n excelente por varias razones:<\/p>\n<ol>\n<li>\n<p id=\"\"><strong>Respeto del medio ambiente<\/strong>: Los paneles murales de WPC se fabrican a partir de recursos renovables como la fibra de madera y el pl\u00e1stico reciclado. Esto reduce la demanda de madera y contribuye a la sostenibilidad medioambiental. Tambi\u00e9n son reciclables, lo que minimiza a\u00fan m\u00e1s su huella medioambiental.<\/p>\n<\/li>\n<li>\n<p id=\"\"><strong>Durabilidad y longevidad<\/strong>: Combinando la resistencia del pl\u00e1stico con la belleza natural de la madera, los paneles murales de WPC ofrecen una durabilidad excepcional. Son resistentes a la putrefacci\u00f3n, la decoloraci\u00f3n y la descomposici\u00f3n, por lo que resultan adecuados tanto para aplicaciones interiores como exteriores. Esto garantiza una soluci\u00f3n decorativa duradera y fiable.<\/p>\n<\/li>\n<li>\n<p id=\"\"><strong>Impermeable y resistente a la humedad<\/strong>: A diferencia de la madera tradicional, los paneles de pared de WPC son impermeables y resistentes a la humedad. Esto los hace ideales para su uso en zonas propensas a la humedad, como ba\u00f1os y cocinas, sin riesgo de que se deformen o se pudran.<\/p>\n<\/li>\n<li>\n<p id=\"\"><strong>Facilidad de instalaci\u00f3n<\/strong>: Los paneles murales de WPC est\u00e1n dise\u00f1ados para facilitar su instalaci\u00f3n. No requieren conocimientos especializados y pueden instalarse r\u00e1pida y eficazmente con herramientas b\u00e1sicas. Esto reduce los costes de mano de obra y permite realizar proyectos de bricolaje, lo que los convierte en una opci\u00f3n rentable.<\/p>\n<\/li>\n<li>\n<p id=\"\"><strong>Versatilidad en el dise\u00f1o<\/strong>: Con una amplia gama de colores, texturas y acabados disponibles, los paneles de pared de WPC se adaptan a diversos estilos decorativos y preferencias personales. Pueden personalizarse para adaptarse a cualquier tema de dise\u00f1o de interiores, proporcionando un atractivo est\u00e9tico \u00fanico y personalizado.<\/p>\n<\/li>\n<li>\n<p id=\"\"><strong>Bajo mantenimiento<\/strong>: A diferencia de la madera tradicional, los paneles de pared de WPC requieren un mantenimiento m\u00ednimo. No es necesario pintarlos ni sellarlos con regularidad, y se limpian f\u00e1cilmente con un pa\u00f1o h\u00famedo o una aspiradora. Esto ahorra tiempo y dinero a largo plazo.<\/p>\n<\/li>\n<li>\n<p id=\"\"><strong>Relaci\u00f3n coste-eficacia<\/strong>: Teniendo en cuenta su durabilidad, facilidad de instalaci\u00f3n y bajos requisitos de mantenimiento, los paneles murales de WPC ofrecen una excelente relaci\u00f3n calidad-precio. Proporcionan una soluci\u00f3n decorativa de alta calidad a un precio competitivo, lo que los convierte en una opci\u00f3n econ\u00f3mica para propietarios de viviendas y dise\u00f1adores de interiores.<\/p>\n<\/li>\n<\/ol>\n<p id=\"\">En resumen, los paneles murales de compuesto de madera y pl\u00e1stico (WPC) para interiores son una opci\u00f3n ecol\u00f3gica, duradera, vers\u00e1til y rentable para la decoraci\u00f3n de interiores. Sus propiedades impermeables, su facilidad de instalaci\u00f3n y sus bajos requisitos de mantenimiento los convierten en una opci\u00f3n ideal para mejorar la est\u00e9tica y la funcionalidad de cualquier espacio interior.<\/p>\n<\/div>","protected":false},"excerpt":{"rendered":"<p>Meterny , donde encontrar\u00e1 la mejor selecci\u00f3n de paneles de pared de WPC para realzar la belleza y funcionalidad de su espacio. Nuestros paneles de primera calidad se fabrican con precisi\u00f3n y atenci\u00f3n al detalle, garantizando un rendimiento duradero y una est\u00e9tica impresionante.<\/p>\n<p>Tanto si est\u00e1 renovando una propiedad residencial, dise\u00f1ando un espacio comercial o a\u00f1adiendo un toque de elegancia a su oficina, nuestros paneles murales de WPC son la soluci\u00f3n ideal. Fabricados a partir de compuestos de pol\u00edmero de madera de alta calidad, ofrecen una durabilidad superior, resistencia a la humedad y protecci\u00f3n contra los rayos UV, garantizando que sus paredes tengan un aspecto impecable durante a\u00f1os.<\/p>\n<p>En Meterny, entendemos que cada proyecto es \u00fanico, por lo que ofrecemos una amplia gama de estilos, colores y texturas que se adaptan a sus preferencias individuales y necesidades de dise\u00f1o. Desde elegantes y modernos hasta cl\u00e1sicos y atemporales, nuestra colecci\u00f3n tiene algo para todos los gustos y estilos.<\/p>\n<p>Pero no se trata s\u00f3lo de est\u00e9tica: nuestros paneles de pared de WPC tambi\u00e9n son incre\u00edblemente f\u00e1ciles de instalar, lo que le ahorrar\u00e1 tiempo y molestias durante el proceso de renovaci\u00f3n. Adem\u00e1s, al requerir poco mantenimiento, podr\u00e1 disfrutar de paredes bonitas sin preocuparse de un mantenimiento constante.<\/p>\n<p>\u00bfListo para transformar su espacio? Explore hoy mismo nuestra selecci\u00f3n de paneles de pared de WPC y descubra la soluci\u00f3n perfecta para su proyecto de interiorismo. P\u00f3ngase en contacto con nosotros ahora y eleve su espacio con Meterny.<\/p>","protected":false},"featured_media":17346,"comment_status":"open","ping_status":"closed","template":"","meta":{"_uag_custom_page_level_css":"","site-sidebar-layout":"default","site-content-layout":"","ast-site-content-layout":"default","site-content-style":"default","site-sidebar-style":"default","ast-global-header-display":"","ast-banner-title-visibility":"","ast-main-header-display":"","ast-hfb-above-header-display":"","ast-hfb-below-header-display":"","ast-hfb-mobile-header-display":"","site-post-title":"","ast-breadcrumbs-content":"","ast-featured-img":"","footer-sml-layout":"","theme-transparent-header-meta":"default","adv-header-id-meta":"","stick-header-meta":"default","header-above-stick-meta":"","header-main-stick-meta":"","header-below-stick-meta":"","astra-migrate-meta-layouts":"set","ast-page-background-enabled":"default","ast-page-background-meta":{"desktop":{"background-color":"var(--ast-global-color-4)","background-image":"","background-repeat":"repeat","background-position":"center center","background-size":"auto","background-attachment":"scroll","background-type":"","background-media":"","overlay-type":"","overlay-color":"","overlay-opacity":"","overlay-gradient":""},"tablet":{"background-color":"","background-image":"","background-repeat":"repeat","background-position":"center center","background-size":"auto","background-attachment":"scroll","background-type":"","background-media":"","overlay-type":"","overlay-color":"","overlay-opacity":"","overlay-gradient":""},"mobile":{"background-color":"","background-image":"","background-repeat":"repeat","background-position":"center center","background-size":"auto","background-attachment":"scroll","background-type":"","background-media":"","overlay-type":"","overlay-color":"","overlay-opacity":"","overlay-gradient":""}},"ast-content-background-meta":{"desktop":{"background-color":"var(--ast-global-color-5)","background-image":"","background-repeat":"repeat","background-position":"center center","background-size":"auto","background-attachment":"scroll","background-type":"","background-media":"","overlay-type":"","overlay-color":"","overlay-opacity":"","overlay-gradient":""},"tablet":{"background-color":"var(--ast-global-color-5)","background-image":"","background-repeat":"repeat","background-position":"center center","background-size":"auto","background-attachment":"scroll","background-type":"","background-media":"","overlay-type":"","overlay-color":"","overlay-opacity":"","overlay-gradient":""},"mobile":{"background-color":"var(--ast-global-color-5)","background-image":"","background-repeat":"repeat","background-position":"center center","background-size":"auto","background-attachment":"scroll","background-type":"","background-media":"","overlay-type":"","overlay-color":"","overlay-opacity":"","overlay-gradient":""}}},"product_brand":[],"product_cat":[174],"product_tag":[183,180],"class_list":{"0":"post-16369","1":"product","2":"type-product","3":"status-publish","4":"has-post-thumbnail","6":"product_cat-interior-wpc-wall","7":"product_tag-wpc-wall-interior","8":"product_tag-wpc-wall-panel","9":"desktop-align-center","10":"tablet-align-left","11":"mobile-align-left","12":"ast-product-gallery-layout-horizontal-slider","13":"ast-product-tabs-layout-vertical","15":"first","16":"instock","17":"shipping-taxable","18":"product-type-simple"},"uagb_featured_image_src":{"full":["https:\/\/meterny.com\/wp-content\/uploads\/2024\/04\/27-1.jpg",533,533,false],"thumbnail":["https:\/\/meterny.com\/wp-content\/uploads\/2024\/04\/27-1-150x150.jpg",150,150,true],"medium":["https:\/\/meterny.com\/wp-content\/uploads\/2024\/04\/27-1-300x300.jpg",300,300,true],"medium_large":["https:\/\/meterny.com\/wp-content\/uploads\/2024\/04\/27-1.jpg",533,533,false],"large":["https:\/\/meterny.com\/wp-content\/uploads\/2024\/04\/27-1.jpg",533,533,false],"1536x1536":["https:\/\/meterny.com\/wp-content\/uploads\/2024\/04\/27-1.jpg",533,533,false],"2048x2048":["https:\/\/meterny.com\/wp-content\/uploads\/2024\/04\/27-1.jpg",533,533,false],"trp-custom-language-flag":["https:\/\/meterny.com\/wp-content\/uploads\/2024\/04\/27-1.jpg",12,12,false],"woocommerce_thumbnail":["https:\/\/meterny.com\/wp-content\/uploads\/2024\/04\/27-1-300x300.jpg",300,300,true],"woocommerce_single":["https:\/\/meterny.com\/wp-content\/uploads\/2024\/04\/27-1.jpg",533,533,false],"woocommerce_gallery_thumbnail":["https:\/\/meterny.com\/wp-content\/uploads\/2024\/04\/27-1-100x100.jpg",100,100,true]},"uagb_author_info":{"display_name":"meterny","author_link":"https:\/\/meterny.com\/es\/author\/"},"uagb_comment_info":0,"uagb_excerpt":"Meterny , where you can find the finest selection of WPC wall panels to enhance the beauty and functionality of your space. Our premium panels are crafted with precision and attention to detail, ensuring long-lasting performance and stunning aesthetics. Whether you're renovating a residential property, designing a commercial space, or adding a touch of elegance&hellip;","_links":{"self":[{"href":"https:\/\/meterny.com\/es\/wp-json\/wp\/v2\/product\/16369","targetHints":{"allow":["GET"]}}],"collection":[{"href":"https:\/\/meterny.com\/es\/wp-json\/wp\/v2\/product"}],"about":[{"href":"https:\/\/meterny.com\/es\/wp-json\/wp\/v2\/types\/product"}],"replies":[{"embeddable":true,"href":"https:\/\/meterny.com\/es\/wp-json\/wp\/v2\/comments?post=16369"}],"wp:featuredmedia":[{"embeddable":true,"href":"https:\/\/meterny.com\/es\/wp-json\/wp\/v2\/media\/17346"}],"wp:attachment":[{"href":"https:\/\/meterny.com\/es\/wp-json\/wp\/v2\/media?parent=16369"}],"wp:term":[{"taxonomy":"product_brand","embeddable":true,"href":"https:\/\/meterny.com\/es\/wp-json\/wp\/v2\/product_brand?post=16369"},{"taxonomy":"product_cat","embeddable":true,"href":"https:\/\/meterny.com\/es\/wp-json\/wp\/v2\/product_cat?post=16369"},{"taxonomy":"product_tag","embeddable":true,"href":"https:\/\/meterny.com\/es\/wp-json\/wp\/v2\/product_tag?post=16369"}],"curies":[{"name":"wp","href":"https:\/\/api.w.org\/{rel}","templated":true}]}}