{"id":16372,"date":"2024-04-22T08:47:11","date_gmt":"2024-04-22T08:47:11","guid":{"rendered":"https:\/\/meterny.com\/?post_type=product&#038;p=16372"},"modified":"2025-01-15T13:15:51","modified_gmt":"2025-01-15T13:15:51","slug":"interior-decor-wpc-wall-cladding-panel","status":"publish","type":"product","link":"https:\/\/meterny.com\/es\/producto\/interior-decor-wpc-wall-cladding-panel\/","title":{"rendered":"Indor Premium WPC Wood-Plastic Composite Panels for Modern Spaces | Meterny Indoor Wpc Wall"},"content":{"rendered":"<div class=\"elementor-element elementor-element-c0e1d42 elementor-widget elementor-widget-heading\" data-id=\"c0e1d42\" data-element_type=\"widget\" data-widget_type=\"heading.default\">\n<div class=\"elementor-widget-container\">\n<h2 class=\"elementor-heading-title elementor-size-default\" style=\"text-align: center;\">WPC Decoraci\u00f3n Interior WPC Panel de Revestimiento de Pared<\/h2>\n<\/div>\n<\/div>\n<div class=\"elementor-element elementor-element-1f676da elementor-widget elementor-widget-heading\" data-id=\"1f676da\" data-element_type=\"widget\" data-widget_type=\"heading.default\">\n<h2 class=\"elementor-widget-container\" style=\"text-align: center;\">Especificaci\u00f3n<\/h2>\n<p><strong>Modelo<\/strong>: METE227H25<br \/>\n<strong>Tipo<\/strong>: Interior Decoraci\u00f3n WPC Panel de revestimiento de pared<br \/>\n<strong>Talla<\/strong>: 227\u00d725mm<\/p>\n<p><strong>Superficie<\/strong>: Granos rectos<br \/>\n<strong>Longitud<\/strong>2,9 m o personalizado<br \/>\n<strong>Material<\/strong>: Compuesto de madera y pl\u00e1stico<br \/>\n<strong>Tecnolog\u00eda del producto<\/strong>: Eco-extrusi\u00f3n<\/p>\n<figure id=\"attachment_17349\" aria-describedby=\"caption-attachment-17349\" style=\"width: 1024px\" class=\"wp-caption alignnone\"><img loading=\"lazy\" decoding=\"async\" class=\"wp-image-17349\" src=\"https:\/\/meterny.com\/wp-content\/uploads\/2024\/04\/70-2.png\" alt=\"Panel de revestimiento de pared de WPC para decoraci\u00f3n de interiores\" width=\"1024\" height=\"1024\" srcset=\"https:\/\/meterny.com\/wp-content\/uploads\/2024\/04\/70-2.png 564w, https:\/\/meterny.com\/wp-content\/uploads\/2024\/04\/70-2-300x300.png 300w, https:\/\/meterny.com\/wp-content\/uploads\/2024\/04\/70-2-150x150.png 150w, https:\/\/meterny.com\/wp-content\/uploads\/2024\/04\/70-2-100x100.png 100w\" sizes=\"auto, (max-width: 1024px) 100vw, 1024px\" \/><figcaption id=\"caption-attachment-17349\" class=\"wp-caption-text\">Rel\u00e1jese con estilo con los paneles de WPC para salones<\/figcaption><\/figure>\n<p id=\"\"><strong>Nombre del producto<\/strong>: Interior Decoraci\u00f3n WPC Panel de revestimiento de pared<\/p>\n<p id=\"\"><strong>Material<\/strong>: Compuesto de madera y pl\u00e1stico (WPC)<\/p>\n<p id=\"\"><strong>Dimensiones<\/strong>: Varios tama\u00f1os disponibles (personalizables)<\/p>\n<p id=\"\"><strong>Espesor<\/strong>: 23\/25\/28mm etc.)<\/p>\n<p id=\"\"><strong>Colores y acabados<\/strong>: Amplia gama de colores, texturas y acabados para adaptarse a cualquier tema de decoraci\u00f3n interior.<\/p>\n<p id=\"\"><strong>Instalaci\u00f3n<\/strong>: Instalaci\u00f3n sencilla o profesional<\/p>\n<p id=\"\"><strong>Utilizaci\u00f3n<\/strong>: Adecuado para paredes interiores, techos y tabiques en entornos residenciales, comerciales e industriales.<\/p>\n<hr \/>\n<p id=\"\"><strong>Caracter\u00edsticas del producto<\/strong>:<\/p>\n<ol>\n<li><strong>Durabilidad y resistencia<\/strong>:\n<ul>\n<li>Fabricado con material WPC de alta calidad, combina la belleza natural de la madera con la durabilidad del pl\u00e1stico.<\/li>\n<li>Resistente a la humedad, la putrefacci\u00f3n y la infestaci\u00f3n de insectos.<\/li>\n<li>Duradero y resistente, con una vida \u00fatil superior a 60 a\u00f1os.<\/li>\n<\/ul>\n<\/li>\n<li><strong>Atractivo est\u00e9tico<\/strong>:\n<ul>\n<li>Disponible en una amplia gama de colores, texturas y acabados para adaptarse a cualquier estilo de decoraci\u00f3n interior.<\/li>\n<li>A\u00f1ade un aspecto moderno, elegante o r\u00fastico a tu espacio, seg\u00fan prefieras.<\/li>\n<li>Realza el atractivo est\u00e9tico general de su hogar u oficina.<\/li>\n<\/ul>\n<\/li>\n<li><strong>F\u00e1cil instalaci\u00f3n<\/strong>:\n<ul>\n<li>Ligero y f\u00e1cil de manejar, lo que facilita su instalaci\u00f3n.<\/li>\n<li>Se puede cortar y moldear f\u00e1cilmente para adaptarlo a cualquier espacio.<\/li>\n<li>Puede instalarlo usted mismo con instrucciones claras, o puede optar por una instalaci\u00f3n profesional.<\/li>\n<\/ul>\n<\/li>\n<li><strong>Bajo mantenimiento<\/strong>:\n<ul>\n<li>Resistente al aceite, las manchas y los ara\u00f1azos.<\/li>\n<li>F\u00e1cil de limpiar con un pa\u00f1o h\u00famedo.<\/li>\n<li>No es necesario pintar ni te\u00f1ir con regularidad, lo que ahorra tiempo y esfuerzo.<\/li>\n<\/ul>\n<\/li>\n<li><strong>Respetuoso con el medio ambiente<\/strong>:\n<ul>\n<li>Fabricado con materiales reciclados, lo que reduce el consumo de recursos naturales.<\/li>\n<li>Ecol\u00f3gicos y sostenibles, contribuyen a un medio ambiente m\u00e1s verde.<\/li>\n<\/ul>\n<\/li>\n<\/ol>\n<hr \/>\n<p id=\"\"><strong>Aplicaciones<\/strong>:<\/p>\n<ul>\n<li><strong>Residencial<\/strong>: Ideal para salones, dormitorios, cocinas, ba\u00f1os y otros espacios interiores.<\/li>\n<li><strong>Comercial<\/strong>: Adecuado para oficinas, restaurantes, hoteles, tiendas y otros entornos comerciales.<\/li>\n<li><strong>Industrial<\/strong>: Perfecto para almacenes, f\u00e1bricas y otros entornos industriales.<\/li>\n<\/ul>\n<hr \/>\n<p id=\"\"><strong>Opciones de personalizaci\u00f3n<\/strong>:<\/p>\n<ul>\n<li><strong>Talla<\/strong>: Tama\u00f1os personalizables para adaptarse a cualquier espacio.<\/li>\n<li><strong>Color y acabado<\/strong>: Elija entre una amplia gama de colores, texturas y acabados para combinar con su decoraci\u00f3n interior.<\/li>\n<li><strong>Cortar y dar forma<\/strong>: Se puede cortar y moldear f\u00e1cilmente para adaptarlo a sus necesidades espec\u00edficas.<\/li>\n<\/ul>\n<hr \/>\n<p id=\"\"><strong>Instrucciones de instalaci\u00f3n<\/strong>:<\/p>\n<ol>\n<li><strong>Preparaci\u00f3n<\/strong>: Aseg\u00farese de que la superficie est\u00e9 limpia, seca y libre de residuos.<\/li>\n<li><strong>Medici\u00f3n<\/strong>: Mida la zona donde se instalar\u00e1n los paneles y c\u00f3rtelos a la medida deseada.<\/li>\n<li><strong>Instalaci\u00f3n<\/strong>: Aplique adhesivo o utilice tornillos\/clavos para fijar los paneles a la pared. Siga las instrucciones de instalaci\u00f3n proporcionadas para una instalaci\u00f3n sin juntas.<\/li>\n<li><strong>Acabado<\/strong>: Recorte el material sobrante y disfrute de su nueva decoraci\u00f3n interior Panel de revestimiento mural de WPC.<\/li>\n<\/ol>\n<h3>Si desea conocer m\u00e1s detalles, haga clic en este enlace de youtube:<a href=\"https:\/\/youtu.be\/-raUFt_4f7Y\" target=\"_blank\" rel=\"noopener\">https:\/\/youtu.be\/-raUFt_4f7Y<\/a><\/h3>\n<p>&nbsp;<\/p>\n<h3>Galer\u00eda<\/h3>\n<p>Panel de revestimiento de pared de WPC para decoraci\u00f3n de interiores<\/p>\n<figure id=\"attachment_17346\" aria-describedby=\"caption-attachment-17346\" style=\"width: 1024px\" class=\"wp-caption alignnone\"><img loading=\"lazy\" decoding=\"async\" class=\"wp-image-17346\" src=\"https:\/\/meterny.com\/wp-content\/uploads\/2024\/04\/27-1.jpg\" alt=\"Panel de pared interior compuesto de madera y pl\u00e1stico WPC\" width=\"1024\" height=\"1024\" srcset=\"https:\/\/meterny.com\/wp-content\/uploads\/2024\/04\/27-1.jpg 533w, https:\/\/meterny.com\/wp-content\/uploads\/2024\/04\/27-1-300x300.jpg 300w, https:\/\/meterny.com\/wp-content\/uploads\/2024\/04\/27-1-150x150.jpg 150w, https:\/\/meterny.com\/wp-content\/uploads\/2024\/04\/27-1-100x100.jpg 100w\" sizes=\"auto, (max-width: 1024px) 100vw, 1024px\" \/><figcaption id=\"caption-attachment-17346\" class=\"wp-caption-text\">A\u00f1ada elegancia y funcionalidad a su sal\u00f3n con paneles de WPC<\/figcaption><\/figure>\n<p>Panel de revestimiento de pared de WPC para decoraci\u00f3n de interiores<\/p>\n<figure id=\"attachment_17370\" aria-describedby=\"caption-attachment-17370\" style=\"width: 1024px\" class=\"wp-caption alignnone\"><img loading=\"lazy\" decoding=\"async\" class=\"wp-image-17370\" src=\"https:\/\/meterny.com\/wp-content\/uploads\/2024\/04\/32-2.jpg\" alt=\"Paneles ac\u00fasticos de WPC para salas multimedia\" width=\"1024\" height=\"1024\" srcset=\"https:\/\/meterny.com\/wp-content\/uploads\/2024\/04\/32-2.jpg 640w, https:\/\/meterny.com\/wp-content\/uploads\/2024\/04\/32-2-300x300.jpg 300w, https:\/\/meterny.com\/wp-content\/uploads\/2024\/04\/32-2-150x150.jpg 150w, https:\/\/meterny.com\/wp-content\/uploads\/2024\/04\/32-2-600x600.jpg 600w, https:\/\/meterny.com\/wp-content\/uploads\/2024\/04\/32-2-100x100.jpg 100w\" sizes=\"auto, (max-width: 1024px) 100vw, 1024px\" \/><figcaption id=\"caption-attachment-17370\" class=\"wp-caption-text\">Mejore su sala multimedia con paneles ac\u00fasticos de WPC<\/figcaption><\/figure>\n<\/div>\n<div class=\"elementor-element elementor-element-1f676da elementor-widget elementor-widget-heading\" data-id=\"1f676da\" data-element_type=\"widget\" data-widget_type=\"heading.default\">\n<p><strong>Panel de revestimiento de pared WPC <\/strong>WPC Decor Revestimiento De Pared Para Interior<\/p>\n<figure id=\"attachment_17371\" aria-describedby=\"caption-attachment-17371\" style=\"width: 1024px\" class=\"wp-caption alignnone\"><img loading=\"lazy\" decoding=\"async\" class=\"wp-image-17371\" src=\"https:\/\/meterny.com\/wp-content\/uploads\/2024\/04\/40-3.jpg\" alt=\"Panel de pared WPC para habitaciones infantiles\" width=\"1024\" height=\"1024\" srcset=\"https:\/\/meterny.com\/wp-content\/uploads\/2024\/04\/40-3.jpg 474w, https:\/\/meterny.com\/wp-content\/uploads\/2024\/04\/40-3-300x300.jpg 300w, https:\/\/meterny.com\/wp-content\/uploads\/2024\/04\/40-3-150x150.jpg 150w, https:\/\/meterny.com\/wp-content\/uploads\/2024\/04\/40-3-100x100.jpg 100w\" sizes=\"auto, (max-width: 1024px) 100vw, 1024px\" \/><figcaption id=\"caption-attachment-17371\" class=\"wp-caption-text\">Paneles de pared de WPC seguros y duraderos para espacios infantiles<\/figcaption><\/figure>\n<h3><strong>Color y superficie<\/strong><\/h3>\n<p>Nuestro Panel de Revestimiento de Pared de WPC METE227H25 para Decoraci\u00f3n de Interiores presenta una elegante superficie de grano recto, que a\u00f1ade una textura sofisticada a cualquier zona.<\/p>\n<p>Con colores, dimensiones y formas personalizables, estos paneles ofrecen una flexibilidad excepcional, permiti\u00e9ndole dar rienda suelta a su creatividad en proyectos de dise\u00f1o de interiores y exteriores.<\/p>\n<p>La tecnolog\u00eda de ecoextrusi\u00f3n garantiza que cada Panel de Revestimiento de Pared de WPC Interior Decor no s\u00f3lo tenga un aspecto magn\u00edfico, sino que tambi\u00e9n contribuya a un entorno vital sostenible.<\/p>\n<h3>Colores Opciones<\/h3>\n<p>Meterny METE Serie Interior Decoraci\u00f3n WPC Pared Panel Revestimiento tarjeta<\/p>\n<figure id=\"attachment_20293\" aria-describedby=\"caption-attachment-20293\" style=\"width: 1024px\" class=\"wp-caption alignnone\"><img loading=\"lazy\" decoding=\"async\" class=\"wp-image-20293\" src=\"https:\/\/meterny.com\/wp-content\/uploads\/2024\/10\/METE-Series-Colour-151.png\" alt=\"Opciones de color de la valla de WPC Meterny\" width=\"1024\" height=\"1024\" srcset=\"https:\/\/meterny.com\/wp-content\/uploads\/2024\/10\/METE-Series-Colour-151.png 900w, https:\/\/meterny.com\/wp-content\/uploads\/2024\/10\/METE-Series-Colour-151-300x300.png 300w, https:\/\/meterny.com\/wp-content\/uploads\/2024\/10\/METE-Series-Colour-151-150x150.png 150w, https:\/\/meterny.com\/wp-content\/uploads\/2024\/10\/METE-Series-Colour-151-768x768.png 768w, https:\/\/meterny.com\/wp-content\/uploads\/2024\/10\/METE-Series-Colour-151-600x600.png 600w, https:\/\/meterny.com\/wp-content\/uploads\/2024\/10\/METE-Series-Colour-151-100x100.png 100w\" sizes=\"auto, (max-width: 1024px) 100vw, 1024px\" \/><figcaption id=\"caption-attachment-20293\" class=\"wp-caption-text\">Explore la valla de WPC Meterny - Nueve impresionantes opciones de color para cada estilo<\/figcaption><\/figure>\n<h3><strong>\u00bfPor qu\u00e9 elegir el panel de revestimiento de pared WPC Interior Decor?<\/strong><\/h3>\n<p id=\"\">Decoraci\u00f3n de interiores Los paneles de revestimiento de paredes de WPC (compuesto de madera y pl\u00e1stico) son una opci\u00f3n excelente por multitud de razones. Estas son algunas de las principales ventajas que hacen de los paneles de revestimiento de paredes de WPC una opci\u00f3n destacada para su decoraci\u00f3n interior:<\/p>\n<ol>\n<li><strong>Durabilidad y longevidad<\/strong>:\n<ul>\n<li>Los paneles de revestimiento de paredes de WPC est\u00e1n dise\u00f1ados para ser muy duraderos y soportar el desgaste de la vida cotidiana. Son resistentes a la humedad, la descomposici\u00f3n, la putrefacci\u00f3n y las plagas de insectos, lo que garantiza que mantengan su aspecto y funcionalidad durante a\u00f1os.<\/li>\n<\/ul>\n<\/li>\n<li><strong>Atractivo est\u00e9tico<\/strong>:\n<ul>\n<li>Con una amplia gama de colores, texturas y acabados disponibles, los paneles de revestimiento mural de WPC pueden a\u00f1adir un toque de elegancia y sofisticaci\u00f3n a cualquier espacio interior. Tanto si buscas un aspecto moderno y elegante como un aire m\u00e1s r\u00fastico y tradicional, los paneles de WPC pueden adaptarse a tus preferencias de estilo.<\/li>\n<\/ul>\n<\/li>\n<li><strong>Facilidad de instalaci\u00f3n<\/strong>:\n<ul>\n<li>La instalaci\u00f3n de paneles de revestimiento mural de WPC es muy sencilla. Son ligeros y f\u00e1ciles de manejar, por lo que muchos propietarios pueden instalarlos ellos mismos. Normalmente se proporcionan instrucciones de instalaci\u00f3n claras, y tambi\u00e9n hay disponibles servicios de instalaci\u00f3n profesional para quienes lo prefieran.<\/li>\n<\/ul>\n<\/li>\n<li><strong>Bajo mantenimiento<\/strong>:\n<ul>\n<li>A diferencia de la madera tradicional u otros materiales, los paneles de revestimiento mural de WPC requieren un mantenimiento m\u00ednimo. Son resistentes al aceite, las manchas y los ara\u00f1azos, y pueden limpiarse f\u00e1cilmente con un pa\u00f1o h\u00famedo. Esto significa que puede disfrutar de su hermoso revestimiento de pared sin tener que preocuparse de un mantenimiento constante.<\/li>\n<\/ul>\n<\/li>\n<li><strong>Beneficios medioambientales<\/strong>:\n<ul>\n<li>Los paneles de WPC para revestimiento de paredes est\u00e1n fabricados con materiales reciclados, lo que los convierte en una opci\u00f3n respetuosa con el medio ambiente. Al elegir paneles de WPC, contribuyes a la reducci\u00f3n de residuos y a la conservaci\u00f3n de los recursos naturales.<\/li>\n<\/ul>\n<\/li>\n<li><strong>Versatilidad<\/strong>:\n<ul>\n<li>Los paneles de revestimiento de paredes de WPC son vers\u00e1tiles y pueden utilizarse en una gran variedad de entornos, incluidos espacios residenciales, comerciales e industriales. Son adecuados para salones, dormitorios, cocinas, ba\u00f1os, oficinas, restaurantes, hoteles, etc.<\/li>\n<\/ul>\n<\/li>\n<li><strong>Rentable<\/strong>:\n<ul>\n<li>Aunque la inversi\u00f3n inicial en paneles de revestimiento de paredes de WPC puede ser ligeramente superior a la de algunos materiales tradicionales, su durabilidad y escaso mantenimiento los convierten en una opci\u00f3n rentable a largo plazo. Ahorrar\u00e1 dinero en reparaciones y sustituciones, y disfrutar\u00e1 de un hermoso espacio interior durante a\u00f1os.<\/li>\n<\/ul>\n<\/li>\n<\/ol>\n<p id=\"\">En conclusi\u00f3n, los paneles de revestimiento de paredes de WPC de Interior Decor ofrecen una combinaci\u00f3n de durabilidad, atractivo est\u00e9tico, facilidad de instalaci\u00f3n, bajo mantenimiento, beneficios medioambientales, versatilidad y rentabilidad. Estos paneles son una excelente opci\u00f3n para cualquiera que desee mejorar el aspecto y la sensaci\u00f3n de su espacio interior mientras disfruta de los beneficios de un producto ecol\u00f3gico de alta calidad.<\/p>\n<\/div>","protected":false},"excerpt":{"rendered":"<p>Descubra la combinaci\u00f3n perfecta de estilo y funcionalidad con los paneles compuestos de madera y pl\u00e1stico de primera calidad de Meterny. Tanto si est\u00e1 renovando su hogar, oficina o propiedad comercial, nuestros paneles ofrecen una durabilidad y est\u00e9tica inigualables.<\/p>\n<p>Fabricados con materiales de alta calidad, nuestros paneles compuestos de madera y pl\u00e1stico est\u00e1n dise\u00f1ados para soportar los rigores del uso diario y mantener su aspecto impecable durante a\u00f1os. Adem\u00e1s, con una variedad de colores, texturas y acabados para elegir, puede personalizar f\u00e1cilmente su espacio para reflejar su estilo y visi\u00f3n \u00fanicos.<\/p>\n<p>Pero no se trata s\u00f3lo del aspecto: nuestros paneles tambi\u00e9n son ecol\u00f3gicos y sostenibles, fabricados con materiales reciclados y dise\u00f1ados para minimizar el impacto medioambiental. As\u00ed, puedes disfrutar de paredes bonitas al tiempo que reduces tu huella de carbono.<\/p>\n<p>Actualice su decoraci\u00f3n con los paneles compuestos de madera y pl\u00e1stico de Meterny. Explore nuestra colecci\u00f3n hoy mismo y d\u00e9 el primer paso para transformar su espacio en una obra maestra moderna.<\/p>","protected":false},"featured_media":17349,"comment_status":"open","ping_status":"closed","template":"","meta":{"_uag_custom_page_level_css":"","site-sidebar-layout":"default","site-content-layout":"","ast-site-content-layout":"default","site-content-style":"default","site-sidebar-style":"default","ast-global-header-display":"","ast-banner-title-visibility":"","ast-main-header-display":"","ast-hfb-above-header-display":"","ast-hfb-below-header-display":"","ast-hfb-mobile-header-display":"","site-post-title":"","ast-breadcrumbs-content":"","ast-featured-img":"","footer-sml-layout":"","theme-transparent-header-meta":"default","adv-header-id-meta":"","stick-header-meta":"default","header-above-stick-meta":"","header-main-stick-meta":"","header-below-stick-meta":"","astra-migrate-meta-layouts":"set","ast-page-background-enabled":"default","ast-page-background-meta":{"desktop":{"background-color":"var(--ast-global-color-4)","background-image":"","background-repeat":"repeat","background-position":"center center","background-size":"auto","background-attachment":"scroll","background-type":"","background-media":"","overlay-type":"","overlay-color":"","overlay-opacity":"","overlay-gradient":""},"tablet":{"background-color":"","background-image":"","background-repeat":"repeat","background-position":"center center","background-size":"auto","background-attachment":"scroll","background-type":"","background-media":"","overlay-type":"","overlay-color":"","overlay-opacity":"","overlay-gradient":""},"mobile":{"background-color":"","background-image":"","background-repeat":"repeat","background-position":"center center","background-size":"auto","background-attachment":"scroll","background-type":"","background-media":"","overlay-type":"","overlay-color":"","overlay-opacity":"","overlay-gradient":""}},"ast-content-background-meta":{"desktop":{"background-color":"var(--ast-global-color-5)","background-image":"","background-repeat":"repeat","background-position":"center center","background-size":"auto","background-attachment":"scroll","background-type":"","background-media":"","overlay-type":"","overlay-color":"","overlay-opacity":"","overlay-gradient":""},"tablet":{"background-color":"var(--ast-global-color-5)","background-image":"","background-repeat":"repeat","background-position":"center center","background-size":"auto","background-attachment":"scroll","background-type":"","background-media":"","overlay-type":"","overlay-color":"","overlay-opacity":"","overlay-gradient":""},"mobile":{"background-color":"var(--ast-global-color-5)","background-image":"","background-repeat":"repeat","background-position":"center center","background-size":"auto","background-attachment":"scroll","background-type":"","background-media":"","overlay-type":"","overlay-color":"","overlay-opacity":"","overlay-gradient":""}}},"product_brand":[],"product_cat":[174],"product_tag":[183,180],"class_list":{"0":"post-16372","1":"product","2":"type-product","3":"status-publish","4":"has-post-thumbnail","6":"product_cat-interior-wpc-wall","7":"product_tag-wpc-wall-interior","8":"product_tag-wpc-wall-panel","9":"desktop-align-center","10":"tablet-align-left","11":"mobile-align-left","12":"ast-product-gallery-layout-horizontal-slider","13":"ast-product-tabs-layout-vertical","15":"first","16":"instock","17":"shipping-taxable","18":"product-type-simple"},"uagb_featured_image_src":{"full":["https:\/\/meterny.com\/wp-content\/uploads\/2024\/04\/70-2.png",564,564,false],"thumbnail":["https:\/\/meterny.com\/wp-content\/uploads\/2024\/04\/70-2-150x150.png",150,150,true],"medium":["https:\/\/meterny.com\/wp-content\/uploads\/2024\/04\/70-2-300x300.png",300,300,true],"medium_large":["https:\/\/meterny.com\/wp-content\/uploads\/2024\/04\/70-2.png",564,564,false],"large":["https:\/\/meterny.com\/wp-content\/uploads\/2024\/04\/70-2.png",564,564,false],"1536x1536":["https:\/\/meterny.com\/wp-content\/uploads\/2024\/04\/70-2.png",564,564,false],"2048x2048":["https:\/\/meterny.com\/wp-content\/uploads\/2024\/04\/70-2.png",564,564,false],"trp-custom-language-flag":["https:\/\/meterny.com\/wp-content\/uploads\/2024\/04\/70-2.png",12,12,false],"woocommerce_thumbnail":["https:\/\/meterny.com\/wp-content\/uploads\/2024\/04\/70-2-300x300.png",300,300,true],"woocommerce_single":["https:\/\/meterny.com\/wp-content\/uploads\/2024\/04\/70-2.png",564,564,false],"woocommerce_gallery_thumbnail":["https:\/\/meterny.com\/wp-content\/uploads\/2024\/04\/70-2-100x100.png",100,100,true]},"uagb_author_info":{"display_name":"meterny","author_link":"https:\/\/meterny.com\/es\/author\/"},"uagb_comment_info":0,"uagb_excerpt":"Discover the perfect blend of style and functionality with Meterny's premium wood-plastic composite panels. Whether you're revamping your home, office, or commercial property, our panels offer unparalleled durability and aesthetics. Crafted from high-quality materials, our wood-plastic composite panels are designed to withstand the rigors of everyday use while maintaining their pristine appearance for years to&hellip;","_links":{"self":[{"href":"https:\/\/meterny.com\/es\/wp-json\/wp\/v2\/product\/16372","targetHints":{"allow":["GET"]}}],"collection":[{"href":"https:\/\/meterny.com\/es\/wp-json\/wp\/v2\/product"}],"about":[{"href":"https:\/\/meterny.com\/es\/wp-json\/wp\/v2\/types\/product"}],"replies":[{"embeddable":true,"href":"https:\/\/meterny.com\/es\/wp-json\/wp\/v2\/comments?post=16372"}],"wp:featuredmedia":[{"embeddable":true,"href":"https:\/\/meterny.com\/es\/wp-json\/wp\/v2\/media\/17349"}],"wp:attachment":[{"href":"https:\/\/meterny.com\/es\/wp-json\/wp\/v2\/media?parent=16372"}],"wp:term":[{"taxonomy":"product_brand","embeddable":true,"href":"https:\/\/meterny.com\/es\/wp-json\/wp\/v2\/product_brand?post=16372"},{"taxonomy":"product_cat","embeddable":true,"href":"https:\/\/meterny.com\/es\/wp-json\/wp\/v2\/product_cat?post=16372"},{"taxonomy":"product_tag","embeddable":true,"href":"https:\/\/meterny.com\/es\/wp-json\/wp\/v2\/product_tag?post=16372"}],"curies":[{"name":"wp","href":"https:\/\/api.w.org\/{rel}","templated":true}]}}