{"id":16402,"date":"2024-04-22T15:08:28","date_gmt":"2024-04-22T15:08:28","guid":{"rendered":"https:\/\/meterny.com\/?post_type=product&#038;p=16402"},"modified":"2025-01-08T12:54:38","modified_gmt":"2025-01-08T12:54:38","slug":"wpc-siding-panel-exterior-cladding-solution","status":"publish","type":"product","link":"https:\/\/meterny.com\/es\/producto\/wpc-siding-panel-exterior-cladding-solution\/","title":{"rendered":"MeteSiding\u2122 WPC Siding Wall Panel - Soluci\u00f3n de revestimiento exterior"},"content":{"rendered":"<h2 style=\"text-align: center;\">Especificaci\u00f3n del panel de pared de revestimiento WPC<\/h2>\n<p>&nbsp;<\/p>\n<p>METE227H25TK Revestimiento de Pared Acanalado de WPC para Exteriores en Color Teca<\/p>\n<p><strong>Modelo<\/strong>: METE227H25TK<\/p>\n<p><strong>Tipo<\/strong>: WPC acanalado pared Cladding\/WPC revestimiento panel de pared<\/p>\n<p><strong>Talla<\/strong>: 227\u00d725mm<\/p>\n<p><strong>Superficie<\/strong>: Tiras y granos rectos<\/p>\n<p><strong>Color<\/strong>: Color teca<\/p>\n<p><strong>Longitud<\/strong>2,9 m o personalizado<\/p>\n<p><strong>Material<\/strong>: Compuesto de madera y pl\u00e1stico<\/p>\n<p><strong>Tecnolog\u00eda del producto<\/strong>: Eco-extrusi\u00f3n<\/p>\n<figure id=\"attachment_17334\" aria-describedby=\"caption-attachment-17334\" style=\"width: 1024px\" class=\"wp-caption alignnone\"><img loading=\"lazy\" decoding=\"async\" class=\"wp-image-17334\" src=\"https:\/\/meterny.com\/wp-content\/uploads\/2024\/04\/35.png\" alt=\"MeteSiding\u2122 WPC Siding - Soluci\u00f3n de revestimiento exterior\" width=\"1024\" height=\"1024\" srcset=\"https:\/\/meterny.com\/wp-content\/uploads\/2024\/04\/35.png 800w, https:\/\/meterny.com\/wp-content\/uploads\/2024\/04\/35-300x300.png 300w, https:\/\/meterny.com\/wp-content\/uploads\/2024\/04\/35-150x150.png 150w, https:\/\/meterny.com\/wp-content\/uploads\/2024\/04\/35-768x768.png 768w, https:\/\/meterny.com\/wp-content\/uploads\/2024\/04\/35-600x600.png 600w, https:\/\/meterny.com\/wp-content\/uploads\/2024\/04\/35-100x100.png 100w\" sizes=\"auto, (max-width: 1024px) 100vw, 1024px\" \/><figcaption id=\"caption-attachment-17334\" class=\"wp-caption-text\">Paneles de WPC resistentes a los rayos UV para exteriores soleados.<\/figcaption><\/figure>\n<h3>Productos<\/h3>\n<p id=\"\">El revestimiento WPC (Wood Plastic Composite Siding) es un innovador material de construcci\u00f3n que combina la belleza natural de la madera con la durabilidad del pl\u00e1stico. Fabricado a partir de pl\u00e1stico reciclado y fibras de madera mediante un proceso de alta tecnolog\u00eda, es a la vez ecol\u00f3gico y pr\u00e1ctico. WPC Siding ofrece una excelente resistencia a la intemperie, impermeabilidad y resistencia a los insectos, y es f\u00e1cil de instalar y mantener, por lo que es la opci\u00f3n ideal para la decoraci\u00f3n de paredes exteriores en la arquitectura moderna.<\/p>\n<h3>Caracter\u00edsticas del producto<\/h3>\n<ol>\n<li><strong>Material respetuoso con el medio ambiente<\/strong>: WPC Siding se compone de m\u00e1s de 60% fibras de madera y m\u00e1s de 30% pl\u00e1stico ecol\u00f3gico, junto con una peque\u00f1a cantidad de aditivos, por lo que no es t\u00f3xico y cumple con las normas ambientales.<\/li>\n<li><strong>Gran resistencia a la intemperie<\/strong>: Tras un procesamiento especial, el revestimiento de WPC presenta una excelente resistencia a la intemperie, capaz de soportar los rayos UV, el viento, la lluvia, la nieve y otras condiciones clim\u00e1ticas adversas, manteniendo su atractivo est\u00e9tico y sus prestaciones a lo largo del tiempo.<\/li>\n<li><strong>Impermeable y resistente a la humedad<\/strong>: Su exclusiva estructura material proporciona una impermeabilidad excepcional, impidiendo eficazmente la penetraci\u00f3n de la humedad y manteniendo secos los interiores.<\/li>\n<li><strong>Resistente a los insectos y al moho<\/strong>: Las fibras de madera est\u00e1n especialmente tratadas para evitar la infestaci\u00f3n de insectos y la aparici\u00f3n de moho, lo que prolonga la vida \u00fatil del producto.<\/li>\n<li><strong>F\u00e1cil instalaci\u00f3n<\/strong>: WPC Siding cuenta con un dise\u00f1o de clip para una instalaci\u00f3n r\u00e1pida y f\u00e1cil, ahorrando costes de mano de obra y tiempo.<\/li>\n<li><strong>Bajo mantenimiento<\/strong>: La limpieza rutinaria s\u00f3lo requiere un aclarado con agua, lo que elimina la necesidad de un mantenimiento especial y reduce los costes de mantenimiento.<\/li>\n<li><strong>M\u00faltiples estilos<\/strong>: Existe una gran variedad de colores, texturas y estilos para satisfacer las necesidades de cada cliente.<\/li>\n<\/ol>\n<h3>Especificaciones del producto<\/h3>\n<ul>\n<li><strong>Material<\/strong>: Fibras de madera + pl\u00e1stico ecol\u00f3gico + aditivos<\/li>\n<li><strong>Dimensiones<\/strong>: Ancho 140 mm, grosor 20 mm, opciones de longitud de 2,2 m, 2,8 m, 5,6 m o tama\u00f1os personalizados<\/li>\n<li><strong>Colores<\/strong>: M\u00faltiples tonos de madera natural disponibles, con opciones de colores personalizados bajo petici\u00f3n.<\/li>\n<li><strong>Texturas<\/strong>: Imitaciones de vetas de madera, piedra y otras texturas<\/li>\n<li><strong>Peso<\/strong>: Var\u00eda en funci\u00f3n de las especificaciones y los materiales<\/li>\n<li><strong>Vida \u00fatil<\/strong>: Hasta 15-20 a\u00f1os<\/li>\n<\/ul>\n<h3>Escenarios de aplicaci\u00f3n<\/h3>\n<ul>\n<li><strong>Edificios residenciales<\/strong>: Decoraci\u00f3n exterior de chalets, apartamentos, viviendas multifamiliares, etc.<\/li>\n<li><strong>Edificios comerciales<\/strong>: Decoraci\u00f3n exterior de hoteles, oficinas, centros comerciales, etc.<\/li>\n<li><strong>Instalaciones p\u00fablicas<\/strong>: Decoraci\u00f3n exterior de parques, escuelas, hospitales, etc.<\/li>\n<li><strong>Dise\u00f1o paisaj\u00edstico<\/strong>: Vallas de jard\u00edn, elementos paisaj\u00edsticos y otras decoraciones<\/li>\n<\/ul>\n<h3>Gu\u00eda de instalaci\u00f3n<\/h3>\n<ol>\n<li><strong>Preparaci\u00f3n de la base<\/strong>: Aseg\u00farese de que la superficie de la pared es plana, est\u00e1 seca, libre de aceite y materiales sueltos.<\/li>\n<li><strong>Medici\u00f3n y marcado<\/strong>: Mida y marque las l\u00edneas de instalaci\u00f3n de acuerdo con las dimensiones de la pared y los requisitos de dise\u00f1o.<\/li>\n<li><strong>Instalar quillas<\/strong>: Fije las quillas seg\u00fan las l\u00edneas de instalaci\u00f3n, asegur\u00e1ndose de que est\u00e9n horizontales, verticales y espaciadas uniformemente.<\/li>\n<li><strong>Instalar revestimiento WPC<\/strong>: Encaje el revestimiento WPC en las quillas en secuencia, asegur\u00e1ndose de que la superficie del panel es plana y los huecos uniformes.<\/li>\n<li><strong>Recorte<\/strong>: Manipule esquinas, bordes de ventanas y otras zonas de recorte para conseguir un aspecto pulcro y est\u00e9ticamente agradable.<\/li>\n<\/ol>\n<h3>Servicio posventa<\/h3>\n<ul>\n<li><strong>Periodo de garant\u00eda<\/strong>: Se ofrece un servicio de garant\u00eda de 15 a\u00f1os, con sustituci\u00f3n gratuita en caso de da\u00f1os causados por problemas de calidad del producto dentro del periodo de garant\u00eda.<\/li>\n<li><strong>Asistencia t\u00e9cnica<\/strong>: Disponemos de servicios de asistencia t\u00e9cnica y consulta para la instalaci\u00f3n, el mantenimiento y otros aspectos del producto.<\/li>\n<li><strong>L\u00ednea directa de servicio posventa<\/strong>: Una l\u00ednea directa de servicio posventa disponible las 24 horas del d\u00eda, los 7 d\u00edas de la semana, responde a las consultas de los clientes y gestiona los problemas posventa con rapidez.<\/li>\n<\/ul>\n<h3>Galer\u00eda<\/h3>\n<figure id=\"attachment_17350\" aria-describedby=\"caption-attachment-17350\" style=\"width: 1024px\" class=\"wp-caption alignnone\"><img loading=\"lazy\" decoding=\"async\" class=\"wp-image-17350\" src=\"https:\/\/meterny.com\/wp-content\/uploads\/2024\/04\/70-12.png\" alt=\"Panel de pared exterior WPC antimostura\" width=\"1024\" height=\"1024\" srcset=\"https:\/\/meterny.com\/wp-content\/uploads\/2024\/04\/70-12.png 900w, https:\/\/meterny.com\/wp-content\/uploads\/2024\/04\/70-12-300x300.png 300w, https:\/\/meterny.com\/wp-content\/uploads\/2024\/04\/70-12-150x150.png 150w, https:\/\/meterny.com\/wp-content\/uploads\/2024\/04\/70-12-768x768.png 768w, https:\/\/meterny.com\/wp-content\/uploads\/2024\/04\/70-12-600x600.png 600w, https:\/\/meterny.com\/wp-content\/uploads\/2024\/04\/70-12-100x100.png 100w\" sizes=\"auto, (max-width: 1024px) 100vw, 1024px\" \/><figcaption id=\"caption-attachment-17350\" class=\"wp-caption-text\">A\u00f1ada un toque moderno a su jard\u00edn con paneles murales de WPC<\/figcaption><\/figure>\n<figure id=\"attachment_17357\" aria-describedby=\"caption-attachment-17357\" style=\"width: 1024px\" class=\"wp-caption alignnone\"><img loading=\"lazy\" decoding=\"async\" class=\"wp-image-17357\" src=\"https:\/\/meterny.com\/wp-content\/uploads\/2024\/04\/39.png\" alt=\"Paneles de WPC para exteriores de edificios comerciales\" width=\"1024\" height=\"1025\" srcset=\"https:\/\/meterny.com\/wp-content\/uploads\/2024\/04\/39.png 1080w, https:\/\/meterny.com\/wp-content\/uploads\/2024\/04\/39-300x300.png 300w, https:\/\/meterny.com\/wp-content\/uploads\/2024\/04\/39-1024x1024.png 1024w, https:\/\/meterny.com\/wp-content\/uploads\/2024\/04\/39-150x150.png 150w, https:\/\/meterny.com\/wp-content\/uploads\/2024\/04\/39-768x769.png 768w, https:\/\/meterny.com\/wp-content\/uploads\/2024\/04\/39-600x601.png 600w, https:\/\/meterny.com\/wp-content\/uploads\/2024\/04\/39-100x100.png 100w\" sizes=\"auto, (max-width: 1024px) 100vw, 1024px\" \/><figcaption id=\"caption-attachment-17357\" class=\"wp-caption-text\">Paneles murales de WPC de calidad profesional para fachadas comerciales<\/figcaption><\/figure>\n<h3>Color y superficie<\/h3>\n<p>Con un sofisticado color teca y una superficie adornada con listones y vetas rectas, este panel de WPC ofrece un acabado visualmente impactante.<\/p>\n<p>La longitud y las dimensiones personalizables satisfacen diversas necesidades de dise\u00f1o, proporcionando flexibilidad y creatividad en sus proyectos arquitect\u00f3nicos.<\/p>\n<figure id=\"attachment_20293\" aria-describedby=\"caption-attachment-20293\" style=\"width: 1024px\" class=\"wp-caption alignnone\"><img loading=\"lazy\" decoding=\"async\" class=\"wp-image-20293\" src=\"https:\/\/meterny.com\/wp-content\/uploads\/2024\/10\/METE-Series-Colour-151.png\" alt=\"Opciones de color de la valla de WPC Meterny\" width=\"1024\" height=\"1024\" srcset=\"https:\/\/meterny.com\/wp-content\/uploads\/2024\/10\/METE-Series-Colour-151.png 900w, https:\/\/meterny.com\/wp-content\/uploads\/2024\/10\/METE-Series-Colour-151-300x300.png 300w, https:\/\/meterny.com\/wp-content\/uploads\/2024\/10\/METE-Series-Colour-151-150x150.png 150w, https:\/\/meterny.com\/wp-content\/uploads\/2024\/10\/METE-Series-Colour-151-768x768.png 768w, https:\/\/meterny.com\/wp-content\/uploads\/2024\/10\/METE-Series-Colour-151-600x600.png 600w, https:\/\/meterny.com\/wp-content\/uploads\/2024\/10\/METE-Series-Colour-151-100x100.png 100w\" sizes=\"auto, (max-width: 1024px) 100vw, 1024px\" \/><figcaption id=\"caption-attachment-20293\" class=\"wp-caption-text\">Explore la valla de WPC Meterny - Nueve impresionantes opciones de color para cada estilo<\/figcaption><\/figure>\n<h3>Vers\u00e1til y de alto rendimiento<\/h3>\n<p>Ideal para aplicaciones exteriores, el revestimiento METE227H25TK est\u00e1 fabricado con tecnolog\u00eda de ecoextrusi\u00f3n, lo que lo hace resistente a la humedad, las condiciones meteorol\u00f3gicas y los impactos ambientales.<\/p>\n<p>Este panel WPC Siding Wall para exteriores no s\u00f3lo mejora el aspecto est\u00e9tico, sino que tambi\u00e9n a\u00f1ade una capa de protecci\u00f3n a su edificio.<\/p>\n<p>Su f\u00e1cil instalaci\u00f3n y bajo mantenimiento lo convierten en una opci\u00f3n pr\u00e1ctica para las construcciones modernas.<\/p>\n<p><img loading=\"lazy\" decoding=\"async\" class=\"alignnone wp-image-17336\" src=\"https:\/\/meterny.com\/wp-content\/uploads\/2024\/04\/98.png\" alt=\"\" width=\"1024\" height=\"1024\" srcset=\"https:\/\/meterny.com\/wp-content\/uploads\/2024\/04\/98.png 800w, https:\/\/meterny.com\/wp-content\/uploads\/2024\/04\/98-300x300.png 300w, https:\/\/meterny.com\/wp-content\/uploads\/2024\/04\/98-150x150.png 150w, https:\/\/meterny.com\/wp-content\/uploads\/2024\/04\/98-768x768.png 768w, https:\/\/meterny.com\/wp-content\/uploads\/2024\/04\/98-600x600.png 600w, https:\/\/meterny.com\/wp-content\/uploads\/2024\/04\/98-100x100.png 100w\" sizes=\"auto, (max-width: 1024px) 100vw, 1024px\" \/><\/p>\n<h3>Ventajas de elegir el panel mural de revestimiento WPC METE227H25TK<\/h3>\n<p>Durabilidad mejorada: Dise\u00f1ado para soportar condiciones clim\u00e1ticas adversas.<\/p>\n<p>Respetuoso con el medio ambiente: Fabricado con pr\u00e1cticas y materiales sostenibles.<\/p>\n<p>Atractivo est\u00e9tico: Color teca y vetas estilizadas para un aspecto moderno.<\/p>\n<p>Bajo mantenimiento: Requiere un mantenimiento m\u00ednimo en comparaci\u00f3n con los materiales tradicionales.<\/p>\n<p>Aplicaciones vers\u00e1tiles: Adecuado para diversos entornos al aire libre.<\/p>\n<h3><strong>\u00bfPor qu\u00e9 elegir el revestimiento WPC?<\/strong><\/h3>\n<p id=\"\">La elecci\u00f3n del revestimiento WPC (Wood Plastic Composite Siding) ofrece numerosas ventajas tanto para edificios residenciales como comerciales. He aqu\u00ed algunas razones de peso para considerar este innovador material de construcci\u00f3n:<\/p>\n<ol>\n<li><strong>Durabilidad y longevidad<\/strong>:\n<ul>\n<li>WPC Siding est\u00e1 dise\u00f1ado para soportar condiciones clim\u00e1ticas adversas, como temperaturas extremas, viento, lluvia y nieve.<\/li>\n<li>Su robusta composici\u00f3n garantiza que resista la decoloraci\u00f3n, el agrietamiento y la deformaci\u00f3n con el paso del tiempo, manteniendo su atractivo est\u00e9tico y su integridad estructural.<\/li>\n<\/ul>\n<\/li>\n<li><strong>Bajo mantenimiento<\/strong>:\n<ul>\n<li>A diferencia del revestimiento de madera tradicional, WPC Siding requiere un mantenimiento m\u00ednimo.<\/li>\n<li>Es f\u00e1cil de limpiar y no necesita pintarse ni sellarse con regularidad.<\/li>\n<li>Esto reduce los costes de mantenimiento a largo plazo y ahorra tiempo.<\/li>\n<\/ul>\n<\/li>\n<li><strong>Ecol\u00f3gico<\/strong>:\n<ul>\n<li>El revestimiento WPC est\u00e1 fabricado con pl\u00e1stico reciclado y fibras de madera, lo que lo convierte en una opci\u00f3n respetuosa con el medio ambiente.<\/li>\n<li>Reduce los residuos y apoya las pr\u00e1cticas sostenibles en el sector de la construcci\u00f3n.<\/li>\n<\/ul>\n<\/li>\n<li><strong>Resistencia a los insectos y al moho<\/strong>:\n<ul>\n<li>Las fibras de madera del WPC Siding est\u00e1n tratadas para resistir la infestaci\u00f3n de insectos y la formaci\u00f3n de moho.<\/li>\n<li>As\u00ed se protege el material de posibles da\u00f1os y se prolonga su vida \u00fatil.<\/li>\n<\/ul>\n<\/li>\n<li><strong>Versatilidad en el dise\u00f1o<\/strong>:\n<ul>\n<li>WPC Siding se presenta en una gran variedad de colores, texturas y estilos para adaptarse a las distintas preferencias arquitect\u00f3nicas.<\/li>\n<li>Puede imitar el aspecto de las vetas naturales de la madera, las texturas de la piedra y otros materiales.<\/li>\n<\/ul>\n<\/li>\n<li><strong>F\u00e1cil instalaci\u00f3n<\/strong>:\n<ul>\n<li>WPC Siding est\u00e1 dise\u00f1ado para una instalaci\u00f3n r\u00e1pida y sencilla, a menudo mediante un sistema de clip.<\/li>\n<li>Esto reduce los costes de mano de obra y el tiempo de instalaci\u00f3n en comparaci\u00f3n con los materiales de revestimiento tradicionales.<\/li>\n<\/ul>\n<\/li>\n<li><strong>Rentable<\/strong>:\n<ul>\n<li>Aunque el coste inicial del revestimiento de WPC puede ser comparable o ligeramente superior al de algunos materiales tradicionales, su durabilidad a largo plazo y sus bajos requisitos de mantenimiento lo convierten en una opci\u00f3n rentable.<\/li>\n<\/ul>\n<\/li>\n<li><strong>Aislamiento mejorado<\/strong>:\n<ul>\n<li>WPC Siding puede ofrecer mejores propiedades aislantes que algunos materiales tradicionales, ayudando a regular las temperaturas interiores y a reducir los costes energ\u00e9ticos.<\/li>\n<\/ul>\n<\/li>\n<li><strong>Resistencia a la intemperie<\/strong>:\n<ul>\n<li>Su resistencia a la humedad, los rayos UV y otros factores ambientales lo convierten en una opci\u00f3n ideal para zonas con climas dif\u00edciles.<\/li>\n<\/ul>\n<\/li>\n<li><strong>Aumento del valor de la propiedad<\/strong>:\n<ul>\n<li>El aspecto moderno y est\u00e9tico del revestimiento WPC puede mejorar el aspecto exterior y el valor global de una propiedad.<\/li>\n<\/ul>\n<\/li>\n<\/ol>\n<p id=\"\">En resumen, la elecci\u00f3n de WPC Siding ofrece una combinaci\u00f3n de durabilidad, bajo mantenimiento, beneficios medioambientales, versatilidad de dise\u00f1o y rentabilidad. Estas ventajas lo convierten en una opci\u00f3n excelente tanto para proyectos de nueva construcci\u00f3n como de renovaci\u00f3n.<\/p>","protected":false},"excerpt":{"rendered":"<div class=\"flex-1 overflow-hidden\">\n<div class=\"react-scroll-to-bottom--css-cidmd-79elbk h-full\">\n<div class=\"react-scroll-to-bottom--css-cidmd-1n7m0yu\">\n<div>\n<div class=\"flex flex-col text-sm pb-9\">\n<div class=\"w-full text-token-text-primary\" dir=\"auto\" data-testid=\"conversation-turn-17\">\n<div class=\"px-4 py-2 justify-center text-base md:gap-6 m-auto\">\n<div class=\"flex flex-1 text-base mx-auto gap-3 juice:gap-4 juice:md:gap-6 md:px-5 lg:px-1 xl:px-5 md:max-w-3xl lg:max-w-[40rem] xl:max-w-[48rem]\">\n<div class=\"relative flex w-full flex-col agent-turn\">\n<div class=\"flex-col gap-1 md:gap-3\">\n<div class=\"flex flex-grow flex-col max-w-full\">\n<div class=\"min-h-[20px] text-message flex flex-col items-start gap-3 whitespace-pre-wrap break-words [.text-message+&amp;]:mt-5 overflow-x-auto\" dir=\"auto\" data-message-author-role=\"assistant\" data-message-id=\"429bff2e-bb89-4ee8-8d19-4d9b7ea8357a\">\n<div class=\"markdown prose w-full break-words dark:prose-invert light\">\n<p>\ud83c\udf1f Presentamos MeteSiding\u2122 WPC Siding: \u00a1la soluci\u00f3n de revestimiento exterior! \ud83c\udf1f<\/p>\n<p>Mejore el aspecto de su hogar con nuestro revestimiento de primera calidad. MetaSiding\u2122 est\u00e1 fabricado meticulosamente con un compuesto de pol\u00edmero de madera de primera calidad, lo que garantiza una durabilidad y un atractivo est\u00e9tico inigualables durante a\u00f1os.<\/p>\n<p>\u00bfPor qu\u00e9 elegir MeteSiding?<\/p>\n<p>Calidad superior: Fabricado con materiales de alta calidad, MeteSiding\u2122 ofrece una protecci\u00f3n superior contra los elementos.<\/p>\n<p>Dise\u00f1o elegante: Mejore el atractivo exterior de su hogar con un revestimiento elegante y moderno que complementa cualquier estilo arquitect\u00f3nico.<\/p>\n<p>F\u00e1cil instalaci\u00f3n: MeteSiding\u2122 est\u00e1 dise\u00f1ado para una instalaci\u00f3n sin complicaciones, ahorr\u00e1ndole tiempo y esfuerzo.<\/p>\n<p>\u2705 Vers\u00e1til: Ya sea para propiedades residenciales o comerciales, MeteSiding\u2122 es perfecto para todas las aplicaciones de revestimiento exterior.<\/p>\n<p>Respetuoso con el medio ambiente: Fabricado con materiales sostenibles, MeteSiding\u2122 es la elecci\u00f3n respetuosa con el medio ambiente para sus necesidades de dise\u00f1o exterior.<\/p>\n<p>No pierda la oportunidad de elevar el atractivo de su acera con Meterny WPC Siding. \u00a1P\u00eddalo ahora y transforme el exterior de su propiedad! \ud83c\udfe1\ud83d\udd28<\/p>\n<\/div>\n<\/div>\n<\/div>\n<\/div>\n<\/div>\n<\/div>\n<\/div>\n<\/div>\n<\/div>\n<\/div>\n<\/div>\n<\/div>\n<\/div>","protected":false},"featured_media":17334,"comment_status":"open","ping_status":"closed","template":"","meta":{"_uag_custom_page_level_css":"","site-sidebar-layout":"default","site-content-layout":"","ast-site-content-layout":"default","site-content-style":"default","site-sidebar-style":"default","ast-global-header-display":"","ast-banner-title-visibility":"","ast-main-header-display":"","ast-hfb-above-header-display":"","ast-hfb-below-header-display":"","ast-hfb-mobile-header-display":"","site-post-title":"","ast-breadcrumbs-content":"","ast-featured-img":"","footer-sml-layout":"","theme-transparent-header-meta":"default","adv-header-id-meta":"","stick-header-meta":"default","header-above-stick-meta":"","header-main-stick-meta":"","header-below-stick-meta":"","astra-migrate-meta-layouts":"set","ast-page-background-enabled":"default","ast-page-background-meta":{"desktop":{"background-color":"var(--ast-global-color-4)","background-image":"","background-repeat":"repeat","background-position":"center center","background-size":"auto","background-attachment":"scroll","background-type":"","background-media":"","overlay-type":"","overlay-color":"","overlay-opacity":"","overlay-gradient":""},"tablet":{"background-color":"","background-image":"","background-repeat":"repeat","background-position":"center center","background-size":"auto","background-attachment":"scroll","background-type":"","background-media":"","overlay-type":"","overlay-color":"","overlay-opacity":"","overlay-gradient":""},"mobile":{"background-color":"","background-image":"","background-repeat":"repeat","background-position":"center center","background-size":"auto","background-attachment":"scroll","background-type":"","background-media":"","overlay-type":"","overlay-color":"","overlay-opacity":"","overlay-gradient":""}},"ast-content-background-meta":{"desktop":{"background-color":"var(--ast-global-color-5)","background-image":"","background-repeat":"repeat","background-position":"center center","background-size":"auto","background-attachment":"scroll","background-type":"","background-media":"","overlay-type":"","overlay-color":"","overlay-opacity":"","overlay-gradient":""},"tablet":{"background-color":"var(--ast-global-color-5)","background-image":"","background-repeat":"repeat","background-position":"center center","background-size":"auto","background-attachment":"scroll","background-type":"","background-media":"","overlay-type":"","overlay-color":"","overlay-opacity":"","overlay-gradient":""},"mobile":{"background-color":"var(--ast-global-color-5)","background-image":"","background-repeat":"repeat","background-position":"center center","background-size":"auto","background-attachment":"scroll","background-type":"","background-media":"","overlay-type":"","overlay-color":"","overlay-opacity":"","overlay-gradient":""}}},"product_brand":[],"product_cat":[175],"product_tag":[184,180],"class_list":{"0":"post-16402","1":"product","2":"type-product","3":"status-publish","4":"has-post-thumbnail","6":"product_cat-exterior-wpc-wall","7":"product_tag-wpc-wall-exterior","8":"product_tag-wpc-wall-panel","9":"desktop-align-center","10":"tablet-align-left","11":"mobile-align-left","12":"ast-product-gallery-layout-horizontal-slider","13":"ast-product-tabs-layout-vertical","15":"first","16":"instock","17":"shipping-taxable","18":"product-type-simple"},"uagb_featured_image_src":{"full":["https:\/\/meterny.com\/wp-content\/uploads\/2024\/04\/35.png",800,800,false],"thumbnail":["https:\/\/meterny.com\/wp-content\/uploads\/2024\/04\/35-150x150.png",150,150,true],"medium":["https:\/\/meterny.com\/wp-content\/uploads\/2024\/04\/35-300x300.png",300,300,true],"medium_large":["https:\/\/meterny.com\/wp-content\/uploads\/2024\/04\/35-768x768.png",768,768,true],"large":["https:\/\/meterny.com\/wp-content\/uploads\/2024\/04\/35.png",800,800,false],"1536x1536":["https:\/\/meterny.com\/wp-content\/uploads\/2024\/04\/35.png",800,800,false],"2048x2048":["https:\/\/meterny.com\/wp-content\/uploads\/2024\/04\/35.png",800,800,false],"trp-custom-language-flag":["https:\/\/meterny.com\/wp-content\/uploads\/2024\/04\/35.png",12,12,false],"woocommerce_thumbnail":["https:\/\/meterny.com\/wp-content\/uploads\/2024\/04\/35-300x300.png",300,300,true],"woocommerce_single":["https:\/\/meterny.com\/wp-content\/uploads\/2024\/04\/35-600x600.png",600,600,true],"woocommerce_gallery_thumbnail":["https:\/\/meterny.com\/wp-content\/uploads\/2024\/04\/35-100x100.png",100,100,true]},"uagb_author_info":{"display_name":"meterny","author_link":"https:\/\/meterny.com\/es\/author\/"},"uagb_comment_info":0,"uagb_excerpt":"\ud83c\udf1f Introducing MeteSiding\u2122 WPC Siding - Exterior Cladding Solution! \ud83c\udf1f Upgrade the look of your home with our premium quality siding. MetaSiding\u2122 is meticulously crafted from top-grade wood polymer composite, ensuring unmatched durability and aesthetic appeal for years to come. Why Choose MeteSiding? \u2705 Superior Quality: Crafted from high-grade materials, MeteSiding\u2122 offers superior protection against&hellip;","_links":{"self":[{"href":"https:\/\/meterny.com\/es\/wp-json\/wp\/v2\/product\/16402","targetHints":{"allow":["GET"]}}],"collection":[{"href":"https:\/\/meterny.com\/es\/wp-json\/wp\/v2\/product"}],"about":[{"href":"https:\/\/meterny.com\/es\/wp-json\/wp\/v2\/types\/product"}],"replies":[{"embeddable":true,"href":"https:\/\/meterny.com\/es\/wp-json\/wp\/v2\/comments?post=16402"}],"wp:featuredmedia":[{"embeddable":true,"href":"https:\/\/meterny.com\/es\/wp-json\/wp\/v2\/media\/17334"}],"wp:attachment":[{"href":"https:\/\/meterny.com\/es\/wp-json\/wp\/v2\/media?parent=16402"}],"wp:term":[{"taxonomy":"product_brand","embeddable":true,"href":"https:\/\/meterny.com\/es\/wp-json\/wp\/v2\/product_brand?post=16402"},{"taxonomy":"product_cat","embeddable":true,"href":"https:\/\/meterny.com\/es\/wp-json\/wp\/v2\/product_cat?post=16402"},{"taxonomy":"product_tag","embeddable":true,"href":"https:\/\/meterny.com\/es\/wp-json\/wp\/v2\/product_tag?post=16402"}],"curies":[{"name":"wp","href":"https:\/\/api.w.org\/{rel}","templated":true}]}}