{"id":16404,"date":"2024-04-22T15:20:58","date_gmt":"2024-04-22T15:20:58","guid":{"rendered":"https:\/\/meterny.com\/?post_type=product&#038;p=16404"},"modified":"2025-01-08T12:45:46","modified_gmt":"2025-01-08T12:45:46","slug":"outdoor-wpc-wall-panel","status":"publish","type":"product","link":"https:\/\/meterny.com\/es\/producto\/outdoor-wpc-wall-panel\/","title":{"rendered":"Impermeable al aire libre WPC Flauta Pared Revestimiento Panel - METE227H25TK"},"content":{"rendered":"<h2 style=\"text-align: center;\">Especificaci\u00f3n del panel de revestimiento de pared de WPC al aire libre<\/h2>\n<p>Revestimiento exterior de paneles de pared de WPC en color teca<\/p>\n<p><strong>Modelo<\/strong>: METE227H25TK<\/p>\n<p><strong>Tipo<\/strong>: WPC acanalado Revestimiento de pared<\/p>\n<p><strong>Talla<\/strong>: 227\u00d725mm<\/p>\n<p><strong>Superficie<\/strong>: Tiras y granos rectos<\/p>\n<p><strong>Color<\/strong>: Color teca<\/p>\n<p><strong>Longitud<\/strong>2,9 m o personalizado<\/p>\n<p><strong>Material<\/strong>: Compuesto de madera y pl\u00e1stico<\/p>\n<p><strong>Tecnolog\u00eda del producto<\/strong>: Eco-extrusi\u00f3n<\/p>\n<figure id=\"attachment_17352\" aria-describedby=\"caption-attachment-17352\" style=\"width: 1024px\" class=\"wp-caption alignnone\"><img loading=\"lazy\" decoding=\"async\" class=\"wp-image-17352 size-full\" src=\"https:\/\/meterny.com\/wp-content\/uploads\/2024\/04\/WPC-Stripes-wall-exterior3.png\" alt=\"Panel de pared de WPC al aire libre \" width=\"1024\" height=\"1024\" srcset=\"https:\/\/meterny.com\/wp-content\/uploads\/2024\/04\/WPC-Stripes-wall-exterior3.png 1024w, https:\/\/meterny.com\/wp-content\/uploads\/2024\/04\/WPC-Stripes-wall-exterior3-300x300.png 300w, https:\/\/meterny.com\/wp-content\/uploads\/2024\/04\/WPC-Stripes-wall-exterior3-150x150.png 150w, https:\/\/meterny.com\/wp-content\/uploads\/2024\/04\/WPC-Stripes-wall-exterior3-768x768.png 768w, https:\/\/meterny.com\/wp-content\/uploads\/2024\/04\/WPC-Stripes-wall-exterior3-600x600.png 600w, https:\/\/meterny.com\/wp-content\/uploads\/2024\/04\/WPC-Stripes-wall-exterior3-100x100.png 100w\" sizes=\"auto, (max-width: 1024px) 100vw, 1024px\" \/><figcaption id=\"caption-attachment-17352\" class=\"wp-caption-text\">Paneles de pared de WPC modernos y duraderos para exteriores de centros comerciales<\/figcaption><\/figure>\n<p id=\"\"><strong>Nombre del producto<\/strong>: Panel de pared exterior de WPC (compuesto de madera y pl\u00e1stico)<\/p>\n<p id=\"\"><strong>SKU<\/strong>: [Insertar SKU aqu\u00ed]<\/p>\n<p id=\"\"><strong>Categor\u00eda<\/strong>: Materiales de construcci\u00f3n exterior<\/p>\n<p id=\"\"><strong>Material<\/strong>: Compuesto de madera y pl\u00e1stico (WPC)<\/p>\n<p id=\"\"><strong>Dimensiones<\/strong>: 135*119*23mm\/217*201*28mm\/227*210*25mm<\/p>\n<p id=\"\"><strong>Opciones de color<\/strong>: (por ejemplo, cedro, gris, marr\u00f3n, negro, etc.)<\/p>\n<p id=\"\"><strong>Opciones de textura<\/strong>: (por ejemplo, Liso, Grano de madera, Relieve, etc.)<\/p>\n<p id=\"\"><strong>Acabado<\/strong>: Resistente a la intemperie, a los rayos UV y a la decoloraci\u00f3n<\/p>\n<p id=\"\"><strong>Peso<\/strong>: 3 kg\/m)<\/p>\n<p id=\"\"><strong>Resistencia a la humedad<\/strong>: Muy resistente a la humedad, apto para uso en exteriores<\/p>\n<p id=\"\"><strong>Clasificaci\u00f3n al fuego<\/strong>: Clase B1<\/p>\n<p id=\"\"><strong>Aislamiento t\u00e9rmico<\/strong>: Excelentes propiedades de aislamiento t\u00e9rmico, lo que reduce el consumo de energ\u00eda<\/p>\n<p id=\"\"><strong>Absorci\u00f3n ac\u00fastica<\/strong>: Buena capacidad de absorci\u00f3n ac\u00fastica, creando un espacio exterior m\u00e1s silencioso<\/p>\n<p id=\"\"><strong>Instalaci\u00f3n<\/strong>: Instalaci\u00f3n f\u00e1cil y r\u00e1pida con fijaciones ocultas o sistema de enclavamiento<\/p>\n<p id=\"\"><strong>Mantenimiento<\/strong>: Poco mantenimiento, s\u00f3lo requiere una limpieza ocasional con agua y detergente suave.<\/p>\n<p id=\"\"><strong>Durabilidad<\/strong>: Larga durabilidad, resistente a la putrefacci\u00f3n, los insectos y la intemperie.<\/p>\n<p id=\"\"><strong>Respeto del medio ambiente<\/strong>: Fabricado a partir de pl\u00e1stico reciclado y residuos de madera, lo que contribuye a la sostenibilidad medioambiental<\/p>\n<p id=\"\"><strong>Garant\u00eda<\/strong>m\u00e1s de 10 a\u00f1os<\/p>\n<h3><strong>Descripci\u00f3n del producto<\/strong>:<\/h3>\n<p id=\"\">Nuestro panel de pared de WPC para exteriores es la soluci\u00f3n perfecta para cualquiera que desee mejorar el exterior de su hogar, oficina o edificio comercial. Fabricados con compuesto de madera y pl\u00e1stico (WPC) de alta calidad, estos paneles ofrecen una combinaci\u00f3n de durabilidad, belleza y respeto por el medio ambiente.<\/p>\n<p id=\"\">Los paneles est\u00e1n disponibles en varios colores y texturas para adaptarse a cualquier preferencia de dise\u00f1o. El acabado resistente a la intemperie garantiza que se mantengan vivos y sin da\u00f1os, incluso tras una exposici\u00f3n prolongada a los elementos. Con excelentes propiedades de aislamiento t\u00e9rmico y absorci\u00f3n ac\u00fastica, estos paneles crean un espacio exterior m\u00e1s confortable y energ\u00e9ticamente eficiente.<\/p>\n<p id=\"\">La instalaci\u00f3n es r\u00e1pida y sencilla, con opciones de fijaci\u00f3n oculta o un sistema de enclavamiento que no requiere tornillos ni clavos. El mantenimiento es m\u00ednimo, y solo es necesario limpiarlos de vez en cuando para que conserven su mejor aspecto.<\/p>\n<p id=\"\">Nuestro panel de pared de WPC para exteriores tambi\u00e9n es muy resistente a la humedad, por lo que es ideal para su uso en zonas con mucha humedad o lluvias frecuentes. Los paneles son resistentes a la putrefacci\u00f3n, los insectos y la intemperie, lo que garantiza una larga durabilidad.<\/p>\n<p id=\"\">Lo mejor de todo es que nuestros paneles de WPC est\u00e1n fabricados con pl\u00e1stico reciclado y residuos de madera, lo que contribuye a la sostenibilidad medioambiental. Al elegir nuestro Panel de pared de WPC para exteriores, no solo mejora el aspecto de su propiedad, sino que tambi\u00e9n tiene un impacto positivo en el medio ambiente.<\/p>\n<p id=\"\"><strong>Especificaciones t\u00e9cnicas<\/strong>:<\/p>\n<ul>\n<li><strong>Composici\u00f3n del material<\/strong>: ( 60% pl\u00e1stico reciclado, 40% fibra de madera reciclada)<\/li>\n<li><strong>Densidad<\/strong>( 0,8-1,2 g\/cm\u00b3)<\/li>\n<li><strong>Tasa de expansi\u00f3n<\/strong>(por ejemplo, \u22640,4%)<\/li>\n<li><strong>Resistencia a la compresi\u00f3n<\/strong>(por ejemplo, \u226535 MPa)<\/li>\n<li><strong>Resistencia a la flexi\u00f3n<\/strong>(por ejemplo, \u226525 MPa)<\/li>\n<li><strong>Absorci\u00f3n de agua<\/strong>(por ejemplo, \u22643%)<\/li>\n<\/ul>\n<p id=\"\"><strong>Gu\u00eda de instalaci\u00f3n<\/strong>:<\/p>\n<ul>\n<li>Aseg\u00farese de que la superficie est\u00e9 limpia, seca y libre de residuos.<\/li>\n<li>Mida y corte los paneles al tama\u00f1o deseado utilizando una sierra.<\/li>\n<li>Instale utilizando fijaciones ocultas o el sistema de enclavamiento suministrado.<\/li>\n<li>Limpie regularmente los paneles con agua y detergente suave para mantener su aspecto.<\/li>\n<\/ul>\n<h3>Galer\u00eda<\/h3>\n<figure id=\"attachment_17333\" aria-describedby=\"caption-attachment-17333\" style=\"width: 1024px\" class=\"wp-caption alignnone\"><img loading=\"lazy\" decoding=\"async\" class=\"wp-image-17333\" src=\"https:\/\/meterny.com\/wp-content\/uploads\/2024\/04\/2.png\" alt=\"Paneles de WPC para paredes de jard\u00edn\" width=\"1024\" height=\"1022\" srcset=\"https:\/\/meterny.com\/wp-content\/uploads\/2024\/04\/2.png 982w, https:\/\/meterny.com\/wp-content\/uploads\/2024\/04\/2-300x300.png 300w, https:\/\/meterny.com\/wp-content\/uploads\/2024\/04\/2-150x150.png 150w, https:\/\/meterny.com\/wp-content\/uploads\/2024\/04\/2-768x766.png 768w, https:\/\/meterny.com\/wp-content\/uploads\/2024\/04\/2-600x599.png 600w, https:\/\/meterny.com\/wp-content\/uploads\/2024\/04\/2-100x100.png 100w\" sizes=\"auto, (max-width: 1024px) 100vw, 1024px\" \/><figcaption id=\"caption-attachment-17333\" class=\"wp-caption-text\">Mejore las paredes de su jard\u00edn con paneles de WPC duraderos.<\/figcaption><\/figure>\n<figure id=\"attachment_17334\" aria-describedby=\"caption-attachment-17334\" style=\"width: 1024px\" class=\"wp-caption alignnone\"><img loading=\"lazy\" decoding=\"async\" class=\"wp-image-17334\" src=\"https:\/\/meterny.com\/wp-content\/uploads\/2024\/04\/35.png\" alt=\"MeteSiding\u2122 WPC Siding - Soluci\u00f3n de revestimiento exterior\" width=\"1024\" height=\"1024\" srcset=\"https:\/\/meterny.com\/wp-content\/uploads\/2024\/04\/35.png 800w, https:\/\/meterny.com\/wp-content\/uploads\/2024\/04\/35-300x300.png 300w, https:\/\/meterny.com\/wp-content\/uploads\/2024\/04\/35-150x150.png 150w, https:\/\/meterny.com\/wp-content\/uploads\/2024\/04\/35-768x768.png 768w, https:\/\/meterny.com\/wp-content\/uploads\/2024\/04\/35-600x600.png 600w, https:\/\/meterny.com\/wp-content\/uploads\/2024\/04\/35-100x100.png 100w\" sizes=\"auto, (max-width: 1024px) 100vw, 1024px\" \/><figcaption id=\"caption-attachment-17334\" class=\"wp-caption-text\">Paneles de WPC resistentes a los rayos UV para exteriores soleados.<\/figcaption><\/figure>\n<h3>Color y superficie<\/h3>\n<p>Con un sofisticado color teca y una superficie adornada con listones y vetas rectas, este panel de WPC ofrece un acabado visualmente impactante.<\/p>\n<p>La longitud y las dimensiones personalizables satisfacen diversas necesidades de dise\u00f1o, proporcionando flexibilidad y creatividad en sus proyectos arquitect\u00f3nicos.<\/p>\n<figure id=\"attachment_20293\" aria-describedby=\"caption-attachment-20293\" style=\"width: 1024px\" class=\"wp-caption alignnone\"><img loading=\"lazy\" decoding=\"async\" class=\"wp-image-20293\" src=\"https:\/\/meterny.com\/wp-content\/uploads\/2024\/10\/METE-Series-Colour-151.png\" alt=\"Opciones de color de la valla de WPC Meterny\" width=\"1024\" height=\"1024\" srcset=\"https:\/\/meterny.com\/wp-content\/uploads\/2024\/10\/METE-Series-Colour-151.png 900w, https:\/\/meterny.com\/wp-content\/uploads\/2024\/10\/METE-Series-Colour-151-300x300.png 300w, https:\/\/meterny.com\/wp-content\/uploads\/2024\/10\/METE-Series-Colour-151-150x150.png 150w, https:\/\/meterny.com\/wp-content\/uploads\/2024\/10\/METE-Series-Colour-151-768x768.png 768w, https:\/\/meterny.com\/wp-content\/uploads\/2024\/10\/METE-Series-Colour-151-600x600.png 600w, https:\/\/meterny.com\/wp-content\/uploads\/2024\/10\/METE-Series-Colour-151-100x100.png 100w\" sizes=\"auto, (max-width: 1024px) 100vw, 1024px\" \/><figcaption id=\"caption-attachment-20293\" class=\"wp-caption-text\">Explore la valla de WPC Meterny - Nueve impresionantes opciones de color para cada estilo<\/figcaption><\/figure>\n<h3>Vers\u00e1til y de alto rendimiento<\/h3>\n<p>Ideal para aplicaciones exteriores, el revestimiento METE227H25TK est\u00e1 fabricado con tecnolog\u00eda de ecoextrusi\u00f3n, lo que lo hace resistente a la humedad, las condiciones meteorol\u00f3gicas y los impactos ambientales.<\/p>\n<p>Este revestimiento de WPC para exteriores no s\u00f3lo mejora el aspecto est\u00e9tico, sino que tambi\u00e9n a\u00f1ade una capa de protecci\u00f3n a su edificio.<\/p>\n<p>Su f\u00e1cil instalaci\u00f3n y bajo mantenimiento lo convierten en una opci\u00f3n pr\u00e1ctica para las construcciones modernas.<\/p>\n<p><img loading=\"lazy\" decoding=\"async\" class=\"alignnone wp-image-17339\" src=\"https:\/\/meterny.com\/wp-content\/uploads\/2024\/04\/121-88.png\" alt=\"\" width=\"1024\" height=\"1024\" srcset=\"https:\/\/meterny.com\/wp-content\/uploads\/2024\/04\/121-88.png 800w, https:\/\/meterny.com\/wp-content\/uploads\/2024\/04\/121-88-300x300.png 300w, https:\/\/meterny.com\/wp-content\/uploads\/2024\/04\/121-88-150x150.png 150w, https:\/\/meterny.com\/wp-content\/uploads\/2024\/04\/121-88-768x768.png 768w, https:\/\/meterny.com\/wp-content\/uploads\/2024\/04\/121-88-600x600.png 600w, https:\/\/meterny.com\/wp-content\/uploads\/2024\/04\/121-88-100x100.png 100w\" sizes=\"auto, (max-width: 1024px) 100vw, 1024px\" \/><\/p>\n<h3>Ventajas de elegir el revestimiento de WPC METE227H25TK<\/h3>\n<p>Durabilidad mejorada: Dise\u00f1ado para soportar condiciones clim\u00e1ticas adversas.<\/p>\n<p>Respetuoso con el medio ambiente: Fabricado con pr\u00e1cticas y materiales sostenibles.<\/p>\n<p>Atractivo est\u00e9tico: Color teca y vetas estilizadas para un aspecto moderno.<\/p>\n<p>Bajo mantenimiento: Requiere un mantenimiento m\u00ednimo en comparaci\u00f3n con los materiales tradicionales.<\/p>\n<p>Aplicaciones vers\u00e1tiles: Adecuado para diversos entornos al aire libre.<\/p>\n<h3><strong>\u00bfPor qu\u00e9 elegir paneles de pared WPC para exteriores?<\/strong><\/h3>\n<p id=\"\">Los paneles murales de WPC (compuesto de madera y pl\u00e1stico) para exteriores son una opci\u00f3n excelente por varias razones:<\/p>\n<ol>\n<li>\n<p id=\"\"><strong>Durabilidad y longevidad<\/strong>: Los paneles murales de WPC est\u00e1n dise\u00f1ados para soportar las inclemencias del tiempo, como el sol, la lluvia, la nieve y el viento. Son muy resistentes a la putrefacci\u00f3n, los insectos y la intemperie, lo que garantiza que mantengan su aspecto y funcionalidad durante muchos a\u00f1os.<\/p>\n<\/li>\n<li>\n<p id=\"\"><strong>Bajo mantenimiento<\/strong>: A diferencia de los paneles tradicionales de madera o metal, los paneles de pared de WPC requieren un mantenimiento m\u00ednimo. Son f\u00e1ciles de limpiar y no necesitan pintarse ni sellarse con regularidad. Esto los convierte en una opci\u00f3n rentable y sin complicaciones para su uso en exteriores.<\/p>\n<\/li>\n<li>\n<p id=\"\"><strong>Respeto del medio ambiente<\/strong>: Los paneles murales de WPC est\u00e1n hechos de pl\u00e1stico reciclado y residuos de madera, lo que significa que contribuyen a la sostenibilidad medioambiental. Al elegir paneles de WPC, estar\u00e1s reduciendo tu huella de carbono y apoyando la econom\u00eda circular.<\/p>\n<\/li>\n<li>\n<p id=\"\"><strong>Variedad de estilos y colores<\/strong>: Los paneles de pared de WPC est\u00e1n disponibles en una amplia gama de colores, texturas y acabados, lo que le permite crear un espacio exterior \u00fanico y personalizado que se adapte a su estilo y preferencias.<\/p>\n<\/li>\n<li>\n<p id=\"\"><strong>Aislamiento t\u00e9rmico y absorci\u00f3n ac\u00fastica<\/strong>: Los paneles murales de WPC ofrecen excelentes propiedades de aislamiento t\u00e9rmico y absorci\u00f3n ac\u00fastica. Esto significa que pueden ayudar a reducir el consumo de energ\u00eda y crear un entorno exterior m\u00e1s silencioso y confortable.<\/p>\n<\/li>\n<li>\n<p id=\"\"><strong>Facilidad de instalaci\u00f3n<\/strong>: Los paneles murales de WPC est\u00e1n dise\u00f1ados para una instalaci\u00f3n f\u00e1cil y r\u00e1pida. Muchos modelos vienen con fijaciones ocultas o sistemas de enclavamiento que no requieren tornillos ni clavos, por lo que la instalaci\u00f3n es pan comido incluso para los aficionados al bricolaje.<\/p>\n<\/li>\n<li>\n<p id=\"\"><strong>Rentable<\/strong>: Aunque la inversi\u00f3n inicial en paneles de pared de WPC puede ser superior a la de algunos materiales tradicionales, su larga durabilidad, sus bajos requisitos de mantenimiento y sus propiedades de ahorro energ\u00e9tico los convierten en una opci\u00f3n rentable a largo plazo.<\/p>\n<\/li>\n<li>\n<p id=\"\"><strong>Resistencia a la intemperie<\/strong>: Los paneles de pared de WPC est\u00e1n formulados para resistir los efectos de la radiaci\u00f3n UV, por lo que son menos propensos a deste\u00f1irse y decolorarse con el paso del tiempo. Esto garantiza que conserven su aspecto vibrante y no requieran un repintado frecuente.<\/p>\n<\/li>\n<\/ol>\n<p id=\"\">En resumen, los paneles de pared de WPC para exteriores ofrecen una combinaci\u00f3n de durabilidad, respeto por el medio ambiente, bajo mantenimiento y atractivo est\u00e9tico que los convierte en una excelente opci\u00f3n para mejorar el exterior de su hogar, oficina o edificio comercial.<\/p>","protected":false},"excerpt":{"rendered":"<p>Calidad superior: Fabricado con materiales de primera calidad, este panel impermeable de WPC ofrece una protecci\u00f3n inigualable contra los elementos.<\/p>\n<p>Dise\u00f1o elegante: Eleve el exterior de su propiedad con sistemas de paredes elegantes y modernos que complementan cualquier estilo arquitect\u00f3nico.<\/p>\n<p>F\u00e1cil instalaci\u00f3n: Este revestimiento WPC est\u00e1 dise\u00f1ado para una instalaci\u00f3n sin complicaciones, ahorr\u00e1ndole tiempo y esfuerzo.<\/p>\n<p>Vers\u00e1til: tanto para viviendas como para locales comerciales, este tipo de panel de WPC es perfecto para todas las aplicaciones de revestimiento exterior.<\/p>\n<p>Respetuoso con el medio ambiente: Hecho de materiales sostenibles, Meterny impermeable al aire libre WPC Panel es la opci\u00f3n consciente del medio ambiente para sus necesidades de dise\u00f1o exterior.<\/p>","protected":false},"featured_media":17352,"comment_status":"open","ping_status":"closed","template":"","meta":{"_uag_custom_page_level_css":"","site-sidebar-layout":"default","site-content-layout":"","ast-site-content-layout":"default","site-content-style":"default","site-sidebar-style":"default","ast-global-header-display":"","ast-banner-title-visibility":"","ast-main-header-display":"","ast-hfb-above-header-display":"","ast-hfb-below-header-display":"","ast-hfb-mobile-header-display":"","site-post-title":"","ast-breadcrumbs-content":"","ast-featured-img":"","footer-sml-layout":"","theme-transparent-header-meta":"default","adv-header-id-meta":"","stick-header-meta":"default","header-above-stick-meta":"","header-main-stick-meta":"","header-below-stick-meta":"","astra-migrate-meta-layouts":"set","ast-page-background-enabled":"default","ast-page-background-meta":{"desktop":{"background-color":"var(--ast-global-color-4)","background-image":"","background-repeat":"repeat","background-position":"center center","background-size":"auto","background-attachment":"scroll","background-type":"","background-media":"","overlay-type":"","overlay-color":"","overlay-opacity":"","overlay-gradient":""},"tablet":{"background-color":"","background-image":"","background-repeat":"repeat","background-position":"center center","background-size":"auto","background-attachment":"scroll","background-type":"","background-media":"","overlay-type":"","overlay-color":"","overlay-opacity":"","overlay-gradient":""},"mobile":{"background-color":"","background-image":"","background-repeat":"repeat","background-position":"center center","background-size":"auto","background-attachment":"scroll","background-type":"","background-media":"","overlay-type":"","overlay-color":"","overlay-opacity":"","overlay-gradient":""}},"ast-content-background-meta":{"desktop":{"background-color":"var(--ast-global-color-5)","background-image":"","background-repeat":"repeat","background-position":"center center","background-size":"auto","background-attachment":"scroll","background-type":"","background-media":"","overlay-type":"","overlay-color":"","overlay-opacity":"","overlay-gradient":""},"tablet":{"background-color":"var(--ast-global-color-5)","background-image":"","background-repeat":"repeat","background-position":"center center","background-size":"auto","background-attachment":"scroll","background-type":"","background-media":"","overlay-type":"","overlay-color":"","overlay-opacity":"","overlay-gradient":""},"mobile":{"background-color":"var(--ast-global-color-5)","background-image":"","background-repeat":"repeat","background-position":"center center","background-size":"auto","background-attachment":"scroll","background-type":"","background-media":"","overlay-type":"","overlay-color":"","overlay-opacity":"","overlay-gradient":""}}},"product_brand":[],"product_cat":[175],"product_tag":[184,180],"class_list":{"0":"post-16404","1":"product","2":"type-product","3":"status-publish","4":"has-post-thumbnail","6":"product_cat-exterior-wpc-wall","7":"product_tag-wpc-wall-exterior","8":"product_tag-wpc-wall-panel","9":"desktop-align-center","10":"tablet-align-left","11":"mobile-align-left","12":"ast-product-gallery-layout-horizontal-slider","13":"ast-product-tabs-layout-vertical","15":"first","16":"instock","17":"shipping-taxable","18":"product-type-simple"},"uagb_featured_image_src":{"full":["https:\/\/meterny.com\/wp-content\/uploads\/2024\/04\/WPC-Stripes-wall-exterior3.png",1024,1024,false],"thumbnail":["https:\/\/meterny.com\/wp-content\/uploads\/2024\/04\/WPC-Stripes-wall-exterior3-150x150.png",150,150,true],"medium":["https:\/\/meterny.com\/wp-content\/uploads\/2024\/04\/WPC-Stripes-wall-exterior3-300x300.png",300,300,true],"medium_large":["https:\/\/meterny.com\/wp-content\/uploads\/2024\/04\/WPC-Stripes-wall-exterior3-768x768.png",768,768,true],"large":["https:\/\/meterny.com\/wp-content\/uploads\/2024\/04\/WPC-Stripes-wall-exterior3.png",1024,1024,false],"1536x1536":["https:\/\/meterny.com\/wp-content\/uploads\/2024\/04\/WPC-Stripes-wall-exterior3.png",1024,1024,false],"2048x2048":["https:\/\/meterny.com\/wp-content\/uploads\/2024\/04\/WPC-Stripes-wall-exterior3.png",1024,1024,false],"trp-custom-language-flag":["https:\/\/meterny.com\/wp-content\/uploads\/2024\/04\/WPC-Stripes-wall-exterior3.png",12,12,false],"woocommerce_thumbnail":["https:\/\/meterny.com\/wp-content\/uploads\/2024\/04\/WPC-Stripes-wall-exterior3-300x300.png",300,300,true],"woocommerce_single":["https:\/\/meterny.com\/wp-content\/uploads\/2024\/04\/WPC-Stripes-wall-exterior3-600x600.png",600,600,true],"woocommerce_gallery_thumbnail":["https:\/\/meterny.com\/wp-content\/uploads\/2024\/04\/WPC-Stripes-wall-exterior3-100x100.png",100,100,true]},"uagb_author_info":{"display_name":"meterny","author_link":"https:\/\/meterny.com\/es\/author\/"},"uagb_comment_info":0,"uagb_excerpt":"Superior Quality: Crafted from premium materials, this Waterproof WPC panel offers unmatched protection against the elements. Stylish Design: Elevate the exterior of your property with sleek and modern wall systems that complement any architectural style. Easy Installation: This WPC cladding\u00a0 is designed for hassle-free installation, saving you time and effort. Versatile: Whether it's for residential&hellip;","_links":{"self":[{"href":"https:\/\/meterny.com\/es\/wp-json\/wp\/v2\/product\/16404","targetHints":{"allow":["GET"]}}],"collection":[{"href":"https:\/\/meterny.com\/es\/wp-json\/wp\/v2\/product"}],"about":[{"href":"https:\/\/meterny.com\/es\/wp-json\/wp\/v2\/types\/product"}],"replies":[{"embeddable":true,"href":"https:\/\/meterny.com\/es\/wp-json\/wp\/v2\/comments?post=16404"}],"wp:featuredmedia":[{"embeddable":true,"href":"https:\/\/meterny.com\/es\/wp-json\/wp\/v2\/media\/17352"}],"wp:attachment":[{"href":"https:\/\/meterny.com\/es\/wp-json\/wp\/v2\/media?parent=16404"}],"wp:term":[{"taxonomy":"product_brand","embeddable":true,"href":"https:\/\/meterny.com\/es\/wp-json\/wp\/v2\/product_brand?post=16404"},{"taxonomy":"product_cat","embeddable":true,"href":"https:\/\/meterny.com\/es\/wp-json\/wp\/v2\/product_cat?post=16404"},{"taxonomy":"product_tag","embeddable":true,"href":"https:\/\/meterny.com\/es\/wp-json\/wp\/v2\/product_tag?post=16404"}],"curies":[{"name":"wp","href":"https:\/\/api.w.org\/{rel}","templated":true}]}}