{"id":16569,"date":"2024-05-25T08:59:26","date_gmt":"2024-05-25T08:59:26","guid":{"rendered":"https:\/\/meterny.com\/?post_type=product&#038;p=16569"},"modified":"2025-01-18T09:19:25","modified_gmt":"2025-01-18T09:19:25","slug":"wpc-fence-waterproof-outdoor-wpc-fence-panel","status":"publish","type":"product","link":"https:\/\/meterny.com\/es\/producto\/wpc-fence-waterproof-outdoor-wpc-fence-panel\/","title":{"rendered":"Impermeable al aire libre WPC valla para jard\u00edn METE1800H1850 Wpc Panel de la cerca"},"content":{"rendered":"<div class=\"elementor-element elementor-element-c0e1d42 elementor-widget elementor-widget-heading\" data-id=\"c0e1d42\" data-element_type=\"widget\" data-widget_type=\"heading.default\">\n<div class=\"elementor-widget-container\">\n<h2 class=\"elementor-heading-title elementor-size-default\" style=\"text-align: center;\">Impermeable al aire libre WPC valla para el jard\u00edn<\/h2>\n<\/div>\n<\/div>\n<div class=\"elementor-element elementor-element-1f676da elementor-widget elementor-widget-heading\" data-id=\"1f676da\" data-element_type=\"widget\" data-widget_type=\"heading.default\">\n<h2 class=\"elementor-widget-container\" style=\"text-align: center;\">METE1800H1850 Especificaciones<\/h2>\n<p>&nbsp;<\/p>\n<\/div>\n<p>METE1800H1850 Valla impermeable de WPC para exteriores con pilares de aluminio<\/p>\n<p><strong>Modelo<\/strong>: METE1800H1850<\/p>\n<p><strong>Tipo<\/strong>: Valla de WPC con pilares de aluminio<\/p>\n<p><strong>Talla<\/strong>: Anchura 1800mm x Altura 1850mm<\/p>\n<p><strong>Superficie<\/strong>: Dos superficies - Listones y vetas de madera<\/p>\n<p><strong>Color<\/strong>9 opciones de color<\/p>\n<p><strong>Longitud<\/strong>: Personalizado<\/p>\n<p><strong>Material<\/strong>: Compuesto de madera y pl\u00e1stico<\/p>\n<p><strong>Tecnolog\u00eda del producto<\/strong>: Eco-extrusi\u00f3n<\/p>\n<p><img loading=\"lazy\" decoding=\"async\" class=\"alignnone wp-image-17159\" src=\"https:\/\/meterny.com\/wp-content\/uploads\/2024\/05\/H52ab0232fea245aca8ea52d8bd63596cA.png\" alt=\"Moderna valla de WPC para un dise\u00f1o exterior sostenible\" width=\"1024\" height=\"1068\" srcset=\"https:\/\/meterny.com\/wp-content\/uploads\/2024\/05\/H52ab0232fea245aca8ea52d8bd63596cA.png 1284w, https:\/\/meterny.com\/wp-content\/uploads\/2024\/05\/H52ab0232fea245aca8ea52d8bd63596cA-288x300.png 288w, https:\/\/meterny.com\/wp-content\/uploads\/2024\/05\/H52ab0232fea245aca8ea52d8bd63596cA-982x1024.png 982w, https:\/\/meterny.com\/wp-content\/uploads\/2024\/05\/H52ab0232fea245aca8ea52d8bd63596cA-768x801.png 768w, https:\/\/meterny.com\/wp-content\/uploads\/2024\/05\/H52ab0232fea245aca8ea52d8bd63596cA-600x626.png 600w\" sizes=\"auto, (max-width: 1024px) 100vw, 1024px\" \/><\/p>\n<p id=\"\"><strong>Nombre del producto<\/strong>: Valla moderna de WPC<\/p>\n<p id=\"\"><strong>Categor\u00eda<\/strong>: Soluciones de vallado exterior<\/p>\n<p id=\"\"><strong>Material<\/strong>: Compuesto de madera y pl\u00e1stico (WPC)<\/p>\n<p id=\"\"><strong>Dise\u00f1o<\/strong>: Moderno y contempor\u00e1neo<\/p>\n<p id=\"\"><strong>Utilizaci\u00f3n<\/strong>: Espacios exteriores, jardines, patios, piscinas y mucho m\u00e1s<\/p>\n<hr \/>\n<h3><strong>Productos<\/strong><\/h3>\n<p id=\"\">Presentamos nuestra Valla Moderna de WPC, la combinaci\u00f3n perfecta de estilo, sostenibilidad y funcionalidad para su espacio exterior. Fabricada con compuesto de madera y pl\u00e1stico (WPC) de alta calidad, esta valla combina la belleza natural de la madera con la durabilidad y resistencia a la intemperie del pl\u00e1stico, lo que la convierte en la opci\u00f3n ideal para dise\u00f1os modernos de exterior.<\/p>\n<h3><strong>Caracter\u00edsticas principales<\/strong><\/h3>\n<ol>\n<li><strong>Ecol\u00f3gico y sostenible<\/strong>:\n<ul>\n<li>Nuestra Valla Moderna de WPC est\u00e1 fabricada con fibras de madera recicladas y pl\u00e1stico de polietileno de alta densidad, lo que contribuye a la reducci\u00f3n de residuos y promueve una vida sostenible.<\/li>\n<\/ul>\n<\/li>\n<li><strong>Duradero y duradero<\/strong>:\n<ul>\n<li>Dise\u00f1ada para resistir los elementos, incluida la humedad, los insectos y los rayos UV, esta valla mantiene su belleza y funcionalidad durante a\u00f1os.<\/li>\n<\/ul>\n<\/li>\n<li><strong>Bajo mantenimiento<\/strong>:\n<ul>\n<li>No es necesario pintar, sellar ni te\u00f1ir. Simplemente limpie con agua para un aspecto fresco y pr\u00edstino.<\/li>\n<\/ul>\n<\/li>\n<li><strong>Dise\u00f1o moderno<\/strong>:\n<ul>\n<li>El dise\u00f1o elegante y contempor\u00e1neo complementa cualquier entorno exterior moderno, a\u00f1adiendo un toque de sofisticaci\u00f3n y estilo a su jard\u00edn o patio.<\/li>\n<\/ul>\n<\/li>\n<li><strong>Resistencia a la intemperie<\/strong>:\n<ul>\n<li>Resistente a la putrefacci\u00f3n, la deformaci\u00f3n y el agrietamiento, incluso en condiciones clim\u00e1ticas adversas, lo que garantiza que se mantenga en excelentes condiciones.<\/li>\n<\/ul>\n<\/li>\n<li><strong>Vers\u00e1til y personalizable<\/strong>:\n<ul>\n<li>Disponible en una amplia gama de colores, texturas y tama\u00f1os, esta valla puede personalizarse para adaptarse a sus necesidades espec\u00edficas y preferencias de estilo.<\/li>\n<\/ul>\n<\/li>\n<li><strong>F\u00e1cil instalaci\u00f3n<\/strong>:\n<ul>\n<li>Dise\u00f1ado para una instalaci\u00f3n sencilla y directa, lo que facilita el bricolaje y ahorra dinero en costes de instalaci\u00f3n.<\/li>\n<\/ul>\n<\/li>\n<li><strong>Mayor privacidad y seguridad<\/strong>:\n<ul>\n<li>Proporciona privacidad y seguridad eficaces para su jard\u00edn, creando una barrera que protege su espacio exterior de intrusos y ruidos no deseados.<\/li>\n<\/ul>\n<\/li>\n<\/ol>\n<h3><strong>Especificaciones t\u00e9cnicas<\/strong><\/h3>\n<ul>\n<li><strong>Material<\/strong>: Compuesto de madera y pl\u00e1stico (WPC)<\/li>\n<li><strong>Dimensiones<\/strong>: Var\u00eda en funci\u00f3n de la personalizaci\u00f3n (tama\u00f1os est\u00e1ndar tambi\u00e9n disponibles)<\/li>\n<li><strong>Opciones de color<\/strong>: M\u00faltiples colores para elegir<\/li>\n<li><strong>Textura<\/strong>: Textura de grano de madera en relieve 3D para un aspecto realista<\/li>\n<li><strong>Peso<\/strong>: Var\u00eda en funci\u00f3n del tama\u00f1o y la personalizaci\u00f3n<\/li>\n<li><strong>Instalaci\u00f3n<\/strong>: Incluye instrucciones f\u00e1ciles de seguir<\/li>\n<\/ul>\n<h3><strong>Beneficios<\/strong><\/h3>\n<ul>\n<li><strong>Aumento del valor de la propiedad<\/strong>: A\u00f1ade atractivo est\u00e9tico y aumenta el valor global de su propiedad.<\/li>\n<li><strong>Rentable<\/strong>: El ahorro a largo plazo en mantenimiento y durabilidad lo convierten en una opci\u00f3n rentable.<\/li>\n<li><strong>Impacto medioambiental<\/strong>: Contribuye a reducir la huella medioambiental utilizando materiales reciclados.<\/li>\n<\/ul>\n<h3><strong>Opciones de personalizaci\u00f3n<\/strong><\/h3>\n<ul>\n<li><strong>Color<\/strong>: Elija entre nuestra gama de colores populares o proporcione su propio color personalizado.<\/li>\n<li><strong>Talla<\/strong>: Personalizable para adaptarse a cualquier espacio, tanto si necesita un peque\u00f1o borde como una gran valla de privacidad.<\/li>\n<li><strong>Dise\u00f1o<\/strong>: Opte por elementos adicionales como paneles decorativos, encimeras de celos\u00eda o iluminaci\u00f3n integrada para conseguir un dise\u00f1o realmente \u00fanico.<\/li>\n<\/ul>\n<h3><strong>Gu\u00eda de instalaci\u00f3n<\/strong><\/h3>\n<ul>\n<li><strong>Preparaci\u00f3n<\/strong>: Aseg\u00farese de que la zona est\u00e9 libre de escombros y nivelada.<\/li>\n<li><strong>Posicionamiento<\/strong>: Marque la ubicaci\u00f3n deseada para los postes de la valla.<\/li>\n<li><strong>Montaje<\/strong>: Siga las sencillas instrucciones que se incluyen con la compra.<\/li>\n<li><strong>Toques finales<\/strong>: Ajuste y fije todos los componentes para conseguir una valla resistente y elegante.<\/li>\n<\/ul>\n<h3>Si desea conocer m\u00e1s detalles, haga clic en este enlace de youtube:<a href=\"https:\/\/youtu.be\/88PIb9PK7Bk\" target=\"_blank\" rel=\"noopener\">https:\/\/youtu.be\/88PIb9PK7Bk<\/a><\/h3>\n<p>&nbsp;<\/p>\n<h3>Galer\u00eda<\/h3>\n<figure id=\"attachment_17492\" aria-describedby=\"caption-attachment-17492\" style=\"width: 1024px\" class=\"wp-caption alignnone\"><img loading=\"lazy\" decoding=\"async\" class=\"wp-image-17492\" src=\"https:\/\/meterny.com\/wp-content\/uploads\/2024\/10\/\u90a6\u82f13-1ZHU.jpg\" alt=\"Panel de valla de WPC ligero para dise\u00f1o de jardines\" width=\"1024\" height=\"1024\" srcset=\"https:\/\/meterny.com\/wp-content\/uploads\/2024\/10\/\u90a6\u82f13-1ZHU.jpg 800w, https:\/\/meterny.com\/wp-content\/uploads\/2024\/10\/\u90a6\u82f13-1ZHU-300x300.jpg 300w, https:\/\/meterny.com\/wp-content\/uploads\/2024\/10\/\u90a6\u82f13-1ZHU-150x150.jpg 150w, https:\/\/meterny.com\/wp-content\/uploads\/2024\/10\/\u90a6\u82f13-1ZHU-768x768.jpg 768w, https:\/\/meterny.com\/wp-content\/uploads\/2024\/10\/\u90a6\u82f13-1ZHU-600x600.jpg 600w, https:\/\/meterny.com\/wp-content\/uploads\/2024\/10\/\u90a6\u82f13-1ZHU-100x100.jpg 100w\" sizes=\"auto, (max-width: 1024px) 100vw, 1024px\" \/><figcaption id=\"caption-attachment-17492\" class=\"wp-caption-text\">Elegancia sin esfuerzo con los paneles ligeros de WPC para vallas<\/figcaption><\/figure>\n<figure id=\"attachment_17172\" aria-describedby=\"caption-attachment-17172\" style=\"width: 1024px\" class=\"wp-caption alignnone\"><img loading=\"lazy\" decoding=\"async\" class=\"wp-image-17172\" src=\"https:\/\/meterny.com\/wp-content\/uploads\/2024\/05\/22-1ZHU.jpg\" alt=\"Sistemas de vallas de material compuesto f\u00e1ciles de instalar\" width=\"1024\" height=\"1024\" srcset=\"https:\/\/meterny.com\/wp-content\/uploads\/2024\/05\/22-1ZHU.jpg 800w, https:\/\/meterny.com\/wp-content\/uploads\/2024\/05\/22-1ZHU-300x300.jpg 300w, https:\/\/meterny.com\/wp-content\/uploads\/2024\/05\/22-1ZHU-150x150.jpg 150w, https:\/\/meterny.com\/wp-content\/uploads\/2024\/05\/22-1ZHU-768x768.jpg 768w, https:\/\/meterny.com\/wp-content\/uploads\/2024\/05\/22-1ZHU-600x600.jpg 600w, https:\/\/meterny.com\/wp-content\/uploads\/2024\/05\/22-1ZHU-100x100.jpg 100w\" sizes=\"auto, (max-width: 1024px) 100vw, 1024px\" \/><figcaption id=\"caption-attachment-17172\" class=\"wp-caption-text\">Est\u00e9tica atemporal, compromiso cero - Paneles de esgrima WPC<\/figcaption><\/figure>\n<figure id=\"attachment_17170\" aria-describedby=\"caption-attachment-17170\" style=\"width: 1024px\" class=\"wp-caption alignnone\"><img loading=\"lazy\" decoding=\"async\" class=\"wp-image-17170\" src=\"https:\/\/meterny.com\/wp-content\/uploads\/2024\/05\/14-4zhu.jpg\" alt=\"Valla de WPC resistente para l\u00edmites de propiedad\" width=\"1024\" height=\"1024\" srcset=\"https:\/\/meterny.com\/wp-content\/uploads\/2024\/05\/14-4zhu.jpg 800w, https:\/\/meterny.com\/wp-content\/uploads\/2024\/05\/14-4zhu-300x300.jpg 300w, https:\/\/meterny.com\/wp-content\/uploads\/2024\/05\/14-4zhu-150x150.jpg 150w, https:\/\/meterny.com\/wp-content\/uploads\/2024\/05\/14-4zhu-768x768.jpg 768w, https:\/\/meterny.com\/wp-content\/uploads\/2024\/05\/14-4zhu-600x600.jpg 600w, https:\/\/meterny.com\/wp-content\/uploads\/2024\/05\/14-4zhu-100x100.jpg 100w\" sizes=\"auto, (max-width: 1024px) 100vw, 1024px\" \/><figcaption id=\"caption-attachment-17170\" class=\"wp-caption-text\">Aporte elegancia a su jard\u00edn con vallas de composite de alta calidad<\/figcaption><\/figure>\n<h3>Color y superficie<\/h3>\n<p>Disponible en nueve colores distintos, el METE1800H1850 ofrece opciones de dise\u00f1o vers\u00e1tiles que se adaptan a cualquier jard\u00edn o entorno exterior. Elija entre dos texturas de superficie: listones cl\u00e1sicos o elegantes vetas de madera, para complementar a la perfecci\u00f3n su paisaje. Personalice la longitud para adaptarla a sus requisitos espec\u00edficos, garantizando una instalaci\u00f3n a medida y sin juntas.<\/p>\n<figure id=\"attachment_17473\" aria-describedby=\"caption-attachment-17473\" style=\"width: 1024px\" class=\"wp-caption alignnone\"><img loading=\"lazy\" decoding=\"async\" class=\"wp-image-17473\" src=\"https:\/\/meterny.com\/wp-content\/uploads\/2024\/05\/A8c1e1d3dd6f44e7dbfc53b1a81cccee3q-1.png\" alt=\"Vallas de WPC con textura de madera natural\" width=\"1024\" height=\"1024\" srcset=\"https:\/\/meterny.com\/wp-content\/uploads\/2024\/05\/A8c1e1d3dd6f44e7dbfc53b1a81cccee3q-1.png 800w, https:\/\/meterny.com\/wp-content\/uploads\/2024\/05\/A8c1e1d3dd6f44e7dbfc53b1a81cccee3q-1-300x300.png 300w, https:\/\/meterny.com\/wp-content\/uploads\/2024\/05\/A8c1e1d3dd6f44e7dbfc53b1a81cccee3q-1-150x150.png 150w, https:\/\/meterny.com\/wp-content\/uploads\/2024\/05\/A8c1e1d3dd6f44e7dbfc53b1a81cccee3q-1-768x768.png 768w, https:\/\/meterny.com\/wp-content\/uploads\/2024\/05\/A8c1e1d3dd6f44e7dbfc53b1a81cccee3q-1-600x600.png 600w, https:\/\/meterny.com\/wp-content\/uploads\/2024\/05\/A8c1e1d3dd6f44e7dbfc53b1a81cccee3q-1-100x100.png 100w\" sizes=\"auto, (max-width: 1024px) 100vw, 1024px\" \/><figcaption id=\"caption-attachment-17473\" class=\"wp-caption-text\">El futuro de las vallas de exterior: Elegantes, resistentes y sostenibles<\/figcaption><\/figure>\n<p>Carta de colores del Panel WPC Serie Meterny METE<\/p>\n<figure id=\"attachment_20293\" aria-describedby=\"caption-attachment-20293\" style=\"width: 1024px\" class=\"wp-caption alignnone\"><img loading=\"lazy\" decoding=\"async\" class=\"wp-image-20293\" src=\"https:\/\/meterny.com\/wp-content\/uploads\/2024\/10\/METE-Series-Colour-151.png\" alt=\"Opciones de color de la valla de WPC Meterny\" width=\"1024\" height=\"1024\" srcset=\"https:\/\/meterny.com\/wp-content\/uploads\/2024\/10\/METE-Series-Colour-151.png 900w, https:\/\/meterny.com\/wp-content\/uploads\/2024\/10\/METE-Series-Colour-151-300x300.png 300w, https:\/\/meterny.com\/wp-content\/uploads\/2024\/10\/METE-Series-Colour-151-150x150.png 150w, https:\/\/meterny.com\/wp-content\/uploads\/2024\/10\/METE-Series-Colour-151-768x768.png 768w, https:\/\/meterny.com\/wp-content\/uploads\/2024\/10\/METE-Series-Colour-151-600x600.png 600w, https:\/\/meterny.com\/wp-content\/uploads\/2024\/10\/METE-Series-Colour-151-100x100.png 100w\" sizes=\"auto, (max-width: 1024px) 100vw, 1024px\" \/><figcaption id=\"caption-attachment-20293\" class=\"wp-caption-text\">Explore la valla de WPC Meterny - Nueve impresionantes opciones de color para cada estilo<\/figcaption><\/figure>\n<h3>Duradero e impermeable<\/h3>\n<p>Fabricada con una avanzada tecnolog\u00eda de ecoextrusi\u00f3n, esta valla de WPC est\u00e1 hecha para durar. Sus propiedades impermeables la convierten en una opci\u00f3n ideal para todo tipo de condiciones clim\u00e1ticas, garantizando su longevidad y un mantenimiento m\u00ednimo. Los pilares de aluminio proporcionan una estabilidad adicional, convirti\u00e9ndola en una soluci\u00f3n de vallado fiable y resistente para cualquier jard\u00edn.<\/p>\n<p>Instalaciones Accesorios<\/p>\n<figure id=\"attachment_17165\" aria-describedby=\"caption-attachment-17165\" style=\"width: 1024px\" class=\"wp-caption alignnone\"><img loading=\"lazy\" decoding=\"async\" class=\"wp-image-17165\" src=\"https:\/\/meterny.com\/wp-content\/uploads\/2024\/05\/Heef5f4fd9e2c4c9a9145a852eb0aedceQ-1.png\" alt=\"Accesorios completos para la instalaci\u00f3n de vallas de WPC\" width=\"1024\" height=\"1054\" srcset=\"https:\/\/meterny.com\/wp-content\/uploads\/2024\/05\/Heef5f4fd9e2c4c9a9145a852eb0aedceQ-1.png 923w, https:\/\/meterny.com\/wp-content\/uploads\/2024\/05\/Heef5f4fd9e2c4c9a9145a852eb0aedceQ-1-291x300.png 291w, https:\/\/meterny.com\/wp-content\/uploads\/2024\/05\/Heef5f4fd9e2c4c9a9145a852eb0aedceQ-1-768x790.png 768w, https:\/\/meterny.com\/wp-content\/uploads\/2024\/05\/Heef5f4fd9e2c4c9a9145a852eb0aedceQ-1-600x618.png 600w\" sizes=\"auto, (max-width: 1024px) 100vw, 1024px\" \/><figcaption id=\"caption-attachment-17165\" class=\"wp-caption-text\">Accesorios de instalaci\u00f3n de vallas de WPC todo en uno para un montaje sin esfuerzo<\/figcaption><\/figure>\n<h3>\u00bfPor qu\u00e9 elegir una valla moderna de WPC para un dise\u00f1o exterior sostenible?<\/h3>\n<p>&nbsp;<\/p>","protected":false},"excerpt":{"rendered":"<h3>Caracter\u00edsticas principales:<\/h3>\n<p>Impermeable y resistente a la intemperie: Ideal para uso al aire libre en todos los climas.<br \/>\nMateriales ecol\u00f3gicos: Sostenible y respetuoso con el medio ambiente.<br \/>\nLongitud personalizable: Hecho a medida para adaptarse a las dimensiones espec\u00edficas de su jard\u00edn.<br \/>\nBajo mantenimiento: F\u00e1cil de limpiar y mantener, a diferencia de la madera tradicional.<br \/>\nOpciones de doble superficie: Elija entre elegantes vetas de madera o listones cl\u00e1sicos para un aspecto personalizado.<br \/>\nEstabilidad mejorada: Reforzado con pilares de aluminio duraderos para mayor resistencia y seguridad.<\/p>\n<h3>Aplicaciones:<\/h3>\n<p>Perfecta para delimitar jardines, proteger la intimidad y como valla decorativa.<\/p>","protected":false},"featured_media":17159,"comment_status":"open","ping_status":"closed","template":"","meta":{"_uag_custom_page_level_css":"","site-sidebar-layout":"default","site-content-layout":"","ast-site-content-layout":"default","site-content-style":"default","site-sidebar-style":"default","ast-global-header-display":"","ast-banner-title-visibility":"","ast-main-header-display":"","ast-hfb-above-header-display":"","ast-hfb-below-header-display":"","ast-hfb-mobile-header-display":"","site-post-title":"","ast-breadcrumbs-content":"","ast-featured-img":"","footer-sml-layout":"","theme-transparent-header-meta":"default","adv-header-id-meta":"","stick-header-meta":"default","header-above-stick-meta":"","header-main-stick-meta":"","header-below-stick-meta":"","astra-migrate-meta-layouts":"set","ast-page-background-enabled":"default","ast-page-background-meta":{"desktop":{"background-color":"var(--ast-global-color-4)","background-image":"","background-repeat":"repeat","background-position":"center center","background-size":"auto","background-attachment":"scroll","background-type":"","background-media":"","overlay-type":"","overlay-color":"","overlay-opacity":"","overlay-gradient":""},"tablet":{"background-color":"","background-image":"","background-repeat":"repeat","background-position":"center center","background-size":"auto","background-attachment":"scroll","background-type":"","background-media":"","overlay-type":"","overlay-color":"","overlay-opacity":"","overlay-gradient":""},"mobile":{"background-color":"","background-image":"","background-repeat":"repeat","background-position":"center center","background-size":"auto","background-attachment":"scroll","background-type":"","background-media":"","overlay-type":"","overlay-color":"","overlay-opacity":"","overlay-gradient":""}},"ast-content-background-meta":{"desktop":{"background-color":"var(--ast-global-color-5)","background-image":"","background-repeat":"repeat","background-position":"center center","background-size":"auto","background-attachment":"scroll","background-type":"","background-media":"","overlay-type":"","overlay-color":"","overlay-opacity":"","overlay-gradient":""},"tablet":{"background-color":"var(--ast-global-color-5)","background-image":"","background-repeat":"repeat","background-position":"center center","background-size":"auto","background-attachment":"scroll","background-type":"","background-media":"","overlay-type":"","overlay-color":"","overlay-opacity":"","overlay-gradient":""},"mobile":{"background-color":"var(--ast-global-color-5)","background-image":"","background-repeat":"repeat","background-position":"center center","background-size":"auto","background-attachment":"scroll","background-type":"","background-media":"","overlay-type":"","overlay-color":"","overlay-opacity":"","overlay-gradient":""}}},"product_brand":[],"product_cat":[18],"product_tag":[186,187,188,185],"class_list":{"0":"post-16569","1":"product","2":"type-product","3":"status-publish","4":"has-post-thumbnail","6":"product_cat-uncategorized","7":"product_tag-aluminum-fence","8":"product_tag-exterior-fence","9":"product_tag-garden-fence","10":"product_tag-wpc-fence","11":"desktop-align-center","12":"tablet-align-left","13":"mobile-align-left","14":"ast-product-gallery-layout-horizontal-slider","15":"ast-product-tabs-layout-vertical","17":"first","18":"instock","19":"shipping-taxable","20":"product-type-simple"},"uagb_featured_image_src":{"full":["https:\/\/meterny.com\/wp-content\/uploads\/2024\/05\/H52ab0232fea245aca8ea52d8bd63596cA.png",1284,1339,false],"thumbnail":["https:\/\/meterny.com\/wp-content\/uploads\/2024\/05\/H52ab0232fea245aca8ea52d8bd63596cA-150x150.png",150,150,true],"medium":["https:\/\/meterny.com\/wp-content\/uploads\/2024\/05\/H52ab0232fea245aca8ea52d8bd63596cA-288x300.png",288,300,true],"medium_large":["https:\/\/meterny.com\/wp-content\/uploads\/2024\/05\/H52ab0232fea245aca8ea52d8bd63596cA-768x801.png",768,801,true],"large":["https:\/\/meterny.com\/wp-content\/uploads\/2024\/05\/H52ab0232fea245aca8ea52d8bd63596cA-982x1024.png",982,1024,true],"1536x1536":["https:\/\/meterny.com\/wp-content\/uploads\/2024\/05\/H52ab0232fea245aca8ea52d8bd63596cA.png",1284,1339,false],"2048x2048":["https:\/\/meterny.com\/wp-content\/uploads\/2024\/05\/H52ab0232fea245aca8ea52d8bd63596cA.png",1284,1339,false],"trp-custom-language-flag":["https:\/\/meterny.com\/wp-content\/uploads\/2024\/05\/H52ab0232fea245aca8ea52d8bd63596cA.png",12,12,false],"woocommerce_thumbnail":["https:\/\/meterny.com\/wp-content\/uploads\/2024\/05\/H52ab0232fea245aca8ea52d8bd63596cA-300x300.png",300,300,true],"woocommerce_single":["https:\/\/meterny.com\/wp-content\/uploads\/2024\/05\/H52ab0232fea245aca8ea52d8bd63596cA-600x626.png",600,626,true],"woocommerce_gallery_thumbnail":["https:\/\/meterny.com\/wp-content\/uploads\/2024\/05\/H52ab0232fea245aca8ea52d8bd63596cA-100x100.png",100,100,true]},"uagb_author_info":{"display_name":"meterny","author_link":"https:\/\/meterny.com\/es\/author\/"},"uagb_comment_info":0,"uagb_excerpt":"Key Features: Waterproof and Weather-Resistant: Ideal for outdoor use in all climates. Eco-Friendly Materials: Sustainable and environmentally conscious. Customizable Length: Tailored to fit your garden's specific dimensions. Low Maintenance: Easy to clean and maintain, unlike traditional wood. Dual Surface Options: Choose between elegant wood grains or classic strips for a personalized look. Enhanced Stability: Reinforced&hellip;","_links":{"self":[{"href":"https:\/\/meterny.com\/es\/wp-json\/wp\/v2\/product\/16569","targetHints":{"allow":["GET"]}}],"collection":[{"href":"https:\/\/meterny.com\/es\/wp-json\/wp\/v2\/product"}],"about":[{"href":"https:\/\/meterny.com\/es\/wp-json\/wp\/v2\/types\/product"}],"replies":[{"embeddable":true,"href":"https:\/\/meterny.com\/es\/wp-json\/wp\/v2\/comments?post=16569"}],"wp:featuredmedia":[{"embeddable":true,"href":"https:\/\/meterny.com\/es\/wp-json\/wp\/v2\/media\/17159"}],"wp:attachment":[{"href":"https:\/\/meterny.com\/es\/wp-json\/wp\/v2\/media?parent=16569"}],"wp:term":[{"taxonomy":"product_brand","embeddable":true,"href":"https:\/\/meterny.com\/es\/wp-json\/wp\/v2\/product_brand?post=16569"},{"taxonomy":"product_cat","embeddable":true,"href":"https:\/\/meterny.com\/es\/wp-json\/wp\/v2\/product_cat?post=16569"},{"taxonomy":"product_tag","embeddable":true,"href":"https:\/\/meterny.com\/es\/wp-json\/wp\/v2\/product_tag?post=16569"}],"curies":[{"name":"wp","href":"https:\/\/api.w.org\/{rel}","templated":true}]}}