{"id":16932,"date":"2024-09-07T13:38:55","date_gmt":"2024-09-07T13:38:55","guid":{"rendered":"https:\/\/meterny.com\/?post_type=product&#038;p=16932"},"modified":"2025-01-18T13:06:24","modified_gmt":"2025-01-18T13:06:24","slug":"motorized-ceiling-pergola","status":"publish","type":"product","link":"https:\/\/meterny.com\/es\/producto\/motorized-ceiling-pergola\/","title":{"rendered":"P\u00e9rgola Bioclim\u00e1tica Techo Motorizado P\u00e9rgola de Aluminio Gazebo de Aluminio Exterior"},"content":{"rendered":"<h1 style=\"text-align: center;\">P\u00e9rgola Bioclim\u00e1tica Techo Motorizado P\u00e9rgola de Aluminio Gazebo de Aluminio Exterior<\/h1>\n<p><strong>Tipo<\/strong>: P\u00e9rgola de Aluminio con Techo Motorizado y Sistema AquaGuard Meterny<\/p>\n<p><strong>Talla<\/strong>: personalizado<\/p>\n<p><strong>Superficie<\/strong>Revestimiento\/pintura a medida<\/p>\n<p><strong>Color<\/strong>: personalizado<\/p>\n<p><strong>Longitud<\/strong>: Personalizado<\/p>\n<p><strong>Material<\/strong>: Aleaci\u00f3n de aluminio de alta gama<\/p>\n<p><strong>Tecnolog\u00eda del producto<\/strong>: Meterny Sistema antifugas AquaGuard<\/p>\n<figure id=\"attachment_17064\" aria-describedby=\"caption-attachment-17064\" style=\"width: 1024px\" class=\"wp-caption alignnone\"><img loading=\"lazy\" decoding=\"async\" class=\"wp-image-17064\" src=\"https:\/\/meterny.com\/wp-content\/uploads\/2024\/09\/54-1zhu.jpg\" alt=\"P\u00e9rgola de techo motorizada\" width=\"1024\" height=\"1024\" srcset=\"https:\/\/meterny.com\/wp-content\/uploads\/2024\/09\/54-1zhu.jpg 800w, https:\/\/meterny.com\/wp-content\/uploads\/2024\/09\/54-1zhu-300x300.jpg 300w, https:\/\/meterny.com\/wp-content\/uploads\/2024\/09\/54-1zhu-150x150.jpg 150w, https:\/\/meterny.com\/wp-content\/uploads\/2024\/09\/54-1zhu-768x768.jpg 768w, https:\/\/meterny.com\/wp-content\/uploads\/2024\/09\/54-1zhu-600x600.jpg 600w, https:\/\/meterny.com\/wp-content\/uploads\/2024\/09\/54-1zhu-100x100.jpg 100w\" sizes=\"auto, (max-width: 1024px) 100vw, 1024px\" \/><figcaption id=\"caption-attachment-17064\" class=\"wp-caption-text\">P\u00e9rgola de Aluminio Blanca: Su espacio ideal bajo el sol<\/figcaption><\/figure>\n<h3>Nombre del producto<\/h3>\n<p id=\"\">P\u00e9rgola de techo motorizada<\/p>\n<h3>Productos<\/h3>\n<p id=\"\">La P\u00e9rgola de Techo Motorizada es una innovadora soluci\u00f3n de sombreado exterior que combina belleza y funcionalidad. Con su sistema el\u00e9ctrico, los usuarios pueden controlar f\u00e1cilmente la extensi\u00f3n y retracci\u00f3n del toldo, proporcionando sombra flexible y efectos decorativos para espacios exteriores. Adecuado para patios, jardines, balcones y otros entornos exteriores, este producto a\u00f1ade comodidad y disfrute a su estilo de vida al aire libre.<\/p>\n<h3>Caracter\u00edsticas principales<\/h3>\n<ol>\n<li><strong>Control el\u00e9ctrico<\/strong>: Equipado con un eficaz sistema el\u00e9ctrico, admite control remoto o inteligente para facilitar el manejo y el ajuste personalizado de la apertura y el cierre del toldo.<\/li>\n<li><strong>Materiales de primera calidad<\/strong>: Hecho de marcos de aleaci\u00f3n de aluminio de alta resistencia y tela impermeable de alta calidad, ofrece una fuerte resistencia al viento y alta durabilidad, asegurando un rendimiento de sombreado estable a largo plazo.<\/li>\n<li><strong>Dise\u00f1o elegante<\/strong>: Con un dise\u00f1o aerodin\u00e1mico, es elegante y de buen gusto, combinando perfectamente con varios estilos de decoraci\u00f3n al aire libre para mejorar la est\u00e9tica general del espacio.<\/li>\n<li><strong>Sensores inteligentes<\/strong>\u00a0(Opcional): Equipado con sensores inteligentes que ajustan autom\u00e1ticamente el estado de la cubierta en funci\u00f3n de factores ambientales como la intensidad de la luz y la velocidad del viento para una gesti\u00f3n inteligente.<\/li>\n<li><strong>F\u00e1cil instalaci\u00f3n y mantenimiento<\/strong>: Dise\u00f1o modular para una instalaci\u00f3n r\u00e1pida y sencilla; el tejido es f\u00e1cil de limpiar y los costes de mantenimiento son bajos.<\/li>\n<\/ol>\n<h3>Especificaciones t\u00e9cnicas de la p\u00e9rgola de techo motorizada<\/h3>\n<table class=\"OxEWNITQ\">\n<thead>\n<tr>\n<th>Especificaci\u00f3n<\/th>\n<th>Descripci\u00f3n detallada<\/th>\n<\/tr>\n<\/thead>\n<tbody>\n<tr>\n<td>Material del marco<\/td>\n<td>Aleaci\u00f3n de aluminio de alta resistencia<\/td>\n<\/tr>\n<tr>\n<td>Tejido Material<\/td>\n<td>Tejido impermeable de alta calidad<\/td>\n<\/tr>\n<tr>\n<td>M\u00e9todo de control<\/td>\n<td>Control remoto\/inteligente<\/td>\n<\/tr>\n<tr>\n<td>Tama\u00f1o ampliado<\/td>\n<td>Tama\u00f1os personalizables en funci\u00f3n de las necesidades del cliente<\/td>\n<\/tr>\n<tr>\n<td>Tama\u00f1o del paquete<\/td>\n<td>Embalaje personalizado en funci\u00f3n del tama\u00f1o real<\/td>\n<\/tr>\n<tr>\n<td>Peso bruto<\/td>\n<td>Determinado por el tama\u00f1o y la configuraci\u00f3n reales<\/td>\n<\/tr>\n<tr>\n<td>Requisitos de potencia<\/td>\n<td>AC 220V (ajustable en funci\u00f3n de las necesidades del cliente)<\/td>\n<\/tr>\n<tr>\n<td>Consumo de energ\u00eda<\/td>\n<td>Dise\u00f1o de bajo consumo para una mayor eficiencia energ\u00e9tica<\/td>\n<\/tr>\n<tr>\n<td>Grado de impermeabilidad<\/td>\n<td>IPX4 (a prueba de salpicaduras)<\/td>\n<\/tr>\n<tr>\n<td>Vida \u00fatil<\/td>\n<td>A\u00f1os de uso, dependiendo del entorno de uso y del mantenimiento<\/td>\n<\/tr>\n<\/tbody>\n<\/table>\n<h3>Escenarios de aplicaci\u00f3n<\/h3>\n<ul>\n<li><strong>Patios<\/strong>: Proporciona sombra y efectos decorativos para patios, creando un confortable espacio de ocio al aire libre.<\/li>\n<li><strong>Jardines<\/strong>: A\u00f1ade sombra y mejora la est\u00e9tica paisaj\u00edstica de los jardines.<\/li>\n<li><strong>Balcones<\/strong>: Adecuado para varios entornos de balcones, proporcionando soluciones de sombreado flexibles.<\/li>\n<li><strong>Otros espacios exteriores<\/strong>: Como patios de cafeter\u00edas, restaurantes al aire libre de hoteles, etc., que mejoran la calidad del lugar y la experiencia del usuario.<\/li>\n<\/ul>\n<h3>Instalaci\u00f3n y mantenimiento<\/h3>\n<ul>\n<li><strong>Instalaci\u00f3n<\/strong>: Siga la gu\u00eda de instalaci\u00f3n del manual del producto para asegurarse de que todos los componentes est\u00e1n correctamente conectados y fijados. Para servicios de instalaci\u00f3n profesionales, p\u00f3ngase en contacto con nuestro equipo de atenci\u00f3n al cliente.<\/li>\n<li><strong>Mantenimiento<\/strong>: Limpie regularmente la tela y el armaz\u00f3n para mantener el producto ordenado; compruebe que el sistema el\u00e9ctrico funciona correctamente y p\u00f3ngase en contacto con el servicio posventa r\u00e1pidamente si detecta alguna anomal\u00eda.<\/li>\n<\/ul>\n<h3>Servicios de personalizaci\u00f3n<\/h3>\n<p id=\"\">Ofrecemos servicios integrales de personalizaci\u00f3n, como el tama\u00f1o, el color, el material del tejido y mucho m\u00e1s. P\u00f3ngase en contacto con nuestro equipo de atenci\u00f3n al cliente en funci\u00f3n de sus necesidades espec\u00edficas y le ofreceremos un plan de personalizaci\u00f3n profesional.<\/p>\n<h3>Servicio posventa<\/h3>\n<p id=\"\">Nos comprometemos a ofrecer un excelente servicio posventa, que incluye asesoramiento sobre el producto, orientaci\u00f3n para la instalaci\u00f3n, mantenimiento y asistencia para reparaciones. Para cualquier pregunta o necesidad, no dude en ponerse en contacto con nuestro equipo de atenci\u00f3n al cliente, y estaremos encantados de ayudarle.<\/p>\n<h3>Si desea conocer m\u00e1s detalles, haga clic en este enlace de youtube:<a href=\"https:\/\/youtu.be\/QQ1L_SL1a1Q\" target=\"_blank\" rel=\"noopener\">https:\/\/youtu.be\/QQ1L_SL1a1Q<\/a><\/h3>\n<figure id=\"attachment_16950\" aria-describedby=\"caption-attachment-16950\" style=\"width: 1024px\" class=\"wp-caption alignnone\"><img loading=\"lazy\" decoding=\"async\" class=\"wp-image-16950\" src=\"https:\/\/meterny.com\/wp-content\/uploads\/2024\/09\/About-Meterny@3x.png\" alt=\"P\u00e9rgola de aluminio de Meterny Comparaci\u00f3n con otras p\u00e9rgolas\" width=\"1024\" height=\"1447\" srcset=\"https:\/\/meterny.com\/wp-content\/uploads\/2024\/09\/About-Meterny@3x.png 1787w, https:\/\/meterny.com\/wp-content\/uploads\/2024\/09\/About-Meterny@3x-212x300.png 212w, https:\/\/meterny.com\/wp-content\/uploads\/2024\/09\/About-Meterny@3x-724x1024.png 724w, https:\/\/meterny.com\/wp-content\/uploads\/2024\/09\/About-Meterny@3x-768x1086.png 768w, https:\/\/meterny.com\/wp-content\/uploads\/2024\/09\/About-Meterny@3x-1087x1536.png 1087w, https:\/\/meterny.com\/wp-content\/uploads\/2024\/09\/About-Meterny@3x-1449x2048.png 1449w, https:\/\/meterny.com\/wp-content\/uploads\/2024\/09\/About-Meterny@3x-600x848.png 600w\" sizes=\"auto, (max-width: 1024px) 100vw, 1024px\" \/><figcaption id=\"caption-attachment-16950\" class=\"wp-caption-text\">P\u00e9rgolas Meterny frente a p\u00e9rgolas tradicionales: caracter\u00edsticas superiores<\/figcaption><\/figure>\n<p>La p\u00e9rgola de techo motorizada aporta una combinaci\u00f3n de comodidad, funcionalidad y estilo a los espacios exteriores. Ofrece la posibilidad de controlar la extensi\u00f3n y retracci\u00f3n del toldo con facilidad, proporcionando opciones de sombreado flexibles adaptadas a las necesidades individuales. Adem\u00e1s, su dise\u00f1o elegante y moderno realza el atractivo est\u00e9tico de las zonas exteriores, como patios, jardines y balcones. En conjunto, la p\u00e9rgola de techo motorizada a\u00f1ade comodidad, funcionalidad y un toque de elegancia a cualquier espacio exterior.<\/p>\n<figure id=\"attachment_20288\" aria-describedby=\"caption-attachment-20288\" style=\"width: 1024px\" class=\"wp-caption alignnone\"><img loading=\"lazy\" decoding=\"async\" class=\"wp-image-20288\" src=\"https:\/\/meterny.com\/wp-content\/uploads\/2024\/10\/WPC-Colour-Card@3x.png\" alt=\"Dise\u00f1o de prevenci\u00f3n de fugas de agua de la p\u00e9rgola de aluminio de Meterny\" width=\"1024\" height=\"1024\" srcset=\"https:\/\/meterny.com\/wp-content\/uploads\/2024\/10\/WPC-Colour-Card@3x.png 800w, https:\/\/meterny.com\/wp-content\/uploads\/2024\/10\/WPC-Colour-Card@3x-300x300.png 300w, https:\/\/meterny.com\/wp-content\/uploads\/2024\/10\/WPC-Colour-Card@3x-150x150.png 150w, https:\/\/meterny.com\/wp-content\/uploads\/2024\/10\/WPC-Colour-Card@3x-768x768.png 768w, https:\/\/meterny.com\/wp-content\/uploads\/2024\/10\/WPC-Colour-Card@3x-600x600.png 600w, https:\/\/meterny.com\/wp-content\/uploads\/2024\/10\/WPC-Colour-Card@3x-100x100.png 100w\" sizes=\"auto, (max-width: 1024px) 100vw, 1024px\" \/><figcaption id=\"caption-attachment-20288\" class=\"wp-caption-text\">Innovador dise\u00f1o de prevenci\u00f3n de fugas de agua de Meterny<\/figcaption><\/figure>\n<figure id=\"attachment_16951\" aria-describedby=\"caption-attachment-16951\" style=\"width: 1024px\" class=\"wp-caption alignnone\"><img loading=\"lazy\" decoding=\"async\" class=\"wp-image-16951\" src=\"https:\/\/meterny.com\/wp-content\/uploads\/2024\/09\/\u753b\u677f-16@3x.png\" alt=\"P\u00e9rgola de Aluminio Meterny dise\u00f1o exclusivo patentado\" width=\"1024\" height=\"1448\" srcset=\"https:\/\/meterny.com\/wp-content\/uploads\/2024\/09\/\u753b\u677f-16@3x.png 1787w, https:\/\/meterny.com\/wp-content\/uploads\/2024\/09\/\u753b\u677f-16@3x-212x300.png 212w, https:\/\/meterny.com\/wp-content\/uploads\/2024\/09\/\u753b\u677f-16@3x-724x1024.png 724w, https:\/\/meterny.com\/wp-content\/uploads\/2024\/09\/\u753b\u677f-16@3x-768x1086.png 768w, https:\/\/meterny.com\/wp-content\/uploads\/2024\/09\/\u753b\u677f-16@3x-1086x1536.png 1086w, https:\/\/meterny.com\/wp-content\/uploads\/2024\/09\/\u753b\u677f-16@3x-1448x2048.png 1448w, https:\/\/meterny.com\/wp-content\/uploads\/2024\/09\/\u753b\u677f-16@3x-600x848.png 600w\" sizes=\"auto, (max-width: 1024px) 100vw, 1024px\" \/><figcaption id=\"caption-attachment-16951\" class=\"wp-caption-text\">Dise\u00f1o patentado de Meterny: Una p\u00e9rgola sin igual<\/figcaption><\/figure>\n<h3><strong>\u00bfPor qu\u00e9 elegir la p\u00e9rgola de techo motorizada?<\/strong><\/h3>\n<ol>\n<li><strong>Control sin esfuerzo<\/strong>: El sistema motorizado le permite ajustar f\u00e1cilmente el techo para obtener una luz, sombra y ventilaci\u00f3n \u00f3ptimas con s\u00f3lo pulsar un bot\u00f3n a distancia.<\/li>\n<li><strong>Protecci\u00f3n para todo tipo de clima<\/strong>: Dise\u00f1ado para soportar diversas condiciones clim\u00e1ticas, proporcionando comodidad y funcionalidad durante todo el a\u00f1o para sus espacios al aire libre.<\/li>\n<li><strong>Construcci\u00f3n duradera<\/strong>: Construido a partir de materiales de alta calidad como el aluminio, lo que garantiza la longevidad, resistencia a la oxidaci\u00f3n, y un mantenimiento m\u00ednimo.<\/li>\n<li><strong>Est\u00e9tica moderna<\/strong>: A\u00f1ade un aspecto elegante y contempor\u00e1neo a cualquier zona exterior, combinando estilo y funcionalidad pr\u00e1ctica.<\/li>\n<li><strong>Dise\u00f1o personalizable<\/strong>: Disponible en varios tama\u00f1os, acabados y colores para adaptarse a su estilo personal o arquitect\u00f3nico.<\/li>\n<li><strong>Mayor confort<\/strong>: Ofrece flexibilidad tanto para d\u00edas soleados como nublados, haciendo que su espacio exterior sea confortable haga el tiempo que haga.<\/li>\n<li><strong>Aplicaciones vers\u00e1tiles<\/strong>: Ideal para patios, jardines, terrazas, zonas junto a piscinas y mucho m\u00e1s, lo que la convierte en una gran elecci\u00f3n para uso residencial o comercial.<\/li>\n<li><strong>Ecol\u00f3gico<\/strong>: Utiliza materiales sostenibles y reciclables, apoyando un dise\u00f1o de exteriores respetuoso con el medio ambiente.<\/li>\n<li><strong>Aumento del valor de la propiedad<\/strong>: Mejora el atractivo y el valor de su casa o negocio proporcionando un espacio exterior atractivo y funcional.<\/li>\n<li><strong>Instalaci\u00f3n sencilla<\/strong>: Dise\u00f1ado para una instalaci\u00f3n r\u00e1pida y sencilla, tanto si se trata de un proyecto de bricolaje como de una instalaci\u00f3n profesional.<\/li>\n<\/ol>","protected":false},"excerpt":{"rendered":"<p>Disfrute del control total de su espacio exterior con la p\u00e9rgola de techo motorizada, que ofrece sombra, ventilaci\u00f3n y protecci\u00f3n con s\u00f3lo pulsar un bot\u00f3n.<\/p>","protected":false},"featured_media":17064,"comment_status":"open","ping_status":"closed","template":"","meta":{"_uag_custom_page_level_css":"","site-sidebar-layout":"default","site-content-layout":"","ast-site-content-layout":"default","site-content-style":"default","site-sidebar-style":"default","ast-global-header-display":"","ast-banner-title-visibility":"","ast-main-header-display":"","ast-hfb-above-header-display":"","ast-hfb-below-header-display":"","ast-hfb-mobile-header-display":"","site-post-title":"","ast-breadcrumbs-content":"","ast-featured-img":"","footer-sml-layout":"","theme-transparent-header-meta":"default","adv-header-id-meta":"","stick-header-meta":"default","header-above-stick-meta":"","header-main-stick-meta":"","header-below-stick-meta":"","astra-migrate-meta-layouts":"set","ast-page-background-enabled":"default","ast-page-background-meta":{"desktop":{"background-color":"var(--ast-global-color-4)","background-image":"","background-repeat":"repeat","background-position":"center center","background-size":"auto","background-attachment":"scroll","background-type":"","background-media":"","overlay-type":"","overlay-color":"","overlay-opacity":"","overlay-gradient":""},"tablet":{"background-color":"","background-image":"","background-repeat":"repeat","background-position":"center center","background-size":"auto","background-attachment":"scroll","background-type":"","background-media":"","overlay-type":"","overlay-color":"","overlay-opacity":"","overlay-gradient":""},"mobile":{"background-color":"","background-image":"","background-repeat":"repeat","background-position":"center center","background-size":"auto","background-attachment":"scroll","background-type":"","background-media":"","overlay-type":"","overlay-color":"","overlay-opacity":"","overlay-gradient":""}},"ast-content-background-meta":{"desktop":{"background-color":"var(--ast-global-color-5)","background-image":"","background-repeat":"repeat","background-position":"center center","background-size":"auto","background-attachment":"scroll","background-type":"","background-media":"","overlay-type":"","overlay-color":"","overlay-opacity":"","overlay-gradient":""},"tablet":{"background-color":"var(--ast-global-color-5)","background-image":"","background-repeat":"repeat","background-position":"center center","background-size":"auto","background-attachment":"scroll","background-type":"","background-media":"","overlay-type":"","overlay-color":"","overlay-opacity":"","overlay-gradient":""},"mobile":{"background-color":"var(--ast-global-color-5)","background-image":"","background-repeat":"repeat","background-position":"center center","background-size":"auto","background-attachment":"scroll","background-type":"","background-media":"","overlay-type":"","overlay-color":"","overlay-opacity":"","overlay-gradient":""}}},"product_brand":[],"product_cat":[18],"product_tag":[212,214,213,215,208],"class_list":{"0":"post-16932","1":"product","2":"type-product","3":"status-publish","4":"has-post-thumbnail","6":"product_cat-uncategorized","7":"product_tag-aluminum-pergola","8":"product_tag-ceiling-pergola","9":"product_tag-motorized-ceiling-pergola","10":"product_tag-motorized-pergola","11":"product_tag-pergola","12":"desktop-align-center","13":"tablet-align-left","14":"mobile-align-left","15":"ast-product-gallery-layout-horizontal-slider","16":"ast-product-single-variable","17":"ast-product-tabs-layout-vertical","19":"first","20":"instock","21":"shipping-taxable","22":"product-type-variable"},"uagb_featured_image_src":{"full":["https:\/\/meterny.com\/wp-content\/uploads\/2024\/09\/54-1zhu.jpg",800,800,false],"thumbnail":["https:\/\/meterny.com\/wp-content\/uploads\/2024\/09\/54-1zhu-150x150.jpg",150,150,true],"medium":["https:\/\/meterny.com\/wp-content\/uploads\/2024\/09\/54-1zhu-300x300.jpg",300,300,true],"medium_large":["https:\/\/meterny.com\/wp-content\/uploads\/2024\/09\/54-1zhu-768x768.jpg",768,768,true],"large":["https:\/\/meterny.com\/wp-content\/uploads\/2024\/09\/54-1zhu.jpg",800,800,false],"1536x1536":["https:\/\/meterny.com\/wp-content\/uploads\/2024\/09\/54-1zhu.jpg",800,800,false],"2048x2048":["https:\/\/meterny.com\/wp-content\/uploads\/2024\/09\/54-1zhu.jpg",800,800,false],"trp-custom-language-flag":["https:\/\/meterny.com\/wp-content\/uploads\/2024\/09\/54-1zhu.jpg",12,12,false],"woocommerce_thumbnail":["https:\/\/meterny.com\/wp-content\/uploads\/2024\/09\/54-1zhu-300x300.jpg",300,300,true],"woocommerce_single":["https:\/\/meterny.com\/wp-content\/uploads\/2024\/09\/54-1zhu-600x600.jpg",600,600,true],"woocommerce_gallery_thumbnail":["https:\/\/meterny.com\/wp-content\/uploads\/2024\/09\/54-1zhu-100x100.jpg",100,100,true]},"uagb_author_info":{"display_name":"meterny","author_link":"https:\/\/meterny.com\/es\/author\/"},"uagb_comment_info":0,"uagb_excerpt":"Enjoy full control of your outdoor space with the Motorized Ceiling Pergola, offering shade, ventilation, and protection at the touch of a button.","_links":{"self":[{"href":"https:\/\/meterny.com\/es\/wp-json\/wp\/v2\/product\/16932","targetHints":{"allow":["GET"]}}],"collection":[{"href":"https:\/\/meterny.com\/es\/wp-json\/wp\/v2\/product"}],"about":[{"href":"https:\/\/meterny.com\/es\/wp-json\/wp\/v2\/types\/product"}],"replies":[{"embeddable":true,"href":"https:\/\/meterny.com\/es\/wp-json\/wp\/v2\/comments?post=16932"}],"wp:featuredmedia":[{"embeddable":true,"href":"https:\/\/meterny.com\/es\/wp-json\/wp\/v2\/media\/17064"}],"wp:attachment":[{"href":"https:\/\/meterny.com\/es\/wp-json\/wp\/v2\/media?parent=16932"}],"wp:term":[{"taxonomy":"product_brand","embeddable":true,"href":"https:\/\/meterny.com\/es\/wp-json\/wp\/v2\/product_brand?post=16932"},{"taxonomy":"product_cat","embeddable":true,"href":"https:\/\/meterny.com\/es\/wp-json\/wp\/v2\/product_cat?post=16932"},{"taxonomy":"product_tag","embeddable":true,"href":"https:\/\/meterny.com\/es\/wp-json\/wp\/v2\/product_tag?post=16932"}],"curies":[{"name":"wp","href":"https:\/\/api.w.org\/{rel}","templated":true}]}}