{"id":16936,"date":"2024-09-07T13:55:20","date_gmt":"2024-09-07T13:55:20","guid":{"rendered":"https:\/\/meterny.com\/?post_type=product&#038;p=16936"},"modified":"2025-05-24T02:04:43","modified_gmt":"2025-05-24T02:04:43","slug":"aluminum-metal-waterproof-pavilion","status":"publish","type":"product","link":"https:\/\/meterny.com\/es\/producto\/aluminum-metal-waterproof-pavilion\/","title":{"rendered":"Pabell\u00f3n met\u00e1lico de aluminio impermeable Balc\u00f3n al aire libre Gazebo bioclim\u00e1tico de aluminio"},"content":{"rendered":"<h1 style=\"text-align: center;\">Pabell\u00f3n met\u00e1lico de aluminio impermeable Gazebo bioclim\u00e1tico de aluminio para exteriores<\/h1>\n<p><strong>Tipo<\/strong>:Aluminio Metal Pabell\u00f3n Impermeable<\/p>\n<p><strong>Talla<\/strong>: personalizado<\/p>\n<p><strong>Superficie<\/strong>Revestimiento\/pintura a medida<\/p>\n<p><strong>Color<\/strong>: personalizado<\/p>\n<p><strong>Longitud<\/strong>: Personalizado<\/p>\n<p><strong>Material<\/strong>: Aleaci\u00f3n de aluminio de alta gama<\/p>\n<p><strong>Tecnolog\u00eda del producto<\/strong>: Meterny Sistema antifugas AquaGuard<\/p>\n<figure id=\"attachment_17641\" aria-describedby=\"caption-attachment-17641\" style=\"width: 1024px\" class=\"wp-caption alignnone\"><img loading=\"lazy\" decoding=\"async\" class=\"wp-image-17641\" src=\"https:\/\/meterny.com\/wp-content\/uploads\/2024\/09\/20-3\u4e3b.jpg\" alt=\"Pabell\u00f3n impermeable met\u00e1lico de aluminio negro\" width=\"1024\" height=\"1024\" srcset=\"https:\/\/meterny.com\/wp-content\/uploads\/2024\/09\/20-3\u4e3b.jpg 800w, https:\/\/meterny.com\/wp-content\/uploads\/2024\/09\/20-3\u4e3b-300x300.jpg 300w, https:\/\/meterny.com\/wp-content\/uploads\/2024\/09\/20-3\u4e3b-150x150.jpg 150w, https:\/\/meterny.com\/wp-content\/uploads\/2024\/09\/20-3\u4e3b-768x768.jpg 768w, https:\/\/meterny.com\/wp-content\/uploads\/2024\/09\/20-3\u4e3b-600x600.jpg 600w, https:\/\/meterny.com\/wp-content\/uploads\/2024\/09\/20-3\u4e3b-100x100.jpg 100w\" sizes=\"auto, (max-width: 1024px) 100vw, 1024px\" \/><figcaption id=\"caption-attachment-17641\" class=\"wp-caption-text\">P\u00e9rgola de Aluminio Blanca: Eleve su vida al aire libre<\/figcaption><\/figure>\n<p id=\"\"><strong>\u3010Nombre del producto\u3011<\/strong><br \/>\nPabell\u00f3n impermeable met\u00e1lico de aluminio negro<\/p>\n<p id=\"\"><strong>\u3010Im\u00e1genes del producto\u3011<\/strong><br \/>\n(Inserte aqu\u00ed varias im\u00e1genes de alta resoluci\u00f3n del producto, incluyendo su aspecto general, primeros planos detallados y escenarios de aplicaci\u00f3n, para mostrar el producto de forma exhaustiva).<\/p>\n<hr \/>\n<p id=\"\"><strong>\u3010Descripci\u00f3n general del producto\u3011<\/strong><\/p>\n<p id=\"\">El pabell\u00f3n impermeable met\u00e1lico de aluminio negro, fabricado con material de aleaci\u00f3n de aluminio de alta calidad y combinado con una avanzada tecnolog\u00eda de tratamiento impermeable, ofrece una soluci\u00f3n bonita y pr\u00e1ctica para dar sombra y proteger de la lluvia en su espacio exterior. Su elegante aspecto negro combina a la perfecci\u00f3n con cualquier entorno, convirti\u00e9ndose en una atracci\u00f3n impresionante ya sea en un jard\u00edn familiar, una zona esc\u00e9nica de parque, una plaza comercial o un lugar de bodas al aire libre.<\/p>\n<hr \/>\n<p id=\"\"><strong>\u3010Caracter\u00edsticas del producto\u3011<\/strong><\/p>\n<ol>\n<li><strong>Impermeable y duradero<\/strong>: Utiliza materiales impermeables de primera calidad para garantizar que no penetre el agua, sin preocupaciones para un uso a largo plazo.<\/li>\n<li><strong>Robusto y estable<\/strong>: El marco de aleaci\u00f3n de aluminio es ligero pero robusto, con una fuerte resistencia a la presi\u00f3n del viento, manteniendo la estabilidad incluso en condiciones clim\u00e1ticas adversas.<\/li>\n<li><strong>Dise\u00f1o elegante<\/strong>: Un elegante y moderno exterior negro de l\u00edneas suaves realza la est\u00e9tica general del espacio exterior.<\/li>\n<li><strong>F\u00e1cil instalaci\u00f3n<\/strong>: El dise\u00f1o modular permite una instalaci\u00f3n r\u00e1pida y sencilla sin herramientas complejas ni conocimientos especializados.<\/li>\n<li><strong>Aplicaciones vers\u00e1tiles<\/strong>: Adecuado para diversos escenarios al aire libre como patios, patios, playas, campings, proporcionando un espacio de ocio confortable.<\/li>\n<li><strong>Respetuoso con el medio ambiente y eficiente energ\u00e9ticamente<\/strong>: El material de aleaci\u00f3n de aluminio es reciclable, lo que reduce el impacto medioambiental, mientras que el excelente efecto de sombreado contribuye a reducir las temperaturas interiores y a ahorrar energ\u00eda.<\/li>\n<\/ol>\n<hr \/>\n<p id=\"\"><strong>\u3010Especificaciones del producto\u3011<\/strong><\/p>\n<ul>\n<li><strong>Dimensiones<\/strong>:3\u00d73\/3\u00d74\/4\u00d74<\/li>\n<li><strong>Material<\/strong>: Estructura de aleaci\u00f3n de aluminio + tejido\/panel impermeable<\/li>\n<li><strong>Peso<\/strong>: 250-450kg<\/li>\n<li><strong>Color<\/strong>: Negro<\/li>\n<li><strong>Contenido del paquete<\/strong>: Estructura principal, paquete de accesorios, gu\u00eda de instalaci\u00f3n<\/li>\n<\/ul>\n<hr \/>\n<p id=\"\"><strong>\u3010Gu\u00eda de instalaci\u00f3n\u3011<\/strong><\/p>\n<ol>\n<li><strong>Preparar herramientas<\/strong>: Aseg\u00farese de que dispone de las herramientas b\u00e1sicas de instalaci\u00f3n, como destornilladores y llaves inglesas.<\/li>\n<li><strong>Preparar la Fundaci\u00f3n<\/strong>: De acuerdo con las especificaciones del producto, prepare los cimientos o los puntos de fijaci\u00f3n en la ubicaci\u00f3n prevista.<\/li>\n<li><strong>Montar el marco<\/strong>: Siga los pasos de la gu\u00eda de instalaci\u00f3n para montar el armaz\u00f3n de aleaci\u00f3n de aluminio.<\/li>\n<li><strong>Instalar tejido impermeable<\/strong>: Fije la tela o el panel impermeable al marco, asegur\u00e1ndose de que todos los bordes queden bien ajustados.<\/li>\n<li><strong>Inspecci\u00f3n final<\/strong>: Tras la instalaci\u00f3n, compruebe la firmeza de todos los puntos de conexi\u00f3n para garantizar la estanqueidad.<\/li>\n<\/ol>\n<p>&nbsp;<\/p>\n<figure id=\"attachment_20288\" aria-describedby=\"caption-attachment-20288\" style=\"width: 1024px\" class=\"wp-caption alignnone\"><img loading=\"lazy\" decoding=\"async\" class=\"wp-image-20288\" src=\"https:\/\/meterny.com\/wp-content\/uploads\/2024\/10\/WPC-Colour-Card@3x.png\" alt=\"Dise\u00f1o de prevenci\u00f3n de fugas de agua de la p\u00e9rgola de aluminio de Meterny\" width=\"1024\" height=\"1024\" srcset=\"https:\/\/meterny.com\/wp-content\/uploads\/2024\/10\/WPC-Colour-Card@3x.png 800w, https:\/\/meterny.com\/wp-content\/uploads\/2024\/10\/WPC-Colour-Card@3x-300x300.png 300w, https:\/\/meterny.com\/wp-content\/uploads\/2024\/10\/WPC-Colour-Card@3x-150x150.png 150w, https:\/\/meterny.com\/wp-content\/uploads\/2024\/10\/WPC-Colour-Card@3x-768x768.png 768w, https:\/\/meterny.com\/wp-content\/uploads\/2024\/10\/WPC-Colour-Card@3x-600x600.png 600w, https:\/\/meterny.com\/wp-content\/uploads\/2024\/10\/WPC-Colour-Card@3x-100x100.png 100w\" sizes=\"auto, (max-width: 1024px) 100vw, 1024px\" \/><figcaption id=\"caption-attachment-20288\" class=\"wp-caption-text\">Innovador dise\u00f1o de prevenci\u00f3n de fugas de agua de Meterny<\/figcaption><\/figure>\n<p id=\"\">El Pabell\u00f3n Impermeable Met\u00e1lico de Aluminio ofrece un refugio exterior vers\u00e1til, duradero y elegante que protege de la lluvia y el sol. En concreto, ofrece las siguientes ventajas:<\/p>\n<ol>\n<li>\n<p id=\"\"><strong>Protecci\u00f3n impermeable<\/strong>: Construido con materiales impermeables de primera calidad, el pabell\u00f3n garantiza que el agua no penetre, proporcionando un espacio seco y confortable incluso cuando llueve.<\/p>\n<\/li>\n<li>\n<p id=\"\"><strong>Sombra y protecci\u00f3n solar<\/strong>: La estructura met\u00e1lica de aluminio y las telas o paneles impermeables fijados ofrecen un excelente sombreado, ayudando a reducir las temperaturas y protegiendo de los da\u00f1inos rayos UV.<\/p>\n<\/li>\n<li>\n<p id=\"\"><strong>Durabilidad y resistencia<\/strong>: Fabricado en aleaci\u00f3n de aluminio de alta calidad, el pabell\u00f3n es ligero pero robusto, con una gran resistencia al viento y a la intemperie, lo que garantiza que resistir\u00e1 las inclemencias del tiempo.<\/p>\n<\/li>\n<li>\n<p id=\"\"><strong>Dise\u00f1o elegante<\/strong>: El elegante y moderno exterior negro realza la est\u00e9tica de cualquier espacio exterior, convirti\u00e9ndolo en un elegante complemento para jardines, parques, zonas comerciales y otros entornos al aire libre.<\/p>\n<\/li>\n<li>\n<p id=\"\"><strong>Aplicaciones vers\u00e1tiles<\/strong>: Adecuado para una amplia gama de actividades y eventos al aire libre, como reuniones familiares, picnics, barbacoas, bodas, etc., el pabell\u00f3n ofrece una zona espaciosa y funcional para el disfrute de los invitados.<\/p>\n<\/li>\n<li>\n<p id=\"\"><strong>F\u00e1cil instalaci\u00f3n y mantenimiento<\/strong>: Con un dise\u00f1o modular, el pabell\u00f3n es f\u00e1cil de instalar sin herramientas complejas ni conocimientos especializados. Adem\u00e1s, los materiales son f\u00e1ciles de limpiar y mantener, lo que garantiza un rendimiento duradero.<\/p>\n<\/li>\n<li>\n<p id=\"\"><strong>Respetuoso con el medio ambiente y eficiente energ\u00e9ticamente<\/strong>: El uso de material de aleaci\u00f3n de aluminio reciclable reduce el impacto medioambiental, mientras que el efecto de sombreado ayuda a bajar las temperaturas interiores, contribuyendo al ahorro energ\u00e9tico.<\/p>\n<\/li>\n<\/ol>\n<p id=\"\">En general, el pabell\u00f3n impermeable met\u00e1lico de aluminio es una opci\u00f3n ideal para cualquiera que desee a\u00f1adir un refugio exterior funcional y elegante a su propiedad.<\/p>\n<h3>Si desea conocer m\u00e1s detalles, haga clic en este enlace de youtube:<a href=\"https:\/\/youtu.be\/RDBg0nXdM1I\" target=\"_blank\" rel=\"noopener\">https:\/\/youtu.be\/RDBg0nXdM1I<\/a><\/h3>\n<figure id=\"attachment_16951\" aria-describedby=\"caption-attachment-16951\" style=\"width: 1024px\" class=\"wp-caption alignnone\"><img loading=\"lazy\" decoding=\"async\" class=\"wp-image-16951\" src=\"https:\/\/meterny.com\/wp-content\/uploads\/2024\/09\/\u753b\u677f-16@3x.png\" alt=\"P\u00e9rgola de Aluminio Meterny dise\u00f1o exclusivo patentado\" width=\"1024\" height=\"1448\" srcset=\"https:\/\/meterny.com\/wp-content\/uploads\/2024\/09\/\u753b\u677f-16@3x.png 1787w, https:\/\/meterny.com\/wp-content\/uploads\/2024\/09\/\u753b\u677f-16@3x-212x300.png 212w, https:\/\/meterny.com\/wp-content\/uploads\/2024\/09\/\u753b\u677f-16@3x-724x1024.png 724w, https:\/\/meterny.com\/wp-content\/uploads\/2024\/09\/\u753b\u677f-16@3x-768x1086.png 768w, https:\/\/meterny.com\/wp-content\/uploads\/2024\/09\/\u753b\u677f-16@3x-1086x1536.png 1086w, https:\/\/meterny.com\/wp-content\/uploads\/2024\/09\/\u753b\u677f-16@3x-1448x2048.png 1448w, https:\/\/meterny.com\/wp-content\/uploads\/2024\/09\/\u753b\u677f-16@3x-600x848.png 600w\" sizes=\"auto, (max-width: 1024px) 100vw, 1024px\" \/><figcaption id=\"caption-attachment-16951\" class=\"wp-caption-text\">Dise\u00f1o patentado de Meterny: Una p\u00e9rgola sin igual<\/figcaption><\/figure>\n<p>&nbsp;<\/p>\n<figure id=\"attachment_16950\" aria-describedby=\"caption-attachment-16950\" style=\"width: 1024px\" class=\"wp-caption alignnone\"><img loading=\"lazy\" decoding=\"async\" class=\"wp-image-16950\" src=\"https:\/\/meterny.com\/wp-content\/uploads\/2024\/09\/About-Meterny@3x.png\" alt=\"P\u00e9rgola de aluminio de Meterny Comparaci\u00f3n con otras p\u00e9rgolas\" width=\"1024\" height=\"1447\" srcset=\"https:\/\/meterny.com\/wp-content\/uploads\/2024\/09\/About-Meterny@3x.png 1787w, https:\/\/meterny.com\/wp-content\/uploads\/2024\/09\/About-Meterny@3x-212x300.png 212w, https:\/\/meterny.com\/wp-content\/uploads\/2024\/09\/About-Meterny@3x-724x1024.png 724w, https:\/\/meterny.com\/wp-content\/uploads\/2024\/09\/About-Meterny@3x-768x1086.png 768w, https:\/\/meterny.com\/wp-content\/uploads\/2024\/09\/About-Meterny@3x-1087x1536.png 1087w, https:\/\/meterny.com\/wp-content\/uploads\/2024\/09\/About-Meterny@3x-1449x2048.png 1449w, https:\/\/meterny.com\/wp-content\/uploads\/2024\/09\/About-Meterny@3x-600x848.png 600w\" sizes=\"auto, (max-width: 1024px) 100vw, 1024px\" \/><figcaption id=\"caption-attachment-16950\" class=\"wp-caption-text\">P\u00e9rgolas Meterny frente a p\u00e9rgolas tradicionales: caracter\u00edsticas superiores<\/figcaption><\/figure>\n<h3>\u00bfPor qu\u00e9 elegir el pabell\u00f3n impermeable met\u00e1lico de aluminio?<\/h3>\n<ol>\n<li>\n<p id=\"\"><strong>Durabilidad y longevidad<\/strong>: El aluminio es un material muy duradero que resiste la corrosi\u00f3n y el \u00f3xido, lo que garantiza que su pabell\u00f3n se mantenga en excelentes condiciones durante muchos a\u00f1os. Su resistencia tambi\u00e9n le permite soportar fuertes vientos y otras condiciones meteorol\u00f3gicas, proporcionando un refugio fiable.<\/p>\n<\/li>\n<li>\n<p id=\"\"><strong>Protecci\u00f3n impermeable<\/strong>: La tela o los paneles impermeables utilizados junto con la estructura de aluminio ofrecen una protecci\u00f3n total contra la lluvia, garantizando que su pabell\u00f3n permanezca seco y c\u00f3modo, haga el tiempo que haga.<\/p>\n<\/li>\n<li>\n<p id=\"\"><strong>Ligero y f\u00e1cil de instalar<\/strong>: El aluminio es mucho m\u00e1s ligero que otros materiales como el acero o la madera, lo que facilita su transporte e instalaci\u00f3n. Esto puede ahorrarle tiempo y costes de mano de obra, adem\u00e1s de permitirle una mayor flexibilidad en cuanto a ubicaci\u00f3n y montaje.<\/p>\n<\/li>\n<li>\n<p id=\"\"><strong>Vers\u00e1til y con estilo<\/strong>: El dise\u00f1o elegante y moderno de los pabellones de aluminio los convierte en un complemento elegante para cualquier espacio exterior. Pueden utilizarse para una gran variedad de fines, desde reuniones familiares y picnics hasta eventos corporativos y aplicaciones comerciales.<\/p>\n<\/li>\n<li>\n<p id=\"\"><strong>Bajo mantenimiento<\/strong>: El aluminio es un material de bajo mantenimiento que requiere una limpieza y conservaci\u00f3n m\u00ednimas. Esto significa que puede disfrutar de su pabell\u00f3n sin tener que preocuparse de las tareas de mantenimiento peri\u00f3dicas.<\/p>\n<\/li>\n<li>\n<p id=\"\"><strong>Ecol\u00f3gico<\/strong>: El aluminio es un material reciclable, por lo que elegir un pabell\u00f3n de aluminio es una opci\u00f3n m\u00e1s respetuosa con el medio ambiente. Tambi\u00e9n contribuye a la eficiencia energ\u00e9tica al proporcionar sombra y reducir la necesidad de aire acondicionado cuando hace calor.<\/p>\n<\/li>\n<li>\n<p id=\"\"><strong>Rentable<\/strong>: Aunque la inversi\u00f3n inicial en un pabell\u00f3n de aluminio puede ser superior a la de otras opciones, su durabilidad, longevidad y escaso mantenimiento hacen que a largo plazo ofrezca una excelente relaci\u00f3n calidad-precio.<\/p>\n<\/li>\n<\/ol>\n<p id=\"\">En resumen, elegir el Pabell\u00f3n Impermeable Met\u00e1lico de Aluminio ofrece una combinaci\u00f3n de durabilidad, estilo, versatilidad y respeto por el medio ambiente, por lo que es una excelente opci\u00f3n para cualquiera que desee a\u00f1adir un refugio exterior de alta calidad a su propiedad.<\/p>\n<p>&nbsp;<\/p>","protected":false},"excerpt":{"rendered":"<p>Cree un refugio exterior elegante y resistente a la intemperie con el pabell\u00f3n impermeable met\u00e1lico de aluminio, que combina un dise\u00f1o elegante con un rendimiento duradero.<\/p>","protected":false},"featured_media":17641,"comment_status":"open","ping_status":"closed","template":"","meta":{"_uag_custom_page_level_css":"","site-sidebar-layout":"default","site-content-layout":"","ast-site-content-layout":"default","site-content-style":"default","site-sidebar-style":"default","ast-global-header-display":"","ast-banner-title-visibility":"","ast-main-header-display":"","ast-hfb-above-header-display":"","ast-hfb-below-header-display":"","ast-hfb-mobile-header-display":"","site-post-title":"","ast-breadcrumbs-content":"","ast-featured-img":"","footer-sml-layout":"","theme-transparent-header-meta":"default","adv-header-id-meta":"","stick-header-meta":"default","header-above-stick-meta":"","header-main-stick-meta":"","header-below-stick-meta":"","astra-migrate-meta-layouts":"set","ast-page-background-enabled":"default","ast-page-background-meta":{"desktop":{"background-color":"var(--ast-global-color-4)","background-image":"","background-repeat":"repeat","background-position":"center center","background-size":"auto","background-attachment":"scroll","background-type":"","background-media":"","overlay-type":"","overlay-color":"","overlay-opacity":"","overlay-gradient":""},"tablet":{"background-color":"","background-image":"","background-repeat":"repeat","background-position":"center center","background-size":"auto","background-attachment":"scroll","background-type":"","background-media":"","overlay-type":"","overlay-color":"","overlay-opacity":"","overlay-gradient":""},"mobile":{"background-color":"","background-image":"","background-repeat":"repeat","background-position":"center center","background-size":"auto","background-attachment":"scroll","background-type":"","background-media":"","overlay-type":"","overlay-color":"","overlay-opacity":"","overlay-gradient":""}},"ast-content-background-meta":{"desktop":{"background-color":"var(--ast-global-color-5)","background-image":"","background-repeat":"repeat","background-position":"center center","background-size":"auto","background-attachment":"scroll","background-type":"","background-media":"","overlay-type":"","overlay-color":"","overlay-opacity":"","overlay-gradient":""},"tablet":{"background-color":"var(--ast-global-color-5)","background-image":"","background-repeat":"repeat","background-position":"center center","background-size":"auto","background-attachment":"scroll","background-type":"","background-media":"","overlay-type":"","overlay-color":"","overlay-opacity":"","overlay-gradient":""},"mobile":{"background-color":"var(--ast-global-color-5)","background-image":"","background-repeat":"repeat","background-position":"center center","background-size":"auto","background-attachment":"scroll","background-type":"","background-media":"","overlay-type":"","overlay-color":"","overlay-opacity":"","overlay-gradient":""}}},"product_brand":[],"product_cat":[18],"product_tag":[219,217,218,216],"class_list":{"0":"post-16936","1":"product","2":"type-product","3":"status-publish","4":"has-post-thumbnail","6":"product_cat-uncategorized","7":"product_tag-aluminum-metal-waterproof-pergola","8":"product_tag-aluminum-pavilion","9":"product_tag-metal-pavilion","10":"product_tag-waterproof-pavilion","11":"desktop-align-center","12":"tablet-align-left","13":"mobile-align-left","14":"ast-product-gallery-layout-horizontal-slider","15":"ast-product-single-variable","16":"ast-product-tabs-layout-vertical","18":"first","19":"instock","20":"shipping-taxable","21":"product-type-variable"},"uagb_featured_image_src":{"full":["https:\/\/meterny.com\/wp-content\/uploads\/2024\/09\/20-3\u4e3b.jpg",800,800,false],"thumbnail":["https:\/\/meterny.com\/wp-content\/uploads\/2024\/09\/20-3\u4e3b-150x150.jpg",150,150,true],"medium":["https:\/\/meterny.com\/wp-content\/uploads\/2024\/09\/20-3\u4e3b-300x300.jpg",300,300,true],"medium_large":["https:\/\/meterny.com\/wp-content\/uploads\/2024\/09\/20-3\u4e3b-768x768.jpg",768,768,true],"large":["https:\/\/meterny.com\/wp-content\/uploads\/2024\/09\/20-3\u4e3b.jpg",800,800,false],"1536x1536":["https:\/\/meterny.com\/wp-content\/uploads\/2024\/09\/20-3\u4e3b.jpg",800,800,false],"2048x2048":["https:\/\/meterny.com\/wp-content\/uploads\/2024\/09\/20-3\u4e3b.jpg",800,800,false],"trp-custom-language-flag":["https:\/\/meterny.com\/wp-content\/uploads\/2024\/09\/20-3\u4e3b.jpg",12,12,false],"woocommerce_thumbnail":["https:\/\/meterny.com\/wp-content\/uploads\/2024\/09\/20-3\u4e3b-300x300.jpg",300,300,true],"woocommerce_single":["https:\/\/meterny.com\/wp-content\/uploads\/2024\/09\/20-3\u4e3b-600x600.jpg",600,600,true],"woocommerce_gallery_thumbnail":["https:\/\/meterny.com\/wp-content\/uploads\/2024\/09\/20-3\u4e3b-100x100.jpg",100,100,true]},"uagb_author_info":{"display_name":"meterny","author_link":"https:\/\/meterny.com\/es\/author\/"},"uagb_comment_info":0,"uagb_excerpt":"Create a stylish and weather-resistant outdoor haven with the Aluminum Metal Waterproof Pavilion, combining sleek design with durable performance.","_links":{"self":[{"href":"https:\/\/meterny.com\/es\/wp-json\/wp\/v2\/product\/16936","targetHints":{"allow":["GET"]}}],"collection":[{"href":"https:\/\/meterny.com\/es\/wp-json\/wp\/v2\/product"}],"about":[{"href":"https:\/\/meterny.com\/es\/wp-json\/wp\/v2\/types\/product"}],"replies":[{"embeddable":true,"href":"https:\/\/meterny.com\/es\/wp-json\/wp\/v2\/comments?post=16936"}],"wp:featuredmedia":[{"embeddable":true,"href":"https:\/\/meterny.com\/es\/wp-json\/wp\/v2\/media\/17641"}],"wp:attachment":[{"href":"https:\/\/meterny.com\/es\/wp-json\/wp\/v2\/media?parent=16936"}],"wp:term":[{"taxonomy":"product_brand","embeddable":true,"href":"https:\/\/meterny.com\/es\/wp-json\/wp\/v2\/product_brand?post=16936"},{"taxonomy":"product_cat","embeddable":true,"href":"https:\/\/meterny.com\/es\/wp-json\/wp\/v2\/product_cat?post=16936"},{"taxonomy":"product_tag","embeddable":true,"href":"https:\/\/meterny.com\/es\/wp-json\/wp\/v2\/product_tag?post=16936"}],"curies":[{"name":"wp","href":"https:\/\/api.w.org\/{rel}","templated":true}]}}