{"id":17180,"date":"2024-10-07T12:25:11","date_gmt":"2024-10-07T12:25:11","guid":{"rendered":"https:\/\/meterny.com\/?post_type=product&#038;p=17180"},"modified":"2025-01-18T13:01:30","modified_gmt":"2025-01-18T13:01:30","slug":"motorized-aluminum-gazebo-aluminum-pergola","status":"publish","type":"product","link":"https:\/\/meterny.com\/es\/producto\/motorized-aluminum-gazebo-aluminum-pergola\/","title":{"rendered":"P\u00e9rgola de Aluminio Motorizada Color Negro P\u00e9rgola de Aluminio Bioclim\u00e1tica Metal Gazebo"},"content":{"rendered":"<h1 style=\"text-align: center;\">\u00a0Gazebo de aluminio motorizado Color negro P\u00e9rgola bioclim\u00e1tica de metal de aluminio<\/h1>\n<p><strong>Tipo<\/strong>: Gazebo de aluminio motorizado<\/p>\n<p><strong>Talla<\/strong>: personalizado<\/p>\n<p><strong>Superficie<\/strong>Revestimiento\/pintura a medida<\/p>\n<p><strong>Color<\/strong>: personalizado<\/p>\n<p><strong>Longitud<\/strong>: Personalizado<\/p>\n<p><strong>Material<\/strong>: Aleaci\u00f3n de aluminio de alta gama<\/p>\n<p><strong>Tecnolog\u00eda del producto<\/strong>: Meterny Sistema antifugas AquaGuard<\/p>\n<p id=\"\"><strong>Titular<\/strong>:<br \/>\nExperimente la elegancia y la comodidad con el cenador de aluminio motorizado<\/p>\n<hr \/>\n<p><strong>Im\u00e1genes del producto<\/strong>:<\/p>\n<figure id=\"attachment_16985\" aria-describedby=\"caption-attachment-16985\" style=\"width: 1024px\" class=\"wp-caption alignnone\"><img loading=\"lazy\" decoding=\"async\" class=\"wp-image-16985\" src=\"https:\/\/meterny.com\/wp-content\/uploads\/2024\/09\/9-4zhu.jpg\" alt=\"Gazebo de aluminio motorizado\" width=\"1024\" height=\"1024\" srcset=\"https:\/\/meterny.com\/wp-content\/uploads\/2024\/09\/9-4zhu.jpg 800w, https:\/\/meterny.com\/wp-content\/uploads\/2024\/09\/9-4zhu-300x300.jpg 300w, https:\/\/meterny.com\/wp-content\/uploads\/2024\/09\/9-4zhu-150x150.jpg 150w, https:\/\/meterny.com\/wp-content\/uploads\/2024\/09\/9-4zhu-768x768.jpg 768w, https:\/\/meterny.com\/wp-content\/uploads\/2024\/09\/9-4zhu-600x600.jpg 600w, https:\/\/meterny.com\/wp-content\/uploads\/2024\/09\/9-4zhu-100x100.jpg 100w\" sizes=\"auto, (max-width: 1024px) 100vw, 1024px\" \/><figcaption id=\"caption-attachment-16985\" class=\"wp-caption-text\">La intemporal p\u00e9rgola negra eleva los paseos de los parques<\/figcaption><\/figure>\n<hr \/>\n<p id=\"\"><strong>Descripci\u00f3n del producto<\/strong>:<\/p>\n<p id=\"\">Presentamos el cenador de aluminio motorizado, la soluci\u00f3n definitiva para vivir al aire libre que combina elegancia, funcionalidad y comodidad. Fabricado en aluminio de alta calidad, este cenador ofrece una durabilidad y una resistencia a la intemperie superiores, para que pueda disfrutar del aire libre en cualquier estaci\u00f3n.<\/p>\n<p id=\"\"><strong>Caracter\u00edsticas principales<\/strong>:<\/p>\n<ul>\n<li><strong>Marquesina motorizada<\/strong>: Ajusta el toldo o las lamas f\u00e1cilmente con el mando a distancia o la aplicaci\u00f3n para smartphone. Personaliza los ajustes de tu cenador para adaptarlos a tus necesidades y preferencias, creando el entorno exterior perfecto para cualquier ocasi\u00f3n.<\/li>\n<li><strong>Construcci\u00f3n de aluminio de alta calidad<\/strong>: Fabricado en aluminio duradero y ligero, el cenador est\u00e1 dise\u00f1ado para soportar los rigores del uso en exteriores. Sus propiedades resistentes a la corrosi\u00f3n garantizan un rendimiento y una fiabilidad duraderos, incluso en condiciones clim\u00e1ticas adversas.<\/li>\n<li><strong>Dise\u00f1o personalizable<\/strong>: Adapte el dise\u00f1o del cenador a sus gustos y necesidades espec\u00edficos. Elija entre una amplia gama de opciones personalizables, incluidos los colores de las cubiertas, los patrones de las lamas y los acabados de los marcos, para crear un cenador que complemente su espacio exterior y mejore su atractivo general.<\/li>\n<li><strong>Espacio exterior vers\u00e1til<\/strong>: El cenador de aluminio motorizado proporciona un espacio exterior vers\u00e1til que puede utilizarse para una gran variedad de actividades. Ya sea para cenar al aire libre, descansar con los amigos o celebrar una reuni\u00f3n familiar, el cenador ofrece el entorno perfecto para disfrutar del aire libre con comodidad y estilo.<\/li>\n<li><strong>F\u00e1cil instalaci\u00f3n y mantenimiento<\/strong>: El cenador incluye unas completas instrucciones de instalaci\u00f3n y requiere un mantenimiento m\u00ednimo. Con su dise\u00f1o robusto y sus funciones f\u00e1ciles de usar, podr\u00e1s disfrutar de tu cenador durante a\u00f1os con el m\u00ednimo esfuerzo.<\/li>\n<\/ul>\n<p id=\"\"><strong>Especificaciones<\/strong>:<\/p>\n<ul>\n<li><strong>Material<\/strong>: Aluminio de alta calidad<\/li>\n<li><strong>Material de la marquesina\/persiana<\/strong>: Tejido resistente a la intemperie\/aluminio<\/li>\n<li><strong>Opciones de acabado del marco<\/strong>: Pintura en polvo, aluminio cepillado, etc.<\/li>\n<li><strong>Colores de marquesina\/persiana<\/strong>: M\u00faltiples opciones disponibles<\/li>\n<li><strong>Dimensiones<\/strong>(Indique las dimensiones espec\u00edficas del cenador, incluyendo anchura, longitud y altura)<\/li>\n<li><strong>Peso<\/strong>(200-450kg)<\/li>\n<li><strong>Fuente de energ\u00eda<\/strong>: El\u00e9ctrico (control remoto o integraci\u00f3n con aplicaci\u00f3n para smartphone)<\/li>\n<li><strong>Garant\u00eda<\/strong>(m\u00e1s de 10 a\u00f1os)<\/li>\n<\/ul>\n<h3>Si desea conocer m\u00e1s detalles, haga clic en este enlace de youtube:<a href=\"https:\/\/youtu.be\/RDBg0nXdM1I\" target=\"_blank\" rel=\"noopener\">https:\/\/youtu.be\/RDBg0nXdM1I<\/a><\/h3>\n<p>&nbsp;<\/p>\n<figure id=\"attachment_16950\" aria-describedby=\"caption-attachment-16950\" style=\"width: 1024px\" class=\"wp-caption alignnone\"><img loading=\"lazy\" decoding=\"async\" class=\"wp-image-16950\" src=\"https:\/\/meterny.com\/wp-content\/uploads\/2024\/09\/About-Meterny@3x.png\" alt=\"P\u00e9rgola de aluminio de Meterny Comparaci\u00f3n con otras p\u00e9rgolas\" width=\"1024\" height=\"1447\" srcset=\"https:\/\/meterny.com\/wp-content\/uploads\/2024\/09\/About-Meterny@3x.png 1787w, https:\/\/meterny.com\/wp-content\/uploads\/2024\/09\/About-Meterny@3x-212x300.png 212w, https:\/\/meterny.com\/wp-content\/uploads\/2024\/09\/About-Meterny@3x-724x1024.png 724w, https:\/\/meterny.com\/wp-content\/uploads\/2024\/09\/About-Meterny@3x-768x1086.png 768w, https:\/\/meterny.com\/wp-content\/uploads\/2024\/09\/About-Meterny@3x-1087x1536.png 1087w, https:\/\/meterny.com\/wp-content\/uploads\/2024\/09\/About-Meterny@3x-1449x2048.png 1449w, https:\/\/meterny.com\/wp-content\/uploads\/2024\/09\/About-Meterny@3x-600x848.png 600w\" sizes=\"auto, (max-width: 1024px) 100vw, 1024px\" \/><figcaption id=\"caption-attachment-16950\" class=\"wp-caption-text\">P\u00e9rgolas Meterny frente a p\u00e9rgolas tradicionales: caracter\u00edsticas superiores<\/figcaption><\/figure>\n<p>El cenador de aluminio motorizado es una estructura de exterior elegante y funcional, con un toldo o lamas motorizadas que se pueden ajustar f\u00e1cilmente con un mando a distancia o una aplicaci\u00f3n para smartphone. Fabricado en aluminio de alta calidad, ofrece una durabilidad superior y resistencia a la intemperie, por lo que es perfecto para disfrutar del aire libre en cualquier \u00e9poca del a\u00f1o. Con su elegante dise\u00f1o y opciones personalizables, este cenador mejora su espacio de vida al aire libre, proporcionando un entorno vers\u00e1til y elegante para comer, descansar y entretenerse.<\/p>\n<p>&nbsp;<\/p>\n<figure id=\"attachment_20288\" aria-describedby=\"caption-attachment-20288\" style=\"width: 1024px\" class=\"wp-caption alignnone\"><img loading=\"lazy\" decoding=\"async\" class=\"wp-image-20288\" src=\"https:\/\/meterny.com\/wp-content\/uploads\/2024\/10\/WPC-Colour-Card@3x.png\" alt=\"Dise\u00f1o de prevenci\u00f3n de fugas de agua de la p\u00e9rgola de aluminio de Meterny\" width=\"1024\" height=\"1024\" srcset=\"https:\/\/meterny.com\/wp-content\/uploads\/2024\/10\/WPC-Colour-Card@3x.png 800w, https:\/\/meterny.com\/wp-content\/uploads\/2024\/10\/WPC-Colour-Card@3x-300x300.png 300w, https:\/\/meterny.com\/wp-content\/uploads\/2024\/10\/WPC-Colour-Card@3x-150x150.png 150w, https:\/\/meterny.com\/wp-content\/uploads\/2024\/10\/WPC-Colour-Card@3x-768x768.png 768w, https:\/\/meterny.com\/wp-content\/uploads\/2024\/10\/WPC-Colour-Card@3x-600x600.png 600w, https:\/\/meterny.com\/wp-content\/uploads\/2024\/10\/WPC-Colour-Card@3x-100x100.png 100w\" sizes=\"auto, (max-width: 1024px) 100vw, 1024px\" \/><figcaption id=\"caption-attachment-20288\" class=\"wp-caption-text\">Innovador dise\u00f1o de prevenci\u00f3n de fugas de agua de Meterny<\/figcaption><\/figure>\n<figure id=\"attachment_16951\" aria-describedby=\"caption-attachment-16951\" style=\"width: 1024px\" class=\"wp-caption alignnone\"><img loading=\"lazy\" decoding=\"async\" class=\"wp-image-16951\" src=\"https:\/\/meterny.com\/wp-content\/uploads\/2024\/09\/\u753b\u677f-16@3x.png\" alt=\"P\u00e9rgola de Aluminio Meterny dise\u00f1o exclusivo patentado\" width=\"1024\" height=\"1448\" srcset=\"https:\/\/meterny.com\/wp-content\/uploads\/2024\/09\/\u753b\u677f-16@3x.png 1787w, https:\/\/meterny.com\/wp-content\/uploads\/2024\/09\/\u753b\u677f-16@3x-212x300.png 212w, https:\/\/meterny.com\/wp-content\/uploads\/2024\/09\/\u753b\u677f-16@3x-724x1024.png 724w, https:\/\/meterny.com\/wp-content\/uploads\/2024\/09\/\u753b\u677f-16@3x-768x1086.png 768w, https:\/\/meterny.com\/wp-content\/uploads\/2024\/09\/\u753b\u677f-16@3x-1086x1536.png 1086w, https:\/\/meterny.com\/wp-content\/uploads\/2024\/09\/\u753b\u677f-16@3x-1448x2048.png 1448w, https:\/\/meterny.com\/wp-content\/uploads\/2024\/09\/\u753b\u677f-16@3x-600x848.png 600w\" sizes=\"auto, (max-width: 1024px) 100vw, 1024px\" \/><figcaption id=\"caption-attachment-16951\" class=\"wp-caption-text\">Dise\u00f1o patentado de Meterny: Una p\u00e9rgola sin igual<\/figcaption><\/figure>\n<h3>\u00bfPor qu\u00e9 elegir la glorieta de aluminio motorizada?<\/h3>\n<p id=\"\">Elegir un cenador de aluminio motorizado ofrece numerosas ventajas que pueden mejorar significativamente su experiencia de vida al aire libre. He aqu\u00ed algunas razones de peso para considerar esta opci\u00f3n:<\/p>\n<ol>\n<li><strong>Comodidad y control<\/strong>:\n<ul>\n<li>La funci\u00f3n motorizada le permite ajustar el toldo o las lamas del cenador con facilidad, proporcionando sombra y protecci\u00f3n contra los elementos al alcance de su mano.<\/li>\n<li>Gracias al mando a distancia o a la integraci\u00f3n de una aplicaci\u00f3n para smartphone, podr\u00e1 personalizar sin esfuerzo los ajustes del cenador para adaptarlos a sus necesidades y preferencias, tanto si est\u00e1 descansando como si est\u00e1 recibiendo invitados o celebrando un evento.<\/li>\n<\/ul>\n<\/li>\n<li><strong>Durabilidad y resistencia a la intemperie<\/strong>:\n<ul>\n<li>Construido en aluminio de alta calidad, el cenador est\u00e1 dise\u00f1ado para soportar los rigores del uso en exteriores.<\/li>\n<li>El aluminio es resistente a la corrosi\u00f3n y ligero, por lo que es un material ideal para cenadores que deben soportar diversas condiciones clim\u00e1ticas sin dejar de ser resistentes y fiables.<\/li>\n<\/ul>\n<\/li>\n<li><strong>Dise\u00f1o personalizable<\/strong>:\n<ul>\n<li>Los cenadores de aluminio motorizados a menudo vienen con una gama de opciones personalizables, lo que le permite adaptar el dise\u00f1o a sus gustos y necesidades espec\u00edficas.<\/li>\n<li>Tanto si prefiere una est\u00e9tica moderna como tradicional, puede encontrar un cenador que complemente su espacio exterior y realce su atractivo general.<\/li>\n<\/ul>\n<\/li>\n<li><strong>Vida al aire libre mejorada<\/strong>:\n<ul>\n<li>Un cenador motorizado proporciona un espacio exterior vers\u00e1til que puede utilizarse para diversas actividades.<\/li>\n<li>Ya sea para cenar al aire libre, descansar con los amigos o celebrar una reuni\u00f3n familiar, el cenador ofrece el escenario perfecto para disfrutar del aire libre con comodidad y estilo.<\/li>\n<\/ul>\n<\/li>\n<li><strong>Relaci\u00f3n calidad-precio<\/strong>:\n<ul>\n<li>Invertir en un cenador de aluminio motorizado es una forma rentable de mejorar su zona de estar al aire libre.<\/li>\n<li>Con su combinaci\u00f3n de durabilidad, comodidad y dise\u00f1o personalizable, el cenador ofrece una relaci\u00f3n calidad-precio excepcional, proporcionando a\u00f1os de disfrute y uso.<\/li>\n<\/ul>\n<\/li>\n<\/ol>\n<p id=\"\">En resumen, un cenador motorizado de aluminio ofrece una serie de ventajas que lo convierten en la opci\u00f3n ideal para cualquiera que desee crear un espacio exterior vers\u00e1til, elegante y funcional. Gracias a su comodidad, durabilidad, dise\u00f1o personalizable y mejor experiencia de vida al aire libre, un cenador motorizado es una inversi\u00f3n inteligente que dar\u00e1 sus frutos a largo plazo.<\/p>","protected":false},"excerpt":{"rendered":"<p>Cree un refugio exterior elegante y resistente a la intemperie con el pabell\u00f3n impermeable met\u00e1lico de aluminio, que combina un dise\u00f1o elegante con un rendimiento duradero.<\/p>","protected":false},"featured_media":16985,"comment_status":"open","ping_status":"closed","template":"","meta":{"_uag_custom_page_level_css":"","site-sidebar-layout":"default","site-content-layout":"","ast-site-content-layout":"default","site-content-style":"default","site-sidebar-style":"default","ast-global-header-display":"","ast-banner-title-visibility":"","ast-main-header-display":"","ast-hfb-above-header-display":"","ast-hfb-below-header-display":"","ast-hfb-mobile-header-display":"","site-post-title":"","ast-breadcrumbs-content":"","ast-featured-img":"","footer-sml-layout":"","theme-transparent-header-meta":"default","adv-header-id-meta":"","stick-header-meta":"default","header-above-stick-meta":"","header-main-stick-meta":"","header-below-stick-meta":"","astra-migrate-meta-layouts":"set","ast-page-background-enabled":"default","ast-page-background-meta":{"desktop":{"background-color":"var(--ast-global-color-4)","background-image":"","background-repeat":"repeat","background-position":"center center","background-size":"auto","background-attachment":"scroll","background-type":"","background-media":"","overlay-type":"","overlay-color":"","overlay-opacity":"","overlay-gradient":""},"tablet":{"background-color":"","background-image":"","background-repeat":"repeat","background-position":"center center","background-size":"auto","background-attachment":"scroll","background-type":"","background-media":"","overlay-type":"","overlay-color":"","overlay-opacity":"","overlay-gradient":""},"mobile":{"background-color":"","background-image":"","background-repeat":"repeat","background-position":"center center","background-size":"auto","background-attachment":"scroll","background-type":"","background-media":"","overlay-type":"","overlay-color":"","overlay-opacity":"","overlay-gradient":""}},"ast-content-background-meta":{"desktop":{"background-color":"var(--ast-global-color-5)","background-image":"","background-repeat":"repeat","background-position":"center center","background-size":"auto","background-attachment":"scroll","background-type":"","background-media":"","overlay-type":"","overlay-color":"","overlay-opacity":"","overlay-gradient":""},"tablet":{"background-color":"var(--ast-global-color-5)","background-image":"","background-repeat":"repeat","background-position":"center center","background-size":"auto","background-attachment":"scroll","background-type":"","background-media":"","overlay-type":"","overlay-color":"","overlay-opacity":"","overlay-gradient":""},"mobile":{"background-color":"var(--ast-global-color-5)","background-image":"","background-repeat":"repeat","background-position":"center center","background-size":"auto","background-attachment":"scroll","background-type":"","background-media":"","overlay-type":"","overlay-color":"","overlay-opacity":"","overlay-gradient":""}}},"product_brand":[],"product_cat":[18],"product_tag":[219,217,218,216],"class_list":{"0":"post-17180","1":"product","2":"type-product","3":"status-publish","4":"has-post-thumbnail","6":"product_cat-uncategorized","7":"product_tag-aluminum-metal-waterproof-pergola","8":"product_tag-aluminum-pavilion","9":"product_tag-metal-pavilion","10":"product_tag-waterproof-pavilion","11":"desktop-align-center","12":"tablet-align-left","13":"mobile-align-left","14":"ast-product-gallery-layout-horizontal-slider","15":"ast-product-single-variable","16":"ast-product-tabs-layout-vertical","18":"first","19":"instock","20":"shipping-taxable","21":"product-type-variable"},"uagb_featured_image_src":{"full":["https:\/\/meterny.com\/wp-content\/uploads\/2024\/09\/9-4zhu.jpg",800,800,false],"thumbnail":["https:\/\/meterny.com\/wp-content\/uploads\/2024\/09\/9-4zhu-150x150.jpg",150,150,true],"medium":["https:\/\/meterny.com\/wp-content\/uploads\/2024\/09\/9-4zhu-300x300.jpg",300,300,true],"medium_large":["https:\/\/meterny.com\/wp-content\/uploads\/2024\/09\/9-4zhu-768x768.jpg",768,768,true],"large":["https:\/\/meterny.com\/wp-content\/uploads\/2024\/09\/9-4zhu.jpg",800,800,false],"1536x1536":["https:\/\/meterny.com\/wp-content\/uploads\/2024\/09\/9-4zhu.jpg",800,800,false],"2048x2048":["https:\/\/meterny.com\/wp-content\/uploads\/2024\/09\/9-4zhu.jpg",800,800,false],"trp-custom-language-flag":["https:\/\/meterny.com\/wp-content\/uploads\/2024\/09\/9-4zhu.jpg",12,12,false],"woocommerce_thumbnail":["https:\/\/meterny.com\/wp-content\/uploads\/2024\/09\/9-4zhu-300x300.jpg",300,300,true],"woocommerce_single":["https:\/\/meterny.com\/wp-content\/uploads\/2024\/09\/9-4zhu-600x600.jpg",600,600,true],"woocommerce_gallery_thumbnail":["https:\/\/meterny.com\/wp-content\/uploads\/2024\/09\/9-4zhu-100x100.jpg",100,100,true]},"uagb_author_info":{"display_name":"meterny","author_link":"https:\/\/meterny.com\/es\/author\/"},"uagb_comment_info":0,"uagb_excerpt":"Create a stylish and weather-resistant outdoor haven with the Aluminum Metal Waterproof Pavilion, combining sleek design with durable performance.","_links":{"self":[{"href":"https:\/\/meterny.com\/es\/wp-json\/wp\/v2\/product\/17180","targetHints":{"allow":["GET"]}}],"collection":[{"href":"https:\/\/meterny.com\/es\/wp-json\/wp\/v2\/product"}],"about":[{"href":"https:\/\/meterny.com\/es\/wp-json\/wp\/v2\/types\/product"}],"replies":[{"embeddable":true,"href":"https:\/\/meterny.com\/es\/wp-json\/wp\/v2\/comments?post=17180"}],"wp:featuredmedia":[{"embeddable":true,"href":"https:\/\/meterny.com\/es\/wp-json\/wp\/v2\/media\/16985"}],"wp:attachment":[{"href":"https:\/\/meterny.com\/es\/wp-json\/wp\/v2\/media?parent=17180"}],"wp:term":[{"taxonomy":"product_brand","embeddable":true,"href":"https:\/\/meterny.com\/es\/wp-json\/wp\/v2\/product_brand?post=17180"},{"taxonomy":"product_cat","embeddable":true,"href":"https:\/\/meterny.com\/es\/wp-json\/wp\/v2\/product_cat?post=17180"},{"taxonomy":"product_tag","embeddable":true,"href":"https:\/\/meterny.com\/es\/wp-json\/wp\/v2\/product_tag?post=17180"}],"curies":[{"name":"wp","href":"https:\/\/api.w.org\/{rel}","templated":true}]}}