{"id":17389,"date":"2024-10-08T13:14:21","date_gmt":"2024-10-08T13:14:21","guid":{"rendered":"https:\/\/meterny.com\/?post_type=product&#038;p=17389"},"modified":"2025-01-15T08:02:30","modified_gmt":"2025-01-15T08:02:30","slug":"interior-bedroom-decoration-wpc-wall-panel","status":"publish","type":"product","link":"https:\/\/meterny.com\/es\/producto\/interior-bedroom-decoration-wpc-wall-panel\/","title":{"rendered":"Panel de pared de compuesto de madera y pl\u00e1stico para interiores Decoraci\u00f3n de interiores Paneles de pared de compuesto de madera Wpc"},"content":{"rendered":"<div class=\"elementor-element elementor-element-c0e1d42 elementor-widget elementor-widget-heading\" data-id=\"c0e1d42\" data-element_type=\"widget\" data-widget_type=\"heading.default\">\n<div class=\"elementor-widget-container\">\n<h2 class=\"elementor-heading-title elementor-size-default\" style=\"text-align: center;\">Compuesto de madera y pl\u00e1stico <strong>Decoraci\u00f3n Interior Dormitorio WPC Panel De Pared<\/strong><\/h2>\n<h2 class=\"elementor-heading-title elementor-size-default\" style=\"text-align: center;\">Especificaci\u00f3n<\/h2>\n<\/div>\n<\/div>\n<div class=\"elementor-element elementor-element-1f676da elementor-widget elementor-widget-heading\" data-id=\"1f676da\" data-element_type=\"widget\" data-widget_type=\"heading.default\">\n<h3><strong>Productos<\/strong>:<\/h3>\n<p id=\"\">El panel de pared de WPC, o panel de pared compuesto de madera y pl\u00e1stico, es un material de panel de pared ecol\u00f3gico, impermeable y duradero fabricado a partir de una mezcla de fibras de madera y pl\u00e1stico. Combina la belleza natural de la madera tradicional con las ventajas de la tecnolog\u00eda moderna, por lo que es una opci\u00f3n ideal para la renovaci\u00f3n del hogar y la decoraci\u00f3n de espacios comerciales.<\/p>\n<p><strong>Modelo<\/strong>: METE227H25<br \/>\n<strong>Tipo<\/strong>: WPC Acanalado Panel De Pared<br \/>\n<strong>Talla<\/strong>: 227\u00d725mm<\/p>\n<p><strong>Superficie<\/strong>: Granos rectos<br \/>\n<strong>Longitud<\/strong>2,9 m o personalizado<br \/>\n<strong>Material<\/strong>: Compuesto de madera y pl\u00e1stico<br \/>\n<strong>Tecnolog\u00eda del producto<\/strong>: Eco-extrusi\u00f3n<\/p>\n<\/div>\n<div class=\"elementor-element elementor-element-1f676da elementor-widget elementor-widget-heading\" data-id=\"1f676da\" data-element_type=\"widget\" data-widget_type=\"heading.default\">\n<figure id=\"attachment_17367\" aria-describedby=\"caption-attachment-17367\" style=\"width: 1024px\" class=\"wp-caption alignnone\"><img loading=\"lazy\" decoding=\"async\" class=\"wp-image-17367\" src=\"https:\/\/meterny.com\/wp-content\/uploads\/2024\/04\/118.png\" alt=\"panel de pared de wpc\" width=\"1024\" height=\"1024\" srcset=\"https:\/\/meterny.com\/wp-content\/uploads\/2024\/04\/118.png 800w, https:\/\/meterny.com\/wp-content\/uploads\/2024\/04\/118-300x300.png 300w, https:\/\/meterny.com\/wp-content\/uploads\/2024\/04\/118-150x150.png 150w, https:\/\/meterny.com\/wp-content\/uploads\/2024\/04\/118-768x768.png 768w, https:\/\/meterny.com\/wp-content\/uploads\/2024\/04\/118-600x600.png 600w, https:\/\/meterny.com\/wp-content\/uploads\/2024\/04\/118-100x100.png 100w\" sizes=\"auto, (max-width: 1024px) 100vw, 1024px\" \/><figcaption id=\"caption-attachment-17367\" class=\"wp-caption-text\">Transforme su dormitorio con elegantes paneles de pared de WPC<\/figcaption><\/figure>\n<h3><strong>Caracter\u00edsticas del producto<\/strong>:<\/h3>\n<ol>\n<li><strong>Material respetuoso con el medio ambiente<\/strong>:\n<ul>\n<li>Fabricado con fibras de madera y pl\u00e1stico renovables, es respetuoso con el medio ambiente y reduce la dependencia de los recursos naturales.<\/li>\n<\/ul>\n<\/li>\n<li><strong>Impermeable y resistente a la humedad<\/strong>:\n<ul>\n<li>No se deforma ni se pudre incluso tras una exposici\u00f3n prolongada al agua, por lo que es perfecto para cocinas, ba\u00f1os y otros entornos h\u00famedos.<\/li>\n<\/ul>\n<\/li>\n<li><strong>Alta durabilidad<\/strong>:\n<ul>\n<li>Con una excelente resistencia a la intemperie y a la corrosi\u00f3n, puede soportar los rayos UV, el viento, la lluvia y otros factores naturales, alargando su vida \u00fatil.<\/li>\n<\/ul>\n<\/li>\n<li><strong>Ligero y f\u00e1cil de instalar<\/strong>:\n<ul>\n<li>De peso ligero, su instalaci\u00f3n es sencilla y r\u00e1pida, y no requiere conocimientos especiales. La instalaci\u00f3n \"h\u00e1galo usted mismo\" ahorra costes y tiempo.<\/li>\n<\/ul>\n<\/li>\n<li><strong>Colores vivos<\/strong>:\n<ul>\n<li>Existe una gran variedad de colores y texturas para satisfacer diferentes estilos de decoraci\u00f3n y necesidades personalizadas.<\/li>\n<\/ul>\n<\/li>\n<li><strong>F\u00e1cil mantenimiento<\/strong>:\n<ul>\n<li>La limpieza es c\u00f3moda y puede realizarse con un pa\u00f1o h\u00famedo sin necesidad de limpiadores especiales ni encerado.<\/li>\n<\/ul>\n<\/li>\n<\/ol>\n<h3><strong>Especificaciones del producto<\/strong>:<\/h3>\n<ul>\n<li>Tama\u00f1o: 135*119*23mm\/217*201*28mm\/227*210*25mm(personalizable seg\u00fan los requisitos del cliente)<\/li>\n<li>Colores: Negro, blanco marfil, verde, marr\u00f3n chocolate, arce, caoba, marr\u00f3n arena, gris franc\u00e9s, nogal, marr\u00f3n teca, etc. (m\u00e1s colores disponibles previa consulta con el servicio de atenci\u00f3n al cliente)<\/li>\n<li>Composici\u00f3n: 35% HDPE (Polietileno de Alta Densidad) + 60% Fibras de Madera + 5% Aditivos<\/li>\n<\/ul>\n<h3><strong>Escenarios de aplicaci\u00f3n<\/strong>:<\/h3>\n<ul>\n<li>Adecuado para paredes interiores, techos de habitaciones, oficinas, s\u00f3tanos y otros lugares.<\/li>\n<li>Especialmente adecuado para dormitorios, salones, cocinas y otros espacios dom\u00e9sticos, as\u00ed como para tiendas, restaurantes y otros locales comerciales.<\/li>\n<\/ul>\n<h3><strong>Gu\u00eda de instalaci\u00f3n<\/strong>:<\/h3>\n<ul>\n<li>El panel mural de WPC puede instalarse sobre diversos sustratos, como baldosas de cer\u00e1mica, madera contrachapada y paneles de yeso.<\/li>\n<li>Utilice accesorios espec\u00edficos para la instalaci\u00f3n a fin de garantizar la firmeza y la est\u00e9tica.<\/li>\n<li>Aseg\u00farese de que la superficie de la pared est\u00e9 plana, seca y limpia antes de la instalaci\u00f3n.<\/li>\n<\/ul>\n<h3><strong>Precauci\u00f3n<\/strong>:<\/h3>\n<ul>\n<li>Evite el uso de cloro o abrasivos en la limpieza para no da\u00f1ar la superficie.<\/li>\n<li>No coloque objetos calientes directamente sobre el panel mural para evitar deformaciones o da\u00f1os.<\/li>\n<li>Siga el manual del producto y las normas de seguridad durante la instalaci\u00f3n y el uso.<\/li>\n<\/ul>\n<h3><strong>Presentaci\u00f3n de la marca<\/strong>:<\/h3>\n<p id=\"\">Somos una empresa especializada en la investigaci\u00f3n, desarrollo, producci\u00f3n y venta de compuestos de madera y pl\u00e1stico. Con una amplia experiencia en producci\u00f3n y equipos t\u00e9cnicos avanzados, nuestros productos de paneles de pared WPC han sido sometidos a rigurosas pruebas de calidad y certificaci\u00f3n, garantizando una calidad y seguridad excepcionales. Estamos comprometidos a proporcionar a los clientes productos y servicios de alta calidad para satisfacer sus necesidades personalizadas.<\/p>\n<\/div>\n<h3>Si desea m\u00e1s informaci\u00f3n, haga clic en este enlace:<a href=\"https:\/\/youtu.be\/XqR4zuwyGyE\" target=\"_blank\" rel=\"noopener\">https:\/\/youtu.be\/XqR4zuwyGyE<\/a><\/h3>\n<p>&nbsp;<\/p>\n<div class=\"elementor-element elementor-element-1f676da elementor-widget elementor-widget-heading\" data-id=\"1f676da\" data-element_type=\"widget\" data-widget_type=\"heading.default\">\n<h3>Galer\u00eda<\/h3>\n<p>Panel de pared de compuesto pl\u00e1stico de madera para decoraci\u00f3n de interiores Revestimiento de pared de decoraci\u00f3n de WPC para interiores<\/p>\n<figure id=\"attachment_17370\" aria-describedby=\"caption-attachment-17370\" style=\"width: 1024px\" class=\"wp-caption alignnone\"><img loading=\"lazy\" decoding=\"async\" class=\"wp-image-17370\" src=\"https:\/\/meterny.com\/wp-content\/uploads\/2024\/04\/32-2.jpg\" alt=\"Paneles ac\u00fasticos de WPC para salas multimedia\" width=\"1024\" height=\"1024\" srcset=\"https:\/\/meterny.com\/wp-content\/uploads\/2024\/04\/32-2.jpg 640w, https:\/\/meterny.com\/wp-content\/uploads\/2024\/04\/32-2-300x300.jpg 300w, https:\/\/meterny.com\/wp-content\/uploads\/2024\/04\/32-2-150x150.jpg 150w, https:\/\/meterny.com\/wp-content\/uploads\/2024\/04\/32-2-600x600.jpg 600w, https:\/\/meterny.com\/wp-content\/uploads\/2024\/04\/32-2-100x100.jpg 100w\" sizes=\"auto, (max-width: 1024px) 100vw, 1024px\" \/><figcaption id=\"caption-attachment-17370\" class=\"wp-caption-text\">Mejore su sala multimedia con paneles ac\u00fasticos de WPC<\/figcaption><\/figure>\n<figure id=\"attachment_17372\" aria-describedby=\"caption-attachment-17372\" style=\"width: 1024px\" class=\"wp-caption alignnone\"><img loading=\"lazy\" decoding=\"async\" class=\"wp-image-17372\" src=\"https:\/\/meterny.com\/wp-content\/uploads\/2024\/04\/66.jpg\" alt=\"Panel de pared WPC para salones modernos\" width=\"1024\" height=\"1024\" srcset=\"https:\/\/meterny.com\/wp-content\/uploads\/2024\/04\/66.jpg 1080w, https:\/\/meterny.com\/wp-content\/uploads\/2024\/04\/66-300x300.jpg 300w, https:\/\/meterny.com\/wp-content\/uploads\/2024\/04\/66-1024x1024.jpg 1024w, https:\/\/meterny.com\/wp-content\/uploads\/2024\/04\/66-150x150.jpg 150w, https:\/\/meterny.com\/wp-content\/uploads\/2024\/04\/66-768x768.jpg 768w, https:\/\/meterny.com\/wp-content\/uploads\/2024\/04\/66-600x600.jpg 600w, https:\/\/meterny.com\/wp-content\/uploads\/2024\/04\/66-100x100.jpg 100w\" sizes=\"auto, (max-width: 1024px) 100vw, 1024px\" \/><figcaption id=\"caption-attachment-17372\" class=\"wp-caption-text\">Mejore su sal\u00f3n con modernos paneles murales de WPC.<\/figcaption><\/figure>\n<figure id=\"attachment_17369\" aria-describedby=\"caption-attachment-17369\" style=\"width: 1024px\" class=\"wp-caption alignnone\"><img loading=\"lazy\" decoding=\"async\" class=\"wp-image-17369\" src=\"https:\/\/meterny.com\/wp-content\/uploads\/2024\/04\/3-2.jpg\" alt=\"Paneles de pared de WPC para entradas\" width=\"1024\" height=\"1024\" srcset=\"https:\/\/meterny.com\/wp-content\/uploads\/2024\/04\/3-2.jpg 750w, https:\/\/meterny.com\/wp-content\/uploads\/2024\/04\/3-2-300x300.jpg 300w, https:\/\/meterny.com\/wp-content\/uploads\/2024\/04\/3-2-150x150.jpg 150w, https:\/\/meterny.com\/wp-content\/uploads\/2024\/04\/3-2-600x600.jpg 600w, https:\/\/meterny.com\/wp-content\/uploads\/2024\/04\/3-2-100x100.jpg 100w\" sizes=\"auto, (max-width: 1024px) 100vw, 1024px\" \/><figcaption id=\"caption-attachment-17369\" class=\"wp-caption-text\">Cree una entrada acogedora con paneles de pared de WPC<\/figcaption><\/figure>\n<h3><strong>Color y superficie<\/strong><\/h3>\n<p>Nuestro panel METE227H25 presenta una elegante superficie de grano recto, que a\u00f1ade una textura sofisticada a cualquier zona.<\/p>\n<p>Con colores, dimensiones y formas personalizables, estos paneles ofrecen una flexibilidad excepcional, permiti\u00e9ndole dar rienda suelta a su creatividad en proyectos de dise\u00f1o de interiores y exteriores.<\/p>\n<p>La tecnolog\u00eda de ecoextrusi\u00f3n garantiza que cada panel no s\u00f3lo tenga un aspecto magn\u00edfico, sino que tambi\u00e9n contribuya a un entorno vital sostenible.<\/p>\n<h3>Opciones de color<\/h3>\n<p>Carta de colores del Panel WPC Serie Meterny METE<\/p>\n<figure id=\"attachment_20293\" aria-describedby=\"caption-attachment-20293\" style=\"width: 1024px\" class=\"wp-caption alignnone\"><img loading=\"lazy\" decoding=\"async\" class=\"wp-image-20293\" src=\"https:\/\/meterny.com\/wp-content\/uploads\/2024\/10\/METE-Series-Colour-151.png\" alt=\"Opciones de color de la valla de WPC Meterny\" width=\"1024\" height=\"1024\" srcset=\"https:\/\/meterny.com\/wp-content\/uploads\/2024\/10\/METE-Series-Colour-151.png 900w, https:\/\/meterny.com\/wp-content\/uploads\/2024\/10\/METE-Series-Colour-151-300x300.png 300w, https:\/\/meterny.com\/wp-content\/uploads\/2024\/10\/METE-Series-Colour-151-150x150.png 150w, https:\/\/meterny.com\/wp-content\/uploads\/2024\/10\/METE-Series-Colour-151-768x768.png 768w, https:\/\/meterny.com\/wp-content\/uploads\/2024\/10\/METE-Series-Colour-151-600x600.png 600w, https:\/\/meterny.com\/wp-content\/uploads\/2024\/10\/METE-Series-Colour-151-100x100.png 100w\" sizes=\"auto, (max-width: 1024px) 100vw, 1024px\" \/><figcaption id=\"caption-attachment-20293\" class=\"wp-caption-text\">Explore la valla de WPC Meterny - Nueve impresionantes opciones de color para cada estilo<\/figcaption><\/figure>\n<h3><strong>\u00bfPor qu\u00e9 elegir el panel de pared del WPC de la decoraci\u00f3n interior del dormitorio?<\/strong><\/h3>\n<p id=\"\">La decoraci\u00f3n interior de dormitorios suele beneficiarse enormemente del uso de paneles de pared de WPC (compuesto de madera y pl\u00e1stico). He aqu\u00ed varias razones de peso para elegir paneles de pared de WPC para la decoraci\u00f3n del dormitorio:<\/p>\n<ol>\n<li>\n<p id=\"\"><strong>Respeto del medio ambiente<\/strong>:<\/p>\n<ul>\n<li>Los paneles murales de WPC se fabrican a partir de una combinaci\u00f3n de fibra de madera y pl\u00e1stico, a menudo con materiales reciclables.<\/li>\n<li>Ofrecen una alternativa sostenible a los paneles de madera tradicionales, reduciendo el impacto sobre los bosques y los recursos naturales.<\/li>\n<\/ul>\n<\/li>\n<li>\n<p id=\"\"><strong>Durabilidad y resistencia<\/strong>:<\/p>\n<ul>\n<li>Los paneles de pared de WPC son conocidos por su excelente durabilidad, resistencia a la humedad y al moho.<\/li>\n<li>Son menos propensos a alabearse, agrietarse o pudrirse, lo que garantiza una vida \u00fatil m\u00e1s larga en comparaci\u00f3n con otros materiales.<\/li>\n<\/ul>\n<\/li>\n<li>\n<p id=\"\"><strong>Facilidad de instalaci\u00f3n<\/strong>:<\/p>\n<ul>\n<li>Los paneles de pared de WPC est\u00e1n dise\u00f1ados para una instalaci\u00f3n sencilla, que a menudo requiere un m\u00ednimo de herramientas y habilidades.<\/li>\n<li>Esto puede ahorrar tiempo y costes de mano de obra durante el proceso de decoraci\u00f3n.<\/li>\n<\/ul>\n<\/li>\n<li>\n<p id=\"\"><strong>Atractivo est\u00e9tico<\/strong>:<\/p>\n<ul>\n<li>Los paneles de pared de WPC est\u00e1n disponibles en una gran variedad de colores, texturas y dise\u00f1os, lo que permite una amplia gama de opciones est\u00e9ticas.<\/li>\n<li>Pueden imitar el aspecto de la madera natural, pero con ventajas a\u00f1adidas de durabilidad y resistencia.<\/li>\n<\/ul>\n<\/li>\n<li>\n<p id=\"\"><strong>Relaci\u00f3n coste-eficacia<\/strong>:<\/p>\n<ul>\n<li>Los paneles murales de WPC ofrecen una soluci\u00f3n rentable para la decoraci\u00f3n de dormitorios, ya que combinan asequibilidad con est\u00e9tica de alta calidad y durabilidad.<\/li>\n<li>Pueden ser una alternativa asequible a materiales m\u00e1s caros sin dejar de ofrecer un aspecto de gama alta.<\/li>\n<\/ul>\n<\/li>\n<li>\n<p id=\"\"><strong>Sin mantenimiento<\/strong>:<\/p>\n<ul>\n<li>Los paneles murales de WPC requieren un mantenimiento m\u00ednimo, como limpiarlos con un pa\u00f1o h\u00famedo.<\/li>\n<li>No necesitan pintura ni sellado, lo que reduce la necesidad de un mantenimiento continuo.<\/li>\n<\/ul>\n<\/li>\n<li>\n<p id=\"\"><strong>Rendimiento mejorado<\/strong>:<\/p>\n<ul>\n<li>Adem\u00e1s de su atractivo visual, los paneles de pared de WPC tambi\u00e9n pueden mejorar las prestaciones del espacio del dormitorio.<\/li>\n<li>Pueden mejorar el aislamiento, la insonorizaci\u00f3n y el control del ruido, creando un entorno m\u00e1s confortable y sereno.<\/li>\n<\/ul>\n<\/li>\n<li>\n<p id=\"\"><strong>Versatilidad de aplicaci\u00f3n<\/strong>:<\/p>\n<ul>\n<li>Los paneles murales de WPC son vers\u00e1tiles y pueden utilizarse en diversos entornos, como dormitorios, salones e incluso espacios comerciales.<\/li>\n<li>Su adaptabilidad los convierte en una gran elecci\u00f3n para una amplia gama de proyectos de decoraci\u00f3n.<\/li>\n<\/ul>\n<\/li>\n<\/ol>\n<p id=\"\">En conclusi\u00f3n, la elecci\u00f3n de paneles de pared de WPC para la decoraci\u00f3n interior de dormitorios ofrece una combinaci\u00f3n de respeto por el medio ambiente, durabilidad, facilidad de instalaci\u00f3n, atractivo est\u00e9tico, rentabilidad, propiedades que no requieren mantenimiento, mayor rendimiento y versatilidad de aplicaci\u00f3n. Estas ventajas hacen de los paneles de pared de WPC una excelente elecci\u00f3n para la decoraci\u00f3n de dormitorios, ya que proporcionan una soluci\u00f3n elegante, duradera y pr\u00e1ctica.<\/p>\n<\/div>","protected":false},"excerpt":{"rendered":"<p>Descubra la combinaci\u00f3n perfecta de estilo y funcionalidad con los paneles compuestos de madera y pl\u00e1stico de primera calidad de Meterny. Tanto si est\u00e1 renovando su hogar, oficina o propiedad comercial, nuestros paneles ofrecen una durabilidad y est\u00e9tica inigualables.<\/p>\n<p>Fabricados con materiales de alta calidad, nuestros paneles compuestos de madera y pl\u00e1stico est\u00e1n dise\u00f1ados para soportar los rigores del uso diario y mantener su aspecto impecable durante a\u00f1os. Adem\u00e1s, con una variedad de colores, texturas y acabados para elegir, puede personalizar f\u00e1cilmente su espacio para reflejar su estilo y visi\u00f3n \u00fanicos.<\/p>\n<p>Pero no se trata s\u00f3lo del aspecto: nuestros paneles tambi\u00e9n son ecol\u00f3gicos y sostenibles, fabricados con materiales reciclados y dise\u00f1ados para minimizar el impacto medioambiental. As\u00ed, puedes disfrutar de paredes bonitas al tiempo que reduces tu huella de carbono.<\/p>\n<p>Actualice su decoraci\u00f3n con los paneles compuestos de madera y pl\u00e1stico de Meterny. Explore nuestra colecci\u00f3n hoy mismo y d\u00e9 el primer paso para transformar su espacio en una obra maestra moderna.<\/p>","protected":false},"featured_media":17367,"comment_status":"open","ping_status":"closed","template":"","meta":{"_uag_custom_page_level_css":"","site-sidebar-layout":"default","site-content-layout":"","ast-site-content-layout":"default","site-content-style":"default","site-sidebar-style":"default","ast-global-header-display":"","ast-banner-title-visibility":"","ast-main-header-display":"","ast-hfb-above-header-display":"","ast-hfb-below-header-display":"","ast-hfb-mobile-header-display":"","site-post-title":"","ast-breadcrumbs-content":"","ast-featured-img":"","footer-sml-layout":"","theme-transparent-header-meta":"default","adv-header-id-meta":"","stick-header-meta":"default","header-above-stick-meta":"","header-main-stick-meta":"","header-below-stick-meta":"","astra-migrate-meta-layouts":"set","ast-page-background-enabled":"default","ast-page-background-meta":{"desktop":{"background-color":"var(--ast-global-color-4)","background-image":"","background-repeat":"repeat","background-position":"center center","background-size":"auto","background-attachment":"scroll","background-type":"","background-media":"","overlay-type":"","overlay-color":"","overlay-opacity":"","overlay-gradient":""},"tablet":{"background-color":"","background-image":"","background-repeat":"repeat","background-position":"center center","background-size":"auto","background-attachment":"scroll","background-type":"","background-media":"","overlay-type":"","overlay-color":"","overlay-opacity":"","overlay-gradient":""},"mobile":{"background-color":"","background-image":"","background-repeat":"repeat","background-position":"center center","background-size":"auto","background-attachment":"scroll","background-type":"","background-media":"","overlay-type":"","overlay-color":"","overlay-opacity":"","overlay-gradient":""}},"ast-content-background-meta":{"desktop":{"background-color":"var(--ast-global-color-5)","background-image":"","background-repeat":"repeat","background-position":"center center","background-size":"auto","background-attachment":"scroll","background-type":"","background-media":"","overlay-type":"","overlay-color":"","overlay-opacity":"","overlay-gradient":""},"tablet":{"background-color":"var(--ast-global-color-5)","background-image":"","background-repeat":"repeat","background-position":"center center","background-size":"auto","background-attachment":"scroll","background-type":"","background-media":"","overlay-type":"","overlay-color":"","overlay-opacity":"","overlay-gradient":""},"mobile":{"background-color":"var(--ast-global-color-5)","background-image":"","background-repeat":"repeat","background-position":"center center","background-size":"auto","background-attachment":"scroll","background-type":"","background-media":"","overlay-type":"","overlay-color":"","overlay-opacity":"","overlay-gradient":""}}},"product_brand":[],"product_cat":[174],"product_tag":[183,180],"class_list":{"0":"post-17389","1":"product","2":"type-product","3":"status-publish","4":"has-post-thumbnail","6":"product_cat-interior-wpc-wall","7":"product_tag-wpc-wall-interior","8":"product_tag-wpc-wall-panel","9":"desktop-align-center","10":"tablet-align-left","11":"mobile-align-left","12":"ast-product-gallery-layout-horizontal-slider","13":"ast-product-tabs-layout-vertical","15":"first","16":"instock","17":"shipping-taxable","18":"product-type-simple"},"uagb_featured_image_src":{"full":["https:\/\/meterny.com\/wp-content\/uploads\/2024\/04\/118.png",800,800,false],"thumbnail":["https:\/\/meterny.com\/wp-content\/uploads\/2024\/04\/118-150x150.png",150,150,true],"medium":["https:\/\/meterny.com\/wp-content\/uploads\/2024\/04\/118-300x300.png",300,300,true],"medium_large":["https:\/\/meterny.com\/wp-content\/uploads\/2024\/04\/118-768x768.png",768,768,true],"large":["https:\/\/meterny.com\/wp-content\/uploads\/2024\/04\/118.png",800,800,false],"1536x1536":["https:\/\/meterny.com\/wp-content\/uploads\/2024\/04\/118.png",800,800,false],"2048x2048":["https:\/\/meterny.com\/wp-content\/uploads\/2024\/04\/118.png",800,800,false],"trp-custom-language-flag":["https:\/\/meterny.com\/wp-content\/uploads\/2024\/04\/118.png",12,12,false],"woocommerce_thumbnail":["https:\/\/meterny.com\/wp-content\/uploads\/2024\/04\/118-300x300.png",300,300,true],"woocommerce_single":["https:\/\/meterny.com\/wp-content\/uploads\/2024\/04\/118-600x600.png",600,600,true],"woocommerce_gallery_thumbnail":["https:\/\/meterny.com\/wp-content\/uploads\/2024\/04\/118-100x100.png",100,100,true]},"uagb_author_info":{"display_name":"meterny","author_link":"https:\/\/meterny.com\/es\/author\/"},"uagb_comment_info":0,"uagb_excerpt":"Discover the perfect blend of style and functionality with Meterny's premium wood-plastic composite panels. Whether you're revamping your home, office, or commercial property, our panels offer unparalleled durability and aesthetics. Crafted from high-quality materials, our wood-plastic composite panels are designed to withstand the rigors of everyday use while maintaining their pristine appearance for years to&hellip;","_links":{"self":[{"href":"https:\/\/meterny.com\/es\/wp-json\/wp\/v2\/product\/17389","targetHints":{"allow":["GET"]}}],"collection":[{"href":"https:\/\/meterny.com\/es\/wp-json\/wp\/v2\/product"}],"about":[{"href":"https:\/\/meterny.com\/es\/wp-json\/wp\/v2\/types\/product"}],"replies":[{"embeddable":true,"href":"https:\/\/meterny.com\/es\/wp-json\/wp\/v2\/comments?post=17389"}],"wp:featuredmedia":[{"embeddable":true,"href":"https:\/\/meterny.com\/es\/wp-json\/wp\/v2\/media\/17367"}],"wp:attachment":[{"href":"https:\/\/meterny.com\/es\/wp-json\/wp\/v2\/media?parent=17389"}],"wp:term":[{"taxonomy":"product_brand","embeddable":true,"href":"https:\/\/meterny.com\/es\/wp-json\/wp\/v2\/product_brand?post=17389"},{"taxonomy":"product_cat","embeddable":true,"href":"https:\/\/meterny.com\/es\/wp-json\/wp\/v2\/product_cat?post=17389"},{"taxonomy":"product_tag","embeddable":true,"href":"https:\/\/meterny.com\/es\/wp-json\/wp\/v2\/product_tag?post=17389"}],"curies":[{"name":"wp","href":"https:\/\/api.w.org\/{rel}","templated":true}]}}