{"id":17410,"date":"2024-10-08T13:57:00","date_gmt":"2024-10-08T13:57:00","guid":{"rendered":"https:\/\/meterny.com\/?post_type=product&#038;p=17410"},"modified":"2025-01-18T09:30:53","modified_gmt":"2025-01-18T09:30:53","slug":"wpc-decking-panels-wpc-flooring","status":"publish","type":"product","link":"https:\/\/meterny.com\/es\/producto\/wpc-decking-panels-wpc-flooring\/","title":{"rendered":"Madera compuesta de pl\u00e1stico 3D en relieve de madera de grano Wpc Decking Panels Wpc Flooring"},"content":{"rendered":"<div class=\"elementor-element elementor-element-c0e1d42 elementor-widget elementor-widget-heading\" data-id=\"c0e1d42\" data-element_type=\"widget\" data-widget_type=\"heading.default\">\n<div class=\"elementor-widget-container\">\n<h2 class=\"elementor-heading-title elementor-size-default\" style=\"text-align: center;\">\u00a0Wpc Decking Panels Wpc Flooring<\/h2>\n<\/div>\n<\/div>\n<div class=\"elementor-element elementor-element-1f676da elementor-widget elementor-widget-heading\" data-id=\"1f676da\" data-element_type=\"widget\" data-widget_type=\"heading.default\">\n<h2 class=\"elementor-widget-container\" style=\"text-align: center;\">Especificaci\u00f3n<\/h2>\n<p>Wpc Decking Panels Wpc Flooring<\/p>\n<p>METE140H25 Wpc Decking Panels Wpc Flooring : Eleve sus espacios con elegancia moderna<\/p>\n<p><strong>Modelo<\/strong>: METE140H25<br \/>\n<strong>Tipo<\/strong>: WPC Decking\/Piso<br \/>\n<strong>Talla<\/strong>: 140\u00d725mm<\/p>\n<p><strong>Superficie<\/strong>: Granos rectos<br \/>\n<strong>Longitud<\/strong>2,9 m o personalizado<br \/>\n<strong>Material<\/strong>: Compuesto de madera y pl\u00e1stico<br \/>\n<strong>Tecnolog\u00eda del producto<\/strong>: Eco-extrusi\u00f3n<\/p>\n<p><img loading=\"lazy\" decoding=\"async\" class=\"alignnone wp-image-17393\" src=\"https:\/\/meterny.com\/wp-content\/uploads\/2024\/03\/1-40.jpg\" alt=\"Wpc Decking Panels Wpc Flooring\" width=\"1024\" height=\"1024\" srcset=\"https:\/\/meterny.com\/wp-content\/uploads\/2024\/03\/1-40.jpg 800w, https:\/\/meterny.com\/wp-content\/uploads\/2024\/03\/1-40-300x300.jpg 300w, https:\/\/meterny.com\/wp-content\/uploads\/2024\/03\/1-40-150x150.jpg 150w, https:\/\/meterny.com\/wp-content\/uploads\/2024\/03\/1-40-768x768.jpg 768w, https:\/\/meterny.com\/wp-content\/uploads\/2024\/03\/1-40-600x600.jpg 600w, https:\/\/meterny.com\/wp-content\/uploads\/2024\/03\/1-40-100x100.jpg 100w\" sizes=\"auto, (max-width: 1024px) 100vw, 1024px\" \/><\/p>\n<\/div>\n<div class=\"elementor-element elementor-element-1f676da elementor-widget elementor-widget-heading\" data-id=\"1f676da\" data-element_type=\"widget\" data-widget_type=\"heading.default\">\n<ul>\n<li>Wpc Composite Decking Outdoor Wpc 3D Embossed Wood Grain Outdoor Wpc Decking Panels Wpc Flooring<\/li>\n<\/ul>\n<p id=\"\"><strong>\u3010Nombre del producto\u3011<\/strong><br \/>\nWPC Decking Panels &amp; WPC Flooring<\/p>\n<p id=\"\"><strong>\u3010Descripci\u00f3n general del producto\u3011<\/strong><\/p>\n<p id=\"\">Bienvenido a nuestra colecci\u00f3n de paneles y suelos de WPC (Wood Plastic Composite). Nuestros paneles y suelos de WPC combinan la belleza de la madera natural con la durabilidad del pl\u00e1stico, aportando una comodidad y un estilo incomparables a sus espacios interiores y exteriores. Fabricados con t\u00e9cnicas de producci\u00f3n avanzadas y materiales ecol\u00f3gicos, nuestros productos est\u00e1n dise\u00f1ados para crear un entorno de vida est\u00e9ticamente agradable y funcional para usted.<\/p>\n<p id=\"\"><strong>\u3010Caracter\u00edsticas del producto\u3011<\/strong><\/p>\n<ol>\n<li>\n<p id=\"\"><strong>Grano de madera natural<\/strong>: Nuestros paneles y suelos de WPC cuentan con una tecnolog\u00eda de impresi\u00f3n de alta definici\u00f3n que reproduce a la perfecci\u00f3n las delicadas texturas de la madera natural, a\u00f1adiendo un toque de naturaleza a su espacio.<\/p>\n<\/li>\n<li>\n<p id=\"\"><strong>Super Durabilidad<\/strong>: Fabricados con fibras de madera de alta calidad y polietileno de alta densidad, nuestros productos ofrecen una excelente resistencia al desgaste, a la intemperie y al agua, soportando diversas condiciones clim\u00e1ticas adversas y el desgaste diario.<\/p>\n<\/li>\n<li>\n<p id=\"\"><strong>Ecol\u00f3gico y saludable<\/strong>: Estamos comprometidos con la producci\u00f3n ecol\u00f3gica, con todos los materiales que cumplen con las normas ambientales, no t\u00f3xicos e inofensivos, creando un ambiente de vida saludable y seguro para usted y su familia.<\/p>\n<\/li>\n<li>\n<p id=\"\"><strong>F\u00e1cil instalaci\u00f3n<\/strong>: Con innovadores dise\u00f1os de cierre, nuestros productos pueden instalarse f\u00e1cilmente sin cola ni clavos, ahorrando tiempo y costes.<\/p>\n<\/li>\n<li>\n<p id=\"\"><strong>Mantenimiento sencillo<\/strong>: La limpieza diaria s\u00f3lo requiere pasar un pa\u00f1o h\u00famedo, sin necesidad de cuidados especiales, lo que le har\u00e1 la vida m\u00e1s f\u00e1cil y c\u00f3moda.<\/p>\n<\/li>\n<li>\n<p id=\"\"><strong>Opciones diversas<\/strong>: Ofrecemos una variedad de colores, texturas y tama\u00f1os para adaptarse a diferentes estilos y necesidades, personalizando su espacio.<\/p>\n<\/li>\n<\/ol>\n<p id=\"\"><strong>\u3010Escenarios de aplicaci\u00f3n\u3011<\/strong><\/p>\n<ul>\n<li>\n<p id=\"\"><strong>Tarimas de exterior<\/strong>: Nuestros paneles de terraza WPC son ideales para relajarse al aire libre, proporcionando una plataforma c\u00f3moda y hermosa para barbacoas, reuniones o el ocio diario.<\/p>\n<\/li>\n<li>\n<p id=\"\"><strong>Suelos de interior<\/strong>: Los suelos de WPC no s\u00f3lo son bonitos y duraderos, sino tambi\u00e9n f\u00e1ciles de limpiar, por lo que son perfectos para hogares, oficinas, tiendas y otros espacios interiores.<\/p>\n<\/li>\n<li>\n<p id=\"\"><strong>Patios y balcones<\/strong>: A\u00f1ada un toque de naturaleza y calidez a su patio o balc\u00f3n y disfrute de la belleza de la vida al aire libre.<\/p>\n<\/li>\n<\/ul>\n<p id=\"\"><strong>\u3010Especificaciones t\u00e9cnicas\u3011<\/strong><\/p>\n<ul>\n<li><strong>Material<\/strong>: Fibras de madera + Polietileno de alta densidad<\/li>\n<li><strong>Talla<\/strong>: M\u00faltiples tallas disponibles (consulte con el servicio de atenci\u00f3n al cliente para obtener informaci\u00f3n detallada)<\/li>\n<li><strong>Color<\/strong>: Varios colores de grano de madera natural disponibles<\/li>\n<li><strong>Peso<\/strong>: Depende del tama\u00f1o espec\u00edfico<\/li>\n<li><strong>M\u00e9todo de instalaci\u00f3n<\/strong>: Instalaci\u00f3n de bloqueo<\/li>\n<\/ul>\n<p id=\"\"><strong>\u3010Gu\u00eda de compra\u3011<\/strong><\/p>\n<ul>\n<li><strong>Consultar al Servicio de Atenci\u00f3n al Cliente<\/strong>: Para cualquier pregunta o servicio personalizado, no dude en ponerse en contacto con nuestro equipo de atenci\u00f3n al cliente.<\/li>\n<li><strong>Realizar pedido<\/strong>: Seleccione su estilo y talla preferidos, a\u00f1ada a la cesta y complete el pago.<\/li>\n<li><strong>Log\u00edstica y entrega<\/strong>: Ofrecemos servicios de log\u00edstica y entrega r\u00e1pidos y seguros para garantizar que los productos lleguen a tiempo.<\/li>\n<\/ul>\n<h3><strong>Color y superficie<\/strong><\/h3>\n<p>Nuestro suelo METE140H25 presenta una elegante superficie de grano recto, que a\u00f1ade una textura sofisticada a cualquier zona.<\/p>\n<p>Con colores, dimensiones y formas personalizables, estos paneles ofrecen una flexibilidad excepcional, permiti\u00e9ndole dar rienda suelta a su creatividad en proyectos de dise\u00f1o de interiores y exteriores.<\/p>\n<p>La tecnolog\u00eda de ecoextrusi\u00f3n garantiza que cada panel no s\u00f3lo tenga un aspecto magn\u00edfico, sino que tambi\u00e9n contribuya a un entorno vital sostenible.<\/p>\n<\/div>\n<h3>Si desea conocer m\u00e1s detalles, haga clic en este enlace de youtube:<a href=\"https:\/\/youtu.be\/J9f8X8wStE4\" target=\"_blank\" rel=\"noopener\">https:\/\/youtu.be\/J9f8X8wStE4<\/a><\/h3>\n<p>&nbsp;<\/p>\n<div class=\"elementor-element elementor-element-1f676da elementor-widget elementor-widget-heading\" data-id=\"1f676da\" data-element_type=\"widget\" data-widget_type=\"heading.default\">\n<h3>Galer\u00eda<\/h3>\n<figure id=\"attachment_17399\" aria-describedby=\"caption-attachment-17399\" style=\"width: 1024px\" class=\"wp-caption alignnone\"><img loading=\"lazy\" decoding=\"async\" class=\"wp-image-17399\" src=\"https:\/\/meterny.com\/wp-content\/uploads\/2024\/03\/13-3.png\" alt=\"Suelos de WPC de drenaje r\u00e1pido para zonas lluviosas\" width=\"1024\" height=\"1024\" srcset=\"https:\/\/meterny.com\/wp-content\/uploads\/2024\/03\/13-3.png 800w, https:\/\/meterny.com\/wp-content\/uploads\/2024\/03\/13-3-300x300.png 300w, https:\/\/meterny.com\/wp-content\/uploads\/2024\/03\/13-3-150x150.png 150w, https:\/\/meterny.com\/wp-content\/uploads\/2024\/03\/13-3-768x768.png 768w, https:\/\/meterny.com\/wp-content\/uploads\/2024\/03\/13-3-600x600.png 600w, https:\/\/meterny.com\/wp-content\/uploads\/2024\/03\/13-3-100x100.png 100w\" sizes=\"auto, (max-width: 1024px) 100vw, 1024px\" \/><figcaption id=\"caption-attachment-17399\" class=\"wp-caption-text\">Suelos de WPC de drenaje r\u00e1pido: La soluci\u00f3n perfecta para regiones lluviosas<\/figcaption><\/figure>\n<figure id=\"attachment_17396\" aria-describedby=\"caption-attachment-17396\" style=\"width: 1024px\" class=\"wp-caption alignnone\"><img loading=\"lazy\" decoding=\"async\" class=\"wp-image-17396\" src=\"https:\/\/meterny.com\/wp-content\/uploads\/2024\/03\/3-1.png\" alt=\"Suelos antideslizantes de WPC para caminos de jard\u00edn\" width=\"1024\" height=\"1024\" srcset=\"https:\/\/meterny.com\/wp-content\/uploads\/2024\/03\/3-1.png 1079w, https:\/\/meterny.com\/wp-content\/uploads\/2024\/03\/3-1-300x300.png 300w, https:\/\/meterny.com\/wp-content\/uploads\/2024\/03\/3-1-1024x1024.png 1024w, https:\/\/meterny.com\/wp-content\/uploads\/2024\/03\/3-1-150x150.png 150w, https:\/\/meterny.com\/wp-content\/uploads\/2024\/03\/3-1-768x768.png 768w, https:\/\/meterny.com\/wp-content\/uploads\/2024\/03\/3-1-600x600.png 600w, https:\/\/meterny.com\/wp-content\/uploads\/2024\/03\/3-1-100x100.png 100w\" sizes=\"auto, (max-width: 1024px) 100vw, 1024px\" \/><figcaption id=\"caption-attachment-17396\" class=\"wp-caption-text\">Suelos Antideslizantes WPC: Caminos de jard\u00edn seguros y elegantes<\/figcaption><\/figure>\n<p><img loading=\"lazy\" decoding=\"async\" class=\"alignnone wp-image-17395\" src=\"https:\/\/meterny.com\/wp-content\/uploads\/2024\/03\/3-6-rotated.jpg\" alt=\"\" width=\"1024\" height=\"1024\" srcset=\"https:\/\/meterny.com\/wp-content\/uploads\/2024\/03\/3-6-rotated.jpg 800w, https:\/\/meterny.com\/wp-content\/uploads\/2024\/03\/3-6-300x300.jpg 300w, https:\/\/meterny.com\/wp-content\/uploads\/2024\/03\/3-6-150x150.jpg 150w, https:\/\/meterny.com\/wp-content\/uploads\/2024\/03\/3-6-768x768.jpg 768w, https:\/\/meterny.com\/wp-content\/uploads\/2024\/03\/3-6-600x600.jpg 600w, https:\/\/meterny.com\/wp-content\/uploads\/2024\/03\/3-6-100x100.jpg 100w\" sizes=\"auto, (max-width: 1024px) 100vw, 1024px\" \/><\/p>\n<h3>Colores Opciones<\/h3>\n<p>Carta de colores de suelos de WPC de la serie Meterny METE<\/p>\n<figure id=\"attachment_20293\" aria-describedby=\"caption-attachment-20293\" style=\"width: 1024px\" class=\"wp-caption alignnone\"><img loading=\"lazy\" decoding=\"async\" class=\"wp-image-20293\" src=\"https:\/\/meterny.com\/wp-content\/uploads\/2024\/10\/METE-Series-Colour-151.png\" alt=\"Opciones de color de la valla de WPC Meterny\" width=\"1024\" height=\"1024\" srcset=\"https:\/\/meterny.com\/wp-content\/uploads\/2024\/10\/METE-Series-Colour-151.png 900w, https:\/\/meterny.com\/wp-content\/uploads\/2024\/10\/METE-Series-Colour-151-300x300.png 300w, https:\/\/meterny.com\/wp-content\/uploads\/2024\/10\/METE-Series-Colour-151-150x150.png 150w, https:\/\/meterny.com\/wp-content\/uploads\/2024\/10\/METE-Series-Colour-151-768x768.png 768w, https:\/\/meterny.com\/wp-content\/uploads\/2024\/10\/METE-Series-Colour-151-600x600.png 600w, https:\/\/meterny.com\/wp-content\/uploads\/2024\/10\/METE-Series-Colour-151-100x100.png 100w\" sizes=\"auto, (max-width: 1024px) 100vw, 1024px\" \/><figcaption id=\"caption-attachment-20293\" class=\"wp-caption-text\">Explore el suelo de WPC Meterny - Nueve impresionantes opciones de color para cada estilo<\/figcaption><\/figure>\n<h3><strong>\u00bfPor qu\u00e9 elegir paneles y suelos de WPC?<\/strong><\/h3>\n<p id=\"\">La elecci\u00f3n de paneles y suelos de WPC (Wood Plastic Composite) ofrece multitud de ventajas que lo convierten en la opci\u00f3n ideal tanto para aplicaciones residenciales como comerciales. He aqu\u00ed varias razones de peso para optar por los suelos y tarimas de WPC:<\/p>\n<ol>\n<li><strong>Durabilidad y longevidad<\/strong>:\n<ul>\n<li>El WPC combina la resistencia y estabilidad del pl\u00e1stico con la est\u00e9tica natural de la madera, lo que da como resultado un producto muy resistente al desgaste y a las inclemencias del tiempo.<\/li>\n<li>Es menos propenso a la putrefacci\u00f3n, la deformaci\u00f3n y la decoloraci\u00f3n que las tarimas y suelos de madera tradicionales, lo que garantiza una vida \u00fatil m\u00e1s larga.<\/li>\n<\/ul>\n<\/li>\n<li><strong>Bajo mantenimiento<\/strong>:\n<ul>\n<li>A diferencia de la madera tradicional, las tarimas y suelos de WPC requieren un mantenimiento m\u00ednimo. Son f\u00e1ciles de limpiar y no es necesario sellarlos, te\u00f1irlos ni pintarlos con regularidad.<\/li>\n<li>Basta con lavarlos con una manguera o pasarles un pa\u00f1o h\u00famedo para mantener su aspecto.<\/li>\n<\/ul>\n<\/li>\n<li><strong>Ecol\u00f3gico<\/strong>:\n<ul>\n<li>Los productos de WPC se fabrican a partir de pl\u00e1stico reciclado y residuos de madera, lo que reduce el impacto ambiental y fomenta la sostenibilidad.<\/li>\n<li>Ofrecen una alternativa ecol\u00f3gica a los materiales tradicionales de tarimas y suelos que pueden implicar deforestaci\u00f3n.<\/li>\n<\/ul>\n<\/li>\n<li><strong>Versatilidad y est\u00e9tica<\/strong>:\n<ul>\n<li>Las tarimas y suelos de WPC est\u00e1n disponibles en una amplia gama de colores, texturas y estilos, lo que le permite crear un espacio exterior o interior \u00fanico y personalizado.<\/li>\n<li>Imitan el aspecto de la madera aut\u00e9ntica, pero con mayores ventajas de durabilidad y rendimiento.<\/li>\n<\/ul>\n<\/li>\n<li><strong>Rentable<\/strong>:\n<ul>\n<li>Aunque la inversi\u00f3n inicial en tarimas y suelos de WPC puede ser similar o ligeramente superior a la de algunos materiales tradicionales, su durabilidad a largo plazo y sus reducidos requisitos de mantenimiento pueden suponer un importante ahorro de costes con el paso del tiempo.<\/li>\n<\/ul>\n<\/li>\n<li><strong>F\u00e1cil instalaci\u00f3n<\/strong>:\n<ul>\n<li>Muchos productos de tarimas y suelos de WPC incorporan innovadores sistemas de cierre que simplifican la instalaci\u00f3n, eliminando la necesidad de clavos o tornillos.<\/li>\n<li>Esto puede reducir los costes de mano de obra y el tiempo de instalaci\u00f3n, lo que la convierte en una opci\u00f3n m\u00e1s c\u00f3moda.<\/li>\n<\/ul>\n<\/li>\n<li><strong>Resistencia a la intemperie<\/strong>:\n<ul>\n<li>Las tarimas y suelos de WPC est\u00e1n dise\u00f1ados para soportar condiciones clim\u00e1ticas extremas, como altas temperaturas, lluvia, nieve y rayos UV.<\/li>\n<li>Mantienen su integridad estructural y su aspecto, incluso en entornos exteriores adversos.<\/li>\n<\/ul>\n<\/li>\n<li><strong>Mayor seguridad<\/strong>:\n<ul>\n<li>Las propiedades antideslizantes de las tarimas y suelos de WPC los convierten en opciones m\u00e1s seguras, sobre todo en condiciones h\u00famedas.<\/li>\n<li>Reducen el riesgo de accidentes y lesiones, proporcionando un espacio exterior o interior m\u00e1s seguro.<\/li>\n<\/ul>\n<\/li>\n<\/ol>\n<p id=\"\">En resumen, los paneles y suelos de WPC ofrecen una combinaci\u00f3n de durabilidad, est\u00e9tica, bajo mantenimiento, respeto por el medio ambiente y rentabilidad que los convierte en una opci\u00f3n superior para los hogares modernos y las propiedades comerciales. Tanto si desea mejorar su espacio exterior como actualizar sus suelos interiores, las tarimas y suelos de WPC ofrecen una soluci\u00f3n vers\u00e1til y fiable.<\/p>\n<\/div>","protected":false},"excerpt":{"rendered":"<p>\u00a0Wpc Decking Panels Wpc Flooring Especificaci\u00f3n Wpc Decking Panels Wpc Flooring METE140H25 Wpc Decking Panels Wpc Flooring : Eleve su [...]<\/p>","protected":false},"featured_media":17393,"comment_status":"open","ping_status":"closed","template":"","meta":{"_uag_custom_page_level_css":"","site-sidebar-layout":"default","site-content-layout":"","ast-site-content-layout":"default","site-content-style":"default","site-sidebar-style":"default","ast-global-header-display":"","ast-banner-title-visibility":"","ast-main-header-display":"","ast-hfb-above-header-display":"","ast-hfb-below-header-display":"","ast-hfb-mobile-header-display":"","site-post-title":"","ast-breadcrumbs-content":"","ast-featured-img":"","footer-sml-layout":"","theme-transparent-header-meta":"default","adv-header-id-meta":"","stick-header-meta":"default","header-above-stick-meta":"","header-main-stick-meta":"","header-below-stick-meta":"","astra-migrate-meta-layouts":"set","ast-page-background-enabled":"default","ast-page-background-meta":{"desktop":{"background-color":"var(--ast-global-color-4)","background-image":"","background-repeat":"repeat","background-position":"center center","background-size":"auto","background-attachment":"scroll","background-type":"","background-media":"","overlay-type":"","overlay-color":"","overlay-opacity":"","overlay-gradient":""},"tablet":{"background-color":"","background-image":"","background-repeat":"repeat","background-position":"center center","background-size":"auto","background-attachment":"scroll","background-type":"","background-media":"","overlay-type":"","overlay-color":"","overlay-opacity":"","overlay-gradient":""},"mobile":{"background-color":"","background-image":"","background-repeat":"repeat","background-position":"center center","background-size":"auto","background-attachment":"scroll","background-type":"","background-media":"","overlay-type":"","overlay-color":"","overlay-opacity":"","overlay-gradient":""}},"ast-content-background-meta":{"desktop":{"background-color":"var(--ast-global-color-5)","background-image":"","background-repeat":"repeat","background-position":"center center","background-size":"auto","background-attachment":"scroll","background-type":"","background-media":"","overlay-type":"","overlay-color":"","overlay-opacity":"","overlay-gradient":""},"tablet":{"background-color":"var(--ast-global-color-5)","background-image":"","background-repeat":"repeat","background-position":"center center","background-size":"auto","background-attachment":"scroll","background-type":"","background-media":"","overlay-type":"","overlay-color":"","overlay-opacity":"","overlay-gradient":""},"mobile":{"background-color":"var(--ast-global-color-5)","background-image":"","background-repeat":"repeat","background-position":"center center","background-size":"auto","background-attachment":"scroll","background-type":"","background-media":"","overlay-type":"","overlay-color":"","overlay-opacity":"","overlay-gradient":""}}},"product_brand":[],"product_cat":[18],"product_tag":[182,181],"class_list":{"0":"post-17410","1":"product","2":"type-product","3":"status-publish","4":"has-post-thumbnail","6":"product_cat-uncategorized","7":"product_tag-wpc-decking","8":"product_tag-wpc-flooring","9":"desktop-align-center","10":"tablet-align-left","11":"mobile-align-left","12":"ast-product-gallery-layout-horizontal-slider","13":"ast-product-tabs-layout-vertical","15":"first","16":"instock","17":"featured","18":"shipping-taxable","19":"product-type-simple"},"uagb_featured_image_src":{"full":["https:\/\/meterny.com\/wp-content\/uploads\/2024\/03\/1-40.jpg",800,800,false],"thumbnail":["https:\/\/meterny.com\/wp-content\/uploads\/2024\/03\/1-40-150x150.jpg",150,150,true],"medium":["https:\/\/meterny.com\/wp-content\/uploads\/2024\/03\/1-40-300x300.jpg",300,300,true],"medium_large":["https:\/\/meterny.com\/wp-content\/uploads\/2024\/03\/1-40-768x768.jpg",768,768,true],"large":["https:\/\/meterny.com\/wp-content\/uploads\/2024\/03\/1-40.jpg",800,800,false],"1536x1536":["https:\/\/meterny.com\/wp-content\/uploads\/2024\/03\/1-40.jpg",800,800,false],"2048x2048":["https:\/\/meterny.com\/wp-content\/uploads\/2024\/03\/1-40.jpg",800,800,false],"trp-custom-language-flag":["https:\/\/meterny.com\/wp-content\/uploads\/2024\/03\/1-40.jpg",12,12,false],"woocommerce_thumbnail":["https:\/\/meterny.com\/wp-content\/uploads\/2024\/03\/1-40-300x300.jpg",300,300,true],"woocommerce_single":["https:\/\/meterny.com\/wp-content\/uploads\/2024\/03\/1-40-600x600.jpg",600,600,true],"woocommerce_gallery_thumbnail":["https:\/\/meterny.com\/wp-content\/uploads\/2024\/03\/1-40-100x100.jpg",100,100,true]},"uagb_author_info":{"display_name":"meterny","author_link":"https:\/\/meterny.com\/es\/author\/"},"uagb_comment_info":0,"uagb_excerpt":"\u00a0Wpc Decking Panels Wpc Flooring Specification Wpc Decking Panels Wpc Flooring METE140H25\u00a0 Wpc Decking Panels Wpc Flooring : Elevate Your [&hellip;]","_links":{"self":[{"href":"https:\/\/meterny.com\/es\/wp-json\/wp\/v2\/product\/17410","targetHints":{"allow":["GET"]}}],"collection":[{"href":"https:\/\/meterny.com\/es\/wp-json\/wp\/v2\/product"}],"about":[{"href":"https:\/\/meterny.com\/es\/wp-json\/wp\/v2\/types\/product"}],"replies":[{"embeddable":true,"href":"https:\/\/meterny.com\/es\/wp-json\/wp\/v2\/comments?post=17410"}],"wp:featuredmedia":[{"embeddable":true,"href":"https:\/\/meterny.com\/es\/wp-json\/wp\/v2\/media\/17393"}],"wp:attachment":[{"href":"https:\/\/meterny.com\/es\/wp-json\/wp\/v2\/media?parent=17410"}],"wp:term":[{"taxonomy":"product_brand","embeddable":true,"href":"https:\/\/meterny.com\/es\/wp-json\/wp\/v2\/product_brand?post=17410"},{"taxonomy":"product_cat","embeddable":true,"href":"https:\/\/meterny.com\/es\/wp-json\/wp\/v2\/product_cat?post=17410"},{"taxonomy":"product_tag","embeddable":true,"href":"https:\/\/meterny.com\/es\/wp-json\/wp\/v2\/product_tag?post=17410"}],"curies":[{"name":"wp","href":"https:\/\/api.w.org\/{rel}","templated":true}]}}