{"id":17411,"date":"2024-10-08T14:02:53","date_gmt":"2024-10-08T14:02:53","guid":{"rendered":"https:\/\/meterny.com\/?post_type=product&#038;p=17411"},"modified":"2025-01-18T09:29:13","modified_gmt":"2025-01-18T09:29:13","slug":"wood-grain-wpc-flooring-panels","status":"publish","type":"product","link":"https:\/\/meterny.com\/es\/producto\/wood-grain-wpc-flooring-panels\/","title":{"rendered":"Balc\u00f3n de madera compuesto de pl\u00e1stico WPC Flooring Grano de madera WPC Flooring Panels WPC Composite Decking"},"content":{"rendered":"<div class=\"elementor-element elementor-element-c0e1d42 elementor-widget elementor-widget-heading\" data-id=\"c0e1d42\" data-element_type=\"widget\" data-widget_type=\"heading.default\">\n<div class=\"elementor-widget-container\">\n<h2 class=\"elementor-heading-title elementor-size-default\" style=\"text-align: center;\">Balc\u00f3n Suelos de compuesto de madera pl\u00e1stica WPC<\/h2>\n<\/div>\n<\/div>\n<div class=\"elementor-element elementor-element-1f676da elementor-widget elementor-widget-heading\" data-id=\"1f676da\" data-element_type=\"widget\" data-widget_type=\"heading.default\">\n<h2 class=\"elementor-widget-container\" style=\"text-align: center;\">Especificaci\u00f3n<\/h2>\n<p>METE140H25 WPC Paneles de suelo de WPC de grano de madera: Eleve sus espacios con elegancia moderna<\/p>\n<h3><strong>T\u00edtulo del producto<\/strong><\/h3>\n<p id=\"\">Paneles de suelo de WPC con veteado de madera - Creaci\u00f3n de espacios de vida naturales y confortables<\/p>\n<div class=\"elementor-element elementor-element-1f676da elementor-widget elementor-widget-heading\" data-id=\"1f676da\" data-element_type=\"widget\" data-widget_type=\"heading.default\">\n<p><strong>Modelo<\/strong>: METE140H25<br \/>\n<strong>Tipo<\/strong>: WPC Decking\/Piso<br \/>\n<strong>Talla<\/strong>: 140\u00d725mm<\/p>\n<p><strong>Superficie<\/strong>: Granos rectos<br \/>\n<strong>Longitud<\/strong>2,9 m o personalizado<br \/>\n<strong>Material<\/strong>: Compuesto de madera y pl\u00e1stico<br \/>\n<strong>Tecnolog\u00eda del producto<\/strong>: Eco-extrusi\u00f3n<\/p>\n<\/div>\n<div class=\"elementor-element elementor-element-1f676da elementor-widget elementor-widget-heading\" data-id=\"1f676da\" data-element_type=\"widget\" data-widget_type=\"heading.default\">\n<p><img loading=\"lazy\" decoding=\"async\" class=\"alignnone wp-image-17392\" src=\"https:\/\/meterny.com\/wp-content\/uploads\/2024\/03\/1-3.jpg\" alt=\"Paneles de suelo de wpc con veteado de madera\" width=\"1024\" height=\"1024\" srcset=\"https:\/\/meterny.com\/wp-content\/uploads\/2024\/03\/1-3.jpg 800w, https:\/\/meterny.com\/wp-content\/uploads\/2024\/03\/1-3-300x300.jpg 300w, https:\/\/meterny.com\/wp-content\/uploads\/2024\/03\/1-3-150x150.jpg 150w, https:\/\/meterny.com\/wp-content\/uploads\/2024\/03\/1-3-768x768.jpg 768w, https:\/\/meterny.com\/wp-content\/uploads\/2024\/03\/1-3-600x600.jpg 600w, https:\/\/meterny.com\/wp-content\/uploads\/2024\/03\/1-3-100x100.jpg 100w\" sizes=\"auto, (max-width: 1024px) 100vw, 1024px\" \/><\/p>\n<\/div>\n<ol>\n<li><strong>Imagen principal del producto<\/strong>\u00a0- Mostrando el efecto est\u00e9tico general de los suelos de WPC con vetas de madera.<\/li>\n<li><strong>Imagen detallada de la textura<\/strong>\u00a0- Resaltando la textura veteada de la madera del suelo, mostrando su belleza natural.<\/li>\n<li><strong>Imagen de ejemplo de instalaci\u00f3n<\/strong>\u00a0- Demostrar el efecto de aplicaci\u00f3n pr\u00e1ctica del pavimento en un entorno dom\u00e9stico.<\/li>\n<li><strong>Certificaci\u00f3n medioambiental Imagen<\/strong>\u00a0- Mostrar las marcas de certificaci\u00f3n medioambiental del producto para aumentar la confianza del consumidor.<\/li>\n<\/ol>\n<h3><strong>Descripci\u00f3n del producto<\/strong><\/h3>\n<h4><strong>I. Descripci\u00f3n general del producto<\/strong><\/h4>\n<p id=\"\">Los paneles de suelo de WPC con veteado de madera son un nuevo tipo de material para suelos que combina belleza, durabilidad y respeto por el medio ambiente. Utilizando la avanzada tecnolog\u00eda WPC (Wood Plastic Composite), las fibras de madera natural se combinan a la perfecci\u00f3n con resinas polim\u00e9ricas, conservando la textura natural y el c\u00e1lido tacto de la madera y superando al mismo tiempo las deficiencias de la madera tradicional, como la susceptibilidad a la humedad y la deformaci\u00f3n.<\/p>\n<h4><strong>II. Caracter\u00edsticas del producto<\/strong><\/h4>\n<ol>\n<li><strong>Grano de madera natural<\/strong>\u00a0- Gracias a la tecnolog\u00eda de impresi\u00f3n de alta definici\u00f3n, las texturas y los colores de la madera aut\u00e9ntica se reproducen a la perfecci\u00f3n en el suelo, llenando su espacio vital de una atm\u00f3sfera natural.<\/li>\n<li><strong>Impermeable y resistente a la humedad<\/strong>\u00a0- El material WPC tiene un excelente comportamiento impermeable, manteniendo la sequedad y estabilidad del suelo incluso en ambientes h\u00famedos.<\/li>\n<li><strong>Resistente al desgaste y duradero<\/strong>\u00a0- La adici\u00f3n de resinas polim\u00e9ricas hace que el suelo sea m\u00e1s resistente al desgaste y a los impactos, manteniendo su brillo y novedad incluso tras un uso prolongado.<\/li>\n<li><strong>Respetuoso con el medio ambiente y saludable<\/strong>\u00a0- Fabricado con materiales ecol\u00f3gicos, no es t\u00f3xico, es inocuo y no emite formaldeh\u00eddo, por lo que protege su salud y la de su familia.<\/li>\n<li><strong>F\u00e1cil instalaci\u00f3n<\/strong>\u00a0- Con un dise\u00f1o de bloqueo, no requiere pegamento ni clavos, por lo que su instalaci\u00f3n es sencilla y r\u00e1pida, lo que supone un importante ahorro de tiempo y costes de instalaci\u00f3n.<\/li>\n<\/ol>\n<h4><strong>III. Escenarios de aplicaci\u00f3n<\/strong><\/h4>\n<p id=\"\">Los paneles de suelo de WPC con veteado de madera son adecuados para diversos escenarios dom\u00e9sticos, como dormitorios, salones, comedores y salas de estudio. Su veteado de madera natural y su tacto confortable pueden a\u00f1adir una sensaci\u00f3n de calidez y tranquilidad a su espacio vital.<\/p>\n<h4><strong>IV. Especificaciones del producto<\/strong><\/h4>\n<ul>\n<li><strong>Material<\/strong>: WPC (compuesto de madera y pl\u00e1stico)<\/li>\n<li><strong>Espesor<\/strong>: 23\/25 \/28mm<\/li>\n<li><strong>Anchura<\/strong>:  119\/201\/210mm<\/li>\n<li><strong>Longitud<\/strong>:135\/ 217\/227mm<\/li>\n<li><strong>Colores<\/strong>: M\u00faltiples colores de grano de madera disponibles (por ejemplo, roble, nogal, arce, etc.)<\/li>\n<li><strong>M\u00e9todo de instalaci\u00f3n<\/strong>: Instalaci\u00f3n de bloqueo<\/li>\n<\/ul>\n<h4><strong>V. Mantenimiento y limpieza<\/strong><\/h4>\n<ul>\n<li>Limpieza diaria: Utilice una fregona seca o ligeramente h\u00fameda para limpiar.<\/li>\n<li>Evite arrastrar objetos pesados: Evite rayar la superficie del suelo con objetos punzantes.<\/li>\n<li>Mantener seco: Intente evitar el remojo prolongado o el contacto con grandes cantidades de agua.<\/li>\n<\/ul>\n<\/div>\n<div class=\"elementor-element elementor-element-1f676da elementor-widget elementor-widget-heading\" data-id=\"1f676da\" data-element_type=\"widget\" data-widget_type=\"heading.default\">\n<h3><strong>Color y superficie<\/strong><\/h3>\n<p>Nuestro suelo METE140H25 presenta una elegante superficie de grano recto, que a\u00f1ade una textura sofisticada a cualquier zona.<\/p>\n<p>Con colores, dimensiones y formas personalizables, estos paneles ofrecen una flexibilidad excepcional, permiti\u00e9ndole dar rienda suelta a su creatividad en proyectos de dise\u00f1o de interiores y exteriores.<\/p>\n<p>La tecnolog\u00eda de ecoextrusi\u00f3n garantiza que cada panel no s\u00f3lo tenga un aspecto magn\u00edfico, sino que tambi\u00e9n contribuya a un entorno vital sostenible.<\/p>\n<h3>Si desea conocer m\u00e1s detalles, haga clic en este enlace de youtube:<a href=\"https:\/\/youtu.be\/XqR4zuwyGyE\" target=\"_blank\" rel=\"noopener\">https:\/\/youtu.be\/XqR4zuwyGyE<\/a><\/h3>\n<p>&nbsp;<\/p>\n<h3>Galer\u00eda<\/h3>\n<figure id=\"attachment_17414\" aria-describedby=\"caption-attachment-17414\" style=\"width: 1024px\" class=\"wp-caption alignnone\"><img loading=\"lazy\" decoding=\"async\" class=\"wp-image-17414\" src=\"https:\/\/meterny.com\/wp-content\/uploads\/2024\/10\/4.png\" alt=\"Suelos de WPC asequibles para interior y exterior\" width=\"1024\" height=\"923\" srcset=\"https:\/\/meterny.com\/wp-content\/uploads\/2024\/10\/4.png 498w, https:\/\/meterny.com\/wp-content\/uploads\/2024\/10\/4-300x270.png 300w\" sizes=\"auto, (max-width: 1024px) 100vw, 1024px\" \/><figcaption id=\"caption-attachment-17414\" class=\"wp-caption-text\">Suelos de WPC asequibles: La elecci\u00f3n perfecta para aplicaciones vers\u00e1tiles.<\/figcaption><\/figure>\n<figure id=\"attachment_17412\" aria-describedby=\"caption-attachment-17412\" style=\"width: 1024px\" class=\"wp-caption alignnone\"><img loading=\"lazy\" decoding=\"async\" class=\"wp-image-17412\" src=\"https:\/\/meterny.com\/wp-content\/uploads\/2024\/10\/1-1-1.jpg\" alt=\"Suelos de WPC resistentes a los ara\u00f1azos\" width=\"1024\" height=\"1024\" srcset=\"https:\/\/meterny.com\/wp-content\/uploads\/2024\/10\/1-1-1.jpg 800w, https:\/\/meterny.com\/wp-content\/uploads\/2024\/10\/1-1-1-300x300.jpg 300w, https:\/\/meterny.com\/wp-content\/uploads\/2024\/10\/1-1-1-150x150.jpg 150w, https:\/\/meterny.com\/wp-content\/uploads\/2024\/10\/1-1-1-768x768.jpg 768w, https:\/\/meterny.com\/wp-content\/uploads\/2024\/10\/1-1-1-600x600.jpg 600w, https:\/\/meterny.com\/wp-content\/uploads\/2024\/10\/1-1-1-100x100.jpg 100w\" sizes=\"auto, (max-width: 1024px) 100vw, 1024px\" \/><figcaption id=\"caption-attachment-17412\" class=\"wp-caption-text\">Perfecto para espacios ocupados - Suelos de WPC resistentes a los ara\u00f1azos<\/figcaption><\/figure>\n<figure id=\"attachment_17413\" aria-describedby=\"caption-attachment-17413\" style=\"width: 1024px\" class=\"wp-caption alignnone\"><img loading=\"lazy\" decoding=\"async\" class=\"wp-image-17413\" src=\"https:\/\/meterny.com\/wp-content\/uploads\/2024\/10\/1-9.jpg\" alt=\"Suelos de WPC impermeables para cubiertas exteriores\" width=\"1024\" height=\"1024\" srcset=\"https:\/\/meterny.com\/wp-content\/uploads\/2024\/10\/1-9.jpg 464w, https:\/\/meterny.com\/wp-content\/uploads\/2024\/10\/1-9-300x300.jpg 300w, https:\/\/meterny.com\/wp-content\/uploads\/2024\/10\/1-9-150x150.jpg 150w, https:\/\/meterny.com\/wp-content\/uploads\/2024\/10\/1-9-100x100.jpg 100w\" sizes=\"auto, (max-width: 1024px) 100vw, 1024px\" \/><figcaption id=\"caption-attachment-17413\" class=\"wp-caption-text\">Mejore su espacio exterior con suelos de WPC impermeables y duraderos<\/figcaption><\/figure>\n<h3>opciones de colores<\/h3>\n<p>Carta de colores de suelos de WPC de la serie Meterny METE<\/p>\n<p>&nbsp;<\/p>\n<figure id=\"attachment_20293\" aria-describedby=\"caption-attachment-20293\" style=\"width: 1024px\" class=\"wp-caption alignnone\"><img loading=\"lazy\" decoding=\"async\" class=\"wp-image-20293\" src=\"https:\/\/meterny.com\/wp-content\/uploads\/2024\/10\/METE-Series-Colour-151.png\" alt=\"Opciones de color de la valla de WPC Meterny\" width=\"1024\" height=\"1024\" srcset=\"https:\/\/meterny.com\/wp-content\/uploads\/2024\/10\/METE-Series-Colour-151.png 900w, https:\/\/meterny.com\/wp-content\/uploads\/2024\/10\/METE-Series-Colour-151-300x300.png 300w, https:\/\/meterny.com\/wp-content\/uploads\/2024\/10\/METE-Series-Colour-151-150x150.png 150w, https:\/\/meterny.com\/wp-content\/uploads\/2024\/10\/METE-Series-Colour-151-768x768.png 768w, https:\/\/meterny.com\/wp-content\/uploads\/2024\/10\/METE-Series-Colour-151-600x600.png 600w, https:\/\/meterny.com\/wp-content\/uploads\/2024\/10\/METE-Series-Colour-151-100x100.png 100w\" sizes=\"auto, (max-width: 1024px) 100vw, 1024px\" \/><figcaption id=\"caption-attachment-20293\" class=\"wp-caption-text\">Explore Suelos de WPC Meterny - Nueve impresionantes opciones de color para cada estilo<\/figcaption><\/figure>\n<h3><strong>\u00bfPor qu\u00e9 elegir paneles de suelo de WPC con veteado de madera?<\/strong><\/h3>\n<p id=\"\">Los paneles para suelos de WPC (Wood Plastic Composite) con veteado de madera ofrecen multitud de ventajas que los convierten en una excelente opci\u00f3n para soluciones de suelos modernos. He aqu\u00ed algunas razones de peso para optar por estos paneles:<\/p>\n<ol>\n<li>\n<p id=\"\"><strong>Est\u00e9tica natural<\/strong>: Los paneles de suelo de WPC con vetas de madera reproducen la belleza natural y la textura de la madera real, proporcionando un ambiente c\u00e1lido y acogedor en su espacio vital. La tecnolog\u00eda de impresi\u00f3n de alta definici\u00f3n garantiza que los patrones de grano de madera sean realistas y visualmente atractivos.<\/p>\n<\/li>\n<li>\n<p id=\"\"><strong>Durabilidad y longevidad<\/strong>: A diferencia de los suelos de madera tradicionales, los paneles de WPC est\u00e1n dise\u00f1ados para soportar los rigores del uso diario. Son resistentes a la humedad, los ara\u00f1azos y la decoloraci\u00f3n, lo que garantiza que mantengan su belleza y funcionalidad durante muchos a\u00f1os.<\/p>\n<\/li>\n<li>\n<p id=\"\"><strong>Impermeable y resistente a la humedad<\/strong>: Una de las caracter\u00edsticas m\u00e1s destacadas de los suelos de WPC es su impermeabilidad. Esto lo convierte en una opci\u00f3n ideal para zonas propensas a la humedad o a los derrames de agua, como ba\u00f1os, cocinas y lavander\u00edas.<\/p>\n<\/li>\n<li>\n<p id=\"\"><strong>F\u00e1cil instalaci\u00f3n y mantenimiento<\/strong>: Los paneles de suelo de WPC de grano de madera est\u00e1n dise\u00f1ados para una f\u00e1cil instalaci\u00f3n, a menudo con mecanismos de bloqueo que no requieren pegamento ni clavos. Esto simplifica el proceso de instalaci\u00f3n y reduce los costes de mano de obra. Adem\u00e1s, el mantenimiento es sencillo, basta con una limpieza regular para que el suelo mantenga su mejor aspecto.<\/p>\n<\/li>\n<li>\n<p id=\"\"><strong>Ecol\u00f3gico y sostenible<\/strong>: Fabricados a partir de una combinaci\u00f3n de fibras de madera y materiales pl\u00e1sticos reciclados, los suelos de WPC son una opci\u00f3n respetuosa con el medio ambiente. Reduce los residuos y promueve la sostenibilidad utilizando materiales reciclados y minimizando el impacto sobre los recursos naturales.<\/p>\n<\/li>\n<li>\n<p id=\"\"><strong>Rentable<\/strong>: Aunque la inversi\u00f3n inicial en paneles de suelo de WPC de grano de madera puede ser comparable o ligeramente superior a algunas opciones de suelo tradicionales, su durabilidad y bajos requisitos de mantenimiento pueden suponer un ahorro de costes a largo plazo.<\/p>\n<\/li>\n<li>\n<p id=\"\"><strong>Versatilidad y personalizaci\u00f3n<\/strong>: Los suelos de WPC est\u00e1n disponibles en una gran variedad de colores, estilos y tama\u00f1os, lo que le permite crear un aspecto personalizado que se adapte a sus preferencias de dise\u00f1o interior. Tanto si prefiere el aspecto cl\u00e1sico del roble como el encanto contempor\u00e1neo del bamb\u00fa, encontrar\u00e1 una opci\u00f3n de suelo de WPC que se adapte a su estilo.<\/p>\n<\/li>\n<\/ol>\n<p id=\"\">En resumen, los paneles para suelos de WPC con veteado de madera ofrecen una combinaci\u00f3n de belleza natural, durabilidad, facilidad de instalaci\u00f3n y respeto por el medio ambiente que los convierte en una opci\u00f3n ideal para los hogares modernos. Su capacidad para soportar los rigores de la vida cotidiana, manteniendo un alto nivel de atractivo est\u00e9tico, los convierte en una sabia inversi\u00f3n en la comodidad y el valor de su hogar.<\/p>\n<\/div>","protected":false},"excerpt":{"rendered":"<p>Balc\u00f3n de madera compuesto de pl\u00e1stico WPC Pisos Especificaci\u00f3n METE140H25 WPC Grano de Madera WPC Pisos Paneles: Eleve sus espacios con elegancia moderna [...]<\/p>","protected":false},"featured_media":17392,"comment_status":"open","ping_status":"closed","template":"","meta":{"_uag_custom_page_level_css":"","site-sidebar-layout":"default","site-content-layout":"","ast-site-content-layout":"default","site-content-style":"default","site-sidebar-style":"default","ast-global-header-display":"","ast-banner-title-visibility":"","ast-main-header-display":"","ast-hfb-above-header-display":"","ast-hfb-below-header-display":"","ast-hfb-mobile-header-display":"","site-post-title":"","ast-breadcrumbs-content":"","ast-featured-img":"","footer-sml-layout":"","theme-transparent-header-meta":"default","adv-header-id-meta":"","stick-header-meta":"default","header-above-stick-meta":"","header-main-stick-meta":"","header-below-stick-meta":"","astra-migrate-meta-layouts":"set","ast-page-background-enabled":"default","ast-page-background-meta":{"desktop":{"background-color":"var(--ast-global-color-4)","background-image":"","background-repeat":"repeat","background-position":"center center","background-size":"auto","background-attachment":"scroll","background-type":"","background-media":"","overlay-type":"","overlay-color":"","overlay-opacity":"","overlay-gradient":""},"tablet":{"background-color":"","background-image":"","background-repeat":"repeat","background-position":"center center","background-size":"auto","background-attachment":"scroll","background-type":"","background-media":"","overlay-type":"","overlay-color":"","overlay-opacity":"","overlay-gradient":""},"mobile":{"background-color":"","background-image":"","background-repeat":"repeat","background-position":"center center","background-size":"auto","background-attachment":"scroll","background-type":"","background-media":"","overlay-type":"","overlay-color":"","overlay-opacity":"","overlay-gradient":""}},"ast-content-background-meta":{"desktop":{"background-color":"var(--ast-global-color-5)","background-image":"","background-repeat":"repeat","background-position":"center center","background-size":"auto","background-attachment":"scroll","background-type":"","background-media":"","overlay-type":"","overlay-color":"","overlay-opacity":"","overlay-gradient":""},"tablet":{"background-color":"var(--ast-global-color-5)","background-image":"","background-repeat":"repeat","background-position":"center center","background-size":"auto","background-attachment":"scroll","background-type":"","background-media":"","overlay-type":"","overlay-color":"","overlay-opacity":"","overlay-gradient":""},"mobile":{"background-color":"var(--ast-global-color-5)","background-image":"","background-repeat":"repeat","background-position":"center center","background-size":"auto","background-attachment":"scroll","background-type":"","background-media":"","overlay-type":"","overlay-color":"","overlay-opacity":"","overlay-gradient":""}}},"product_brand":[],"product_cat":[18],"product_tag":[182,181],"class_list":{"0":"post-17411","1":"product","2":"type-product","3":"status-publish","4":"has-post-thumbnail","6":"product_cat-uncategorized","7":"product_tag-wpc-decking","8":"product_tag-wpc-flooring","9":"desktop-align-center","10":"tablet-align-left","11":"mobile-align-left","12":"ast-product-gallery-layout-horizontal-slider","13":"ast-product-tabs-layout-vertical","15":"first","16":"instock","17":"featured","18":"shipping-taxable","19":"product-type-simple"},"uagb_featured_image_src":{"full":["https:\/\/meterny.com\/wp-content\/uploads\/2024\/03\/1-3.jpg",800,800,false],"thumbnail":["https:\/\/meterny.com\/wp-content\/uploads\/2024\/03\/1-3-150x150.jpg",150,150,true],"medium":["https:\/\/meterny.com\/wp-content\/uploads\/2024\/03\/1-3-300x300.jpg",300,300,true],"medium_large":["https:\/\/meterny.com\/wp-content\/uploads\/2024\/03\/1-3-768x768.jpg",768,768,true],"large":["https:\/\/meterny.com\/wp-content\/uploads\/2024\/03\/1-3.jpg",800,800,false],"1536x1536":["https:\/\/meterny.com\/wp-content\/uploads\/2024\/03\/1-3.jpg",800,800,false],"2048x2048":["https:\/\/meterny.com\/wp-content\/uploads\/2024\/03\/1-3.jpg",800,800,false],"trp-custom-language-flag":["https:\/\/meterny.com\/wp-content\/uploads\/2024\/03\/1-3.jpg",12,12,false],"woocommerce_thumbnail":["https:\/\/meterny.com\/wp-content\/uploads\/2024\/03\/1-3-300x300.jpg",300,300,true],"woocommerce_single":["https:\/\/meterny.com\/wp-content\/uploads\/2024\/03\/1-3-600x600.jpg",600,600,true],"woocommerce_gallery_thumbnail":["https:\/\/meterny.com\/wp-content\/uploads\/2024\/03\/1-3-100x100.jpg",100,100,true]},"uagb_author_info":{"display_name":"meterny","author_link":"https:\/\/meterny.com\/es\/author\/"},"uagb_comment_info":0,"uagb_excerpt":"Balcony Wood Plastic Composite Wpc Flooring Specification METE140H25 WPC Wood Grain Wpc Flooring Panels: Elevate Your Spaces with Modern Elegance [&hellip;]","_links":{"self":[{"href":"https:\/\/meterny.com\/es\/wp-json\/wp\/v2\/product\/17411","targetHints":{"allow":["GET"]}}],"collection":[{"href":"https:\/\/meterny.com\/es\/wp-json\/wp\/v2\/product"}],"about":[{"href":"https:\/\/meterny.com\/es\/wp-json\/wp\/v2\/types\/product"}],"replies":[{"embeddable":true,"href":"https:\/\/meterny.com\/es\/wp-json\/wp\/v2\/comments?post=17411"}],"wp:featuredmedia":[{"embeddable":true,"href":"https:\/\/meterny.com\/es\/wp-json\/wp\/v2\/media\/17392"}],"wp:attachment":[{"href":"https:\/\/meterny.com\/es\/wp-json\/wp\/v2\/media?parent=17411"}],"wp:term":[{"taxonomy":"product_brand","embeddable":true,"href":"https:\/\/meterny.com\/es\/wp-json\/wp\/v2\/product_brand?post=17411"},{"taxonomy":"product_cat","embeddable":true,"href":"https:\/\/meterny.com\/es\/wp-json\/wp\/v2\/product_cat?post=17411"},{"taxonomy":"product_tag","embeddable":true,"href":"https:\/\/meterny.com\/es\/wp-json\/wp\/v2\/product_tag?post=17411"}],"curies":[{"name":"wp","href":"https:\/\/api.w.org\/{rel}","templated":true}]}}